{"id":18270,"date":"2025-07-29T00:28:26","date_gmt":"2025-07-28T22:28:26","guid":{"rendered":"https:\/\/formationdansetherapie.com\/product\/module-8-j1-developpement-personnel-danse\/"},"modified":"2025-07-29T00:43:39","modified_gmt":"2025-07-28T22:43:39","slug":"module-8-j1-developpement-personnel-danse","status":"publish","type":"product","link":"https:\/\/formationdansetherapie.com\/en\/product\/module-8-j1-developpement-personnel-danse\/","title":{"rendered":"Module 8-J1 : D\u00e9veloppement personnel &#038; danse"},"content":{"rendered":"<style type=\"text\/css\"><\/style><p>Explorez des th\u00e8mes cl\u00e9s du d\u00e9veloppement personnel, o\u00f9 se m\u00ealent mouvements et mots, cr\u00e9ativit\u00e9 et sacr\u00e9. \u00c0 travers ces pratiques, vous apprendrez \u00e0 exprimer vos \u00e9motions, \u00e0 honorer votre singularit\u00e9 et \u00e0 laisser \u00e9merger votre v\u00e9rit\u00e9 profonde. Dans un cadre s\u00e9curisant et th\u00e9rapeutique, chaque exp\u00e9rience devient une porte vers le d\u00e9ploiement de soi, transformant les d\u00e9fis en tremplins d\u2019\u00e9volution. Pr\u00e9parez-vous \u00e0 rencontrer votre \u00eatre int\u00e9rieur et \u00e0 danser avec lui.<\/p>\n<p><b>Objectifs:<\/b><\/p>\n<p>&#8211; Entrelacer danse et th\u00e9rapie, r\u00e9unir mouvement et verbalisation<br \/>\n&#8211; Explorer des chemins d\u2019\u00e9panouissement personnel avec diff\u00e9rents outils issus des ach\u00e9types ou du d\u00e9veloppement personnel<br \/>\n&#8211; \u00c9laborer de nouveaux exercices de danse inspir\u00e9s des quatre \u00e9l\u00e9ments, de oponopono, des gardiens de groupe<br \/>\n&#8211; S\u2019affiner dans l\u2019art-th\u00e9rapie pour une expression authentique \u00e0 travers le dessin et aussi l&rsquo;\u00e9criture<\/p>\n<p><b>Dates possibles:<\/b><\/p>\n<p><b>Date 1: <\/b>31-January-2025, <b>Horaire: <\/b>9h30-17h30<\/p>\n<p><b>Date 2: <\/b>30-January-2026, <b>Horaire: <\/b> 9h30-17h30<\/p>\n<p><b>Date 3: <\/b>11-December-2026, <b>Horaire: <\/b> 9h30-17h30<\/p>","protected":false},"excerpt":{"rendered":"<p>Explorez des th\u00e8mes cl\u00e9s du d\u00e9veloppement personnel, o\u00f9 se m\u00ealent mouvements et mots, cr\u00e9ativit\u00e9 et sacr\u00e9. \u00c0 travers ces pratiques, vous apprendrez \u00e0 exprimer vos \u00e9motions, \u00e0 honorer votre singularit\u00e9&#8230;<\/p>","protected":false},"featured_media":16597,"template":"","meta":{"_EventAllDay":false,"_EventTimezone":"","_EventStartDate":"","_EventEndDate":"","_EventStartDateUTC":"","_EventEndDateUTC":"","_EventShowMap":false,"_EventShowMapLink":false,"_EventURL":"","_EventCost":"","_EventCostDescription":"","_EventCurrencySymbol":"","_EventCurrencyCode":"","_EventCurrencyPosition":"","_EventDateTimeSeparator":"","_EventTimeRangeSeparator":"","_EventOrganizerID":[],"_EventVenueID":[],"_OrganizerEmail":"","_OrganizerPhone":"","_OrganizerWebsite":"","_VenueAddress":"","_VenueCity":"","_VenueCountry":"","_VenueProvince":"","_VenueState":"","_VenueZip":"","_VenuePhone":"","_VenueURL":"","_VenueStateProvince":"","_VenueLat":"","_VenueLng":"","_VenueShowMap":false,"_VenueShowMapLink":false},"product_brand":[],"product_cat":[333],"product_tag":[],"class_list":{"0":"post-18270","1":"product","2":"type-product","3":"status-publish","4":"has-post-thumbnail","6":"product_cat-workshop","8":"first","9":"instock","10":"shipping-taxable","11":"purchasable","12":"product-type-variable"},"yoast_head":"<!-- This site is optimized with the Yoast SEO Premium plugin v23.8 (Yoast SEO v27.0) - https:\/\/yoast.com\/product\/yoast-seo-premium-wordpress\/ -->\n<title>Module 8-J1 : D\u00e9veloppement personnel &amp; danse - Per Se Nota | Danse th\u00e9rapie<\/title>\n<meta name=\"description\" content=\"Module 8-J1 : D\u00e9veloppement personnel &amp; danse - Per Se Nota | Danse th\u00e9rapie\" \/>\n<meta name=\"robots\" content=\"index, follow, max-snippet:-1, max-image-preview:large, max-video-preview:-1\" \/>\n<link rel=\"canonical\" href=\"https:\/\/formationdansetherapie.com\/en\/product\/module-8-j1-developpement-personnel-danse\/\" \/>\n<meta property=\"og:locale\" content=\"en_US\" \/>\n<meta property=\"og:type\" content=\"article\" \/>\n<meta property=\"og:title\" content=\"Module 8-J1 : D\u00e9veloppement personnel &amp; danse\" \/>\n<meta property=\"og:description\" content=\"Module 8-J1 : D\u00e9veloppement personnel &amp; danse - Per Se Nota | Danse th\u00e9rapie\" \/>\n<meta property=\"og:url\" content=\"https:\/\/formationdansetherapie.com\/en\/product\/module-8-j1-developpement-personnel-danse\/\" \/>\n<meta property=\"og:site_name\" content=\"Per Se Nota | Danse th\u00e9rapie\" \/>\n<meta property=\"article:modified_time\" content=\"2025-07-28T22:43:39+00:00\" \/>\n<meta property=\"og:image\" content=\"https:\/\/formationdansetherapie.com\/wp-content\/uploads\/2025\/05\/Module-8-J1-Developpement-personnel-danse.png\" \/>\n\t<meta property=\"og:image:width\" content=\"1080\" \/>\n\t<meta property=\"og:image:height\" content=\"1350\" \/>\n\t<meta property=\"og:image:type\" content=\"image\/png\" \/>\n<meta name=\"twitter:card\" content=\"summary_large_image\" \/>\n<meta name=\"twitter:label1\" content=\"Est. reading time\" \/>\n\t<meta name=\"twitter:data1\" content=\"1 minute\" \/>\n<script type=\"application\/ld+json\" class=\"yoast-schema-graph\">{\"@context\":\"https:\/\/schema.org\",\"@graph\":[{\"@type\":\"WebPage\",\"@id\":\"https:\/\/formationdansetherapie.com\/product\/module-8-j1-developpement-personnel-danse\/\",\"url\":\"https:\/\/formationdansetherapie.com\/product\/module-8-j1-developpement-personnel-danse\/\",\"name\":\"Module 8-J1 : D\u00e9veloppement personnel & danse - Per Se Nota | Danse th\u00e9rapie\",\"isPartOf\":{\"@id\":\"https:\/\/formationdansetherapie.com\/#website\"},\"primaryImageOfPage\":{\"@id\":\"https:\/\/formationdansetherapie.com\/product\/module-8-j1-developpement-personnel-danse\/#primaryimage\"},\"image\":{\"@id\":\"https:\/\/formationdansetherapie.com\/product\/module-8-j1-developpement-personnel-danse\/#primaryimage\"},\"thumbnailUrl\":\"https:\/\/formationdansetherapie.com\/wp-content\/uploads\/2025\/05\/Module-8-J1-Developpement-personnel-danse.png\",\"datePublished\":\"2025-07-28T22:28:26+00:00\",\"dateModified\":\"2025-07-28T22:43:39+00:00\",\"description\":\"Module 8-J1 : D\u00e9veloppement personnel & danse - Per Se Nota | Danse th\u00e9rapie\",\"breadcrumb\":{\"@id\":\"https:\/\/formationdansetherapie.com\/product\/module-8-j1-developpement-personnel-danse\/#breadcrumb\"},\"inLanguage\":\"en-US\",\"potentialAction\":[{\"@type\":\"ReadAction\",\"target\":[\"https:\/\/formationdansetherapie.com\/product\/module-8-j1-developpement-personnel-danse\/\"]}]},{\"@type\":\"ImageObject\",\"inLanguage\":\"en-US\",\"@id\":\"https:\/\/formationdansetherapie.com\/product\/module-8-j1-developpement-personnel-danse\/#primaryimage\",\"url\":\"https:\/\/formationdansetherapie.com\/wp-content\/uploads\/2025\/05\/Module-8-J1-Developpement-personnel-danse.png\",\"contentUrl\":\"https:\/\/formationdansetherapie.com\/wp-content\/uploads\/2025\/05\/Module-8-J1-Developpement-personnel-danse.png\",\"width\":1080,\"height\":1350},{\"@type\":\"BreadcrumbList\",\"@id\":\"https:\/\/formationdansetherapie.com\/product\/module-8-j1-developpement-personnel-danse\/#breadcrumb\",\"itemListElement\":[{\"@type\":\"ListItem\",\"position\":1,\"name\":\"Home\",\"item\":\"https:\/\/formationdansetherapie.com\/\"},{\"@type\":\"ListItem\",\"position\":2,\"name\":\"Shop\",\"item\":\"https:\/\/formationdansetherapie.com\/shop\/\"},{\"@type\":\"ListItem\",\"position\":3,\"name\":\"Module 8-J1 : D\u00e9veloppement personnel &#038; danse\"}]},{\"@type\":\"WebSite\",\"@id\":\"https:\/\/formationdansetherapie.com\/#website\",\"url\":\"https:\/\/formationdansetherapie.com\/\",\"name\":\"Per Se Nota | Danse th\u00e9rapie\",\"description\":\"Formation professionnelle danse th\u00e9rapie - professeur de danse th\u00e9rapie et danse th\u00e9rapeute\",\"potentialAction\":[{\"@type\":\"SearchAction\",\"target\":{\"@type\":\"EntryPoint\",\"urlTemplate\":\"https:\/\/formationdansetherapie.com\/?s={search_term_string}\"},\"query-input\":{\"@type\":\"PropertyValueSpecification\",\"valueRequired\":true,\"valueName\":\"search_term_string\"}}],\"inLanguage\":\"en-US\"}]}<\/script>\n<!-- \/ Yoast SEO Premium plugin. -->","yoast_head_json":{"title":"Module 8-J1 : D\u00e9veloppement personnel & danse - Per Se Nota | Danse th\u00e9rapie","description":"Module 8-J1 : D\u00e9veloppement personnel & danse - Per Se Nota | Danse th\u00e9rapie","robots":{"index":"index","follow":"follow","max-snippet":"max-snippet:-1","max-image-preview":"max-image-preview:large","max-video-preview":"max-video-preview:-1"},"canonical":"https:\/\/formationdansetherapie.com\/en\/product\/module-8-j1-developpement-personnel-danse\/","og_locale":"en_US","og_type":"article","og_title":"Module 8-J1 : D\u00e9veloppement personnel & danse","og_description":"Module 8-J1 : D\u00e9veloppement personnel & danse - Per Se Nota | Danse th\u00e9rapie","og_url":"https:\/\/formationdansetherapie.com\/en\/product\/module-8-j1-developpement-personnel-danse\/","og_site_name":"Per Se Nota | Danse th\u00e9rapie","article_modified_time":"2025-07-28T22:43:39+00:00","og_image":[{"width":1080,"height":1350,"url":"https:\/\/formationdansetherapie.com\/wp-content\/uploads\/2025\/05\/Module-8-J1-Developpement-personnel-danse.png","type":"image\/png"}],"twitter_card":"summary_large_image","twitter_misc":{"Est. reading time":"1 minute"},"schema":{"@context":"https:\/\/schema.org","@graph":[{"@type":"WebPage","@id":"https:\/\/formationdansetherapie.com\/product\/module-8-j1-developpement-personnel-danse\/","url":"https:\/\/formationdansetherapie.com\/product\/module-8-j1-developpement-personnel-danse\/","name":"Module 8-J1 : D\u00e9veloppement personnel & danse - Per Se Nota | Danse th\u00e9rapie","isPartOf":{"@id":"https:\/\/formationdansetherapie.com\/#website"},"primaryImageOfPage":{"@id":"https:\/\/formationdansetherapie.com\/product\/module-8-j1-developpement-personnel-danse\/#primaryimage"},"image":{"@id":"https:\/\/formationdansetherapie.com\/product\/module-8-j1-developpement-personnel-danse\/#primaryimage"},"thumbnailUrl":"https:\/\/formationdansetherapie.com\/wp-content\/uploads\/2025\/05\/Module-8-J1-Developpement-personnel-danse.png","datePublished":"2025-07-28T22:28:26+00:00","dateModified":"2025-07-28T22:43:39+00:00","description":"Module 8-J1 : D\u00e9veloppement personnel & danse - Per Se Nota | Danse th\u00e9rapie","breadcrumb":{"@id":"https:\/\/formationdansetherapie.com\/product\/module-8-j1-developpement-personnel-danse\/#breadcrumb"},"inLanguage":"en-US","potentialAction":[{"@type":"ReadAction","target":["https:\/\/formationdansetherapie.com\/product\/module-8-j1-developpement-personnel-danse\/"]}]},{"@type":"ImageObject","inLanguage":"en-US","@id":"https:\/\/formationdansetherapie.com\/product\/module-8-j1-developpement-personnel-danse\/#primaryimage","url":"https:\/\/formationdansetherapie.com\/wp-content\/uploads\/2025\/05\/Module-8-J1-Developpement-personnel-danse.png","contentUrl":"https:\/\/formationdansetherapie.com\/wp-content\/uploads\/2025\/05\/Module-8-J1-Developpement-personnel-danse.png","width":1080,"height":1350},{"@type":"BreadcrumbList","@id":"https:\/\/formationdansetherapie.com\/product\/module-8-j1-developpement-personnel-danse\/#breadcrumb","itemListElement":[{"@type":"ListItem","position":1,"name":"Home","item":"https:\/\/formationdansetherapie.com\/"},{"@type":"ListItem","position":2,"name":"Shop","item":"https:\/\/formationdansetherapie.com\/shop\/"},{"@type":"ListItem","position":3,"name":"Module 8-J1 : D\u00e9veloppement personnel &#038; danse"}]},{"@type":"WebSite","@id":"https:\/\/formationdansetherapie.com\/#website","url":"https:\/\/formationdansetherapie.com\/","name":"Per Se Nota | Dance therapy","description":"Formation professionnelle danse th\u00e9rapie - professeur de danse th\u00e9rapie et danse th\u00e9rapeute","potentialAction":[{"@type":"SearchAction","target":{"@type":"EntryPoint","urlTemplate":"https:\/\/formationdansetherapie.com\/?s={search_term_string}"},"query-input":{"@type":"PropertyValueSpecification","valueRequired":true,"valueName":"search_term_string"}}],"inLanguage":"en-US"}]}},"_links":{"self":[{"href":"https:\/\/formationdansetherapie.com\/en\/wp-json\/wp\/v2\/product\/18270","targetHints":{"allow":["GET"]}}],"collection":[{"href":"https:\/\/formationdansetherapie.com\/en\/wp-json\/wp\/v2\/product"}],"about":[{"href":"https:\/\/formationdansetherapie.com\/en\/wp-json\/wp\/v2\/types\/product"}],"wp:featuredmedia":[{"embeddable":true,"href":"https:\/\/formationdansetherapie.com\/en\/wp-json\/wp\/v2\/media\/16597"}],"wp:attachment":[{"href":"https:\/\/formationdansetherapie.com\/en\/wp-json\/wp\/v2\/media?parent=18270"}],"wp:term":[{"taxonomy":"product_brand","embeddable":true,"href":"https:\/\/formationdansetherapie.com\/en\/wp-json\/wp\/v2\/product_brand?post=18270"},{"taxonomy":"product_cat","embeddable":true,"href":"https:\/\/formationdansetherapie.com\/en\/wp-json\/wp\/v2\/product_cat?post=18270"},{"taxonomy":"product_tag","embeddable":true,"href":"https:\/\/formationdansetherapie.com\/en\/wp-json\/wp\/v2\/product_tag?post=18270"}],"curies":[{"name":"wp","href":"https:\/\/api.w.org\/{rel}","templated":true}]}}