{"id":18216,"date":"2025-07-26T23:53:49","date_gmt":"2025-07-26T21:53:49","guid":{"rendered":"https:\/\/formationdansetherapie.com\/product\/module-20-le-collectif-la-danse-therapie\/"},"modified":"2025-07-30T13:48:21","modified_gmt":"2025-07-30T11:48:21","slug":"atelier-de-danse-therapie-le-collectif-la-danse-therapie","status":"publish","type":"product","link":"https:\/\/formationdansetherapie.com\/en\/product\/atelier-de-danse-therapie-le-collectif-la-danse-therapie\/","title":{"rendered":"Module 20 : Le collectif &#038; la danse th\u00e9rapie"},"content":{"rendered":"<style type=\"text\/css\"><\/style><p>Plongez dans une exp\u00e9rience unique o\u00f9 le mouvement devient un langage commun. Cet atelier vous invite \u00e0 explorer la danse intuitive et la th\u00e9rapie dans un cadre s\u00e9curisant et th\u00e9rapeutique. L\u2019\u00e9coute de soi et des autres ouvre la porte \u00e0 une cr\u00e9ativit\u00e9 collective. Avec le soutien de la dynamique du groupe, vous apprendrez \u00e0 vous rencontrer en conscience en cultivant une connexion authentique qui favorisera votre d\u00e9ploiement personnel.<\/p>\n<p><b>Objectifs:<\/b><\/p>\n<p>&#8211; D\u00e9velopper une \u00e9coute sensible et intuitive de soi et des autres dans le mouvement, la respiration et la verbalisation<br \/>\n&#8211; Participez \u00e0 la dynamique fluide au sein du groupe en favorisant la partage, l\u2019\u00e9change et le respect du cadre<br \/>\n&#8211; Prendre des initiatives avec spontan\u00e9it\u00e9 et confiance dans les jeux de r\u00f4le<br \/>\n&#8211; Stimuler sa cr\u00e9ativit\u00e9, son autonomie et son auto-discipline \u00e0 travers des exercices vari\u00e9s de danse<br \/>\n&#8211; Exp\u00e9rimenter la reformulation d\u2019un cercle de parole en int\u00e9grant la dimension corporelle et expressive<br \/>\n&#8211; Danser ses \u00e9motions et les transformer en un langage artistique et sensible directement reli\u00e9 \u00e0 l&rsquo;inconscient<\/p>\n<p><b>Dates possibles:<\/b><\/p>\n<p><b>Date 1: <\/b>30-January-2025, <b>Horaire: <\/b>9h-16h30<\/p>\n<p><b>Date 2: <\/b>29-January-2026, <b>Horaire: <\/b> 9h-16h30<\/p>\n<p><b>Date 3: <\/b>10-December-2026, <b>Horaire: <\/b> 9h-16h30<\/p>","protected":false},"excerpt":{"rendered":"<p>Plongez dans une exp\u00e9rience unique o\u00f9 le mouvement devient un langage commun. Cet atelier vous invite \u00e0 explorer la danse intuitive et la th\u00e9rapie dans un cadre s\u00e9curisant et th\u00e9rapeutique&#8230;.<\/p>","protected":false},"featured_media":16639,"template":"","meta":{"_EventAllDay":false,"_EventTimezone":"","_EventStartDate":"","_EventEndDate":"","_EventStartDateUTC":"","_EventEndDateUTC":"","_EventShowMap":false,"_EventShowMapLink":false,"_EventURL":"","_EventCost":"","_EventCostDescription":"","_EventCurrencySymbol":"","_EventCurrencyCode":"","_EventCurrencyPosition":"","_EventDateTimeSeparator":"","_EventTimeRangeSeparator":"","_EventOrganizerID":[],"_EventVenueID":[],"_OrganizerEmail":"","_OrganizerPhone":"","_OrganizerWebsite":"","_VenueAddress":"","_VenueCity":"","_VenueCountry":"","_VenueProvince":"","_VenueState":"","_VenueZip":"","_VenuePhone":"","_VenueURL":"","_VenueStateProvince":"","_VenueLat":"","_VenueLng":"","_VenueShowMap":false,"_VenueShowMapLink":false},"product_brand":[],"product_cat":[333],"product_tag":[],"class_list":{"0":"post-18216","1":"product","2":"type-product","3":"status-publish","4":"has-post-thumbnail","6":"product_cat-workshop","8":"first","9":"instock","10":"shipping-taxable","11":"purchasable","12":"product-type-variable"},"yoast_head":"<!-- This site is optimized with the Yoast SEO Premium plugin v23.8 (Yoast SEO v27.0) - https:\/\/yoast.com\/product\/yoast-seo-premium-wordpress\/ -->\n<title>Module 20 : Le collectif &amp; la danse th\u00e9rapie - Per Se Nota | Danse th\u00e9rapie<\/title>\n<meta name=\"description\" content=\"Module 20 : Le collectif &amp; la danse th\u00e9rapie - Per Se Nota | Danse th\u00e9rapie\" \/>\n<meta name=\"robots\" content=\"index, follow, max-snippet:-1, max-image-preview:large, max-video-preview:-1\" \/>\n<link rel=\"canonical\" href=\"https:\/\/formationdansetherapie.com\/en\/product\/atelier-de-danse-therapie-le-collectif-la-danse-therapie\/\" \/>\n<meta property=\"og:locale\" content=\"en_US\" \/>\n<meta property=\"og:type\" content=\"article\" \/>\n<meta property=\"og:title\" content=\"Module 20 : Le collectif &amp; la danse th\u00e9rapie\" \/>\n<meta property=\"og:description\" content=\"Module 20 : Le collectif &amp; la danse th\u00e9rapie - Per Se Nota | Danse th\u00e9rapie\" \/>\n<meta property=\"og:url\" content=\"https:\/\/formationdansetherapie.com\/en\/product\/atelier-de-danse-therapie-le-collectif-la-danse-therapie\/\" \/>\n<meta property=\"og:site_name\" content=\"Per Se Nota | Danse th\u00e9rapie\" \/>\n<meta property=\"article:modified_time\" content=\"2025-07-30T11:48:21+00:00\" \/>\n<meta property=\"og:image\" content=\"https:\/\/formationdansetherapie.com\/wp-content\/uploads\/2025\/05\/CREATIVITE-Module-20-_-Le-collectif-la-danse-therapie.png\" \/>\n\t<meta property=\"og:image:width\" content=\"1080\" \/>\n\t<meta property=\"og:image:height\" content=\"1350\" \/>\n\t<meta property=\"og:image:type\" content=\"image\/png\" \/>\n<meta name=\"twitter:card\" content=\"summary_large_image\" \/>\n<meta name=\"twitter:label1\" content=\"Est. reading time\" \/>\n\t<meta name=\"twitter:data1\" content=\"1 minute\" \/>\n<script type=\"application\/ld+json\" class=\"yoast-schema-graph\">{\"@context\":\"https:\/\/schema.org\",\"@graph\":[{\"@type\":\"WebPage\",\"@id\":\"https:\/\/formationdansetherapie.com\/product\/atelier-de-danse-therapie-le-collectif-la-danse-therapie\/\",\"url\":\"https:\/\/formationdansetherapie.com\/product\/atelier-de-danse-therapie-le-collectif-la-danse-therapie\/\",\"name\":\"Module 20 : Le collectif & la danse th\u00e9rapie - Per Se Nota | Danse th\u00e9rapie\",\"isPartOf\":{\"@id\":\"https:\/\/formationdansetherapie.com\/#website\"},\"primaryImageOfPage\":{\"@id\":\"https:\/\/formationdansetherapie.com\/product\/atelier-de-danse-therapie-le-collectif-la-danse-therapie\/#primaryimage\"},\"image\":{\"@id\":\"https:\/\/formationdansetherapie.com\/product\/atelier-de-danse-therapie-le-collectif-la-danse-therapie\/#primaryimage\"},\"thumbnailUrl\":\"https:\/\/formationdansetherapie.com\/wp-content\/uploads\/2025\/05\/CREATIVITE-Module-20-_-Le-collectif-la-danse-therapie.png\",\"datePublished\":\"2025-07-26T21:53:49+00:00\",\"dateModified\":\"2025-07-30T11:48:21+00:00\",\"description\":\"Module 20 : Le collectif & la danse th\u00e9rapie - Per Se Nota | Danse th\u00e9rapie\",\"breadcrumb\":{\"@id\":\"https:\/\/formationdansetherapie.com\/product\/atelier-de-danse-therapie-le-collectif-la-danse-therapie\/#breadcrumb\"},\"inLanguage\":\"en-US\",\"potentialAction\":[{\"@type\":\"ReadAction\",\"target\":[\"https:\/\/formationdansetherapie.com\/product\/atelier-de-danse-therapie-le-collectif-la-danse-therapie\/\"]}]},{\"@type\":\"ImageObject\",\"inLanguage\":\"en-US\",\"@id\":\"https:\/\/formationdansetherapie.com\/product\/atelier-de-danse-therapie-le-collectif-la-danse-therapie\/#primaryimage\",\"url\":\"https:\/\/formationdansetherapie.com\/wp-content\/uploads\/2025\/05\/CREATIVITE-Module-20-_-Le-collectif-la-danse-therapie.png\",\"contentUrl\":\"https:\/\/formationdansetherapie.com\/wp-content\/uploads\/2025\/05\/CREATIVITE-Module-20-_-Le-collectif-la-danse-therapie.png\",\"width\":1080,\"height\":1350},{\"@type\":\"BreadcrumbList\",\"@id\":\"https:\/\/formationdansetherapie.com\/product\/atelier-de-danse-therapie-le-collectif-la-danse-therapie\/#breadcrumb\",\"itemListElement\":[{\"@type\":\"ListItem\",\"position\":1,\"name\":\"Home\",\"item\":\"https:\/\/formationdansetherapie.com\/\"},{\"@type\":\"ListItem\",\"position\":2,\"name\":\"Shop\",\"item\":\"https:\/\/formationdansetherapie.com\/shop\/\"},{\"@type\":\"ListItem\",\"position\":3,\"name\":\"Module 20 : Le collectif &#038; la danse th\u00e9rapie\"}]},{\"@type\":\"WebSite\",\"@id\":\"https:\/\/formationdansetherapie.com\/#website\",\"url\":\"https:\/\/formationdansetherapie.com\/\",\"name\":\"Per Se Nota | Danse th\u00e9rapie\",\"description\":\"Formation professionnelle danse th\u00e9rapie - professeur de danse th\u00e9rapie et danse th\u00e9rapeute\",\"potentialAction\":[{\"@type\":\"SearchAction\",\"target\":{\"@type\":\"EntryPoint\",\"urlTemplate\":\"https:\/\/formationdansetherapie.com\/?s={search_term_string}\"},\"query-input\":{\"@type\":\"PropertyValueSpecification\",\"valueRequired\":true,\"valueName\":\"search_term_string\"}}],\"inLanguage\":\"en-US\"}]}<\/script>\n<!-- \/ Yoast SEO Premium plugin. -->","yoast_head_json":{"title":"Module 20 : Le collectif & la danse th\u00e9rapie - Per Se Nota | Danse th\u00e9rapie","description":"Module 20 : Le collectif & la danse th\u00e9rapie - Per Se Nota | Danse th\u00e9rapie","robots":{"index":"index","follow":"follow","max-snippet":"max-snippet:-1","max-image-preview":"max-image-preview:large","max-video-preview":"max-video-preview:-1"},"canonical":"https:\/\/formationdansetherapie.com\/en\/product\/atelier-de-danse-therapie-le-collectif-la-danse-therapie\/","og_locale":"en_US","og_type":"article","og_title":"Module 20 : Le collectif & la danse th\u00e9rapie","og_description":"Module 20 : Le collectif & la danse th\u00e9rapie - Per Se Nota | Danse th\u00e9rapie","og_url":"https:\/\/formationdansetherapie.com\/en\/product\/atelier-de-danse-therapie-le-collectif-la-danse-therapie\/","og_site_name":"Per Se Nota | Danse th\u00e9rapie","article_modified_time":"2025-07-30T11:48:21+00:00","og_image":[{"width":1080,"height":1350,"url":"https:\/\/formationdansetherapie.com\/wp-content\/uploads\/2025\/05\/CREATIVITE-Module-20-_-Le-collectif-la-danse-therapie.png","type":"image\/png"}],"twitter_card":"summary_large_image","twitter_misc":{"Est. reading time":"1 minute"},"schema":{"@context":"https:\/\/schema.org","@graph":[{"@type":"WebPage","@id":"https:\/\/formationdansetherapie.com\/product\/atelier-de-danse-therapie-le-collectif-la-danse-therapie\/","url":"https:\/\/formationdansetherapie.com\/product\/atelier-de-danse-therapie-le-collectif-la-danse-therapie\/","name":"Module 20 : Le collectif & la danse th\u00e9rapie - Per Se Nota | Danse th\u00e9rapie","isPartOf":{"@id":"https:\/\/formationdansetherapie.com\/#website"},"primaryImageOfPage":{"@id":"https:\/\/formationdansetherapie.com\/product\/atelier-de-danse-therapie-le-collectif-la-danse-therapie\/#primaryimage"},"image":{"@id":"https:\/\/formationdansetherapie.com\/product\/atelier-de-danse-therapie-le-collectif-la-danse-therapie\/#primaryimage"},"thumbnailUrl":"https:\/\/formationdansetherapie.com\/wp-content\/uploads\/2025\/05\/CREATIVITE-Module-20-_-Le-collectif-la-danse-therapie.png","datePublished":"2025-07-26T21:53:49+00:00","dateModified":"2025-07-30T11:48:21+00:00","description":"Module 20 : Le collectif & la danse th\u00e9rapie - Per Se Nota | Danse th\u00e9rapie","breadcrumb":{"@id":"https:\/\/formationdansetherapie.com\/product\/atelier-de-danse-therapie-le-collectif-la-danse-therapie\/#breadcrumb"},"inLanguage":"en-US","potentialAction":[{"@type":"ReadAction","target":["https:\/\/formationdansetherapie.com\/product\/atelier-de-danse-therapie-le-collectif-la-danse-therapie\/"]}]},{"@type":"ImageObject","inLanguage":"en-US","@id":"https:\/\/formationdansetherapie.com\/product\/atelier-de-danse-therapie-le-collectif-la-danse-therapie\/#primaryimage","url":"https:\/\/formationdansetherapie.com\/wp-content\/uploads\/2025\/05\/CREATIVITE-Module-20-_-Le-collectif-la-danse-therapie.png","contentUrl":"https:\/\/formationdansetherapie.com\/wp-content\/uploads\/2025\/05\/CREATIVITE-Module-20-_-Le-collectif-la-danse-therapie.png","width":1080,"height":1350},{"@type":"BreadcrumbList","@id":"https:\/\/formationdansetherapie.com\/product\/atelier-de-danse-therapie-le-collectif-la-danse-therapie\/#breadcrumb","itemListElement":[{"@type":"ListItem","position":1,"name":"Home","item":"https:\/\/formationdansetherapie.com\/"},{"@type":"ListItem","position":2,"name":"Shop","item":"https:\/\/formationdansetherapie.com\/shop\/"},{"@type":"ListItem","position":3,"name":"Module 20 : Le collectif &#038; la danse th\u00e9rapie"}]},{"@type":"WebSite","@id":"https:\/\/formationdansetherapie.com\/#website","url":"https:\/\/formationdansetherapie.com\/","name":"Per Se Nota | Dance therapy","description":"Formation professionnelle danse th\u00e9rapie - professeur de danse th\u00e9rapie et danse th\u00e9rapeute","potentialAction":[{"@type":"SearchAction","target":{"@type":"EntryPoint","urlTemplate":"https:\/\/formationdansetherapie.com\/?s={search_term_string}"},"query-input":{"@type":"PropertyValueSpecification","valueRequired":true,"valueName":"search_term_string"}}],"inLanguage":"en-US"}]}},"_links":{"self":[{"href":"https:\/\/formationdansetherapie.com\/en\/wp-json\/wp\/v2\/product\/18216","targetHints":{"allow":["GET"]}}],"collection":[{"href":"https:\/\/formationdansetherapie.com\/en\/wp-json\/wp\/v2\/product"}],"about":[{"href":"https:\/\/formationdansetherapie.com\/en\/wp-json\/wp\/v2\/types\/product"}],"wp:featuredmedia":[{"embeddable":true,"href":"https:\/\/formationdansetherapie.com\/en\/wp-json\/wp\/v2\/media\/16639"}],"wp:attachment":[{"href":"https:\/\/formationdansetherapie.com\/en\/wp-json\/wp\/v2\/media?parent=18216"}],"wp:term":[{"taxonomy":"product_brand","embeddable":true,"href":"https:\/\/formationdansetherapie.com\/en\/wp-json\/wp\/v2\/product_brand?post=18216"},{"taxonomy":"product_cat","embeddable":true,"href":"https:\/\/formationdansetherapie.com\/en\/wp-json\/wp\/v2\/product_cat?post=18216"},{"taxonomy":"product_tag","embeddable":true,"href":"https:\/\/formationdansetherapie.com\/en\/wp-json\/wp\/v2\/product_tag?post=18216"}],"curies":[{"name":"wp","href":"https:\/\/api.w.org\/{rel}","templated":true}]}}