{"id":18214,"date":"2025-07-26T23:42:17","date_gmt":"2025-07-26T21:42:17","guid":{"rendered":"https:\/\/formationdansetherapie.com\/product\/module-3-j1-emotions-je-maime-je-respire-je-maime-je-danse\/"},"modified":"2025-07-28T23:56:11","modified_gmt":"2025-07-28T21:56:11","slug":"module-3-j1-emotions-je-maime-je-respire-je-maime-je-danse","status":"publish","type":"product","link":"https:\/\/formationdansetherapie.com\/en\/product\/module-3-j1-emotions-je-maime-je-respire-je-maime-je-danse\/","title":{"rendered":"Module 3 J1: \u00c9motions \u00ab\u00a0Je m&rsquo;aime je respire&#8230; je m&rsquo;aime je danse&#8230;\u00a0\u00bb"},"content":{"rendered":"<style type=\"text\/css\"><\/style><p>Dans la danse-th\u00e9rapie, les \u00e9motions, la respiration et le mouvement s&rsquo;entrelacent pour cr\u00e9er une exp\u00e9rience vivante. Chaque \u00e9motion est \u00e9ph\u00e9m\u00e8re, tout comme le souffle qui nous anime et le mouvement qui nous porte. Cette impermanence nous rappelle que nous ne sommes pas d\u00e9finis par nos \u00e9motions. En prenant conscience de cela, nous apprenons \u00e0 accueillir chaque sensation sans jugement, \u00e0 les observer comme des vagues qui viennent et s&rsquo;en vont. La danse devient alors un espace de lib\u00e9ration, o\u00f9 le souffle guide notre expression et nous permet de nous reconnecter \u00e0 notre essence, au-del\u00e0 des fluctuations \u00e9motionnelles. C&rsquo;est un chemin vers la paix int\u00e9rieure et l&rsquo;acceptation de soi.<\/p>\n<p><b>Objectifs:<\/b><\/p>\n<p>&#8211; Explorer diff\u00e9rentes techniques de respiration pour cultiver une conscience de soi approfondie et authentique.<br \/>\n&#8211; Lib\u00e9rer les \u00e9motions \u00e0 travers le mouvement, permettant \u00e0 chaque geste de devenir une expression sinc\u00e8re de l\u2019\u00e2me.<br \/>\n&#8211; Apprendre \u00e0 Atelierr l\u2019intensit\u00e9 des \u00e9motions, offrant une palette riche pour naviguer dans l\u2019exp\u00e9rience \u00e9motionnelle.<br \/>\n&#8211; Accueillir la vuln\u00e9rabilit\u00e9, tant dans l\u2019intimit\u00e9 de l\u2019individu que dans la communion avec les autres.<br \/>\n&#8211; D\u00e9couvrir les espaces int\u00e9rieurs vari\u00e9s, chaque exploration r\u00e9v\u00e9lant des facettes uniques de soi-m\u00eame.<\/p>\n<p><b>Dates possibles:<\/b><\/p>\n<p><b>Date 1: <\/b>17-May-2025, <b>Horaire: <\/b>9h30-17h30<\/p>\n<p><b>Date 2: <\/b>10-April-2026, <b>Horaire: <\/b> 9h30-17h30<\/p>","protected":false},"excerpt":{"rendered":"<p>Dans la danse-th\u00e9rapie, les \u00e9motions, la respiration et le mouvement s&rsquo;entrelacent pour cr\u00e9er une exp\u00e9rience vivante. Chaque \u00e9motion est \u00e9ph\u00e9m\u00e8re, tout comme le souffle qui nous anime et le mouvement&#8230;<\/p>","protected":false},"featured_media":16584,"template":"","meta":{"_EventAllDay":false,"_EventTimezone":"","_EventStartDate":"","_EventEndDate":"","_EventStartDateUTC":"","_EventEndDateUTC":"","_EventShowMap":false,"_EventShowMapLink":false,"_EventURL":"","_EventCost":"","_EventCostDescription":"","_EventCurrencySymbol":"","_EventCurrencyCode":"","_EventCurrencyPosition":"","_EventDateTimeSeparator":"","_EventTimeRangeSeparator":"","_EventOrganizerID":[],"_EventVenueID":[],"_OrganizerEmail":"","_OrganizerPhone":"","_OrganizerWebsite":"","_VenueAddress":"","_VenueCity":"","_VenueCountry":"","_VenueProvince":"","_VenueState":"","_VenueZip":"","_VenuePhone":"","_VenueURL":"","_VenueStateProvince":"","_VenueLat":"","_VenueLng":"","_VenueShowMap":false,"_VenueShowMapLink":false},"product_brand":[],"product_cat":[333],"product_tag":[],"class_list":{"0":"post-18214","1":"product","2":"type-product","3":"status-publish","4":"has-post-thumbnail","6":"product_cat-workshop","8":"first","9":"instock","10":"shipping-taxable","11":"purchasable","12":"product-type-variable"},"yoast_head":"<!-- This site is optimized with the Yoast SEO Premium plugin v23.8 (Yoast SEO v27.0) - https:\/\/yoast.com\/product\/yoast-seo-premium-wordpress\/ -->\n<title>Module 3 J1: \u00c9motions &quot;Je m&#039;aime je respire... je m&#039;aime je danse...&quot; - Per Se Nota | Danse th\u00e9rapie<\/title>\n<meta name=\"description\" content=\"Module 3 J1: \u00c9motions &quot;Je m&#039;aime je respire... je m&#039;aime je danse...&quot; - Per Se Nota | Danse th\u00e9rapie\" \/>\n<meta name=\"robots\" content=\"index, follow, max-snippet:-1, max-image-preview:large, max-video-preview:-1\" \/>\n<link rel=\"canonical\" href=\"https:\/\/formationdansetherapie.com\/en\/product\/module-3-j1-emotions-je-maime-je-respire-je-maime-je-danse\/\" \/>\n<meta property=\"og:locale\" content=\"en_US\" \/>\n<meta property=\"og:type\" content=\"article\" \/>\n<meta property=\"og:title\" content=\"Module 3 J1: \u00c9motions &quot;Je m&#039;aime je respire... je m&#039;aime je danse...&quot;\" \/>\n<meta property=\"og:description\" content=\"Module 3 J1: \u00c9motions &quot;Je m&#039;aime je respire... je m&#039;aime je danse...&quot; - Per Se Nota | Danse th\u00e9rapie\" \/>\n<meta property=\"og:url\" content=\"https:\/\/formationdansetherapie.com\/en\/product\/module-3-j1-emotions-je-maime-je-respire-je-maime-je-danse\/\" \/>\n<meta property=\"og:site_name\" content=\"Per Se Nota | Danse th\u00e9rapie\" \/>\n<meta property=\"article:modified_time\" content=\"2025-07-28T21:56:11+00:00\" \/>\n<meta property=\"og:image\" content=\"https:\/\/formationdansetherapie.com\/wp-content\/uploads\/2025\/05\/Module-3-J1-Emotions-Je-m-aime-je-respire.-je-m-aime-je-danse.png\" \/>\n\t<meta property=\"og:image:width\" content=\"1080\" \/>\n\t<meta property=\"og:image:height\" content=\"1350\" \/>\n\t<meta property=\"og:image:type\" content=\"image\/png\" \/>\n<meta name=\"twitter:card\" content=\"summary_large_image\" \/>\n<meta name=\"twitter:label1\" content=\"Est. reading time\" \/>\n\t<meta name=\"twitter:data1\" content=\"2 minutes\" \/>\n<script type=\"application\/ld+json\" class=\"yoast-schema-graph\">{\"@context\":\"https:\/\/schema.org\",\"@graph\":[{\"@type\":\"WebPage\",\"@id\":\"https:\/\/formationdansetherapie.com\/product\/module-3-j1-emotions-je-maime-je-respire-je-maime-je-danse\/\",\"url\":\"https:\/\/formationdansetherapie.com\/product\/module-3-j1-emotions-je-maime-je-respire-je-maime-je-danse\/\",\"name\":\"Module 3 J1: \u00c9motions \\\"Je m'aime je respire... je m'aime je danse...\\\" - Per Se Nota | Danse th\u00e9rapie\",\"isPartOf\":{\"@id\":\"https:\/\/formationdansetherapie.com\/#website\"},\"primaryImageOfPage\":{\"@id\":\"https:\/\/formationdansetherapie.com\/product\/module-3-j1-emotions-je-maime-je-respire-je-maime-je-danse\/#primaryimage\"},\"image\":{\"@id\":\"https:\/\/formationdansetherapie.com\/product\/module-3-j1-emotions-je-maime-je-respire-je-maime-je-danse\/#primaryimage\"},\"thumbnailUrl\":\"https:\/\/formationdansetherapie.com\/wp-content\/uploads\/2025\/05\/Module-3-J1-Emotions-Je-m-aime-je-respire.-je-m-aime-je-danse.png\",\"datePublished\":\"2025-07-26T21:42:17+00:00\",\"dateModified\":\"2025-07-28T21:56:11+00:00\",\"description\":\"Module 3 J1: \u00c9motions \\\"Je m'aime je respire... je m'aime je danse...\\\" - Per Se Nota | Danse th\u00e9rapie\",\"breadcrumb\":{\"@id\":\"https:\/\/formationdansetherapie.com\/product\/module-3-j1-emotions-je-maime-je-respire-je-maime-je-danse\/#breadcrumb\"},\"inLanguage\":\"en-US\",\"potentialAction\":[{\"@type\":\"ReadAction\",\"target\":[\"https:\/\/formationdansetherapie.com\/product\/module-3-j1-emotions-je-maime-je-respire-je-maime-je-danse\/\"]}]},{\"@type\":\"ImageObject\",\"inLanguage\":\"en-US\",\"@id\":\"https:\/\/formationdansetherapie.com\/product\/module-3-j1-emotions-je-maime-je-respire-je-maime-je-danse\/#primaryimage\",\"url\":\"https:\/\/formationdansetherapie.com\/wp-content\/uploads\/2025\/05\/Module-3-J1-Emotions-Je-m-aime-je-respire.-je-m-aime-je-danse.png\",\"contentUrl\":\"https:\/\/formationdansetherapie.com\/wp-content\/uploads\/2025\/05\/Module-3-J1-Emotions-Je-m-aime-je-respire.-je-m-aime-je-danse.png\",\"width\":1080,\"height\":1350},{\"@type\":\"BreadcrumbList\",\"@id\":\"https:\/\/formationdansetherapie.com\/product\/module-3-j1-emotions-je-maime-je-respire-je-maime-je-danse\/#breadcrumb\",\"itemListElement\":[{\"@type\":\"ListItem\",\"position\":1,\"name\":\"Home\",\"item\":\"https:\/\/formationdansetherapie.com\/\"},{\"@type\":\"ListItem\",\"position\":2,\"name\":\"Shop\",\"item\":\"https:\/\/formationdansetherapie.com\/shop\/\"},{\"@type\":\"ListItem\",\"position\":3,\"name\":\"Module 3 J1: \u00c9motions &#8220;Je m&#8217;aime je respire&#8230; je m&#8217;aime je danse&#8230;&#8221;\"}]},{\"@type\":\"WebSite\",\"@id\":\"https:\/\/formationdansetherapie.com\/#website\",\"url\":\"https:\/\/formationdansetherapie.com\/\",\"name\":\"Per Se Nota | Danse th\u00e9rapie\",\"description\":\"Formation professionnelle danse th\u00e9rapie - professeur de danse th\u00e9rapie et danse th\u00e9rapeute\",\"potentialAction\":[{\"@type\":\"SearchAction\",\"target\":{\"@type\":\"EntryPoint\",\"urlTemplate\":\"https:\/\/formationdansetherapie.com\/?s={search_term_string}\"},\"query-input\":{\"@type\":\"PropertyValueSpecification\",\"valueRequired\":true,\"valueName\":\"search_term_string\"}}],\"inLanguage\":\"en-US\"}]}<\/script>\n<!-- \/ Yoast SEO Premium plugin. -->","yoast_head_json":{"title":"Module 3 J1: \u00c9motions \"Je m'aime je respire... je m'aime je danse...\" - Per Se Nota | Danse th\u00e9rapie","description":"Module 3 J1: \u00c9motions \"Je m'aime je respire... je m'aime je danse...\" - Per Se Nota | Danse th\u00e9rapie","robots":{"index":"index","follow":"follow","max-snippet":"max-snippet:-1","max-image-preview":"max-image-preview:large","max-video-preview":"max-video-preview:-1"},"canonical":"https:\/\/formationdansetherapie.com\/en\/product\/module-3-j1-emotions-je-maime-je-respire-je-maime-je-danse\/","og_locale":"en_US","og_type":"article","og_title":"Module 3 J1: \u00c9motions \"Je m'aime je respire... je m'aime je danse...\"","og_description":"Module 3 J1: \u00c9motions \"Je m'aime je respire... je m'aime je danse...\" - Per Se Nota | Danse th\u00e9rapie","og_url":"https:\/\/formationdansetherapie.com\/en\/product\/module-3-j1-emotions-je-maime-je-respire-je-maime-je-danse\/","og_site_name":"Per Se Nota | Danse th\u00e9rapie","article_modified_time":"2025-07-28T21:56:11+00:00","og_image":[{"width":1080,"height":1350,"url":"https:\/\/formationdansetherapie.com\/wp-content\/uploads\/2025\/05\/Module-3-J1-Emotions-Je-m-aime-je-respire.-je-m-aime-je-danse.png","type":"image\/png"}],"twitter_card":"summary_large_image","twitter_misc":{"Est. reading time":"2 minutes"},"schema":{"@context":"https:\/\/schema.org","@graph":[{"@type":"WebPage","@id":"https:\/\/formationdansetherapie.com\/product\/module-3-j1-emotions-je-maime-je-respire-je-maime-je-danse\/","url":"https:\/\/formationdansetherapie.com\/product\/module-3-j1-emotions-je-maime-je-respire-je-maime-je-danse\/","name":"Module 3 J1: \u00c9motions \"Je m'aime je respire... je m'aime je danse...\" - Per Se Nota | Danse th\u00e9rapie","isPartOf":{"@id":"https:\/\/formationdansetherapie.com\/#website"},"primaryImageOfPage":{"@id":"https:\/\/formationdansetherapie.com\/product\/module-3-j1-emotions-je-maime-je-respire-je-maime-je-danse\/#primaryimage"},"image":{"@id":"https:\/\/formationdansetherapie.com\/product\/module-3-j1-emotions-je-maime-je-respire-je-maime-je-danse\/#primaryimage"},"thumbnailUrl":"https:\/\/formationdansetherapie.com\/wp-content\/uploads\/2025\/05\/Module-3-J1-Emotions-Je-m-aime-je-respire.-je-m-aime-je-danse.png","datePublished":"2025-07-26T21:42:17+00:00","dateModified":"2025-07-28T21:56:11+00:00","description":"Module 3 J1: \u00c9motions \"Je m'aime je respire... je m'aime je danse...\" - Per Se Nota | Danse th\u00e9rapie","breadcrumb":{"@id":"https:\/\/formationdansetherapie.com\/product\/module-3-j1-emotions-je-maime-je-respire-je-maime-je-danse\/#breadcrumb"},"inLanguage":"en-US","potentialAction":[{"@type":"ReadAction","target":["https:\/\/formationdansetherapie.com\/product\/module-3-j1-emotions-je-maime-je-respire-je-maime-je-danse\/"]}]},{"@type":"ImageObject","inLanguage":"en-US","@id":"https:\/\/formationdansetherapie.com\/product\/module-3-j1-emotions-je-maime-je-respire-je-maime-je-danse\/#primaryimage","url":"https:\/\/formationdansetherapie.com\/wp-content\/uploads\/2025\/05\/Module-3-J1-Emotions-Je-m-aime-je-respire.-je-m-aime-je-danse.png","contentUrl":"https:\/\/formationdansetherapie.com\/wp-content\/uploads\/2025\/05\/Module-3-J1-Emotions-Je-m-aime-je-respire.-je-m-aime-je-danse.png","width":1080,"height":1350},{"@type":"BreadcrumbList","@id":"https:\/\/formationdansetherapie.com\/product\/module-3-j1-emotions-je-maime-je-respire-je-maime-je-danse\/#breadcrumb","itemListElement":[{"@type":"ListItem","position":1,"name":"Home","item":"https:\/\/formationdansetherapie.com\/"},{"@type":"ListItem","position":2,"name":"Shop","item":"https:\/\/formationdansetherapie.com\/shop\/"},{"@type":"ListItem","position":3,"name":"Module 3 J1: \u00c9motions &#8220;Je m&#8217;aime je respire&#8230; je m&#8217;aime je danse&#8230;&#8221;"}]},{"@type":"WebSite","@id":"https:\/\/formationdansetherapie.com\/#website","url":"https:\/\/formationdansetherapie.com\/","name":"Per Se Nota | Dance therapy","description":"Formation professionnelle danse th\u00e9rapie - professeur de danse th\u00e9rapie et danse th\u00e9rapeute","potentialAction":[{"@type":"SearchAction","target":{"@type":"EntryPoint","urlTemplate":"https:\/\/formationdansetherapie.com\/?s={search_term_string}"},"query-input":{"@type":"PropertyValueSpecification","valueRequired":true,"valueName":"search_term_string"}}],"inLanguage":"en-US"}]}},"_links":{"self":[{"href":"https:\/\/formationdansetherapie.com\/en\/wp-json\/wp\/v2\/product\/18214","targetHints":{"allow":["GET"]}}],"collection":[{"href":"https:\/\/formationdansetherapie.com\/en\/wp-json\/wp\/v2\/product"}],"about":[{"href":"https:\/\/formationdansetherapie.com\/en\/wp-json\/wp\/v2\/types\/product"}],"wp:featuredmedia":[{"embeddable":true,"href":"https:\/\/formationdansetherapie.com\/en\/wp-json\/wp\/v2\/media\/16584"}],"wp:attachment":[{"href":"https:\/\/formationdansetherapie.com\/en\/wp-json\/wp\/v2\/media?parent=18214"}],"wp:term":[{"taxonomy":"product_brand","embeddable":true,"href":"https:\/\/formationdansetherapie.com\/en\/wp-json\/wp\/v2\/product_brand?post=18214"},{"taxonomy":"product_cat","embeddable":true,"href":"https:\/\/formationdansetherapie.com\/en\/wp-json\/wp\/v2\/product_cat?post=18214"},{"taxonomy":"product_tag","embeddable":true,"href":"https:\/\/formationdansetherapie.com\/en\/wp-json\/wp\/v2\/product_tag?post=18214"}],"curies":[{"name":"wp","href":"https:\/\/api.w.org\/{rel}","templated":true}]}}