{"id":18213,"date":"2025-07-26T23:42:16","date_gmt":"2025-07-26T21:42:16","guid":{"rendered":"https:\/\/formationdansetherapie.com\/product\/module-13-danse-psychologie\/"},"modified":"2025-07-28T23:52:50","modified_gmt":"2025-07-28T21:52:50","slug":"module-13-danse-psychologie","status":"publish","type":"product","link":"https:\/\/formationdansetherapie.com\/en\/product\/module-13-danse-psychologie\/","title":{"rendered":"Module 13 : Danse  &#038; Psychologie"},"content":{"rendered":"<style type=\"text\/css\"><\/style><p>La th\u00e9rapie pour soi, \u00e0 travers le mouvement, devient un v\u00e9ritable accompagnement de soi. Elle favorise une prise de conscience de notre int\u00e9rieur, se manifestant comme une sculpture \u00e9ph\u00e9m\u00e8re qui r\u00e9v\u00e8le notre essence. Ce processus nous parle non seulement de notre pr\u00e9sent, mais aussi de nos exp\u00e9riences pass\u00e9es, souvent enracin\u00e9es dans notre enfance. En dansant, nous avons la possibilit\u00e9 de d\u00e9nouer les liens qui nous retiennent, de lib\u00e9rer des sch\u00e9mas r\u00e9p\u00e9titifs et d&rsquo;explorer les \u00e9motions enfouies. Ce voyage corporel nous permet de red\u00e9finir notre histoire, d&rsquo;accueillir notre vuln\u00e9rabilit\u00e9 et de transformer notre relation \u00e0 nous-m\u00eames.<\/p>\n<p><b>Objectifs:<\/b><\/p>\n<p>&#8211; Apprendre \u00e0 poser un cadre et diriger un cercle de paroles<br \/>\n&#8211; S\u2019initier \u00e0 la gestion du groupe<br \/>\n&#8211; Apprendre \u00e0 g\u00e9rer l\u2019\u00e9quilibre entre la dimension verticale de l\u2019autorit\u00e9 et l\u2019apprentissage horizontal<br \/>\n&#8211; Trouver le juste milieu entre la discipline et le laisser faire du th\u00e9rapeute<\/p>\n<p><b>Dates possibles:<\/b><\/p>\n<p><b>Date 1: <\/b>16-May-2025, <b>Horaire: <\/b>9h30-17h30<\/p>\n<p><b>Date 2: <\/b>11-April-2026, <b>Horaire: <\/b> 9h30-17h30<\/p>","protected":false},"excerpt":{"rendered":"<p>La th\u00e9rapie pour soi, \u00e0 travers le mouvement, devient un v\u00e9ritable accompagnement de soi. Elle favorise une prise de conscience de notre int\u00e9rieur, se manifestant comme une sculpture \u00e9ph\u00e9m\u00e8re qui&#8230;<\/p>","protected":false},"featured_media":16604,"template":"","meta":{"_EventAllDay":false,"_EventTimezone":"","_EventStartDate":"","_EventEndDate":"","_EventStartDateUTC":"","_EventEndDateUTC":"","_EventShowMap":false,"_EventShowMapLink":false,"_EventURL":"","_EventCost":"","_EventCostDescription":"","_EventCurrencySymbol":"","_EventCurrencyCode":"","_EventCurrencyPosition":"","_EventDateTimeSeparator":"","_EventTimeRangeSeparator":"","_EventOrganizerID":[],"_EventVenueID":[],"_OrganizerEmail":"","_OrganizerPhone":"","_OrganizerWebsite":"","_VenueAddress":"","_VenueCity":"","_VenueCountry":"","_VenueProvince":"","_VenueState":"","_VenueZip":"","_VenuePhone":"","_VenueURL":"","_VenueStateProvince":"","_VenueLat":"","_VenueLng":"","_VenueShowMap":false,"_VenueShowMapLink":false},"product_brand":[],"product_cat":[333],"product_tag":[],"class_list":{"0":"post-18213","1":"product","2":"type-product","3":"status-publish","4":"has-post-thumbnail","6":"product_cat-workshop","8":"first","9":"instock","10":"shipping-taxable","11":"purchasable","12":"product-type-variable"},"yoast_head":"<!-- This site is optimized with the Yoast SEO Premium plugin v23.8 (Yoast SEO v27.0) - https:\/\/yoast.com\/product\/yoast-seo-premium-wordpress\/ -->\n<title>Module 13 : Danse &amp; Psychologie - Per Se Nota | Danse th\u00e9rapie<\/title>\n<meta name=\"description\" content=\"Module 13 : Danse &amp; Psychologie - Per Se Nota | Danse th\u00e9rapie\" \/>\n<meta name=\"robots\" content=\"index, follow, max-snippet:-1, max-image-preview:large, max-video-preview:-1\" \/>\n<link rel=\"canonical\" href=\"https:\/\/formationdansetherapie.com\/en\/product\/module-13-danse-psychologie\/\" \/>\n<meta property=\"og:locale\" content=\"en_US\" \/>\n<meta property=\"og:type\" content=\"article\" \/>\n<meta property=\"og:title\" content=\"Module 13 : Danse &amp; Psychologie\" \/>\n<meta property=\"og:description\" content=\"Module 13 : Danse &amp; Psychologie - Per Se Nota | Danse th\u00e9rapie\" \/>\n<meta property=\"og:url\" content=\"https:\/\/formationdansetherapie.com\/en\/product\/module-13-danse-psychologie\/\" \/>\n<meta property=\"og:site_name\" content=\"Per Se Nota | Danse th\u00e9rapie\" \/>\n<meta property=\"article:modified_time\" content=\"2025-07-28T21:52:50+00:00\" \/>\n<meta property=\"og:image\" content=\"https:\/\/formationdansetherapie.com\/wp-content\/uploads\/2025\/05\/Module-13-Danse-Psychologie.png\" \/>\n\t<meta property=\"og:image:width\" content=\"1080\" \/>\n\t<meta property=\"og:image:height\" content=\"1350\" \/>\n\t<meta property=\"og:image:type\" content=\"image\/png\" \/>\n<meta name=\"twitter:card\" content=\"summary_large_image\" \/>\n<meta name=\"twitter:label1\" content=\"Est. reading time\" \/>\n\t<meta name=\"twitter:data1\" content=\"1 minute\" \/>\n<script type=\"application\/ld+json\" class=\"yoast-schema-graph\">{\"@context\":\"https:\/\/schema.org\",\"@graph\":[{\"@type\":\"WebPage\",\"@id\":\"https:\/\/formationdansetherapie.com\/product\/module-13-danse-psychologie\/\",\"url\":\"https:\/\/formationdansetherapie.com\/product\/module-13-danse-psychologie\/\",\"name\":\"Module 13 : Danse & Psychologie - Per Se Nota | Danse th\u00e9rapie\",\"isPartOf\":{\"@id\":\"https:\/\/formationdansetherapie.com\/#website\"},\"primaryImageOfPage\":{\"@id\":\"https:\/\/formationdansetherapie.com\/product\/module-13-danse-psychologie\/#primaryimage\"},\"image\":{\"@id\":\"https:\/\/formationdansetherapie.com\/product\/module-13-danse-psychologie\/#primaryimage\"},\"thumbnailUrl\":\"https:\/\/formationdansetherapie.com\/wp-content\/uploads\/2025\/05\/Module-13-Danse-Psychologie.png\",\"datePublished\":\"2025-07-26T21:42:16+00:00\",\"dateModified\":\"2025-07-28T21:52:50+00:00\",\"description\":\"Module 13 : Danse & Psychologie - Per Se Nota | Danse th\u00e9rapie\",\"breadcrumb\":{\"@id\":\"https:\/\/formationdansetherapie.com\/product\/module-13-danse-psychologie\/#breadcrumb\"},\"inLanguage\":\"en-US\",\"potentialAction\":[{\"@type\":\"ReadAction\",\"target\":[\"https:\/\/formationdansetherapie.com\/product\/module-13-danse-psychologie\/\"]}]},{\"@type\":\"ImageObject\",\"inLanguage\":\"en-US\",\"@id\":\"https:\/\/formationdansetherapie.com\/product\/module-13-danse-psychologie\/#primaryimage\",\"url\":\"https:\/\/formationdansetherapie.com\/wp-content\/uploads\/2025\/05\/Module-13-Danse-Psychologie.png\",\"contentUrl\":\"https:\/\/formationdansetherapie.com\/wp-content\/uploads\/2025\/05\/Module-13-Danse-Psychologie.png\",\"width\":1080,\"height\":1350},{\"@type\":\"BreadcrumbList\",\"@id\":\"https:\/\/formationdansetherapie.com\/product\/module-13-danse-psychologie\/#breadcrumb\",\"itemListElement\":[{\"@type\":\"ListItem\",\"position\":1,\"name\":\"Home\",\"item\":\"https:\/\/formationdansetherapie.com\/\"},{\"@type\":\"ListItem\",\"position\":2,\"name\":\"Shop\",\"item\":\"https:\/\/formationdansetherapie.com\/shop\/\"},{\"@type\":\"ListItem\",\"position\":3,\"name\":\"Module 13 : Danse &#038; Psychologie\"}]},{\"@type\":\"WebSite\",\"@id\":\"https:\/\/formationdansetherapie.com\/#website\",\"url\":\"https:\/\/formationdansetherapie.com\/\",\"name\":\"Per Se Nota | Danse th\u00e9rapie\",\"description\":\"Formation professionnelle danse th\u00e9rapie - professeur de danse th\u00e9rapie et danse th\u00e9rapeute\",\"potentialAction\":[{\"@type\":\"SearchAction\",\"target\":{\"@type\":\"EntryPoint\",\"urlTemplate\":\"https:\/\/formationdansetherapie.com\/?s={search_term_string}\"},\"query-input\":{\"@type\":\"PropertyValueSpecification\",\"valueRequired\":true,\"valueName\":\"search_term_string\"}}],\"inLanguage\":\"en-US\"}]}<\/script>\n<!-- \/ Yoast SEO Premium plugin. -->","yoast_head_json":{"title":"Module 13 : Danse & Psychologie - Per Se Nota | Danse th\u00e9rapie","description":"Module 13 : Danse & Psychologie - Per Se Nota | Danse th\u00e9rapie","robots":{"index":"index","follow":"follow","max-snippet":"max-snippet:-1","max-image-preview":"max-image-preview:large","max-video-preview":"max-video-preview:-1"},"canonical":"https:\/\/formationdansetherapie.com\/en\/product\/module-13-danse-psychologie\/","og_locale":"en_US","og_type":"article","og_title":"Module 13 : Danse & Psychologie","og_description":"Module 13 : Danse & Psychologie - Per Se Nota | Danse th\u00e9rapie","og_url":"https:\/\/formationdansetherapie.com\/en\/product\/module-13-danse-psychologie\/","og_site_name":"Per Se Nota | Danse th\u00e9rapie","article_modified_time":"2025-07-28T21:52:50+00:00","og_image":[{"width":1080,"height":1350,"url":"https:\/\/formationdansetherapie.com\/wp-content\/uploads\/2025\/05\/Module-13-Danse-Psychologie.png","type":"image\/png"}],"twitter_card":"summary_large_image","twitter_misc":{"Est. reading time":"1 minute"},"schema":{"@context":"https:\/\/schema.org","@graph":[{"@type":"WebPage","@id":"https:\/\/formationdansetherapie.com\/product\/module-13-danse-psychologie\/","url":"https:\/\/formationdansetherapie.com\/product\/module-13-danse-psychologie\/","name":"Module 13 : Danse & Psychologie - Per Se Nota | Danse th\u00e9rapie","isPartOf":{"@id":"https:\/\/formationdansetherapie.com\/#website"},"primaryImageOfPage":{"@id":"https:\/\/formationdansetherapie.com\/product\/module-13-danse-psychologie\/#primaryimage"},"image":{"@id":"https:\/\/formationdansetherapie.com\/product\/module-13-danse-psychologie\/#primaryimage"},"thumbnailUrl":"https:\/\/formationdansetherapie.com\/wp-content\/uploads\/2025\/05\/Module-13-Danse-Psychologie.png","datePublished":"2025-07-26T21:42:16+00:00","dateModified":"2025-07-28T21:52:50+00:00","description":"Module 13 : Danse & Psychologie - Per Se Nota | Danse th\u00e9rapie","breadcrumb":{"@id":"https:\/\/formationdansetherapie.com\/product\/module-13-danse-psychologie\/#breadcrumb"},"inLanguage":"en-US","potentialAction":[{"@type":"ReadAction","target":["https:\/\/formationdansetherapie.com\/product\/module-13-danse-psychologie\/"]}]},{"@type":"ImageObject","inLanguage":"en-US","@id":"https:\/\/formationdansetherapie.com\/product\/module-13-danse-psychologie\/#primaryimage","url":"https:\/\/formationdansetherapie.com\/wp-content\/uploads\/2025\/05\/Module-13-Danse-Psychologie.png","contentUrl":"https:\/\/formationdansetherapie.com\/wp-content\/uploads\/2025\/05\/Module-13-Danse-Psychologie.png","width":1080,"height":1350},{"@type":"BreadcrumbList","@id":"https:\/\/formationdansetherapie.com\/product\/module-13-danse-psychologie\/#breadcrumb","itemListElement":[{"@type":"ListItem","position":1,"name":"Home","item":"https:\/\/formationdansetherapie.com\/"},{"@type":"ListItem","position":2,"name":"Shop","item":"https:\/\/formationdansetherapie.com\/shop\/"},{"@type":"ListItem","position":3,"name":"Module 13 : Danse &#038; Psychologie"}]},{"@type":"WebSite","@id":"https:\/\/formationdansetherapie.com\/#website","url":"https:\/\/formationdansetherapie.com\/","name":"Per Se Nota | Dance therapy","description":"Formation professionnelle danse th\u00e9rapie - professeur de danse th\u00e9rapie et danse th\u00e9rapeute","potentialAction":[{"@type":"SearchAction","target":{"@type":"EntryPoint","urlTemplate":"https:\/\/formationdansetherapie.com\/?s={search_term_string}"},"query-input":{"@type":"PropertyValueSpecification","valueRequired":true,"valueName":"search_term_string"}}],"inLanguage":"en-US"}]}},"_links":{"self":[{"href":"https:\/\/formationdansetherapie.com\/en\/wp-json\/wp\/v2\/product\/18213","targetHints":{"allow":["GET"]}}],"collection":[{"href":"https:\/\/formationdansetherapie.com\/en\/wp-json\/wp\/v2\/product"}],"about":[{"href":"https:\/\/formationdansetherapie.com\/en\/wp-json\/wp\/v2\/types\/product"}],"wp:featuredmedia":[{"embeddable":true,"href":"https:\/\/formationdansetherapie.com\/en\/wp-json\/wp\/v2\/media\/16604"}],"wp:attachment":[{"href":"https:\/\/formationdansetherapie.com\/en\/wp-json\/wp\/v2\/media?parent=18213"}],"wp:term":[{"taxonomy":"product_brand","embeddable":true,"href":"https:\/\/formationdansetherapie.com\/en\/wp-json\/wp\/v2\/product_brand?post=18213"},{"taxonomy":"product_cat","embeddable":true,"href":"https:\/\/formationdansetherapie.com\/en\/wp-json\/wp\/v2\/product_cat?post=18213"},{"taxonomy":"product_tag","embeddable":true,"href":"https:\/\/formationdansetherapie.com\/en\/wp-json\/wp\/v2\/product_tag?post=18213"}],"curies":[{"name":"wp","href":"https:\/\/api.w.org\/{rel}","templated":true}]}}