{"id":18212,"date":"2025-07-26T23:42:15","date_gmt":"2025-07-26T21:42:15","guid":{"rendered":"https:\/\/formationdansetherapie.com\/product\/module-19-cadre-danse-et-assertivite\/"},"modified":"2025-07-28T23:49:34","modified_gmt":"2025-07-28T21:49:34","slug":"module-19-cadre-danse-et-assertivite","status":"publish","type":"product","link":"https:\/\/formationdansetherapie.com\/en\/product\/module-19-cadre-danse-et-assertivite\/","title":{"rendered":"Module 19 : Cadre, Danse et Assertivit\u00e9"},"content":{"rendered":"<style type=\"text\/css\"><\/style><p>\u00c0 travers la danse, nous apprenons \u00e0 nous comprendre et \u00e0 comprendre l&rsquo;autre, en lui laissant de l&rsquo;espace sans se laisser d\u00e9vorer par sa pr\u00e9sence. Cet \u00e9quilibre d\u00e9licat se construit par le mouvement, la verbalisation dans un espace contenu. La danse-th\u00e9rapie devient alors un moyen de reformuler en mouvement ce qui est pr\u00e9sent en nous \u00e0 chaque instant. Nous abordons en mouvement la maiest\u00e9sie et les parties de soi qui s&rsquo;invite dans le mouvement inconscient. Chaque geste devient une expression de nos \u00e9motions et de nos pens\u00e9es, nous permettant ainsi d\u2019explorer notre int\u00e9riorit\u00e9 tout en honorant l\u2019autre. C&rsquo;est un voyage partag\u00e9 vers l&rsquo;\u00e9panouissement personnel et relationnel.<\/p>\n<p><b>Objectifs:<\/b><\/p>\n<p>&#8211; Apprendre \u00e0 \u00e9tablir un cadre s\u00e9curisant et \u00e0 diriger un cercle de paroles, favorisant l\u2019\u00e9coute et l\u2019expression de chacun.<br \/>\n&#8211; S\u2019initier \u00e0 la gestion du groupe, tissant des liens de confiance et de respect entre les participants.<br \/>\n&#8211; Apprendre \u00e0 \u00e9quilibrer la dimension verticale de l\u2019autorit\u00e9 avec l\u2019apprentissage horizontal, cr\u00e9ant ainsi un espace de partage enrichissant.<br \/>\n&#8211; Trouver l\u2019harmonie entre discipline et libert\u00e9, cultivant l\u2019art du l\u00e2cher-prise chez le th\u00e9rapeute.<\/p>\n<p><b>Dates possibles:<\/b><\/p>\n<p><b>Date 1: <\/b>15-May-2025, <b>Horaire: <\/b>9h-16h30<\/p>\n<p><b>Date 2: <\/b>09-April-2026, <b>Horaire: <\/b> 9h-16h30<\/p>","protected":false},"excerpt":{"rendered":"<p>\u00c0 travers la danse, nous apprenons \u00e0 nous comprendre et \u00e0 comprendre l&rsquo;autre, en lui laissant de l&rsquo;espace sans se laisser d\u00e9vorer par sa pr\u00e9sence. Cet \u00e9quilibre d\u00e9licat se construit&#8230;<\/p>","protected":false},"featured_media":16610,"template":"","meta":{"_EventAllDay":false,"_EventTimezone":"","_EventStartDate":"","_EventEndDate":"","_EventStartDateUTC":"","_EventEndDateUTC":"","_EventShowMap":false,"_EventShowMapLink":false,"_EventURL":"","_EventCost":"","_EventCostDescription":"","_EventCurrencySymbol":"","_EventCurrencyCode":"","_EventCurrencyPosition":"","_EventDateTimeSeparator":"","_EventTimeRangeSeparator":"","_EventOrganizerID":[],"_EventVenueID":[],"_OrganizerEmail":"","_OrganizerPhone":"","_OrganizerWebsite":"","_VenueAddress":"","_VenueCity":"","_VenueCountry":"","_VenueProvince":"","_VenueState":"","_VenueZip":"","_VenuePhone":"","_VenueURL":"","_VenueStateProvince":"","_VenueLat":"","_VenueLng":"","_VenueShowMap":false,"_VenueShowMapLink":false},"product_brand":[],"product_cat":[333],"product_tag":[],"class_list":{"0":"post-18212","1":"product","2":"type-product","3":"status-publish","4":"has-post-thumbnail","6":"product_cat-workshop","8":"first","9":"instock","10":"shipping-taxable","11":"purchasable","12":"product-type-variable"},"yoast_head":"<!-- This site is optimized with the Yoast SEO Premium plugin v23.8 (Yoast SEO v27.0) - https:\/\/yoast.com\/product\/yoast-seo-premium-wordpress\/ -->\n<title>Module 19 : Cadre, Danse et Assertivit\u00e9 - Per Se Nota | Danse th\u00e9rapie<\/title>\n<meta name=\"description\" content=\"Module 19 : Cadre, Danse et Assertivit\u00e9 - Per Se Nota | Danse th\u00e9rapie\" \/>\n<meta name=\"robots\" content=\"index, follow, max-snippet:-1, max-image-preview:large, max-video-preview:-1\" \/>\n<link rel=\"canonical\" href=\"https:\/\/formationdansetherapie.com\/en\/product\/module-19-cadre-danse-et-assertivite\/\" \/>\n<meta property=\"og:locale\" content=\"en_US\" \/>\n<meta property=\"og:type\" content=\"article\" \/>\n<meta property=\"og:title\" content=\"Module 19 : Cadre, Danse et Assertivit\u00e9\" \/>\n<meta property=\"og:description\" content=\"Module 19 : Cadre, Danse et Assertivit\u00e9 - Per Se Nota | Danse th\u00e9rapie\" \/>\n<meta property=\"og:url\" content=\"https:\/\/formationdansetherapie.com\/en\/product\/module-19-cadre-danse-et-assertivite\/\" \/>\n<meta property=\"og:site_name\" content=\"Per Se Nota | Danse th\u00e9rapie\" \/>\n<meta property=\"article:modified_time\" content=\"2025-07-28T21:49:34+00:00\" \/>\n<meta property=\"og:image\" content=\"https:\/\/formationdansetherapie.com\/wp-content\/uploads\/2025\/05\/Module-19-Cadre-Danse-et-Assertivite.png\" \/>\n\t<meta property=\"og:image:width\" content=\"1080\" \/>\n\t<meta property=\"og:image:height\" content=\"1350\" \/>\n\t<meta property=\"og:image:type\" content=\"image\/png\" \/>\n<meta name=\"twitter:card\" content=\"summary_large_image\" \/>\n<meta name=\"twitter:label1\" content=\"Est. reading time\" \/>\n\t<meta name=\"twitter:data1\" content=\"2 minutes\" \/>\n<script type=\"application\/ld+json\" class=\"yoast-schema-graph\">{\"@context\":\"https:\/\/schema.org\",\"@graph\":[{\"@type\":\"WebPage\",\"@id\":\"https:\/\/formationdansetherapie.com\/product\/module-19-cadre-danse-et-assertivite\/\",\"url\":\"https:\/\/formationdansetherapie.com\/product\/module-19-cadre-danse-et-assertivite\/\",\"name\":\"Module 19 : Cadre, Danse et Assertivit\u00e9 - Per Se Nota | Danse th\u00e9rapie\",\"isPartOf\":{\"@id\":\"https:\/\/formationdansetherapie.com\/#website\"},\"primaryImageOfPage\":{\"@id\":\"https:\/\/formationdansetherapie.com\/product\/module-19-cadre-danse-et-assertivite\/#primaryimage\"},\"image\":{\"@id\":\"https:\/\/formationdansetherapie.com\/product\/module-19-cadre-danse-et-assertivite\/#primaryimage\"},\"thumbnailUrl\":\"https:\/\/formationdansetherapie.com\/wp-content\/uploads\/2025\/05\/Module-19-Cadre-Danse-et-Assertivite.png\",\"datePublished\":\"2025-07-26T21:42:15+00:00\",\"dateModified\":\"2025-07-28T21:49:34+00:00\",\"description\":\"Module 19 : Cadre, Danse et Assertivit\u00e9 - Per Se Nota | Danse th\u00e9rapie\",\"breadcrumb\":{\"@id\":\"https:\/\/formationdansetherapie.com\/product\/module-19-cadre-danse-et-assertivite\/#breadcrumb\"},\"inLanguage\":\"en-US\",\"potentialAction\":[{\"@type\":\"ReadAction\",\"target\":[\"https:\/\/formationdansetherapie.com\/product\/module-19-cadre-danse-et-assertivite\/\"]}]},{\"@type\":\"ImageObject\",\"inLanguage\":\"en-US\",\"@id\":\"https:\/\/formationdansetherapie.com\/product\/module-19-cadre-danse-et-assertivite\/#primaryimage\",\"url\":\"https:\/\/formationdansetherapie.com\/wp-content\/uploads\/2025\/05\/Module-19-Cadre-Danse-et-Assertivite.png\",\"contentUrl\":\"https:\/\/formationdansetherapie.com\/wp-content\/uploads\/2025\/05\/Module-19-Cadre-Danse-et-Assertivite.png\",\"width\":1080,\"height\":1350},{\"@type\":\"BreadcrumbList\",\"@id\":\"https:\/\/formationdansetherapie.com\/product\/module-19-cadre-danse-et-assertivite\/#breadcrumb\",\"itemListElement\":[{\"@type\":\"ListItem\",\"position\":1,\"name\":\"Home\",\"item\":\"https:\/\/formationdansetherapie.com\/\"},{\"@type\":\"ListItem\",\"position\":2,\"name\":\"Shop\",\"item\":\"https:\/\/formationdansetherapie.com\/shop\/\"},{\"@type\":\"ListItem\",\"position\":3,\"name\":\"Module 19 : Cadre, Danse et Assertivit\u00e9\"}]},{\"@type\":\"WebSite\",\"@id\":\"https:\/\/formationdansetherapie.com\/#website\",\"url\":\"https:\/\/formationdansetherapie.com\/\",\"name\":\"Per Se Nota | Danse th\u00e9rapie\",\"description\":\"Formation professionnelle danse th\u00e9rapie - professeur de danse th\u00e9rapie et danse th\u00e9rapeute\",\"potentialAction\":[{\"@type\":\"SearchAction\",\"target\":{\"@type\":\"EntryPoint\",\"urlTemplate\":\"https:\/\/formationdansetherapie.com\/?s={search_term_string}\"},\"query-input\":{\"@type\":\"PropertyValueSpecification\",\"valueRequired\":true,\"valueName\":\"search_term_string\"}}],\"inLanguage\":\"en-US\"}]}<\/script>\n<!-- \/ Yoast SEO Premium plugin. -->","yoast_head_json":{"title":"Module 19 : Cadre, Danse et Assertivit\u00e9 - Per Se Nota | Danse th\u00e9rapie","description":"Module 19 : Cadre, Danse et Assertivit\u00e9 - Per Se Nota | Danse th\u00e9rapie","robots":{"index":"index","follow":"follow","max-snippet":"max-snippet:-1","max-image-preview":"max-image-preview:large","max-video-preview":"max-video-preview:-1"},"canonical":"https:\/\/formationdansetherapie.com\/en\/product\/module-19-cadre-danse-et-assertivite\/","og_locale":"en_US","og_type":"article","og_title":"Module 19 : Cadre, Danse et Assertivit\u00e9","og_description":"Module 19 : Cadre, Danse et Assertivit\u00e9 - Per Se Nota | Danse th\u00e9rapie","og_url":"https:\/\/formationdansetherapie.com\/en\/product\/module-19-cadre-danse-et-assertivite\/","og_site_name":"Per Se Nota | Danse th\u00e9rapie","article_modified_time":"2025-07-28T21:49:34+00:00","og_image":[{"width":1080,"height":1350,"url":"https:\/\/formationdansetherapie.com\/wp-content\/uploads\/2025\/05\/Module-19-Cadre-Danse-et-Assertivite.png","type":"image\/png"}],"twitter_card":"summary_large_image","twitter_misc":{"Est. reading time":"2 minutes"},"schema":{"@context":"https:\/\/schema.org","@graph":[{"@type":"WebPage","@id":"https:\/\/formationdansetherapie.com\/product\/module-19-cadre-danse-et-assertivite\/","url":"https:\/\/formationdansetherapie.com\/product\/module-19-cadre-danse-et-assertivite\/","name":"Module 19 : Cadre, Danse et Assertivit\u00e9 - Per Se Nota | Danse th\u00e9rapie","isPartOf":{"@id":"https:\/\/formationdansetherapie.com\/#website"},"primaryImageOfPage":{"@id":"https:\/\/formationdansetherapie.com\/product\/module-19-cadre-danse-et-assertivite\/#primaryimage"},"image":{"@id":"https:\/\/formationdansetherapie.com\/product\/module-19-cadre-danse-et-assertivite\/#primaryimage"},"thumbnailUrl":"https:\/\/formationdansetherapie.com\/wp-content\/uploads\/2025\/05\/Module-19-Cadre-Danse-et-Assertivite.png","datePublished":"2025-07-26T21:42:15+00:00","dateModified":"2025-07-28T21:49:34+00:00","description":"Module 19 : Cadre, Danse et Assertivit\u00e9 - Per Se Nota | Danse th\u00e9rapie","breadcrumb":{"@id":"https:\/\/formationdansetherapie.com\/product\/module-19-cadre-danse-et-assertivite\/#breadcrumb"},"inLanguage":"en-US","potentialAction":[{"@type":"ReadAction","target":["https:\/\/formationdansetherapie.com\/product\/module-19-cadre-danse-et-assertivite\/"]}]},{"@type":"ImageObject","inLanguage":"en-US","@id":"https:\/\/formationdansetherapie.com\/product\/module-19-cadre-danse-et-assertivite\/#primaryimage","url":"https:\/\/formationdansetherapie.com\/wp-content\/uploads\/2025\/05\/Module-19-Cadre-Danse-et-Assertivite.png","contentUrl":"https:\/\/formationdansetherapie.com\/wp-content\/uploads\/2025\/05\/Module-19-Cadre-Danse-et-Assertivite.png","width":1080,"height":1350},{"@type":"BreadcrumbList","@id":"https:\/\/formationdansetherapie.com\/product\/module-19-cadre-danse-et-assertivite\/#breadcrumb","itemListElement":[{"@type":"ListItem","position":1,"name":"Home","item":"https:\/\/formationdansetherapie.com\/"},{"@type":"ListItem","position":2,"name":"Shop","item":"https:\/\/formationdansetherapie.com\/shop\/"},{"@type":"ListItem","position":3,"name":"Module 19 : Cadre, Danse et Assertivit\u00e9"}]},{"@type":"WebSite","@id":"https:\/\/formationdansetherapie.com\/#website","url":"https:\/\/formationdansetherapie.com\/","name":"Per Se Nota | Dance therapy","description":"Formation professionnelle danse th\u00e9rapie - professeur de danse th\u00e9rapie et danse th\u00e9rapeute","potentialAction":[{"@type":"SearchAction","target":{"@type":"EntryPoint","urlTemplate":"https:\/\/formationdansetherapie.com\/?s={search_term_string}"},"query-input":{"@type":"PropertyValueSpecification","valueRequired":true,"valueName":"search_term_string"}}],"inLanguage":"en-US"}]}},"_links":{"self":[{"href":"https:\/\/formationdansetherapie.com\/en\/wp-json\/wp\/v2\/product\/18212","targetHints":{"allow":["GET"]}}],"collection":[{"href":"https:\/\/formationdansetherapie.com\/en\/wp-json\/wp\/v2\/product"}],"about":[{"href":"https:\/\/formationdansetherapie.com\/en\/wp-json\/wp\/v2\/types\/product"}],"wp:featuredmedia":[{"embeddable":true,"href":"https:\/\/formationdansetherapie.com\/en\/wp-json\/wp\/v2\/media\/16610"}],"wp:attachment":[{"href":"https:\/\/formationdansetherapie.com\/en\/wp-json\/wp\/v2\/media?parent=18212"}],"wp:term":[{"taxonomy":"product_brand","embeddable":true,"href":"https:\/\/formationdansetherapie.com\/en\/wp-json\/wp\/v2\/product_brand?post=18212"},{"taxonomy":"product_cat","embeddable":true,"href":"https:\/\/formationdansetherapie.com\/en\/wp-json\/wp\/v2\/product_cat?post=18212"},{"taxonomy":"product_tag","embeddable":true,"href":"https:\/\/formationdansetherapie.com\/en\/wp-json\/wp\/v2\/product_tag?post=18212"}],"curies":[{"name":"wp","href":"https:\/\/api.w.org\/{rel}","templated":true}]}}