{"id":18210,"date":"2025-07-26T23:42:12","date_gmt":"2025-07-26T21:42:12","guid":{"rendered":"https:\/\/formationdansetherapie.com\/product\/module-3-j2-emotions-je-maime-je-respire-je-maime-je-danse\/"},"modified":"2025-07-28T23:36:12","modified_gmt":"2025-07-28T21:36:12","slug":"module-3-j2-emotions-je-maime-je-respire-je-maime-je-danse","status":"publish","type":"product","link":"https:\/\/formationdansetherapie.com\/en\/product\/module-3-j2-emotions-je-maime-je-respire-je-maime-je-danse\/","title":{"rendered":"Module 3 J2: \u00c9motions \u00ab\u00a0Je m&rsquo;aime je respire&#8230; je m&rsquo;aime je danse&#8230;\u00a0\u00bb"},"content":{"rendered":"<style type=\"text\/css\"><\/style><p>Rencontrer ma vuln\u00e9rabilit\u00e9 est un voyage intime, surtout face \u00e0 des postures sociales qui ne me correspondent pas. La danse devient un outil puissant pour explorer mes diff\u00e9rentes facettes, notamment ma sensibilit\u00e9 et ma fragilit\u00e9, souvent cach\u00e9es. Gr\u00e2ce \u00e0 la danse-th\u00e9rapie, je peux accueillir ces \u00e9motions, les exprimer librement et les int\u00e9grer. Chaque geste devient une invitation \u00e0 c\u00e9l\u00e9brer mon authenticit\u00e9 et \u00e0 embrasser l\u2019ensemble de mon \u00eatre, m\u00eame dans l\u2019imperfection.<\/p>\n<p><b>Objectifs:<\/b><\/p>\n<p>&#8211; D\u00e9velopper la confiance en soi et envers autrui, b\u00e2tissant des ponts solides entre les c\u0153urs.<br \/>\n&#8211; Cultiver la bienveillance et l\u2019amour de soi, offrant un espace doux et accueillant \u00e0 sa propre essence.<br \/>\n&#8211; S\u2019initier aux pratiques de la danse-th\u00e9rapie, traversant un \u00e9ventail riche d\u2019\u00e9motions et permettant \u00e0 chaque mouvement de raconter une histoire.<br \/>\n&#8211; Am\u00e9liorer son vocabulaire \u00e9motionnel, enrichissant ainsi la palette d\u2019expressions pour mieux comprendre et partager ses ressentis.<\/p>\n<p><b>Dates possibles:<\/b><\/p>\n<p><b>Date 1: <\/b>19-May-2025, <b>Horaire: <\/b>9h-17h<\/p>\n<p><b>Date 2: <\/b>13-April-2026, <b>Horaire: <\/b> 9h-17h<\/p>","protected":false},"excerpt":{"rendered":"<p>Rencontrer ma vuln\u00e9rabilit\u00e9 est un voyage intime, surtout face \u00e0 des postures sociales qui ne me correspondent pas. La danse devient un outil puissant pour explorer mes diff\u00e9rentes facettes, notamment&#8230;<\/p>","protected":false},"featured_media":16585,"template":"","meta":{"_EventAllDay":false,"_EventTimezone":"","_EventStartDate":"","_EventEndDate":"","_EventStartDateUTC":"","_EventEndDateUTC":"","_EventShowMap":false,"_EventShowMapLink":false,"_EventURL":"","_EventCost":"","_EventCostDescription":"","_EventCurrencySymbol":"","_EventCurrencyCode":"","_EventCurrencyPosition":"","_EventDateTimeSeparator":"","_EventTimeRangeSeparator":"","_EventOrganizerID":[],"_EventVenueID":[],"_OrganizerEmail":"","_OrganizerPhone":"","_OrganizerWebsite":"","_VenueAddress":"","_VenueCity":"","_VenueCountry":"","_VenueProvince":"","_VenueState":"","_VenueZip":"","_VenuePhone":"","_VenueURL":"","_VenueStateProvince":"","_VenueLat":"","_VenueLng":"","_VenueShowMap":false,"_VenueShowMapLink":false},"product_brand":[],"product_cat":[333],"product_tag":[],"class_list":{"0":"post-18210","1":"product","2":"type-product","3":"status-publish","4":"has-post-thumbnail","6":"product_cat-workshop","8":"first","9":"instock","10":"shipping-taxable","11":"purchasable","12":"product-type-variable"},"yoast_head":"<!-- This site is optimized with the Yoast SEO Premium plugin v23.8 (Yoast SEO v27.0) - https:\/\/yoast.com\/product\/yoast-seo-premium-wordpress\/ -->\n<title>Module 3 J2: \u00c9motions &quot;Je m&#039;aime je respire... je m&#039;aime je danse...&quot; - Per Se Nota | Danse th\u00e9rapie<\/title>\n<meta name=\"description\" content=\"Module 3 J2: \u00c9motions &quot;Je m&#039;aime je respire... je m&#039;aime je danse...&quot; - Per Se Nota | Danse th\u00e9rapie\" \/>\n<meta name=\"robots\" content=\"index, follow, max-snippet:-1, max-image-preview:large, max-video-preview:-1\" \/>\n<link rel=\"canonical\" href=\"https:\/\/formationdansetherapie.com\/en\/product\/module-3-j2-emotions-je-maime-je-respire-je-maime-je-danse\/\" \/>\n<meta property=\"og:locale\" content=\"en_US\" \/>\n<meta property=\"og:type\" content=\"article\" \/>\n<meta property=\"og:title\" content=\"Module 3 J2: \u00c9motions &quot;Je m&#039;aime je respire... je m&#039;aime je danse...&quot;\" \/>\n<meta property=\"og:description\" content=\"Module 3 J2: \u00c9motions &quot;Je m&#039;aime je respire... je m&#039;aime je danse...&quot; - Per Se Nota | Danse th\u00e9rapie\" \/>\n<meta property=\"og:url\" content=\"https:\/\/formationdansetherapie.com\/en\/product\/module-3-j2-emotions-je-maime-je-respire-je-maime-je-danse\/\" \/>\n<meta property=\"og:site_name\" content=\"Per Se Nota | Danse th\u00e9rapie\" \/>\n<meta property=\"article:modified_time\" content=\"2025-07-28T21:36:12+00:00\" \/>\n<meta property=\"og:image\" content=\"https:\/\/formationdansetherapie.com\/wp-content\/uploads\/2025\/05\/Module-3-J2-Emotions-Je-maime-je-respire.-je-maime-je-danse.png\" \/>\n\t<meta property=\"og:image:width\" content=\"1080\" \/>\n\t<meta property=\"og:image:height\" content=\"1350\" \/>\n\t<meta property=\"og:image:type\" content=\"image\/png\" \/>\n<meta name=\"twitter:card\" content=\"summary_large_image\" \/>\n<meta name=\"twitter:label1\" content=\"Est. reading time\" \/>\n\t<meta name=\"twitter:data1\" content=\"1 minute\" \/>\n<script type=\"application\/ld+json\" class=\"yoast-schema-graph\">{\"@context\":\"https:\/\/schema.org\",\"@graph\":[{\"@type\":\"WebPage\",\"@id\":\"https:\/\/formationdansetherapie.com\/product\/module-3-j2-emotions-je-maime-je-respire-je-maime-je-danse\/\",\"url\":\"https:\/\/formationdansetherapie.com\/product\/module-3-j2-emotions-je-maime-je-respire-je-maime-je-danse\/\",\"name\":\"Module 3 J2: \u00c9motions \\\"Je m'aime je respire... je m'aime je danse...\\\" - Per Se Nota | Danse th\u00e9rapie\",\"isPartOf\":{\"@id\":\"https:\/\/formationdansetherapie.com\/#website\"},\"primaryImageOfPage\":{\"@id\":\"https:\/\/formationdansetherapie.com\/product\/module-3-j2-emotions-je-maime-je-respire-je-maime-je-danse\/#primaryimage\"},\"image\":{\"@id\":\"https:\/\/formationdansetherapie.com\/product\/module-3-j2-emotions-je-maime-je-respire-je-maime-je-danse\/#primaryimage\"},\"thumbnailUrl\":\"https:\/\/formationdansetherapie.com\/wp-content\/uploads\/2025\/05\/Module-3-J2-Emotions-Je-maime-je-respire.-je-maime-je-danse.png\",\"datePublished\":\"2025-07-26T21:42:12+00:00\",\"dateModified\":\"2025-07-28T21:36:12+00:00\",\"description\":\"Module 3 J2: \u00c9motions \\\"Je m'aime je respire... je m'aime je danse...\\\" - Per Se Nota | Danse th\u00e9rapie\",\"breadcrumb\":{\"@id\":\"https:\/\/formationdansetherapie.com\/product\/module-3-j2-emotions-je-maime-je-respire-je-maime-je-danse\/#breadcrumb\"},\"inLanguage\":\"en-US\",\"potentialAction\":[{\"@type\":\"ReadAction\",\"target\":[\"https:\/\/formationdansetherapie.com\/product\/module-3-j2-emotions-je-maime-je-respire-je-maime-je-danse\/\"]}]},{\"@type\":\"ImageObject\",\"inLanguage\":\"en-US\",\"@id\":\"https:\/\/formationdansetherapie.com\/product\/module-3-j2-emotions-je-maime-je-respire-je-maime-je-danse\/#primaryimage\",\"url\":\"https:\/\/formationdansetherapie.com\/wp-content\/uploads\/2025\/05\/Module-3-J2-Emotions-Je-maime-je-respire.-je-maime-je-danse.png\",\"contentUrl\":\"https:\/\/formationdansetherapie.com\/wp-content\/uploads\/2025\/05\/Module-3-J2-Emotions-Je-maime-je-respire.-je-maime-je-danse.png\",\"width\":1080,\"height\":1350},{\"@type\":\"BreadcrumbList\",\"@id\":\"https:\/\/formationdansetherapie.com\/product\/module-3-j2-emotions-je-maime-je-respire-je-maime-je-danse\/#breadcrumb\",\"itemListElement\":[{\"@type\":\"ListItem\",\"position\":1,\"name\":\"Home\",\"item\":\"https:\/\/formationdansetherapie.com\/\"},{\"@type\":\"ListItem\",\"position\":2,\"name\":\"Shop\",\"item\":\"https:\/\/formationdansetherapie.com\/shop\/\"},{\"@type\":\"ListItem\",\"position\":3,\"name\":\"Module 3 J2: \u00c9motions &#8220;Je m&#8217;aime je respire&#8230; je m&#8217;aime je danse&#8230;&#8221;\"}]},{\"@type\":\"WebSite\",\"@id\":\"https:\/\/formationdansetherapie.com\/#website\",\"url\":\"https:\/\/formationdansetherapie.com\/\",\"name\":\"Per Se Nota | Danse th\u00e9rapie\",\"description\":\"Formation professionnelle danse th\u00e9rapie - professeur de danse th\u00e9rapie et danse th\u00e9rapeute\",\"potentialAction\":[{\"@type\":\"SearchAction\",\"target\":{\"@type\":\"EntryPoint\",\"urlTemplate\":\"https:\/\/formationdansetherapie.com\/?s={search_term_string}\"},\"query-input\":{\"@type\":\"PropertyValueSpecification\",\"valueRequired\":true,\"valueName\":\"search_term_string\"}}],\"inLanguage\":\"en-US\"}]}<\/script>\n<!-- \/ Yoast SEO Premium plugin. -->","yoast_head_json":{"title":"Module 3 J2: \u00c9motions \"Je m'aime je respire... je m'aime je danse...\" - Per Se Nota | Danse th\u00e9rapie","description":"Module 3 J2: \u00c9motions \"Je m'aime je respire... je m'aime je danse...\" - Per Se Nota | Danse th\u00e9rapie","robots":{"index":"index","follow":"follow","max-snippet":"max-snippet:-1","max-image-preview":"max-image-preview:large","max-video-preview":"max-video-preview:-1"},"canonical":"https:\/\/formationdansetherapie.com\/en\/product\/module-3-j2-emotions-je-maime-je-respire-je-maime-je-danse\/","og_locale":"en_US","og_type":"article","og_title":"Module 3 J2: \u00c9motions \"Je m'aime je respire... je m'aime je danse...\"","og_description":"Module 3 J2: \u00c9motions \"Je m'aime je respire... je m'aime je danse...\" - Per Se Nota | Danse th\u00e9rapie","og_url":"https:\/\/formationdansetherapie.com\/en\/product\/module-3-j2-emotions-je-maime-je-respire-je-maime-je-danse\/","og_site_name":"Per Se Nota | Danse th\u00e9rapie","article_modified_time":"2025-07-28T21:36:12+00:00","og_image":[{"width":1080,"height":1350,"url":"https:\/\/formationdansetherapie.com\/wp-content\/uploads\/2025\/05\/Module-3-J2-Emotions-Je-maime-je-respire.-je-maime-je-danse.png","type":"image\/png"}],"twitter_card":"summary_large_image","twitter_misc":{"Est. reading time":"1 minute"},"schema":{"@context":"https:\/\/schema.org","@graph":[{"@type":"WebPage","@id":"https:\/\/formationdansetherapie.com\/product\/module-3-j2-emotions-je-maime-je-respire-je-maime-je-danse\/","url":"https:\/\/formationdansetherapie.com\/product\/module-3-j2-emotions-je-maime-je-respire-je-maime-je-danse\/","name":"Module 3 J2: \u00c9motions \"Je m'aime je respire... je m'aime je danse...\" - Per Se Nota | Danse th\u00e9rapie","isPartOf":{"@id":"https:\/\/formationdansetherapie.com\/#website"},"primaryImageOfPage":{"@id":"https:\/\/formationdansetherapie.com\/product\/module-3-j2-emotions-je-maime-je-respire-je-maime-je-danse\/#primaryimage"},"image":{"@id":"https:\/\/formationdansetherapie.com\/product\/module-3-j2-emotions-je-maime-je-respire-je-maime-je-danse\/#primaryimage"},"thumbnailUrl":"https:\/\/formationdansetherapie.com\/wp-content\/uploads\/2025\/05\/Module-3-J2-Emotions-Je-maime-je-respire.-je-maime-je-danse.png","datePublished":"2025-07-26T21:42:12+00:00","dateModified":"2025-07-28T21:36:12+00:00","description":"Module 3 J2: \u00c9motions \"Je m'aime je respire... je m'aime je danse...\" - Per Se Nota | Danse th\u00e9rapie","breadcrumb":{"@id":"https:\/\/formationdansetherapie.com\/product\/module-3-j2-emotions-je-maime-je-respire-je-maime-je-danse\/#breadcrumb"},"inLanguage":"en-US","potentialAction":[{"@type":"ReadAction","target":["https:\/\/formationdansetherapie.com\/product\/module-3-j2-emotions-je-maime-je-respire-je-maime-je-danse\/"]}]},{"@type":"ImageObject","inLanguage":"en-US","@id":"https:\/\/formationdansetherapie.com\/product\/module-3-j2-emotions-je-maime-je-respire-je-maime-je-danse\/#primaryimage","url":"https:\/\/formationdansetherapie.com\/wp-content\/uploads\/2025\/05\/Module-3-J2-Emotions-Je-maime-je-respire.-je-maime-je-danse.png","contentUrl":"https:\/\/formationdansetherapie.com\/wp-content\/uploads\/2025\/05\/Module-3-J2-Emotions-Je-maime-je-respire.-je-maime-je-danse.png","width":1080,"height":1350},{"@type":"BreadcrumbList","@id":"https:\/\/formationdansetherapie.com\/product\/module-3-j2-emotions-je-maime-je-respire-je-maime-je-danse\/#breadcrumb","itemListElement":[{"@type":"ListItem","position":1,"name":"Home","item":"https:\/\/formationdansetherapie.com\/"},{"@type":"ListItem","position":2,"name":"Shop","item":"https:\/\/formationdansetherapie.com\/shop\/"},{"@type":"ListItem","position":3,"name":"Module 3 J2: \u00c9motions &#8220;Je m&#8217;aime je respire&#8230; je m&#8217;aime je danse&#8230;&#8221;"}]},{"@type":"WebSite","@id":"https:\/\/formationdansetherapie.com\/#website","url":"https:\/\/formationdansetherapie.com\/","name":"Per Se Nota | Dance therapy","description":"Formation professionnelle danse th\u00e9rapie - professeur de danse th\u00e9rapie et danse th\u00e9rapeute","potentialAction":[{"@type":"SearchAction","target":{"@type":"EntryPoint","urlTemplate":"https:\/\/formationdansetherapie.com\/?s={search_term_string}"},"query-input":{"@type":"PropertyValueSpecification","valueRequired":true,"valueName":"search_term_string"}}],"inLanguage":"en-US"}]}},"_links":{"self":[{"href":"https:\/\/formationdansetherapie.com\/en\/wp-json\/wp\/v2\/product\/18210","targetHints":{"allow":["GET"]}}],"collection":[{"href":"https:\/\/formationdansetherapie.com\/en\/wp-json\/wp\/v2\/product"}],"about":[{"href":"https:\/\/formationdansetherapie.com\/en\/wp-json\/wp\/v2\/types\/product"}],"wp:featuredmedia":[{"embeddable":true,"href":"https:\/\/formationdansetherapie.com\/en\/wp-json\/wp\/v2\/media\/16585"}],"wp:attachment":[{"href":"https:\/\/formationdansetherapie.com\/en\/wp-json\/wp\/v2\/media?parent=18210"}],"wp:term":[{"taxonomy":"product_brand","embeddable":true,"href":"https:\/\/formationdansetherapie.com\/en\/wp-json\/wp\/v2\/product_brand?post=18210"},{"taxonomy":"product_cat","embeddable":true,"href":"https:\/\/formationdansetherapie.com\/en\/wp-json\/wp\/v2\/product_cat?post=18210"},{"taxonomy":"product_tag","embeddable":true,"href":"https:\/\/formationdansetherapie.com\/en\/wp-json\/wp\/v2\/product_tag?post=18210"}],"curies":[{"name":"wp","href":"https:\/\/api.w.org\/{rel}","templated":true}]}}