{"id":18209,"date":"2025-07-26T23:42:11","date_gmt":"2025-07-26T21:42:11","guid":{"rendered":"https:\/\/formationdansetherapie.com\/product\/module-10-les-bases-techniques-de-la-danse-moderne\/"},"modified":"2025-07-28T23:33:24","modified_gmt":"2025-07-28T21:33:24","slug":"module-10-les-bases-techniques-de-la-danse-moderne","status":"publish","type":"product","link":"https:\/\/formationdansetherapie.com\/en\/product\/module-10-les-bases-techniques-de-la-danse-moderne\/","title":{"rendered":"Module 10 : Les bases techniques de la danse moderne"},"content":{"rendered":"<style type=\"text\/css\"><\/style><p>La technique et la rigueur contiennent les tergiversations des pens\u00e9es, offrant une ancre essentielle. Le corps devient le fondement sur lequel se construit la discipline, permettant de canaliser l&rsquo;\u00e9nergie cr\u00e9ative. Dans ce contexte, la danse moderne se pr\u00e9sente comme un \u00e9crin pour la danse-th\u00e9rapie, un espace d\u00e9pouill\u00e9 de la pression de la performance. Ici, la libert\u00e9 d&rsquo;expression prend tout son sens, favorisant une exploration authentique de soi. Ce lieu de construction personnelle permet \u00e0 chacun de se reconnecter \u00e0 son essence, d&rsquo;exp\u00e9rimenter la contrainte pour la d\u00e9passer.<\/p>\n<p><b>Objectifs:<\/b><\/p>\n<p>&#8211; Plonger dans les fondements de la danse moderne, comme un explorateur d\u00e9couvrant de nouveaux horizons.<br \/>\n&#8211; Acqu\u00e9rir la technique essentielle, telle une toile sur laquelle peindre des mouvements.<br \/>\n&#8211; \u00c9tablir des liens harmonieux entre la rigueur de la technique et la libert\u00e9 d\u2019expression dans la danse.<br \/>\n&#8211; D\u00e9velopper la concentration, un phare \u00e9clairant le chemin du mouvement.<br \/>\n&#8211; Fa\u00e7onner sa musculature, comme un artiste sculpte son chef-d&rsquo;\u0153uvre.<br \/>\n&#8211; \u00c9lever le corps de ses \u00e9l\u00e8ves, b\u00e2tissant une fondation solide pour l\u2019expression et la cr\u00e9ativit\u00e9.<\/p>\n<p><b>Dates possibles:<\/b><\/p>\n<p><b>Date 1: <\/b>18-March-2025, <b>Horaire: <\/b>9h-16h30<\/p>\n<p><b>Date 2: <\/b>12-March-2026, <b>Horaire: <\/b> 9h-16h30<\/p>","protected":false},"excerpt":{"rendered":"<p>La technique et la rigueur contiennent les tergiversations des pens\u00e9es, offrant une ancre essentielle. Le corps devient le fondement sur lequel se construit la discipline, permettant de canaliser l&rsquo;\u00e9nergie cr\u00e9ative&#8230;.<\/p>","protected":false},"featured_media":16601,"template":"","meta":{"_EventAllDay":false,"_EventTimezone":"","_EventStartDate":"","_EventEndDate":"","_EventStartDateUTC":"","_EventEndDateUTC":"","_EventShowMap":false,"_EventShowMapLink":false,"_EventURL":"","_EventCost":"","_EventCostDescription":"","_EventCurrencySymbol":"","_EventCurrencyCode":"","_EventCurrencyPosition":"","_EventDateTimeSeparator":"","_EventTimeRangeSeparator":"","_EventOrganizerID":[],"_EventVenueID":[],"_OrganizerEmail":"","_OrganizerPhone":"","_OrganizerWebsite":"","_VenueAddress":"","_VenueCity":"","_VenueCountry":"","_VenueProvince":"","_VenueState":"","_VenueZip":"","_VenuePhone":"","_VenueURL":"","_VenueStateProvince":"","_VenueLat":"","_VenueLng":"","_VenueShowMap":false,"_VenueShowMapLink":false},"product_brand":[],"product_cat":[333],"product_tag":[],"class_list":{"0":"post-18209","1":"product","2":"type-product","3":"status-publish","4":"has-post-thumbnail","6":"product_cat-workshop","8":"first","9":"instock","10":"shipping-taxable","11":"purchasable","12":"product-type-variable"},"yoast_head":"<!-- This site is optimized with the Yoast SEO Premium plugin v23.8 (Yoast SEO v27.0) - https:\/\/yoast.com\/product\/yoast-seo-premium-wordpress\/ -->\n<title>Module 10 : Les bases techniques de la danse moderne - Per Se Nota | Danse th\u00e9rapie<\/title>\n<meta name=\"description\" content=\"Module 10 : Les bases techniques de la danse moderne - Per Se Nota | Danse th\u00e9rapie\" \/>\n<meta name=\"robots\" content=\"index, follow, max-snippet:-1, max-image-preview:large, max-video-preview:-1\" \/>\n<link rel=\"canonical\" href=\"https:\/\/formationdansetherapie.com\/en\/product\/module-10-les-bases-techniques-de-la-danse-moderne\/\" \/>\n<meta property=\"og:locale\" content=\"en_US\" \/>\n<meta property=\"og:type\" content=\"article\" \/>\n<meta property=\"og:title\" content=\"Module 10 : Les bases techniques de la danse moderne\" \/>\n<meta property=\"og:description\" content=\"Module 10 : Les bases techniques de la danse moderne - Per Se Nota | Danse th\u00e9rapie\" \/>\n<meta property=\"og:url\" content=\"https:\/\/formationdansetherapie.com\/en\/product\/module-10-les-bases-techniques-de-la-danse-moderne\/\" \/>\n<meta property=\"og:site_name\" content=\"Per Se Nota | Danse th\u00e9rapie\" \/>\n<meta property=\"article:modified_time\" content=\"2025-07-28T21:33:24+00:00\" \/>\n<meta property=\"og:image\" content=\"https:\/\/formationdansetherapie.com\/wp-content\/uploads\/2025\/05\/Module-10-Les-bases-techniques-de-la-danse-moderne.png\" \/>\n\t<meta property=\"og:image:width\" content=\"1080\" \/>\n\t<meta property=\"og:image:height\" content=\"1350\" \/>\n\t<meta property=\"og:image:type\" content=\"image\/png\" \/>\n<meta name=\"twitter:card\" content=\"summary_large_image\" \/>\n<meta name=\"twitter:label1\" content=\"Est. reading time\" \/>\n\t<meta name=\"twitter:data1\" content=\"1 minute\" \/>\n<script type=\"application\/ld+json\" class=\"yoast-schema-graph\">{\"@context\":\"https:\/\/schema.org\",\"@graph\":[{\"@type\":\"WebPage\",\"@id\":\"https:\/\/formationdansetherapie.com\/product\/module-10-les-bases-techniques-de-la-danse-moderne\/\",\"url\":\"https:\/\/formationdansetherapie.com\/product\/module-10-les-bases-techniques-de-la-danse-moderne\/\",\"name\":\"Module 10 : Les bases techniques de la danse moderne - Per Se Nota | Danse th\u00e9rapie\",\"isPartOf\":{\"@id\":\"https:\/\/formationdansetherapie.com\/#website\"},\"primaryImageOfPage\":{\"@id\":\"https:\/\/formationdansetherapie.com\/product\/module-10-les-bases-techniques-de-la-danse-moderne\/#primaryimage\"},\"image\":{\"@id\":\"https:\/\/formationdansetherapie.com\/product\/module-10-les-bases-techniques-de-la-danse-moderne\/#primaryimage\"},\"thumbnailUrl\":\"https:\/\/formationdansetherapie.com\/wp-content\/uploads\/2025\/05\/Module-10-Les-bases-techniques-de-la-danse-moderne.png\",\"datePublished\":\"2025-07-26T21:42:11+00:00\",\"dateModified\":\"2025-07-28T21:33:24+00:00\",\"description\":\"Module 10 : Les bases techniques de la danse moderne - Per Se Nota | Danse th\u00e9rapie\",\"breadcrumb\":{\"@id\":\"https:\/\/formationdansetherapie.com\/product\/module-10-les-bases-techniques-de-la-danse-moderne\/#breadcrumb\"},\"inLanguage\":\"en-US\",\"potentialAction\":[{\"@type\":\"ReadAction\",\"target\":[\"https:\/\/formationdansetherapie.com\/product\/module-10-les-bases-techniques-de-la-danse-moderne\/\"]}]},{\"@type\":\"ImageObject\",\"inLanguage\":\"en-US\",\"@id\":\"https:\/\/formationdansetherapie.com\/product\/module-10-les-bases-techniques-de-la-danse-moderne\/#primaryimage\",\"url\":\"https:\/\/formationdansetherapie.com\/wp-content\/uploads\/2025\/05\/Module-10-Les-bases-techniques-de-la-danse-moderne.png\",\"contentUrl\":\"https:\/\/formationdansetherapie.com\/wp-content\/uploads\/2025\/05\/Module-10-Les-bases-techniques-de-la-danse-moderne.png\",\"width\":1080,\"height\":1350},{\"@type\":\"BreadcrumbList\",\"@id\":\"https:\/\/formationdansetherapie.com\/product\/module-10-les-bases-techniques-de-la-danse-moderne\/#breadcrumb\",\"itemListElement\":[{\"@type\":\"ListItem\",\"position\":1,\"name\":\"Home\",\"item\":\"https:\/\/formationdansetherapie.com\/\"},{\"@type\":\"ListItem\",\"position\":2,\"name\":\"Shop\",\"item\":\"https:\/\/formationdansetherapie.com\/shop\/\"},{\"@type\":\"ListItem\",\"position\":3,\"name\":\"Module 10 : Les bases techniques de la danse moderne\"}]},{\"@type\":\"WebSite\",\"@id\":\"https:\/\/formationdansetherapie.com\/#website\",\"url\":\"https:\/\/formationdansetherapie.com\/\",\"name\":\"Per Se Nota | Danse th\u00e9rapie\",\"description\":\"Formation professionnelle danse th\u00e9rapie - professeur de danse th\u00e9rapie et danse th\u00e9rapeute\",\"potentialAction\":[{\"@type\":\"SearchAction\",\"target\":{\"@type\":\"EntryPoint\",\"urlTemplate\":\"https:\/\/formationdansetherapie.com\/?s={search_term_string}\"},\"query-input\":{\"@type\":\"PropertyValueSpecification\",\"valueRequired\":true,\"valueName\":\"search_term_string\"}}],\"inLanguage\":\"en-US\"}]}<\/script>\n<!-- \/ Yoast SEO Premium plugin. -->","yoast_head_json":{"title":"Module 10 : Les bases techniques de la danse moderne - Per Se Nota | Danse th\u00e9rapie","description":"Module 10 : Les bases techniques de la danse moderne - Per Se Nota | Danse th\u00e9rapie","robots":{"index":"index","follow":"follow","max-snippet":"max-snippet:-1","max-image-preview":"max-image-preview:large","max-video-preview":"max-video-preview:-1"},"canonical":"https:\/\/formationdansetherapie.com\/en\/product\/module-10-les-bases-techniques-de-la-danse-moderne\/","og_locale":"en_US","og_type":"article","og_title":"Module 10 : Les bases techniques de la danse moderne","og_description":"Module 10 : Les bases techniques de la danse moderne - Per Se Nota | Danse th\u00e9rapie","og_url":"https:\/\/formationdansetherapie.com\/en\/product\/module-10-les-bases-techniques-de-la-danse-moderne\/","og_site_name":"Per Se Nota | Danse th\u00e9rapie","article_modified_time":"2025-07-28T21:33:24+00:00","og_image":[{"width":1080,"height":1350,"url":"https:\/\/formationdansetherapie.com\/wp-content\/uploads\/2025\/05\/Module-10-Les-bases-techniques-de-la-danse-moderne.png","type":"image\/png"}],"twitter_card":"summary_large_image","twitter_misc":{"Est. reading time":"1 minute"},"schema":{"@context":"https:\/\/schema.org","@graph":[{"@type":"WebPage","@id":"https:\/\/formationdansetherapie.com\/product\/module-10-les-bases-techniques-de-la-danse-moderne\/","url":"https:\/\/formationdansetherapie.com\/product\/module-10-les-bases-techniques-de-la-danse-moderne\/","name":"Module 10 : Les bases techniques de la danse moderne - Per Se Nota | Danse th\u00e9rapie","isPartOf":{"@id":"https:\/\/formationdansetherapie.com\/#website"},"primaryImageOfPage":{"@id":"https:\/\/formationdansetherapie.com\/product\/module-10-les-bases-techniques-de-la-danse-moderne\/#primaryimage"},"image":{"@id":"https:\/\/formationdansetherapie.com\/product\/module-10-les-bases-techniques-de-la-danse-moderne\/#primaryimage"},"thumbnailUrl":"https:\/\/formationdansetherapie.com\/wp-content\/uploads\/2025\/05\/Module-10-Les-bases-techniques-de-la-danse-moderne.png","datePublished":"2025-07-26T21:42:11+00:00","dateModified":"2025-07-28T21:33:24+00:00","description":"Module 10 : Les bases techniques de la danse moderne - Per Se Nota | Danse th\u00e9rapie","breadcrumb":{"@id":"https:\/\/formationdansetherapie.com\/product\/module-10-les-bases-techniques-de-la-danse-moderne\/#breadcrumb"},"inLanguage":"en-US","potentialAction":[{"@type":"ReadAction","target":["https:\/\/formationdansetherapie.com\/product\/module-10-les-bases-techniques-de-la-danse-moderne\/"]}]},{"@type":"ImageObject","inLanguage":"en-US","@id":"https:\/\/formationdansetherapie.com\/product\/module-10-les-bases-techniques-de-la-danse-moderne\/#primaryimage","url":"https:\/\/formationdansetherapie.com\/wp-content\/uploads\/2025\/05\/Module-10-Les-bases-techniques-de-la-danse-moderne.png","contentUrl":"https:\/\/formationdansetherapie.com\/wp-content\/uploads\/2025\/05\/Module-10-Les-bases-techniques-de-la-danse-moderne.png","width":1080,"height":1350},{"@type":"BreadcrumbList","@id":"https:\/\/formationdansetherapie.com\/product\/module-10-les-bases-techniques-de-la-danse-moderne\/#breadcrumb","itemListElement":[{"@type":"ListItem","position":1,"name":"Home","item":"https:\/\/formationdansetherapie.com\/"},{"@type":"ListItem","position":2,"name":"Shop","item":"https:\/\/formationdansetherapie.com\/shop\/"},{"@type":"ListItem","position":3,"name":"Module 10 : Les bases techniques de la danse moderne"}]},{"@type":"WebSite","@id":"https:\/\/formationdansetherapie.com\/#website","url":"https:\/\/formationdansetherapie.com\/","name":"Per Se Nota | Dance therapy","description":"Formation professionnelle danse th\u00e9rapie - professeur de danse th\u00e9rapie et danse th\u00e9rapeute","potentialAction":[{"@type":"SearchAction","target":{"@type":"EntryPoint","urlTemplate":"https:\/\/formationdansetherapie.com\/?s={search_term_string}"},"query-input":{"@type":"PropertyValueSpecification","valueRequired":true,"valueName":"search_term_string"}}],"inLanguage":"en-US"}]}},"_links":{"self":[{"href":"https:\/\/formationdansetherapie.com\/en\/wp-json\/wp\/v2\/product\/18209","targetHints":{"allow":["GET"]}}],"collection":[{"href":"https:\/\/formationdansetherapie.com\/en\/wp-json\/wp\/v2\/product"}],"about":[{"href":"https:\/\/formationdansetherapie.com\/en\/wp-json\/wp\/v2\/types\/product"}],"wp:featuredmedia":[{"embeddable":true,"href":"https:\/\/formationdansetherapie.com\/en\/wp-json\/wp\/v2\/media\/16601"}],"wp:attachment":[{"href":"https:\/\/formationdansetherapie.com\/en\/wp-json\/wp\/v2\/media?parent=18209"}],"wp:term":[{"taxonomy":"product_brand","embeddable":true,"href":"https:\/\/formationdansetherapie.com\/en\/wp-json\/wp\/v2\/product_brand?post=18209"},{"taxonomy":"product_cat","embeddable":true,"href":"https:\/\/formationdansetherapie.com\/en\/wp-json\/wp\/v2\/product_cat?post=18209"},{"taxonomy":"product_tag","embeddable":true,"href":"https:\/\/formationdansetherapie.com\/en\/wp-json\/wp\/v2\/product_tag?post=18209"}],"curies":[{"name":"wp","href":"https:\/\/api.w.org\/{rel}","templated":true}]}}