{"id":18207,"date":"2025-07-26T23:42:08","date_gmt":"2025-07-26T21:42:08","guid":{"rendered":"https:\/\/formationdansetherapie.com\/product\/module-11-construire-sa-posture\/"},"modified":"2025-07-28T23:15:17","modified_gmt":"2025-07-28T21:15:17","slug":"module-11-construire-sa-posture","status":"publish","type":"product","link":"https:\/\/formationdansetherapie.com\/en\/product\/module-11-construire-sa-posture\/","title":{"rendered":"Module 11 : Construire sa posture"},"content":{"rendered":"<style type=\"text\/css\"><\/style><p>Ce Atelier explore la relation entre la posture interne et la posture physique. Accompagner l&rsquo;autre implique de respecter sa posture psycho-corporelle, permettant ainsi une pr\u00e9paration harmonieuse sur les plans \u00e9motionnel, corporel et artistique. L&rsquo;objectif est d&rsquo;int\u00e9grer ces dimensions, favorisant un espace d&rsquo;expression o\u00f9 chacun peut se sentir en s\u00e9curit\u00e9 pour \u00e9voluer. Cette dualit\u00e9 entre l&rsquo;int\u00e9riorit\u00e9 et l&rsquo;ext\u00e9riorit\u00e9 devient essentielle pour nourrir le d\u00e9veloppement personnel et artistique, offrant un chemin vers une plus grande authenticit\u00e9.<\/p>\n<p><b>Objectifs:<\/b><\/p>\n<p>&#8211; Apprendre \u00e0 ressentir profond\u00e9ment chaque subtilit\u00e9 de son corps, comme un po\u00e8me vivant.<br \/>\n&#8211; D\u00e9velopper l\u2019art de l\u2019auto-analyse et de l\u2019auto-correction, tel un sculpteur fa\u00e7onnant son \u0153uvre.<br \/>\n&#8211; Acqu\u00e9rir la capacit\u00e9 de lire et d\u2019ajuster la posture d\u2019un \u00e9l\u00e8ve, en offrant un regard bienveillant.<br \/>\n&#8211; \u00c9tablir un lien subtil entre posture physique et \u00e9tat psychologique, r\u00e9v\u00e9lant l\u2019harmonie entre l\u2019esprit et le corps.<\/p>\n<p><b>Dates possibles:<\/b><\/p>\n<p><b>Date 1: <\/b>15-March-2025, <b>Horaire: <\/b>9h30-17h30<\/p>\n<p><b>Date 2: <\/b>14-March-2026, <b>Horaire: <\/b> 9h30-17h30<\/p>","protected":false},"excerpt":{"rendered":"<p>Ce Atelier explore la relation entre la posture interne et la posture physique. Accompagner l&rsquo;autre implique de respecter sa posture psycho-corporelle, permettant ainsi une pr\u00e9paration harmonieuse sur les plans \u00e9motionnel,&#8230;<\/p>","protected":false},"featured_media":16602,"template":"","meta":{"_EventAllDay":false,"_EventTimezone":"","_EventStartDate":"","_EventEndDate":"","_EventStartDateUTC":"","_EventEndDateUTC":"","_EventShowMap":false,"_EventShowMapLink":false,"_EventURL":"","_EventCost":"","_EventCostDescription":"","_EventCurrencySymbol":"","_EventCurrencyCode":"","_EventCurrencyPosition":"","_EventDateTimeSeparator":"","_EventTimeRangeSeparator":"","_EventOrganizerID":[],"_EventVenueID":[],"_OrganizerEmail":"","_OrganizerPhone":"","_OrganizerWebsite":"","_VenueAddress":"","_VenueCity":"","_VenueCountry":"","_VenueProvince":"","_VenueState":"","_VenueZip":"","_VenuePhone":"","_VenueURL":"","_VenueStateProvince":"","_VenueLat":"","_VenueLng":"","_VenueShowMap":false,"_VenueShowMapLink":false},"product_brand":[],"product_cat":[333],"product_tag":[],"class_list":{"0":"post-18207","1":"product","2":"type-product","3":"status-publish","4":"has-post-thumbnail","6":"product_cat-workshop","8":"first","9":"instock","10":"shipping-taxable","11":"purchasable","12":"product-type-variable"},"yoast_head":"<!-- This site is optimized with the Yoast SEO Premium plugin v23.8 (Yoast SEO v27.0) - https:\/\/yoast.com\/product\/yoast-seo-premium-wordpress\/ -->\n<title>Module 11 : Construire sa posture - Per Se Nota | Danse th\u00e9rapie<\/title>\n<meta name=\"description\" content=\"Module 11 : Construire sa posture - Per Se Nota | Danse th\u00e9rapie\" \/>\n<meta name=\"robots\" content=\"index, follow, max-snippet:-1, max-image-preview:large, max-video-preview:-1\" \/>\n<link rel=\"canonical\" href=\"https:\/\/formationdansetherapie.com\/en\/product\/module-11-construire-sa-posture\/\" \/>\n<meta property=\"og:locale\" content=\"en_US\" \/>\n<meta property=\"og:type\" content=\"article\" \/>\n<meta property=\"og:title\" content=\"Module 11 : Construire sa posture\" \/>\n<meta property=\"og:description\" content=\"Module 11 : Construire sa posture - Per Se Nota | Danse th\u00e9rapie\" \/>\n<meta property=\"og:url\" content=\"https:\/\/formationdansetherapie.com\/en\/product\/module-11-construire-sa-posture\/\" \/>\n<meta property=\"og:site_name\" content=\"Per Se Nota | Danse th\u00e9rapie\" \/>\n<meta property=\"article:modified_time\" content=\"2025-07-28T21:15:17+00:00\" \/>\n<meta property=\"og:image\" content=\"https:\/\/formationdansetherapie.com\/wp-content\/uploads\/2025\/05\/Module-11-Construire-sa-posture.png\" \/>\n\t<meta property=\"og:image:width\" content=\"1080\" \/>\n\t<meta property=\"og:image:height\" content=\"1350\" \/>\n\t<meta property=\"og:image:type\" content=\"image\/png\" \/>\n<meta name=\"twitter:card\" content=\"summary_large_image\" \/>\n<meta name=\"twitter:label1\" content=\"Est. reading time\" \/>\n\t<meta name=\"twitter:data1\" content=\"1 minute\" \/>\n<script type=\"application\/ld+json\" class=\"yoast-schema-graph\">{\"@context\":\"https:\/\/schema.org\",\"@graph\":[{\"@type\":\"WebPage\",\"@id\":\"https:\/\/formationdansetherapie.com\/product\/module-11-construire-sa-posture\/\",\"url\":\"https:\/\/formationdansetherapie.com\/product\/module-11-construire-sa-posture\/\",\"name\":\"Module 11 : Construire sa posture - Per Se Nota | Danse th\u00e9rapie\",\"isPartOf\":{\"@id\":\"https:\/\/formationdansetherapie.com\/#website\"},\"primaryImageOfPage\":{\"@id\":\"https:\/\/formationdansetherapie.com\/product\/module-11-construire-sa-posture\/#primaryimage\"},\"image\":{\"@id\":\"https:\/\/formationdansetherapie.com\/product\/module-11-construire-sa-posture\/#primaryimage\"},\"thumbnailUrl\":\"https:\/\/formationdansetherapie.com\/wp-content\/uploads\/2025\/05\/Module-11-Construire-sa-posture.png\",\"datePublished\":\"2025-07-26T21:42:08+00:00\",\"dateModified\":\"2025-07-28T21:15:17+00:00\",\"description\":\"Module 11 : Construire sa posture - Per Se Nota | Danse th\u00e9rapie\",\"breadcrumb\":{\"@id\":\"https:\/\/formationdansetherapie.com\/product\/module-11-construire-sa-posture\/#breadcrumb\"},\"inLanguage\":\"en-US\",\"potentialAction\":[{\"@type\":\"ReadAction\",\"target\":[\"https:\/\/formationdansetherapie.com\/product\/module-11-construire-sa-posture\/\"]}]},{\"@type\":\"ImageObject\",\"inLanguage\":\"en-US\",\"@id\":\"https:\/\/formationdansetherapie.com\/product\/module-11-construire-sa-posture\/#primaryimage\",\"url\":\"https:\/\/formationdansetherapie.com\/wp-content\/uploads\/2025\/05\/Module-11-Construire-sa-posture.png\",\"contentUrl\":\"https:\/\/formationdansetherapie.com\/wp-content\/uploads\/2025\/05\/Module-11-Construire-sa-posture.png\",\"width\":1080,\"height\":1350},{\"@type\":\"BreadcrumbList\",\"@id\":\"https:\/\/formationdansetherapie.com\/product\/module-11-construire-sa-posture\/#breadcrumb\",\"itemListElement\":[{\"@type\":\"ListItem\",\"position\":1,\"name\":\"Home\",\"item\":\"https:\/\/formationdansetherapie.com\/\"},{\"@type\":\"ListItem\",\"position\":2,\"name\":\"Shop\",\"item\":\"https:\/\/formationdansetherapie.com\/shop\/\"},{\"@type\":\"ListItem\",\"position\":3,\"name\":\"Module 11 : Construire sa posture\"}]},{\"@type\":\"WebSite\",\"@id\":\"https:\/\/formationdansetherapie.com\/#website\",\"url\":\"https:\/\/formationdansetherapie.com\/\",\"name\":\"Per Se Nota | Danse th\u00e9rapie\",\"description\":\"Formation professionnelle danse th\u00e9rapie - professeur de danse th\u00e9rapie et danse th\u00e9rapeute\",\"potentialAction\":[{\"@type\":\"SearchAction\",\"target\":{\"@type\":\"EntryPoint\",\"urlTemplate\":\"https:\/\/formationdansetherapie.com\/?s={search_term_string}\"},\"query-input\":{\"@type\":\"PropertyValueSpecification\",\"valueRequired\":true,\"valueName\":\"search_term_string\"}}],\"inLanguage\":\"en-US\"}]}<\/script>\n<!-- \/ Yoast SEO Premium plugin. -->","yoast_head_json":{"title":"Module 11 : Construire sa posture - Per Se Nota | Danse th\u00e9rapie","description":"Module 11 : Construire sa posture - Per Se Nota | Danse th\u00e9rapie","robots":{"index":"index","follow":"follow","max-snippet":"max-snippet:-1","max-image-preview":"max-image-preview:large","max-video-preview":"max-video-preview:-1"},"canonical":"https:\/\/formationdansetherapie.com\/en\/product\/module-11-construire-sa-posture\/","og_locale":"en_US","og_type":"article","og_title":"Module 11 : Construire sa posture","og_description":"Module 11 : Construire sa posture - Per Se Nota | Danse th\u00e9rapie","og_url":"https:\/\/formationdansetherapie.com\/en\/product\/module-11-construire-sa-posture\/","og_site_name":"Per Se Nota | Danse th\u00e9rapie","article_modified_time":"2025-07-28T21:15:17+00:00","og_image":[{"width":1080,"height":1350,"url":"https:\/\/formationdansetherapie.com\/wp-content\/uploads\/2025\/05\/Module-11-Construire-sa-posture.png","type":"image\/png"}],"twitter_card":"summary_large_image","twitter_misc":{"Est. reading time":"1 minute"},"schema":{"@context":"https:\/\/schema.org","@graph":[{"@type":"WebPage","@id":"https:\/\/formationdansetherapie.com\/product\/module-11-construire-sa-posture\/","url":"https:\/\/formationdansetherapie.com\/product\/module-11-construire-sa-posture\/","name":"Module 11 : Construire sa posture - Per Se Nota | Danse th\u00e9rapie","isPartOf":{"@id":"https:\/\/formationdansetherapie.com\/#website"},"primaryImageOfPage":{"@id":"https:\/\/formationdansetherapie.com\/product\/module-11-construire-sa-posture\/#primaryimage"},"image":{"@id":"https:\/\/formationdansetherapie.com\/product\/module-11-construire-sa-posture\/#primaryimage"},"thumbnailUrl":"https:\/\/formationdansetherapie.com\/wp-content\/uploads\/2025\/05\/Module-11-Construire-sa-posture.png","datePublished":"2025-07-26T21:42:08+00:00","dateModified":"2025-07-28T21:15:17+00:00","description":"Module 11 : Construire sa posture - Per Se Nota | Danse th\u00e9rapie","breadcrumb":{"@id":"https:\/\/formationdansetherapie.com\/product\/module-11-construire-sa-posture\/#breadcrumb"},"inLanguage":"en-US","potentialAction":[{"@type":"ReadAction","target":["https:\/\/formationdansetherapie.com\/product\/module-11-construire-sa-posture\/"]}]},{"@type":"ImageObject","inLanguage":"en-US","@id":"https:\/\/formationdansetherapie.com\/product\/module-11-construire-sa-posture\/#primaryimage","url":"https:\/\/formationdansetherapie.com\/wp-content\/uploads\/2025\/05\/Module-11-Construire-sa-posture.png","contentUrl":"https:\/\/formationdansetherapie.com\/wp-content\/uploads\/2025\/05\/Module-11-Construire-sa-posture.png","width":1080,"height":1350},{"@type":"BreadcrumbList","@id":"https:\/\/formationdansetherapie.com\/product\/module-11-construire-sa-posture\/#breadcrumb","itemListElement":[{"@type":"ListItem","position":1,"name":"Home","item":"https:\/\/formationdansetherapie.com\/"},{"@type":"ListItem","position":2,"name":"Shop","item":"https:\/\/formationdansetherapie.com\/shop\/"},{"@type":"ListItem","position":3,"name":"Module 11 : Construire sa posture"}]},{"@type":"WebSite","@id":"https:\/\/formationdansetherapie.com\/#website","url":"https:\/\/formationdansetherapie.com\/","name":"Per Se Nota | Dance therapy","description":"Formation professionnelle danse th\u00e9rapie - professeur de danse th\u00e9rapie et danse th\u00e9rapeute","potentialAction":[{"@type":"SearchAction","target":{"@type":"EntryPoint","urlTemplate":"https:\/\/formationdansetherapie.com\/?s={search_term_string}"},"query-input":{"@type":"PropertyValueSpecification","valueRequired":true,"valueName":"search_term_string"}}],"inLanguage":"en-US"}]}},"_links":{"self":[{"href":"https:\/\/formationdansetherapie.com\/en\/wp-json\/wp\/v2\/product\/18207","targetHints":{"allow":["GET"]}}],"collection":[{"href":"https:\/\/formationdansetherapie.com\/en\/wp-json\/wp\/v2\/product"}],"about":[{"href":"https:\/\/formationdansetherapie.com\/en\/wp-json\/wp\/v2\/types\/product"}],"wp:featuredmedia":[{"embeddable":true,"href":"https:\/\/formationdansetherapie.com\/en\/wp-json\/wp\/v2\/media\/16602"}],"wp:attachment":[{"href":"https:\/\/formationdansetherapie.com\/en\/wp-json\/wp\/v2\/media?parent=18207"}],"wp:term":[{"taxonomy":"product_brand","embeddable":true,"href":"https:\/\/formationdansetherapie.com\/en\/wp-json\/wp\/v2\/product_brand?post=18207"},{"taxonomy":"product_cat","embeddable":true,"href":"https:\/\/formationdansetherapie.com\/en\/wp-json\/wp\/v2\/product_cat?post=18207"},{"taxonomy":"product_tag","embeddable":true,"href":"https:\/\/formationdansetherapie.com\/en\/wp-json\/wp\/v2\/product_tag?post=18207"}],"curies":[{"name":"wp","href":"https:\/\/api.w.org\/{rel}","templated":true}]}}