{"id":18206,"date":"2025-07-26T23:42:06","date_gmt":"2025-07-26T21:42:06","guid":{"rendered":"https:\/\/formationdansetherapie.com\/product\/module-1-j2-proprioception-je-me-connecte-a-mon-corps\/"},"modified":"2025-07-28T23:12:34","modified_gmt":"2025-07-28T21:12:34","slug":"module-1-j2-proprioception-je-me-connecte-a-mon-corps","status":"publish","type":"product","link":"https:\/\/formationdansetherapie.com\/en\/product\/module-1-j2-proprioception-je-me-connecte-a-mon-corps\/","title":{"rendered":"Module 1-J2 : Proprioception \u00ab\u00a0Je me connecte \u00e0 mon corps\u00a0\u00bb"},"content":{"rendered":"<style type=\"text\/css\"><\/style><p>Une deuxi\u00e8me journ\u00e9e s\u2019av\u00e8re essentielle pour plonger plus profond\u00e9ment dans la compr\u00e9hension de nos limites avec la conscience des mouvements du crane. Qu&rsquo;est-ce qui est possible pour nous, et qu&rsquo;est-ce qui ne l&rsquo;est pas dans notre corps ? \u00c0 travers le toucher, le mouvement et la danse, nous explorons ces questions. Cette approche permet de ressentir les barri\u00e8res physiques et \u00e9motionnelles, tout en d\u00e9couvrant les potentialit\u00e9s cach\u00e9es. L&rsquo;exp\u00e9rience nous guide vers une meilleure connaissance de soi, favorisant l&rsquo;acceptation et l&rsquo;\u00e9panouissement dans notre expression corporelle.<\/p>\n<p><b>Objectifs:<\/b><\/p>\n<p>&#8211; \u00c9veiller sa proprioception pour mieux ressentir son corps.<br \/>\n&#8211; Prendre conscience des blocages qui s&rsquo;y cachent, tels des ombres silencieuses.<br \/>\n&#8211; Apprendre \u00e0 d\u00e9lier les tensions physiques gr\u00e2ce au mouvement et \u00e0 la respiration, comme un fleuve qui s&rsquo;\u00e9coule librement.<br \/>\n&#8211; Comprendre le placement, en explorant l&rsquo;axe gravitaire et le transfert de poids, pour danser en harmonie avec la gravit\u00e9.<\/p>\n<p><b>Dates possibles:<\/b><\/p>\n<p><b>Date 1: <\/b>14-March-2025, <b>Horaire: <\/b>9h30-17h30<\/p>\n<p><b>Date 2: <\/b>16-March-2026, <b>Horaire: <\/b> 9h30-17h30<\/p>","protected":false},"excerpt":{"rendered":"<p>Une deuxi\u00e8me journ\u00e9e s\u2019av\u00e8re essentielle pour plonger plus profond\u00e9ment dans la compr\u00e9hension de nos limites avec la conscience des mouvements du crane. Qu&rsquo;est-ce qui est possible pour nous, et qu&rsquo;est-ce&#8230;<\/p>","protected":false},"featured_media":16581,"template":"","meta":{"_EventAllDay":false,"_EventTimezone":"","_EventStartDate":"","_EventEndDate":"","_EventStartDateUTC":"","_EventEndDateUTC":"","_EventShowMap":false,"_EventShowMapLink":false,"_EventURL":"","_EventCost":"","_EventCostDescription":"","_EventCurrencySymbol":"","_EventCurrencyCode":"","_EventCurrencyPosition":"","_EventDateTimeSeparator":"","_EventTimeRangeSeparator":"","_EventOrganizerID":[],"_EventVenueID":[],"_OrganizerEmail":"","_OrganizerPhone":"","_OrganizerWebsite":"","_VenueAddress":"","_VenueCity":"","_VenueCountry":"","_VenueProvince":"","_VenueState":"","_VenueZip":"","_VenuePhone":"","_VenueURL":"","_VenueStateProvince":"","_VenueLat":"","_VenueLng":"","_VenueShowMap":false,"_VenueShowMapLink":false},"product_brand":[],"product_cat":[333],"product_tag":[],"class_list":{"0":"post-18206","1":"product","2":"type-product","3":"status-publish","4":"has-post-thumbnail","6":"product_cat-workshop","8":"first","9":"instock","10":"shipping-taxable","11":"purchasable","12":"product-type-variable"},"yoast_head":"<!-- This site is optimized with the Yoast SEO Premium plugin v23.8 (Yoast SEO v27.0) - https:\/\/yoast.com\/product\/yoast-seo-premium-wordpress\/ -->\n<title>Module 1-J2 : Proprioception &quot;Je me connecte \u00e0 mon corps&quot; - Per Se Nota | Danse th\u00e9rapie<\/title>\n<meta name=\"description\" content=\"Module 1-J2 : Proprioception &quot;Je me connecte \u00e0 mon corps&quot; - Per Se Nota | Danse th\u00e9rapie\" \/>\n<meta name=\"robots\" content=\"index, follow, max-snippet:-1, max-image-preview:large, max-video-preview:-1\" \/>\n<link rel=\"canonical\" href=\"https:\/\/formationdansetherapie.com\/en\/product\/module-1-j2-proprioception-je-me-connecte-a-mon-corps\/\" \/>\n<meta property=\"og:locale\" content=\"en_US\" \/>\n<meta property=\"og:type\" content=\"article\" \/>\n<meta property=\"og:title\" content=\"Module 1-J2 : Proprioception &quot;Je me connecte \u00e0 mon corps&quot;\" \/>\n<meta property=\"og:description\" content=\"Module 1-J2 : Proprioception &quot;Je me connecte \u00e0 mon corps&quot; - Per Se Nota | Danse th\u00e9rapie\" \/>\n<meta property=\"og:url\" content=\"https:\/\/formationdansetherapie.com\/en\/product\/module-1-j2-proprioception-je-me-connecte-a-mon-corps\/\" \/>\n<meta property=\"og:site_name\" content=\"Per Se Nota | Danse th\u00e9rapie\" \/>\n<meta property=\"article:modified_time\" content=\"2025-07-28T21:12:34+00:00\" \/>\n<meta property=\"og:image\" content=\"https:\/\/formationdansetherapie.com\/wp-content\/uploads\/2025\/05\/Module-1-J2-Proprioception-Je-me-connecte-a-mon-corps.png\" \/>\n\t<meta property=\"og:image:width\" content=\"1080\" \/>\n\t<meta property=\"og:image:height\" content=\"1350\" \/>\n\t<meta property=\"og:image:type\" content=\"image\/png\" \/>\n<meta name=\"twitter:card\" content=\"summary_large_image\" \/>\n<meta name=\"twitter:label1\" content=\"Est. reading time\" \/>\n\t<meta name=\"twitter:data1\" content=\"1 minute\" \/>\n<script type=\"application\/ld+json\" class=\"yoast-schema-graph\">{\"@context\":\"https:\/\/schema.org\",\"@graph\":[{\"@type\":\"WebPage\",\"@id\":\"https:\/\/formationdansetherapie.com\/product\/module-1-j2-proprioception-je-me-connecte-a-mon-corps\/\",\"url\":\"https:\/\/formationdansetherapie.com\/product\/module-1-j2-proprioception-je-me-connecte-a-mon-corps\/\",\"name\":\"Module 1-J2 : Proprioception \\\"Je me connecte \u00e0 mon corps\\\" - Per Se Nota | Danse th\u00e9rapie\",\"isPartOf\":{\"@id\":\"https:\/\/formationdansetherapie.com\/#website\"},\"primaryImageOfPage\":{\"@id\":\"https:\/\/formationdansetherapie.com\/product\/module-1-j2-proprioception-je-me-connecte-a-mon-corps\/#primaryimage\"},\"image\":{\"@id\":\"https:\/\/formationdansetherapie.com\/product\/module-1-j2-proprioception-je-me-connecte-a-mon-corps\/#primaryimage\"},\"thumbnailUrl\":\"https:\/\/formationdansetherapie.com\/wp-content\/uploads\/2025\/05\/Module-1-J2-Proprioception-Je-me-connecte-a-mon-corps.png\",\"datePublished\":\"2025-07-26T21:42:06+00:00\",\"dateModified\":\"2025-07-28T21:12:34+00:00\",\"description\":\"Module 1-J2 : Proprioception \\\"Je me connecte \u00e0 mon corps\\\" - Per Se Nota | Danse th\u00e9rapie\",\"breadcrumb\":{\"@id\":\"https:\/\/formationdansetherapie.com\/product\/module-1-j2-proprioception-je-me-connecte-a-mon-corps\/#breadcrumb\"},\"inLanguage\":\"en-US\",\"potentialAction\":[{\"@type\":\"ReadAction\",\"target\":[\"https:\/\/formationdansetherapie.com\/product\/module-1-j2-proprioception-je-me-connecte-a-mon-corps\/\"]}]},{\"@type\":\"ImageObject\",\"inLanguage\":\"en-US\",\"@id\":\"https:\/\/formationdansetherapie.com\/product\/module-1-j2-proprioception-je-me-connecte-a-mon-corps\/#primaryimage\",\"url\":\"https:\/\/formationdansetherapie.com\/wp-content\/uploads\/2025\/05\/Module-1-J2-Proprioception-Je-me-connecte-a-mon-corps.png\",\"contentUrl\":\"https:\/\/formationdansetherapie.com\/wp-content\/uploads\/2025\/05\/Module-1-J2-Proprioception-Je-me-connecte-a-mon-corps.png\",\"width\":1080,\"height\":1350},{\"@type\":\"BreadcrumbList\",\"@id\":\"https:\/\/formationdansetherapie.com\/product\/module-1-j2-proprioception-je-me-connecte-a-mon-corps\/#breadcrumb\",\"itemListElement\":[{\"@type\":\"ListItem\",\"position\":1,\"name\":\"Home\",\"item\":\"https:\/\/formationdansetherapie.com\/\"},{\"@type\":\"ListItem\",\"position\":2,\"name\":\"Shop\",\"item\":\"https:\/\/formationdansetherapie.com\/shop\/\"},{\"@type\":\"ListItem\",\"position\":3,\"name\":\"Module 1-J2 : Proprioception &#8220;Je me connecte \u00e0 mon corps&#8221;\"}]},{\"@type\":\"WebSite\",\"@id\":\"https:\/\/formationdansetherapie.com\/#website\",\"url\":\"https:\/\/formationdansetherapie.com\/\",\"name\":\"Per Se Nota | Danse th\u00e9rapie\",\"description\":\"Formation professionnelle danse th\u00e9rapie - professeur de danse th\u00e9rapie et danse th\u00e9rapeute\",\"potentialAction\":[{\"@type\":\"SearchAction\",\"target\":{\"@type\":\"EntryPoint\",\"urlTemplate\":\"https:\/\/formationdansetherapie.com\/?s={search_term_string}\"},\"query-input\":{\"@type\":\"PropertyValueSpecification\",\"valueRequired\":true,\"valueName\":\"search_term_string\"}}],\"inLanguage\":\"en-US\"}]}<\/script>\n<!-- \/ Yoast SEO Premium plugin. -->","yoast_head_json":{"title":"Module 1-J2 : Proprioception \"Je me connecte \u00e0 mon corps\" - Per Se Nota | Danse th\u00e9rapie","description":"Module 1-J2 : Proprioception \"Je me connecte \u00e0 mon corps\" - Per Se Nota | Danse th\u00e9rapie","robots":{"index":"index","follow":"follow","max-snippet":"max-snippet:-1","max-image-preview":"max-image-preview:large","max-video-preview":"max-video-preview:-1"},"canonical":"https:\/\/formationdansetherapie.com\/en\/product\/module-1-j2-proprioception-je-me-connecte-a-mon-corps\/","og_locale":"en_US","og_type":"article","og_title":"Module 1-J2 : Proprioception \"Je me connecte \u00e0 mon corps\"","og_description":"Module 1-J2 : Proprioception \"Je me connecte \u00e0 mon corps\" - Per Se Nota | Danse th\u00e9rapie","og_url":"https:\/\/formationdansetherapie.com\/en\/product\/module-1-j2-proprioception-je-me-connecte-a-mon-corps\/","og_site_name":"Per Se Nota | Danse th\u00e9rapie","article_modified_time":"2025-07-28T21:12:34+00:00","og_image":[{"width":1080,"height":1350,"url":"https:\/\/formationdansetherapie.com\/wp-content\/uploads\/2025\/05\/Module-1-J2-Proprioception-Je-me-connecte-a-mon-corps.png","type":"image\/png"}],"twitter_card":"summary_large_image","twitter_misc":{"Est. reading time":"1 minute"},"schema":{"@context":"https:\/\/schema.org","@graph":[{"@type":"WebPage","@id":"https:\/\/formationdansetherapie.com\/product\/module-1-j2-proprioception-je-me-connecte-a-mon-corps\/","url":"https:\/\/formationdansetherapie.com\/product\/module-1-j2-proprioception-je-me-connecte-a-mon-corps\/","name":"Module 1-J2 : Proprioception \"Je me connecte \u00e0 mon corps\" - Per Se Nota | Danse th\u00e9rapie","isPartOf":{"@id":"https:\/\/formationdansetherapie.com\/#website"},"primaryImageOfPage":{"@id":"https:\/\/formationdansetherapie.com\/product\/module-1-j2-proprioception-je-me-connecte-a-mon-corps\/#primaryimage"},"image":{"@id":"https:\/\/formationdansetherapie.com\/product\/module-1-j2-proprioception-je-me-connecte-a-mon-corps\/#primaryimage"},"thumbnailUrl":"https:\/\/formationdansetherapie.com\/wp-content\/uploads\/2025\/05\/Module-1-J2-Proprioception-Je-me-connecte-a-mon-corps.png","datePublished":"2025-07-26T21:42:06+00:00","dateModified":"2025-07-28T21:12:34+00:00","description":"Module 1-J2 : Proprioception \"Je me connecte \u00e0 mon corps\" - Per Se Nota | Danse th\u00e9rapie","breadcrumb":{"@id":"https:\/\/formationdansetherapie.com\/product\/module-1-j2-proprioception-je-me-connecte-a-mon-corps\/#breadcrumb"},"inLanguage":"en-US","potentialAction":[{"@type":"ReadAction","target":["https:\/\/formationdansetherapie.com\/product\/module-1-j2-proprioception-je-me-connecte-a-mon-corps\/"]}]},{"@type":"ImageObject","inLanguage":"en-US","@id":"https:\/\/formationdansetherapie.com\/product\/module-1-j2-proprioception-je-me-connecte-a-mon-corps\/#primaryimage","url":"https:\/\/formationdansetherapie.com\/wp-content\/uploads\/2025\/05\/Module-1-J2-Proprioception-Je-me-connecte-a-mon-corps.png","contentUrl":"https:\/\/formationdansetherapie.com\/wp-content\/uploads\/2025\/05\/Module-1-J2-Proprioception-Je-me-connecte-a-mon-corps.png","width":1080,"height":1350},{"@type":"BreadcrumbList","@id":"https:\/\/formationdansetherapie.com\/product\/module-1-j2-proprioception-je-me-connecte-a-mon-corps\/#breadcrumb","itemListElement":[{"@type":"ListItem","position":1,"name":"Home","item":"https:\/\/formationdansetherapie.com\/"},{"@type":"ListItem","position":2,"name":"Shop","item":"https:\/\/formationdansetherapie.com\/shop\/"},{"@type":"ListItem","position":3,"name":"Module 1-J2 : Proprioception &#8220;Je me connecte \u00e0 mon corps&#8221;"}]},{"@type":"WebSite","@id":"https:\/\/formationdansetherapie.com\/#website","url":"https:\/\/formationdansetherapie.com\/","name":"Per Se Nota | Dance therapy","description":"Formation professionnelle danse th\u00e9rapie - professeur de danse th\u00e9rapie et danse th\u00e9rapeute","potentialAction":[{"@type":"SearchAction","target":{"@type":"EntryPoint","urlTemplate":"https:\/\/formationdansetherapie.com\/?s={search_term_string}"},"query-input":{"@type":"PropertyValueSpecification","valueRequired":true,"valueName":"search_term_string"}}],"inLanguage":"en-US"}]}},"_links":{"self":[{"href":"https:\/\/formationdansetherapie.com\/en\/wp-json\/wp\/v2\/product\/18206","targetHints":{"allow":["GET"]}}],"collection":[{"href":"https:\/\/formationdansetherapie.com\/en\/wp-json\/wp\/v2\/product"}],"about":[{"href":"https:\/\/formationdansetherapie.com\/en\/wp-json\/wp\/v2\/types\/product"}],"wp:featuredmedia":[{"embeddable":true,"href":"https:\/\/formationdansetherapie.com\/en\/wp-json\/wp\/v2\/media\/16581"}],"wp:attachment":[{"href":"https:\/\/formationdansetherapie.com\/en\/wp-json\/wp\/v2\/media?parent=18206"}],"wp:term":[{"taxonomy":"product_brand","embeddable":true,"href":"https:\/\/formationdansetherapie.com\/en\/wp-json\/wp\/v2\/product_brand?post=18206"},{"taxonomy":"product_cat","embeddable":true,"href":"https:\/\/formationdansetherapie.com\/en\/wp-json\/wp\/v2\/product_cat?post=18206"},{"taxonomy":"product_tag","embeddable":true,"href":"https:\/\/formationdansetherapie.com\/en\/wp-json\/wp\/v2\/product_tag?post=18206"}],"curies":[{"name":"wp","href":"https:\/\/api.w.org\/{rel}","templated":true}]}}