{"id":18205,"date":"2025-07-26T23:42:05","date_gmt":"2025-07-26T21:42:05","guid":{"rendered":"https:\/\/formationdansetherapie.com\/product\/module-1-j1-proprioception-je-me-connecte-a-mon-corps\/"},"modified":"2025-07-28T23:01:43","modified_gmt":"2025-07-28T21:01:43","slug":"module-1-j1-proprioception-je-me-connecte-a-mon-corps","status":"publish","type":"product","link":"https:\/\/formationdansetherapie.com\/en\/product\/module-1-j1-proprioception-je-me-connecte-a-mon-corps\/","title":{"rendered":"Module 1-J1 : Proprioception \u00ab\u00a0Je me connecte \u00e0 mon corps\u00a0\u00bb"},"content":{"rendered":"<style type=\"text\/css\"><\/style><p>La danse devient un puissant vecteur de connaissance de soi, reliant le corps et l&rsquo;esprit. \u00c0 travers la kin\u00e9siologie et la proprioception, chaque mouvement offre une compr\u00e9hension profonde de son corps et de son fonctionnement. Cette exploration avec le toucher en conscience, s&rsquo;ancre dans un processus th\u00e9rapeutique, permettant de tisser des liens entre sensations physiques et \u00e9motions. Comprendre son corps, c&rsquo;est ouvrir la voie \u00e0 une meilleure connaissance de soi, favorisant l&rsquo;harmonie int\u00e9rieure et l&rsquo;\u00e9panouissement personnel.<\/p>\n<p><b>Objectifs:<\/b><\/p>\n<p>&#8211; Cultiver l\u2019harmonie de sa coordination et de sa motricit\u00e9.<br \/>\n&#8211; D\u00e9celer les blocages qui entravent notre corps, comme des voiles invisibles.<br \/>\n&#8211; Dissiper le stress et apaiser les tensions, pour lib\u00e9rer l&rsquo;esprit.<br \/>\n&#8211; \u00c9veiller la fluidit\u00e9 corporelle et favoriser une \u00e9coute intime de soi.<\/p>\n<p><b>Dates possibles:<\/b><\/p>\n<p><b>Date 1: <\/b>13-March-2025, <b>Horaire: <\/b>9h-16h30<\/p>\n<p><b>Date 2: <\/b>13-March-2026, <b>Horaire: <\/b> 9h-16h30<\/p>","protected":false},"excerpt":{"rendered":"<p>La danse devient un puissant vecteur de connaissance de soi, reliant le corps et l&rsquo;esprit. \u00c0 travers la kin\u00e9siologie et la proprioception, chaque mouvement offre une compr\u00e9hension profonde de son&#8230;<\/p>","protected":false},"featured_media":16580,"template":"","meta":{"_EventAllDay":false,"_EventTimezone":"","_EventStartDate":"","_EventEndDate":"","_EventStartDateUTC":"","_EventEndDateUTC":"","_EventShowMap":false,"_EventShowMapLink":false,"_EventURL":"","_EventCost":"","_EventCostDescription":"","_EventCurrencySymbol":"","_EventCurrencyCode":"","_EventCurrencyPosition":"","_EventDateTimeSeparator":"","_EventTimeRangeSeparator":"","_EventOrganizerID":[],"_EventVenueID":[],"_OrganizerEmail":"","_OrganizerPhone":"","_OrganizerWebsite":"","_VenueAddress":"","_VenueCity":"","_VenueCountry":"","_VenueProvince":"","_VenueState":"","_VenueZip":"","_VenuePhone":"","_VenueURL":"","_VenueStateProvince":"","_VenueLat":"","_VenueLng":"","_VenueShowMap":false,"_VenueShowMapLink":false},"product_brand":[],"product_cat":[333],"product_tag":[],"class_list":{"0":"post-18205","1":"product","2":"type-product","3":"status-publish","4":"has-post-thumbnail","6":"product_cat-workshop","8":"first","9":"instock","10":"shipping-taxable","11":"purchasable","12":"product-type-variable"},"yoast_head":"<!-- This site is optimized with the Yoast SEO Premium plugin v23.8 (Yoast SEO v27.0) - https:\/\/yoast.com\/product\/yoast-seo-premium-wordpress\/ -->\n<title>Module 1-J1 : Proprioception &quot;Je me connecte \u00e0 mon corps&quot; - Per Se Nota | Danse th\u00e9rapie<\/title>\n<meta name=\"description\" content=\"Module 1-J1 : Proprioception &quot;Je me connecte \u00e0 mon corps&quot; - Per Se Nota | Danse th\u00e9rapie\" \/>\n<meta name=\"robots\" content=\"index, follow, max-snippet:-1, max-image-preview:large, max-video-preview:-1\" \/>\n<link rel=\"canonical\" href=\"https:\/\/formationdansetherapie.com\/en\/product\/module-1-j1-proprioception-je-me-connecte-a-mon-corps\/\" \/>\n<meta property=\"og:locale\" content=\"en_US\" \/>\n<meta property=\"og:type\" content=\"article\" \/>\n<meta property=\"og:title\" content=\"Module 1-J1 : Proprioception &quot;Je me connecte \u00e0 mon corps&quot;\" \/>\n<meta property=\"og:description\" content=\"Module 1-J1 : Proprioception &quot;Je me connecte \u00e0 mon corps&quot; - Per Se Nota | Danse th\u00e9rapie\" \/>\n<meta property=\"og:url\" content=\"https:\/\/formationdansetherapie.com\/en\/product\/module-1-j1-proprioception-je-me-connecte-a-mon-corps\/\" \/>\n<meta property=\"og:site_name\" content=\"Per Se Nota | Danse th\u00e9rapie\" \/>\n<meta property=\"article:modified_time\" content=\"2025-07-28T21:01:43+00:00\" \/>\n<meta property=\"og:image\" content=\"https:\/\/formationdansetherapie.com\/wp-content\/uploads\/2025\/05\/Module-1-J1-Proprioception-Je-me-connecte-a-mon-corps.png\" \/>\n\t<meta property=\"og:image:width\" content=\"1080\" \/>\n\t<meta property=\"og:image:height\" content=\"1350\" \/>\n\t<meta property=\"og:image:type\" content=\"image\/png\" \/>\n<meta name=\"twitter:card\" content=\"summary_large_image\" \/>\n<meta name=\"twitter:label1\" content=\"Est. reading time\" \/>\n\t<meta name=\"twitter:data1\" content=\"1 minute\" \/>\n<script type=\"application\/ld+json\" class=\"yoast-schema-graph\">{\"@context\":\"https:\/\/schema.org\",\"@graph\":[{\"@type\":\"WebPage\",\"@id\":\"https:\/\/formationdansetherapie.com\/product\/module-1-j1-proprioception-je-me-connecte-a-mon-corps\/\",\"url\":\"https:\/\/formationdansetherapie.com\/product\/module-1-j1-proprioception-je-me-connecte-a-mon-corps\/\",\"name\":\"Module 1-J1 : Proprioception \\\"Je me connecte \u00e0 mon corps\\\" - Per Se Nota | Danse th\u00e9rapie\",\"isPartOf\":{\"@id\":\"https:\/\/formationdansetherapie.com\/#website\"},\"primaryImageOfPage\":{\"@id\":\"https:\/\/formationdansetherapie.com\/product\/module-1-j1-proprioception-je-me-connecte-a-mon-corps\/#primaryimage\"},\"image\":{\"@id\":\"https:\/\/formationdansetherapie.com\/product\/module-1-j1-proprioception-je-me-connecte-a-mon-corps\/#primaryimage\"},\"thumbnailUrl\":\"https:\/\/formationdansetherapie.com\/wp-content\/uploads\/2025\/05\/Module-1-J1-Proprioception-Je-me-connecte-a-mon-corps.png\",\"datePublished\":\"2025-07-26T21:42:05+00:00\",\"dateModified\":\"2025-07-28T21:01:43+00:00\",\"description\":\"Module 1-J1 : Proprioception \\\"Je me connecte \u00e0 mon corps\\\" - Per Se Nota | Danse th\u00e9rapie\",\"breadcrumb\":{\"@id\":\"https:\/\/formationdansetherapie.com\/product\/module-1-j1-proprioception-je-me-connecte-a-mon-corps\/#breadcrumb\"},\"inLanguage\":\"en-US\",\"potentialAction\":[{\"@type\":\"ReadAction\",\"target\":[\"https:\/\/formationdansetherapie.com\/product\/module-1-j1-proprioception-je-me-connecte-a-mon-corps\/\"]}]},{\"@type\":\"ImageObject\",\"inLanguage\":\"en-US\",\"@id\":\"https:\/\/formationdansetherapie.com\/product\/module-1-j1-proprioception-je-me-connecte-a-mon-corps\/#primaryimage\",\"url\":\"https:\/\/formationdansetherapie.com\/wp-content\/uploads\/2025\/05\/Module-1-J1-Proprioception-Je-me-connecte-a-mon-corps.png\",\"contentUrl\":\"https:\/\/formationdansetherapie.com\/wp-content\/uploads\/2025\/05\/Module-1-J1-Proprioception-Je-me-connecte-a-mon-corps.png\",\"width\":1080,\"height\":1350},{\"@type\":\"BreadcrumbList\",\"@id\":\"https:\/\/formationdansetherapie.com\/product\/module-1-j1-proprioception-je-me-connecte-a-mon-corps\/#breadcrumb\",\"itemListElement\":[{\"@type\":\"ListItem\",\"position\":1,\"name\":\"Home\",\"item\":\"https:\/\/formationdansetherapie.com\/\"},{\"@type\":\"ListItem\",\"position\":2,\"name\":\"Shop\",\"item\":\"https:\/\/formationdansetherapie.com\/shop\/\"},{\"@type\":\"ListItem\",\"position\":3,\"name\":\"Module 1-J1 : Proprioception &#8220;Je me connecte \u00e0 mon corps&#8221;\"}]},{\"@type\":\"WebSite\",\"@id\":\"https:\/\/formationdansetherapie.com\/#website\",\"url\":\"https:\/\/formationdansetherapie.com\/\",\"name\":\"Per Se Nota | Danse th\u00e9rapie\",\"description\":\"Formation professionnelle danse th\u00e9rapie - professeur de danse th\u00e9rapie et danse th\u00e9rapeute\",\"potentialAction\":[{\"@type\":\"SearchAction\",\"target\":{\"@type\":\"EntryPoint\",\"urlTemplate\":\"https:\/\/formationdansetherapie.com\/?s={search_term_string}\"},\"query-input\":{\"@type\":\"PropertyValueSpecification\",\"valueRequired\":true,\"valueName\":\"search_term_string\"}}],\"inLanguage\":\"en-US\"}]}<\/script>\n<!-- \/ Yoast SEO Premium plugin. -->","yoast_head_json":{"title":"Module 1-J1 : Proprioception \"Je me connecte \u00e0 mon corps\" - Per Se Nota | Danse th\u00e9rapie","description":"Module 1-J1 : Proprioception \"Je me connecte \u00e0 mon corps\" - Per Se Nota | Danse th\u00e9rapie","robots":{"index":"index","follow":"follow","max-snippet":"max-snippet:-1","max-image-preview":"max-image-preview:large","max-video-preview":"max-video-preview:-1"},"canonical":"https:\/\/formationdansetherapie.com\/en\/product\/module-1-j1-proprioception-je-me-connecte-a-mon-corps\/","og_locale":"en_US","og_type":"article","og_title":"Module 1-J1 : Proprioception \"Je me connecte \u00e0 mon corps\"","og_description":"Module 1-J1 : Proprioception \"Je me connecte \u00e0 mon corps\" - Per Se Nota | Danse th\u00e9rapie","og_url":"https:\/\/formationdansetherapie.com\/en\/product\/module-1-j1-proprioception-je-me-connecte-a-mon-corps\/","og_site_name":"Per Se Nota | Danse th\u00e9rapie","article_modified_time":"2025-07-28T21:01:43+00:00","og_image":[{"width":1080,"height":1350,"url":"https:\/\/formationdansetherapie.com\/wp-content\/uploads\/2025\/05\/Module-1-J1-Proprioception-Je-me-connecte-a-mon-corps.png","type":"image\/png"}],"twitter_card":"summary_large_image","twitter_misc":{"Est. reading time":"1 minute"},"schema":{"@context":"https:\/\/schema.org","@graph":[{"@type":"WebPage","@id":"https:\/\/formationdansetherapie.com\/product\/module-1-j1-proprioception-je-me-connecte-a-mon-corps\/","url":"https:\/\/formationdansetherapie.com\/product\/module-1-j1-proprioception-je-me-connecte-a-mon-corps\/","name":"Module 1-J1 : Proprioception \"Je me connecte \u00e0 mon corps\" - Per Se Nota | Danse th\u00e9rapie","isPartOf":{"@id":"https:\/\/formationdansetherapie.com\/#website"},"primaryImageOfPage":{"@id":"https:\/\/formationdansetherapie.com\/product\/module-1-j1-proprioception-je-me-connecte-a-mon-corps\/#primaryimage"},"image":{"@id":"https:\/\/formationdansetherapie.com\/product\/module-1-j1-proprioception-je-me-connecte-a-mon-corps\/#primaryimage"},"thumbnailUrl":"https:\/\/formationdansetherapie.com\/wp-content\/uploads\/2025\/05\/Module-1-J1-Proprioception-Je-me-connecte-a-mon-corps.png","datePublished":"2025-07-26T21:42:05+00:00","dateModified":"2025-07-28T21:01:43+00:00","description":"Module 1-J1 : Proprioception \"Je me connecte \u00e0 mon corps\" - Per Se Nota | Danse th\u00e9rapie","breadcrumb":{"@id":"https:\/\/formationdansetherapie.com\/product\/module-1-j1-proprioception-je-me-connecte-a-mon-corps\/#breadcrumb"},"inLanguage":"en-US","potentialAction":[{"@type":"ReadAction","target":["https:\/\/formationdansetherapie.com\/product\/module-1-j1-proprioception-je-me-connecte-a-mon-corps\/"]}]},{"@type":"ImageObject","inLanguage":"en-US","@id":"https:\/\/formationdansetherapie.com\/product\/module-1-j1-proprioception-je-me-connecte-a-mon-corps\/#primaryimage","url":"https:\/\/formationdansetherapie.com\/wp-content\/uploads\/2025\/05\/Module-1-J1-Proprioception-Je-me-connecte-a-mon-corps.png","contentUrl":"https:\/\/formationdansetherapie.com\/wp-content\/uploads\/2025\/05\/Module-1-J1-Proprioception-Je-me-connecte-a-mon-corps.png","width":1080,"height":1350},{"@type":"BreadcrumbList","@id":"https:\/\/formationdansetherapie.com\/product\/module-1-j1-proprioception-je-me-connecte-a-mon-corps\/#breadcrumb","itemListElement":[{"@type":"ListItem","position":1,"name":"Home","item":"https:\/\/formationdansetherapie.com\/"},{"@type":"ListItem","position":2,"name":"Shop","item":"https:\/\/formationdansetherapie.com\/shop\/"},{"@type":"ListItem","position":3,"name":"Module 1-J1 : Proprioception &#8220;Je me connecte \u00e0 mon corps&#8221;"}]},{"@type":"WebSite","@id":"https:\/\/formationdansetherapie.com\/#website","url":"https:\/\/formationdansetherapie.com\/","name":"Per Se Nota | Dance therapy","description":"Formation professionnelle danse th\u00e9rapie - professeur de danse th\u00e9rapie et danse th\u00e9rapeute","potentialAction":[{"@type":"SearchAction","target":{"@type":"EntryPoint","urlTemplate":"https:\/\/formationdansetherapie.com\/?s={search_term_string}"},"query-input":{"@type":"PropertyValueSpecification","valueRequired":true,"valueName":"search_term_string"}}],"inLanguage":"en-US"}]}},"_links":{"self":[{"href":"https:\/\/formationdansetherapie.com\/en\/wp-json\/wp\/v2\/product\/18205","targetHints":{"allow":["GET"]}}],"collection":[{"href":"https:\/\/formationdansetherapie.com\/en\/wp-json\/wp\/v2\/product"}],"about":[{"href":"https:\/\/formationdansetherapie.com\/en\/wp-json\/wp\/v2\/types\/product"}],"wp:featuredmedia":[{"embeddable":true,"href":"https:\/\/formationdansetherapie.com\/en\/wp-json\/wp\/v2\/media\/16580"}],"wp:attachment":[{"href":"https:\/\/formationdansetherapie.com\/en\/wp-json\/wp\/v2\/media?parent=18205"}],"wp:term":[{"taxonomy":"product_brand","embeddable":true,"href":"https:\/\/formationdansetherapie.com\/en\/wp-json\/wp\/v2\/product_brand?post=18205"},{"taxonomy":"product_cat","embeddable":true,"href":"https:\/\/formationdansetherapie.com\/en\/wp-json\/wp\/v2\/product_cat?post=18205"},{"taxonomy":"product_tag","embeddable":true,"href":"https:\/\/formationdansetherapie.com\/en\/wp-json\/wp\/v2\/product_tag?post=18205"}],"curies":[{"name":"wp","href":"https:\/\/api.w.org\/{rel}","templated":true}]}}