{"id":18204,"date":"2025-07-26T23:42:03","date_gmt":"2025-07-26T21:42:03","guid":{"rendered":"https:\/\/formationdansetherapie.com\/product\/module-21-developper-sa-creativite\/"},"modified":"2025-07-29T00:57:25","modified_gmt":"2025-07-28T22:57:25","slug":"module-21-developper-sa-creativite","status":"publish","type":"product","link":"https:\/\/formationdansetherapie.com\/en\/product\/module-21-developper-sa-creativite\/","title":{"rendered":"Module 21 : D\u00e9velopper sa cr\u00e9ativit\u00e9"},"content":{"rendered":"<style type=\"text\/css\"><\/style><p>D\u00e9couvrez comment la cr\u00e9ation, port\u00e9e par la danse et le souffle, peut vous lib\u00e9rer des entraves \u00e9motionnelles et ouvrir un espace de jeu, de joie et de mouvement authentique. Dans un cadre s\u00e9curisant propre \u00e0 la danse th\u00e9rapie, vous serez invit\u00e9\u00b7e \u00e0 explorer la libert\u00e9 d\u2019\u00eatre pleinement vous-m\u00eame, sans peur ni jugement. La cr\u00e9ativit\u00e9, v\u00e9ritable alli\u00e9e th\u00e9rapeutique, devient un vecteur d&rsquo;\u00e9panouissement, permettant de traverser les d\u00e9fis et de c\u00e9l\u00e9brer votre unicit\u00e9. Ensemble, nous danserons cette libert\u00e9 retrouv\u00e9e et embrasserons votre potentiel cr\u00e9atif avec confiance et sensibilit\u00e9.<\/p>\n<p><b>Objectifs:<\/b><\/p>\n<p>&#8211; D\u00e9velopper sa cr\u00e9ativit\u00e9 et son intuition dans le plaisir.<br \/>\n&#8211; S\u2019adapter aux diverses situations et aux al\u00e9as qu&rsquo;on rencontre<br \/>\n&#8211; S\u2019inspirer des \u00e9l\u00e9ments du monde ext\u00e9rieur pour nourrir sa cr\u00e9ation.<br \/>\n&#8211; Danse la page blanche, le trop plein et le lacher prise<br \/>\n&#8211; Explorer diff\u00e9rents m\u00e9diums de cr\u00e9ativit\u00e9, tels que le dessin et l\u2019\u00e9criture.<\/p>\n<p><b>Dates possibles:<\/b><\/p>\n<p><b>Date 1: <\/b>02-February-2025, <b>Horaire: <\/b>9h30-17h30<\/p>\n<p><b>Date 2: <\/b>02-February-2026, <b>Horaire: <\/b> 9h-17h<\/p>\n<p><b>Date 3: <\/b>14-December-2026, <b>Horaire: <\/b> 9h-17h<\/p>","protected":false},"excerpt":{"rendered":"<p>D\u00e9couvrez comment la cr\u00e9ation, port\u00e9e par la danse et le souffle, peut vous lib\u00e9rer des entraves \u00e9motionnelles et ouvrir un espace de jeu, de joie et de mouvement authentique. Dans&#8230;<\/p>","protected":false},"featured_media":16612,"template":"","meta":{"_EventAllDay":false,"_EventTimezone":"","_EventStartDate":"","_EventEndDate":"","_EventStartDateUTC":"","_EventEndDateUTC":"","_EventShowMap":false,"_EventShowMapLink":false,"_EventURL":"","_EventCost":"","_EventCostDescription":"","_EventCurrencySymbol":"","_EventCurrencyCode":"","_EventCurrencyPosition":"","_EventDateTimeSeparator":"","_EventTimeRangeSeparator":"","_EventOrganizerID":[],"_EventVenueID":[],"_OrganizerEmail":"","_OrganizerPhone":"","_OrganizerWebsite":"","_VenueAddress":"","_VenueCity":"","_VenueCountry":"","_VenueProvince":"","_VenueState":"","_VenueZip":"","_VenuePhone":"","_VenueURL":"","_VenueStateProvince":"","_VenueLat":"","_VenueLng":"","_VenueShowMap":false,"_VenueShowMapLink":false},"product_brand":[],"product_cat":[333],"product_tag":[],"class_list":{"0":"post-18204","1":"product","2":"type-product","3":"status-publish","4":"has-post-thumbnail","6":"product_cat-workshop","8":"first","9":"instock","10":"shipping-taxable","11":"purchasable","12":"product-type-variable"},"yoast_head":"<!-- This site is optimized with the Yoast SEO Premium plugin v23.8 (Yoast SEO v27.0) - https:\/\/yoast.com\/product\/yoast-seo-premium-wordpress\/ -->\n<title>Module 21 : D\u00e9velopper sa cr\u00e9ativit\u00e9 - Per Se Nota | Danse th\u00e9rapie<\/title>\n<meta name=\"description\" content=\"Module 21 : D\u00e9velopper sa cr\u00e9ativit\u00e9 - Per Se Nota | Danse th\u00e9rapie\" \/>\n<meta name=\"robots\" content=\"index, follow, max-snippet:-1, max-image-preview:large, max-video-preview:-1\" \/>\n<link rel=\"canonical\" href=\"https:\/\/formationdansetherapie.com\/en\/product\/module-21-developper-sa-creativite\/\" \/>\n<meta property=\"og:locale\" content=\"en_US\" \/>\n<meta property=\"og:type\" content=\"article\" \/>\n<meta property=\"og:title\" content=\"Module 21 : D\u00e9velopper sa cr\u00e9ativit\u00e9\" \/>\n<meta property=\"og:description\" content=\"Module 21 : D\u00e9velopper sa cr\u00e9ativit\u00e9 - Per Se Nota | Danse th\u00e9rapie\" \/>\n<meta property=\"og:url\" content=\"https:\/\/formationdansetherapie.com\/en\/product\/module-21-developper-sa-creativite\/\" \/>\n<meta property=\"og:site_name\" content=\"Per Se Nota | Danse th\u00e9rapie\" \/>\n<meta property=\"article:modified_time\" content=\"2025-07-28T22:57:25+00:00\" \/>\n<meta property=\"og:image\" content=\"https:\/\/formationdansetherapie.com\/wp-content\/uploads\/2025\/05\/Module-21-Developper-sa-creativite.png\" \/>\n\t<meta property=\"og:image:width\" content=\"1080\" \/>\n\t<meta property=\"og:image:height\" content=\"1350\" \/>\n\t<meta property=\"og:image:type\" content=\"image\/png\" \/>\n<meta name=\"twitter:card\" content=\"summary_large_image\" \/>\n<meta name=\"twitter:label1\" content=\"Est. reading time\" \/>\n\t<meta name=\"twitter:data1\" content=\"1 minute\" \/>\n<script type=\"application\/ld+json\" class=\"yoast-schema-graph\">{\"@context\":\"https:\/\/schema.org\",\"@graph\":[{\"@type\":\"WebPage\",\"@id\":\"https:\/\/formationdansetherapie.com\/product\/module-21-developper-sa-creativite\/\",\"url\":\"https:\/\/formationdansetherapie.com\/product\/module-21-developper-sa-creativite\/\",\"name\":\"Module 21 : D\u00e9velopper sa cr\u00e9ativit\u00e9 - Per Se Nota | Danse th\u00e9rapie\",\"isPartOf\":{\"@id\":\"https:\/\/formationdansetherapie.com\/#website\"},\"primaryImageOfPage\":{\"@id\":\"https:\/\/formationdansetherapie.com\/product\/module-21-developper-sa-creativite\/#primaryimage\"},\"image\":{\"@id\":\"https:\/\/formationdansetherapie.com\/product\/module-21-developper-sa-creativite\/#primaryimage\"},\"thumbnailUrl\":\"https:\/\/formationdansetherapie.com\/wp-content\/uploads\/2025\/05\/Module-21-Developper-sa-creativite.png\",\"datePublished\":\"2025-07-26T21:42:03+00:00\",\"dateModified\":\"2025-07-28T22:57:25+00:00\",\"description\":\"Module 21 : D\u00e9velopper sa cr\u00e9ativit\u00e9 - Per Se Nota | Danse th\u00e9rapie\",\"breadcrumb\":{\"@id\":\"https:\/\/formationdansetherapie.com\/product\/module-21-developper-sa-creativite\/#breadcrumb\"},\"inLanguage\":\"en-US\",\"potentialAction\":[{\"@type\":\"ReadAction\",\"target\":[\"https:\/\/formationdansetherapie.com\/product\/module-21-developper-sa-creativite\/\"]}]},{\"@type\":\"ImageObject\",\"inLanguage\":\"en-US\",\"@id\":\"https:\/\/formationdansetherapie.com\/product\/module-21-developper-sa-creativite\/#primaryimage\",\"url\":\"https:\/\/formationdansetherapie.com\/wp-content\/uploads\/2025\/05\/Module-21-Developper-sa-creativite.png\",\"contentUrl\":\"https:\/\/formationdansetherapie.com\/wp-content\/uploads\/2025\/05\/Module-21-Developper-sa-creativite.png\",\"width\":1080,\"height\":1350},{\"@type\":\"BreadcrumbList\",\"@id\":\"https:\/\/formationdansetherapie.com\/product\/module-21-developper-sa-creativite\/#breadcrumb\",\"itemListElement\":[{\"@type\":\"ListItem\",\"position\":1,\"name\":\"Home\",\"item\":\"https:\/\/formationdansetherapie.com\/\"},{\"@type\":\"ListItem\",\"position\":2,\"name\":\"Shop\",\"item\":\"https:\/\/formationdansetherapie.com\/shop\/\"},{\"@type\":\"ListItem\",\"position\":3,\"name\":\"Module 21 : D\u00e9velopper sa cr\u00e9ativit\u00e9\"}]},{\"@type\":\"WebSite\",\"@id\":\"https:\/\/formationdansetherapie.com\/#website\",\"url\":\"https:\/\/formationdansetherapie.com\/\",\"name\":\"Per Se Nota | Danse th\u00e9rapie\",\"description\":\"Formation professionnelle danse th\u00e9rapie - professeur de danse th\u00e9rapie et danse th\u00e9rapeute\",\"potentialAction\":[{\"@type\":\"SearchAction\",\"target\":{\"@type\":\"EntryPoint\",\"urlTemplate\":\"https:\/\/formationdansetherapie.com\/?s={search_term_string}\"},\"query-input\":{\"@type\":\"PropertyValueSpecification\",\"valueRequired\":true,\"valueName\":\"search_term_string\"}}],\"inLanguage\":\"en-US\"}]}<\/script>\n<!-- \/ Yoast SEO Premium plugin. -->","yoast_head_json":{"title":"Module 21 : D\u00e9velopper sa cr\u00e9ativit\u00e9 - Per Se Nota | Danse th\u00e9rapie","description":"Module 21 : D\u00e9velopper sa cr\u00e9ativit\u00e9 - Per Se Nota | Danse th\u00e9rapie","robots":{"index":"index","follow":"follow","max-snippet":"max-snippet:-1","max-image-preview":"max-image-preview:large","max-video-preview":"max-video-preview:-1"},"canonical":"https:\/\/formationdansetherapie.com\/en\/product\/module-21-developper-sa-creativite\/","og_locale":"en_US","og_type":"article","og_title":"Module 21 : D\u00e9velopper sa cr\u00e9ativit\u00e9","og_description":"Module 21 : D\u00e9velopper sa cr\u00e9ativit\u00e9 - Per Se Nota | Danse th\u00e9rapie","og_url":"https:\/\/formationdansetherapie.com\/en\/product\/module-21-developper-sa-creativite\/","og_site_name":"Per Se Nota | Danse th\u00e9rapie","article_modified_time":"2025-07-28T22:57:25+00:00","og_image":[{"width":1080,"height":1350,"url":"https:\/\/formationdansetherapie.com\/wp-content\/uploads\/2025\/05\/Module-21-Developper-sa-creativite.png","type":"image\/png"}],"twitter_card":"summary_large_image","twitter_misc":{"Est. reading time":"1 minute"},"schema":{"@context":"https:\/\/schema.org","@graph":[{"@type":"WebPage","@id":"https:\/\/formationdansetherapie.com\/product\/module-21-developper-sa-creativite\/","url":"https:\/\/formationdansetherapie.com\/product\/module-21-developper-sa-creativite\/","name":"Module 21 : D\u00e9velopper sa cr\u00e9ativit\u00e9 - Per Se Nota | Danse th\u00e9rapie","isPartOf":{"@id":"https:\/\/formationdansetherapie.com\/#website"},"primaryImageOfPage":{"@id":"https:\/\/formationdansetherapie.com\/product\/module-21-developper-sa-creativite\/#primaryimage"},"image":{"@id":"https:\/\/formationdansetherapie.com\/product\/module-21-developper-sa-creativite\/#primaryimage"},"thumbnailUrl":"https:\/\/formationdansetherapie.com\/wp-content\/uploads\/2025\/05\/Module-21-Developper-sa-creativite.png","datePublished":"2025-07-26T21:42:03+00:00","dateModified":"2025-07-28T22:57:25+00:00","description":"Module 21 : D\u00e9velopper sa cr\u00e9ativit\u00e9 - Per Se Nota | Danse th\u00e9rapie","breadcrumb":{"@id":"https:\/\/formationdansetherapie.com\/product\/module-21-developper-sa-creativite\/#breadcrumb"},"inLanguage":"en-US","potentialAction":[{"@type":"ReadAction","target":["https:\/\/formationdansetherapie.com\/product\/module-21-developper-sa-creativite\/"]}]},{"@type":"ImageObject","inLanguage":"en-US","@id":"https:\/\/formationdansetherapie.com\/product\/module-21-developper-sa-creativite\/#primaryimage","url":"https:\/\/formationdansetherapie.com\/wp-content\/uploads\/2025\/05\/Module-21-Developper-sa-creativite.png","contentUrl":"https:\/\/formationdansetherapie.com\/wp-content\/uploads\/2025\/05\/Module-21-Developper-sa-creativite.png","width":1080,"height":1350},{"@type":"BreadcrumbList","@id":"https:\/\/formationdansetherapie.com\/product\/module-21-developper-sa-creativite\/#breadcrumb","itemListElement":[{"@type":"ListItem","position":1,"name":"Home","item":"https:\/\/formationdansetherapie.com\/"},{"@type":"ListItem","position":2,"name":"Shop","item":"https:\/\/formationdansetherapie.com\/shop\/"},{"@type":"ListItem","position":3,"name":"Module 21 : D\u00e9velopper sa cr\u00e9ativit\u00e9"}]},{"@type":"WebSite","@id":"https:\/\/formationdansetherapie.com\/#website","url":"https:\/\/formationdansetherapie.com\/","name":"Per Se Nota | Dance therapy","description":"Formation professionnelle danse th\u00e9rapie - professeur de danse th\u00e9rapie et danse th\u00e9rapeute","potentialAction":[{"@type":"SearchAction","target":{"@type":"EntryPoint","urlTemplate":"https:\/\/formationdansetherapie.com\/?s={search_term_string}"},"query-input":{"@type":"PropertyValueSpecification","valueRequired":true,"valueName":"search_term_string"}}],"inLanguage":"en-US"}]}},"_links":{"self":[{"href":"https:\/\/formationdansetherapie.com\/en\/wp-json\/wp\/v2\/product\/18204","targetHints":{"allow":["GET"]}}],"collection":[{"href":"https:\/\/formationdansetherapie.com\/en\/wp-json\/wp\/v2\/product"}],"about":[{"href":"https:\/\/formationdansetherapie.com\/en\/wp-json\/wp\/v2\/types\/product"}],"wp:featuredmedia":[{"embeddable":true,"href":"https:\/\/formationdansetherapie.com\/en\/wp-json\/wp\/v2\/media\/16612"}],"wp:attachment":[{"href":"https:\/\/formationdansetherapie.com\/en\/wp-json\/wp\/v2\/media?parent=18204"}],"wp:term":[{"taxonomy":"product_brand","embeddable":true,"href":"https:\/\/formationdansetherapie.com\/en\/wp-json\/wp\/v2\/product_brand?post=18204"},{"taxonomy":"product_cat","embeddable":true,"href":"https:\/\/formationdansetherapie.com\/en\/wp-json\/wp\/v2\/product_cat?post=18204"},{"taxonomy":"product_tag","embeddable":true,"href":"https:\/\/formationdansetherapie.com\/en\/wp-json\/wp\/v2\/product_tag?post=18204"}],"curies":[{"name":"wp","href":"https:\/\/api.w.org\/{rel}","templated":true}]}}