{"id":18203,"date":"2025-07-26T23:42:02","date_gmt":"2025-07-26T21:42:02","guid":{"rendered":"https:\/\/formationdansetherapie.com\/product\/module-5-j1-lautre-mon-miroir\/"},"modified":"2025-07-28T22:54:55","modified_gmt":"2025-07-28T20:54:55","slug":"module-5-j1-lautre-mon-miroir","status":"publish","type":"product","link":"https:\/\/formationdansetherapie.com\/en\/product\/module-5-j1-lautre-mon-miroir\/","title":{"rendered":"Module 5 J1 : L&rsquo;autre mon miroir"},"content":{"rendered":"<style type=\"text\/css\"><\/style><p>Plongez au c\u0153ur de la rencontre avec l\u2019autre, v\u00e9ritable miroir de votre monde int\u00e9rieur. Danser avec quelqu\u2019un, c\u2019est entrer dans un dialogue sensible o\u00f9 chaque mouvement, chaque regard, vous r\u00e9v\u00e8le \u00e0 vous-m\u00eame. \u00c0 travers cette exploration en mouvement, vous serez invit\u00e9\u00b7e \u00e0 observer vos r\u00e9actions, vos \u00e9motions et vos \u00e9lans profonds, et \u00e0 reconna\u00eetre les sch\u00e9mas qui vous habitent. La danse, en tant que langage universel, devient un outil puissant d\u2019introspection dans un cadre s\u00e9curisant et th\u00e9rapeutique, propice \u00e0 la connexion, \u00e0 l\u2019\u00e9coute mutuelle et au d\u00e9ploiement de soi.<\/p>\n<p><b>Objectifs:<\/b><\/p>\n<p>&#8211; Prendre conscience des mouvements de l\u2019autre, qui peuvent r\u00e9v\u00e9ler ainsi des aspects de soi.<br \/>\n&#8211; Explorer ses \u00e9motions en r\u00e9sonance avec celles des autres.<br \/>\n&#8211; Renforcer ses comp\u00e9tences sociales pour favoriser l\u2019interaction (partage, assertivit\u00e9, communication authentique)<br \/>\n&#8211; \u00c9panouir sa cr\u00e9ativit\u00e9 en collectivit\u00e9.<\/p>\n<p><b>Dates possibles:<\/b><\/p>\n<p><b>Date 1: <\/b>01-February-2025, <b>Horaire: <\/b>9h30-17h30<\/p>\n<p><b>Date 2: <\/b>31-January-2026, <b>Horaire: <\/b> 9h30-17h30<\/p>\n<p><b>Date 3: <\/b>12-December-2026, <b>Horaire: <\/b> 9h30-17h30<\/p>","protected":false},"excerpt":{"rendered":"<p>Plongez au c\u0153ur de la rencontre avec l\u2019autre, v\u00e9ritable miroir de votre monde int\u00e9rieur. Danser avec quelqu\u2019un, c\u2019est entrer dans un dialogue sensible o\u00f9 chaque mouvement, chaque regard, vous r\u00e9v\u00e8le&#8230;<\/p>","protected":false},"featured_media":16588,"template":"","meta":{"_EventAllDay":false,"_EventTimezone":"","_EventStartDate":"","_EventEndDate":"","_EventStartDateUTC":"","_EventEndDateUTC":"","_EventShowMap":false,"_EventShowMapLink":false,"_EventURL":"","_EventCost":"","_EventCostDescription":"","_EventCurrencySymbol":"","_EventCurrencyCode":"","_EventCurrencyPosition":"","_EventDateTimeSeparator":"","_EventTimeRangeSeparator":"","_EventOrganizerID":[],"_EventVenueID":[],"_OrganizerEmail":"","_OrganizerPhone":"","_OrganizerWebsite":"","_VenueAddress":"","_VenueCity":"","_VenueCountry":"","_VenueProvince":"","_VenueState":"","_VenueZip":"","_VenuePhone":"","_VenueURL":"","_VenueStateProvince":"","_VenueLat":"","_VenueLng":"","_VenueShowMap":false,"_VenueShowMapLink":false},"product_brand":[],"product_cat":[333],"product_tag":[],"class_list":{"0":"post-18203","1":"product","2":"type-product","3":"status-publish","4":"has-post-thumbnail","6":"product_cat-workshop","8":"first","9":"instock","10":"shipping-taxable","11":"purchasable","12":"product-type-variable"},"yoast_head":"<!-- This site is optimized with the Yoast SEO Premium plugin v23.8 (Yoast SEO v27.0) - https:\/\/yoast.com\/product\/yoast-seo-premium-wordpress\/ -->\n<title>Module 5 J1 : L&#039;autre mon miroir - Per Se Nota | Danse th\u00e9rapie<\/title>\n<meta name=\"description\" content=\"Module 5 J1 : L&#039;autre mon miroir - Per Se Nota | Danse th\u00e9rapie\" \/>\n<meta name=\"robots\" content=\"index, follow, max-snippet:-1, max-image-preview:large, max-video-preview:-1\" \/>\n<link rel=\"canonical\" href=\"https:\/\/formationdansetherapie.com\/en\/product\/module-5-j1-lautre-mon-miroir\/\" \/>\n<meta property=\"og:locale\" content=\"en_US\" \/>\n<meta property=\"og:type\" content=\"article\" \/>\n<meta property=\"og:title\" content=\"Module 5 J1 : L&#039;autre mon miroir\" \/>\n<meta property=\"og:description\" content=\"Module 5 J1 : L&#039;autre mon miroir - Per Se Nota | Danse th\u00e9rapie\" \/>\n<meta property=\"og:url\" content=\"https:\/\/formationdansetherapie.com\/en\/product\/module-5-j1-lautre-mon-miroir\/\" \/>\n<meta property=\"og:site_name\" content=\"Per Se Nota | Danse th\u00e9rapie\" \/>\n<meta property=\"article:modified_time\" content=\"2025-07-28T20:54:55+00:00\" \/>\n<meta property=\"og:image\" content=\"https:\/\/formationdansetherapie.com\/wp-content\/uploads\/2025\/05\/Module-5-J1-Lautre-mon-miroir.png\" \/>\n\t<meta property=\"og:image:width\" content=\"1080\" \/>\n\t<meta property=\"og:image:height\" content=\"1350\" \/>\n\t<meta property=\"og:image:type\" content=\"image\/png\" \/>\n<meta name=\"twitter:card\" content=\"summary_large_image\" \/>\n<meta name=\"twitter:label1\" content=\"Est. reading time\" \/>\n\t<meta name=\"twitter:data1\" content=\"1 minute\" \/>\n<script type=\"application\/ld+json\" class=\"yoast-schema-graph\">{\"@context\":\"https:\/\/schema.org\",\"@graph\":[{\"@type\":\"WebPage\",\"@id\":\"https:\/\/formationdansetherapie.com\/product\/module-5-j1-lautre-mon-miroir\/\",\"url\":\"https:\/\/formationdansetherapie.com\/product\/module-5-j1-lautre-mon-miroir\/\",\"name\":\"Module 5 J1 : L'autre mon miroir - Per Se Nota | Danse th\u00e9rapie\",\"isPartOf\":{\"@id\":\"https:\/\/formationdansetherapie.com\/#website\"},\"primaryImageOfPage\":{\"@id\":\"https:\/\/formationdansetherapie.com\/product\/module-5-j1-lautre-mon-miroir\/#primaryimage\"},\"image\":{\"@id\":\"https:\/\/formationdansetherapie.com\/product\/module-5-j1-lautre-mon-miroir\/#primaryimage\"},\"thumbnailUrl\":\"https:\/\/formationdansetherapie.com\/wp-content\/uploads\/2025\/05\/Module-5-J1-Lautre-mon-miroir.png\",\"datePublished\":\"2025-07-26T21:42:02+00:00\",\"dateModified\":\"2025-07-28T20:54:55+00:00\",\"description\":\"Module 5 J1 : L'autre mon miroir - Per Se Nota | Danse th\u00e9rapie\",\"breadcrumb\":{\"@id\":\"https:\/\/formationdansetherapie.com\/product\/module-5-j1-lautre-mon-miroir\/#breadcrumb\"},\"inLanguage\":\"en-US\",\"potentialAction\":[{\"@type\":\"ReadAction\",\"target\":[\"https:\/\/formationdansetherapie.com\/product\/module-5-j1-lautre-mon-miroir\/\"]}]},{\"@type\":\"ImageObject\",\"inLanguage\":\"en-US\",\"@id\":\"https:\/\/formationdansetherapie.com\/product\/module-5-j1-lautre-mon-miroir\/#primaryimage\",\"url\":\"https:\/\/formationdansetherapie.com\/wp-content\/uploads\/2025\/05\/Module-5-J1-Lautre-mon-miroir.png\",\"contentUrl\":\"https:\/\/formationdansetherapie.com\/wp-content\/uploads\/2025\/05\/Module-5-J1-Lautre-mon-miroir.png\",\"width\":1080,\"height\":1350},{\"@type\":\"BreadcrumbList\",\"@id\":\"https:\/\/formationdansetherapie.com\/product\/module-5-j1-lautre-mon-miroir\/#breadcrumb\",\"itemListElement\":[{\"@type\":\"ListItem\",\"position\":1,\"name\":\"Home\",\"item\":\"https:\/\/formationdansetherapie.com\/\"},{\"@type\":\"ListItem\",\"position\":2,\"name\":\"Shop\",\"item\":\"https:\/\/formationdansetherapie.com\/shop\/\"},{\"@type\":\"ListItem\",\"position\":3,\"name\":\"Module 5 J1 : L&#8217;autre mon miroir\"}]},{\"@type\":\"WebSite\",\"@id\":\"https:\/\/formationdansetherapie.com\/#website\",\"url\":\"https:\/\/formationdansetherapie.com\/\",\"name\":\"Per Se Nota | Danse th\u00e9rapie\",\"description\":\"Formation professionnelle danse th\u00e9rapie - professeur de danse th\u00e9rapie et danse th\u00e9rapeute\",\"potentialAction\":[{\"@type\":\"SearchAction\",\"target\":{\"@type\":\"EntryPoint\",\"urlTemplate\":\"https:\/\/formationdansetherapie.com\/?s={search_term_string}\"},\"query-input\":{\"@type\":\"PropertyValueSpecification\",\"valueRequired\":true,\"valueName\":\"search_term_string\"}}],\"inLanguage\":\"en-US\"}]}<\/script>\n<!-- \/ Yoast SEO Premium plugin. -->","yoast_head_json":{"title":"Module 5 J1 : L'autre mon miroir - Per Se Nota | Danse th\u00e9rapie","description":"Module 5 J1 : L'autre mon miroir - Per Se Nota | Danse th\u00e9rapie","robots":{"index":"index","follow":"follow","max-snippet":"max-snippet:-1","max-image-preview":"max-image-preview:large","max-video-preview":"max-video-preview:-1"},"canonical":"https:\/\/formationdansetherapie.com\/en\/product\/module-5-j1-lautre-mon-miroir\/","og_locale":"en_US","og_type":"article","og_title":"Module 5 J1 : L'autre mon miroir","og_description":"Module 5 J1 : L'autre mon miroir - Per Se Nota | Danse th\u00e9rapie","og_url":"https:\/\/formationdansetherapie.com\/en\/product\/module-5-j1-lautre-mon-miroir\/","og_site_name":"Per Se Nota | Danse th\u00e9rapie","article_modified_time":"2025-07-28T20:54:55+00:00","og_image":[{"width":1080,"height":1350,"url":"https:\/\/formationdansetherapie.com\/wp-content\/uploads\/2025\/05\/Module-5-J1-Lautre-mon-miroir.png","type":"image\/png"}],"twitter_card":"summary_large_image","twitter_misc":{"Est. reading time":"1 minute"},"schema":{"@context":"https:\/\/schema.org","@graph":[{"@type":"WebPage","@id":"https:\/\/formationdansetherapie.com\/product\/module-5-j1-lautre-mon-miroir\/","url":"https:\/\/formationdansetherapie.com\/product\/module-5-j1-lautre-mon-miroir\/","name":"Module 5 J1 : L'autre mon miroir - Per Se Nota | Danse th\u00e9rapie","isPartOf":{"@id":"https:\/\/formationdansetherapie.com\/#website"},"primaryImageOfPage":{"@id":"https:\/\/formationdansetherapie.com\/product\/module-5-j1-lautre-mon-miroir\/#primaryimage"},"image":{"@id":"https:\/\/formationdansetherapie.com\/product\/module-5-j1-lautre-mon-miroir\/#primaryimage"},"thumbnailUrl":"https:\/\/formationdansetherapie.com\/wp-content\/uploads\/2025\/05\/Module-5-J1-Lautre-mon-miroir.png","datePublished":"2025-07-26T21:42:02+00:00","dateModified":"2025-07-28T20:54:55+00:00","description":"Module 5 J1 : L'autre mon miroir - Per Se Nota | Danse th\u00e9rapie","breadcrumb":{"@id":"https:\/\/formationdansetherapie.com\/product\/module-5-j1-lautre-mon-miroir\/#breadcrumb"},"inLanguage":"en-US","potentialAction":[{"@type":"ReadAction","target":["https:\/\/formationdansetherapie.com\/product\/module-5-j1-lautre-mon-miroir\/"]}]},{"@type":"ImageObject","inLanguage":"en-US","@id":"https:\/\/formationdansetherapie.com\/product\/module-5-j1-lautre-mon-miroir\/#primaryimage","url":"https:\/\/formationdansetherapie.com\/wp-content\/uploads\/2025\/05\/Module-5-J1-Lautre-mon-miroir.png","contentUrl":"https:\/\/formationdansetherapie.com\/wp-content\/uploads\/2025\/05\/Module-5-J1-Lautre-mon-miroir.png","width":1080,"height":1350},{"@type":"BreadcrumbList","@id":"https:\/\/formationdansetherapie.com\/product\/module-5-j1-lautre-mon-miroir\/#breadcrumb","itemListElement":[{"@type":"ListItem","position":1,"name":"Home","item":"https:\/\/formationdansetherapie.com\/"},{"@type":"ListItem","position":2,"name":"Shop","item":"https:\/\/formationdansetherapie.com\/shop\/"},{"@type":"ListItem","position":3,"name":"Module 5 J1 : L&#8217;autre mon miroir"}]},{"@type":"WebSite","@id":"https:\/\/formationdansetherapie.com\/#website","url":"https:\/\/formationdansetherapie.com\/","name":"Per Se Nota | Dance therapy","description":"Formation professionnelle danse th\u00e9rapie - professeur de danse th\u00e9rapie et danse th\u00e9rapeute","potentialAction":[{"@type":"SearchAction","target":{"@type":"EntryPoint","urlTemplate":"https:\/\/formationdansetherapie.com\/?s={search_term_string}"},"query-input":{"@type":"PropertyValueSpecification","valueRequired":true,"valueName":"search_term_string"}}],"inLanguage":"en-US"}]}},"_links":{"self":[{"href":"https:\/\/formationdansetherapie.com\/en\/wp-json\/wp\/v2\/product\/18203","targetHints":{"allow":["GET"]}}],"collection":[{"href":"https:\/\/formationdansetherapie.com\/en\/wp-json\/wp\/v2\/product"}],"about":[{"href":"https:\/\/formationdansetherapie.com\/en\/wp-json\/wp\/v2\/types\/product"}],"wp:featuredmedia":[{"embeddable":true,"href":"https:\/\/formationdansetherapie.com\/en\/wp-json\/wp\/v2\/media\/16588"}],"wp:attachment":[{"href":"https:\/\/formationdansetherapie.com\/en\/wp-json\/wp\/v2\/media?parent=18203"}],"wp:term":[{"taxonomy":"product_brand","embeddable":true,"href":"https:\/\/formationdansetherapie.com\/en\/wp-json\/wp\/v2\/product_brand?post=18203"},{"taxonomy":"product_cat","embeddable":true,"href":"https:\/\/formationdansetherapie.com\/en\/wp-json\/wp\/v2\/product_cat?post=18203"},{"taxonomy":"product_tag","embeddable":true,"href":"https:\/\/formationdansetherapie.com\/en\/wp-json\/wp\/v2\/product_tag?post=18203"}],"curies":[{"name":"wp","href":"https:\/\/api.w.org\/{rel}","templated":true}]}}