{"id":18192,"date":"2025-07-26T23:35:02","date_gmt":"2025-07-26T21:35:02","guid":{"rendered":"https:\/\/formationdansetherapie.com\/product\/module-14-specificite-du-public-enfant-4-6-ans\/"},"modified":"2025-07-28T22:51:09","modified_gmt":"2025-07-28T20:51:09","slug":"module-14-specificite-du-public-enfant-4-6-ans","status":"publish","type":"product","link":"https:\/\/formationdansetherapie.com\/en\/product\/module-14-specificite-du-public-enfant-4-6-ans\/","title":{"rendered":"Module 14 : Sp\u00e9cificit\u00e9 du public enfant (4-6 ans)"},"content":{"rendered":"<style type=\"text\/css\"><\/style><p>Les enfants ont tant \u00e0 nous apprendre, nous reconnectant \u00e0 notre enfant int\u00e9rieur, \u00e0 notre spontan\u00e9it\u00e9 et \u00e0 notre authenticit\u00e9. Ils nous encouragent \u00e0 laisser transpara\u00eetre qui nous sommes sans filtre, r\u00e9v\u00e9lant la beaut\u00e9 de notre essence. Leur regard innocent et leur curiosit\u00e9 naturelle sont une aide pr\u00e9cieuse pour nous aider \u00e0 mieux nous comprendre. En observant et en interagissant avec eux, nous red\u00e9couvrons des aspects de nous-m\u00eames souvent oubli\u00e9s, nous rappelant l&rsquo;importance de l&rsquo;imagination et de la joie dans notre vie quotidienne.<\/p>\n<p><b>Objectifs:<\/b><\/p>\n<p>&#8211; Structurer l\u2019accueil et l\u2019\u00e9chauffement chez l\u2019enfant pour cr\u00e9er un cadre s\u00e9curisant et stimulant, favorisant l\u2019engagement dans l\u2019activit\u00e9.<br \/>\n&#8211; Mettre en place des jeux de r\u00f4le pour aider les enfants \u00e0 explorer diff\u00e9rentes postures corporelles et d\u00e9velopper leur confiance en eux.<br \/>\n&#8211; Utiliser l\u2019expression corporelle comme un moyen de canaliser l\u2019\u00e9nergie, en transformant le mouvement spontan\u00e9 en un langage structur\u00e9 et cr\u00e9atif.<br \/>\n&#8211; Exp\u00e9rimenter des techniques de relaxation adapt\u00e9es aux enfants pour favoriser le retour au calme, l\u2019\u00e9coute de soi et la gestion des \u00e9motions.<br \/>\n&#8211; Int\u00e9grer le M\u00e9tis\u2019danse pour \u00e9veiller la curiosit\u00e9, enrichir l\u2019apprentissage par la diversit\u00e9 culturelle et stimuler la coordination \u00e0 travers des rythmes vari\u00e9s.<\/p>\n<p><b>Dates possibles:<\/b><\/p>\n<p><b>Date 1: <\/b>28-November-2025, <b>Horaire: <\/b>9h30-17h30<\/p>\n<p><b>Date 2: <\/b>13-November-2026, <b>Horaire: <\/b> 9h30-17h30<\/p>","protected":false},"excerpt":{"rendered":"<p>Les enfants ont tant \u00e0 nous apprendre, nous reconnectant \u00e0 notre enfant int\u00e9rieur, \u00e0 notre spontan\u00e9it\u00e9 et \u00e0 notre authenticit\u00e9. Ils nous encouragent \u00e0 laisser transpara\u00eetre qui nous sommes sans&#8230;<\/p>","protected":false},"featured_media":16605,"template":"","meta":{"_EventAllDay":false,"_EventTimezone":"","_EventStartDate":"","_EventEndDate":"","_EventStartDateUTC":"","_EventEndDateUTC":"","_EventShowMap":false,"_EventShowMapLink":false,"_EventURL":"","_EventCost":"","_EventCostDescription":"","_EventCurrencySymbol":"","_EventCurrencyCode":"","_EventCurrencyPosition":"","_EventDateTimeSeparator":"","_EventTimeRangeSeparator":"","_EventOrganizerID":[],"_EventVenueID":[],"_OrganizerEmail":"","_OrganizerPhone":"","_OrganizerWebsite":"","_VenueAddress":"","_VenueCity":"","_VenueCountry":"","_VenueProvince":"","_VenueState":"","_VenueZip":"","_VenuePhone":"","_VenueURL":"","_VenueStateProvince":"","_VenueLat":"","_VenueLng":"","_VenueShowMap":false,"_VenueShowMapLink":false},"product_brand":[],"product_cat":[333],"product_tag":[],"class_list":{"0":"post-18192","1":"product","2":"type-product","3":"status-publish","4":"has-post-thumbnail","6":"product_cat-workshop","8":"first","9":"instock","10":"shipping-taxable","11":"purchasable","12":"product-type-variable"},"yoast_head":"<!-- This site is optimized with the Yoast SEO Premium plugin v23.8 (Yoast SEO v27.0) - https:\/\/yoast.com\/product\/yoast-seo-premium-wordpress\/ -->\n<title>Module 14 : Sp\u00e9cificit\u00e9 du public enfant (4-6 ans) - Per Se Nota | Danse th\u00e9rapie<\/title>\n<meta name=\"description\" content=\"Module 14 : Sp\u00e9cificit\u00e9 du public enfant (4-6 ans) - Per Se Nota | Danse th\u00e9rapie\" \/>\n<meta name=\"robots\" content=\"index, follow, max-snippet:-1, max-image-preview:large, max-video-preview:-1\" \/>\n<link rel=\"canonical\" href=\"https:\/\/formationdansetherapie.com\/en\/product\/module-14-specificite-du-public-enfant-4-6-ans\/\" \/>\n<meta property=\"og:locale\" content=\"en_US\" \/>\n<meta property=\"og:type\" content=\"article\" \/>\n<meta property=\"og:title\" content=\"Module 14 : Sp\u00e9cificit\u00e9 du public enfant (4-6 ans)\" \/>\n<meta property=\"og:description\" content=\"Module 14 : Sp\u00e9cificit\u00e9 du public enfant (4-6 ans) - Per Se Nota | Danse th\u00e9rapie\" \/>\n<meta property=\"og:url\" content=\"https:\/\/formationdansetherapie.com\/en\/product\/module-14-specificite-du-public-enfant-4-6-ans\/\" \/>\n<meta property=\"og:site_name\" content=\"Per Se Nota | Danse th\u00e9rapie\" \/>\n<meta property=\"article:modified_time\" content=\"2025-07-28T20:51:09+00:00\" \/>\n<meta property=\"og:image\" content=\"https:\/\/formationdansetherapie.com\/wp-content\/uploads\/2025\/05\/Module-14-Specificite-du-public-enfant-4-6-ans.png\" \/>\n\t<meta property=\"og:image:width\" content=\"1080\" \/>\n\t<meta property=\"og:image:height\" content=\"1350\" \/>\n\t<meta property=\"og:image:type\" content=\"image\/png\" \/>\n<meta name=\"twitter:card\" content=\"summary_large_image\" \/>\n<meta name=\"twitter:label1\" content=\"Est. reading time\" \/>\n\t<meta name=\"twitter:data1\" content=\"2 minutes\" \/>\n<script type=\"application\/ld+json\" class=\"yoast-schema-graph\">{\"@context\":\"https:\/\/schema.org\",\"@graph\":[{\"@type\":\"WebPage\",\"@id\":\"https:\/\/formationdansetherapie.com\/product\/module-14-specificite-du-public-enfant-4-6-ans\/\",\"url\":\"https:\/\/formationdansetherapie.com\/product\/module-14-specificite-du-public-enfant-4-6-ans\/\",\"name\":\"Module 14 : Sp\u00e9cificit\u00e9 du public enfant (4-6 ans) - Per Se Nota | Danse th\u00e9rapie\",\"isPartOf\":{\"@id\":\"https:\/\/formationdansetherapie.com\/#website\"},\"primaryImageOfPage\":{\"@id\":\"https:\/\/formationdansetherapie.com\/product\/module-14-specificite-du-public-enfant-4-6-ans\/#primaryimage\"},\"image\":{\"@id\":\"https:\/\/formationdansetherapie.com\/product\/module-14-specificite-du-public-enfant-4-6-ans\/#primaryimage\"},\"thumbnailUrl\":\"https:\/\/formationdansetherapie.com\/wp-content\/uploads\/2025\/05\/Module-14-Specificite-du-public-enfant-4-6-ans.png\",\"datePublished\":\"2025-07-26T21:35:02+00:00\",\"dateModified\":\"2025-07-28T20:51:09+00:00\",\"description\":\"Module 14 : Sp\u00e9cificit\u00e9 du public enfant (4-6 ans) - Per Se Nota | Danse th\u00e9rapie\",\"breadcrumb\":{\"@id\":\"https:\/\/formationdansetherapie.com\/product\/module-14-specificite-du-public-enfant-4-6-ans\/#breadcrumb\"},\"inLanguage\":\"en-US\",\"potentialAction\":[{\"@type\":\"ReadAction\",\"target\":[\"https:\/\/formationdansetherapie.com\/product\/module-14-specificite-du-public-enfant-4-6-ans\/\"]}]},{\"@type\":\"ImageObject\",\"inLanguage\":\"en-US\",\"@id\":\"https:\/\/formationdansetherapie.com\/product\/module-14-specificite-du-public-enfant-4-6-ans\/#primaryimage\",\"url\":\"https:\/\/formationdansetherapie.com\/wp-content\/uploads\/2025\/05\/Module-14-Specificite-du-public-enfant-4-6-ans.png\",\"contentUrl\":\"https:\/\/formationdansetherapie.com\/wp-content\/uploads\/2025\/05\/Module-14-Specificite-du-public-enfant-4-6-ans.png\",\"width\":1080,\"height\":1350},{\"@type\":\"BreadcrumbList\",\"@id\":\"https:\/\/formationdansetherapie.com\/product\/module-14-specificite-du-public-enfant-4-6-ans\/#breadcrumb\",\"itemListElement\":[{\"@type\":\"ListItem\",\"position\":1,\"name\":\"Home\",\"item\":\"https:\/\/formationdansetherapie.com\/\"},{\"@type\":\"ListItem\",\"position\":2,\"name\":\"Shop\",\"item\":\"https:\/\/formationdansetherapie.com\/shop\/\"},{\"@type\":\"ListItem\",\"position\":3,\"name\":\"Module 14 : Sp\u00e9cificit\u00e9 du public enfant (4-6 ans)\"}]},{\"@type\":\"WebSite\",\"@id\":\"https:\/\/formationdansetherapie.com\/#website\",\"url\":\"https:\/\/formationdansetherapie.com\/\",\"name\":\"Per Se Nota | Danse th\u00e9rapie\",\"description\":\"Formation professionnelle danse th\u00e9rapie - professeur de danse th\u00e9rapie et danse th\u00e9rapeute\",\"potentialAction\":[{\"@type\":\"SearchAction\",\"target\":{\"@type\":\"EntryPoint\",\"urlTemplate\":\"https:\/\/formationdansetherapie.com\/?s={search_term_string}\"},\"query-input\":{\"@type\":\"PropertyValueSpecification\",\"valueRequired\":true,\"valueName\":\"search_term_string\"}}],\"inLanguage\":\"en-US\"}]}<\/script>\n<!-- \/ Yoast SEO Premium plugin. -->","yoast_head_json":{"title":"Module 14 : Sp\u00e9cificit\u00e9 du public enfant (4-6 ans) - Per Se Nota | Danse th\u00e9rapie","description":"Module 14 : Sp\u00e9cificit\u00e9 du public enfant (4-6 ans) - Per Se Nota | Danse th\u00e9rapie","robots":{"index":"index","follow":"follow","max-snippet":"max-snippet:-1","max-image-preview":"max-image-preview:large","max-video-preview":"max-video-preview:-1"},"canonical":"https:\/\/formationdansetherapie.com\/en\/product\/module-14-specificite-du-public-enfant-4-6-ans\/","og_locale":"en_US","og_type":"article","og_title":"Module 14 : Sp\u00e9cificit\u00e9 du public enfant (4-6 ans)","og_description":"Module 14 : Sp\u00e9cificit\u00e9 du public enfant (4-6 ans) - Per Se Nota | Danse th\u00e9rapie","og_url":"https:\/\/formationdansetherapie.com\/en\/product\/module-14-specificite-du-public-enfant-4-6-ans\/","og_site_name":"Per Se Nota | Danse th\u00e9rapie","article_modified_time":"2025-07-28T20:51:09+00:00","og_image":[{"width":1080,"height":1350,"url":"https:\/\/formationdansetherapie.com\/wp-content\/uploads\/2025\/05\/Module-14-Specificite-du-public-enfant-4-6-ans.png","type":"image\/png"}],"twitter_card":"summary_large_image","twitter_misc":{"Est. reading time":"2 minutes"},"schema":{"@context":"https:\/\/schema.org","@graph":[{"@type":"WebPage","@id":"https:\/\/formationdansetherapie.com\/product\/module-14-specificite-du-public-enfant-4-6-ans\/","url":"https:\/\/formationdansetherapie.com\/product\/module-14-specificite-du-public-enfant-4-6-ans\/","name":"Module 14 : Sp\u00e9cificit\u00e9 du public enfant (4-6 ans) - Per Se Nota | Danse th\u00e9rapie","isPartOf":{"@id":"https:\/\/formationdansetherapie.com\/#website"},"primaryImageOfPage":{"@id":"https:\/\/formationdansetherapie.com\/product\/module-14-specificite-du-public-enfant-4-6-ans\/#primaryimage"},"image":{"@id":"https:\/\/formationdansetherapie.com\/product\/module-14-specificite-du-public-enfant-4-6-ans\/#primaryimage"},"thumbnailUrl":"https:\/\/formationdansetherapie.com\/wp-content\/uploads\/2025\/05\/Module-14-Specificite-du-public-enfant-4-6-ans.png","datePublished":"2025-07-26T21:35:02+00:00","dateModified":"2025-07-28T20:51:09+00:00","description":"Module 14 : Sp\u00e9cificit\u00e9 du public enfant (4-6 ans) - Per Se Nota | Danse th\u00e9rapie","breadcrumb":{"@id":"https:\/\/formationdansetherapie.com\/product\/module-14-specificite-du-public-enfant-4-6-ans\/#breadcrumb"},"inLanguage":"en-US","potentialAction":[{"@type":"ReadAction","target":["https:\/\/formationdansetherapie.com\/product\/module-14-specificite-du-public-enfant-4-6-ans\/"]}]},{"@type":"ImageObject","inLanguage":"en-US","@id":"https:\/\/formationdansetherapie.com\/product\/module-14-specificite-du-public-enfant-4-6-ans\/#primaryimage","url":"https:\/\/formationdansetherapie.com\/wp-content\/uploads\/2025\/05\/Module-14-Specificite-du-public-enfant-4-6-ans.png","contentUrl":"https:\/\/formationdansetherapie.com\/wp-content\/uploads\/2025\/05\/Module-14-Specificite-du-public-enfant-4-6-ans.png","width":1080,"height":1350},{"@type":"BreadcrumbList","@id":"https:\/\/formationdansetherapie.com\/product\/module-14-specificite-du-public-enfant-4-6-ans\/#breadcrumb","itemListElement":[{"@type":"ListItem","position":1,"name":"Home","item":"https:\/\/formationdansetherapie.com\/"},{"@type":"ListItem","position":2,"name":"Shop","item":"https:\/\/formationdansetherapie.com\/shop\/"},{"@type":"ListItem","position":3,"name":"Module 14 : Sp\u00e9cificit\u00e9 du public enfant (4-6 ans)"}]},{"@type":"WebSite","@id":"https:\/\/formationdansetherapie.com\/#website","url":"https:\/\/formationdansetherapie.com\/","name":"Per Se Nota | Dance therapy","description":"Formation professionnelle danse th\u00e9rapie - professeur de danse th\u00e9rapie et danse th\u00e9rapeute","potentialAction":[{"@type":"SearchAction","target":{"@type":"EntryPoint","urlTemplate":"https:\/\/formationdansetherapie.com\/?s={search_term_string}"},"query-input":{"@type":"PropertyValueSpecification","valueRequired":true,"valueName":"search_term_string"}}],"inLanguage":"en-US"}]}},"_links":{"self":[{"href":"https:\/\/formationdansetherapie.com\/en\/wp-json\/wp\/v2\/product\/18192","targetHints":{"allow":["GET"]}}],"collection":[{"href":"https:\/\/formationdansetherapie.com\/en\/wp-json\/wp\/v2\/product"}],"about":[{"href":"https:\/\/formationdansetherapie.com\/en\/wp-json\/wp\/v2\/types\/product"}],"wp:featuredmedia":[{"embeddable":true,"href":"https:\/\/formationdansetherapie.com\/en\/wp-json\/wp\/v2\/media\/16605"}],"wp:attachment":[{"href":"https:\/\/formationdansetherapie.com\/en\/wp-json\/wp\/v2\/media?parent=18192"}],"wp:term":[{"taxonomy":"product_brand","embeddable":true,"href":"https:\/\/formationdansetherapie.com\/en\/wp-json\/wp\/v2\/product_brand?post=18192"},{"taxonomy":"product_cat","embeddable":true,"href":"https:\/\/formationdansetherapie.com\/en\/wp-json\/wp\/v2\/product_cat?post=18192"},{"taxonomy":"product_tag","embeddable":true,"href":"https:\/\/formationdansetherapie.com\/en\/wp-json\/wp\/v2\/product_tag?post=18192"}],"curies":[{"name":"wp","href":"https:\/\/api.w.org\/{rel}","templated":true}]}}