{"id":18189,"date":"2025-07-26T23:34:57","date_gmt":"2025-07-26T21:34:57","guid":{"rendered":"https:\/\/formationdansetherapie.com\/product\/module-24-se-lancer-dans-le-metier\/"},"modified":"2025-07-28T22:48:50","modified_gmt":"2025-07-28T20:48:50","slug":"module-24-se-lancer-dans-le-metier","status":"publish","type":"product","link":"https:\/\/formationdansetherapie.com\/en\/product\/module-24-se-lancer-dans-le-metier\/","title":{"rendered":"Module 24 : Se lancer dans le m\u00e9tier"},"content":{"rendered":"<style type=\"text\/css\"><\/style><p>Devenir th\u00e9rapeute, c&rsquo;est entreprendre un voyage pour conqu\u00e9rir des espaces encore inconnus. Cette aventure vous emm\u00e8ne \u00e0 distiller les bienfaits de la danse th\u00e9rapie dans divers secteurs, offrant une approche innovante pour le bien-\u00eatre. En int\u00e9grant cette pratique, on s&rsquo;initie \u00e0 d&rsquo;autres m\u00e9tiers, comme la communication et le leadership, qui enrichissent notre compr\u00e9hension des relations humaines et des interactions. Ce parcours invite \u00e0 une transformation personnelle et professionnelle, o\u00f9 chaque pas dans la danse devient une opportunit\u00e9 d&rsquo;apprentissage et de croissance.<\/p>\n<p><b>Objectifs:<\/b><\/p>\n<p>&#8211; Approfondir les strat\u00e9gies de communication pour structurer un discours clair, impactant et adapt\u00e9 aux diff\u00e9rents publics.<br \/>\n&#8211; Exp\u00e9rimenter les techniques de vente afin de mieux pr\u00e9senter une offre, g\u00e9rer les objections et instaurer une relation de confiance.<br \/>\n&#8211; Explorer les fondamentaux du marketing pour d\u00e9velopper une identit\u00e9 professionnelle coh\u00e9rente et attirer un public cible.<br \/>\n&#8211; Utiliser les jeux de r\u00f4le pour mettre en pratique des situations de communication et de vente, en renfor\u00e7ant l\u2019aisance et la r\u00e9activit\u00e9 face aux interlocuteurs.<\/p>\n<p><b>Dates possibles:<\/b><\/p>\n<p><b>Date 1: <\/b>27-November-2025, <b>Horaire: <\/b>9h-16h30<\/p>\n<p><b>Date 2: <\/b>12-November-2026, <b>Horaire: <\/b> 9h-16h30<\/p>","protected":false},"excerpt":{"rendered":"<p>Devenir th\u00e9rapeute, c&rsquo;est entreprendre un voyage pour conqu\u00e9rir des espaces encore inconnus. Cette aventure vous emm\u00e8ne \u00e0 distiller les bienfaits de la danse th\u00e9rapie dans divers secteurs, offrant une approche&#8230;<\/p>","protected":false},"featured_media":16615,"template":"","meta":{"_EventAllDay":false,"_EventTimezone":"","_EventStartDate":"","_EventEndDate":"","_EventStartDateUTC":"","_EventEndDateUTC":"","_EventShowMap":false,"_EventShowMapLink":false,"_EventURL":"","_EventCost":"","_EventCostDescription":"","_EventCurrencySymbol":"","_EventCurrencyCode":"","_EventCurrencyPosition":"","_EventDateTimeSeparator":"","_EventTimeRangeSeparator":"","_EventOrganizerID":[],"_EventVenueID":[],"_OrganizerEmail":"","_OrganizerPhone":"","_OrganizerWebsite":"","_VenueAddress":"","_VenueCity":"","_VenueCountry":"","_VenueProvince":"","_VenueState":"","_VenueZip":"","_VenuePhone":"","_VenueURL":"","_VenueStateProvince":"","_VenueLat":"","_VenueLng":"","_VenueShowMap":false,"_VenueShowMapLink":false},"product_brand":[],"product_cat":[333],"product_tag":[],"class_list":{"0":"post-18189","1":"product","2":"type-product","3":"status-publish","4":"has-post-thumbnail","6":"product_cat-workshop","8":"first","9":"instock","10":"shipping-taxable","11":"purchasable","12":"product-type-variable"},"yoast_head":"<!-- This site is optimized with the Yoast SEO Premium plugin v23.8 (Yoast SEO v27.0) - https:\/\/yoast.com\/product\/yoast-seo-premium-wordpress\/ -->\n<title>Module 24 : Se lancer dans le m\u00e9tier - Per Se Nota | Danse th\u00e9rapie<\/title>\n<meta name=\"description\" content=\"Module 24 : Se lancer dans le m\u00e9tier - Per Se Nota | Danse th\u00e9rapie\" \/>\n<meta name=\"robots\" content=\"index, follow, max-snippet:-1, max-image-preview:large, max-video-preview:-1\" \/>\n<link rel=\"canonical\" href=\"https:\/\/formationdansetherapie.com\/en\/product\/module-24-se-lancer-dans-le-metier\/\" \/>\n<meta property=\"og:locale\" content=\"en_US\" \/>\n<meta property=\"og:type\" content=\"article\" \/>\n<meta property=\"og:title\" content=\"Module 24 : Se lancer dans le m\u00e9tier\" \/>\n<meta property=\"og:description\" content=\"Module 24 : Se lancer dans le m\u00e9tier - Per Se Nota | Danse th\u00e9rapie\" \/>\n<meta property=\"og:url\" content=\"https:\/\/formationdansetherapie.com\/en\/product\/module-24-se-lancer-dans-le-metier\/\" \/>\n<meta property=\"og:site_name\" content=\"Per Se Nota | Danse th\u00e9rapie\" \/>\n<meta property=\"article:modified_time\" content=\"2025-07-28T20:48:50+00:00\" \/>\n<meta property=\"og:image\" content=\"https:\/\/formationdansetherapie.com\/wp-content\/uploads\/2025\/05\/Module-24-Se-lancer-dans-le-metier.png\" \/>\n\t<meta property=\"og:image:width\" content=\"1080\" \/>\n\t<meta property=\"og:image:height\" content=\"1350\" \/>\n\t<meta property=\"og:image:type\" content=\"image\/png\" \/>\n<meta name=\"twitter:card\" content=\"summary_large_image\" \/>\n<meta name=\"twitter:label1\" content=\"Est. reading time\" \/>\n\t<meta name=\"twitter:data1\" content=\"1 minute\" \/>\n<script type=\"application\/ld+json\" class=\"yoast-schema-graph\">{\"@context\":\"https:\/\/schema.org\",\"@graph\":[{\"@type\":\"WebPage\",\"@id\":\"https:\/\/formationdansetherapie.com\/product\/module-24-se-lancer-dans-le-metier\/\",\"url\":\"https:\/\/formationdansetherapie.com\/product\/module-24-se-lancer-dans-le-metier\/\",\"name\":\"Module 24 : Se lancer dans le m\u00e9tier - Per Se Nota | Danse th\u00e9rapie\",\"isPartOf\":{\"@id\":\"https:\/\/formationdansetherapie.com\/#website\"},\"primaryImageOfPage\":{\"@id\":\"https:\/\/formationdansetherapie.com\/product\/module-24-se-lancer-dans-le-metier\/#primaryimage\"},\"image\":{\"@id\":\"https:\/\/formationdansetherapie.com\/product\/module-24-se-lancer-dans-le-metier\/#primaryimage\"},\"thumbnailUrl\":\"https:\/\/formationdansetherapie.com\/wp-content\/uploads\/2025\/05\/Module-24-Se-lancer-dans-le-metier.png\",\"datePublished\":\"2025-07-26T21:34:57+00:00\",\"dateModified\":\"2025-07-28T20:48:50+00:00\",\"description\":\"Module 24 : Se lancer dans le m\u00e9tier - Per Se Nota | Danse th\u00e9rapie\",\"breadcrumb\":{\"@id\":\"https:\/\/formationdansetherapie.com\/product\/module-24-se-lancer-dans-le-metier\/#breadcrumb\"},\"inLanguage\":\"en-US\",\"potentialAction\":[{\"@type\":\"ReadAction\",\"target\":[\"https:\/\/formationdansetherapie.com\/product\/module-24-se-lancer-dans-le-metier\/\"]}]},{\"@type\":\"ImageObject\",\"inLanguage\":\"en-US\",\"@id\":\"https:\/\/formationdansetherapie.com\/product\/module-24-se-lancer-dans-le-metier\/#primaryimage\",\"url\":\"https:\/\/formationdansetherapie.com\/wp-content\/uploads\/2025\/05\/Module-24-Se-lancer-dans-le-metier.png\",\"contentUrl\":\"https:\/\/formationdansetherapie.com\/wp-content\/uploads\/2025\/05\/Module-24-Se-lancer-dans-le-metier.png\",\"width\":1080,\"height\":1350},{\"@type\":\"BreadcrumbList\",\"@id\":\"https:\/\/formationdansetherapie.com\/product\/module-24-se-lancer-dans-le-metier\/#breadcrumb\",\"itemListElement\":[{\"@type\":\"ListItem\",\"position\":1,\"name\":\"Home\",\"item\":\"https:\/\/formationdansetherapie.com\/\"},{\"@type\":\"ListItem\",\"position\":2,\"name\":\"Shop\",\"item\":\"https:\/\/formationdansetherapie.com\/shop\/\"},{\"@type\":\"ListItem\",\"position\":3,\"name\":\"Module 24 : Se lancer dans le m\u00e9tier\"}]},{\"@type\":\"WebSite\",\"@id\":\"https:\/\/formationdansetherapie.com\/#website\",\"url\":\"https:\/\/formationdansetherapie.com\/\",\"name\":\"Per Se Nota | Danse th\u00e9rapie\",\"description\":\"Formation professionnelle danse th\u00e9rapie - professeur de danse th\u00e9rapie et danse th\u00e9rapeute\",\"potentialAction\":[{\"@type\":\"SearchAction\",\"target\":{\"@type\":\"EntryPoint\",\"urlTemplate\":\"https:\/\/formationdansetherapie.com\/?s={search_term_string}\"},\"query-input\":{\"@type\":\"PropertyValueSpecification\",\"valueRequired\":true,\"valueName\":\"search_term_string\"}}],\"inLanguage\":\"en-US\"}]}<\/script>\n<!-- \/ Yoast SEO Premium plugin. -->","yoast_head_json":{"title":"Module 24 : Se lancer dans le m\u00e9tier - Per Se Nota | Danse th\u00e9rapie","description":"Module 24 : Se lancer dans le m\u00e9tier - Per Se Nota | Danse th\u00e9rapie","robots":{"index":"index","follow":"follow","max-snippet":"max-snippet:-1","max-image-preview":"max-image-preview:large","max-video-preview":"max-video-preview:-1"},"canonical":"https:\/\/formationdansetherapie.com\/en\/product\/module-24-se-lancer-dans-le-metier\/","og_locale":"en_US","og_type":"article","og_title":"Module 24 : Se lancer dans le m\u00e9tier","og_description":"Module 24 : Se lancer dans le m\u00e9tier - Per Se Nota | Danse th\u00e9rapie","og_url":"https:\/\/formationdansetherapie.com\/en\/product\/module-24-se-lancer-dans-le-metier\/","og_site_name":"Per Se Nota | Danse th\u00e9rapie","article_modified_time":"2025-07-28T20:48:50+00:00","og_image":[{"width":1080,"height":1350,"url":"https:\/\/formationdansetherapie.com\/wp-content\/uploads\/2025\/05\/Module-24-Se-lancer-dans-le-metier.png","type":"image\/png"}],"twitter_card":"summary_large_image","twitter_misc":{"Est. reading time":"1 minute"},"schema":{"@context":"https:\/\/schema.org","@graph":[{"@type":"WebPage","@id":"https:\/\/formationdansetherapie.com\/product\/module-24-se-lancer-dans-le-metier\/","url":"https:\/\/formationdansetherapie.com\/product\/module-24-se-lancer-dans-le-metier\/","name":"Module 24 : Se lancer dans le m\u00e9tier - Per Se Nota | Danse th\u00e9rapie","isPartOf":{"@id":"https:\/\/formationdansetherapie.com\/#website"},"primaryImageOfPage":{"@id":"https:\/\/formationdansetherapie.com\/product\/module-24-se-lancer-dans-le-metier\/#primaryimage"},"image":{"@id":"https:\/\/formationdansetherapie.com\/product\/module-24-se-lancer-dans-le-metier\/#primaryimage"},"thumbnailUrl":"https:\/\/formationdansetherapie.com\/wp-content\/uploads\/2025\/05\/Module-24-Se-lancer-dans-le-metier.png","datePublished":"2025-07-26T21:34:57+00:00","dateModified":"2025-07-28T20:48:50+00:00","description":"Module 24 : Se lancer dans le m\u00e9tier - Per Se Nota | Danse th\u00e9rapie","breadcrumb":{"@id":"https:\/\/formationdansetherapie.com\/product\/module-24-se-lancer-dans-le-metier\/#breadcrumb"},"inLanguage":"en-US","potentialAction":[{"@type":"ReadAction","target":["https:\/\/formationdansetherapie.com\/product\/module-24-se-lancer-dans-le-metier\/"]}]},{"@type":"ImageObject","inLanguage":"en-US","@id":"https:\/\/formationdansetherapie.com\/product\/module-24-se-lancer-dans-le-metier\/#primaryimage","url":"https:\/\/formationdansetherapie.com\/wp-content\/uploads\/2025\/05\/Module-24-Se-lancer-dans-le-metier.png","contentUrl":"https:\/\/formationdansetherapie.com\/wp-content\/uploads\/2025\/05\/Module-24-Se-lancer-dans-le-metier.png","width":1080,"height":1350},{"@type":"BreadcrumbList","@id":"https:\/\/formationdansetherapie.com\/product\/module-24-se-lancer-dans-le-metier\/#breadcrumb","itemListElement":[{"@type":"ListItem","position":1,"name":"Home","item":"https:\/\/formationdansetherapie.com\/"},{"@type":"ListItem","position":2,"name":"Shop","item":"https:\/\/formationdansetherapie.com\/shop\/"},{"@type":"ListItem","position":3,"name":"Module 24 : Se lancer dans le m\u00e9tier"}]},{"@type":"WebSite","@id":"https:\/\/formationdansetherapie.com\/#website","url":"https:\/\/formationdansetherapie.com\/","name":"Per Se Nota | Dance therapy","description":"Formation professionnelle danse th\u00e9rapie - professeur de danse th\u00e9rapie et danse th\u00e9rapeute","potentialAction":[{"@type":"SearchAction","target":{"@type":"EntryPoint","urlTemplate":"https:\/\/formationdansetherapie.com\/?s={search_term_string}"},"query-input":{"@type":"PropertyValueSpecification","valueRequired":true,"valueName":"search_term_string"}}],"inLanguage":"en-US"}]}},"_links":{"self":[{"href":"https:\/\/formationdansetherapie.com\/en\/wp-json\/wp\/v2\/product\/18189","targetHints":{"allow":["GET"]}}],"collection":[{"href":"https:\/\/formationdansetherapie.com\/en\/wp-json\/wp\/v2\/product"}],"about":[{"href":"https:\/\/formationdansetherapie.com\/en\/wp-json\/wp\/v2\/types\/product"}],"wp:featuredmedia":[{"embeddable":true,"href":"https:\/\/formationdansetherapie.com\/en\/wp-json\/wp\/v2\/media\/16615"}],"wp:attachment":[{"href":"https:\/\/formationdansetherapie.com\/en\/wp-json\/wp\/v2\/media?parent=18189"}],"wp:term":[{"taxonomy":"product_brand","embeddable":true,"href":"https:\/\/formationdansetherapie.com\/en\/wp-json\/wp\/v2\/product_brand?post=18189"},{"taxonomy":"product_cat","embeddable":true,"href":"https:\/\/formationdansetherapie.com\/en\/wp-json\/wp\/v2\/product_cat?post=18189"},{"taxonomy":"product_tag","embeddable":true,"href":"https:\/\/formationdansetherapie.com\/en\/wp-json\/wp\/v2\/product_tag?post=18189"}],"curies":[{"name":"wp","href":"https:\/\/api.w.org\/{rel}","templated":true}]}}