{"id":18186,"date":"2025-07-26T23:34:54","date_gmt":"2025-07-26T21:34:54","guid":{"rendered":"https:\/\/formationdansetherapie.com\/product\/module-6-j1-ma-boite-a-outils-cest-moi\/"},"modified":"2025-07-27T23:19:43","modified_gmt":"2025-07-27T21:19:43","slug":"module-6-j1-ma-boite-a-outils-cest-moi","status":"publish","type":"product","link":"https:\/\/formationdansetherapie.com\/en\/product\/module-6-j1-ma-boite-a-outils-cest-moi\/","title":{"rendered":"Module 6 J1 : Ma boite \u00e0 outils c&rsquo;est moi"},"content":{"rendered":"<style type=\"text\/css\"><\/style><p>Ma boite \u00e0 outil est une exp\u00e9rience tr\u00e8s enrichissante parce que vous allez d\u00e9couvrir une session de pratique par des futurs professeurs. Vous d\u00e9couvrirez ainsi diff\u00e9rentes approches de la danse th\u00e9rapie avec des personnalit\u00e9s diverses. Le jury sera constitu\u00e9 d&rsquo;\u00e9l\u00e8ves aguerris qui ont d\u00e9velopp\u00e9 leur esprit critique. Cela vous permettra d&rsquo;avoir une certaine distance avec ce qui se passe et vous donnera un \u0153il plus avis\u00e9 vis-\u00e0-vis de vos propres exp\u00e9riences. Vous avez le choix de faire une ou deux journ\u00e9es.<\/p>\n<p><b>Objectifs:<\/b><\/p>\n<p>&#8211; Concevoir des exercices p\u00e9dagogiques sous forme d\u2019examen, si vous \u00eates en formation pour permettre aux \u00e9l\u00e8ves de se pr\u00e9parer \u00e0 la certification en conditions r\u00e9elles. Si vous \u00eates en ateliers abordez, diff\u00e9rentes situations auxquelles vous avez \u00e9t\u00e9 confront\u00e9s avec des outils pour vous distancier<br \/>\n&#8211; Exp\u00e9rimenter la danse-th\u00e9rapie comme un outil d\u2019exploration corporelle et \u00e9motionnelle au service du d\u00e9veloppement personnel et professionnel.<br \/>\n&#8211; Utiliser les jeux de r\u00f4le pour affiner la posture de l\u2019accompagnant, la gestion des interactions et la compr\u00e9hension des dynamiques relationnelles en danse-th\u00e9rapie.<br \/>\n&#8211; Pratiquer le yoga dans\u00e9 pour d\u00e9velopper la fluidit\u00e9, l\u2019ancrage et la connexion entre souffle et mouvement dans une approche holistique.<br \/>\n&#8211; Mettre en situation les \u00e9l\u00e8ves dans un r\u00f4le de jury et de candidat \u00e0 l\u2019examen afin de renforcer l\u2019aisance, la posture professionnelle et la capacit\u00e9 d\u2019\u00e9valuation.<\/p>\n<p><b>Dates possibles:<\/b><\/p>\n<p><b>Date 1: <\/b>20-October-2025, <b>Horaire: <\/b>9h30-17h30<\/p>\n<p><b>Date 2: <\/b>21-September-2026, <b>Horaire: <\/b> 9h-17h<\/p>","protected":false},"excerpt":{"rendered":"<p>Ma boite \u00e0 outil est une exp\u00e9rience tr\u00e8s enrichissante parce que vous allez d\u00e9couvrir une session de pratique par des futurs professeurs. Vous d\u00e9couvrirez ainsi diff\u00e9rentes approches de la danse&#8230;<\/p>","protected":false},"featured_media":16590,"template":"","meta":{"_EventAllDay":false,"_EventTimezone":"","_EventStartDate":"","_EventEndDate":"","_EventStartDateUTC":"","_EventEndDateUTC":"","_EventShowMap":false,"_EventShowMapLink":false,"_EventURL":"","_EventCost":"","_EventCostDescription":"","_EventCurrencySymbol":"","_EventCurrencyCode":"","_EventCurrencyPosition":"","_EventDateTimeSeparator":"","_EventTimeRangeSeparator":"","_EventOrganizerID":[],"_EventVenueID":[],"_OrganizerEmail":"","_OrganizerPhone":"","_OrganizerWebsite":"","_VenueAddress":"","_VenueCity":"","_VenueCountry":"","_VenueProvince":"","_VenueState":"","_VenueZip":"","_VenuePhone":"","_VenueURL":"","_VenueStateProvince":"","_VenueLat":"","_VenueLng":"","_VenueShowMap":false,"_VenueShowMapLink":false},"product_brand":[],"product_cat":[333],"product_tag":[],"class_list":{"0":"post-18186","1":"product","2":"type-product","3":"status-publish","4":"has-post-thumbnail","6":"product_cat-workshop","8":"first","9":"instock","10":"shipping-taxable","11":"purchasable","12":"product-type-variable"},"yoast_head":"<!-- This site is optimized with the Yoast SEO Premium plugin v23.8 (Yoast SEO v27.0) - https:\/\/yoast.com\/product\/yoast-seo-premium-wordpress\/ -->\n<title>Module 6 J1 : Ma boite \u00e0 outils c&#039;est moi - Per Se Nota | Danse th\u00e9rapie<\/title>\n<meta name=\"description\" content=\"Module 6 J1 : Ma boite \u00e0 outils c&#039;est moi - Per Se Nota | Danse th\u00e9rapie\" \/>\n<meta name=\"robots\" content=\"index, follow, max-snippet:-1, max-image-preview:large, max-video-preview:-1\" \/>\n<link rel=\"canonical\" href=\"https:\/\/formationdansetherapie.com\/en\/product\/module-6-j1-ma-boite-a-outils-cest-moi\/\" \/>\n<meta property=\"og:locale\" content=\"en_US\" \/>\n<meta property=\"og:type\" content=\"article\" \/>\n<meta property=\"og:title\" content=\"Module 6 J1 : Ma boite \u00e0 outils c&#039;est moi\" \/>\n<meta property=\"og:description\" content=\"Module 6 J1 : Ma boite \u00e0 outils c&#039;est moi - Per Se Nota | Danse th\u00e9rapie\" \/>\n<meta property=\"og:url\" content=\"https:\/\/formationdansetherapie.com\/en\/product\/module-6-j1-ma-boite-a-outils-cest-moi\/\" \/>\n<meta property=\"og:site_name\" content=\"Per Se Nota | Danse th\u00e9rapie\" \/>\n<meta property=\"article:modified_time\" content=\"2025-07-27T21:19:43+00:00\" \/>\n<meta property=\"og:image\" content=\"https:\/\/formationdansetherapie.com\/wp-content\/uploads\/2025\/05\/Module-6-J1-Ma-boite-a-outils-cest-moi.png\" \/>\n\t<meta property=\"og:image:width\" content=\"1080\" \/>\n\t<meta property=\"og:image:height\" content=\"1350\" \/>\n\t<meta property=\"og:image:type\" content=\"image\/png\" \/>\n<meta name=\"twitter:card\" content=\"summary_large_image\" \/>\n<meta name=\"twitter:label1\" content=\"Est. reading time\" \/>\n\t<meta name=\"twitter:data1\" content=\"2 minutes\" \/>\n<script type=\"application\/ld+json\" class=\"yoast-schema-graph\">{\"@context\":\"https:\/\/schema.org\",\"@graph\":[{\"@type\":\"WebPage\",\"@id\":\"https:\/\/formationdansetherapie.com\/product\/module-6-j1-ma-boite-a-outils-cest-moi\/\",\"url\":\"https:\/\/formationdansetherapie.com\/product\/module-6-j1-ma-boite-a-outils-cest-moi\/\",\"name\":\"Module 6 J1 : Ma boite \u00e0 outils c'est moi - Per Se Nota | Danse th\u00e9rapie\",\"isPartOf\":{\"@id\":\"https:\/\/formationdansetherapie.com\/#website\"},\"primaryImageOfPage\":{\"@id\":\"https:\/\/formationdansetherapie.com\/product\/module-6-j1-ma-boite-a-outils-cest-moi\/#primaryimage\"},\"image\":{\"@id\":\"https:\/\/formationdansetherapie.com\/product\/module-6-j1-ma-boite-a-outils-cest-moi\/#primaryimage\"},\"thumbnailUrl\":\"https:\/\/formationdansetherapie.com\/wp-content\/uploads\/2025\/05\/Module-6-J1-Ma-boite-a-outils-cest-moi.png\",\"datePublished\":\"2025-07-26T21:34:54+00:00\",\"dateModified\":\"2025-07-27T21:19:43+00:00\",\"description\":\"Module 6 J1 : Ma boite \u00e0 outils c'est moi - Per Se Nota | Danse th\u00e9rapie\",\"breadcrumb\":{\"@id\":\"https:\/\/formationdansetherapie.com\/product\/module-6-j1-ma-boite-a-outils-cest-moi\/#breadcrumb\"},\"inLanguage\":\"en-US\",\"potentialAction\":[{\"@type\":\"ReadAction\",\"target\":[\"https:\/\/formationdansetherapie.com\/product\/module-6-j1-ma-boite-a-outils-cest-moi\/\"]}]},{\"@type\":\"ImageObject\",\"inLanguage\":\"en-US\",\"@id\":\"https:\/\/formationdansetherapie.com\/product\/module-6-j1-ma-boite-a-outils-cest-moi\/#primaryimage\",\"url\":\"https:\/\/formationdansetherapie.com\/wp-content\/uploads\/2025\/05\/Module-6-J1-Ma-boite-a-outils-cest-moi.png\",\"contentUrl\":\"https:\/\/formationdansetherapie.com\/wp-content\/uploads\/2025\/05\/Module-6-J1-Ma-boite-a-outils-cest-moi.png\",\"width\":1080,\"height\":1350},{\"@type\":\"BreadcrumbList\",\"@id\":\"https:\/\/formationdansetherapie.com\/product\/module-6-j1-ma-boite-a-outils-cest-moi\/#breadcrumb\",\"itemListElement\":[{\"@type\":\"ListItem\",\"position\":1,\"name\":\"Home\",\"item\":\"https:\/\/formationdansetherapie.com\/\"},{\"@type\":\"ListItem\",\"position\":2,\"name\":\"Shop\",\"item\":\"https:\/\/formationdansetherapie.com\/shop\/\"},{\"@type\":\"ListItem\",\"position\":3,\"name\":\"Module 6 J1 : Ma boite \u00e0 outils c&#8217;est moi\"}]},{\"@type\":\"WebSite\",\"@id\":\"https:\/\/formationdansetherapie.com\/#website\",\"url\":\"https:\/\/formationdansetherapie.com\/\",\"name\":\"Per Se Nota | Danse th\u00e9rapie\",\"description\":\"Formation professionnelle danse th\u00e9rapie - professeur de danse th\u00e9rapie et danse th\u00e9rapeute\",\"potentialAction\":[{\"@type\":\"SearchAction\",\"target\":{\"@type\":\"EntryPoint\",\"urlTemplate\":\"https:\/\/formationdansetherapie.com\/?s={search_term_string}\"},\"query-input\":{\"@type\":\"PropertyValueSpecification\",\"valueRequired\":true,\"valueName\":\"search_term_string\"}}],\"inLanguage\":\"en-US\"}]}<\/script>\n<!-- \/ Yoast SEO Premium plugin. -->","yoast_head_json":{"title":"Module 6 J1 : Ma boite \u00e0 outils c'est moi - Per Se Nota | Danse th\u00e9rapie","description":"Module 6 J1 : Ma boite \u00e0 outils c'est moi - Per Se Nota | Danse th\u00e9rapie","robots":{"index":"index","follow":"follow","max-snippet":"max-snippet:-1","max-image-preview":"max-image-preview:large","max-video-preview":"max-video-preview:-1"},"canonical":"https:\/\/formationdansetherapie.com\/en\/product\/module-6-j1-ma-boite-a-outils-cest-moi\/","og_locale":"en_US","og_type":"article","og_title":"Module 6 J1 : Ma boite \u00e0 outils c'est moi","og_description":"Module 6 J1 : Ma boite \u00e0 outils c'est moi - Per Se Nota | Danse th\u00e9rapie","og_url":"https:\/\/formationdansetherapie.com\/en\/product\/module-6-j1-ma-boite-a-outils-cest-moi\/","og_site_name":"Per Se Nota | Danse th\u00e9rapie","article_modified_time":"2025-07-27T21:19:43+00:00","og_image":[{"width":1080,"height":1350,"url":"https:\/\/formationdansetherapie.com\/wp-content\/uploads\/2025\/05\/Module-6-J1-Ma-boite-a-outils-cest-moi.png","type":"image\/png"}],"twitter_card":"summary_large_image","twitter_misc":{"Est. reading time":"2 minutes"},"schema":{"@context":"https:\/\/schema.org","@graph":[{"@type":"WebPage","@id":"https:\/\/formationdansetherapie.com\/product\/module-6-j1-ma-boite-a-outils-cest-moi\/","url":"https:\/\/formationdansetherapie.com\/product\/module-6-j1-ma-boite-a-outils-cest-moi\/","name":"Module 6 J1 : Ma boite \u00e0 outils c'est moi - Per Se Nota | Danse th\u00e9rapie","isPartOf":{"@id":"https:\/\/formationdansetherapie.com\/#website"},"primaryImageOfPage":{"@id":"https:\/\/formationdansetherapie.com\/product\/module-6-j1-ma-boite-a-outils-cest-moi\/#primaryimage"},"image":{"@id":"https:\/\/formationdansetherapie.com\/product\/module-6-j1-ma-boite-a-outils-cest-moi\/#primaryimage"},"thumbnailUrl":"https:\/\/formationdansetherapie.com\/wp-content\/uploads\/2025\/05\/Module-6-J1-Ma-boite-a-outils-cest-moi.png","datePublished":"2025-07-26T21:34:54+00:00","dateModified":"2025-07-27T21:19:43+00:00","description":"Module 6 J1 : Ma boite \u00e0 outils c'est moi - Per Se Nota | Danse th\u00e9rapie","breadcrumb":{"@id":"https:\/\/formationdansetherapie.com\/product\/module-6-j1-ma-boite-a-outils-cest-moi\/#breadcrumb"},"inLanguage":"en-US","potentialAction":[{"@type":"ReadAction","target":["https:\/\/formationdansetherapie.com\/product\/module-6-j1-ma-boite-a-outils-cest-moi\/"]}]},{"@type":"ImageObject","inLanguage":"en-US","@id":"https:\/\/formationdansetherapie.com\/product\/module-6-j1-ma-boite-a-outils-cest-moi\/#primaryimage","url":"https:\/\/formationdansetherapie.com\/wp-content\/uploads\/2025\/05\/Module-6-J1-Ma-boite-a-outils-cest-moi.png","contentUrl":"https:\/\/formationdansetherapie.com\/wp-content\/uploads\/2025\/05\/Module-6-J1-Ma-boite-a-outils-cest-moi.png","width":1080,"height":1350},{"@type":"BreadcrumbList","@id":"https:\/\/formationdansetherapie.com\/product\/module-6-j1-ma-boite-a-outils-cest-moi\/#breadcrumb","itemListElement":[{"@type":"ListItem","position":1,"name":"Home","item":"https:\/\/formationdansetherapie.com\/"},{"@type":"ListItem","position":2,"name":"Shop","item":"https:\/\/formationdansetherapie.com\/shop\/"},{"@type":"ListItem","position":3,"name":"Module 6 J1 : Ma boite \u00e0 outils c&#8217;est moi"}]},{"@type":"WebSite","@id":"https:\/\/formationdansetherapie.com\/#website","url":"https:\/\/formationdansetherapie.com\/","name":"Per Se Nota | Dance therapy","description":"Formation professionnelle danse th\u00e9rapie - professeur de danse th\u00e9rapie et danse th\u00e9rapeute","potentialAction":[{"@type":"SearchAction","target":{"@type":"EntryPoint","urlTemplate":"https:\/\/formationdansetherapie.com\/?s={search_term_string}"},"query-input":{"@type":"PropertyValueSpecification","valueRequired":true,"valueName":"search_term_string"}}],"inLanguage":"en-US"}]}},"_links":{"self":[{"href":"https:\/\/formationdansetherapie.com\/en\/wp-json\/wp\/v2\/product\/18186","targetHints":{"allow":["GET"]}}],"collection":[{"href":"https:\/\/formationdansetherapie.com\/en\/wp-json\/wp\/v2\/product"}],"about":[{"href":"https:\/\/formationdansetherapie.com\/en\/wp-json\/wp\/v2\/types\/product"}],"wp:featuredmedia":[{"embeddable":true,"href":"https:\/\/formationdansetherapie.com\/en\/wp-json\/wp\/v2\/media\/16590"}],"wp:attachment":[{"href":"https:\/\/formationdansetherapie.com\/en\/wp-json\/wp\/v2\/media?parent=18186"}],"wp:term":[{"taxonomy":"product_brand","embeddable":true,"href":"https:\/\/formationdansetherapie.com\/en\/wp-json\/wp\/v2\/product_brand?post=18186"},{"taxonomy":"product_cat","embeddable":true,"href":"https:\/\/formationdansetherapie.com\/en\/wp-json\/wp\/v2\/product_cat?post=18186"},{"taxonomy":"product_tag","embeddable":true,"href":"https:\/\/formationdansetherapie.com\/en\/wp-json\/wp\/v2\/product_tag?post=18186"}],"curies":[{"name":"wp","href":"https:\/\/api.w.org\/{rel}","templated":true}]}}