{"id":18183,"date":"2025-07-26T23:34:49","date_gmt":"2025-07-26T21:34:49","guid":{"rendered":"https:\/\/formationdansetherapie.com\/product\/module-4-j2-philosophie-du-yoga-yoga-danse-by-per-se-nota\/"},"modified":"2025-07-27T23:17:33","modified_gmt":"2025-07-27T21:17:33","slug":"module-4-j2-philosophie-du-yoga-yoga-danse-by-per-se-nota","status":"publish","type":"product","link":"https:\/\/formationdansetherapie.com\/en\/product\/module-4-j2-philosophie-du-yoga-yoga-danse-by-per-se-nota\/","title":{"rendered":"Module 4-J2 : Philosophie du yoga &amp; Yoga Dans\u00e9 by Per se Nota\u00a9"},"content":{"rendered":"<style type=\"text\/css\"><\/style><p>\u00c0 travers un an postural et un prisme philosophique, le yoga nous invite \u00e0 explorer notre \u00eatre dans sa globalit\u00e9. La danse devient alors une extension de cette pratique, nous permettant de lib\u00e9rer nos \u00e9motions et d&rsquo;approfondir notre connexion int\u00e9rieure. Cette deuxi\u00e8me journ\u00e9e sera consacr\u00e9e \u00e0 la mise en pratique de ces concepts, o\u00f9 le yoga et la danse s&rsquo;entrelacent pour enrichir notre exp\u00e9rience de mouvement et de vie.<\/p>\n<p><b>Objectifs:<\/b><\/p>\n<p>&#8211; Explorer le Yoga Flow pour encha\u00eener les postures avec fluidit\u00e9 et harmoniser le souffle et le mouvement.<br \/>\n&#8211; Exp\u00e9rimenter le Vinyasa Yoga afin de renforcer la coordination, la mobilit\u00e9 et l\u2019endurance corporelle.<br \/>\n&#8211; Pratiquer le yoga dans\u00e9 pour int\u00e9grer la libert\u00e9 du mouvement et la cr\u00e9ativit\u00e9 dans une approche corporelle plus expressive.<br \/>\n&#8211; Approfondir les exercices de respiration et le pranayama pour am\u00e9liorer la gestion de l\u2019\u00e9nergie et favoriser la d\u00e9tente.<br \/>\n&#8211; Guider des s\u00e9ances de m\u00e9ditation pour cultiver l\u2019ancrage, la concentration et l\u2019exploration int\u00e9rieure.<br \/>\n&#8211; Mettre en pratique les apprentissages \u00e0 travers des mises en situation, permettant aux \u00e9l\u00e8ves d\u2019exp\u00e9rimenter et d\u2019incarner les principes enseign\u00e9s.<\/p>\n<p><b>Dates possibles:<\/b><\/p>\n<p><b>Date 1: <\/b>18-October-2025, <b>Horaire: <\/b>9h30-17h30<\/p>\n<p><b>Date 2: <\/b>19-September-2026, <b>Horaire: <\/b> 9h30-17h30<\/p>","protected":false},"excerpt":{"rendered":"<p>\u00c0 travers un an postural et un prisme philosophique, le yoga nous invite \u00e0 explorer notre \u00eatre dans sa globalit\u00e9. La danse devient alors une extension de cette pratique, nous&#8230;<\/p>","protected":false},"featured_media":16587,"template":"","meta":{"_EventAllDay":false,"_EventTimezone":"","_EventStartDate":"","_EventEndDate":"","_EventStartDateUTC":"","_EventEndDateUTC":"","_EventShowMap":false,"_EventShowMapLink":false,"_EventURL":"","_EventCost":"","_EventCostDescription":"","_EventCurrencySymbol":"","_EventCurrencyCode":"","_EventCurrencyPosition":"","_EventDateTimeSeparator":"","_EventTimeRangeSeparator":"","_EventOrganizerID":[],"_EventVenueID":[],"_OrganizerEmail":"","_OrganizerPhone":"","_OrganizerWebsite":"","_VenueAddress":"","_VenueCity":"","_VenueCountry":"","_VenueProvince":"","_VenueState":"","_VenueZip":"","_VenuePhone":"","_VenueURL":"","_VenueStateProvince":"","_VenueLat":"","_VenueLng":"","_VenueShowMap":false,"_VenueShowMapLink":false},"product_brand":[],"product_cat":[333],"product_tag":[],"class_list":{"0":"post-18183","1":"product","2":"type-product","3":"status-publish","4":"has-post-thumbnail","6":"product_cat-workshop","8":"first","9":"instock","10":"shipping-taxable","11":"purchasable","12":"product-type-variable"},"yoast_head":"<!-- This site is optimized with the Yoast SEO Premium plugin v23.8 (Yoast SEO v27.0) - https:\/\/yoast.com\/product\/yoast-seo-premium-wordpress\/ -->\n<title>Module 4-J2 : Philosophie du yoga &amp; Yoga Dans\u00e9 by Per se Nota\u00a9 - Per Se Nota | Danse th\u00e9rapie<\/title>\n<meta name=\"description\" content=\"Module 4-J2 : Philosophie du yoga &amp; Yoga Dans\u00e9 by Per se Nota\u00a9 - Per Se Nota | Danse th\u00e9rapie\" \/>\n<meta name=\"robots\" content=\"index, follow, max-snippet:-1, max-image-preview:large, max-video-preview:-1\" \/>\n<link rel=\"canonical\" href=\"https:\/\/formationdansetherapie.com\/en\/product\/module-4-j2-philosophie-du-yoga-yoga-danse-by-per-se-nota\/\" \/>\n<meta property=\"og:locale\" content=\"en_US\" \/>\n<meta property=\"og:type\" content=\"article\" \/>\n<meta property=\"og:title\" content=\"Module 4-J2 : Philosophie du yoga &amp; Yoga Dans\u00e9 by Per se Nota\u00a9\" \/>\n<meta property=\"og:description\" content=\"Module 4-J2 : Philosophie du yoga &amp; Yoga Dans\u00e9 by Per se Nota\u00a9 - Per Se Nota | Danse th\u00e9rapie\" \/>\n<meta property=\"og:url\" content=\"https:\/\/formationdansetherapie.com\/en\/product\/module-4-j2-philosophie-du-yoga-yoga-danse-by-per-se-nota\/\" \/>\n<meta property=\"og:site_name\" content=\"Per Se Nota | Danse th\u00e9rapie\" \/>\n<meta property=\"article:modified_time\" content=\"2025-07-27T21:17:33+00:00\" \/>\n<meta property=\"og:image\" content=\"https:\/\/formationdansetherapie.com\/wp-content\/uploads\/2025\/05\/Module-4-J2-Philosophie-du-yoga-Yoga-Danse-by-Per-se-Nota\u00a9.png\" \/>\n\t<meta property=\"og:image:width\" content=\"1080\" \/>\n\t<meta property=\"og:image:height\" content=\"1350\" \/>\n\t<meta property=\"og:image:type\" content=\"image\/png\" \/>\n<meta name=\"twitter:card\" content=\"summary_large_image\" \/>\n<meta name=\"twitter:label1\" content=\"Est. reading time\" \/>\n\t<meta name=\"twitter:data1\" content=\"2 minutes\" \/>\n<script type=\"application\/ld+json\" class=\"yoast-schema-graph\">{\"@context\":\"https:\/\/schema.org\",\"@graph\":[{\"@type\":\"WebPage\",\"@id\":\"https:\/\/formationdansetherapie.com\/product\/module-4-j2-philosophie-du-yoga-yoga-danse-by-per-se-nota\/\",\"url\":\"https:\/\/formationdansetherapie.com\/product\/module-4-j2-philosophie-du-yoga-yoga-danse-by-per-se-nota\/\",\"name\":\"Module 4-J2 : Philosophie du yoga &amp; Yoga Dans\u00e9 by Per se Nota\u00a9 - Per Se Nota | Danse th\u00e9rapie\",\"isPartOf\":{\"@id\":\"https:\/\/formationdansetherapie.com\/#website\"},\"primaryImageOfPage\":{\"@id\":\"https:\/\/formationdansetherapie.com\/product\/module-4-j2-philosophie-du-yoga-yoga-danse-by-per-se-nota\/#primaryimage\"},\"image\":{\"@id\":\"https:\/\/formationdansetherapie.com\/product\/module-4-j2-philosophie-du-yoga-yoga-danse-by-per-se-nota\/#primaryimage\"},\"thumbnailUrl\":\"https:\/\/formationdansetherapie.com\/wp-content\/uploads\/2025\/05\/Module-4-J2-Philosophie-du-yoga-Yoga-Danse-by-Per-se-Nota\u00a9.png\",\"datePublished\":\"2025-07-26T21:34:49+00:00\",\"dateModified\":\"2025-07-27T21:17:33+00:00\",\"description\":\"Module 4-J2 : Philosophie du yoga &amp; Yoga Dans\u00e9 by Per se Nota\u00a9 - Per Se Nota | Danse th\u00e9rapie\",\"breadcrumb\":{\"@id\":\"https:\/\/formationdansetherapie.com\/product\/module-4-j2-philosophie-du-yoga-yoga-danse-by-per-se-nota\/#breadcrumb\"},\"inLanguage\":\"en-US\",\"potentialAction\":[{\"@type\":\"ReadAction\",\"target\":[\"https:\/\/formationdansetherapie.com\/product\/module-4-j2-philosophie-du-yoga-yoga-danse-by-per-se-nota\/\"]}]},{\"@type\":\"ImageObject\",\"inLanguage\":\"en-US\",\"@id\":\"https:\/\/formationdansetherapie.com\/product\/module-4-j2-philosophie-du-yoga-yoga-danse-by-per-se-nota\/#primaryimage\",\"url\":\"https:\/\/formationdansetherapie.com\/wp-content\/uploads\/2025\/05\/Module-4-J2-Philosophie-du-yoga-Yoga-Danse-by-Per-se-Nota\u00a9.png\",\"contentUrl\":\"https:\/\/formationdansetherapie.com\/wp-content\/uploads\/2025\/05\/Module-4-J2-Philosophie-du-yoga-Yoga-Danse-by-Per-se-Nota\u00a9.png\",\"width\":1080,\"height\":1350},{\"@type\":\"BreadcrumbList\",\"@id\":\"https:\/\/formationdansetherapie.com\/product\/module-4-j2-philosophie-du-yoga-yoga-danse-by-per-se-nota\/#breadcrumb\",\"itemListElement\":[{\"@type\":\"ListItem\",\"position\":1,\"name\":\"Home\",\"item\":\"https:\/\/formationdansetherapie.com\/\"},{\"@type\":\"ListItem\",\"position\":2,\"name\":\"Shop\",\"item\":\"https:\/\/formationdansetherapie.com\/shop\/\"},{\"@type\":\"ListItem\",\"position\":3,\"name\":\"Module 4-J2 : Philosophie du yoga &amp; Yoga Dans\u00e9 by Per se Nota\u00a9\"}]},{\"@type\":\"WebSite\",\"@id\":\"https:\/\/formationdansetherapie.com\/#website\",\"url\":\"https:\/\/formationdansetherapie.com\/\",\"name\":\"Per Se Nota | Danse th\u00e9rapie\",\"description\":\"Formation professionnelle danse th\u00e9rapie - professeur de danse th\u00e9rapie et danse th\u00e9rapeute\",\"potentialAction\":[{\"@type\":\"SearchAction\",\"target\":{\"@type\":\"EntryPoint\",\"urlTemplate\":\"https:\/\/formationdansetherapie.com\/?s={search_term_string}\"},\"query-input\":{\"@type\":\"PropertyValueSpecification\",\"valueRequired\":true,\"valueName\":\"search_term_string\"}}],\"inLanguage\":\"en-US\"}]}<\/script>\n<!-- \/ Yoast SEO Premium plugin. -->","yoast_head_json":{"title":"Module 4-J2 : Philosophie du yoga &amp; Yoga Dans\u00e9 by Per se Nota\u00a9 - Per Se Nota | Danse th\u00e9rapie","description":"Module 4-J2 : Philosophie du yoga &amp; Yoga Dans\u00e9 by Per se Nota\u00a9 - Per Se Nota | Danse th\u00e9rapie","robots":{"index":"index","follow":"follow","max-snippet":"max-snippet:-1","max-image-preview":"max-image-preview:large","max-video-preview":"max-video-preview:-1"},"canonical":"https:\/\/formationdansetherapie.com\/en\/product\/module-4-j2-philosophie-du-yoga-yoga-danse-by-per-se-nota\/","og_locale":"en_US","og_type":"article","og_title":"Module 4-J2 : Philosophie du yoga &amp; Yoga Dans\u00e9 by Per se Nota\u00a9","og_description":"Module 4-J2 : Philosophie du yoga &amp; Yoga Dans\u00e9 by Per se Nota\u00a9 - Per Se Nota | Danse th\u00e9rapie","og_url":"https:\/\/formationdansetherapie.com\/en\/product\/module-4-j2-philosophie-du-yoga-yoga-danse-by-per-se-nota\/","og_site_name":"Per Se Nota | Danse th\u00e9rapie","article_modified_time":"2025-07-27T21:17:33+00:00","og_image":[{"width":1080,"height":1350,"url":"https:\/\/formationdansetherapie.com\/wp-content\/uploads\/2025\/05\/Module-4-J2-Philosophie-du-yoga-Yoga-Danse-by-Per-se-Nota\u00a9.png","type":"image\/png"}],"twitter_card":"summary_large_image","twitter_misc":{"Est. reading time":"2 minutes"},"schema":{"@context":"https:\/\/schema.org","@graph":[{"@type":"WebPage","@id":"https:\/\/formationdansetherapie.com\/product\/module-4-j2-philosophie-du-yoga-yoga-danse-by-per-se-nota\/","url":"https:\/\/formationdansetherapie.com\/product\/module-4-j2-philosophie-du-yoga-yoga-danse-by-per-se-nota\/","name":"Module 4-J2 : Philosophie du yoga &amp; Yoga Dans\u00e9 by Per se Nota\u00a9 - Per Se Nota | Danse th\u00e9rapie","isPartOf":{"@id":"https:\/\/formationdansetherapie.com\/#website"},"primaryImageOfPage":{"@id":"https:\/\/formationdansetherapie.com\/product\/module-4-j2-philosophie-du-yoga-yoga-danse-by-per-se-nota\/#primaryimage"},"image":{"@id":"https:\/\/formationdansetherapie.com\/product\/module-4-j2-philosophie-du-yoga-yoga-danse-by-per-se-nota\/#primaryimage"},"thumbnailUrl":"https:\/\/formationdansetherapie.com\/wp-content\/uploads\/2025\/05\/Module-4-J2-Philosophie-du-yoga-Yoga-Danse-by-Per-se-Nota\u00a9.png","datePublished":"2025-07-26T21:34:49+00:00","dateModified":"2025-07-27T21:17:33+00:00","description":"Module 4-J2 : Philosophie du yoga &amp; Yoga Dans\u00e9 by Per se Nota\u00a9 - Per Se Nota | Danse th\u00e9rapie","breadcrumb":{"@id":"https:\/\/formationdansetherapie.com\/product\/module-4-j2-philosophie-du-yoga-yoga-danse-by-per-se-nota\/#breadcrumb"},"inLanguage":"en-US","potentialAction":[{"@type":"ReadAction","target":["https:\/\/formationdansetherapie.com\/product\/module-4-j2-philosophie-du-yoga-yoga-danse-by-per-se-nota\/"]}]},{"@type":"ImageObject","inLanguage":"en-US","@id":"https:\/\/formationdansetherapie.com\/product\/module-4-j2-philosophie-du-yoga-yoga-danse-by-per-se-nota\/#primaryimage","url":"https:\/\/formationdansetherapie.com\/wp-content\/uploads\/2025\/05\/Module-4-J2-Philosophie-du-yoga-Yoga-Danse-by-Per-se-Nota\u00a9.png","contentUrl":"https:\/\/formationdansetherapie.com\/wp-content\/uploads\/2025\/05\/Module-4-J2-Philosophie-du-yoga-Yoga-Danse-by-Per-se-Nota\u00a9.png","width":1080,"height":1350},{"@type":"BreadcrumbList","@id":"https:\/\/formationdansetherapie.com\/product\/module-4-j2-philosophie-du-yoga-yoga-danse-by-per-se-nota\/#breadcrumb","itemListElement":[{"@type":"ListItem","position":1,"name":"Home","item":"https:\/\/formationdansetherapie.com\/"},{"@type":"ListItem","position":2,"name":"Shop","item":"https:\/\/formationdansetherapie.com\/shop\/"},{"@type":"ListItem","position":3,"name":"Module 4-J2 : Philosophie du yoga &amp; Yoga Dans\u00e9 by Per se Nota\u00a9"}]},{"@type":"WebSite","@id":"https:\/\/formationdansetherapie.com\/#website","url":"https:\/\/formationdansetherapie.com\/","name":"Per Se Nota | Dance therapy","description":"Formation professionnelle danse th\u00e9rapie - professeur de danse th\u00e9rapie et danse th\u00e9rapeute","potentialAction":[{"@type":"SearchAction","target":{"@type":"EntryPoint","urlTemplate":"https:\/\/formationdansetherapie.com\/?s={search_term_string}"},"query-input":{"@type":"PropertyValueSpecification","valueRequired":true,"valueName":"search_term_string"}}],"inLanguage":"en-US"}]}},"_links":{"self":[{"href":"https:\/\/formationdansetherapie.com\/en\/wp-json\/wp\/v2\/product\/18183","targetHints":{"allow":["GET"]}}],"collection":[{"href":"https:\/\/formationdansetherapie.com\/en\/wp-json\/wp\/v2\/product"}],"about":[{"href":"https:\/\/formationdansetherapie.com\/en\/wp-json\/wp\/v2\/types\/product"}],"wp:featuredmedia":[{"embeddable":true,"href":"https:\/\/formationdansetherapie.com\/en\/wp-json\/wp\/v2\/media\/16587"}],"wp:attachment":[{"href":"https:\/\/formationdansetherapie.com\/en\/wp-json\/wp\/v2\/media?parent=18183"}],"wp:term":[{"taxonomy":"product_brand","embeddable":true,"href":"https:\/\/formationdansetherapie.com\/en\/wp-json\/wp\/v2\/product_brand?post=18183"},{"taxonomy":"product_cat","embeddable":true,"href":"https:\/\/formationdansetherapie.com\/en\/wp-json\/wp\/v2\/product_cat?post=18183"},{"taxonomy":"product_tag","embeddable":true,"href":"https:\/\/formationdansetherapie.com\/en\/wp-json\/wp\/v2\/product_tag?post=18183"}],"curies":[{"name":"wp","href":"https:\/\/api.w.org\/{rel}","templated":true}]}}