{"id":18174,"date":"2025-07-26T23:34:37","date_gmt":"2025-07-26T21:34:37","guid":{"rendered":"https:\/\/formationdansetherapie.com\/product\/module-5-j2-lautre-mon-miroir\/"},"modified":"2025-07-27T22:53:51","modified_gmt":"2025-07-27T20:53:51","slug":"module-5-j2-lautre-mon-miroir","status":"publish","type":"product","link":"https:\/\/formationdansetherapie.com\/en\/product\/module-5-j2-lautre-mon-miroir\/","title":{"rendered":"Module 5 J2 : L&rsquo;autre mon miroir"},"content":{"rendered":"<style type=\"text\/css\"><\/style><p>La th\u00e9rapie dans le corps devient notre guide, nous incitant \u00e0 c\u00e9l\u00e9brer chaque interaction comme une pr\u00e9cieuse opportunit\u00e9 d&rsquo;apprentissage. Ensemble, nous tissons des liens profonds, cultivant l&rsquo;accomplissement de soi dans chaque rencontre. Chaque danse devient un pr\u00e9cieux miroir, r\u00e9v\u00e9lant la beaut\u00e9 et la complexit\u00e9 de notre \u00eatre. \u00c0 travers ces \u00e9changes, nous grandissons et \u00e9voluons, enrichissant notre compr\u00e9hension de nous-m\u00eames et des autres.<\/p>\n<p><b>Objectifs:<\/b><\/p>\n<p>&#8211; Pratiquer la m\u00e9ditation guid\u00e9e pour favoriser l\u2019ancrage, la conscience de soi et des autres<br \/>\n&#8211; Exp\u00e9rimenter la danse-th\u00e9rapie comme un moyen d\u2019exprimer et de rencontrer les \u00e9motions \u00e0 travers le mouvement avec l&rsquo;autre et les autres<br \/>\n&#8211; Mettre en place des jeux de r\u00f4le pour explorer diff\u00e9rentes postures corporelles et affiner la communication non verbale.<br \/>\n&#8211; Utiliser l\u2019art-th\u00e9rapie pour stimuler la cr\u00e9ativit\u00e9 et renforcer l\u2019expression individuelle dans un processus collectif.<br \/>\n&#8211; Explorer les danses \u00e0 deux sous diff\u00e9rentes formes : en miroir pour affiner l\u2019observation, en alternance pour travailler la fluidit\u00e9 des r\u00f4les, et en question-r\u00e9ponse pour d\u00e9velopper l\u2019\u00e9coute mutuelle.<br \/>\n&#8211; Danser avec des foulards pour enrichir l\u2019expressivit\u00e9, fluidifier le mouvement et explorer la symbolique du toucher indirect.<br \/>\n&#8211; Travailler le regard et la grammaire essentielle des pratiques de danse \u00e0 deux afin de renforcer la connexion et la pr\u00e9sence dans l\u2019\u00e9change dans\u00e9.<\/p>\n<p><b>Dates possibles:<\/b><\/p>\n<p><b>Date 1: <\/b>16-October-2025, <b>Horaire: <\/b>9h-16h30<\/p>\n<p><b>Date 2: <\/b>17-September-2026, <b>Horaire: <\/b> 9h-16h30<\/p>","protected":false},"excerpt":{"rendered":"<p>La th\u00e9rapie dans le corps devient notre guide, nous incitant \u00e0 c\u00e9l\u00e9brer chaque interaction comme une pr\u00e9cieuse opportunit\u00e9 d&rsquo;apprentissage. Ensemble, nous tissons des liens profonds, cultivant l&rsquo;accomplissement de soi dans&#8230;<\/p>","protected":false},"featured_media":16589,"template":"","meta":{"_EventAllDay":false,"_EventTimezone":"","_EventStartDate":"","_EventEndDate":"","_EventStartDateUTC":"","_EventEndDateUTC":"","_EventShowMap":false,"_EventShowMapLink":false,"_EventURL":"","_EventCost":"","_EventCostDescription":"","_EventCurrencySymbol":"","_EventCurrencyCode":"","_EventCurrencyPosition":"","_EventDateTimeSeparator":"","_EventTimeRangeSeparator":"","_EventOrganizerID":[],"_EventVenueID":[],"_OrganizerEmail":"","_OrganizerPhone":"","_OrganizerWebsite":"","_VenueAddress":"","_VenueCity":"","_VenueCountry":"","_VenueProvince":"","_VenueState":"","_VenueZip":"","_VenuePhone":"","_VenueURL":"","_VenueStateProvince":"","_VenueLat":"","_VenueLng":"","_VenueShowMap":false,"_VenueShowMapLink":false},"product_brand":[],"product_cat":[333],"product_tag":[],"class_list":{"0":"post-18174","1":"product","2":"type-product","3":"status-publish","4":"has-post-thumbnail","6":"product_cat-workshop","8":"first","9":"instock","10":"shipping-taxable","11":"purchasable","12":"product-type-variable"},"yoast_head":"<!-- This site is optimized with the Yoast SEO Premium plugin v23.8 (Yoast SEO v27.0) - https:\/\/yoast.com\/product\/yoast-seo-premium-wordpress\/ -->\n<title>Module 5 J2 : L&#039;autre mon miroir - Per Se Nota | Danse th\u00e9rapie<\/title>\n<meta name=\"description\" content=\"Module 5 J2 : L&#039;autre mon miroir - Per Se Nota | Danse th\u00e9rapie\" \/>\n<meta name=\"robots\" content=\"index, follow, max-snippet:-1, max-image-preview:large, max-video-preview:-1\" \/>\n<link rel=\"canonical\" href=\"https:\/\/formationdansetherapie.com\/en\/product\/module-5-j2-lautre-mon-miroir\/\" \/>\n<meta property=\"og:locale\" content=\"en_US\" \/>\n<meta property=\"og:type\" content=\"article\" \/>\n<meta property=\"og:title\" content=\"Module 5 J2 : L&#039;autre mon miroir\" \/>\n<meta property=\"og:description\" content=\"Module 5 J2 : L&#039;autre mon miroir - Per Se Nota | Danse th\u00e9rapie\" \/>\n<meta property=\"og:url\" content=\"https:\/\/formationdansetherapie.com\/en\/product\/module-5-j2-lautre-mon-miroir\/\" \/>\n<meta property=\"og:site_name\" content=\"Per Se Nota | Danse th\u00e9rapie\" \/>\n<meta property=\"article:modified_time\" content=\"2025-07-27T20:53:51+00:00\" \/>\n<meta property=\"og:image\" content=\"https:\/\/formationdansetherapie.com\/wp-content\/uploads\/2025\/05\/Module-5-J2-Lautre-mon-miroir.png\" \/>\n\t<meta property=\"og:image:width\" content=\"1080\" \/>\n\t<meta property=\"og:image:height\" content=\"1350\" \/>\n\t<meta property=\"og:image:type\" content=\"image\/png\" \/>\n<meta name=\"twitter:card\" content=\"summary_large_image\" \/>\n<meta name=\"twitter:label1\" content=\"Est. reading time\" \/>\n\t<meta name=\"twitter:data1\" content=\"2 minutes\" \/>\n<script type=\"application\/ld+json\" class=\"yoast-schema-graph\">{\"@context\":\"https:\/\/schema.org\",\"@graph\":[{\"@type\":\"WebPage\",\"@id\":\"https:\/\/formationdansetherapie.com\/product\/module-5-j2-lautre-mon-miroir\/\",\"url\":\"https:\/\/formationdansetherapie.com\/product\/module-5-j2-lautre-mon-miroir\/\",\"name\":\"Module 5 J2 : L'autre mon miroir - Per Se Nota | Danse th\u00e9rapie\",\"isPartOf\":{\"@id\":\"https:\/\/formationdansetherapie.com\/#website\"},\"primaryImageOfPage\":{\"@id\":\"https:\/\/formationdansetherapie.com\/product\/module-5-j2-lautre-mon-miroir\/#primaryimage\"},\"image\":{\"@id\":\"https:\/\/formationdansetherapie.com\/product\/module-5-j2-lautre-mon-miroir\/#primaryimage\"},\"thumbnailUrl\":\"https:\/\/formationdansetherapie.com\/wp-content\/uploads\/2025\/05\/Module-5-J2-Lautre-mon-miroir.png\",\"datePublished\":\"2025-07-26T21:34:37+00:00\",\"dateModified\":\"2025-07-27T20:53:51+00:00\",\"description\":\"Module 5 J2 : L'autre mon miroir - Per Se Nota | Danse th\u00e9rapie\",\"breadcrumb\":{\"@id\":\"https:\/\/formationdansetherapie.com\/product\/module-5-j2-lautre-mon-miroir\/#breadcrumb\"},\"inLanguage\":\"en-US\",\"potentialAction\":[{\"@type\":\"ReadAction\",\"target\":[\"https:\/\/formationdansetherapie.com\/product\/module-5-j2-lautre-mon-miroir\/\"]}]},{\"@type\":\"ImageObject\",\"inLanguage\":\"en-US\",\"@id\":\"https:\/\/formationdansetherapie.com\/product\/module-5-j2-lautre-mon-miroir\/#primaryimage\",\"url\":\"https:\/\/formationdansetherapie.com\/wp-content\/uploads\/2025\/05\/Module-5-J2-Lautre-mon-miroir.png\",\"contentUrl\":\"https:\/\/formationdansetherapie.com\/wp-content\/uploads\/2025\/05\/Module-5-J2-Lautre-mon-miroir.png\",\"width\":1080,\"height\":1350},{\"@type\":\"BreadcrumbList\",\"@id\":\"https:\/\/formationdansetherapie.com\/product\/module-5-j2-lautre-mon-miroir\/#breadcrumb\",\"itemListElement\":[{\"@type\":\"ListItem\",\"position\":1,\"name\":\"Home\",\"item\":\"https:\/\/formationdansetherapie.com\/\"},{\"@type\":\"ListItem\",\"position\":2,\"name\":\"Shop\",\"item\":\"https:\/\/formationdansetherapie.com\/shop\/\"},{\"@type\":\"ListItem\",\"position\":3,\"name\":\"Module 5 J2 : L&#8217;autre mon miroir\"}]},{\"@type\":\"WebSite\",\"@id\":\"https:\/\/formationdansetherapie.com\/#website\",\"url\":\"https:\/\/formationdansetherapie.com\/\",\"name\":\"Per Se Nota | Danse th\u00e9rapie\",\"description\":\"Formation professionnelle danse th\u00e9rapie - professeur de danse th\u00e9rapie et danse th\u00e9rapeute\",\"potentialAction\":[{\"@type\":\"SearchAction\",\"target\":{\"@type\":\"EntryPoint\",\"urlTemplate\":\"https:\/\/formationdansetherapie.com\/?s={search_term_string}\"},\"query-input\":{\"@type\":\"PropertyValueSpecification\",\"valueRequired\":true,\"valueName\":\"search_term_string\"}}],\"inLanguage\":\"en-US\"}]}<\/script>\n<!-- \/ Yoast SEO Premium plugin. -->","yoast_head_json":{"title":"Module 5 J2 : L'autre mon miroir - Per Se Nota | Danse th\u00e9rapie","description":"Module 5 J2 : L'autre mon miroir - Per Se Nota | Danse th\u00e9rapie","robots":{"index":"index","follow":"follow","max-snippet":"max-snippet:-1","max-image-preview":"max-image-preview:large","max-video-preview":"max-video-preview:-1"},"canonical":"https:\/\/formationdansetherapie.com\/en\/product\/module-5-j2-lautre-mon-miroir\/","og_locale":"en_US","og_type":"article","og_title":"Module 5 J2 : L'autre mon miroir","og_description":"Module 5 J2 : L'autre mon miroir - Per Se Nota | Danse th\u00e9rapie","og_url":"https:\/\/formationdansetherapie.com\/en\/product\/module-5-j2-lautre-mon-miroir\/","og_site_name":"Per Se Nota | Danse th\u00e9rapie","article_modified_time":"2025-07-27T20:53:51+00:00","og_image":[{"width":1080,"height":1350,"url":"https:\/\/formationdansetherapie.com\/wp-content\/uploads\/2025\/05\/Module-5-J2-Lautre-mon-miroir.png","type":"image\/png"}],"twitter_card":"summary_large_image","twitter_misc":{"Est. reading time":"2 minutes"},"schema":{"@context":"https:\/\/schema.org","@graph":[{"@type":"WebPage","@id":"https:\/\/formationdansetherapie.com\/product\/module-5-j2-lautre-mon-miroir\/","url":"https:\/\/formationdansetherapie.com\/product\/module-5-j2-lautre-mon-miroir\/","name":"Module 5 J2 : L'autre mon miroir - Per Se Nota | Danse th\u00e9rapie","isPartOf":{"@id":"https:\/\/formationdansetherapie.com\/#website"},"primaryImageOfPage":{"@id":"https:\/\/formationdansetherapie.com\/product\/module-5-j2-lautre-mon-miroir\/#primaryimage"},"image":{"@id":"https:\/\/formationdansetherapie.com\/product\/module-5-j2-lautre-mon-miroir\/#primaryimage"},"thumbnailUrl":"https:\/\/formationdansetherapie.com\/wp-content\/uploads\/2025\/05\/Module-5-J2-Lautre-mon-miroir.png","datePublished":"2025-07-26T21:34:37+00:00","dateModified":"2025-07-27T20:53:51+00:00","description":"Module 5 J2 : L'autre mon miroir - Per Se Nota | Danse th\u00e9rapie","breadcrumb":{"@id":"https:\/\/formationdansetherapie.com\/product\/module-5-j2-lautre-mon-miroir\/#breadcrumb"},"inLanguage":"en-US","potentialAction":[{"@type":"ReadAction","target":["https:\/\/formationdansetherapie.com\/product\/module-5-j2-lautre-mon-miroir\/"]}]},{"@type":"ImageObject","inLanguage":"en-US","@id":"https:\/\/formationdansetherapie.com\/product\/module-5-j2-lautre-mon-miroir\/#primaryimage","url":"https:\/\/formationdansetherapie.com\/wp-content\/uploads\/2025\/05\/Module-5-J2-Lautre-mon-miroir.png","contentUrl":"https:\/\/formationdansetherapie.com\/wp-content\/uploads\/2025\/05\/Module-5-J2-Lautre-mon-miroir.png","width":1080,"height":1350},{"@type":"BreadcrumbList","@id":"https:\/\/formationdansetherapie.com\/product\/module-5-j2-lautre-mon-miroir\/#breadcrumb","itemListElement":[{"@type":"ListItem","position":1,"name":"Home","item":"https:\/\/formationdansetherapie.com\/"},{"@type":"ListItem","position":2,"name":"Shop","item":"https:\/\/formationdansetherapie.com\/shop\/"},{"@type":"ListItem","position":3,"name":"Module 5 J2 : L&#8217;autre mon miroir"}]},{"@type":"WebSite","@id":"https:\/\/formationdansetherapie.com\/#website","url":"https:\/\/formationdansetherapie.com\/","name":"Per Se Nota | Dance therapy","description":"Formation professionnelle danse th\u00e9rapie - professeur de danse th\u00e9rapie et danse th\u00e9rapeute","potentialAction":[{"@type":"SearchAction","target":{"@type":"EntryPoint","urlTemplate":"https:\/\/formationdansetherapie.com\/?s={search_term_string}"},"query-input":{"@type":"PropertyValueSpecification","valueRequired":true,"valueName":"search_term_string"}}],"inLanguage":"en-US"}]}},"_links":{"self":[{"href":"https:\/\/formationdansetherapie.com\/en\/wp-json\/wp\/v2\/product\/18174","targetHints":{"allow":["GET"]}}],"collection":[{"href":"https:\/\/formationdansetherapie.com\/en\/wp-json\/wp\/v2\/product"}],"about":[{"href":"https:\/\/formationdansetherapie.com\/en\/wp-json\/wp\/v2\/types\/product"}],"wp:featuredmedia":[{"embeddable":true,"href":"https:\/\/formationdansetherapie.com\/en\/wp-json\/wp\/v2\/media\/16589"}],"wp:attachment":[{"href":"https:\/\/formationdansetherapie.com\/en\/wp-json\/wp\/v2\/media?parent=18174"}],"wp:term":[{"taxonomy":"product_brand","embeddable":true,"href":"https:\/\/formationdansetherapie.com\/en\/wp-json\/wp\/v2\/product_brand?post=18174"},{"taxonomy":"product_cat","embeddable":true,"href":"https:\/\/formationdansetherapie.com\/en\/wp-json\/wp\/v2\/product_cat?post=18174"},{"taxonomy":"product_tag","embeddable":true,"href":"https:\/\/formationdansetherapie.com\/en\/wp-json\/wp\/v2\/product_tag?post=18174"}],"curies":[{"name":"wp","href":"https:\/\/api.w.org\/{rel}","templated":true}]}}