{"id":18167,"date":"2025-07-26T23:32:29","date_gmt":"2025-07-26T21:32:29","guid":{"rendered":"https:\/\/formationdansetherapie.com\/product\/module-12-la-posture-du-pedagogue\/"},"modified":"2025-07-27T22:51:11","modified_gmt":"2025-07-27T20:51:11","slug":"module-12-la-posture-du-pedagogue","status":"publish","type":"product","link":"https:\/\/formationdansetherapie.com\/en\/product\/module-12-la-posture-du-pedagogue\/","title":{"rendered":"Module 12 : La posture du p\u00e9dagogue"},"content":{"rendered":"<style type=\"text\/css\"><\/style><p>La p\u00e9dagogie s&rsquo;inscrit comme un art de vivre, o\u00f9 chaque posture devient un acte de transmission. Dans un espace d&rsquo;horizontalit\u00e9, l&rsquo;accompagnement permet d&rsquo;apprendre et de grandir librement. \u00c0 travers la danse et la th\u00e9rapie, la cr\u00e9ativit\u00e9 s&rsquo;\u00e9panouit, transformant les interactions quotidiennes en moments d&rsquo;apprentissage enrichissants. Ainsi, chaque geste, chaque mouvement, devient une invitation \u00e0 explorer le potentiel de chacun et \u00e0 c\u00e9l\u00e9brer la beaut\u00e9 du devenir p\u00e9dagogue.<\/p>\n<p><b>Objectifs:<\/b><\/p>\n<p>&#8211; Explorer les richesses de la p\u00e9dagogie comme un voyage \u00e9ducatif.<br \/>\n&#8211; \u00c9veiller l\u2019autonomie chez les \u00e9l\u00e8ves, cultivant leur curiosit\u00e9.<br \/>\n&#8211; Adapter son enseignement aux divers publics, fa\u00e7onnant chaque exp\u00e9rience.<br \/>\n&#8211; Se plonger dans l\u2019instant pr\u00e9sent pour des connexions authentiques.<br \/>\n&#8211; D\u00e9velopper une \u00e9coute attentive, cr\u00e9ant un espace d\u2019apprentissage bienveillant.<\/p>\n<p><b>Dates possibles:<\/b><\/p>\n<p><b>Date 1: <\/b>03-February-2025, <b>Horaire: <\/b>9h-16h30<\/p>\n<p><b>Date 2: <\/b>03-February-2026, <b>Horaire: <\/b> 9h-16h30<\/p>\n<p><b>Date 3: <\/b>15-December-2026, <b>Horaire: <\/b> 9h-16h30<\/p>","protected":false},"excerpt":{"rendered":"<p>La p\u00e9dagogie s&rsquo;inscrit comme un art de vivre, o\u00f9 chaque posture devient un acte de transmission. Dans un espace d&rsquo;horizontalit\u00e9, l&rsquo;accompagnement permet d&rsquo;apprendre et de grandir librement. \u00c0 travers la&#8230;<\/p>","protected":false},"featured_media":16603,"template":"","meta":{"_EventAllDay":false,"_EventTimezone":"","_EventStartDate":"","_EventEndDate":"","_EventStartDateUTC":"","_EventEndDateUTC":"","_EventShowMap":false,"_EventShowMapLink":false,"_EventURL":"","_EventCost":"","_EventCostDescription":"","_EventCurrencySymbol":"","_EventCurrencyCode":"","_EventCurrencyPosition":"","_EventDateTimeSeparator":"","_EventTimeRangeSeparator":"","_EventOrganizerID":[],"_EventVenueID":[],"_OrganizerEmail":"","_OrganizerPhone":"","_OrganizerWebsite":"","_VenueAddress":"","_VenueCity":"","_VenueCountry":"","_VenueProvince":"","_VenueState":"","_VenueZip":"","_VenuePhone":"","_VenueURL":"","_VenueStateProvince":"","_VenueLat":"","_VenueLng":"","_VenueShowMap":false,"_VenueShowMapLink":false},"product_brand":[],"product_cat":[333],"product_tag":[],"class_list":{"0":"post-18167","1":"product","2":"type-product","3":"status-publish","4":"has-post-thumbnail","6":"product_cat-workshop","8":"first","9":"instock","10":"shipping-taxable","11":"purchasable","12":"product-type-variable"},"yoast_head":"<!-- This site is optimized with the Yoast SEO Premium plugin v23.8 (Yoast SEO v27.0) - https:\/\/yoast.com\/product\/yoast-seo-premium-wordpress\/ -->\n<title>Module 12 : La posture du p\u00e9dagogue - Per Se Nota | Danse th\u00e9rapie<\/title>\n<meta name=\"description\" content=\"Module 12 : La posture du p\u00e9dagogue - Per Se Nota | Danse th\u00e9rapie\" \/>\n<meta name=\"robots\" content=\"index, follow, max-snippet:-1, max-image-preview:large, max-video-preview:-1\" \/>\n<link rel=\"canonical\" href=\"https:\/\/formationdansetherapie.com\/en\/product\/module-12-la-posture-du-pedagogue\/\" \/>\n<meta property=\"og:locale\" content=\"en_US\" \/>\n<meta property=\"og:type\" content=\"article\" \/>\n<meta property=\"og:title\" content=\"Module 12 : La posture du p\u00e9dagogue\" \/>\n<meta property=\"og:description\" content=\"Module 12 : La posture du p\u00e9dagogue - Per Se Nota | Danse th\u00e9rapie\" \/>\n<meta property=\"og:url\" content=\"https:\/\/formationdansetherapie.com\/en\/product\/module-12-la-posture-du-pedagogue\/\" \/>\n<meta property=\"og:site_name\" content=\"Per Se Nota | Danse th\u00e9rapie\" \/>\n<meta property=\"article:modified_time\" content=\"2025-07-27T20:51:11+00:00\" \/>\n<meta property=\"og:image\" content=\"https:\/\/formationdansetherapie.com\/wp-content\/uploads\/2025\/05\/Module-12-La-posture-du-pedagogue.png\" \/>\n\t<meta property=\"og:image:width\" content=\"1080\" \/>\n\t<meta property=\"og:image:height\" content=\"1350\" \/>\n\t<meta property=\"og:image:type\" content=\"image\/png\" \/>\n<meta name=\"twitter:card\" content=\"summary_large_image\" \/>\n<meta name=\"twitter:label1\" content=\"Est. reading time\" \/>\n\t<meta name=\"twitter:data1\" content=\"1 minute\" \/>\n<script type=\"application\/ld+json\" class=\"yoast-schema-graph\">{\"@context\":\"https:\/\/schema.org\",\"@graph\":[{\"@type\":\"WebPage\",\"@id\":\"https:\/\/formationdansetherapie.com\/product\/module-12-la-posture-du-pedagogue\/\",\"url\":\"https:\/\/formationdansetherapie.com\/product\/module-12-la-posture-du-pedagogue\/\",\"name\":\"Module 12 : La posture du p\u00e9dagogue - Per Se Nota | Danse th\u00e9rapie\",\"isPartOf\":{\"@id\":\"https:\/\/formationdansetherapie.com\/#website\"},\"primaryImageOfPage\":{\"@id\":\"https:\/\/formationdansetherapie.com\/product\/module-12-la-posture-du-pedagogue\/#primaryimage\"},\"image\":{\"@id\":\"https:\/\/formationdansetherapie.com\/product\/module-12-la-posture-du-pedagogue\/#primaryimage\"},\"thumbnailUrl\":\"https:\/\/formationdansetherapie.com\/wp-content\/uploads\/2025\/05\/Module-12-La-posture-du-pedagogue.png\",\"datePublished\":\"2025-07-26T21:32:29+00:00\",\"dateModified\":\"2025-07-27T20:51:11+00:00\",\"description\":\"Module 12 : La posture du p\u00e9dagogue - Per Se Nota | Danse th\u00e9rapie\",\"breadcrumb\":{\"@id\":\"https:\/\/formationdansetherapie.com\/product\/module-12-la-posture-du-pedagogue\/#breadcrumb\"},\"inLanguage\":\"en-US\",\"potentialAction\":[{\"@type\":\"ReadAction\",\"target\":[\"https:\/\/formationdansetherapie.com\/product\/module-12-la-posture-du-pedagogue\/\"]}]},{\"@type\":\"ImageObject\",\"inLanguage\":\"en-US\",\"@id\":\"https:\/\/formationdansetherapie.com\/product\/module-12-la-posture-du-pedagogue\/#primaryimage\",\"url\":\"https:\/\/formationdansetherapie.com\/wp-content\/uploads\/2025\/05\/Module-12-La-posture-du-pedagogue.png\",\"contentUrl\":\"https:\/\/formationdansetherapie.com\/wp-content\/uploads\/2025\/05\/Module-12-La-posture-du-pedagogue.png\",\"width\":1080,\"height\":1350},{\"@type\":\"BreadcrumbList\",\"@id\":\"https:\/\/formationdansetherapie.com\/product\/module-12-la-posture-du-pedagogue\/#breadcrumb\",\"itemListElement\":[{\"@type\":\"ListItem\",\"position\":1,\"name\":\"Home\",\"item\":\"https:\/\/formationdansetherapie.com\/\"},{\"@type\":\"ListItem\",\"position\":2,\"name\":\"Shop\",\"item\":\"https:\/\/formationdansetherapie.com\/shop\/\"},{\"@type\":\"ListItem\",\"position\":3,\"name\":\"Module 12 : La posture du p\u00e9dagogue\"}]},{\"@type\":\"WebSite\",\"@id\":\"https:\/\/formationdansetherapie.com\/#website\",\"url\":\"https:\/\/formationdansetherapie.com\/\",\"name\":\"Per Se Nota | Danse th\u00e9rapie\",\"description\":\"Formation professionnelle danse th\u00e9rapie - professeur de danse th\u00e9rapie et danse th\u00e9rapeute\",\"potentialAction\":[{\"@type\":\"SearchAction\",\"target\":{\"@type\":\"EntryPoint\",\"urlTemplate\":\"https:\/\/formationdansetherapie.com\/?s={search_term_string}\"},\"query-input\":{\"@type\":\"PropertyValueSpecification\",\"valueRequired\":true,\"valueName\":\"search_term_string\"}}],\"inLanguage\":\"en-US\"}]}<\/script>\n<!-- \/ Yoast SEO Premium plugin. -->","yoast_head_json":{"title":"Module 12 : La posture du p\u00e9dagogue - Per Se Nota | Danse th\u00e9rapie","description":"Module 12 : La posture du p\u00e9dagogue - Per Se Nota | Danse th\u00e9rapie","robots":{"index":"index","follow":"follow","max-snippet":"max-snippet:-1","max-image-preview":"max-image-preview:large","max-video-preview":"max-video-preview:-1"},"canonical":"https:\/\/formationdansetherapie.com\/en\/product\/module-12-la-posture-du-pedagogue\/","og_locale":"en_US","og_type":"article","og_title":"Module 12 : La posture du p\u00e9dagogue","og_description":"Module 12 : La posture du p\u00e9dagogue - Per Se Nota | Danse th\u00e9rapie","og_url":"https:\/\/formationdansetherapie.com\/en\/product\/module-12-la-posture-du-pedagogue\/","og_site_name":"Per Se Nota | Danse th\u00e9rapie","article_modified_time":"2025-07-27T20:51:11+00:00","og_image":[{"width":1080,"height":1350,"url":"https:\/\/formationdansetherapie.com\/wp-content\/uploads\/2025\/05\/Module-12-La-posture-du-pedagogue.png","type":"image\/png"}],"twitter_card":"summary_large_image","twitter_misc":{"Est. reading time":"1 minute"},"schema":{"@context":"https:\/\/schema.org","@graph":[{"@type":"WebPage","@id":"https:\/\/formationdansetherapie.com\/product\/module-12-la-posture-du-pedagogue\/","url":"https:\/\/formationdansetherapie.com\/product\/module-12-la-posture-du-pedagogue\/","name":"Module 12 : La posture du p\u00e9dagogue - Per Se Nota | Danse th\u00e9rapie","isPartOf":{"@id":"https:\/\/formationdansetherapie.com\/#website"},"primaryImageOfPage":{"@id":"https:\/\/formationdansetherapie.com\/product\/module-12-la-posture-du-pedagogue\/#primaryimage"},"image":{"@id":"https:\/\/formationdansetherapie.com\/product\/module-12-la-posture-du-pedagogue\/#primaryimage"},"thumbnailUrl":"https:\/\/formationdansetherapie.com\/wp-content\/uploads\/2025\/05\/Module-12-La-posture-du-pedagogue.png","datePublished":"2025-07-26T21:32:29+00:00","dateModified":"2025-07-27T20:51:11+00:00","description":"Module 12 : La posture du p\u00e9dagogue - Per Se Nota | Danse th\u00e9rapie","breadcrumb":{"@id":"https:\/\/formationdansetherapie.com\/product\/module-12-la-posture-du-pedagogue\/#breadcrumb"},"inLanguage":"en-US","potentialAction":[{"@type":"ReadAction","target":["https:\/\/formationdansetherapie.com\/product\/module-12-la-posture-du-pedagogue\/"]}]},{"@type":"ImageObject","inLanguage":"en-US","@id":"https:\/\/formationdansetherapie.com\/product\/module-12-la-posture-du-pedagogue\/#primaryimage","url":"https:\/\/formationdansetherapie.com\/wp-content\/uploads\/2025\/05\/Module-12-La-posture-du-pedagogue.png","contentUrl":"https:\/\/formationdansetherapie.com\/wp-content\/uploads\/2025\/05\/Module-12-La-posture-du-pedagogue.png","width":1080,"height":1350},{"@type":"BreadcrumbList","@id":"https:\/\/formationdansetherapie.com\/product\/module-12-la-posture-du-pedagogue\/#breadcrumb","itemListElement":[{"@type":"ListItem","position":1,"name":"Home","item":"https:\/\/formationdansetherapie.com\/"},{"@type":"ListItem","position":2,"name":"Shop","item":"https:\/\/formationdansetherapie.com\/shop\/"},{"@type":"ListItem","position":3,"name":"Module 12 : La posture du p\u00e9dagogue"}]},{"@type":"WebSite","@id":"https:\/\/formationdansetherapie.com\/#website","url":"https:\/\/formationdansetherapie.com\/","name":"Per Se Nota | Dance therapy","description":"Formation professionnelle danse th\u00e9rapie - professeur de danse th\u00e9rapie et danse th\u00e9rapeute","potentialAction":[{"@type":"SearchAction","target":{"@type":"EntryPoint","urlTemplate":"https:\/\/formationdansetherapie.com\/?s={search_term_string}"},"query-input":{"@type":"PropertyValueSpecification","valueRequired":true,"valueName":"search_term_string"}}],"inLanguage":"en-US"}]}},"_links":{"self":[{"href":"https:\/\/formationdansetherapie.com\/en\/wp-json\/wp\/v2\/product\/18167","targetHints":{"allow":["GET"]}}],"collection":[{"href":"https:\/\/formationdansetherapie.com\/en\/wp-json\/wp\/v2\/product"}],"about":[{"href":"https:\/\/formationdansetherapie.com\/en\/wp-json\/wp\/v2\/types\/product"}],"wp:featuredmedia":[{"embeddable":true,"href":"https:\/\/formationdansetherapie.com\/en\/wp-json\/wp\/v2\/media\/16603"}],"wp:attachment":[{"href":"https:\/\/formationdansetherapie.com\/en\/wp-json\/wp\/v2\/media?parent=18167"}],"wp:term":[{"taxonomy":"product_brand","embeddable":true,"href":"https:\/\/formationdansetherapie.com\/en\/wp-json\/wp\/v2\/product_brand?post=18167"},{"taxonomy":"product_cat","embeddable":true,"href":"https:\/\/formationdansetherapie.com\/en\/wp-json\/wp\/v2\/product_cat?post=18167"},{"taxonomy":"product_tag","embeddable":true,"href":"https:\/\/formationdansetherapie.com\/en\/wp-json\/wp\/v2\/product_tag?post=18167"}],"curies":[{"name":"wp","href":"https:\/\/api.w.org\/{rel}","templated":true}]}}