{"id":18158,"date":"2025-07-26T23:32:17","date_gmt":"2025-07-26T21:32:17","guid":{"rendered":"https:\/\/formationdansetherapie.com\/product\/module-23-meditation-dansee-by-per-se-nota\/"},"modified":"2025-07-27T22:43:15","modified_gmt":"2025-07-27T20:43:15","slug":"module-23-meditation-dansee-by-per-se-nota","status":"publish","type":"product","link":"https:\/\/formationdansetherapie.com\/en\/product\/module-23-meditation-dansee-by-per-se-nota\/","title":{"rendered":"Module 23 : M\u00e9ditation dans\u00e9e by Per se Nota \u00a9"},"content":{"rendered":"<style type=\"text\/css\"><\/style><p>La m\u00e9ditation, tout comme la danse, est un moyen d\u2019explorer notre int\u00e9riorit\u00e9. Dans la m\u00e9ditation, le mouvement est int\u00e9rieur, une danse silencieuse de l&rsquo;esprit, tandis que dans la danse, ce mouvement s&rsquo;exprime \u00e0 l&rsquo;ext\u00e9rieur, r\u00e9v\u00e9lant notre essence au monde. La m\u00e9ditation danser devient alors un voyage unique, commen\u00e7ant par une exploration int\u00e9rieure qui nous reconnecte \u00e0 nous-m\u00eames, pour ensuite inviter \u00e0 exprimer cette profondeur \u00e0 l&rsquo;ext\u00e9rieur par le mouvement. C\u2019est une harmonie entre introspection et expression, un v\u00e9ritable dialogue entre l\u2019int\u00e9rieur et l\u2019ext\u00e9rieur.<\/p>\n<p><b>Objectifs:<\/b><\/p>\n<p>&#8211; Stimuler et d\u00e9velopper son imagination \u00e0 travers des exercices de cr\u00e9ation et d\u2019exploration sensorielle.<br \/>\n&#8211; Exp\u00e9rimenter l\u2019improvisation guid\u00e9e pour enrichir son expression corporelle et sa spontan\u00e9it\u00e9 dans le mouvement.<br \/>\n&#8211; Pratiquer la m\u00e9ditation pour favoriser la connexion \u00e0 soi et l\u2019\u00e9coute int\u00e9rieure.<br \/>\n&#8211; Mobiliser la visualisation comme outil d\u2019ancrage, d\u2019intention et de transformation du mouvement.<br \/>\n&#8211; Explorer la danse intuitive pour laisser \u00e9merger un langage corporel libre et authentique.<\/p>\n<p><b>Dates possibles:<\/b><\/p>\n<p><b>Date 1: <\/b>28-June-2025, <b>Horaire: <\/b>9h30-17h30<\/p>\n<p><b>Date 2: <\/b>27-June-2026, <b>Horaire: <\/b> 9h30-17h30<\/p>","protected":false},"excerpt":{"rendered":"<p>La m\u00e9ditation, tout comme la danse, est un moyen d\u2019explorer notre int\u00e9riorit\u00e9. Dans la m\u00e9ditation, le mouvement est int\u00e9rieur, une danse silencieuse de l&rsquo;esprit, tandis que dans la danse, ce&#8230;<\/p>","protected":false},"featured_media":16614,"template":"","meta":{"_EventAllDay":false,"_EventTimezone":"","_EventStartDate":"","_EventEndDate":"","_EventStartDateUTC":"","_EventEndDateUTC":"","_EventShowMap":false,"_EventShowMapLink":false,"_EventURL":"","_EventCost":"","_EventCostDescription":"","_EventCurrencySymbol":"","_EventCurrencyCode":"","_EventCurrencyPosition":"","_EventDateTimeSeparator":"","_EventTimeRangeSeparator":"","_EventOrganizerID":[],"_EventVenueID":[],"_OrganizerEmail":"","_OrganizerPhone":"","_OrganizerWebsite":"","_VenueAddress":"","_VenueCity":"","_VenueCountry":"","_VenueProvince":"","_VenueState":"","_VenueZip":"","_VenuePhone":"","_VenueURL":"","_VenueStateProvince":"","_VenueLat":"","_VenueLng":"","_VenueShowMap":false,"_VenueShowMapLink":false},"product_brand":[],"product_cat":[333],"product_tag":[],"class_list":{"0":"post-18158","1":"product","2":"type-product","3":"status-publish","4":"has-post-thumbnail","6":"product_cat-workshop","8":"first","9":"instock","10":"shipping-taxable","11":"purchasable","12":"product-type-variable"},"yoast_head":"<!-- This site is optimized with the Yoast SEO Premium plugin v23.8 (Yoast SEO v27.0) - https:\/\/yoast.com\/product\/yoast-seo-premium-wordpress\/ -->\n<title>Module 23 : M\u00e9ditation dans\u00e9e by Per se Nota \u00a9 - Per Se Nota | Danse th\u00e9rapie<\/title>\n<meta name=\"description\" content=\"Module 23 : M\u00e9ditation dans\u00e9e by Per se Nota \u00a9 - Per Se Nota | Danse th\u00e9rapie\" \/>\n<meta name=\"robots\" content=\"index, follow, max-snippet:-1, max-image-preview:large, max-video-preview:-1\" \/>\n<link rel=\"canonical\" href=\"https:\/\/formationdansetherapie.com\/en\/product\/module-23-meditation-dansee-by-per-se-nota\/\" \/>\n<meta property=\"og:locale\" content=\"en_US\" \/>\n<meta property=\"og:type\" content=\"article\" \/>\n<meta property=\"og:title\" content=\"Module 23 : M\u00e9ditation dans\u00e9e by Per se Nota \u00a9\" \/>\n<meta property=\"og:description\" content=\"Module 23 : M\u00e9ditation dans\u00e9e by Per se Nota \u00a9 - Per Se Nota | Danse th\u00e9rapie\" \/>\n<meta property=\"og:url\" content=\"https:\/\/formationdansetherapie.com\/en\/product\/module-23-meditation-dansee-by-per-se-nota\/\" \/>\n<meta property=\"og:site_name\" content=\"Per Se Nota | Danse th\u00e9rapie\" \/>\n<meta property=\"article:modified_time\" content=\"2025-07-27T20:43:15+00:00\" \/>\n<meta property=\"og:image\" content=\"https:\/\/formationdansetherapie.com\/wp-content\/uploads\/2025\/05\/Module-23-Meditation-dansee-by-Per-se-Nota-\u00a9.png\" \/>\n\t<meta property=\"og:image:width\" content=\"1080\" \/>\n\t<meta property=\"og:image:height\" content=\"1350\" \/>\n\t<meta property=\"og:image:type\" content=\"image\/png\" \/>\n<meta name=\"twitter:card\" content=\"summary_large_image\" \/>\n<meta name=\"twitter:label1\" content=\"Est. reading time\" \/>\n\t<meta name=\"twitter:data1\" content=\"1 minute\" \/>\n<script type=\"application\/ld+json\" class=\"yoast-schema-graph\">{\"@context\":\"https:\/\/schema.org\",\"@graph\":[{\"@type\":\"WebPage\",\"@id\":\"https:\/\/formationdansetherapie.com\/product\/module-23-meditation-dansee-by-per-se-nota\/\",\"url\":\"https:\/\/formationdansetherapie.com\/product\/module-23-meditation-dansee-by-per-se-nota\/\",\"name\":\"Module 23 : M\u00e9ditation dans\u00e9e by Per se Nota \u00a9 - Per Se Nota | Danse th\u00e9rapie\",\"isPartOf\":{\"@id\":\"https:\/\/formationdansetherapie.com\/#website\"},\"primaryImageOfPage\":{\"@id\":\"https:\/\/formationdansetherapie.com\/product\/module-23-meditation-dansee-by-per-se-nota\/#primaryimage\"},\"image\":{\"@id\":\"https:\/\/formationdansetherapie.com\/product\/module-23-meditation-dansee-by-per-se-nota\/#primaryimage\"},\"thumbnailUrl\":\"https:\/\/formationdansetherapie.com\/wp-content\/uploads\/2025\/05\/Module-23-Meditation-dansee-by-Per-se-Nota-\u00a9.png\",\"datePublished\":\"2025-07-26T21:32:17+00:00\",\"dateModified\":\"2025-07-27T20:43:15+00:00\",\"description\":\"Module 23 : M\u00e9ditation dans\u00e9e by Per se Nota \u00a9 - Per Se Nota | Danse th\u00e9rapie\",\"breadcrumb\":{\"@id\":\"https:\/\/formationdansetherapie.com\/product\/module-23-meditation-dansee-by-per-se-nota\/#breadcrumb\"},\"inLanguage\":\"en-US\",\"potentialAction\":[{\"@type\":\"ReadAction\",\"target\":[\"https:\/\/formationdansetherapie.com\/product\/module-23-meditation-dansee-by-per-se-nota\/\"]}]},{\"@type\":\"ImageObject\",\"inLanguage\":\"en-US\",\"@id\":\"https:\/\/formationdansetherapie.com\/product\/module-23-meditation-dansee-by-per-se-nota\/#primaryimage\",\"url\":\"https:\/\/formationdansetherapie.com\/wp-content\/uploads\/2025\/05\/Module-23-Meditation-dansee-by-Per-se-Nota-\u00a9.png\",\"contentUrl\":\"https:\/\/formationdansetherapie.com\/wp-content\/uploads\/2025\/05\/Module-23-Meditation-dansee-by-Per-se-Nota-\u00a9.png\",\"width\":1080,\"height\":1350},{\"@type\":\"BreadcrumbList\",\"@id\":\"https:\/\/formationdansetherapie.com\/product\/module-23-meditation-dansee-by-per-se-nota\/#breadcrumb\",\"itemListElement\":[{\"@type\":\"ListItem\",\"position\":1,\"name\":\"Home\",\"item\":\"https:\/\/formationdansetherapie.com\/\"},{\"@type\":\"ListItem\",\"position\":2,\"name\":\"Shop\",\"item\":\"https:\/\/formationdansetherapie.com\/shop\/\"},{\"@type\":\"ListItem\",\"position\":3,\"name\":\"Module 23 : M\u00e9ditation dans\u00e9e by Per se Nota \u00a9\"}]},{\"@type\":\"WebSite\",\"@id\":\"https:\/\/formationdansetherapie.com\/#website\",\"url\":\"https:\/\/formationdansetherapie.com\/\",\"name\":\"Per Se Nota | Danse th\u00e9rapie\",\"description\":\"Formation professionnelle danse th\u00e9rapie - professeur de danse th\u00e9rapie et danse th\u00e9rapeute\",\"potentialAction\":[{\"@type\":\"SearchAction\",\"target\":{\"@type\":\"EntryPoint\",\"urlTemplate\":\"https:\/\/formationdansetherapie.com\/?s={search_term_string}\"},\"query-input\":{\"@type\":\"PropertyValueSpecification\",\"valueRequired\":true,\"valueName\":\"search_term_string\"}}],\"inLanguage\":\"en-US\"}]}<\/script>\n<!-- \/ Yoast SEO Premium plugin. -->","yoast_head_json":{"title":"Module 23 : M\u00e9ditation dans\u00e9e by Per se Nota \u00a9 - Per Se Nota | Danse th\u00e9rapie","description":"Module 23 : M\u00e9ditation dans\u00e9e by Per se Nota \u00a9 - Per Se Nota | Danse th\u00e9rapie","robots":{"index":"index","follow":"follow","max-snippet":"max-snippet:-1","max-image-preview":"max-image-preview:large","max-video-preview":"max-video-preview:-1"},"canonical":"https:\/\/formationdansetherapie.com\/en\/product\/module-23-meditation-dansee-by-per-se-nota\/","og_locale":"en_US","og_type":"article","og_title":"Module 23 : M\u00e9ditation dans\u00e9e by Per se Nota \u00a9","og_description":"Module 23 : M\u00e9ditation dans\u00e9e by Per se Nota \u00a9 - Per Se Nota | Danse th\u00e9rapie","og_url":"https:\/\/formationdansetherapie.com\/en\/product\/module-23-meditation-dansee-by-per-se-nota\/","og_site_name":"Per Se Nota | Danse th\u00e9rapie","article_modified_time":"2025-07-27T20:43:15+00:00","og_image":[{"width":1080,"height":1350,"url":"https:\/\/formationdansetherapie.com\/wp-content\/uploads\/2025\/05\/Module-23-Meditation-dansee-by-Per-se-Nota-\u00a9.png","type":"image\/png"}],"twitter_card":"summary_large_image","twitter_misc":{"Est. reading time":"1 minute"},"schema":{"@context":"https:\/\/schema.org","@graph":[{"@type":"WebPage","@id":"https:\/\/formationdansetherapie.com\/product\/module-23-meditation-dansee-by-per-se-nota\/","url":"https:\/\/formationdansetherapie.com\/product\/module-23-meditation-dansee-by-per-se-nota\/","name":"Module 23 : M\u00e9ditation dans\u00e9e by Per se Nota \u00a9 - Per Se Nota | Danse th\u00e9rapie","isPartOf":{"@id":"https:\/\/formationdansetherapie.com\/#website"},"primaryImageOfPage":{"@id":"https:\/\/formationdansetherapie.com\/product\/module-23-meditation-dansee-by-per-se-nota\/#primaryimage"},"image":{"@id":"https:\/\/formationdansetherapie.com\/product\/module-23-meditation-dansee-by-per-se-nota\/#primaryimage"},"thumbnailUrl":"https:\/\/formationdansetherapie.com\/wp-content\/uploads\/2025\/05\/Module-23-Meditation-dansee-by-Per-se-Nota-\u00a9.png","datePublished":"2025-07-26T21:32:17+00:00","dateModified":"2025-07-27T20:43:15+00:00","description":"Module 23 : M\u00e9ditation dans\u00e9e by Per se Nota \u00a9 - Per Se Nota | Danse th\u00e9rapie","breadcrumb":{"@id":"https:\/\/formationdansetherapie.com\/product\/module-23-meditation-dansee-by-per-se-nota\/#breadcrumb"},"inLanguage":"en-US","potentialAction":[{"@type":"ReadAction","target":["https:\/\/formationdansetherapie.com\/product\/module-23-meditation-dansee-by-per-se-nota\/"]}]},{"@type":"ImageObject","inLanguage":"en-US","@id":"https:\/\/formationdansetherapie.com\/product\/module-23-meditation-dansee-by-per-se-nota\/#primaryimage","url":"https:\/\/formationdansetherapie.com\/wp-content\/uploads\/2025\/05\/Module-23-Meditation-dansee-by-Per-se-Nota-\u00a9.png","contentUrl":"https:\/\/formationdansetherapie.com\/wp-content\/uploads\/2025\/05\/Module-23-Meditation-dansee-by-Per-se-Nota-\u00a9.png","width":1080,"height":1350},{"@type":"BreadcrumbList","@id":"https:\/\/formationdansetherapie.com\/product\/module-23-meditation-dansee-by-per-se-nota\/#breadcrumb","itemListElement":[{"@type":"ListItem","position":1,"name":"Home","item":"https:\/\/formationdansetherapie.com\/"},{"@type":"ListItem","position":2,"name":"Shop","item":"https:\/\/formationdansetherapie.com\/shop\/"},{"@type":"ListItem","position":3,"name":"Module 23 : M\u00e9ditation dans\u00e9e by Per se Nota \u00a9"}]},{"@type":"WebSite","@id":"https:\/\/formationdansetherapie.com\/#website","url":"https:\/\/formationdansetherapie.com\/","name":"Per Se Nota | Dance therapy","description":"Formation professionnelle danse th\u00e9rapie - professeur de danse th\u00e9rapie et danse th\u00e9rapeute","potentialAction":[{"@type":"SearchAction","target":{"@type":"EntryPoint","urlTemplate":"https:\/\/formationdansetherapie.com\/?s={search_term_string}"},"query-input":{"@type":"PropertyValueSpecification","valueRequired":true,"valueName":"search_term_string"}}],"inLanguage":"en-US"}]}},"_links":{"self":[{"href":"https:\/\/formationdansetherapie.com\/en\/wp-json\/wp\/v2\/product\/18158","targetHints":{"allow":["GET"]}}],"collection":[{"href":"https:\/\/formationdansetherapie.com\/en\/wp-json\/wp\/v2\/product"}],"about":[{"href":"https:\/\/formationdansetherapie.com\/en\/wp-json\/wp\/v2\/types\/product"}],"wp:featuredmedia":[{"embeddable":true,"href":"https:\/\/formationdansetherapie.com\/en\/wp-json\/wp\/v2\/media\/16614"}],"wp:attachment":[{"href":"https:\/\/formationdansetherapie.com\/en\/wp-json\/wp\/v2\/media?parent=18158"}],"wp:term":[{"taxonomy":"product_brand","embeddable":true,"href":"https:\/\/formationdansetherapie.com\/en\/wp-json\/wp\/v2\/product_brand?post=18158"},{"taxonomy":"product_cat","embeddable":true,"href":"https:\/\/formationdansetherapie.com\/en\/wp-json\/wp\/v2\/product_cat?post=18158"},{"taxonomy":"product_tag","embeddable":true,"href":"https:\/\/formationdansetherapie.com\/en\/wp-json\/wp\/v2\/product_tag?post=18158"}],"curies":[{"name":"wp","href":"https:\/\/api.w.org\/{rel}","templated":true}]}}