{"id":18152,"date":"2025-07-26T23:32:09","date_gmt":"2025-07-26T21:32:09","guid":{"rendered":"https:\/\/formationdansetherapie.com\/product\/module-2-j1-les-bases-de-lanatomie\/"},"modified":"2025-07-27T22:25:59","modified_gmt":"2025-07-27T20:25:59","slug":"module-2-j1-les-bases-de-lanatomie","status":"publish","type":"product","link":"https:\/\/formationdansetherapie.com\/en\/product\/module-2-j1-les-bases-de-lanatomie\/","title":{"rendered":"Module 2 J1 : Les bases de l&rsquo;Anatomie"},"content":{"rendered":"<style type=\"text\/css\"><\/style><p>Cet atelier explore la structure du corps humain, v\u00e9ritable source d&rsquo;inspiration et de magie. Le corps parle, et cet atelier va vous apprendre \u00e0 mieux savoir l&rsquo;\u00e9couter. Comprendre notre squelette, sur lequel se reposer, nos articulations et nos muscles, pour lui permettre de bouger, et nos muscles permettre au muscles, pour pouvoir nous mouvoir, et nos articulations pourChaque muscle, chaque organe raconte une histoire, refl\u00e9tant nos \u00e9motions, nos exp\u00e9riences et notre bien-\u00eatre.<\/p>\n<p><b>Objectifs:<\/b><\/p>\n<p>&#8211; Comprendre la structure et le fonctionnement des os, muscles et articulations<br \/>\n&#8211; Enrichir la conscience corporelle et soutenir le mouvement en conscience<br \/>\n&#8211; Explorer la mobilit\u00e9 articulaire et l&rsquo;alignement osseux pour nourrir la danse<br \/>\n&#8211; Renforcer l&rsquo;\u00e9coute sensorielle et proprioceptive afin de guider des s\u00e9ances avec justesse corporelle.<br \/>\n&#8211; Mettre en lien les fonctions corporelles avec des th\u00e9matiques th\u00e9rapeutiques (appui, l\u00e2cher-prise, solidit\u00e9&#8230;)<\/p>\n<p><b>Dates possibles:<\/b><\/p>\n<p><b>Date 1: <\/b>26-June-2025, <b>Horaire: <\/b>9h30-17h30<\/p>\n<p><b>Date 2: <\/b>25-June-2026, <b>Horaire: <\/b> 9h-16h30<\/p>","protected":false},"excerpt":{"rendered":"<p>Cet atelier explore la structure du corps humain, v\u00e9ritable source d&rsquo;inspiration et de magie. Le corps parle, et cet atelier va vous apprendre \u00e0 mieux savoir l&rsquo;\u00e9couter. Comprendre notre squelette,&#8230;<\/p>","protected":false},"featured_media":16582,"template":"","meta":{"_EventAllDay":false,"_EventTimezone":"","_EventStartDate":"","_EventEndDate":"","_EventStartDateUTC":"","_EventEndDateUTC":"","_EventShowMap":false,"_EventShowMapLink":false,"_EventURL":"","_EventCost":"","_EventCostDescription":"","_EventCurrencySymbol":"","_EventCurrencyCode":"","_EventCurrencyPosition":"","_EventDateTimeSeparator":"","_EventTimeRangeSeparator":"","_EventOrganizerID":[],"_EventVenueID":[],"_OrganizerEmail":"","_OrganizerPhone":"","_OrganizerWebsite":"","_VenueAddress":"","_VenueCity":"","_VenueCountry":"","_VenueProvince":"","_VenueState":"","_VenueZip":"","_VenuePhone":"","_VenueURL":"","_VenueStateProvince":"","_VenueLat":"","_VenueLng":"","_VenueShowMap":false,"_VenueShowMapLink":false},"product_brand":[],"product_cat":[333],"product_tag":[],"class_list":{"0":"post-18152","1":"product","2":"type-product","3":"status-publish","4":"has-post-thumbnail","6":"product_cat-workshop","8":"first","9":"instock","10":"shipping-taxable","11":"purchasable","12":"product-type-variable"},"yoast_head":"<!-- This site is optimized with the Yoast SEO Premium plugin v23.8 (Yoast SEO v27.0) - https:\/\/yoast.com\/product\/yoast-seo-premium-wordpress\/ -->\n<title>Module 2 J1 : Les bases de l&#039;Anatomie - Per Se Nota | Danse th\u00e9rapie<\/title>\n<meta name=\"description\" content=\"Module 2 J1 : Les bases de l&#039;Anatomie - Per Se Nota | Danse th\u00e9rapie\" \/>\n<meta name=\"robots\" content=\"index, follow, max-snippet:-1, max-image-preview:large, max-video-preview:-1\" \/>\n<link rel=\"canonical\" href=\"https:\/\/formationdansetherapie.com\/en\/product\/module-2-j1-les-bases-de-lanatomie\/\" \/>\n<meta property=\"og:locale\" content=\"en_US\" \/>\n<meta property=\"og:type\" content=\"article\" \/>\n<meta property=\"og:title\" content=\"Module 2 J1 : Les bases de l&#039;Anatomie\" \/>\n<meta property=\"og:description\" content=\"Module 2 J1 : Les bases de l&#039;Anatomie - Per Se Nota | Danse th\u00e9rapie\" \/>\n<meta property=\"og:url\" content=\"https:\/\/formationdansetherapie.com\/en\/product\/module-2-j1-les-bases-de-lanatomie\/\" \/>\n<meta property=\"og:site_name\" content=\"Per Se Nota | Danse th\u00e9rapie\" \/>\n<meta property=\"article:modified_time\" content=\"2025-07-27T20:25:59+00:00\" \/>\n<meta property=\"og:image\" content=\"https:\/\/formationdansetherapie.com\/wp-content\/uploads\/2025\/05\/Module-2-J1-Les-bases-de-lAnatomie.png\" \/>\n\t<meta property=\"og:image:width\" content=\"1080\" \/>\n\t<meta property=\"og:image:height\" content=\"1350\" \/>\n\t<meta property=\"og:image:type\" content=\"image\/png\" \/>\n<meta name=\"twitter:card\" content=\"summary_large_image\" \/>\n<meta name=\"twitter:label1\" content=\"Est. reading time\" \/>\n\t<meta name=\"twitter:data1\" content=\"1 minute\" \/>\n<script type=\"application\/ld+json\" class=\"yoast-schema-graph\">{\"@context\":\"https:\/\/schema.org\",\"@graph\":[{\"@type\":\"WebPage\",\"@id\":\"https:\/\/formationdansetherapie.com\/product\/module-2-j1-les-bases-de-lanatomie\/\",\"url\":\"https:\/\/formationdansetherapie.com\/product\/module-2-j1-les-bases-de-lanatomie\/\",\"name\":\"Module 2 J1 : Les bases de l'Anatomie - Per Se Nota | Danse th\u00e9rapie\",\"isPartOf\":{\"@id\":\"https:\/\/formationdansetherapie.com\/#website\"},\"primaryImageOfPage\":{\"@id\":\"https:\/\/formationdansetherapie.com\/product\/module-2-j1-les-bases-de-lanatomie\/#primaryimage\"},\"image\":{\"@id\":\"https:\/\/formationdansetherapie.com\/product\/module-2-j1-les-bases-de-lanatomie\/#primaryimage\"},\"thumbnailUrl\":\"https:\/\/formationdansetherapie.com\/wp-content\/uploads\/2025\/05\/Module-2-J1-Les-bases-de-lAnatomie.png\",\"datePublished\":\"2025-07-26T21:32:09+00:00\",\"dateModified\":\"2025-07-27T20:25:59+00:00\",\"description\":\"Module 2 J1 : Les bases de l'Anatomie - Per Se Nota | Danse th\u00e9rapie\",\"breadcrumb\":{\"@id\":\"https:\/\/formationdansetherapie.com\/product\/module-2-j1-les-bases-de-lanatomie\/#breadcrumb\"},\"inLanguage\":\"en-US\",\"potentialAction\":[{\"@type\":\"ReadAction\",\"target\":[\"https:\/\/formationdansetherapie.com\/product\/module-2-j1-les-bases-de-lanatomie\/\"]}]},{\"@type\":\"ImageObject\",\"inLanguage\":\"en-US\",\"@id\":\"https:\/\/formationdansetherapie.com\/product\/module-2-j1-les-bases-de-lanatomie\/#primaryimage\",\"url\":\"https:\/\/formationdansetherapie.com\/wp-content\/uploads\/2025\/05\/Module-2-J1-Les-bases-de-lAnatomie.png\",\"contentUrl\":\"https:\/\/formationdansetherapie.com\/wp-content\/uploads\/2025\/05\/Module-2-J1-Les-bases-de-lAnatomie.png\",\"width\":1080,\"height\":1350},{\"@type\":\"BreadcrumbList\",\"@id\":\"https:\/\/formationdansetherapie.com\/product\/module-2-j1-les-bases-de-lanatomie\/#breadcrumb\",\"itemListElement\":[{\"@type\":\"ListItem\",\"position\":1,\"name\":\"Home\",\"item\":\"https:\/\/formationdansetherapie.com\/\"},{\"@type\":\"ListItem\",\"position\":2,\"name\":\"Shop\",\"item\":\"https:\/\/formationdansetherapie.com\/shop\/\"},{\"@type\":\"ListItem\",\"position\":3,\"name\":\"Module 2 J1 : Les bases de l&#8217;Anatomie\"}]},{\"@type\":\"WebSite\",\"@id\":\"https:\/\/formationdansetherapie.com\/#website\",\"url\":\"https:\/\/formationdansetherapie.com\/\",\"name\":\"Per Se Nota | Danse th\u00e9rapie\",\"description\":\"Formation professionnelle danse th\u00e9rapie - professeur de danse th\u00e9rapie et danse th\u00e9rapeute\",\"potentialAction\":[{\"@type\":\"SearchAction\",\"target\":{\"@type\":\"EntryPoint\",\"urlTemplate\":\"https:\/\/formationdansetherapie.com\/?s={search_term_string}\"},\"query-input\":{\"@type\":\"PropertyValueSpecification\",\"valueRequired\":true,\"valueName\":\"search_term_string\"}}],\"inLanguage\":\"en-US\"}]}<\/script>\n<!-- \/ Yoast SEO Premium plugin. -->","yoast_head_json":{"title":"Module 2 J1 : Les bases de l'Anatomie - Per Se Nota | Danse th\u00e9rapie","description":"Module 2 J1 : Les bases de l'Anatomie - Per Se Nota | Danse th\u00e9rapie","robots":{"index":"index","follow":"follow","max-snippet":"max-snippet:-1","max-image-preview":"max-image-preview:large","max-video-preview":"max-video-preview:-1"},"canonical":"https:\/\/formationdansetherapie.com\/en\/product\/module-2-j1-les-bases-de-lanatomie\/","og_locale":"en_US","og_type":"article","og_title":"Module 2 J1 : Les bases de l'Anatomie","og_description":"Module 2 J1 : Les bases de l'Anatomie - Per Se Nota | Danse th\u00e9rapie","og_url":"https:\/\/formationdansetherapie.com\/en\/product\/module-2-j1-les-bases-de-lanatomie\/","og_site_name":"Per Se Nota | Danse th\u00e9rapie","article_modified_time":"2025-07-27T20:25:59+00:00","og_image":[{"width":1080,"height":1350,"url":"https:\/\/formationdansetherapie.com\/wp-content\/uploads\/2025\/05\/Module-2-J1-Les-bases-de-lAnatomie.png","type":"image\/png"}],"twitter_card":"summary_large_image","twitter_misc":{"Est. reading time":"1 minute"},"schema":{"@context":"https:\/\/schema.org","@graph":[{"@type":"WebPage","@id":"https:\/\/formationdansetherapie.com\/product\/module-2-j1-les-bases-de-lanatomie\/","url":"https:\/\/formationdansetherapie.com\/product\/module-2-j1-les-bases-de-lanatomie\/","name":"Module 2 J1 : Les bases de l'Anatomie - Per Se Nota | Danse th\u00e9rapie","isPartOf":{"@id":"https:\/\/formationdansetherapie.com\/#website"},"primaryImageOfPage":{"@id":"https:\/\/formationdansetherapie.com\/product\/module-2-j1-les-bases-de-lanatomie\/#primaryimage"},"image":{"@id":"https:\/\/formationdansetherapie.com\/product\/module-2-j1-les-bases-de-lanatomie\/#primaryimage"},"thumbnailUrl":"https:\/\/formationdansetherapie.com\/wp-content\/uploads\/2025\/05\/Module-2-J1-Les-bases-de-lAnatomie.png","datePublished":"2025-07-26T21:32:09+00:00","dateModified":"2025-07-27T20:25:59+00:00","description":"Module 2 J1 : Les bases de l'Anatomie - Per Se Nota | Danse th\u00e9rapie","breadcrumb":{"@id":"https:\/\/formationdansetherapie.com\/product\/module-2-j1-les-bases-de-lanatomie\/#breadcrumb"},"inLanguage":"en-US","potentialAction":[{"@type":"ReadAction","target":["https:\/\/formationdansetherapie.com\/product\/module-2-j1-les-bases-de-lanatomie\/"]}]},{"@type":"ImageObject","inLanguage":"en-US","@id":"https:\/\/formationdansetherapie.com\/product\/module-2-j1-les-bases-de-lanatomie\/#primaryimage","url":"https:\/\/formationdansetherapie.com\/wp-content\/uploads\/2025\/05\/Module-2-J1-Les-bases-de-lAnatomie.png","contentUrl":"https:\/\/formationdansetherapie.com\/wp-content\/uploads\/2025\/05\/Module-2-J1-Les-bases-de-lAnatomie.png","width":1080,"height":1350},{"@type":"BreadcrumbList","@id":"https:\/\/formationdansetherapie.com\/product\/module-2-j1-les-bases-de-lanatomie\/#breadcrumb","itemListElement":[{"@type":"ListItem","position":1,"name":"Home","item":"https:\/\/formationdansetherapie.com\/"},{"@type":"ListItem","position":2,"name":"Shop","item":"https:\/\/formationdansetherapie.com\/shop\/"},{"@type":"ListItem","position":3,"name":"Module 2 J1 : Les bases de l&#8217;Anatomie"}]},{"@type":"WebSite","@id":"https:\/\/formationdansetherapie.com\/#website","url":"https:\/\/formationdansetherapie.com\/","name":"Per Se Nota | Dance therapy","description":"Formation professionnelle danse th\u00e9rapie - professeur de danse th\u00e9rapie et danse th\u00e9rapeute","potentialAction":[{"@type":"SearchAction","target":{"@type":"EntryPoint","urlTemplate":"https:\/\/formationdansetherapie.com\/?s={search_term_string}"},"query-input":{"@type":"PropertyValueSpecification","valueRequired":true,"valueName":"search_term_string"}}],"inLanguage":"en-US"}]}},"_links":{"self":[{"href":"https:\/\/formationdansetherapie.com\/en\/wp-json\/wp\/v2\/product\/18152","targetHints":{"allow":["GET"]}}],"collection":[{"href":"https:\/\/formationdansetherapie.com\/en\/wp-json\/wp\/v2\/product"}],"about":[{"href":"https:\/\/formationdansetherapie.com\/en\/wp-json\/wp\/v2\/types\/product"}],"wp:featuredmedia":[{"embeddable":true,"href":"https:\/\/formationdansetherapie.com\/en\/wp-json\/wp\/v2\/media\/16582"}],"wp:attachment":[{"href":"https:\/\/formationdansetherapie.com\/en\/wp-json\/wp\/v2\/media?parent=18152"}],"wp:term":[{"taxonomy":"product_brand","embeddable":true,"href":"https:\/\/formationdansetherapie.com\/en\/wp-json\/wp\/v2\/product_brand?post=18152"},{"taxonomy":"product_cat","embeddable":true,"href":"https:\/\/formationdansetherapie.com\/en\/wp-json\/wp\/v2\/product_cat?post=18152"},{"taxonomy":"product_tag","embeddable":true,"href":"https:\/\/formationdansetherapie.com\/en\/wp-json\/wp\/v2\/product_tag?post=18152"}],"curies":[{"name":"wp","href":"https:\/\/api.w.org\/{rel}","templated":true}]}}