{"id":18149,"date":"2025-07-26T23:32:05","date_gmt":"2025-07-26T21:32:05","guid":{"rendered":"https:\/\/formationdansetherapie.com\/product\/module-7-n2-j2-les-danses-latines-metis-danse\/"},"modified":"2025-07-27T22:19:56","modified_gmt":"2025-07-27T20:19:56","slug":"module-7-n2-j2-les-danses-latines-metis-danse","status":"publish","type":"product","link":"https:\/\/formationdansetherapie.com\/en\/product\/module-7-n2-j2-les-danses-latines-metis-danse\/","title":{"rendered":"Module 7 n\u00b02-J2 : Les danses latines &#8211; M\u00e9tis&rsquo; danse\u00a9"},"content":{"rendered":"<style type=\"text\/css\"><\/style><p>La Kizomba est une rencontre de c\u0153ur \u00e0 c\u0153ur, tissant un lien plus enlac\u00e9 et intime. Pourtant, ce sont des corps de personnes qui, parfois, ne se connaissent pas. Dans cette danse, il est th\u00e9rapeutique de s&rsquo;ouvrir \u00e0 l&rsquo;autre, d&rsquo;\u00e9tablir une connexion profonde sans pour autant entrer en fusion. La Kizomba invite \u00e0 l&rsquo;intimit\u00e9 tout en respectant l&rsquo;espace personnel, permettant ainsi une exploration enrichissante des \u00e9motions et des sensations partag\u00e9es.<\/p>\n<p><b>Objectifs:<\/b><\/p>\n<p>&#8211; Explorer les sp\u00e9cificit\u00e9s de la kizomba en mettant l\u2019accent sur la connexion avec le haut du corps et la fluidit\u00e9 du guidage.<br \/>\n&#8211; \u00c9couter et analyser des playlists de kizomba pour accompagner un travail pr\u00e9cis sur la mobilit\u00e9 du bassin et l\u2019ancrage au sol.<br \/>\n&#8211; Exp\u00e9rimenter diff\u00e9rentes approches p\u00e9dagogiques pour aborder le cours, en adaptant les exercices aux besoins des danseurs et \u00e0 l\u2019exploration des sensations corporelles.<br \/>\n&#8211; Int\u00e9grer des th\u00e8mes phares autour de la connexion, du l\u00e2cher-prise et de l\u2019\u00e9coute mutuelle pour enrichir l\u2019exp\u00e9rience du mouvement \u00e0 deux.<br \/>\n&#8211; Mettre en situation les participants en les guidant dans des exercices pratiques afin de d\u00e9velopper une meilleure conscience corporelle et relationnelle.<\/p>\n<p><b>Dates possibles:<\/b><\/p>\n<p><b>Date 1: <\/b>30-August-2025, <b>Horaire: <\/b>9h30-17h<\/p>\n<p><b>Date 2: <\/b>26-May-2026, <b>Horaire: <\/b> 9h-16h30<\/p>","protected":false},"excerpt":{"rendered":"<p>La Kizomba est une rencontre de c\u0153ur \u00e0 c\u0153ur, tissant un lien plus enlac\u00e9 et intime. Pourtant, ce sont des corps de personnes qui, parfois, ne se connaissent pas. Dans&#8230;<\/p>","protected":false},"featured_media":16595,"template":"","meta":{"_EventAllDay":false,"_EventTimezone":"","_EventStartDate":"","_EventEndDate":"","_EventStartDateUTC":"","_EventEndDateUTC":"","_EventShowMap":false,"_EventShowMapLink":false,"_EventURL":"","_EventCost":"","_EventCostDescription":"","_EventCurrencySymbol":"","_EventCurrencyCode":"","_EventCurrencyPosition":"","_EventDateTimeSeparator":"","_EventTimeRangeSeparator":"","_EventOrganizerID":[],"_EventVenueID":[],"_OrganizerEmail":"","_OrganizerPhone":"","_OrganizerWebsite":"","_VenueAddress":"","_VenueCity":"","_VenueCountry":"","_VenueProvince":"","_VenueState":"","_VenueZip":"","_VenuePhone":"","_VenueURL":"","_VenueStateProvince":"","_VenueLat":"","_VenueLng":"","_VenueShowMap":false,"_VenueShowMapLink":false},"product_brand":[],"product_cat":[333],"product_tag":[],"class_list":{"0":"post-18149","1":"product","2":"type-product","3":"status-publish","4":"has-post-thumbnail","6":"product_cat-workshop","8":"first","9":"instock","10":"shipping-taxable","11":"purchasable","12":"product-type-variable"},"yoast_head":"<!-- This site is optimized with the Yoast SEO Premium plugin v23.8 (Yoast SEO v27.0) - https:\/\/yoast.com\/product\/yoast-seo-premium-wordpress\/ -->\n<title>Module 7 n\u00b02-J2 : Les danses latines - M\u00e9tis&#039; danse\u00a9 - Per Se Nota | Danse th\u00e9rapie<\/title>\n<meta name=\"description\" content=\"Module 7 n\u00b02-J2 : Les danses latines - M\u00e9tis&#039; danse\u00a9 - Per Se Nota | Danse th\u00e9rapie\" \/>\n<meta name=\"robots\" content=\"index, follow, max-snippet:-1, max-image-preview:large, max-video-preview:-1\" \/>\n<link rel=\"canonical\" href=\"https:\/\/formationdansetherapie.com\/en\/product\/module-7-n2-j2-les-danses-latines-metis-danse\/\" \/>\n<meta property=\"og:locale\" content=\"en_US\" \/>\n<meta property=\"og:type\" content=\"article\" \/>\n<meta property=\"og:title\" content=\"Module 7 n\u00b02-J2 : Les danses latines - M\u00e9tis&#039; danse\u00a9\" \/>\n<meta property=\"og:description\" content=\"Module 7 n\u00b02-J2 : Les danses latines - M\u00e9tis&#039; danse\u00a9 - Per Se Nota | Danse th\u00e9rapie\" \/>\n<meta property=\"og:url\" content=\"https:\/\/formationdansetherapie.com\/en\/product\/module-7-n2-j2-les-danses-latines-metis-danse\/\" \/>\n<meta property=\"og:site_name\" content=\"Per Se Nota | Danse th\u00e9rapie\" \/>\n<meta property=\"article:modified_time\" content=\"2025-07-27T20:19:56+00:00\" \/>\n<meta property=\"og:image\" content=\"https:\/\/formationdansetherapie.com\/wp-content\/uploads\/2025\/05\/Module-7-n\u00b02-J2-Les-danses-latines-Metis-danse\u00a9.png\" \/>\n\t<meta property=\"og:image:width\" content=\"1080\" \/>\n\t<meta property=\"og:image:height\" content=\"1350\" \/>\n\t<meta property=\"og:image:type\" content=\"image\/png\" \/>\n<meta name=\"twitter:card\" content=\"summary_large_image\" \/>\n<meta name=\"twitter:label1\" content=\"Est. reading time\" \/>\n\t<meta name=\"twitter:data1\" content=\"2 minutes\" \/>\n<script type=\"application\/ld+json\" class=\"yoast-schema-graph\">{\"@context\":\"https:\/\/schema.org\",\"@graph\":[{\"@type\":\"WebPage\",\"@id\":\"https:\/\/formationdansetherapie.com\/product\/module-7-n2-j2-les-danses-latines-metis-danse\/\",\"url\":\"https:\/\/formationdansetherapie.com\/product\/module-7-n2-j2-les-danses-latines-metis-danse\/\",\"name\":\"Module 7 n\u00b02-J2 : Les danses latines - M\u00e9tis' danse\u00a9 - Per Se Nota | Danse th\u00e9rapie\",\"isPartOf\":{\"@id\":\"https:\/\/formationdansetherapie.com\/#website\"},\"primaryImageOfPage\":{\"@id\":\"https:\/\/formationdansetherapie.com\/product\/module-7-n2-j2-les-danses-latines-metis-danse\/#primaryimage\"},\"image\":{\"@id\":\"https:\/\/formationdansetherapie.com\/product\/module-7-n2-j2-les-danses-latines-metis-danse\/#primaryimage\"},\"thumbnailUrl\":\"https:\/\/formationdansetherapie.com\/wp-content\/uploads\/2025\/05\/Module-7-n\u00b02-J2-Les-danses-latines-Metis-danse\u00a9.png\",\"datePublished\":\"2025-07-26T21:32:05+00:00\",\"dateModified\":\"2025-07-27T20:19:56+00:00\",\"description\":\"Module 7 n\u00b02-J2 : Les danses latines - M\u00e9tis' danse\u00a9 - Per Se Nota | Danse th\u00e9rapie\",\"breadcrumb\":{\"@id\":\"https:\/\/formationdansetherapie.com\/product\/module-7-n2-j2-les-danses-latines-metis-danse\/#breadcrumb\"},\"inLanguage\":\"en-US\",\"potentialAction\":[{\"@type\":\"ReadAction\",\"target\":[\"https:\/\/formationdansetherapie.com\/product\/module-7-n2-j2-les-danses-latines-metis-danse\/\"]}]},{\"@type\":\"ImageObject\",\"inLanguage\":\"en-US\",\"@id\":\"https:\/\/formationdansetherapie.com\/product\/module-7-n2-j2-les-danses-latines-metis-danse\/#primaryimage\",\"url\":\"https:\/\/formationdansetherapie.com\/wp-content\/uploads\/2025\/05\/Module-7-n\u00b02-J2-Les-danses-latines-Metis-danse\u00a9.png\",\"contentUrl\":\"https:\/\/formationdansetherapie.com\/wp-content\/uploads\/2025\/05\/Module-7-n\u00b02-J2-Les-danses-latines-Metis-danse\u00a9.png\",\"width\":1080,\"height\":1350},{\"@type\":\"BreadcrumbList\",\"@id\":\"https:\/\/formationdansetherapie.com\/product\/module-7-n2-j2-les-danses-latines-metis-danse\/#breadcrumb\",\"itemListElement\":[{\"@type\":\"ListItem\",\"position\":1,\"name\":\"Home\",\"item\":\"https:\/\/formationdansetherapie.com\/\"},{\"@type\":\"ListItem\",\"position\":2,\"name\":\"Shop\",\"item\":\"https:\/\/formationdansetherapie.com\/shop\/\"},{\"@type\":\"ListItem\",\"position\":3,\"name\":\"Module 7 n\u00b02-J2 : Les danses latines &#8211; M\u00e9tis&#8217; danse\u00a9\"}]},{\"@type\":\"WebSite\",\"@id\":\"https:\/\/formationdansetherapie.com\/#website\",\"url\":\"https:\/\/formationdansetherapie.com\/\",\"name\":\"Per Se Nota | Danse th\u00e9rapie\",\"description\":\"Formation professionnelle danse th\u00e9rapie - professeur de danse th\u00e9rapie et danse th\u00e9rapeute\",\"potentialAction\":[{\"@type\":\"SearchAction\",\"target\":{\"@type\":\"EntryPoint\",\"urlTemplate\":\"https:\/\/formationdansetherapie.com\/?s={search_term_string}\"},\"query-input\":{\"@type\":\"PropertyValueSpecification\",\"valueRequired\":true,\"valueName\":\"search_term_string\"}}],\"inLanguage\":\"en-US\"}]}<\/script>\n<!-- \/ Yoast SEO Premium plugin. -->","yoast_head_json":{"title":"Module 7 n\u00b02-J2 : Les danses latines - M\u00e9tis' danse\u00a9 - Per Se Nota | Danse th\u00e9rapie","description":"Module 7 n\u00b02-J2 : Les danses latines - M\u00e9tis' danse\u00a9 - Per Se Nota | Danse th\u00e9rapie","robots":{"index":"index","follow":"follow","max-snippet":"max-snippet:-1","max-image-preview":"max-image-preview:large","max-video-preview":"max-video-preview:-1"},"canonical":"https:\/\/formationdansetherapie.com\/en\/product\/module-7-n2-j2-les-danses-latines-metis-danse\/","og_locale":"en_US","og_type":"article","og_title":"Module 7 n\u00b02-J2 : Les danses latines - M\u00e9tis' danse\u00a9","og_description":"Module 7 n\u00b02-J2 : Les danses latines - M\u00e9tis' danse\u00a9 - Per Se Nota | Danse th\u00e9rapie","og_url":"https:\/\/formationdansetherapie.com\/en\/product\/module-7-n2-j2-les-danses-latines-metis-danse\/","og_site_name":"Per Se Nota | Danse th\u00e9rapie","article_modified_time":"2025-07-27T20:19:56+00:00","og_image":[{"width":1080,"height":1350,"url":"https:\/\/formationdansetherapie.com\/wp-content\/uploads\/2025\/05\/Module-7-n\u00b02-J2-Les-danses-latines-Metis-danse\u00a9.png","type":"image\/png"}],"twitter_card":"summary_large_image","twitter_misc":{"Est. reading time":"2 minutes"},"schema":{"@context":"https:\/\/schema.org","@graph":[{"@type":"WebPage","@id":"https:\/\/formationdansetherapie.com\/product\/module-7-n2-j2-les-danses-latines-metis-danse\/","url":"https:\/\/formationdansetherapie.com\/product\/module-7-n2-j2-les-danses-latines-metis-danse\/","name":"Module 7 n\u00b02-J2 : Les danses latines - M\u00e9tis' danse\u00a9 - Per Se Nota | Danse th\u00e9rapie","isPartOf":{"@id":"https:\/\/formationdansetherapie.com\/#website"},"primaryImageOfPage":{"@id":"https:\/\/formationdansetherapie.com\/product\/module-7-n2-j2-les-danses-latines-metis-danse\/#primaryimage"},"image":{"@id":"https:\/\/formationdansetherapie.com\/product\/module-7-n2-j2-les-danses-latines-metis-danse\/#primaryimage"},"thumbnailUrl":"https:\/\/formationdansetherapie.com\/wp-content\/uploads\/2025\/05\/Module-7-n\u00b02-J2-Les-danses-latines-Metis-danse\u00a9.png","datePublished":"2025-07-26T21:32:05+00:00","dateModified":"2025-07-27T20:19:56+00:00","description":"Module 7 n\u00b02-J2 : Les danses latines - M\u00e9tis' danse\u00a9 - Per Se Nota | Danse th\u00e9rapie","breadcrumb":{"@id":"https:\/\/formationdansetherapie.com\/product\/module-7-n2-j2-les-danses-latines-metis-danse\/#breadcrumb"},"inLanguage":"en-US","potentialAction":[{"@type":"ReadAction","target":["https:\/\/formationdansetherapie.com\/product\/module-7-n2-j2-les-danses-latines-metis-danse\/"]}]},{"@type":"ImageObject","inLanguage":"en-US","@id":"https:\/\/formationdansetherapie.com\/product\/module-7-n2-j2-les-danses-latines-metis-danse\/#primaryimage","url":"https:\/\/formationdansetherapie.com\/wp-content\/uploads\/2025\/05\/Module-7-n\u00b02-J2-Les-danses-latines-Metis-danse\u00a9.png","contentUrl":"https:\/\/formationdansetherapie.com\/wp-content\/uploads\/2025\/05\/Module-7-n\u00b02-J2-Les-danses-latines-Metis-danse\u00a9.png","width":1080,"height":1350},{"@type":"BreadcrumbList","@id":"https:\/\/formationdansetherapie.com\/product\/module-7-n2-j2-les-danses-latines-metis-danse\/#breadcrumb","itemListElement":[{"@type":"ListItem","position":1,"name":"Home","item":"https:\/\/formationdansetherapie.com\/"},{"@type":"ListItem","position":2,"name":"Shop","item":"https:\/\/formationdansetherapie.com\/shop\/"},{"@type":"ListItem","position":3,"name":"Module 7 n\u00b02-J2 : Les danses latines &#8211; M\u00e9tis&#8217; danse\u00a9"}]},{"@type":"WebSite","@id":"https:\/\/formationdansetherapie.com\/#website","url":"https:\/\/formationdansetherapie.com\/","name":"Per Se Nota | Dance therapy","description":"Formation professionnelle danse th\u00e9rapie - professeur de danse th\u00e9rapie et danse th\u00e9rapeute","potentialAction":[{"@type":"SearchAction","target":{"@type":"EntryPoint","urlTemplate":"https:\/\/formationdansetherapie.com\/?s={search_term_string}"},"query-input":{"@type":"PropertyValueSpecification","valueRequired":true,"valueName":"search_term_string"}}],"inLanguage":"en-US"}]}},"_links":{"self":[{"href":"https:\/\/formationdansetherapie.com\/en\/wp-json\/wp\/v2\/product\/18149","targetHints":{"allow":["GET"]}}],"collection":[{"href":"https:\/\/formationdansetherapie.com\/en\/wp-json\/wp\/v2\/product"}],"about":[{"href":"https:\/\/formationdansetherapie.com\/en\/wp-json\/wp\/v2\/types\/product"}],"wp:featuredmedia":[{"embeddable":true,"href":"https:\/\/formationdansetherapie.com\/en\/wp-json\/wp\/v2\/media\/16595"}],"wp:attachment":[{"href":"https:\/\/formationdansetherapie.com\/en\/wp-json\/wp\/v2\/media?parent=18149"}],"wp:term":[{"taxonomy":"product_brand","embeddable":true,"href":"https:\/\/formationdansetherapie.com\/en\/wp-json\/wp\/v2\/product_brand?post=18149"},{"taxonomy":"product_cat","embeddable":true,"href":"https:\/\/formationdansetherapie.com\/en\/wp-json\/wp\/v2\/product_cat?post=18149"},{"taxonomy":"product_tag","embeddable":true,"href":"https:\/\/formationdansetherapie.com\/en\/wp-json\/wp\/v2\/product_tag?post=18149"}],"curies":[{"name":"wp","href":"https:\/\/api.w.org\/{rel}","templated":true}]}}