{"id":18146,"date":"2025-07-26T23:32:00","date_gmt":"2025-07-26T21:32:00","guid":{"rendered":"https:\/\/formationdansetherapie.com\/product\/module-7-n2-j1-les-danses-latines-metis-danse\/"},"modified":"2025-07-27T22:22:30","modified_gmt":"2025-07-27T20:22:30","slug":"module-7-n2-j1-les-danses-latines-metis-danse","status":"publish","type":"product","link":"https:\/\/formationdansetherapie.com\/en\/product\/module-7-n2-j1-les-danses-latines-metis-danse\/","title":{"rendered":"Module 7 n\u00b02-J1 : Les danses latines &#8211; M\u00e9tis&rsquo; danse\u00a9"},"content":{"rendered":"<style type=\"text\/css\"><\/style><p>La salsa, la rencontre avec l&rsquo;autre \u00e0 travers les antennes du c\u0153ur. Dans cet espace vibrant, le partage et la joie s&rsquo;entrelacent \u00e0 travers le corps et les mains, cr\u00e9ant une atmosph\u00e8re de connexion authentique. Chaque pas, chaque mouvement est une invitation \u00e0 la coordination et \u00e0 l&rsquo;expression, o\u00f9 le corps devient un moyen d&rsquo;\u00e9changer des \u00e9motions.<\/p>\n<p>La salsa explore ainsi le lien \u00e0 l&rsquo;autre dans toute sa force. Elle offre une v\u00e9ritable th\u00e9rapie par le mouvement, permettant \u00e0 chacun de s&rsquo;exprimer librement tout en d\u00e9couvrant la richesse de la relation humaine. Dans cette danse, chaque partenaire devient un miroir, refl\u00e9tant les \u00e9motions, les histoires et les \u00e9nergies de l&rsquo;autre, rendant chaque rencontre unique.<\/p>\n<p><b>Objectifs:<\/b><\/p>\n<p>&#8211; Approfondir les sp\u00e9cificit\u00e9s de la salsa, de la bachata et du cha-cha en explorant leurs dimensions gestuelles, rythmiques, \u00e9nerg\u00e9tiques et culturelles.<br \/>\n&#8211; \u00c9couter et analyser les playlists des danses latines pour affiner la perception des diff\u00e9rences rythmiques et mieux adapter le mouvement \u00e0 la musique.<br \/>\n&#8211; Exp\u00e9rimenter diff\u00e9rentes approches p\u00e9dagogiques pour structurer un cours en mettant en lumi\u00e8re les dynamiques du f\u00e9minin et du masculin dans la danse.<br \/>\n&#8211; Travailler l\u2019alternance entre guider et se laisser guider comme un moyen de d\u00e9velopper la confiance, la connexion et l\u2019expression des polarit\u00e9s dans le mouvement.<br \/>\n&#8211; Explorer les th\u00e8mes phares en lien avec l\u2019\u00e9nergie f\u00e9minine et masculine pour enrichir la compr\u00e9hension du r\u00f4le de chacun dans la danse et favoriser un dialogue corporel \u00e9quilibr\u00e9.<\/p>\n<p><b>Dates possibles:<\/b><\/p>\n<p><b>Date 1: <\/b>29-August-2025, <b>Horaire: <\/b>9h30-17h30<\/p>\n<p><b>Date 2: <\/b>25-May-2026, <b>Horaire: <\/b> 9h-17h<\/p>","protected":false},"excerpt":{"rendered":"<p>La salsa, la rencontre avec l&rsquo;autre \u00e0 travers les antennes du c\u0153ur. Dans cet espace vibrant, le partage et la joie s&rsquo;entrelacent \u00e0 travers le corps et les mains, cr\u00e9ant&#8230;<\/p>","protected":false},"featured_media":16594,"template":"","meta":{"_EventAllDay":false,"_EventTimezone":"","_EventStartDate":"","_EventEndDate":"","_EventStartDateUTC":"","_EventEndDateUTC":"","_EventShowMap":false,"_EventShowMapLink":false,"_EventURL":"","_EventCost":"","_EventCostDescription":"","_EventCurrencySymbol":"","_EventCurrencyCode":"","_EventCurrencyPosition":"","_EventDateTimeSeparator":"","_EventTimeRangeSeparator":"","_EventOrganizerID":[],"_EventVenueID":[],"_OrganizerEmail":"","_OrganizerPhone":"","_OrganizerWebsite":"","_VenueAddress":"","_VenueCity":"","_VenueCountry":"","_VenueProvince":"","_VenueState":"","_VenueZip":"","_VenuePhone":"","_VenueURL":"","_VenueStateProvince":"","_VenueLat":"","_VenueLng":"","_VenueShowMap":false,"_VenueShowMapLink":false},"product_brand":[],"product_cat":[333],"product_tag":[],"class_list":{"0":"post-18146","1":"product","2":"type-product","3":"status-publish","4":"has-post-thumbnail","6":"product_cat-workshop","8":"first","9":"instock","10":"shipping-taxable","11":"purchasable","12":"product-type-variable"},"yoast_head":"<!-- This site is optimized with the Yoast SEO Premium plugin v23.8 (Yoast SEO v27.0) - https:\/\/yoast.com\/product\/yoast-seo-premium-wordpress\/ -->\n<title>Module 7 n\u00b02-J1 : Les danses latines - M\u00e9tis&#039; danse\u00a9 - Per Se Nota | Danse th\u00e9rapie<\/title>\n<meta name=\"description\" content=\"Module 7 n\u00b02-J1 : Les danses latines - M\u00e9tis&#039; danse\u00a9 - Per Se Nota | Danse th\u00e9rapie\" \/>\n<meta name=\"robots\" content=\"index, follow, max-snippet:-1, max-image-preview:large, max-video-preview:-1\" \/>\n<link rel=\"canonical\" href=\"https:\/\/formationdansetherapie.com\/en\/product\/module-7-n2-j1-les-danses-latines-metis-danse\/\" \/>\n<meta property=\"og:locale\" content=\"en_US\" \/>\n<meta property=\"og:type\" content=\"article\" \/>\n<meta property=\"og:title\" content=\"Module 7 n\u00b02-J1 : Les danses latines - M\u00e9tis&#039; danse\u00a9\" \/>\n<meta property=\"og:description\" content=\"Module 7 n\u00b02-J1 : Les danses latines - M\u00e9tis&#039; danse\u00a9 - Per Se Nota | Danse th\u00e9rapie\" \/>\n<meta property=\"og:url\" content=\"https:\/\/formationdansetherapie.com\/en\/product\/module-7-n2-j1-les-danses-latines-metis-danse\/\" \/>\n<meta property=\"og:site_name\" content=\"Per Se Nota | Danse th\u00e9rapie\" \/>\n<meta property=\"article:modified_time\" content=\"2025-07-27T20:22:30+00:00\" \/>\n<meta property=\"og:image\" content=\"https:\/\/formationdansetherapie.com\/wp-content\/uploads\/2025\/05\/Module-7-n\u00b02-J1-Les-danses-latines-Metis-danse\u00a9.png\" \/>\n\t<meta property=\"og:image:width\" content=\"1080\" \/>\n\t<meta property=\"og:image:height\" content=\"1350\" \/>\n\t<meta property=\"og:image:type\" content=\"image\/png\" \/>\n<meta name=\"twitter:card\" content=\"summary_large_image\" \/>\n<meta name=\"twitter:label1\" content=\"Est. reading time\" \/>\n\t<meta name=\"twitter:data1\" content=\"2 minutes\" \/>\n<script type=\"application\/ld+json\" class=\"yoast-schema-graph\">{\"@context\":\"https:\/\/schema.org\",\"@graph\":[{\"@type\":\"WebPage\",\"@id\":\"https:\/\/formationdansetherapie.com\/product\/module-7-n2-j1-les-danses-latines-metis-danse\/\",\"url\":\"https:\/\/formationdansetherapie.com\/product\/module-7-n2-j1-les-danses-latines-metis-danse\/\",\"name\":\"Module 7 n\u00b02-J1 : Les danses latines - M\u00e9tis' danse\u00a9 - Per Se Nota | Danse th\u00e9rapie\",\"isPartOf\":{\"@id\":\"https:\/\/formationdansetherapie.com\/#website\"},\"primaryImageOfPage\":{\"@id\":\"https:\/\/formationdansetherapie.com\/product\/module-7-n2-j1-les-danses-latines-metis-danse\/#primaryimage\"},\"image\":{\"@id\":\"https:\/\/formationdansetherapie.com\/product\/module-7-n2-j1-les-danses-latines-metis-danse\/#primaryimage\"},\"thumbnailUrl\":\"https:\/\/formationdansetherapie.com\/wp-content\/uploads\/2025\/05\/Module-7-n\u00b02-J1-Les-danses-latines-Metis-danse\u00a9.png\",\"datePublished\":\"2025-07-26T21:32:00+00:00\",\"dateModified\":\"2025-07-27T20:22:30+00:00\",\"description\":\"Module 7 n\u00b02-J1 : Les danses latines - M\u00e9tis' danse\u00a9 - Per Se Nota | Danse th\u00e9rapie\",\"breadcrumb\":{\"@id\":\"https:\/\/formationdansetherapie.com\/product\/module-7-n2-j1-les-danses-latines-metis-danse\/#breadcrumb\"},\"inLanguage\":\"en-US\",\"potentialAction\":[{\"@type\":\"ReadAction\",\"target\":[\"https:\/\/formationdansetherapie.com\/product\/module-7-n2-j1-les-danses-latines-metis-danse\/\"]}]},{\"@type\":\"ImageObject\",\"inLanguage\":\"en-US\",\"@id\":\"https:\/\/formationdansetherapie.com\/product\/module-7-n2-j1-les-danses-latines-metis-danse\/#primaryimage\",\"url\":\"https:\/\/formationdansetherapie.com\/wp-content\/uploads\/2025\/05\/Module-7-n\u00b02-J1-Les-danses-latines-Metis-danse\u00a9.png\",\"contentUrl\":\"https:\/\/formationdansetherapie.com\/wp-content\/uploads\/2025\/05\/Module-7-n\u00b02-J1-Les-danses-latines-Metis-danse\u00a9.png\",\"width\":1080,\"height\":1350},{\"@type\":\"BreadcrumbList\",\"@id\":\"https:\/\/formationdansetherapie.com\/product\/module-7-n2-j1-les-danses-latines-metis-danse\/#breadcrumb\",\"itemListElement\":[{\"@type\":\"ListItem\",\"position\":1,\"name\":\"Home\",\"item\":\"https:\/\/formationdansetherapie.com\/\"},{\"@type\":\"ListItem\",\"position\":2,\"name\":\"Shop\",\"item\":\"https:\/\/formationdansetherapie.com\/shop\/\"},{\"@type\":\"ListItem\",\"position\":3,\"name\":\"Module 7 n\u00b02-J1 : Les danses latines &#8211; M\u00e9tis&#8217; danse\u00a9\"}]},{\"@type\":\"WebSite\",\"@id\":\"https:\/\/formationdansetherapie.com\/#website\",\"url\":\"https:\/\/formationdansetherapie.com\/\",\"name\":\"Per Se Nota | Danse th\u00e9rapie\",\"description\":\"Formation professionnelle danse th\u00e9rapie - professeur de danse th\u00e9rapie et danse th\u00e9rapeute\",\"potentialAction\":[{\"@type\":\"SearchAction\",\"target\":{\"@type\":\"EntryPoint\",\"urlTemplate\":\"https:\/\/formationdansetherapie.com\/?s={search_term_string}\"},\"query-input\":{\"@type\":\"PropertyValueSpecification\",\"valueRequired\":true,\"valueName\":\"search_term_string\"}}],\"inLanguage\":\"en-US\"}]}<\/script>\n<!-- \/ Yoast SEO Premium plugin. -->","yoast_head_json":{"title":"Module 7 n\u00b02-J1 : Les danses latines - M\u00e9tis' danse\u00a9 - Per Se Nota | Danse th\u00e9rapie","description":"Module 7 n\u00b02-J1 : Les danses latines - M\u00e9tis' danse\u00a9 - Per Se Nota | Danse th\u00e9rapie","robots":{"index":"index","follow":"follow","max-snippet":"max-snippet:-1","max-image-preview":"max-image-preview:large","max-video-preview":"max-video-preview:-1"},"canonical":"https:\/\/formationdansetherapie.com\/en\/product\/module-7-n2-j1-les-danses-latines-metis-danse\/","og_locale":"en_US","og_type":"article","og_title":"Module 7 n\u00b02-J1 : Les danses latines - M\u00e9tis' danse\u00a9","og_description":"Module 7 n\u00b02-J1 : Les danses latines - M\u00e9tis' danse\u00a9 - Per Se Nota | Danse th\u00e9rapie","og_url":"https:\/\/formationdansetherapie.com\/en\/product\/module-7-n2-j1-les-danses-latines-metis-danse\/","og_site_name":"Per Se Nota | Danse th\u00e9rapie","article_modified_time":"2025-07-27T20:22:30+00:00","og_image":[{"width":1080,"height":1350,"url":"https:\/\/formationdansetherapie.com\/wp-content\/uploads\/2025\/05\/Module-7-n\u00b02-J1-Les-danses-latines-Metis-danse\u00a9.png","type":"image\/png"}],"twitter_card":"summary_large_image","twitter_misc":{"Est. reading time":"2 minutes"},"schema":{"@context":"https:\/\/schema.org","@graph":[{"@type":"WebPage","@id":"https:\/\/formationdansetherapie.com\/product\/module-7-n2-j1-les-danses-latines-metis-danse\/","url":"https:\/\/formationdansetherapie.com\/product\/module-7-n2-j1-les-danses-latines-metis-danse\/","name":"Module 7 n\u00b02-J1 : Les danses latines - M\u00e9tis' danse\u00a9 - Per Se Nota | Danse th\u00e9rapie","isPartOf":{"@id":"https:\/\/formationdansetherapie.com\/#website"},"primaryImageOfPage":{"@id":"https:\/\/formationdansetherapie.com\/product\/module-7-n2-j1-les-danses-latines-metis-danse\/#primaryimage"},"image":{"@id":"https:\/\/formationdansetherapie.com\/product\/module-7-n2-j1-les-danses-latines-metis-danse\/#primaryimage"},"thumbnailUrl":"https:\/\/formationdansetherapie.com\/wp-content\/uploads\/2025\/05\/Module-7-n\u00b02-J1-Les-danses-latines-Metis-danse\u00a9.png","datePublished":"2025-07-26T21:32:00+00:00","dateModified":"2025-07-27T20:22:30+00:00","description":"Module 7 n\u00b02-J1 : Les danses latines - M\u00e9tis' danse\u00a9 - Per Se Nota | Danse th\u00e9rapie","breadcrumb":{"@id":"https:\/\/formationdansetherapie.com\/product\/module-7-n2-j1-les-danses-latines-metis-danse\/#breadcrumb"},"inLanguage":"en-US","potentialAction":[{"@type":"ReadAction","target":["https:\/\/formationdansetherapie.com\/product\/module-7-n2-j1-les-danses-latines-metis-danse\/"]}]},{"@type":"ImageObject","inLanguage":"en-US","@id":"https:\/\/formationdansetherapie.com\/product\/module-7-n2-j1-les-danses-latines-metis-danse\/#primaryimage","url":"https:\/\/formationdansetherapie.com\/wp-content\/uploads\/2025\/05\/Module-7-n\u00b02-J1-Les-danses-latines-Metis-danse\u00a9.png","contentUrl":"https:\/\/formationdansetherapie.com\/wp-content\/uploads\/2025\/05\/Module-7-n\u00b02-J1-Les-danses-latines-Metis-danse\u00a9.png","width":1080,"height":1350},{"@type":"BreadcrumbList","@id":"https:\/\/formationdansetherapie.com\/product\/module-7-n2-j1-les-danses-latines-metis-danse\/#breadcrumb","itemListElement":[{"@type":"ListItem","position":1,"name":"Home","item":"https:\/\/formationdansetherapie.com\/"},{"@type":"ListItem","position":2,"name":"Shop","item":"https:\/\/formationdansetherapie.com\/shop\/"},{"@type":"ListItem","position":3,"name":"Module 7 n\u00b02-J1 : Les danses latines &#8211; M\u00e9tis&#8217; danse\u00a9"}]},{"@type":"WebSite","@id":"https:\/\/formationdansetherapie.com\/#website","url":"https:\/\/formationdansetherapie.com\/","name":"Per Se Nota | Dance therapy","description":"Formation professionnelle danse th\u00e9rapie - professeur de danse th\u00e9rapie et danse th\u00e9rapeute","potentialAction":[{"@type":"SearchAction","target":{"@type":"EntryPoint","urlTemplate":"https:\/\/formationdansetherapie.com\/?s={search_term_string}"},"query-input":{"@type":"PropertyValueSpecification","valueRequired":true,"valueName":"search_term_string"}}],"inLanguage":"en-US"}]}},"_links":{"self":[{"href":"https:\/\/formationdansetherapie.com\/en\/wp-json\/wp\/v2\/product\/18146","targetHints":{"allow":["GET"]}}],"collection":[{"href":"https:\/\/formationdansetherapie.com\/en\/wp-json\/wp\/v2\/product"}],"about":[{"href":"https:\/\/formationdansetherapie.com\/en\/wp-json\/wp\/v2\/types\/product"}],"wp:featuredmedia":[{"embeddable":true,"href":"https:\/\/formationdansetherapie.com\/en\/wp-json\/wp\/v2\/media\/16594"}],"wp:attachment":[{"href":"https:\/\/formationdansetherapie.com\/en\/wp-json\/wp\/v2\/media?parent=18146"}],"wp:term":[{"taxonomy":"product_brand","embeddable":true,"href":"https:\/\/formationdansetherapie.com\/en\/wp-json\/wp\/v2\/product_brand?post=18146"},{"taxonomy":"product_cat","embeddable":true,"href":"https:\/\/formationdansetherapie.com\/en\/wp-json\/wp\/v2\/product_cat?post=18146"},{"taxonomy":"product_tag","embeddable":true,"href":"https:\/\/formationdansetherapie.com\/en\/wp-json\/wp\/v2\/product_tag?post=18146"}],"curies":[{"name":"wp","href":"https:\/\/api.w.org\/{rel}","templated":true}]}}