{"id":18134,"date":"2025-07-26T23:31:44","date_gmt":"2025-07-26T21:31:44","guid":{"rendered":"https:\/\/formationdansetherapie.com\/product\/module-17-pedagogie-les-niveaux-et-la-progression-dans-la-danse\/"},"modified":"2025-07-27T22:07:29","modified_gmt":"2025-07-27T20:07:29","slug":"module-17-pedagogie-les-niveaux-et-la-progression-dans-la-danse","status":"publish","type":"product","link":"https:\/\/formationdansetherapie.com\/en\/product\/module-17-pedagogie-les-niveaux-et-la-progression-dans-la-danse\/","title":{"rendered":"Module 17 : P\u00e9dagogie &#8211; Les niveaux et la progression dans la danse"},"content":{"rendered":"<style type=\"text\/css\"><\/style><p>La p\u00e9dagogie est un outil incroyable de transmission qui favorise la rencontre et le partage. Elle vise \u00e0 inspirer nos \u00e9l\u00e8ves, leur donnant l&rsquo;envie d&rsquo;aller plus loin dans leur apprentissage. La notion de progression est au c\u0153ur de ce Atelier, car elle nous invite \u00e0 structurer les \u00e9tapes d&rsquo;apprentissage de mani\u00e8re \u00e0 ce que chaque \u00e9l\u00e8ve puisse avancer \u00e0 son rythme. En adoptant une approche p\u00e9dagogique, nous les incitons \u00e0 explorer par eux-m\u00eames, \u00e0 poser des questions et \u00e0 d\u00e9velopper leur curiosit\u00e9. Cette d\u00e9marche active transforme le processus \u00e9ducatif en une aventure collaborative, o\u00f9 chaque \u00e9l\u00e8ve est encourag\u00e9 \u00e0 s&rsquo;engager pleinement dans sa propre qu\u00eate de connaissance et de compr\u00e9hension.<\/p>\n<p><b>Objectifs:<\/b><\/p>\n<p>&#8211; Pratiquer la m\u00e9ditation guid\u00e9e pour rencontrer son rapport avec le temps qui passe<br \/>\n&#8211; Exp\u00e9rimenter la danse-th\u00e9rapie comme un outil de rencontre \u00e0 soi et son corps dans le processus de la progression.<br \/>\n&#8211; Explorer les diff\u00e9rentes progressions physiques, \u00e9motionnelle et le rapport qu&rsquo;on a avec son corps qui avance et se transforme<br \/>\n&#8211; Approfondir la p\u00e9dagogie en adaptant les m\u00e9thodes d\u2019enseignement aux besoins des \u00e9l\u00e8ves et aux objectifs des s\u00e9ances en prennant en compte le concept de tous niveaux<br \/>\n&#8211; Mettre en situation les participants et utiliser les jeux de r\u00f4le pour affiner sa posture , la gestion de groupe et la transmission des savoirs.<\/p>\n<p><b>Dates possibles:<\/b><\/p>\n<p><b>Date 1: <\/b>29-November-2025, <b>Horaire: <\/b>9h30-17h30<\/p>\n<p><b>Date 2: <\/b>14-November-2026, <b>Horaire: <\/b> 9h30-17h30<\/p>","protected":false},"excerpt":{"rendered":"<p>La p\u00e9dagogie est un outil incroyable de transmission qui favorise la rencontre et le partage. Elle vise \u00e0 inspirer nos \u00e9l\u00e8ves, leur donnant l&rsquo;envie d&rsquo;aller plus loin dans leur apprentissage&#8230;.<\/p>","protected":false},"featured_media":16608,"template":"","meta":{"_EventAllDay":false,"_EventTimezone":"","_EventStartDate":"","_EventEndDate":"","_EventStartDateUTC":"","_EventEndDateUTC":"","_EventShowMap":false,"_EventShowMapLink":false,"_EventURL":"","_EventCost":"","_EventCostDescription":"","_EventCurrencySymbol":"","_EventCurrencyCode":"","_EventCurrencyPosition":"","_EventDateTimeSeparator":"","_EventTimeRangeSeparator":"","_EventOrganizerID":[],"_EventVenueID":[],"_OrganizerEmail":"","_OrganizerPhone":"","_OrganizerWebsite":"","_VenueAddress":"","_VenueCity":"","_VenueCountry":"","_VenueProvince":"","_VenueState":"","_VenueZip":"","_VenuePhone":"","_VenueURL":"","_VenueStateProvince":"","_VenueLat":"","_VenueLng":"","_VenueShowMap":false,"_VenueShowMapLink":false},"product_brand":[],"product_cat":[333],"product_tag":[],"class_list":{"0":"post-18134","1":"product","2":"type-product","3":"status-publish","4":"has-post-thumbnail","6":"product_cat-workshop","8":"first","9":"instock","10":"shipping-taxable","11":"purchasable","12":"product-type-variable"},"yoast_head":"<!-- This site is optimized with the Yoast SEO Premium plugin v23.8 (Yoast SEO v27.0) - https:\/\/yoast.com\/product\/yoast-seo-premium-wordpress\/ -->\n<title>Module 17 : P\u00e9dagogie - Les niveaux et la progression dans la danse - Per Se Nota | Danse th\u00e9rapie<\/title>\n<meta name=\"description\" content=\"Module 17 : P\u00e9dagogie - Les niveaux et la progression dans la danse - Per Se Nota | Danse th\u00e9rapie\" \/>\n<meta name=\"robots\" content=\"index, follow, max-snippet:-1, max-image-preview:large, max-video-preview:-1\" \/>\n<link rel=\"canonical\" href=\"https:\/\/formationdansetherapie.com\/en\/product\/module-17-pedagogie-les-niveaux-et-la-progression-dans-la-danse\/\" \/>\n<meta property=\"og:locale\" content=\"en_US\" \/>\n<meta property=\"og:type\" content=\"article\" \/>\n<meta property=\"og:title\" content=\"Module 17 : P\u00e9dagogie - Les niveaux et la progression dans la danse\" \/>\n<meta property=\"og:description\" content=\"Module 17 : P\u00e9dagogie - Les niveaux et la progression dans la danse - Per Se Nota | Danse th\u00e9rapie\" \/>\n<meta property=\"og:url\" content=\"https:\/\/formationdansetherapie.com\/en\/product\/module-17-pedagogie-les-niveaux-et-la-progression-dans-la-danse\/\" \/>\n<meta property=\"og:site_name\" content=\"Per Se Nota | Danse th\u00e9rapie\" \/>\n<meta property=\"article:modified_time\" content=\"2025-07-27T20:07:29+00:00\" \/>\n<meta property=\"og:image\" content=\"https:\/\/formationdansetherapie.com\/wp-content\/uploads\/2025\/05\/Module-17-Pedagogie-Les-niveaux-et-la-progression-dans-la-danse.png\" \/>\n\t<meta property=\"og:image:width\" content=\"1080\" \/>\n\t<meta property=\"og:image:height\" content=\"1350\" \/>\n\t<meta property=\"og:image:type\" content=\"image\/png\" \/>\n<meta name=\"twitter:card\" content=\"summary_large_image\" \/>\n<meta name=\"twitter:label1\" content=\"Est. reading time\" \/>\n\t<meta name=\"twitter:data1\" content=\"2 minutes\" \/>\n<script type=\"application\/ld+json\" class=\"yoast-schema-graph\">{\"@context\":\"https:\/\/schema.org\",\"@graph\":[{\"@type\":\"WebPage\",\"@id\":\"https:\/\/formationdansetherapie.com\/product\/module-17-pedagogie-les-niveaux-et-la-progression-dans-la-danse\/\",\"url\":\"https:\/\/formationdansetherapie.com\/product\/module-17-pedagogie-les-niveaux-et-la-progression-dans-la-danse\/\",\"name\":\"Module 17 : P\u00e9dagogie - Les niveaux et la progression dans la danse - Per Se Nota | Danse th\u00e9rapie\",\"isPartOf\":{\"@id\":\"https:\/\/formationdansetherapie.com\/#website\"},\"primaryImageOfPage\":{\"@id\":\"https:\/\/formationdansetherapie.com\/product\/module-17-pedagogie-les-niveaux-et-la-progression-dans-la-danse\/#primaryimage\"},\"image\":{\"@id\":\"https:\/\/formationdansetherapie.com\/product\/module-17-pedagogie-les-niveaux-et-la-progression-dans-la-danse\/#primaryimage\"},\"thumbnailUrl\":\"https:\/\/formationdansetherapie.com\/wp-content\/uploads\/2025\/05\/Module-17-Pedagogie-Les-niveaux-et-la-progression-dans-la-danse.png\",\"datePublished\":\"2025-07-26T21:31:44+00:00\",\"dateModified\":\"2025-07-27T20:07:29+00:00\",\"description\":\"Module 17 : P\u00e9dagogie - Les niveaux et la progression dans la danse - Per Se Nota | Danse th\u00e9rapie\",\"breadcrumb\":{\"@id\":\"https:\/\/formationdansetherapie.com\/product\/module-17-pedagogie-les-niveaux-et-la-progression-dans-la-danse\/#breadcrumb\"},\"inLanguage\":\"en-US\",\"potentialAction\":[{\"@type\":\"ReadAction\",\"target\":[\"https:\/\/formationdansetherapie.com\/product\/module-17-pedagogie-les-niveaux-et-la-progression-dans-la-danse\/\"]}]},{\"@type\":\"ImageObject\",\"inLanguage\":\"en-US\",\"@id\":\"https:\/\/formationdansetherapie.com\/product\/module-17-pedagogie-les-niveaux-et-la-progression-dans-la-danse\/#primaryimage\",\"url\":\"https:\/\/formationdansetherapie.com\/wp-content\/uploads\/2025\/05\/Module-17-Pedagogie-Les-niveaux-et-la-progression-dans-la-danse.png\",\"contentUrl\":\"https:\/\/formationdansetherapie.com\/wp-content\/uploads\/2025\/05\/Module-17-Pedagogie-Les-niveaux-et-la-progression-dans-la-danse.png\",\"width\":1080,\"height\":1350},{\"@type\":\"BreadcrumbList\",\"@id\":\"https:\/\/formationdansetherapie.com\/product\/module-17-pedagogie-les-niveaux-et-la-progression-dans-la-danse\/#breadcrumb\",\"itemListElement\":[{\"@type\":\"ListItem\",\"position\":1,\"name\":\"Home\",\"item\":\"https:\/\/formationdansetherapie.com\/\"},{\"@type\":\"ListItem\",\"position\":2,\"name\":\"Shop\",\"item\":\"https:\/\/formationdansetherapie.com\/shop\/\"},{\"@type\":\"ListItem\",\"position\":3,\"name\":\"Module 17 : P\u00e9dagogie &#8211; Les niveaux et la progression dans la danse\"}]},{\"@type\":\"WebSite\",\"@id\":\"https:\/\/formationdansetherapie.com\/#website\",\"url\":\"https:\/\/formationdansetherapie.com\/\",\"name\":\"Per Se Nota | Danse th\u00e9rapie\",\"description\":\"Formation professionnelle danse th\u00e9rapie - professeur de danse th\u00e9rapie et danse th\u00e9rapeute\",\"potentialAction\":[{\"@type\":\"SearchAction\",\"target\":{\"@type\":\"EntryPoint\",\"urlTemplate\":\"https:\/\/formationdansetherapie.com\/?s={search_term_string}\"},\"query-input\":{\"@type\":\"PropertyValueSpecification\",\"valueRequired\":true,\"valueName\":\"search_term_string\"}}],\"inLanguage\":\"en-US\"}]}<\/script>\n<!-- \/ Yoast SEO Premium plugin. -->","yoast_head_json":{"title":"Module 17 : P\u00e9dagogie - Les niveaux et la progression dans la danse - Per Se Nota | Danse th\u00e9rapie","description":"Module 17 : P\u00e9dagogie - Les niveaux et la progression dans la danse - Per Se Nota | Danse th\u00e9rapie","robots":{"index":"index","follow":"follow","max-snippet":"max-snippet:-1","max-image-preview":"max-image-preview:large","max-video-preview":"max-video-preview:-1"},"canonical":"https:\/\/formationdansetherapie.com\/en\/product\/module-17-pedagogie-les-niveaux-et-la-progression-dans-la-danse\/","og_locale":"en_US","og_type":"article","og_title":"Module 17 : P\u00e9dagogie - Les niveaux et la progression dans la danse","og_description":"Module 17 : P\u00e9dagogie - Les niveaux et la progression dans la danse - Per Se Nota | Danse th\u00e9rapie","og_url":"https:\/\/formationdansetherapie.com\/en\/product\/module-17-pedagogie-les-niveaux-et-la-progression-dans-la-danse\/","og_site_name":"Per Se Nota | Danse th\u00e9rapie","article_modified_time":"2025-07-27T20:07:29+00:00","og_image":[{"width":1080,"height":1350,"url":"https:\/\/formationdansetherapie.com\/wp-content\/uploads\/2025\/05\/Module-17-Pedagogie-Les-niveaux-et-la-progression-dans-la-danse.png","type":"image\/png"}],"twitter_card":"summary_large_image","twitter_misc":{"Est. reading time":"2 minutes"},"schema":{"@context":"https:\/\/schema.org","@graph":[{"@type":"WebPage","@id":"https:\/\/formationdansetherapie.com\/product\/module-17-pedagogie-les-niveaux-et-la-progression-dans-la-danse\/","url":"https:\/\/formationdansetherapie.com\/product\/module-17-pedagogie-les-niveaux-et-la-progression-dans-la-danse\/","name":"Module 17 : P\u00e9dagogie - Les niveaux et la progression dans la danse - Per Se Nota | Danse th\u00e9rapie","isPartOf":{"@id":"https:\/\/formationdansetherapie.com\/#website"},"primaryImageOfPage":{"@id":"https:\/\/formationdansetherapie.com\/product\/module-17-pedagogie-les-niveaux-et-la-progression-dans-la-danse\/#primaryimage"},"image":{"@id":"https:\/\/formationdansetherapie.com\/product\/module-17-pedagogie-les-niveaux-et-la-progression-dans-la-danse\/#primaryimage"},"thumbnailUrl":"https:\/\/formationdansetherapie.com\/wp-content\/uploads\/2025\/05\/Module-17-Pedagogie-Les-niveaux-et-la-progression-dans-la-danse.png","datePublished":"2025-07-26T21:31:44+00:00","dateModified":"2025-07-27T20:07:29+00:00","description":"Module 17 : P\u00e9dagogie - Les niveaux et la progression dans la danse - Per Se Nota | Danse th\u00e9rapie","breadcrumb":{"@id":"https:\/\/formationdansetherapie.com\/product\/module-17-pedagogie-les-niveaux-et-la-progression-dans-la-danse\/#breadcrumb"},"inLanguage":"en-US","potentialAction":[{"@type":"ReadAction","target":["https:\/\/formationdansetherapie.com\/product\/module-17-pedagogie-les-niveaux-et-la-progression-dans-la-danse\/"]}]},{"@type":"ImageObject","inLanguage":"en-US","@id":"https:\/\/formationdansetherapie.com\/product\/module-17-pedagogie-les-niveaux-et-la-progression-dans-la-danse\/#primaryimage","url":"https:\/\/formationdansetherapie.com\/wp-content\/uploads\/2025\/05\/Module-17-Pedagogie-Les-niveaux-et-la-progression-dans-la-danse.png","contentUrl":"https:\/\/formationdansetherapie.com\/wp-content\/uploads\/2025\/05\/Module-17-Pedagogie-Les-niveaux-et-la-progression-dans-la-danse.png","width":1080,"height":1350},{"@type":"BreadcrumbList","@id":"https:\/\/formationdansetherapie.com\/product\/module-17-pedagogie-les-niveaux-et-la-progression-dans-la-danse\/#breadcrumb","itemListElement":[{"@type":"ListItem","position":1,"name":"Home","item":"https:\/\/formationdansetherapie.com\/"},{"@type":"ListItem","position":2,"name":"Shop","item":"https:\/\/formationdansetherapie.com\/shop\/"},{"@type":"ListItem","position":3,"name":"Module 17 : P\u00e9dagogie &#8211; Les niveaux et la progression dans la danse"}]},{"@type":"WebSite","@id":"https:\/\/formationdansetherapie.com\/#website","url":"https:\/\/formationdansetherapie.com\/","name":"Per Se Nota | Dance therapy","description":"Formation professionnelle danse th\u00e9rapie - professeur de danse th\u00e9rapie et danse th\u00e9rapeute","potentialAction":[{"@type":"SearchAction","target":{"@type":"EntryPoint","urlTemplate":"https:\/\/formationdansetherapie.com\/?s={search_term_string}"},"query-input":{"@type":"PropertyValueSpecification","valueRequired":true,"valueName":"search_term_string"}}],"inLanguage":"en-US"}]}},"_links":{"self":[{"href":"https:\/\/formationdansetherapie.com\/en\/wp-json\/wp\/v2\/product\/18134","targetHints":{"allow":["GET"]}}],"collection":[{"href":"https:\/\/formationdansetherapie.com\/en\/wp-json\/wp\/v2\/product"}],"about":[{"href":"https:\/\/formationdansetherapie.com\/en\/wp-json\/wp\/v2\/types\/product"}],"wp:featuredmedia":[{"embeddable":true,"href":"https:\/\/formationdansetherapie.com\/en\/wp-json\/wp\/v2\/media\/16608"}],"wp:attachment":[{"href":"https:\/\/formationdansetherapie.com\/en\/wp-json\/wp\/v2\/media?parent=18134"}],"wp:term":[{"taxonomy":"product_brand","embeddable":true,"href":"https:\/\/formationdansetherapie.com\/en\/wp-json\/wp\/v2\/product_brand?post=18134"},{"taxonomy":"product_cat","embeddable":true,"href":"https:\/\/formationdansetherapie.com\/en\/wp-json\/wp\/v2\/product_cat?post=18134"},{"taxonomy":"product_tag","embeddable":true,"href":"https:\/\/formationdansetherapie.com\/en\/wp-json\/wp\/v2\/product_tag?post=18134"}],"curies":[{"name":"wp","href":"https:\/\/api.w.org\/{rel}","templated":true}]}}