{"id":18131,"date":"2025-07-26T23:31:41","date_gmt":"2025-07-26T21:31:41","guid":{"rendered":"https:\/\/formationdansetherapie.com\/product\/module-15-pedagogie-les-autres-publics\/"},"modified":"2025-07-27T21:56:03","modified_gmt":"2025-07-27T19:56:03","slug":"module-15-pedagogie-les-autres-publics","status":"publish","type":"product","link":"https:\/\/formationdansetherapie.com\/en\/product\/module-15-pedagogie-les-autres-publics\/","title":{"rendered":"Module 15 : P\u00e9dagogie &#8211; Les autres publics"},"content":{"rendered":"<style type=\"text\/css\"><\/style><p>Cet atelier invite chacun \u00e0 revisiter et explorer sa propre adolescence \u00e0 travers le corps et le mouvement.<br \/>\nEn s\u2019appuyant sur des musiques, des souvenirs et des \u00e9motions li\u00e9s \u00e0 cette p\u00e9riode charni\u00e8re, il devient un espace d\u2019expression, de transformation et de r\u00e9paration.<br \/>\nLa danse aide \u00e0 retrouver la voix de l\u2019adolescent int\u00e9rieur, \u00e0 affirmer sa singularit\u00e9, et \u00e0 transformer ce v\u00e9cu en force cr\u00e9ative.<br \/>\nUn chemin corporel pour renouer avec soi, gagner en confiance et poser un regard apais\u00e9 sur ce passage de vie.<\/p>\n<p><b>Objectifs:<\/b><\/p>\n<p>&#8211; Explorer l\u2019expression corporelle dans son histoire, \u00e0 travers son enfance et adolescence pour mieux comprendre et exprimer ses \u00e9motions.<br \/>\n&#8211; Incarner des moment de sa vie \u00e0 travers des jeux de r\u00f4le.<br \/>\n&#8211; Explorer la base des diff\u00e9rentes danses du m\u00e9tis\u2019danse\u00a9, pour d\u00e9velopper coordination, rythme et cr\u00e9ativit\u00e9.<br \/>\n&#8211; Pratiquer des exercices de relaxation adapt\u00e9s \u00e0 l\u2019\u00e2ge des jeunes, afin de favoriser le calme int\u00e9rieur et la concentration.<br \/>\n&#8211; Vivre la danse th\u00e9rapie comme un espace de rencontre \u00e0 sa propre enfance<\/p>\n<p><b>Dates possibles:<\/b><\/p>\n<p><b>Date 1: <\/b>02-December-2025, <b>Horaire: <\/b>9h-16h30<\/p>\n<p><b>Date 2: <\/b>17-November-2026, <b>Horaire: <\/b> 9h-16h30<\/p>","protected":false},"excerpt":{"rendered":"<p>Cet atelier invite chacun \u00e0 revisiter et explorer sa propre adolescence \u00e0 travers le corps et le mouvement. En s\u2019appuyant sur des musiques, des souvenirs et des \u00e9motions li\u00e9s \u00e0&#8230;<\/p>","protected":false},"featured_media":16606,"template":"","meta":{"_EventAllDay":false,"_EventTimezone":"","_EventStartDate":"","_EventEndDate":"","_EventStartDateUTC":"","_EventEndDateUTC":"","_EventShowMap":false,"_EventShowMapLink":false,"_EventURL":"","_EventCost":"","_EventCostDescription":"","_EventCurrencySymbol":"","_EventCurrencyCode":"","_EventCurrencyPosition":"","_EventDateTimeSeparator":"","_EventTimeRangeSeparator":"","_EventOrganizerID":[],"_EventVenueID":[],"_OrganizerEmail":"","_OrganizerPhone":"","_OrganizerWebsite":"","_VenueAddress":"","_VenueCity":"","_VenueCountry":"","_VenueProvince":"","_VenueState":"","_VenueZip":"","_VenuePhone":"","_VenueURL":"","_VenueStateProvince":"","_VenueLat":"","_VenueLng":"","_VenueShowMap":false,"_VenueShowMapLink":false},"product_brand":[],"product_cat":[333],"product_tag":[],"class_list":{"0":"post-18131","1":"product","2":"type-product","3":"status-publish","4":"has-post-thumbnail","6":"product_cat-workshop","8":"first","9":"instock","10":"shipping-taxable","11":"purchasable","12":"product-type-variable"},"yoast_head":"<!-- This site is optimized with the Yoast SEO Premium plugin v23.8 (Yoast SEO v27.0) - https:\/\/yoast.com\/product\/yoast-seo-premium-wordpress\/ -->\n<title>Module 15 : P\u00e9dagogie - Les autres publics - Per Se Nota | Danse th\u00e9rapie<\/title>\n<meta name=\"description\" content=\"Module 15 : P\u00e9dagogie - Les autres publics - Per Se Nota | Danse th\u00e9rapie\" \/>\n<meta name=\"robots\" content=\"index, follow, max-snippet:-1, max-image-preview:large, max-video-preview:-1\" \/>\n<link rel=\"canonical\" href=\"https:\/\/formationdansetherapie.com\/en\/product\/module-15-pedagogie-les-autres-publics\/\" \/>\n<meta property=\"og:locale\" content=\"en_US\" \/>\n<meta property=\"og:type\" content=\"article\" \/>\n<meta property=\"og:title\" content=\"Module 15 : P\u00e9dagogie - Les autres publics\" \/>\n<meta property=\"og:description\" content=\"Module 15 : P\u00e9dagogie - Les autres publics - Per Se Nota | Danse th\u00e9rapie\" \/>\n<meta property=\"og:url\" content=\"https:\/\/formationdansetherapie.com\/en\/product\/module-15-pedagogie-les-autres-publics\/\" \/>\n<meta property=\"og:site_name\" content=\"Per Se Nota | Danse th\u00e9rapie\" \/>\n<meta property=\"article:modified_time\" content=\"2025-07-27T19:56:03+00:00\" \/>\n<meta property=\"og:image\" content=\"https:\/\/formationdansetherapie.com\/wp-content\/uploads\/2025\/05\/Module-15-Pedagogie-Les-autres-publics.png\" \/>\n\t<meta property=\"og:image:width\" content=\"1080\" \/>\n\t<meta property=\"og:image:height\" content=\"1350\" \/>\n\t<meta property=\"og:image:type\" content=\"image\/png\" \/>\n<meta name=\"twitter:card\" content=\"summary_large_image\" \/>\n<meta name=\"twitter:label1\" content=\"Est. reading time\" \/>\n\t<meta name=\"twitter:data1\" content=\"1 minute\" \/>\n<script type=\"application\/ld+json\" class=\"yoast-schema-graph\">{\"@context\":\"https:\/\/schema.org\",\"@graph\":[{\"@type\":\"WebPage\",\"@id\":\"https:\/\/formationdansetherapie.com\/product\/module-15-pedagogie-les-autres-publics\/\",\"url\":\"https:\/\/formationdansetherapie.com\/product\/module-15-pedagogie-les-autres-publics\/\",\"name\":\"Module 15 : P\u00e9dagogie - Les autres publics - Per Se Nota | Danse th\u00e9rapie\",\"isPartOf\":{\"@id\":\"https:\/\/formationdansetherapie.com\/#website\"},\"primaryImageOfPage\":{\"@id\":\"https:\/\/formationdansetherapie.com\/product\/module-15-pedagogie-les-autres-publics\/#primaryimage\"},\"image\":{\"@id\":\"https:\/\/formationdansetherapie.com\/product\/module-15-pedagogie-les-autres-publics\/#primaryimage\"},\"thumbnailUrl\":\"https:\/\/formationdansetherapie.com\/wp-content\/uploads\/2025\/05\/Module-15-Pedagogie-Les-autres-publics.png\",\"datePublished\":\"2025-07-26T21:31:41+00:00\",\"dateModified\":\"2025-07-27T19:56:03+00:00\",\"description\":\"Module 15 : P\u00e9dagogie - Les autres publics - Per Se Nota | Danse th\u00e9rapie\",\"breadcrumb\":{\"@id\":\"https:\/\/formationdansetherapie.com\/product\/module-15-pedagogie-les-autres-publics\/#breadcrumb\"},\"inLanguage\":\"en-US\",\"potentialAction\":[{\"@type\":\"ReadAction\",\"target\":[\"https:\/\/formationdansetherapie.com\/product\/module-15-pedagogie-les-autres-publics\/\"]}]},{\"@type\":\"ImageObject\",\"inLanguage\":\"en-US\",\"@id\":\"https:\/\/formationdansetherapie.com\/product\/module-15-pedagogie-les-autres-publics\/#primaryimage\",\"url\":\"https:\/\/formationdansetherapie.com\/wp-content\/uploads\/2025\/05\/Module-15-Pedagogie-Les-autres-publics.png\",\"contentUrl\":\"https:\/\/formationdansetherapie.com\/wp-content\/uploads\/2025\/05\/Module-15-Pedagogie-Les-autres-publics.png\",\"width\":1080,\"height\":1350},{\"@type\":\"BreadcrumbList\",\"@id\":\"https:\/\/formationdansetherapie.com\/product\/module-15-pedagogie-les-autres-publics\/#breadcrumb\",\"itemListElement\":[{\"@type\":\"ListItem\",\"position\":1,\"name\":\"Home\",\"item\":\"https:\/\/formationdansetherapie.com\/\"},{\"@type\":\"ListItem\",\"position\":2,\"name\":\"Shop\",\"item\":\"https:\/\/formationdansetherapie.com\/shop\/\"},{\"@type\":\"ListItem\",\"position\":3,\"name\":\"Module 15 : P\u00e9dagogie &#8211; Les autres publics\"}]},{\"@type\":\"WebSite\",\"@id\":\"https:\/\/formationdansetherapie.com\/#website\",\"url\":\"https:\/\/formationdansetherapie.com\/\",\"name\":\"Per Se Nota | Danse th\u00e9rapie\",\"description\":\"Formation professionnelle danse th\u00e9rapie - professeur de danse th\u00e9rapie et danse th\u00e9rapeute\",\"potentialAction\":[{\"@type\":\"SearchAction\",\"target\":{\"@type\":\"EntryPoint\",\"urlTemplate\":\"https:\/\/formationdansetherapie.com\/?s={search_term_string}\"},\"query-input\":{\"@type\":\"PropertyValueSpecification\",\"valueRequired\":true,\"valueName\":\"search_term_string\"}}],\"inLanguage\":\"en-US\"}]}<\/script>\n<!-- \/ Yoast SEO Premium plugin. -->","yoast_head_json":{"title":"Module 15 : P\u00e9dagogie - Les autres publics - Per Se Nota | Danse th\u00e9rapie","description":"Module 15 : P\u00e9dagogie - Les autres publics - Per Se Nota | Danse th\u00e9rapie","robots":{"index":"index","follow":"follow","max-snippet":"max-snippet:-1","max-image-preview":"max-image-preview:large","max-video-preview":"max-video-preview:-1"},"canonical":"https:\/\/formationdansetherapie.com\/en\/product\/module-15-pedagogie-les-autres-publics\/","og_locale":"en_US","og_type":"article","og_title":"Module 15 : P\u00e9dagogie - Les autres publics","og_description":"Module 15 : P\u00e9dagogie - Les autres publics - Per Se Nota | Danse th\u00e9rapie","og_url":"https:\/\/formationdansetherapie.com\/en\/product\/module-15-pedagogie-les-autres-publics\/","og_site_name":"Per Se Nota | Danse th\u00e9rapie","article_modified_time":"2025-07-27T19:56:03+00:00","og_image":[{"width":1080,"height":1350,"url":"https:\/\/formationdansetherapie.com\/wp-content\/uploads\/2025\/05\/Module-15-Pedagogie-Les-autres-publics.png","type":"image\/png"}],"twitter_card":"summary_large_image","twitter_misc":{"Est. reading time":"1 minute"},"schema":{"@context":"https:\/\/schema.org","@graph":[{"@type":"WebPage","@id":"https:\/\/formationdansetherapie.com\/product\/module-15-pedagogie-les-autres-publics\/","url":"https:\/\/formationdansetherapie.com\/product\/module-15-pedagogie-les-autres-publics\/","name":"Module 15 : P\u00e9dagogie - Les autres publics - Per Se Nota | Danse th\u00e9rapie","isPartOf":{"@id":"https:\/\/formationdansetherapie.com\/#website"},"primaryImageOfPage":{"@id":"https:\/\/formationdansetherapie.com\/product\/module-15-pedagogie-les-autres-publics\/#primaryimage"},"image":{"@id":"https:\/\/formationdansetherapie.com\/product\/module-15-pedagogie-les-autres-publics\/#primaryimage"},"thumbnailUrl":"https:\/\/formationdansetherapie.com\/wp-content\/uploads\/2025\/05\/Module-15-Pedagogie-Les-autres-publics.png","datePublished":"2025-07-26T21:31:41+00:00","dateModified":"2025-07-27T19:56:03+00:00","description":"Module 15 : P\u00e9dagogie - Les autres publics - Per Se Nota | Danse th\u00e9rapie","breadcrumb":{"@id":"https:\/\/formationdansetherapie.com\/product\/module-15-pedagogie-les-autres-publics\/#breadcrumb"},"inLanguage":"en-US","potentialAction":[{"@type":"ReadAction","target":["https:\/\/formationdansetherapie.com\/product\/module-15-pedagogie-les-autres-publics\/"]}]},{"@type":"ImageObject","inLanguage":"en-US","@id":"https:\/\/formationdansetherapie.com\/product\/module-15-pedagogie-les-autres-publics\/#primaryimage","url":"https:\/\/formationdansetherapie.com\/wp-content\/uploads\/2025\/05\/Module-15-Pedagogie-Les-autres-publics.png","contentUrl":"https:\/\/formationdansetherapie.com\/wp-content\/uploads\/2025\/05\/Module-15-Pedagogie-Les-autres-publics.png","width":1080,"height":1350},{"@type":"BreadcrumbList","@id":"https:\/\/formationdansetherapie.com\/product\/module-15-pedagogie-les-autres-publics\/#breadcrumb","itemListElement":[{"@type":"ListItem","position":1,"name":"Home","item":"https:\/\/formationdansetherapie.com\/"},{"@type":"ListItem","position":2,"name":"Shop","item":"https:\/\/formationdansetherapie.com\/shop\/"},{"@type":"ListItem","position":3,"name":"Module 15 : P\u00e9dagogie &#8211; Les autres publics"}]},{"@type":"WebSite","@id":"https:\/\/formationdansetherapie.com\/#website","url":"https:\/\/formationdansetherapie.com\/","name":"Per Se Nota | Dance therapy","description":"Formation professionnelle danse th\u00e9rapie - professeur de danse th\u00e9rapie et danse th\u00e9rapeute","potentialAction":[{"@type":"SearchAction","target":{"@type":"EntryPoint","urlTemplate":"https:\/\/formationdansetherapie.com\/?s={search_term_string}"},"query-input":{"@type":"PropertyValueSpecification","valueRequired":true,"valueName":"search_term_string"}}],"inLanguage":"en-US"}]}},"_links":{"self":[{"href":"https:\/\/formationdansetherapie.com\/en\/wp-json\/wp\/v2\/product\/18131","targetHints":{"allow":["GET"]}}],"collection":[{"href":"https:\/\/formationdansetherapie.com\/en\/wp-json\/wp\/v2\/product"}],"about":[{"href":"https:\/\/formationdansetherapie.com\/en\/wp-json\/wp\/v2\/types\/product"}],"wp:featuredmedia":[{"embeddable":true,"href":"https:\/\/formationdansetherapie.com\/en\/wp-json\/wp\/v2\/media\/16606"}],"wp:attachment":[{"href":"https:\/\/formationdansetherapie.com\/en\/wp-json\/wp\/v2\/media?parent=18131"}],"wp:term":[{"taxonomy":"product_brand","embeddable":true,"href":"https:\/\/formationdansetherapie.com\/en\/wp-json\/wp\/v2\/product_brand?post=18131"},{"taxonomy":"product_cat","embeddable":true,"href":"https:\/\/formationdansetherapie.com\/en\/wp-json\/wp\/v2\/product_cat?post=18131"},{"taxonomy":"product_tag","embeddable":true,"href":"https:\/\/formationdansetherapie.com\/en\/wp-json\/wp\/v2\/product_tag?post=18131"}],"curies":[{"name":"wp","href":"https:\/\/api.w.org\/{rel}","templated":true}]}}