{"id":18128,"date":"2025-07-26T23:31:36","date_gmt":"2025-07-26T21:31:36","guid":{"rendered":"https:\/\/formationdansetherapie.com\/product\/module-16-specificite-du-public-senior\/"},"modified":"2025-07-27T21:51:33","modified_gmt":"2025-07-27T19:51:33","slug":"module-16-specificite-du-public-senior","status":"publish","type":"product","link":"https:\/\/formationdansetherapie.com\/en\/product\/module-16-specificite-du-public-senior\/","title":{"rendered":"Module 16 : Sp\u00e9cificit\u00e9 du public s\u00e9nior"},"content":{"rendered":"<style type=\"text\/css\"><\/style><p>Faire danser les seniors est une exp\u00e9rience magique, tant pour eux que pour nous. Cela nous permet d&rsquo;observer \u00e0 quel point le corps poss\u00e8de des ressources, m\u00eame dans les moments difficiles o\u00f9 il peut perdre ses moyens. La danse devient alors un moyen de retrouver la joie de l&rsquo;instant pr\u00e9sent, ravivant la mentalit\u00e9 de l&rsquo;enfance. En se mouvant au rythme de la musique, les seniors renouent avec des \u00e9motions oubli\u00e9es et retrouvent une l\u00e9g\u00e8ret\u00e9 d&rsquo;\u00eatre. Cette exp\u00e9rience enrichissante cr\u00e9e des liens interg\u00e9n\u00e9rationnels et apporte un souffle de vitalit\u00e9, rappelant \u00e0 chacun la beaut\u00e9 du mouvement et de la connexion humaine.<\/p>\n<p><b>Objectifs:<\/b><\/p>\n<p>-Apprendre \u00e0 Stimuler les ressources corporelles : Encourager les seniors \u00e0 se reconnecter \u00e0 leur corps, m\u00eame fragilis\u00e9.<br \/>\n-Creer l&rsquo;espace pour Retrouver la joie de l\u2019instant pr\u00e9sent : Revenir au plaisir simple de bouger et de ressentir<br \/>\n-R\u00e9veiller \u00e9motions et souvenirs : Favoriser l\u2019\u00e9mergence d\u2019\u00e9motions positives par le mouvement.<br \/>\n-Cr\u00e9er du lien social et interg\u00e9n\u00e9rationnel : Tisser des connexions humaines par la danse.<br \/>\n-Apporter un souffle de vitalit\u00e9 : Ramener de l\u2019\u00e9lan, de la l\u00e9g\u00e8ret\u00e9 et de la beaut\u00e9 dans le quotidien.<\/p>\n<p><b>Dates possibles:<\/b><\/p>\n<p><b>Date 1: <\/b>01-December-2025, <b>Horaire: <\/b>9h-17h<\/p>\n<p><b>Date 2: <\/b>16-November-2026, <b>Horaire: <\/b> 9h-17h<\/p>","protected":false},"excerpt":{"rendered":"<p>Faire danser les seniors est une exp\u00e9rience magique, tant pour eux que pour nous. Cela nous permet d&rsquo;observer \u00e0 quel point le corps poss\u00e8de des ressources, m\u00eame dans les moments&#8230;<\/p>","protected":false},"featured_media":16607,"template":"","meta":{"_EventAllDay":false,"_EventTimezone":"","_EventStartDate":"","_EventEndDate":"","_EventStartDateUTC":"","_EventEndDateUTC":"","_EventShowMap":false,"_EventShowMapLink":false,"_EventURL":"","_EventCost":"","_EventCostDescription":"","_EventCurrencySymbol":"","_EventCurrencyCode":"","_EventCurrencyPosition":"","_EventDateTimeSeparator":"","_EventTimeRangeSeparator":"","_EventOrganizerID":[],"_EventVenueID":[],"_OrganizerEmail":"","_OrganizerPhone":"","_OrganizerWebsite":"","_VenueAddress":"","_VenueCity":"","_VenueCountry":"","_VenueProvince":"","_VenueState":"","_VenueZip":"","_VenuePhone":"","_VenueURL":"","_VenueStateProvince":"","_VenueLat":"","_VenueLng":"","_VenueShowMap":false,"_VenueShowMapLink":false},"product_brand":[],"product_cat":[333],"product_tag":[],"class_list":{"0":"post-18128","1":"product","2":"type-product","3":"status-publish","4":"has-post-thumbnail","6":"product_cat-workshop","8":"first","9":"instock","10":"shipping-taxable","11":"purchasable","12":"product-type-variable"},"yoast_head":"<!-- This site is optimized with the Yoast SEO Premium plugin v23.8 (Yoast SEO v27.0) - https:\/\/yoast.com\/product\/yoast-seo-premium-wordpress\/ -->\n<title>Module 16 : Sp\u00e9cificit\u00e9 du public s\u00e9nior - Per Se Nota | Danse th\u00e9rapie<\/title>\n<meta name=\"description\" content=\"Module 16 : Sp\u00e9cificit\u00e9 du public s\u00e9nior - Per Se Nota | Danse th\u00e9rapie\" \/>\n<meta name=\"robots\" content=\"index, follow, max-snippet:-1, max-image-preview:large, max-video-preview:-1\" \/>\n<link rel=\"canonical\" href=\"https:\/\/formationdansetherapie.com\/en\/product\/module-16-specificite-du-public-senior\/\" \/>\n<meta property=\"og:locale\" content=\"en_US\" \/>\n<meta property=\"og:type\" content=\"article\" \/>\n<meta property=\"og:title\" content=\"Module 16 : Sp\u00e9cificit\u00e9 du public s\u00e9nior\" \/>\n<meta property=\"og:description\" content=\"Module 16 : Sp\u00e9cificit\u00e9 du public s\u00e9nior - Per Se Nota | Danse th\u00e9rapie\" \/>\n<meta property=\"og:url\" content=\"https:\/\/formationdansetherapie.com\/en\/product\/module-16-specificite-du-public-senior\/\" \/>\n<meta property=\"og:site_name\" content=\"Per Se Nota | Danse th\u00e9rapie\" \/>\n<meta property=\"article:modified_time\" content=\"2025-07-27T19:51:33+00:00\" \/>\n<meta property=\"og:image\" content=\"https:\/\/formationdansetherapie.com\/wp-content\/uploads\/2025\/05\/Module-16-Specificite-du-public-senior.png\" \/>\n\t<meta property=\"og:image:width\" content=\"1080\" \/>\n\t<meta property=\"og:image:height\" content=\"1350\" \/>\n\t<meta property=\"og:image:type\" content=\"image\/png\" \/>\n<meta name=\"twitter:card\" content=\"summary_large_image\" \/>\n<meta name=\"twitter:label1\" content=\"Est. reading time\" \/>\n\t<meta name=\"twitter:data1\" content=\"2 minutes\" \/>\n<script type=\"application\/ld+json\" class=\"yoast-schema-graph\">{\"@context\":\"https:\/\/schema.org\",\"@graph\":[{\"@type\":\"WebPage\",\"@id\":\"https:\/\/formationdansetherapie.com\/product\/module-16-specificite-du-public-senior\/\",\"url\":\"https:\/\/formationdansetherapie.com\/product\/module-16-specificite-du-public-senior\/\",\"name\":\"Module 16 : Sp\u00e9cificit\u00e9 du public s\u00e9nior - Per Se Nota | Danse th\u00e9rapie\",\"isPartOf\":{\"@id\":\"https:\/\/formationdansetherapie.com\/#website\"},\"primaryImageOfPage\":{\"@id\":\"https:\/\/formationdansetherapie.com\/product\/module-16-specificite-du-public-senior\/#primaryimage\"},\"image\":{\"@id\":\"https:\/\/formationdansetherapie.com\/product\/module-16-specificite-du-public-senior\/#primaryimage\"},\"thumbnailUrl\":\"https:\/\/formationdansetherapie.com\/wp-content\/uploads\/2025\/05\/Module-16-Specificite-du-public-senior.png\",\"datePublished\":\"2025-07-26T21:31:36+00:00\",\"dateModified\":\"2025-07-27T19:51:33+00:00\",\"description\":\"Module 16 : Sp\u00e9cificit\u00e9 du public s\u00e9nior - Per Se Nota | Danse th\u00e9rapie\",\"breadcrumb\":{\"@id\":\"https:\/\/formationdansetherapie.com\/product\/module-16-specificite-du-public-senior\/#breadcrumb\"},\"inLanguage\":\"en-US\",\"potentialAction\":[{\"@type\":\"ReadAction\",\"target\":[\"https:\/\/formationdansetherapie.com\/product\/module-16-specificite-du-public-senior\/\"]}]},{\"@type\":\"ImageObject\",\"inLanguage\":\"en-US\",\"@id\":\"https:\/\/formationdansetherapie.com\/product\/module-16-specificite-du-public-senior\/#primaryimage\",\"url\":\"https:\/\/formationdansetherapie.com\/wp-content\/uploads\/2025\/05\/Module-16-Specificite-du-public-senior.png\",\"contentUrl\":\"https:\/\/formationdansetherapie.com\/wp-content\/uploads\/2025\/05\/Module-16-Specificite-du-public-senior.png\",\"width\":1080,\"height\":1350},{\"@type\":\"BreadcrumbList\",\"@id\":\"https:\/\/formationdansetherapie.com\/product\/module-16-specificite-du-public-senior\/#breadcrumb\",\"itemListElement\":[{\"@type\":\"ListItem\",\"position\":1,\"name\":\"Home\",\"item\":\"https:\/\/formationdansetherapie.com\/\"},{\"@type\":\"ListItem\",\"position\":2,\"name\":\"Shop\",\"item\":\"https:\/\/formationdansetherapie.com\/shop\/\"},{\"@type\":\"ListItem\",\"position\":3,\"name\":\"Module 16 : Sp\u00e9cificit\u00e9 du public s\u00e9nior\"}]},{\"@type\":\"WebSite\",\"@id\":\"https:\/\/formationdansetherapie.com\/#website\",\"url\":\"https:\/\/formationdansetherapie.com\/\",\"name\":\"Per Se Nota | Danse th\u00e9rapie\",\"description\":\"Formation professionnelle danse th\u00e9rapie - professeur de danse th\u00e9rapie et danse th\u00e9rapeute\",\"potentialAction\":[{\"@type\":\"SearchAction\",\"target\":{\"@type\":\"EntryPoint\",\"urlTemplate\":\"https:\/\/formationdansetherapie.com\/?s={search_term_string}\"},\"query-input\":{\"@type\":\"PropertyValueSpecification\",\"valueRequired\":true,\"valueName\":\"search_term_string\"}}],\"inLanguage\":\"en-US\"}]}<\/script>\n<!-- \/ Yoast SEO Premium plugin. -->","yoast_head_json":{"title":"Module 16 : Sp\u00e9cificit\u00e9 du public s\u00e9nior - Per Se Nota | Danse th\u00e9rapie","description":"Module 16 : Sp\u00e9cificit\u00e9 du public s\u00e9nior - Per Se Nota | Danse th\u00e9rapie","robots":{"index":"index","follow":"follow","max-snippet":"max-snippet:-1","max-image-preview":"max-image-preview:large","max-video-preview":"max-video-preview:-1"},"canonical":"https:\/\/formationdansetherapie.com\/en\/product\/module-16-specificite-du-public-senior\/","og_locale":"en_US","og_type":"article","og_title":"Module 16 : Sp\u00e9cificit\u00e9 du public s\u00e9nior","og_description":"Module 16 : Sp\u00e9cificit\u00e9 du public s\u00e9nior - Per Se Nota | Danse th\u00e9rapie","og_url":"https:\/\/formationdansetherapie.com\/en\/product\/module-16-specificite-du-public-senior\/","og_site_name":"Per Se Nota | Danse th\u00e9rapie","article_modified_time":"2025-07-27T19:51:33+00:00","og_image":[{"width":1080,"height":1350,"url":"https:\/\/formationdansetherapie.com\/wp-content\/uploads\/2025\/05\/Module-16-Specificite-du-public-senior.png","type":"image\/png"}],"twitter_card":"summary_large_image","twitter_misc":{"Est. reading time":"2 minutes"},"schema":{"@context":"https:\/\/schema.org","@graph":[{"@type":"WebPage","@id":"https:\/\/formationdansetherapie.com\/product\/module-16-specificite-du-public-senior\/","url":"https:\/\/formationdansetherapie.com\/product\/module-16-specificite-du-public-senior\/","name":"Module 16 : Sp\u00e9cificit\u00e9 du public s\u00e9nior - Per Se Nota | Danse th\u00e9rapie","isPartOf":{"@id":"https:\/\/formationdansetherapie.com\/#website"},"primaryImageOfPage":{"@id":"https:\/\/formationdansetherapie.com\/product\/module-16-specificite-du-public-senior\/#primaryimage"},"image":{"@id":"https:\/\/formationdansetherapie.com\/product\/module-16-specificite-du-public-senior\/#primaryimage"},"thumbnailUrl":"https:\/\/formationdansetherapie.com\/wp-content\/uploads\/2025\/05\/Module-16-Specificite-du-public-senior.png","datePublished":"2025-07-26T21:31:36+00:00","dateModified":"2025-07-27T19:51:33+00:00","description":"Module 16 : Sp\u00e9cificit\u00e9 du public s\u00e9nior - Per Se Nota | Danse th\u00e9rapie","breadcrumb":{"@id":"https:\/\/formationdansetherapie.com\/product\/module-16-specificite-du-public-senior\/#breadcrumb"},"inLanguage":"en-US","potentialAction":[{"@type":"ReadAction","target":["https:\/\/formationdansetherapie.com\/product\/module-16-specificite-du-public-senior\/"]}]},{"@type":"ImageObject","inLanguage":"en-US","@id":"https:\/\/formationdansetherapie.com\/product\/module-16-specificite-du-public-senior\/#primaryimage","url":"https:\/\/formationdansetherapie.com\/wp-content\/uploads\/2025\/05\/Module-16-Specificite-du-public-senior.png","contentUrl":"https:\/\/formationdansetherapie.com\/wp-content\/uploads\/2025\/05\/Module-16-Specificite-du-public-senior.png","width":1080,"height":1350},{"@type":"BreadcrumbList","@id":"https:\/\/formationdansetherapie.com\/product\/module-16-specificite-du-public-senior\/#breadcrumb","itemListElement":[{"@type":"ListItem","position":1,"name":"Home","item":"https:\/\/formationdansetherapie.com\/"},{"@type":"ListItem","position":2,"name":"Shop","item":"https:\/\/formationdansetherapie.com\/shop\/"},{"@type":"ListItem","position":3,"name":"Module 16 : Sp\u00e9cificit\u00e9 du public s\u00e9nior"}]},{"@type":"WebSite","@id":"https:\/\/formationdansetherapie.com\/#website","url":"https:\/\/formationdansetherapie.com\/","name":"Per Se Nota | Dance therapy","description":"Formation professionnelle danse th\u00e9rapie - professeur de danse th\u00e9rapie et danse th\u00e9rapeute","potentialAction":[{"@type":"SearchAction","target":{"@type":"EntryPoint","urlTemplate":"https:\/\/formationdansetherapie.com\/?s={search_term_string}"},"query-input":{"@type":"PropertyValueSpecification","valueRequired":true,"valueName":"search_term_string"}}],"inLanguage":"en-US"}]}},"_links":{"self":[{"href":"https:\/\/formationdansetherapie.com\/en\/wp-json\/wp\/v2\/product\/18128","targetHints":{"allow":["GET"]}}],"collection":[{"href":"https:\/\/formationdansetherapie.com\/en\/wp-json\/wp\/v2\/product"}],"about":[{"href":"https:\/\/formationdansetherapie.com\/en\/wp-json\/wp\/v2\/types\/product"}],"wp:featuredmedia":[{"embeddable":true,"href":"https:\/\/formationdansetherapie.com\/en\/wp-json\/wp\/v2\/media\/16607"}],"wp:attachment":[{"href":"https:\/\/formationdansetherapie.com\/en\/wp-json\/wp\/v2\/media?parent=18128"}],"wp:term":[{"taxonomy":"product_brand","embeddable":true,"href":"https:\/\/formationdansetherapie.com\/en\/wp-json\/wp\/v2\/product_brand?post=18128"},{"taxonomy":"product_cat","embeddable":true,"href":"https:\/\/formationdansetherapie.com\/en\/wp-json\/wp\/v2\/product_cat?post=18128"},{"taxonomy":"product_tag","embeddable":true,"href":"https:\/\/formationdansetherapie.com\/en\/wp-json\/wp\/v2\/product_tag?post=18128"}],"curies":[{"name":"wp","href":"https:\/\/api.w.org\/{rel}","templated":true}]}}