{"id":9395,"date":"2020-10-28T01:04:03","date_gmt":"2020-10-28T00:04:03","guid":{"rendered":"http:\/\/formationdansetherapie.com\/?page_id=9395"},"modified":"2026-03-20T14:42:59","modified_gmt":"2026-03-20T13:42:59","slug":"inscriptions-session-danse-therapie-pour-formation","status":"publish","type":"page","link":"https:\/\/formationdansetherapie.com\/en\/inscriptions-session-danse-therapie-pour-formation\/","title":{"rendered":"Inscription portes ouvertes formation danse th\u00e9rapie"},"content":{"rendered":"<style type=\"text\/css\"> \n#cmsmasters_row_69e1eafdde00e2_17488782 .cmsmasters_row_outer_parent { \n\tpadding-top: 0px; \n} \n\n#cmsmasters_row_69e1eafdde00e2_17488782 .cmsmasters_row_outer_parent { \n\tpadding-bottom: 0px; \n} \n\n#cmsmasters_row_69e1eafdde00e2_17488782 .cmsmasters_row_inner.cmsmasters_row_fullwidth { \n\tpadding-left:0%; \n} \n#cmsmasters_row_69e1eafdde00e2_17488782 .cmsmasters_row_inner.cmsmasters_row_fullwidth { \n\tpadding-right:0%; \n} \n \n#cmsmasters_heading_69e1eafdde2e40_28251375 { \n\ttext-align:center; \n\tmargin-top:0px; \n\tmargin-bottom:30px; \n} \n\n#cmsmasters_heading_69e1eafdde2e40_28251375 .cmsmasters_heading { \n\ttext-align:center; \n\tbackground-color:#ed6247;\n\tpadding-left:1em; \n\tpadding-right:1em; \n} \n\n#cmsmasters_heading_69e1eafdde2e40_28251375 .cmsmasters_heading, #cmsmasters_heading_69e1eafdde2e40_28251375 .cmsmasters_heading a { \n\tfont-size:40px; \n\tline-height:52px; \n\tfont-weight:400; \n\tfont-style:normal; \n\tcolor:#ffffff;\n} \n\n#cmsmasters_heading_69e1eafdde2e40_28251375 .cmsmasters_heading_divider { \n} \n\n \n#cmsmasters_heading_69e1eafdde4fe6_20923387 { \n\ttext-align:center; \n\tmargin-top:0px; \n\tmargin-bottom:30px; \n} \n\n#cmsmasters_heading_69e1eafdde4fe6_20923387 .cmsmasters_heading { \n\ttext-align:center; \n\tbackground-color:#ed6247;\n\tpadding-left:1em; \n\tpadding-right:1em; \n} \n\n#cmsmasters_heading_69e1eafdde4fe6_20923387 .cmsmasters_heading, #cmsmasters_heading_69e1eafdde4fe6_20923387 .cmsmasters_heading a { \n\tfont-size:40px; \n\tline-height:52px; \n\tfont-weight:400; \n\tfont-style:normal; \n\tcolor:#ffffff;\n} \n\n#cmsmasters_heading_69e1eafdde4fe6_20923387 .cmsmasters_heading_divider { \n} \n\n \n#cmsmasters_row_69e1eafdde5824_59559000 .cmsmasters_row_outer_parent { \n\tpadding-top: 0px; \n} \n\n#cmsmasters_row_69e1eafdde5824_59559000 .cmsmasters_row_outer_parent { \n\tpadding-bottom: 50px; \n} \n\n<\/style><div id=\"cmsmasters_row_69e1eafdde00e2_17488782\" class=\"cmsmasters_row cmsmasters_color_scheme_default cmsmasters_row_top_default cmsmasters_row_bot_default cmsmasters_row_fullwidth\">\n<div class=\"cmsmasters_row_outer_parent\">\n<div class=\"cmsmasters_row_outer\">\n<div class=\"cmsmasters_row_inner cmsmasters_row_fullwidth\">\n<div class=\"cmsmasters_row_margin\">\n<div class=\"cmsmasters_column one_half\">\n\n<div id=\"cmsmasters_heading_69e1eafdde2e40_28251375\" class=\"cmsmasters_heading_wrap cmsmasters_heading_align_center\">\n\t<h4 class=\"cmsmasters_heading\">S&rsquo;inscrire aux portes ouvertes<\/h4>\n<\/div><div class=\"cmsmasters_text\">\n<p>&nbsp;<\/p>\n<p><span style=\"background-color: #ff6600; color: #ffffff;\"><strong>Pour participer \u00e0 une session de danse th\u00e9rapie suivie d&rsquo;explications sur notre offre de formation et d&rsquo;ateliers,<\/strong><\/span><\/p>\n<p><span style=\"color: #333333;\">il vous suffit d&rsquo;envoyer un mail \u00e0<a style=\"color: #333333;\" href=\"mailto:paralasalsa@gmail.com\" target=\"_blank\" rel=\"noopener\"> paralasalsa@gmail.com <\/a>avec votre nom, pr\u00e9nom, t\u00e9l\u00e9phone et la date de la session choisie.<\/span><\/p>\n<\/div>\n<div class=\"cmsmasters_text\">\n<h3><span style=\"color: #000000;\">Dates de nos prochaines sessions<\/span><span style=\"color: #000000;\"><b> en 2026 :<\/b><\/span><b><\/b><\/h3>\n<ul>\n<li><strong>Mardi 10 f\u00e9vrier de 14h30 \u00e0 16h30<\/strong><\/li>\n<li><strong>Mardi 24 mars de 14h30 \u00e0 16h30<\/strong><\/li>\n<li><strong>Mardi 12 mai de 14h30 \u00e0 16h30<\/strong><\/li>\n<\/ul>\n<p><span style=\"font-weight: 400;\">Lieu : Dans le studio de<\/span><a href=\"https:\/\/paralasalsa.com\/\"> <span style=\"font-weight: 400;\">our dance school<\/span><\/a><span style=\"font-weight: 400;\"> au 8 rue de Bi\u00e8vre 75005 <\/span><span style=\"font-weight: 400;\">Paris. <\/span><\/p>\n<p><span style=\"font-weight: 400;\">En savoir plus sur <a href=\"https:\/\/formationdansetherapie.com\/en\/portes-ouvertes\/\" target=\"_blank\" rel=\"noopener\">nos portes ouvertes.<\/a><\/span><\/p>\n<\/div>\n<\/div>\n<div class=\"cmsmasters_column one_half\">\n\n<div id=\"cmsmasters_heading_69e1eafdde4fe6_20923387\" class=\"cmsmasters_heading_wrap cmsmasters_heading_align_center\">\n\t<h4 class=\"cmsmasters_heading\">Acheter un cours de danse th\u00e9rapie<\/h4>\n<\/div><div class=\"cmsmasters_text\">\n<p>&nbsp;<\/p>\n<h4><span style=\"background-color: #ff6600; color: #ffffff;\"><strong>Pour participer \u00e0 un cours d\u00e9couverte de danse th\u00e9rapie de 1h30 au tarif de 20\u20ac<\/strong><\/span><\/h4>\n<p><span style=\"color: #000000;\">Les cours r\u00e9guliers ont lieu le mercredi soir de 19h30 \u00e0 21h en dehors des vacances scolaires.<\/span><\/p>\n<p><span style=\"color: #000000;\">Envoyez un mail \u00e0 paralasalsa@gmail.com avec votre nom, pr\u00e9nom, t\u00e9l\u00e9phone et la date \u00e0 laquelle vous souhaitez participer.\u00a0<\/span><\/p>\n<p><span style=\"font-weight: 400;\">Lieu : Dans la salle de Bi\u00e8vre de<\/span><a href=\"https:\/\/paralasalsa.com\/\"> <span style=\"font-weight: 400;\">our dance school<\/span><\/a><span style=\"font-weight: 400;\"> au 8 rue de Bi\u00e8vre 75005 <\/span><span style=\"font-weight: 400;\">Paris. <\/span><\/p>\n<div style=\"display: none;\">\n<p>paralasalsa@gmail.com avec votre nom pr\u00e9nom t\u00e9l\u00e9phone et la date du cours choisi. Les cours ont lieu le mercredi soir de 19h30 \u00e0 21h e<br \/>\nmercredi soir de 19h30 \u00e0 21h en dehors des vacances scolaire<\/p>\n<h3>Inscription session de danse th\u00e9rapie<\/h3>\n<\/div>\n<\/div>\n<div class=\"cmsmasters_text\">\n<p><strong>Pour le r\u00e8glement du cours d\u00e9couverte<\/strong> :<\/p>\n<p>Vous trouverez un lien d&rsquo;inscription sur <a href=\"https:\/\/www.helloasso.com\/associations\/para-la-salsa\/adhesions\/danse-therapie-du-mercredi\">HelloAsso<\/a><\/p>\n<p>Vous pouvez \u00e9galement r\u00e9gler directement sur place, aupr\u00e8s du professeur.<\/p>\n<div style=\"display: none;\">Inscription session de danse th\u00e9rapie<\/div>\n<\/div>\n<\/div>\n<\/div>\n<\/div>\n<\/div>\n<\/div>\n<\/div>\n<div id=\"cmsmasters_row_69e1eafdde5824_59559000\" class=\"cmsmasters_row cmsmasters_color_scheme_default cmsmasters_row_top_default cmsmasters_row_bot_default cmsmasters_row_boxed\">\n<div class=\"cmsmasters_row_outer_parent\">\n<div class=\"cmsmasters_row_outer\">\n<div class=\"cmsmasters_row_inner\">\n<div class=\"cmsmasters_row_margin\">\n<div class=\"cmsmasters_column one_first\">\n<div class=\"aligncenter\">\n<div class=\"cmsmasters_img  cmsmasters_image_c\">\n<a href=\"https:\/\/formationdansetherapie.com\/wp-content\/uploads\/2024\/10\/Danse-therapie-Formation-Per-se-Nota1-scaled.jpg\"><img decoding=\"async\" src=\"https:\/\/formationdansetherapie.com\/wp-content\/uploads\/2024\/10\/Danse-therapie-Formation-Per-se-Nota1-1024x683.jpg\" \/><\/a>\n<\/div>\n<\/div>\n<\/div>\n<\/div>\n<\/div>\n<\/div>\n<\/div>\n<\/div>","protected":false},"excerpt":{"rendered":"","protected":false},"author":1,"featured_media":14432,"parent":0,"menu_order":0,"comment_status":"closed","ping_status":"closed","template":"","meta":{"_EventAllDay":false,"_EventTimezone":"","_EventStartDate":"","_EventEndDate":"","_EventStartDateUTC":"","_EventEndDateUTC":"","_EventShowMap":false,"_EventShowMapLink":false,"_EventURL":"","_EventCost":"","_EventCostDescription":"","_EventCurrencySymbol":"","_EventCurrencyCode":"","_EventCurrencyPosition":"","_EventDateTimeSeparator":"","_EventTimeRangeSeparator":"","_EventOrganizerID":[],"_EventVenueID":[],"_OrganizerEmail":"","_OrganizerPhone":"","_OrganizerWebsite":"","_VenueAddress":"","_VenueCity":"","_VenueCountry":"","_VenueProvince":"","_VenueState":"","_VenueZip":"","_VenuePhone":"","_VenueURL":"","_VenueStateProvince":"","_VenueLat":"","_VenueLng":"","_VenueShowMap":false,"_VenueShowMapLink":false,"footnotes":""},"tags":[],"class_list":["post-9395","page","type-page","status-publish","has-post-thumbnail","hentry"],"yoast_head":"<!-- This site is optimized with the Yoast SEO Premium plugin v23.8 (Yoast SEO v27.0) - https:\/\/yoast.com\/product\/yoast-seo-premium-wordpress\/ -->\n<title>Inscription session de danse th\u00e9rapie - Per Se Nota | Danse th\u00e9rapie<\/title>\n<meta name=\"description\" content=\"Venez \u00e0 une prochaine Inscription session de danse th\u00e9rapie portes ouvertes pour d\u00e9couvrir notre approche de la danse th\u00e9rapie et notre formation.\" \/>\n<meta name=\"robots\" content=\"index, follow, max-snippet:-1, max-image-preview:large, max-video-preview:-1\" \/>\n<link rel=\"canonical\" href=\"https:\/\/formationdansetherapie.com\/en\/inscriptions-session-danse-therapie-pour-formation\/\" \/>\n<meta property=\"og:locale\" content=\"en_US\" \/>\n<meta property=\"og:type\" content=\"article\" \/>\n<meta property=\"og:title\" content=\"Inscription portes ouvertes formation danse th\u00e9rapie\" \/>\n<meta property=\"og:description\" content=\"Venez \u00e0 une prochaine Inscription session de danse th\u00e9rapie portes ouvertes pour d\u00e9couvrir notre approche de la danse th\u00e9rapie et notre formation.\" \/>\n<meta property=\"og:url\" content=\"https:\/\/formationdansetherapie.com\/en\/inscriptions-session-danse-therapie-pour-formation\/\" \/>\n<meta property=\"og:site_name\" content=\"Per Se Nota | Danse th\u00e9rapie\" \/>\n<meta property=\"article:modified_time\" content=\"2026-03-20T13:42:59+00:00\" \/>\n<meta property=\"og:image\" content=\"https:\/\/formationdansetherapie.com\/wp-content\/uploads\/2024\/10\/Danse-therapie-Formation-Per-se-Nota1-scaled.jpg\" \/>\n\t<meta property=\"og:image:width\" content=\"2560\" \/>\n\t<meta property=\"og:image:height\" content=\"1707\" \/>\n\t<meta property=\"og:image:type\" content=\"image\/jpeg\" \/>\n<meta name=\"twitter:card\" content=\"summary_large_image\" \/>\n<meta name=\"twitter:label1\" content=\"Est. reading time\" \/>\n\t<meta name=\"twitter:data1\" content=\"2 minutes\" \/>\n<script type=\"application\/ld+json\" class=\"yoast-schema-graph\">{\"@context\":\"https:\/\/schema.org\",\"@graph\":[{\"@type\":\"WebPage\",\"@id\":\"https:\/\/formationdansetherapie.com\/inscriptions-session-danse-therapie-pour-formation\/\",\"url\":\"https:\/\/formationdansetherapie.com\/inscriptions-session-danse-therapie-pour-formation\/\",\"name\":\"Inscription session de danse th\u00e9rapie - Per Se Nota | Danse th\u00e9rapie\",\"isPartOf\":{\"@id\":\"https:\/\/formationdansetherapie.com\/#website\"},\"primaryImageOfPage\":{\"@id\":\"https:\/\/formationdansetherapie.com\/inscriptions-session-danse-therapie-pour-formation\/#primaryimage\"},\"image\":{\"@id\":\"https:\/\/formationdansetherapie.com\/inscriptions-session-danse-therapie-pour-formation\/#primaryimage\"},\"thumbnailUrl\":\"https:\/\/formationdansetherapie.com\/wp-content\/uploads\/2024\/10\/Danse-therapie-Formation-Per-se-Nota1-scaled.jpg\",\"datePublished\":\"2020-10-28T00:04:03+00:00\",\"dateModified\":\"2026-03-20T13:42:59+00:00\",\"description\":\"Venez \u00e0 une prochaine Inscription session de danse th\u00e9rapie portes ouvertes pour d\u00e9couvrir notre approche de la danse th\u00e9rapie et notre formation.\",\"breadcrumb\":{\"@id\":\"https:\/\/formationdansetherapie.com\/inscriptions-session-danse-therapie-pour-formation\/#breadcrumb\"},\"inLanguage\":\"en-US\",\"potentialAction\":[{\"@type\":\"ReadAction\",\"target\":[\"https:\/\/formationdansetherapie.com\/inscriptions-session-danse-therapie-pour-formation\/\"]}]},{\"@type\":\"ImageObject\",\"inLanguage\":\"en-US\",\"@id\":\"https:\/\/formationdansetherapie.com\/inscriptions-session-danse-therapie-pour-formation\/#primaryimage\",\"url\":\"https:\/\/formationdansetherapie.com\/wp-content\/uploads\/2024\/10\/Danse-therapie-Formation-Per-se-Nota1-scaled.jpg\",\"contentUrl\":\"https:\/\/formationdansetherapie.com\/wp-content\/uploads\/2024\/10\/Danse-therapie-Formation-Per-se-Nota1-scaled.jpg\",\"width\":2560,\"height\":1707},{\"@type\":\"BreadcrumbList\",\"@id\":\"https:\/\/formationdansetherapie.com\/inscriptions-session-danse-therapie-pour-formation\/#breadcrumb\",\"itemListElement\":[{\"@type\":\"ListItem\",\"position\":1,\"name\":\"Home\",\"item\":\"https:\/\/formationdansetherapie.com\/\"},{\"@type\":\"ListItem\",\"position\":2,\"name\":\"Inscription portes ouvertes formation danse th\u00e9rapie\"}]},{\"@type\":\"WebSite\",\"@id\":\"https:\/\/formationdansetherapie.com\/#website\",\"url\":\"https:\/\/formationdansetherapie.com\/\",\"name\":\"Per Se Nota | Danse th\u00e9rapie\",\"description\":\"Formation professionnelle danse th\u00e9rapie - professeur de danse th\u00e9rapie et danse th\u00e9rapeute\",\"potentialAction\":[{\"@type\":\"SearchAction\",\"target\":{\"@type\":\"EntryPoint\",\"urlTemplate\":\"https:\/\/formationdansetherapie.com\/?s={search_term_string}\"},\"query-input\":{\"@type\":\"PropertyValueSpecification\",\"valueRequired\":true,\"valueName\":\"search_term_string\"}}],\"inLanguage\":\"en-US\"}]}<\/script>\n<!-- \/ Yoast SEO Premium plugin. -->","yoast_head_json":{"title":"Inscription session de danse th\u00e9rapie - Per Se Nota | Danse th\u00e9rapie","description":"Venez \u00e0 une prochaine Inscription session de danse th\u00e9rapie portes ouvertes pour d\u00e9couvrir notre approche de la danse th\u00e9rapie et notre formation.","robots":{"index":"index","follow":"follow","max-snippet":"max-snippet:-1","max-image-preview":"max-image-preview:large","max-video-preview":"max-video-preview:-1"},"canonical":"https:\/\/formationdansetherapie.com\/en\/inscriptions-session-danse-therapie-pour-formation\/","og_locale":"en_US","og_type":"article","og_title":"Inscription portes ouvertes formation danse th\u00e9rapie","og_description":"Venez \u00e0 une prochaine Inscription session de danse th\u00e9rapie portes ouvertes pour d\u00e9couvrir notre approche de la danse th\u00e9rapie et notre formation.","og_url":"https:\/\/formationdansetherapie.com\/en\/inscriptions-session-danse-therapie-pour-formation\/","og_site_name":"Per Se Nota | Danse th\u00e9rapie","article_modified_time":"2026-03-20T13:42:59+00:00","og_image":[{"width":2560,"height":1707,"url":"https:\/\/formationdansetherapie.com\/wp-content\/uploads\/2024\/10\/Danse-therapie-Formation-Per-se-Nota1-scaled.jpg","type":"image\/jpeg"}],"twitter_card":"summary_large_image","twitter_misc":{"Est. reading time":"2 minutes"},"schema":{"@context":"https:\/\/schema.org","@graph":[{"@type":"WebPage","@id":"https:\/\/formationdansetherapie.com\/inscriptions-session-danse-therapie-pour-formation\/","url":"https:\/\/formationdansetherapie.com\/inscriptions-session-danse-therapie-pour-formation\/","name":"Inscription session de danse th\u00e9rapie - Per Se Nota | Danse th\u00e9rapie","isPartOf":{"@id":"https:\/\/formationdansetherapie.com\/#website"},"primaryImageOfPage":{"@id":"https:\/\/formationdansetherapie.com\/inscriptions-session-danse-therapie-pour-formation\/#primaryimage"},"image":{"@id":"https:\/\/formationdansetherapie.com\/inscriptions-session-danse-therapie-pour-formation\/#primaryimage"},"thumbnailUrl":"https:\/\/formationdansetherapie.com\/wp-content\/uploads\/2024\/10\/Danse-therapie-Formation-Per-se-Nota1-scaled.jpg","datePublished":"2020-10-28T00:04:03+00:00","dateModified":"2026-03-20T13:42:59+00:00","description":"Venez \u00e0 une prochaine Inscription session de danse th\u00e9rapie portes ouvertes pour d\u00e9couvrir notre approche de la danse th\u00e9rapie et notre formation.","breadcrumb":{"@id":"https:\/\/formationdansetherapie.com\/inscriptions-session-danse-therapie-pour-formation\/#breadcrumb"},"inLanguage":"en-US","potentialAction":[{"@type":"ReadAction","target":["https:\/\/formationdansetherapie.com\/inscriptions-session-danse-therapie-pour-formation\/"]}]},{"@type":"ImageObject","inLanguage":"en-US","@id":"https:\/\/formationdansetherapie.com\/inscriptions-session-danse-therapie-pour-formation\/#primaryimage","url":"https:\/\/formationdansetherapie.com\/wp-content\/uploads\/2024\/10\/Danse-therapie-Formation-Per-se-Nota1-scaled.jpg","contentUrl":"https:\/\/formationdansetherapie.com\/wp-content\/uploads\/2024\/10\/Danse-therapie-Formation-Per-se-Nota1-scaled.jpg","width":2560,"height":1707},{"@type":"BreadcrumbList","@id":"https:\/\/formationdansetherapie.com\/inscriptions-session-danse-therapie-pour-formation\/#breadcrumb","itemListElement":[{"@type":"ListItem","position":1,"name":"Home","item":"https:\/\/formationdansetherapie.com\/"},{"@type":"ListItem","position":2,"name":"Inscription portes ouvertes formation danse th\u00e9rapie"}]},{"@type":"WebSite","@id":"https:\/\/formationdansetherapie.com\/#website","url":"https:\/\/formationdansetherapie.com\/","name":"Per Se Nota | Dance therapy","description":"Formation professionnelle danse th\u00e9rapie - professeur de danse th\u00e9rapie et danse th\u00e9rapeute","potentialAction":[{"@type":"SearchAction","target":{"@type":"EntryPoint","urlTemplate":"https:\/\/formationdansetherapie.com\/?s={search_term_string}"},"query-input":{"@type":"PropertyValueSpecification","valueRequired":true,"valueName":"search_term_string"}}],"inLanguage":"en-US"}]}},"_links":{"self":[{"href":"https:\/\/formationdansetherapie.com\/en\/wp-json\/wp\/v2\/pages\/9395","targetHints":{"allow":["GET"]}}],"collection":[{"href":"https:\/\/formationdansetherapie.com\/en\/wp-json\/wp\/v2\/pages"}],"about":[{"href":"https:\/\/formationdansetherapie.com\/en\/wp-json\/wp\/v2\/types\/page"}],"author":[{"embeddable":true,"href":"https:\/\/formationdansetherapie.com\/en\/wp-json\/wp\/v2\/users\/1"}],"replies":[{"embeddable":true,"href":"https:\/\/formationdansetherapie.com\/en\/wp-json\/wp\/v2\/comments?post=9395"}],"version-history":[{"count":49,"href":"https:\/\/formationdansetherapie.com\/en\/wp-json\/wp\/v2\/pages\/9395\/revisions"}],"predecessor-version":[{"id":20409,"href":"https:\/\/formationdansetherapie.com\/en\/wp-json\/wp\/v2\/pages\/9395\/revisions\/20409"}],"wp:featuredmedia":[{"embeddable":true,"href":"https:\/\/formationdansetherapie.com\/en\/wp-json\/wp\/v2\/media\/14432"}],"wp:attachment":[{"href":"https:\/\/formationdansetherapie.com\/en\/wp-json\/wp\/v2\/media?parent=9395"}],"wp:term":[{"taxonomy":"post_tag","embeddable":true,"href":"https:\/\/formationdansetherapie.com\/en\/wp-json\/wp\/v2\/tags?post=9395"}],"curies":[{"name":"wp","href":"https:\/\/api.w.org\/{rel}","templated":true}]}}