{"id":8896,"date":"2020-07-02T15:21:30","date_gmt":"2020-07-02T13:21:30","guid":{"rendered":"http:\/\/formationdansetherapie.com\/?page_id=8896"},"modified":"2024-08-15T20:10:08","modified_gmt":"2024-08-15T18:10:08","slug":"qui-sommes-nous","status":"publish","type":"page","link":"https:\/\/formationdansetherapie.com\/en\/qui-sommes-nous\/","title":{"rendered":"Who are we ?"},"content":{"rendered":"<style type=\"text\/css\"> \n#cmsmasters_row_69e1a4a20a0bf2_51512259 .cmsmasters_row_outer_parent { \n\tpadding-top: 0px; \n} \n\n#cmsmasters_row_69e1a4a20a0bf2_51512259 .cmsmasters_row_outer_parent { \n\tpadding-bottom: 50px; \n} \n\n \n#cmsmasters_row_69e1a4a20a1e84_52106042 .cmsmasters_row_outer_parent { \n\tpadding-top: 0px; \n} \n\n#cmsmasters_row_69e1a4a20a1e84_52106042 .cmsmasters_row_outer_parent { \n\tpadding-bottom: 50px; \n} \n\n \n#cmsmasters_heading_69e1a4a20a4797_33774279 { \n\ttext-align:center; \n\tmargin-top:0px; \n\tmargin-bottom:20px; \n} \n\n#cmsmasters_heading_69e1a4a20a4797_33774279 .cmsmasters_heading { \n\ttext-align:center; \n} \n\n#cmsmasters_heading_69e1a4a20a4797_33774279 .cmsmasters_heading, #cmsmasters_heading_69e1a4a20a4797_33774279 .cmsmasters_heading a { \n\tfont-weight:normal; \n\tfont-style:normal; \n} \n\n#cmsmasters_heading_69e1a4a20a4797_33774279 .cmsmasters_heading_divider { \n} \n\n\n\t\t\t\t#wpforms-13369 {\n\t\t\t\t\n\t\t\t}\n\t\t\t \n#cmsmasters_heading_69e1a4a20bee69_04672121 { \n\ttext-align:center; \n\tmargin-top:0px; \n\tmargin-bottom:20px; \n} \n\n#cmsmasters_heading_69e1a4a20bee69_04672121 .cmsmasters_heading { \n\ttext-align:center; \n} \n\n#cmsmasters_heading_69e1a4a20bee69_04672121 .cmsmasters_heading, #cmsmasters_heading_69e1a4a20bee69_04672121 .cmsmasters_heading a { \n\tfont-weight:normal; \n\tfont-style:normal; \n} \n\n#cmsmasters_heading_69e1a4a20bee69_04672121 .cmsmasters_heading_divider { \n} \n\n \n#cmsmasters_row_69e1a4a20bf6b8_58678506 .cmsmasters_row_outer_parent { \n\tpadding-top: 0px; \n} \n\n#cmsmasters_row_69e1a4a20bf6b8_58678506 .cmsmasters_row_outer_parent { \n\tpadding-bottom: 50px; \n} \n\n<\/style><div id=\"cmsmasters_row_69e1a4a20a0bf2_51512259\" class=\"cmsmasters_row cmsmasters_color_scheme_default cmsmasters_row_top_default cmsmasters_row_bot_default cmsmasters_row_boxed\">\n<div class=\"cmsmasters_row_outer_parent\">\n<div class=\"cmsmasters_row_outer\">\n<div class=\"cmsmasters_row_inner\">\n<div class=\"cmsmasters_row_margin\">\n<div class=\"cmsmasters_column one_first\">\n<\/div>\n<\/div>\n<\/div>\n<\/div>\n<\/div>\n<\/div>\n<div id=\"cmsmasters_row_69e1a4a20a1e84_52106042\" class=\"cmsmasters_row cmsmasters_color_scheme_default cmsmasters_row_top_default cmsmasters_row_bot_default cmsmasters_row_boxed\">\n<div class=\"cmsmasters_row_outer_parent\">\n<div class=\"cmsmasters_row_outer\">\n<div class=\"cmsmasters_row_inner\">\n<div class=\"cmsmasters_row_margin\">\n<div class=\"cmsmasters_column one_third\">\n\n<div id=\"cmsmasters_heading_69e1a4a20a4797_33774279\" class=\"cmsmasters_heading_wrap cmsmasters_heading_align_center\">\n\t<h3 class=\"cmsmasters_heading\">Contactez-nous pour toute question<\/h3>\n<\/div><div class=\"cmsmasters_text\">\n<div class=\"wpforms-container wpforms-container-full Contact-Form wpforms-render-modern\" id=\"wpforms-13369\"><form id=\"wpforms-form-13369\" class=\"wpforms-validate wpforms-form\" data-formid=\"13369\" method=\"post\" enctype=\"multipart\/form-data\" action=\"\/en\/wp-json\/wp\/v2\/pages\/8896\" data-token=\"984e1d2d61e8bda1bd1ee5ddf40b5715\" data-token-time=\"1776395426\"><noscript class=\"wpforms-error-noscript\">Please enable JavaScript in your browser to complete this form.<\/noscript><div id=\"wpforms-error-noscript\" style=\"display: none;\">Please enable JavaScript in your browser to complete this form.<\/div><div class=\"wpforms-field-container\"><div id=\"wpforms-13369-field_0-container\" class=\"wpforms-field wpforms-field-name\" data-field-id=\"0\"><label class=\"wpforms-field-label\" for=\"wpforms-13369-field_0\">Nom<\/label><input type=\"text\" id=\"wpforms-13369-field_0\" class=\"wpforms-field-medium\" name=\"wpforms[fields][0]\" aria-errormessage=\"wpforms-13369-field_0-error\" ><\/div><div id=\"wpforms-13369-field_1-container\" class=\"wpforms-field wpforms-field-email\" data-field-id=\"1\"><label class=\"wpforms-field-label\" for=\"wpforms-13369-field_1\">E-mail <span class=\"wpforms-required-label\" aria-hidden=\"true\">*<\/span><\/label><input type=\"email\" id=\"wpforms-13369-field_1\" class=\"wpforms-field-medium wpforms-field-required\" name=\"wpforms[fields][1]\" spellcheck=\"false\" aria-errormessage=\"wpforms-13369-field_1-error\" required><\/div><div id=\"wpforms-13369-field_2-container\" class=\"wpforms-field wpforms-field-textarea\" data-field-id=\"2\"><label class=\"wpforms-field-label\" for=\"wpforms-13369-field_2\">Message<\/label><textarea id=\"wpforms-13369-field_2\" class=\"wpforms-field-medium\" name=\"wpforms[fields][2]\" aria-errormessage=\"wpforms-13369-field_2-error\" ><\/textarea><\/div><\/div><!-- .wpforms-field-container --><div class=\"wpforms-recaptcha-container wpforms-is-recaptcha wpforms-is-recaptcha-type-v3\" ><input type=\"hidden\" name=\"wpforms[recaptcha]\" value=\"\"><\/div><div class=\"wpforms-submit-container\" ><input type=\"hidden\" name=\"wpforms[id]\" value=\"13369\"><input type=\"hidden\" name=\"page_title\" value=\"\"><input type=\"hidden\" name=\"page_url\" value=\"https:\/\/formationdansetherapie.com\/en\/wp-json\/wp\/v2\/pages\/8896\"><input type=\"hidden\" name=\"url_referer\" value=\"\"><button type=\"submit\" name=\"wpforms[submit]\" id=\"wpforms-submit-13369\" class=\"wpforms-submit\" data-alt-text=\"Sending...\" data-submit-text=\"Soumettre\" aria-live=\"assertive\" value=\"wpforms-submit\">Soumettre<\/button><\/div><\/form><\/div>  <!-- .wpforms-container --><\/p>\n<\/div>\n<\/div>\n<div class=\"cmsmasters_column two_third\">\n\n<div id=\"cmsmasters_heading_69e1a4a20bee69_04672121\" class=\"cmsmasters_heading_wrap cmsmasters_heading_align_center\">\n\t<h1 class=\"cmsmasters_heading\">Qui sommes-nous?<\/h1>\n<\/div><div class=\"cmsmasters_text\">\n<p style=\"text-align: center;\"><b>\u201cExplorez votre monde int\u00e9rieur par le mouvement et la respiration\u201d<\/b><\/p>\n<\/div>\n<div class=\"cmsmasters_text\">\n<h2 style=\"text-align: center;\"><b>Per se Nota\u00a9<\/b><\/h2>\n<h2 style=\"text-align: center;\">Qui sommes-nous ?<\/h2>\n<p style=\"text-align: center;\"><span style=\"font-weight: 400;\">Espace de <a href=\"https:\/\/www.larousse.fr\/dictionnaires\/francais\/bien-%C3%AAtre\/9159\">bien-\u00eatre<\/a> et de relaxation, \u00e0 Paris<\/span><\/p>\n<p style=\"text-align: center;\"><span style=\"font-weight: 400;\">Dirig\u00e9 par <\/span><span style=\"font-weight: 400;\">Pascale Saly-Giocanti et son <a href=\"https:\/\/formationdansetherapie.com\/les-formateurs\/\">\u00e9quipe<\/a><\/span><\/p>\n<p style=\"text-align: center;\"><span style=\"font-weight: 400;\">Dispense de formations m\u00ealant la danse et la relaxation selon la m\u00e9thode Per se Nota\u00a9<\/span><\/p>\n<p style=\"text-align: center;\"><b>Centre agr\u00e9\u00e9 de formation <span style=\"font-weight: 400;\">Formation Per se Nota\u00a9 &#8211; Association Para La Salsa &#8211; SIRET : 45289898400011 &#8211; D\u00e9claration d\u2019activit\u00e9 enregistr\u00e9e sous le num\u00e9ro : 117 551 329 75 Cet enregistrement ne vaut pas agr\u00e9ment de l\u2019Etat<\/span><\/b><\/p>\n<\/div>\n<\/div>\n<\/div>\n<\/div>\n<\/div>\n<\/div>\n<\/div>\n<div id=\"cmsmasters_row_69e1a4a20bf6b8_58678506\" class=\"cmsmasters_row cmsmasters_color_scheme_default cmsmasters_row_top_default cmsmasters_row_bot_default cmsmasters_row_boxed\">\n<div class=\"cmsmasters_row_outer_parent\">\n<div class=\"cmsmasters_row_outer\">\n<div class=\"cmsmasters_row_inner\">\n<div class=\"cmsmasters_row_margin\">\n<div class=\"cmsmasters_column one_first\">\n<div class=\"cmsmasters_text\">\n<h1 style=\"text-align: center;\"><a href=\"https:\/\/formationdansetherapie.com\/wp-content\/uploads\/2023\/07\/Exprimer-ses-emotions-avec-la-danse-1.png\"><br \/>\n<img loading=\"lazy\" decoding=\"async\" class=\"aligncenter size-full wp-image-12936\" src=\"https:\/\/formationdansetherapie.com\/wp-content\/uploads\/2023\/07\/Exprimer-ses-emotions-avec-la-danse-1.png\" alt=\"\" width=\"700\" height=\"495\" srcset=\"https:\/\/formationdansetherapie.com\/wp-content\/uploads\/2023\/07\/Exprimer-ses-emotions-avec-la-danse-1.png 700w, https:\/\/formationdansetherapie.com\/wp-content\/uploads\/2023\/07\/Exprimer-ses-emotions-avec-la-danse-1-300x212.png 300w, https:\/\/formationdansetherapie.com\/wp-content\/uploads\/2023\/07\/Exprimer-ses-emotions-avec-la-danse-1-580x410.png 580w\" sizes=\"auto, (max-width: 700px) 100vw, 700px\" \/><\/a><\/h1>\n<h1 style=\"text-align: center;\"><strong>Nos valeurs<\/strong><\/h1>\n<p><span style=\"font-weight: 400;\">Les valeurs de notre structure de<\/span><a href=\"https:\/\/formationdansetherapie.com\/\"><span style=\"font-weight: 400;\"> danse th\u00e9rapie Per Se Nota\u00a9<\/span><\/a><span style=\"font-weight: 400;\"> sont les suivantes :<\/span><span style=\"font-weight: 400;\">\u00a0<\/span><\/p>\n<p><span style=\"font-weight: 400;\"><strong>Espace s\u00e9curisant\u00a0<\/strong><\/span><\/p>\n<p><span style=\"font-weight: 400;\">Nous accordons une grande importance au <strong>cadre<\/strong> qui permet \u00e0 nos apprenants d\u2019\u00e9voluer et de plonger dans leur int\u00e9riorit\u00e9. En effet, nous cr\u00e9ons un environnement s\u00fbr et respectueux o\u00f9 chacun peut s&rsquo;exprimer librement dans le respect du cadre et de ses propres limites.<\/span><\/p>\n<p><strong>L\u2019accompagnement avec le c\u0153ur\u00a0<\/strong><\/p>\n<p><span style=\"font-weight: 400;\">Nous offrons une \u00e9coute attentive et nos r\u00e9ponses partent du c\u0153ur. Nous sommes ainsi \u00e0 l&rsquo;\u00e9coute des besoins de chacun et nous nous adaptons \u00e0 eux.\u00a0 En outre, nous \u00e9voluons avec nos apprenants.<\/span><\/p>\n<p><strong>Respect\u00a0<\/strong><\/p>\n<p><span style=\"font-weight: 400;\">Nous respectons l&rsquo;individualit\u00e9 de chaque \u00e9l\u00e8ve, en reconnaissant et en valorisant leurs diff\u00e9rences. Nous tenons \u00e9galement compte de leurs limites et leurs choix.<\/span><\/p>\n<p><span style=\"font-weight: 400;\"><strong>Cr\u00e9ativit\u00e9<\/strong>\u00a0<\/span><\/p>\n<p><span style=\"font-weight: 400;\">Nous encourageons la cr\u00e9ativit\u00e9 dans notre approche th\u00e9rapeutique et p\u00e9dagogique ainsi que dans la danse. Nous explorons aussi diff\u00e9rentes formes de mouvement et d&rsquo;expression artistique pour favoriser la gu\u00e9rison, le bien-\u00eatre et la remise en question.<\/span><\/p>\n<p><span style=\"font-weight: 400;\"><strong>Collaboration<\/strong>\u00a0<\/span><\/p>\n<p><span style=\"font-weight: 400;\">Nous croyons en la puissance de la collaboration entre les \u00e9l\u00e8ves, les th\u00e9rapeutes et les autres professeurs. Ainsi, nous travaillons en \u00e9quipe pour offrir des formations de danse th\u00e9rapie niveau 1 et niveau 2 compl\u00e8tes.<\/span><\/p>\n<p><span style=\"font-weight: 400;\"><strong>Autonomie<\/strong><\/span><\/p>\n<p><span style=\"font-weight: 400;\">\u00a0Nous amenons nos apprenants \u00e0 d\u00e9velopper leur autonomie et leur confiance en eux. Nous les soutenons \u00e9galement dans leur processus d\u2019\u00e9volution et leur permettons de prendre des d\u00e9cisions \u00e9clair\u00e9es sur leur propre parcours th\u00e9rapeutique.<\/span><\/p>\n<p><span style=\"font-weight: 400;\"><strong>\u00c9thique<\/strong>\u00a0<\/span><\/p>\n<p><span style=\"font-weight: 400;\">\u00a0Nous agissons avec int\u00e9grit\u00e9 et \u00e9thique dans notre pratique. Nous respectons aussi la confidentialit\u00e9 et la vie priv\u00e9e de nos \u00e9l\u00e8ves, tout en maintenant des normes professionnelles \u00e9lev\u00e9es.<\/span><\/p>\n<p><span style=\"font-weight: 400;\"><strong>Ouverture d&rsquo;esprit<\/strong>\u00a0<\/span><\/p>\n<p><span style=\"font-weight: 400;\">Nous sommes ouverts d&rsquo;esprit et accueillons toutes les personnes, ind\u00e9pendamment de leur origine ethnique, religion, genre ou\u00a0 orientation sexuelle. En effet, nous valorisons la diversit\u00e9 et c\u00e9l\u00e9brons les diff\u00e9rences.<\/span><\/p>\n<h3><span style=\"font-weight: 400;\">\u00a0<\/span><\/h3>\n<p><span style=\"font-weight: 400;\">Pour conclure, ces valeurs guident notre travail et nous permettent de fournir des services de danse th\u00e9rapie de haute qualit\u00e9, ax\u00e9s sur le bien-\u00eatre et la gu\u00e9rison de nos \u00e9l\u00e8ves. Vous retrouverez \u00e9galement ces valeurs dans notre \u00e9cole de danse <\/span><a href=\"https:\/\/paralasalsa.com\"><span style=\"font-weight: 400;\">Paralasalsa<\/span><\/a><span style=\"font-weight: 400;\">.<\/span><\/p>\n<\/div>\n<\/div>\n<\/div>\n<\/div>\n<\/div>\n<\/div>\n<\/div>\n\n","protected":false},"excerpt":{"rendered":"","protected":false},"author":1,"featured_media":0,"parent":0,"menu_order":0,"comment_status":"closed","ping_status":"closed","template":"","meta":{"_EventAllDay":false,"_EventTimezone":"","_EventStartDate":"","_EventEndDate":"","_EventStartDateUTC":"","_EventEndDateUTC":"","_EventShowMap":false,"_EventShowMapLink":false,"_EventURL":"","_EventCost":"","_EventCostDescription":"","_EventCurrencySymbol":"","_EventCurrencyCode":"","_EventCurrencyPosition":"","_EventDateTimeSeparator":"","_EventTimeRangeSeparator":"","_EventOrganizerID":[],"_EventVenueID":[],"_OrganizerEmail":"","_OrganizerPhone":"","_OrganizerWebsite":"","_VenueAddress":"","_VenueCity":"","_VenueCountry":"","_VenueProvince":"","_VenueState":"","_VenueZip":"","_VenuePhone":"","_VenueURL":"","_VenueStateProvince":"","_VenueLat":"","_VenueLng":"","_VenueShowMap":false,"_VenueShowMapLink":false,"footnotes":""},"tags":[],"class_list":["post-8896","page","type-page","status-publish","hentry"],"yoast_head":"<!-- This site is optimized with the Yoast SEO Premium plugin v23.8 (Yoast SEO v27.0) - https:\/\/yoast.com\/product\/yoast-seo-premium-wordpress\/ -->\n<title>Qui sommes-nous ? - Per Se Nota | Danse th\u00e9rapie<\/title>\n<meta name=\"description\" content=\"Qui sommes-nous ? Espace de bien-\u00eatre et de relaxation, \u00e0 Paris dirig\u00e9 par Pascale Saly-Giocanti et son \u00e9quipe. D\u00e9vellopement et formations.\" \/>\n<meta name=\"robots\" content=\"index, follow, max-snippet:-1, max-image-preview:large, max-video-preview:-1\" \/>\n<link rel=\"canonical\" href=\"https:\/\/formationdansetherapie.com\/en\/qui-sommes-nous\/\" \/>\n<meta property=\"og:locale\" content=\"en_US\" \/>\n<meta property=\"og:type\" content=\"article\" \/>\n<meta property=\"og:title\" content=\"Qui sommes-nous ?\" \/>\n<meta property=\"og:description\" content=\"Qui sommes-nous ? Espace de bien-\u00eatre et de relaxation, \u00e0 Paris dirig\u00e9 par Pascale Saly-Giocanti et son \u00e9quipe. D\u00e9vellopement et formations.\" \/>\n<meta property=\"og:url\" content=\"https:\/\/formationdansetherapie.com\/en\/qui-sommes-nous\/\" \/>\n<meta property=\"og:site_name\" content=\"Per Se Nota | Danse th\u00e9rapie\" \/>\n<meta property=\"article:modified_time\" content=\"2024-08-15T18:10:08+00:00\" \/>\n<meta property=\"og:image\" content=\"https:\/\/formationdansetherapie.com\/wp-content\/uploads\/2023\/07\/Exprimer-ses-emotions-avec-la-danse-1.png\" \/>\n<meta name=\"twitter:card\" content=\"summary_large_image\" \/>\n<meta name=\"twitter:label1\" content=\"Est. reading time\" \/>\n\t<meta name=\"twitter:data1\" content=\"3 minutes\" \/>\n<script type=\"application\/ld+json\" class=\"yoast-schema-graph\">{\"@context\":\"https:\/\/schema.org\",\"@graph\":[{\"@type\":\"WebPage\",\"@id\":\"https:\/\/formationdansetherapie.com\/qui-sommes-nous\/\",\"url\":\"https:\/\/formationdansetherapie.com\/qui-sommes-nous\/\",\"name\":\"Qui sommes-nous ? - Per Se Nota | Danse th\u00e9rapie\",\"isPartOf\":{\"@id\":\"https:\/\/formationdansetherapie.com\/#website\"},\"primaryImageOfPage\":{\"@id\":\"https:\/\/formationdansetherapie.com\/qui-sommes-nous\/#primaryimage\"},\"image\":{\"@id\":\"https:\/\/formationdansetherapie.com\/qui-sommes-nous\/#primaryimage\"},\"thumbnailUrl\":\"https:\/\/formationdansetherapie.com\/wp-content\/uploads\/2023\/07\/Exprimer-ses-emotions-avec-la-danse-1.png\",\"datePublished\":\"2020-07-02T13:21:30+00:00\",\"dateModified\":\"2024-08-15T18:10:08+00:00\",\"description\":\"Qui sommes-nous ? Espace de bien-\u00eatre et de relaxation, \u00e0 Paris dirig\u00e9 par Pascale Saly-Giocanti et son \u00e9quipe. D\u00e9vellopement et formations.\",\"breadcrumb\":{\"@id\":\"https:\/\/formationdansetherapie.com\/qui-sommes-nous\/#breadcrumb\"},\"inLanguage\":\"en-US\",\"potentialAction\":[{\"@type\":\"ReadAction\",\"target\":[\"https:\/\/formationdansetherapie.com\/qui-sommes-nous\/\"]}]},{\"@type\":\"ImageObject\",\"inLanguage\":\"en-US\",\"@id\":\"https:\/\/formationdansetherapie.com\/qui-sommes-nous\/#primaryimage\",\"url\":\"https:\/\/formationdansetherapie.com\/wp-content\/uploads\/2023\/07\/Exprimer-ses-emotions-avec-la-danse-1.png\",\"contentUrl\":\"https:\/\/formationdansetherapie.com\/wp-content\/uploads\/2023\/07\/Exprimer-ses-emotions-avec-la-danse-1.png\"},{\"@type\":\"BreadcrumbList\",\"@id\":\"https:\/\/formationdansetherapie.com\/qui-sommes-nous\/#breadcrumb\",\"itemListElement\":[{\"@type\":\"ListItem\",\"position\":1,\"name\":\"Home\",\"item\":\"https:\/\/formationdansetherapie.com\/\"},{\"@type\":\"ListItem\",\"position\":2,\"name\":\"Qui sommes-nous ?\"}]},{\"@type\":\"WebSite\",\"@id\":\"https:\/\/formationdansetherapie.com\/#website\",\"url\":\"https:\/\/formationdansetherapie.com\/\",\"name\":\"Per Se Nota | Danse th\u00e9rapie\",\"description\":\"Formation professionnelle danse th\u00e9rapie - professeur de danse th\u00e9rapie et danse th\u00e9rapeute\",\"potentialAction\":[{\"@type\":\"SearchAction\",\"target\":{\"@type\":\"EntryPoint\",\"urlTemplate\":\"https:\/\/formationdansetherapie.com\/?s={search_term_string}\"},\"query-input\":{\"@type\":\"PropertyValueSpecification\",\"valueRequired\":true,\"valueName\":\"search_term_string\"}}],\"inLanguage\":\"en-US\"}]}<\/script>\n<!-- \/ Yoast SEO Premium plugin. -->","yoast_head_json":{"title":"Qui sommes-nous ? - Per Se Nota | Danse th\u00e9rapie","description":"Qui sommes-nous ? Espace de bien-\u00eatre et de relaxation, \u00e0 Paris dirig\u00e9 par Pascale Saly-Giocanti et son \u00e9quipe. D\u00e9vellopement et formations.","robots":{"index":"index","follow":"follow","max-snippet":"max-snippet:-1","max-image-preview":"max-image-preview:large","max-video-preview":"max-video-preview:-1"},"canonical":"https:\/\/formationdansetherapie.com\/en\/qui-sommes-nous\/","og_locale":"en_US","og_type":"article","og_title":"Qui sommes-nous ?","og_description":"Qui sommes-nous ? Espace de bien-\u00eatre et de relaxation, \u00e0 Paris dirig\u00e9 par Pascale Saly-Giocanti et son \u00e9quipe. D\u00e9vellopement et formations.","og_url":"https:\/\/formationdansetherapie.com\/en\/qui-sommes-nous\/","og_site_name":"Per Se Nota | Danse th\u00e9rapie","article_modified_time":"2024-08-15T18:10:08+00:00","og_image":[{"url":"https:\/\/formationdansetherapie.com\/wp-content\/uploads\/2023\/07\/Exprimer-ses-emotions-avec-la-danse-1.png","type":"","width":"","height":""}],"twitter_card":"summary_large_image","twitter_misc":{"Est. reading time":"3 minutes"},"schema":{"@context":"https:\/\/schema.org","@graph":[{"@type":"WebPage","@id":"https:\/\/formationdansetherapie.com\/qui-sommes-nous\/","url":"https:\/\/formationdansetherapie.com\/qui-sommes-nous\/","name":"Qui sommes-nous ? - Per Se Nota | Danse th\u00e9rapie","isPartOf":{"@id":"https:\/\/formationdansetherapie.com\/#website"},"primaryImageOfPage":{"@id":"https:\/\/formationdansetherapie.com\/qui-sommes-nous\/#primaryimage"},"image":{"@id":"https:\/\/formationdansetherapie.com\/qui-sommes-nous\/#primaryimage"},"thumbnailUrl":"https:\/\/formationdansetherapie.com\/wp-content\/uploads\/2023\/07\/Exprimer-ses-emotions-avec-la-danse-1.png","datePublished":"2020-07-02T13:21:30+00:00","dateModified":"2024-08-15T18:10:08+00:00","description":"Qui sommes-nous ? Espace de bien-\u00eatre et de relaxation, \u00e0 Paris dirig\u00e9 par Pascale Saly-Giocanti et son \u00e9quipe. D\u00e9vellopement et formations.","breadcrumb":{"@id":"https:\/\/formationdansetherapie.com\/qui-sommes-nous\/#breadcrumb"},"inLanguage":"en-US","potentialAction":[{"@type":"ReadAction","target":["https:\/\/formationdansetherapie.com\/qui-sommes-nous\/"]}]},{"@type":"ImageObject","inLanguage":"en-US","@id":"https:\/\/formationdansetherapie.com\/qui-sommes-nous\/#primaryimage","url":"https:\/\/formationdansetherapie.com\/wp-content\/uploads\/2023\/07\/Exprimer-ses-emotions-avec-la-danse-1.png","contentUrl":"https:\/\/formationdansetherapie.com\/wp-content\/uploads\/2023\/07\/Exprimer-ses-emotions-avec-la-danse-1.png"},{"@type":"BreadcrumbList","@id":"https:\/\/formationdansetherapie.com\/qui-sommes-nous\/#breadcrumb","itemListElement":[{"@type":"ListItem","position":1,"name":"Home","item":"https:\/\/formationdansetherapie.com\/"},{"@type":"ListItem","position":2,"name":"Qui sommes-nous ?"}]},{"@type":"WebSite","@id":"https:\/\/formationdansetherapie.com\/#website","url":"https:\/\/formationdansetherapie.com\/","name":"Per Se Nota | Dance therapy","description":"Formation professionnelle danse th\u00e9rapie - professeur de danse th\u00e9rapie et danse th\u00e9rapeute","potentialAction":[{"@type":"SearchAction","target":{"@type":"EntryPoint","urlTemplate":"https:\/\/formationdansetherapie.com\/?s={search_term_string}"},"query-input":{"@type":"PropertyValueSpecification","valueRequired":true,"valueName":"search_term_string"}}],"inLanguage":"en-US"}]}},"_links":{"self":[{"href":"https:\/\/formationdansetherapie.com\/en\/wp-json\/wp\/v2\/pages\/8896","targetHints":{"allow":["GET"]}}],"collection":[{"href":"https:\/\/formationdansetherapie.com\/en\/wp-json\/wp\/v2\/pages"}],"about":[{"href":"https:\/\/formationdansetherapie.com\/en\/wp-json\/wp\/v2\/types\/page"}],"author":[{"embeddable":true,"href":"https:\/\/formationdansetherapie.com\/en\/wp-json\/wp\/v2\/users\/1"}],"replies":[{"embeddable":true,"href":"https:\/\/formationdansetherapie.com\/en\/wp-json\/wp\/v2\/comments?post=8896"}],"version-history":[{"count":0,"href":"https:\/\/formationdansetherapie.com\/en\/wp-json\/wp\/v2\/pages\/8896\/revisions"}],"wp:attachment":[{"href":"https:\/\/formationdansetherapie.com\/en\/wp-json\/wp\/v2\/media?parent=8896"}],"wp:term":[{"taxonomy":"post_tag","embeddable":true,"href":"https:\/\/formationdansetherapie.com\/en\/wp-json\/wp\/v2\/tags?post=8896"}],"curies":[{"name":"wp","href":"https:\/\/api.w.org\/{rel}","templated":true}]}}