{"id":8853,"date":"2020-07-01T15:42:30","date_gmt":"2020-07-01T13:42:30","guid":{"rendered":"http:\/\/formationdansetherapie.com\/?page_id=8853"},"modified":"2026-03-23T11:26:51","modified_gmt":"2026-03-23T10:26:51","slug":"salle-de-formation","status":"publish","type":"page","link":"https:\/\/formationdansetherapie.com\/en\/salle-de-formation\/","title":{"rendered":"Our Rooms"},"content":{"rendered":"<style type=\"text\/css\"> \n#cmsmasters_row_69de629fa75463_05192653 { \n\tbackground-color:#622084;\n} \n\n#cmsmasters_row_69de629fa75463_05192653 .cmsmasters_row_outer_parent { \n\tpadding-top: 40px; \n} \n\n#cmsmasters_row_69de629fa75463_05192653 .cmsmasters_row_outer_parent { \n\tpadding-bottom: 50px; \n} \n\n \n#cmsmasters_heading_69de629fa77b66_64398900 { \n\ttext-align:center; \n\tmargin-top:20px; \n\tmargin-bottom:20px; \n} \n\n#cmsmasters_heading_69de629fa77b66_64398900 .cmsmasters_heading { \n\ttext-align:center; \n} \n\n#cmsmasters_heading_69de629fa77b66_64398900 .cmsmasters_heading, #cmsmasters_heading_69de629fa77b66_64398900 .cmsmasters_heading a { \n\tfont-size:42px; \n\tline-height:48px; \n\tfont-weight:300; \n\tfont-style:normal; \n\tcolor:#ffffff;\n} \n\n#cmsmasters_heading_69de629fa77b66_64398900 .cmsmasters_heading_divider { \n} \n\n \n#cmsmasters_row_69de629fa77f08_57902082 .cmsmasters_row_outer_parent { \n\tpadding-top: 40px; \n} \n\n#cmsmasters_row_69de629fa77f08_57902082 .cmsmasters_row_outer_parent { \n\tpadding-bottom: 50px; \n} \n\n \n#cmsmasters_row_69de629fa789b1_76482972 .cmsmasters_row_outer_parent { \n\tpadding-top: 0px; \n} \n\n#cmsmasters_row_69de629fa789b1_76482972 .cmsmasters_row_outer_parent { \n\tpadding-bottom: 50px; \n} \n\n \n#cmsmasters_row_69de629fa79048_06751052 .cmsmasters_row_outer_parent { \n\tpadding-top: 0px; \n} \n\n#cmsmasters_row_69de629fa79048_06751052 .cmsmasters_row_outer_parent { \n\tpadding-bottom: 50px; \n} \n\n \n#cmsmasters_row_69de629fa79d01_66513162 { \n\tbackground-color:#622084;\n} \n\n#cmsmasters_row_69de629fa79d01_66513162 .cmsmasters_row_outer_parent { \n\tpadding-top: 40px; \n} \n\n#cmsmasters_row_69de629fa79d01_66513162 .cmsmasters_row_outer_parent { \n\tpadding-bottom: 50px; \n} \n\n \n#cmsmasters_heading_69de629fa7a952_10877872 { \n\ttext-align:center; \n\tmargin-top:20px; \n\tmargin-bottom:20px; \n} \n\n#cmsmasters_heading_69de629fa7a952_10877872 .cmsmasters_heading { \n\ttext-align:center; \n} \n\n#cmsmasters_heading_69de629fa7a952_10877872 .cmsmasters_heading, #cmsmasters_heading_69de629fa7a952_10877872 .cmsmasters_heading a { \n\tfont-size:42px; \n\tline-height:48px; \n\tfont-weight:300; \n\tfont-style:normal; \n\tcolor:#ffffff;\n} \n\n#cmsmasters_heading_69de629fa7a952_10877872 .cmsmasters_heading_divider { \n} \n\n \n#cmsmasters_row_69de629fa7ab97_86356049 .cmsmasters_row_outer_parent { \n\tpadding-top: 40px; \n} \n\n#cmsmasters_row_69de629fa7ab97_86356049 .cmsmasters_row_outer_parent { \n\tpadding-bottom: 50px; \n} \n\n \n#cmsmasters_row_69de629fa7b4b7_42184602 { \n\tbackground-color:#622084;\n} \n\n#cmsmasters_row_69de629fa7b4b7_42184602 .cmsmasters_row_outer_parent { \n\tpadding-top: 40px; \n} \n\n#cmsmasters_row_69de629fa7b4b7_42184602 .cmsmasters_row_outer_parent { \n\tpadding-bottom: 50px; \n} \n\n \n#cmsmasters_row_69de629fa7b984_87536657 { \n\tbackground-color:#622084;\n} \n\n#cmsmasters_row_69de629fa7b984_87536657 .cmsmasters_row_outer_parent { \n\tpadding-top: 40px; \n} \n\n#cmsmasters_row_69de629fa7b984_87536657 .cmsmasters_row_outer_parent { \n\tpadding-bottom: 50px; \n} \n\n<\/style><div id=\"cmsmasters_row_69de629fa75463_05192653\" class=\"cmsmasters_row cmsmasters_color_scheme_default cmsmasters_row_top_right_diagonal cmsmasters_row_bot_default cmsmasters_row_boxed\">\n<div class=\"cmsmasters_row_outer_parent\">\n<div class=\"cmsmasters_row_outer\">\n<div class=\"cmsmasters_row_inner\">\n<div class=\"cmsmasters_row_margin\">\n<div class=\"cmsmasters_column one_first\">\n\n<div id=\"cmsmasters_heading_69de629fa77b66_64398900\" class=\"cmsmasters_heading_wrap cmsmasters_heading_align_center\">\n\t<h1 class=\"cmsmasters_heading\">Notre salle de la formation<\/h1>\n<\/div>\n<\/div>\n<\/div>\n<\/div>\n<\/div>\n<\/div>\n<\/div>\n<div id=\"cmsmasters_row_69de629fa77f08_57902082\" class=\"cmsmasters_row cmsmasters_color_scheme_default cmsmasters_row_top_default cmsmasters_row_bot_default cmsmasters_row_boxed\">\n<div class=\"cmsmasters_row_outer_parent\">\n<div class=\"cmsmasters_row_outer\">\n<div class=\"cmsmasters_row_inner\">\n<div class=\"cmsmasters_row_margin\">\n<div class=\"cmsmasters_column one_first\">\n<div class=\"cmsmasters_text\">\n<h2 data-start=\"107\" data-end=\"169\">Notre Studio Bi\u00e8vre \u2013 Un lieu inspirant au c\u0153ur de Paris<\/h2>\n<p data-start=\"171\" data-end=\"335\">Au c\u0153ur de <span class=\"hover:entity-accent entity-underline inline cursor-pointer align-baseline\"><span class=\"whitespace-normal\">Paris<\/span><\/span>, le <strong data-start=\"224\" data-end=\"241\">Studio Bi\u00e8vre<\/strong> vous accueille dans un espace chaleureux, lumineux et propice au travail corporel et cr\u00e9atif.<\/p>\n<p data-start=\"337\" data-end=\"603\">Situ\u00e9 dans un quartier vivant et facilement accessible, notre studio est un v\u00e9ritable cocon d\u00e9di\u00e9 \u00e0 la danse, \u00e0 la transmission et \u00e0 l\u2019exploration sensible du mouvement. Ici, le corps peut s\u2019exprimer en toute libert\u00e9, dans un cadre \u00e0 la fois professionnel et intime. Il est situ\u00e9 \u00e0 quelques minutes des quais et de nombreux commerces sont accessibles pour la pause du repas ou pour flaner apr\u00e8s votre formation<\/p>\n<h3 data-start=\"1396\" data-end=\"1440\">Un lieu au service de la transmission<\/h3>\n<p data-start=\"1442\" data-end=\"1652\">Le Studio Bi\u00e8vre, c\u2019est un espace qui soutient la qualit\u00e9 de l&rsquo;enseignement dispens\u00e9<br data-start=\"1536\" data-end=\"1539\" \/>Un lieu \u00e0 taille humaine, au centre de Paris, o\u00f9 chaque formation peut devenir une exp\u00e9rience vivante et engag\u00e9e.<\/p>\n<p data-start=\"1654\" data-end=\"1730\">Pour conna\u00eetre les disponibilit\u00e9s contactez-nous \u00e0 contact@persenota.com<\/p>\n<h3>Room during the training :<\/h3>\n<h3>Bi\u00e8vre 5th\u00a0 <a href=\"https:\/\/goo.gl\/maps\/aP4yF7Ltq8hdrBb29\">: 8 rue de Bi\u00e8vre, Paris 75005,<\/a> <span style=\"font-weight: 400;\">RER B et C station St Michel &#8211; Notre Dame, m\u00e9tro station Maubert &#8211; Mutualit\u00e9 (ligne 10)<\/span><\/h3>\n<h3 style=\"display: none;\">Location de salle pour de la formation<\/h3>\n<\/div>\n<\/div>\n<\/div>\n<\/div>\n<\/div>\n<\/div>\n<\/div>\n<div id=\"cmsmasters_row_69de629fa789b1_76482972\" class=\"cmsmasters_row cmsmasters_color_scheme_default cmsmasters_row_top_default cmsmasters_row_bot_default cmsmasters_row_boxed\">\n<div class=\"cmsmasters_row_outer_parent\">\n<div class=\"cmsmasters_row_outer\">\n<div class=\"cmsmasters_row_inner\">\n<div class=\"cmsmasters_row_margin\">\n<div class=\"cmsmasters_column one_first\">\n<div class=\"cmsmasters_text\">\n<p>&nbsp;<\/p>\n<p><a href=\"https:\/\/formationdansetherapie.com\/wp-content\/uploads\/2022\/06\/localisation-salles.png\"><img loading=\"lazy\" decoding=\"async\" class=\"aligncenter size-full wp-image-12293\" src=\"https:\/\/formationdansetherapie.com\/wp-content\/uploads\/2022\/06\/localisation-salles.png\" alt=\"\" width=\"1267\" height=\"482\" srcset=\"https:\/\/formationdansetherapie.com\/wp-content\/uploads\/2022\/06\/localisation-salles.png 1267w, https:\/\/formationdansetherapie.com\/wp-content\/uploads\/2022\/06\/localisation-salles-300x114.png 300w, https:\/\/formationdansetherapie.com\/wp-content\/uploads\/2022\/06\/localisation-salles-1024x390.png 1024w, https:\/\/formationdansetherapie.com\/wp-content\/uploads\/2022\/06\/localisation-salles-768x292.png 768w, https:\/\/formationdansetherapie.com\/wp-content\/uploads\/2022\/06\/localisation-salles-580x221.png 580w, https:\/\/formationdansetherapie.com\/wp-content\/uploads\/2022\/06\/localisation-salles-860x327.png 860w, https:\/\/formationdansetherapie.com\/wp-content\/uploads\/2022\/06\/localisation-salles-1160x441.png 1160w\" sizes=\"auto, (max-width: 1267px) 100vw, 1267px\" \/><\/a><\/p>\n<div>Access to the disabled public : referrer disability: Anton Amadieu. All our rooms are accessible for persons with reduced mobility.<br \/>\nRestore Points : catering offer important around our rooms.<br \/>\nAccommodation : we do not offer accommodation but you have a large supply around our rooms.<\/div>\n<h2 style=\"display: none;\">Location de salle pour de la formation<\/h2>\n<\/div>\n<\/div>\n<\/div>\n<\/div>\n<\/div>\n<\/div>\n<\/div>\n<div id=\"cmsmasters_row_69de629fa79048_06751052\" class=\"cmsmasters_row cmsmasters_color_scheme_default cmsmasters_row_top_default cmsmasters_row_bot_default cmsmasters_row_boxed\">\n<div class=\"cmsmasters_row_outer_parent\">\n<div class=\"cmsmasters_row_outer\">\n<div class=\"cmsmasters_row_inner\">\n<div class=\"cmsmasters_row_margin\">\n<div class=\"cmsmasters_column one_first\">\n<div class=\"cmsmasters_text\">\n<p style=\"text-align: center;\">Check out the training location 8 rue de Bi\u00e8vre, Paris 5<\/p>\n<\/div>\n<div class=\"custom_html\">\n<iframe loading=\"lazy\" src=\"https:\/\/www.google.com\/maps\/embed?pb=!4v1634301774201!6m8!1m7!1sCAoSLEFGMVFpcE5tTEVUbkNyaTBVMVIwNkRNSkFvUDdfZElpX0pJZjRGb05oX0xR!2m2!1d48.850975977048!2d2.3505056843988!3f319.45465184359455!4f0.18332039360899444!5f0.7820865974627469\" width=\"100%\" height=\"450\" frameborder=\"0\" style=\"border:0\" allowfullscreen><\/iframe>\n<\/div>\n<\/div>\n<\/div>\n<\/div>\n<\/div>\n<\/div>\n<\/div>\n<div id=\"cmsmasters_row_69de629fa79d01_66513162\" class=\"cmsmasters_row cmsmasters_color_scheme_default cmsmasters_row_top_right_diagonal cmsmasters_row_bot_default cmsmasters_row_boxed\">\n<div class=\"cmsmasters_row_outer_parent\">\n<div class=\"cmsmasters_row_outer\">\n<div class=\"cmsmasters_row_inner\">\n<div class=\"cmsmasters_row_margin\">\n<div class=\"cmsmasters_column one_first\">\n\n<div id=\"cmsmasters_heading_69de629fa7a952_10877872\" class=\"cmsmasters_heading_wrap cmsmasters_heading_align_center\">\n\t<h1 class=\"cmsmasters_heading\">Mise \u00e0 disposition de salle en coordination avec l&rsquo;association locataire &#8211; Para la Salsa<\/h1>\n<\/div>\n<\/div>\n<\/div>\n<\/div>\n<\/div>\n<\/div>\n<\/div>\n<div id=\"cmsmasters_row_69de629fa7ab97_86356049\" class=\"cmsmasters_row cmsmasters_color_scheme_default cmsmasters_row_top_default cmsmasters_row_bot_default cmsmasters_row_boxed\">\n<div class=\"cmsmasters_row_outer_parent\">\n<div class=\"cmsmasters_row_outer\">\n<div class=\"cmsmasters_row_inner\">\n<div class=\"cmsmasters_row_margin\">\n<div class=\"cmsmasters_column one_first\">\n<div class=\"cmsmasters_text\">\n<h3 data-start=\"605\" data-end=\"657\">Un espace id\u00e9al pour la formation et la pratique<\/h3>\n<p data-start=\"659\" data-end=\"709\">Le Studio Bi\u00e8vre est particuli\u00e8rement adapt\u00e9 aux :<\/p>\n<p data-start=\"713\" data-end=\"743\">Formations<\/p>\n<p data-start=\"746\" data-end=\"793\">Stages et ateliers de d\u00e9veloppement personnel<\/p>\n<p data-start=\"796\" data-end=\"835\">S\u00e9ances de pratique psycho-corporelle<\/p>\n<p data-start=\"838\" data-end=\"884\">Cours semi-particuliers ou en petits groupes<\/p>\n<p data-start=\"886\" data-end=\"1020\">Son atmosph\u00e8re calme et concentr\u00e9e en fait un lieu parfaitement align\u00e9 avec un travail en profondeur, respectueux du rythme de chacun.<\/p>\n<h3 data-start=\"1022\" data-end=\"1055\">Des disponibilit\u00e9s en journ\u00e9e<\/h3>\n<p data-start=\"1057\" data-end=\"1121\">Le studio est disponible <strong data-start=\"1082\" data-end=\"1096\">en journ\u00e9e<\/strong>, un cr\u00e9neau id\u00e9al pour :<\/p>\n<p data-start=\"1125\" data-end=\"1161\">Organiser des modules de formation<\/p>\n<p data-start=\"1164\" data-end=\"1199\">Accueillir des groupes en semaine<\/p>\n<p data-start=\"1202\" data-end=\"1256\">Proposer des s\u00e9ances r\u00e9guli\u00e8res dans un cadre stable<\/p>\n<p data-start=\"1258\" data-end=\"1394\">Ces horaires permettent de b\u00e9n\u00e9ficier d\u2019un environnement plus paisible, favorable \u00e0 l\u2019apprentissage, \u00e0 l\u2019int\u00e9gration et \u00e0 la cr\u00e9ativit\u00e9.<\/p>\n<h3 style=\"display: none;\">Location de salle pour de la formation<\/h3>\n<\/div>\n<\/div>\n<\/div>\n<\/div>\n<\/div>\n<\/div>\n<\/div>\n<div id=\"cmsmasters_row_69de629fa7b4b7_42184602\" class=\"cmsmasters_row cmsmasters_color_scheme_default cmsmasters_row_top_right_diagonal cmsmasters_row_bot_default cmsmasters_row_boxed\">\n<div class=\"cmsmasters_row_outer_parent\">\n<div class=\"cmsmasters_row_outer\">\n<div class=\"cmsmasters_row_inner\">\n<div class=\"cmsmasters_row_margin\">\n<div class=\"cmsmasters_column one_first\">\n<\/div>\n<\/div>\n<\/div>\n<\/div>\n<\/div>\n<\/div>\n<div id=\"cmsmasters_row_69de629fa7b984_87536657\" class=\"cmsmasters_row cmsmasters_color_scheme_default cmsmasters_row_top_right_diagonal cmsmasters_row_bot_default cmsmasters_row_boxed\">\n<div class=\"cmsmasters_row_outer_parent\">\n<div class=\"cmsmasters_row_outer\">\n<div class=\"cmsmasters_row_inner\">\n<div class=\"cmsmasters_row_margin\">\n<div class=\"cmsmasters_column one_first\">\n<div class=\"cmsmasters_text\">\n<h3 style=\"text-align: center;\"><span style=\"color: #ffffff;\">i<a href=\"https:\/\/formationdansetherapie.com\/wp-content\/uploads\/2026\/03\/SITE-PLAQUETTE-MISE-A-DISPOSITON-SALLE-Paris5e-Studio-BIEVRE.pdf\">SITE PLAQUETTE MISE A DISPOSITON SALLE Paris5e Studio BIEVRE<\/a><\/span><\/h3>\n<\/div>\n<\/div>\n<\/div>\n<\/div>\n<\/div>\n<\/div>\n<\/div>","protected":false},"excerpt":{"rendered":"","protected":false},"author":1,"featured_media":0,"parent":0,"menu_order":0,"comment_status":"closed","ping_status":"closed","template":"","meta":{"_EventAllDay":false,"_EventTimezone":"","_EventStartDate":"","_EventEndDate":"","_EventStartDateUTC":"","_EventEndDateUTC":"","_EventShowMap":false,"_EventShowMapLink":false,"_EventURL":"","_EventCost":"","_EventCostDescription":"","_EventCurrencySymbol":"","_EventCurrencyCode":"","_EventCurrencyPosition":"","_EventDateTimeSeparator":"","_EventTimeRangeSeparator":"","_EventOrganizerID":[],"_EventVenueID":[],"_OrganizerEmail":"","_OrganizerPhone":"","_OrganizerWebsite":"","_VenueAddress":"","_VenueCity":"","_VenueCountry":"","_VenueProvince":"","_VenueState":"","_VenueZip":"","_VenuePhone":"","_VenueURL":"","_VenueStateProvince":"","_VenueLat":"","_VenueLng":"","_VenueShowMap":false,"_VenueShowMapLink":false,"footnotes":""},"tags":[],"class_list":["post-8853","page","type-page","status-publish","hentry"],"yoast_head":"<!-- This site is optimized with the Yoast SEO Premium plugin v23.8 (Yoast SEO v27.0) - https:\/\/yoast.com\/product\/yoast-seo-premium-wordpress\/ -->\n<title>Location de salle pour de la formation - Per Se Nota | Danse th\u00e9rapie<\/title>\n<meta name=\"description\" content=\"Vous \u00eates formateur? Et vous souhaitez r\u00e9server enotre salle pour votre propre formation, t\u00e9l\u00e9chargez la plaquette de location\" \/>\n<meta name=\"robots\" content=\"index, follow, max-snippet:-1, max-image-preview:large, max-video-preview:-1\" \/>\n<link rel=\"canonical\" href=\"https:\/\/formationdansetherapie.com\/en\/salle-de-formation\/\" \/>\n<meta property=\"og:locale\" content=\"en_US\" \/>\n<meta property=\"og:type\" content=\"article\" \/>\n<meta property=\"og:title\" content=\"Nos Salles\" \/>\n<meta property=\"og:description\" content=\"Vous \u00eates formateur? Et vous souhaitez r\u00e9server enotre salle pour votre propre formation, t\u00e9l\u00e9chargez la plaquette de location\" \/>\n<meta property=\"og:url\" content=\"https:\/\/formationdansetherapie.com\/en\/salle-de-formation\/\" \/>\n<meta property=\"og:site_name\" content=\"Per Se Nota | Danse th\u00e9rapie\" \/>\n<meta property=\"article:modified_time\" content=\"2026-03-23T10:26:51+00:00\" \/>\n<meta property=\"og:image\" content=\"https:\/\/formationdansetherapie.com\/wp-content\/uploads\/2022\/06\/localisation-salles.png\" \/>\n\t<meta property=\"og:image:width\" content=\"1267\" \/>\n\t<meta property=\"og:image:height\" content=\"482\" \/>\n\t<meta property=\"og:image:type\" content=\"image\/png\" \/>\n<meta name=\"twitter:card\" content=\"summary_large_image\" \/>\n<meta name=\"twitter:label1\" content=\"Est. reading time\" \/>\n\t<meta name=\"twitter:data1\" content=\"3 minutes\" \/>\n<script type=\"application\/ld+json\" class=\"yoast-schema-graph\">{\"@context\":\"https:\/\/schema.org\",\"@graph\":[{\"@type\":\"WebPage\",\"@id\":\"https:\/\/formationdansetherapie.com\/salle-de-formation\/\",\"url\":\"https:\/\/formationdansetherapie.com\/salle-de-formation\/\",\"name\":\"Location de salle pour de la formation - Per Se Nota | Danse th\u00e9rapie\",\"isPartOf\":{\"@id\":\"https:\/\/formationdansetherapie.com\/#website\"},\"primaryImageOfPage\":{\"@id\":\"https:\/\/formationdansetherapie.com\/salle-de-formation\/#primaryimage\"},\"image\":{\"@id\":\"https:\/\/formationdansetherapie.com\/salle-de-formation\/#primaryimage\"},\"thumbnailUrl\":\"https:\/\/formationdansetherapie.com\/wp-content\/uploads\/2022\/06\/localisation-salles.png\",\"datePublished\":\"2020-07-01T13:42:30+00:00\",\"dateModified\":\"2026-03-23T10:26:51+00:00\",\"description\":\"Vous \u00eates formateur? Et vous souhaitez r\u00e9server enotre salle pour votre propre formation, t\u00e9l\u00e9chargez la plaquette de location\",\"breadcrumb\":{\"@id\":\"https:\/\/formationdansetherapie.com\/salle-de-formation\/#breadcrumb\"},\"inLanguage\":\"en-US\",\"potentialAction\":[{\"@type\":\"ReadAction\",\"target\":[\"https:\/\/formationdansetherapie.com\/salle-de-formation\/\"]}]},{\"@type\":\"ImageObject\",\"inLanguage\":\"en-US\",\"@id\":\"https:\/\/formationdansetherapie.com\/salle-de-formation\/#primaryimage\",\"url\":\"https:\/\/formationdansetherapie.com\/wp-content\/uploads\/2022\/06\/localisation-salles.png\",\"contentUrl\":\"https:\/\/formationdansetherapie.com\/wp-content\/uploads\/2022\/06\/localisation-salles.png\"},{\"@type\":\"BreadcrumbList\",\"@id\":\"https:\/\/formationdansetherapie.com\/salle-de-formation\/#breadcrumb\",\"itemListElement\":[{\"@type\":\"ListItem\",\"position\":1,\"name\":\"Home\",\"item\":\"https:\/\/formationdansetherapie.com\/\"},{\"@type\":\"ListItem\",\"position\":2,\"name\":\"Nos Salles\"}]},{\"@type\":\"WebSite\",\"@id\":\"https:\/\/formationdansetherapie.com\/#website\",\"url\":\"https:\/\/formationdansetherapie.com\/\",\"name\":\"Per Se Nota | Danse th\u00e9rapie\",\"description\":\"Formation professionnelle danse th\u00e9rapie - professeur de danse th\u00e9rapie et danse th\u00e9rapeute\",\"potentialAction\":[{\"@type\":\"SearchAction\",\"target\":{\"@type\":\"EntryPoint\",\"urlTemplate\":\"https:\/\/formationdansetherapie.com\/?s={search_term_string}\"},\"query-input\":{\"@type\":\"PropertyValueSpecification\",\"valueRequired\":true,\"valueName\":\"search_term_string\"}}],\"inLanguage\":\"en-US\"}]}<\/script>\n<!-- \/ Yoast SEO Premium plugin. -->","yoast_head_json":{"title":"Location de salle pour de la formation - Per Se Nota | Danse th\u00e9rapie","description":"Vous \u00eates formateur? Et vous souhaitez r\u00e9server enotre salle pour votre propre formation, t\u00e9l\u00e9chargez la plaquette de location","robots":{"index":"index","follow":"follow","max-snippet":"max-snippet:-1","max-image-preview":"max-image-preview:large","max-video-preview":"max-video-preview:-1"},"canonical":"https:\/\/formationdansetherapie.com\/en\/salle-de-formation\/","og_locale":"en_US","og_type":"article","og_title":"Nos Salles","og_description":"Vous \u00eates formateur? Et vous souhaitez r\u00e9server enotre salle pour votre propre formation, t\u00e9l\u00e9chargez la plaquette de location","og_url":"https:\/\/formationdansetherapie.com\/en\/salle-de-formation\/","og_site_name":"Per Se Nota | Danse th\u00e9rapie","article_modified_time":"2026-03-23T10:26:51+00:00","og_image":[{"width":1267,"height":482,"url":"https:\/\/formationdansetherapie.com\/wp-content\/uploads\/2022\/06\/localisation-salles.png","type":"image\/png"}],"twitter_card":"summary_large_image","twitter_misc":{"Est. reading time":"3 minutes"},"schema":{"@context":"https:\/\/schema.org","@graph":[{"@type":"WebPage","@id":"https:\/\/formationdansetherapie.com\/salle-de-formation\/","url":"https:\/\/formationdansetherapie.com\/salle-de-formation\/","name":"Location de salle pour de la formation - Per Se Nota | Danse th\u00e9rapie","isPartOf":{"@id":"https:\/\/formationdansetherapie.com\/#website"},"primaryImageOfPage":{"@id":"https:\/\/formationdansetherapie.com\/salle-de-formation\/#primaryimage"},"image":{"@id":"https:\/\/formationdansetherapie.com\/salle-de-formation\/#primaryimage"},"thumbnailUrl":"https:\/\/formationdansetherapie.com\/wp-content\/uploads\/2022\/06\/localisation-salles.png","datePublished":"2020-07-01T13:42:30+00:00","dateModified":"2026-03-23T10:26:51+00:00","description":"Vous \u00eates formateur? Et vous souhaitez r\u00e9server enotre salle pour votre propre formation, t\u00e9l\u00e9chargez la plaquette de location","breadcrumb":{"@id":"https:\/\/formationdansetherapie.com\/salle-de-formation\/#breadcrumb"},"inLanguage":"en-US","potentialAction":[{"@type":"ReadAction","target":["https:\/\/formationdansetherapie.com\/salle-de-formation\/"]}]},{"@type":"ImageObject","inLanguage":"en-US","@id":"https:\/\/formationdansetherapie.com\/salle-de-formation\/#primaryimage","url":"https:\/\/formationdansetherapie.com\/wp-content\/uploads\/2022\/06\/localisation-salles.png","contentUrl":"https:\/\/formationdansetherapie.com\/wp-content\/uploads\/2022\/06\/localisation-salles.png"},{"@type":"BreadcrumbList","@id":"https:\/\/formationdansetherapie.com\/salle-de-formation\/#breadcrumb","itemListElement":[{"@type":"ListItem","position":1,"name":"Home","item":"https:\/\/formationdansetherapie.com\/"},{"@type":"ListItem","position":2,"name":"Nos Salles"}]},{"@type":"WebSite","@id":"https:\/\/formationdansetherapie.com\/#website","url":"https:\/\/formationdansetherapie.com\/","name":"Per Se Nota | Dance therapy","description":"Formation professionnelle danse th\u00e9rapie - professeur de danse th\u00e9rapie et danse th\u00e9rapeute","potentialAction":[{"@type":"SearchAction","target":{"@type":"EntryPoint","urlTemplate":"https:\/\/formationdansetherapie.com\/?s={search_term_string}"},"query-input":{"@type":"PropertyValueSpecification","valueRequired":true,"valueName":"search_term_string"}}],"inLanguage":"en-US"}]}},"_links":{"self":[{"href":"https:\/\/formationdansetherapie.com\/en\/wp-json\/wp\/v2\/pages\/8853","targetHints":{"allow":["GET"]}}],"collection":[{"href":"https:\/\/formationdansetherapie.com\/en\/wp-json\/wp\/v2\/pages"}],"about":[{"href":"https:\/\/formationdansetherapie.com\/en\/wp-json\/wp\/v2\/types\/page"}],"author":[{"embeddable":true,"href":"https:\/\/formationdansetherapie.com\/en\/wp-json\/wp\/v2\/users\/1"}],"replies":[{"embeddable":true,"href":"https:\/\/formationdansetherapie.com\/en\/wp-json\/wp\/v2\/comments?post=8853"}],"version-history":[{"count":23,"href":"https:\/\/formationdansetherapie.com\/en\/wp-json\/wp\/v2\/pages\/8853\/revisions"}],"predecessor-version":[{"id":20452,"href":"https:\/\/formationdansetherapie.com\/en\/wp-json\/wp\/v2\/pages\/8853\/revisions\/20452"}],"wp:attachment":[{"href":"https:\/\/formationdansetherapie.com\/en\/wp-json\/wp\/v2\/media?parent=8853"}],"wp:term":[{"taxonomy":"post_tag","embeddable":true,"href":"https:\/\/formationdansetherapie.com\/en\/wp-json\/wp\/v2\/tags?post=8853"}],"curies":[{"name":"wp","href":"https:\/\/api.w.org\/{rel}","templated":true}]}}