{"id":8845,"date":"2020-07-01T15:38:17","date_gmt":"2020-07-01T13:38:17","guid":{"rendered":"http:\/\/formationdansetherapie.com\/?page_id=8845"},"modified":"2024-03-27T03:33:33","modified_gmt":"2024-03-27T02:33:33","slug":"les-formateurs","status":"publish","type":"page","link":"https:\/\/formationdansetherapie.com\/en\/les-formateurs\/","title":{"rendered":"Trainers"},"content":{"rendered":"<style type=\"text\/css\"> \n#cmsmasters_row_69e003e8b111f0_35817534 .cmsmasters_row_outer_parent { \n\tpadding-top: 50px; \n} \n\n#cmsmasters_row_69e003e8b111f0_35817534 .cmsmasters_row_outer_parent { \n\tpadding-bottom: 50px; \n} \n\n \n#cmsmasters_row_69e003e8b11ba4_46875036 .cmsmasters_row_outer_parent { \n\tpadding-top: 50px; \n} \n\n#cmsmasters_row_69e003e8b11ba4_46875036 .cmsmasters_row_outer_parent { \n\tpadding-bottom: 50px; \n} \n\n \n#cmsmasters_row_69e003e8b22e69_54096308 .cmsmasters_row_outer_parent { \n\tpadding-top: 0px; \n} \n\n#cmsmasters_row_69e003e8b22e69_54096308 .cmsmasters_row_outer_parent { \n\tpadding-bottom: 50px; \n} \n\n<\/style><div id=\"cmsmasters_row_69e003e8b111f0_35817534\" class=\"cmsmasters_row cmsmasters_color_scheme_default cmsmasters_row_top_default cmsmasters_row_bot_default cmsmasters_row_boxed\">\n<div class=\"cmsmasters_row_outer_parent\">\n<div class=\"cmsmasters_row_outer\">\n<div class=\"cmsmasters_row_inner\">\n<div class=\"cmsmasters_row_margin\">\n<div class=\"cmsmasters_column one_first\">\n<div class=\"cmsmasters_text\">\n<h2 style=\"text-align: center;\"><strong>Trainers<\/strong><\/h2>\n<\/div>\n<\/div>\n<\/div>\n<\/div>\n<\/div>\n<\/div>\n<\/div>\n<div id=\"cmsmasters_row_69e003e8b11ba4_46875036\" class=\"cmsmasters_row cmsmasters_color_scheme_default cmsmasters_row_top_default cmsmasters_row_bot_default cmsmasters_row_boxed\">\n<div class=\"cmsmasters_row_outer_parent\">\n<div class=\"cmsmasters_row_outer\">\n<div class=\"cmsmasters_row_inner\">\n<div class=\"cmsmasters_row_margin\">\n<div class=\"cmsmasters_column one_first\">\n<p><\/p>\n<\/div>\n<\/div>\n<\/div>\n<\/div>\n<\/div>\n<\/div>\n<div id=\"cmsmasters_row_69e003e8b22e69_54096308\" class=\"cmsmasters_row cmsmasters_color_scheme_default cmsmasters_row_top_default cmsmasters_row_bot_default cmsmasters_row_boxed\">\n<div class=\"cmsmasters_row_outer_parent\">\n<div class=\"cmsmasters_row_outer\">\n<div class=\"cmsmasters_row_inner\">\n<div class=\"cmsmasters_row_margin\">\n<div class=\"cmsmasters_column one_first\">\n<div class=\"cmsmasters_text\">\n<div style=\"display: none;\">\n<p>For seo purpose:<\/p>\n<p><a href=\"\/en\/formations-danse-therapie\/\">Formations Danse Therapie<\/a><\/p>\n<p><a href=\"https:\/\/paralasalsa.com\/\">Paralasalsa<\/a><\/p>\n<p><strong>Our team<\/strong><\/p>\n<p>Trainers<strong>Pascale Saly-Giocanti<\/strong><br \/>\nPascale est n\u00e9e \u00e0 Paris, issue d\u2019un m\u00e8re espagnole ayant v\u00e9cu en Alg\u00e9rie et d\u2019un p\u00e8re Corse.<\/p>\n<p>Elle porte en elle plusieurs m\u00e9langes culturels, religieux.<\/p>\n<p>Elle va consacrer une partie de sa vie \u00e0 tisser des liens entre des domaines, des espaces distincts.<\/p>\n<p>M\u00e9tis\u2019danse\u00a9 est le fruit concret des liens qu\u2019elle a tiss\u00e9 lors de ses dix ann\u00e9es pass\u00e9es \u00e0 l\u2019\u00e9tranger.<\/p>\n<p>Il int\u00e8gre des valeurs essentiel de partage, de vivre ensemble et de faire avec l\u2019autre ou les autres.<\/p>\n<p>Petit \u00e0 petit, le m\u00e9tis\u2019danse\u00a9 va devenir \u00e9galement un espace de danse th\u00e9rapie o\u00f9 l\u2019on voyage en soi<br \/>\n<strong>Jo\u00eblle Hottlet<\/strong><br \/>\nJo\u00eblle Hottlet est une femme passionn\u00e9e par l\u2019\u00e9ducation et le bien-\u00eatre des enfants. Son parcours atypique l\u2019a conduite \u00e0 explorer diff\u00e9rentes facettes de sa vocation. En effet elle est pass\u00e9e de pharmacienne \u00e0 fondatrice d\u2019une \u00e9cole alternative, puis formatrice en danse th\u00e9rapie.<\/p>\n<p>N\u00e9e au Canada, Joelle a toujours \u00e9t\u00e9 attir\u00e9e par le monde de la sant\u00e9. Tout d\u2019abord elle a choisi de poursuivre des \u00e9tudes de pharmacie. Elle \u00e9tait convaincue que c\u2019\u00e9tait la voie id\u00e9ale pour aider les autres. Ainsi pendant plusieurs ann\u00e9es, elle a exerc\u00e9 son m\u00e9tier de pharmacienne, apportant conseils et soutien \u00e0 sa communaut\u00e9.<\/p>\n<p><strong>Anne Rasquin<\/strong><br \/>\nAnne Rasquin pratique psychanalyse int\u00e9grative car, si elle reprend une partie des bases th\u00e9oriques de la psychanalyse traditionnelle, elle int\u00e8gre de nombreuses approches plus modernes (Th\u00e9rapie existentielle d\u2019Irvin Yalom, approches corporelles et \u00e9motionnelles de la th\u00e9rapie des Sch\u00e9mas et de la Gestalt Therapy), et s\u2019adapte ainsi davantage \u00e0 la demande et la souffrance de l\u2019actualit\u00e9 du patient. Les formateurs<\/p>\n<\/div>\n<\/div>\n<\/div>\n<\/div>\n<\/div>\n<\/div>\n<\/div>\n<\/div>","protected":false},"excerpt":{"rendered":"","protected":false},"author":1,"featured_media":12920,"parent":0,"menu_order":0,"comment_status":"closed","ping_status":"closed","template":"","meta":{"_EventAllDay":false,"_EventTimezone":"","_EventStartDate":"","_EventEndDate":"","_EventStartDateUTC":"","_EventEndDateUTC":"","_EventShowMap":false,"_EventShowMapLink":false,"_EventURL":"","_EventCost":"","_EventCostDescription":"","_EventCurrencySymbol":"","_EventCurrencyCode":"","_EventCurrencyPosition":"","_EventDateTimeSeparator":"","_EventTimeRangeSeparator":"","_EventOrganizerID":[],"_EventVenueID":[],"_OrganizerEmail":"","_OrganizerPhone":"","_OrganizerWebsite":"","_VenueAddress":"","_VenueCity":"","_VenueCountry":"","_VenueProvince":"","_VenueState":"","_VenueZip":"","_VenuePhone":"","_VenueURL":"","_VenueStateProvince":"","_VenueLat":"","_VenueLng":"","_VenueShowMap":false,"_VenueShowMapLink":false,"footnotes":""},"tags":[],"class_list":["post-8845","page","type-page","status-publish","has-post-thumbnail","hentry"],"yoast_head":"<!-- This site is optimized with the Yoast SEO Premium plugin v23.8 (Yoast SEO v27.0) - https:\/\/yoast.com\/product\/yoast-seo-premium-wordpress\/ -->\n<title>Les formateurs - Per Se Nota | Danse th\u00e9rapie<\/title>\n<meta name=\"description\" content=\"Les formateurs Voici l&#039;\u00e9quipe de la formation de danse th\u00e9rapie niveau 1. Cette formation a \u00e9t\u00e9 cr\u00e9e par Pascale Saly Giocanti\" \/>\n<meta name=\"robots\" content=\"index, follow, max-snippet:-1, max-image-preview:large, max-video-preview:-1\" \/>\n<link rel=\"canonical\" href=\"https:\/\/formationdansetherapie.com\/en\/les-formateurs\/\" \/>\n<meta property=\"og:locale\" content=\"en_US\" \/>\n<meta property=\"og:type\" content=\"article\" \/>\n<meta property=\"og:title\" content=\"Les formateurs\" \/>\n<meta property=\"og:description\" content=\"Les formateurs Voici l&#039;\u00e9quipe de la formation de danse th\u00e9rapie niveau 1. Cette formation a \u00e9t\u00e9 cr\u00e9e par Pascale Saly Giocanti\" \/>\n<meta property=\"og:url\" content=\"https:\/\/formationdansetherapie.com\/en\/les-formateurs\/\" \/>\n<meta property=\"og:site_name\" content=\"Per Se Nota | Danse th\u00e9rapie\" \/>\n<meta property=\"article:modified_time\" content=\"2024-03-27T02:33:33+00:00\" \/>\n<meta property=\"og:image\" content=\"https:\/\/formationdansetherapie.com\/wp-content\/uploads\/2023\/07\/PASCALE-SALY-GIOCANTI.png\" \/>\n\t<meta property=\"og:image:width\" content=\"1080\" \/>\n\t<meta property=\"og:image:height\" content=\"1080\" \/>\n\t<meta property=\"og:image:type\" content=\"image\/png\" \/>\n<meta name=\"twitter:card\" content=\"summary_large_image\" \/>\n<meta name=\"twitter:label1\" content=\"Est. reading time\" \/>\n\t<meta name=\"twitter:data1\" content=\"2 minutes\" \/>\n<script type=\"application\/ld+json\" class=\"yoast-schema-graph\">{\"@context\":\"https:\/\/schema.org\",\"@graph\":[{\"@type\":\"WebPage\",\"@id\":\"https:\/\/formationdansetherapie.com\/les-formateurs\/\",\"url\":\"https:\/\/formationdansetherapie.com\/les-formateurs\/\",\"name\":\"Les formateurs - Per Se Nota | Danse th\u00e9rapie\",\"isPartOf\":{\"@id\":\"https:\/\/formationdansetherapie.com\/#website\"},\"primaryImageOfPage\":{\"@id\":\"https:\/\/formationdansetherapie.com\/les-formateurs\/#primaryimage\"},\"image\":{\"@id\":\"https:\/\/formationdansetherapie.com\/les-formateurs\/#primaryimage\"},\"thumbnailUrl\":\"https:\/\/formationdansetherapie.com\/wp-content\/uploads\/2023\/07\/PASCALE-SALY-GIOCANTI.png\",\"datePublished\":\"2020-07-01T13:38:17+00:00\",\"dateModified\":\"2024-03-27T02:33:33+00:00\",\"description\":\"Les formateurs Voici l'\u00e9quipe de la formation de danse th\u00e9rapie niveau 1. Cette formation a \u00e9t\u00e9 cr\u00e9e par Pascale Saly Giocanti\",\"breadcrumb\":{\"@id\":\"https:\/\/formationdansetherapie.com\/les-formateurs\/#breadcrumb\"},\"inLanguage\":\"en-US\",\"potentialAction\":[{\"@type\":\"ReadAction\",\"target\":[\"https:\/\/formationdansetherapie.com\/les-formateurs\/\"]}]},{\"@type\":\"ImageObject\",\"inLanguage\":\"en-US\",\"@id\":\"https:\/\/formationdansetherapie.com\/les-formateurs\/#primaryimage\",\"url\":\"https:\/\/formationdansetherapie.com\/wp-content\/uploads\/2023\/07\/PASCALE-SALY-GIOCANTI.png\",\"contentUrl\":\"https:\/\/formationdansetherapie.com\/wp-content\/uploads\/2023\/07\/PASCALE-SALY-GIOCANTI.png\",\"width\":1080,\"height\":1080,\"caption\":\"Pascale Saly-Giocanti\"},{\"@type\":\"BreadcrumbList\",\"@id\":\"https:\/\/formationdansetherapie.com\/les-formateurs\/#breadcrumb\",\"itemListElement\":[{\"@type\":\"ListItem\",\"position\":1,\"name\":\"Home\",\"item\":\"https:\/\/formationdansetherapie.com\/\"},{\"@type\":\"ListItem\",\"position\":2,\"name\":\"Les formateurs\"}]},{\"@type\":\"WebSite\",\"@id\":\"https:\/\/formationdansetherapie.com\/#website\",\"url\":\"https:\/\/formationdansetherapie.com\/\",\"name\":\"Per Se Nota | Danse th\u00e9rapie\",\"description\":\"Formation professionnelle danse th\u00e9rapie - professeur de danse th\u00e9rapie et danse th\u00e9rapeute\",\"potentialAction\":[{\"@type\":\"SearchAction\",\"target\":{\"@type\":\"EntryPoint\",\"urlTemplate\":\"https:\/\/formationdansetherapie.com\/?s={search_term_string}\"},\"query-input\":{\"@type\":\"PropertyValueSpecification\",\"valueRequired\":true,\"valueName\":\"search_term_string\"}}],\"inLanguage\":\"en-US\"}]}<\/script>\n<!-- \/ Yoast SEO Premium plugin. -->","yoast_head_json":{"title":"Les formateurs - Per Se Nota | Danse th\u00e9rapie","description":"Les formateurs Voici l'\u00e9quipe de la formation de danse th\u00e9rapie niveau 1. Cette formation a \u00e9t\u00e9 cr\u00e9e par Pascale Saly Giocanti","robots":{"index":"index","follow":"follow","max-snippet":"max-snippet:-1","max-image-preview":"max-image-preview:large","max-video-preview":"max-video-preview:-1"},"canonical":"https:\/\/formationdansetherapie.com\/en\/les-formateurs\/","og_locale":"en_US","og_type":"article","og_title":"Les formateurs","og_description":"Les formateurs Voici l'\u00e9quipe de la formation de danse th\u00e9rapie niveau 1. Cette formation a \u00e9t\u00e9 cr\u00e9e par Pascale Saly Giocanti","og_url":"https:\/\/formationdansetherapie.com\/en\/les-formateurs\/","og_site_name":"Per Se Nota | Danse th\u00e9rapie","article_modified_time":"2024-03-27T02:33:33+00:00","og_image":[{"width":1080,"height":1080,"url":"https:\/\/formationdansetherapie.com\/wp-content\/uploads\/2023\/07\/PASCALE-SALY-GIOCANTI.png","type":"image\/png"}],"twitter_card":"summary_large_image","twitter_misc":{"Est. reading time":"2 minutes"},"schema":{"@context":"https:\/\/schema.org","@graph":[{"@type":"WebPage","@id":"https:\/\/formationdansetherapie.com\/les-formateurs\/","url":"https:\/\/formationdansetherapie.com\/les-formateurs\/","name":"Les formateurs - Per Se Nota | Danse th\u00e9rapie","isPartOf":{"@id":"https:\/\/formationdansetherapie.com\/#website"},"primaryImageOfPage":{"@id":"https:\/\/formationdansetherapie.com\/les-formateurs\/#primaryimage"},"image":{"@id":"https:\/\/formationdansetherapie.com\/les-formateurs\/#primaryimage"},"thumbnailUrl":"https:\/\/formationdansetherapie.com\/wp-content\/uploads\/2023\/07\/PASCALE-SALY-GIOCANTI.png","datePublished":"2020-07-01T13:38:17+00:00","dateModified":"2024-03-27T02:33:33+00:00","description":"Les formateurs Voici l'\u00e9quipe de la formation de danse th\u00e9rapie niveau 1. Cette formation a \u00e9t\u00e9 cr\u00e9e par Pascale Saly Giocanti","breadcrumb":{"@id":"https:\/\/formationdansetherapie.com\/les-formateurs\/#breadcrumb"},"inLanguage":"en-US","potentialAction":[{"@type":"ReadAction","target":["https:\/\/formationdansetherapie.com\/les-formateurs\/"]}]},{"@type":"ImageObject","inLanguage":"en-US","@id":"https:\/\/formationdansetherapie.com\/les-formateurs\/#primaryimage","url":"https:\/\/formationdansetherapie.com\/wp-content\/uploads\/2023\/07\/PASCALE-SALY-GIOCANTI.png","contentUrl":"https:\/\/formationdansetherapie.com\/wp-content\/uploads\/2023\/07\/PASCALE-SALY-GIOCANTI.png","width":1080,"height":1080,"caption":"Pascale Saly-Giocanti"},{"@type":"BreadcrumbList","@id":"https:\/\/formationdansetherapie.com\/les-formateurs\/#breadcrumb","itemListElement":[{"@type":"ListItem","position":1,"name":"Home","item":"https:\/\/formationdansetherapie.com\/"},{"@type":"ListItem","position":2,"name":"Les formateurs"}]},{"@type":"WebSite","@id":"https:\/\/formationdansetherapie.com\/#website","url":"https:\/\/formationdansetherapie.com\/","name":"Per Se Nota | Dance therapy","description":"Formation professionnelle danse th\u00e9rapie - professeur de danse th\u00e9rapie et danse th\u00e9rapeute","potentialAction":[{"@type":"SearchAction","target":{"@type":"EntryPoint","urlTemplate":"https:\/\/formationdansetherapie.com\/?s={search_term_string}"},"query-input":{"@type":"PropertyValueSpecification","valueRequired":true,"valueName":"search_term_string"}}],"inLanguage":"en-US"}]}},"_links":{"self":[{"href":"https:\/\/formationdansetherapie.com\/en\/wp-json\/wp\/v2\/pages\/8845","targetHints":{"allow":["GET"]}}],"collection":[{"href":"https:\/\/formationdansetherapie.com\/en\/wp-json\/wp\/v2\/pages"}],"about":[{"href":"https:\/\/formationdansetherapie.com\/en\/wp-json\/wp\/v2\/types\/page"}],"author":[{"embeddable":true,"href":"https:\/\/formationdansetherapie.com\/en\/wp-json\/wp\/v2\/users\/1"}],"replies":[{"embeddable":true,"href":"https:\/\/formationdansetherapie.com\/en\/wp-json\/wp\/v2\/comments?post=8845"}],"version-history":[{"count":0,"href":"https:\/\/formationdansetherapie.com\/en\/wp-json\/wp\/v2\/pages\/8845\/revisions"}],"wp:featuredmedia":[{"embeddable":true,"href":"https:\/\/formationdansetherapie.com\/en\/wp-json\/wp\/v2\/media\/12920"}],"wp:attachment":[{"href":"https:\/\/formationdansetherapie.com\/en\/wp-json\/wp\/v2\/media?parent=8845"}],"wp:term":[{"taxonomy":"post_tag","embeddable":true,"href":"https:\/\/formationdansetherapie.com\/en\/wp-json\/wp\/v2\/tags?post=8845"}],"curies":[{"name":"wp","href":"https:\/\/api.w.org\/{rel}","templated":true}]}}