{"id":8714,"date":"2020-06-27T22:59:23","date_gmt":"2020-06-27T20:59:23","guid":{"rendered":"http:\/\/formationdansetherapie.com\/?page_id=8714"},"modified":"2025-01-05T01:31:12","modified_gmt":"2025-01-05T00:31:12","slug":"le-metier-de-danse-therapeute","status":"publish","type":"page","link":"https:\/\/formationdansetherapie.com\/en\/le-metier-de-danse-therapeute\/","title":{"rendered":"Le m\u00e9tier danse th\u00e9rapeute"},"content":{"rendered":"<style type=\"text\/css\"> \n#cmsmasters_row_69e215e29e05e6_80740649 { \n\tbackground-image: url(https:\/\/formationdansetherapie.com\/wp-content\/uploads\/2024\/12\/home-page.png); \n\tbackground-position: top center; \n\tbackground-repeat: no-repeat; \n\tbackground-attachment: scroll; \n\tbackground-size: cover; \n} \n\n#cmsmasters_row_69e215e29e05e6_80740649 .cmsmasters_row_outer_parent { \n\tpadding-top: 90px; \n} \n\n#cmsmasters_row_69e215e29e05e6_80740649 .cmsmasters_row_outer_parent { \n\tpadding-bottom: 300px; \n} \n\n \n#cmsmasters_row_69e215e29e5df6_83806591 { \n\tbackground-color:#ffffff;\n} \n\n#cmsmasters_row_69e215e29e5df6_83806591 .cmsmasters_row_outer_parent { \n\tpadding-top: 20px; \n} \n\n#cmsmasters_row_69e215e29e5df6_83806591 .cmsmasters_row_outer_parent { \n\tpadding-bottom: 20px; \n} \n\n \n#cmsmasters_heading_69e215e29ea000_78753428 { \n\ttext-align:left; \n\tmargin-top:90px; \n\tmargin-bottom:0px; \n} \n\n#cmsmasters_heading_69e215e29ea000_78753428 .cmsmasters_heading { \n\ttext-align:left; \n} \n\n#cmsmasters_heading_69e215e29ea000_78753428 .cmsmasters_heading, #cmsmasters_heading_69e215e29ea000_78753428 .cmsmasters_heading a { \n\tfont-size:34px; \n\tline-height:40px; \n\tfont-weight:300; \n\tfont-style:normal; \n} \n\n#cmsmasters_heading_69e215e29ea000_78753428 .cmsmasters_heading_divider { \n} \n\n \n#cmsmasters_heading_69e215e29eafc2_66231011 { \n\ttext-align:left; \n\tmargin-top:0px; \n\tmargin-bottom:65px; \n} \n\n#cmsmasters_heading_69e215e29eafc2_66231011 .cmsmasters_heading { \n\ttext-align:left; \n} \n\n#cmsmasters_heading_69e215e29eafc2_66231011 .cmsmasters_heading, #cmsmasters_heading_69e215e29eafc2_66231011 .cmsmasters_heading a { \n\tfont-family:'Lato'; \n\tfont-size:18px; \n\tline-height:32px; \n\tfont-weight:normal; \n\tfont-style:italic; \n\tcolor:#ea6045;\n} \n\n#cmsmasters_heading_69e215e29eafc2_66231011 .cmsmasters_heading_divider { \n} \n\n \n#cmsmasters_row_69e215e29ec3a4_69995578 .cmsmasters_row_outer_parent { \n\tpadding-top: 0px; \n} \n\n#cmsmasters_row_69e215e29ec3a4_69995578 .cmsmasters_row_outer_parent { \n\tpadding-bottom: 50px; \n} \n\n \n#cmsmasters_row_69e215e29f7e43_15923760 .cmsmasters_row_outer_parent { \n\tpadding-top: 0px; \n} \n\n#cmsmasters_row_69e215e29f7e43_15923760 .cmsmasters_row_outer_parent { \n\tpadding-bottom: 50px; \n} \n\n<\/style><div id=\"cmsmasters_row_69e215e29e05e6_80740649\" class=\"cmsmasters_row cmsmasters_color_scheme_default cmsmasters_row_top_default cmsmasters_row_bot_default cmsmasters_row_boxed\">\n<div class=\"cmsmasters_row_outer_parent\">\n<div class=\"cmsmasters_row_outer\">\n<div class=\"cmsmasters_row_inner\">\n<div class=\"cmsmasters_row_margin\">\n<div class=\"cmsmasters_column one_first\">\n<\/div>\n<\/div>\n<\/div>\n<\/div>\n<\/div>\n<\/div>\n<div id=\"cmsmasters_row_69e215e29e5df6_83806591\" class=\"cmsmasters_row cmsmasters_color_scheme_default cmsmasters_row_top_default cmsmasters_row_bot_default cmsmasters_row_boxed\">\n<div class=\"cmsmasters_row_outer_parent\">\n<div class=\"cmsmasters_row_outer\">\n<div class=\"cmsmasters_row_inner\">\n<div class=\"cmsmasters_row_margin\">\n<div class=\"cmsmasters_column one_first\">\n\n<div id=\"cmsmasters_heading_69e215e29ea000_78753428\" class=\"cmsmasters_heading_wrap cmsmasters_heading_align_left\">\n\t<h2 class=\"cmsmasters_heading\">Devenir professionnel<\/h2>\n<\/div>\n<div id=\"cmsmasters_heading_69e215e29eafc2_66231011\" class=\"cmsmasters_heading_wrap cmsmasters_heading_align_left\">\n\t<h3 class=\"cmsmasters_heading\">Become a dance therapist, choose a job from the heart<\/h3>\n<\/div><div class=\"cmsmasters_text\">\n<h2><span style=\"font-weight: 400;\">O\u00f9 enseigner la danse th\u00e9rapie ?<\/span><\/h2>\n<ul>\n<li style=\"font-weight: 400;\" aria-level=\"1\"><span style=\"font-weight: 400;\">Au sein d\u2019une association sportive existante (307000 associations sportives en France)<\/span><\/li>\n<\/ul>\n<ul>\n<li style=\"font-weight: 400;\" aria-level=\"1\"><span style=\"font-weight: 400;\">Dans une \u00e9cole de danse ou un club de sport<\/span><\/li>\n<\/ul>\n<ul>\n<li style=\"font-weight: 400;\" aria-level=\"1\"><span style=\"font-weight: 400;\">Dans des \u00e9coles publiques ou priv\u00e9es, intervenir sur le temps p\u00e9riscolaire<\/span><\/li>\n<\/ul>\n<ul>\n<li style=\"font-weight: 400;\" aria-level=\"1\"><span style=\"font-weight: 400;\">Dans les maisons de retraite, dispenser des cours de relaxation et de danse th\u00e9rapie (+ de 10 000 maisons de retraite en France)<\/span><\/li>\n<\/ul>\n<ul>\n<li style=\"font-weight: 400;\" aria-level=\"1\"><span style=\"font-weight: 400;\">Dans les entreprises, intervenir en tant que relaxologue ou professeur de danse<\/span><\/li>\n<li style=\"font-weight: 400;\" aria-level=\"1\"><span style=\"font-weight: 400;\">A son compte, animer des s\u00e9ances collectives ou des cours particuliers de danse et relaxation<\/span><\/li>\n<\/ul>\n<h2><span style=\"font-weight: 400;\">Des horaires de travail flexibles<\/span><\/h2>\n<ul>\n<li style=\"font-weight: 400;\" aria-level=\"1\"><span style=\"font-weight: 400;\">dans la journ\u00e9e pour un public senior et certains adultes le mercredi, samedi\u00a0<\/span><\/li>\n<li style=\"font-weight: 400;\" aria-level=\"1\"><span style=\"font-weight: 400;\">\u00e0 partir de 16h30 pour un public enfants\u00a0<\/span><\/li>\n<li style=\"font-weight: 400;\" aria-level=\"1\"><span style=\"font-weight: 400;\">\u00e0 partir de 19h jusqu\u2019\u00e0 22h30 pour un public adultes ainsi que le weekend sous forme d\u2019ateliers<\/span><\/li>\n<\/ul>\n<h2><span style=\"font-weight: 400;\">Courses<\/span><\/h2>\n<p><span style=\"font-weight: 400;\">Voici des exemples de cours collectifs que vous pourrez dispenser :\u00a0<\/span><\/p>\n<ul>\n<li style=\"font-weight: 400;\" aria-level=\"1\"><span style=\"font-weight: 400;\">cours de danse th\u00e9rapie ax\u00e9e bien-\u00eatre (enfants, adultes et seniors) \/ Cr\u00e9ative Danse \/ Intuitive Danse \/ M\u00e9ditation dans\u00e9e<\/span><\/li>\n<li style=\"font-weight: 400;\" aria-level=\"1\"><span style=\"font-weight: 400;\">\u00a0cours de M\u00e9tis\u2019danse\u00a9 (enfants, adultes et seniors) en partenariat avec Pascale Saly Giocanti (licence M\u00e9tis&rsquo;danse\u00a9)\u00a0<\/span><\/li>\n<li style=\"font-weight: 400;\" aria-level=\"1\"><span style=\"font-weight: 400;\">Yoga dans\u00e9 by Per Se Nota ou cr\u00e9ative yoga (yoga dans\u00e9 pour les enfants) \u00a9<\/span><\/li>\n<\/ul>\n<div style=\"display: none;\">\n<h3>Le m\u00e9tier danse th\u00e9rapeute<\/h3>\n<p>e association sportive existante (307000 associations sportives en France)<br \/>\nDans une \u00e9cole de danse ou un club de sport<br \/>\nDans des \u00e9coles publiques ou priv\u00e9es, intervenir sur le temps p\u00e9riscolaire<\/p>\n<p>&nbsp;<\/p>\n<h2>Become a dance therapist<\/h2>\n<p>Dans les maisons de retraite, dispenser des cours de relaxation et de dans. existante (307000 associations sportives en. 19h jusqu\u2019\u00e0 22h30 pour un public adultes ainsi que le weekend sous forme. ariat avec Pascale Saly Giocanti (licence M\u00e9tis&rsquo;danse<\/p>\n<p><a href=\"https:\/\/formationdansetherapie.com\/en\/le-metier-de-danse-therapeute\/\">p\u00e9riscolaire<\/a><\/p>\n<p>\u00e9rapie ax\u00e9e bien-\u00eatre (enfants, adultes et seniors) \/ Cr\u00e9ative Danse \/ Intuitive Danse \/ M\u00e9ditation dans\u00e9e<br \/>\ncours de M\u00e9tis\u2019danse\u00a9 (enfants, adultes et seniors) en partenariat avec Pascale Saly Giocanti. sur le temps p\u00e9riscolaire<\/p>\n<h3>Become a dance therapist<\/h3>\n<p>des \u00e9coles publiques ou priv\u00e9es, intervenir sur le temps<\/p>\n<h3>Le m\u00e9tier danse th\u00e9rapeute<\/h3>\n<\/div>\n<\/div>\n<\/div>\n<\/div>\n<\/div>\n<\/div>\n<\/div>\n<\/div>\n<div id=\"cmsmasters_row_69e215e29ec3a4_69995578\" class=\"cmsmasters_row cmsmasters_color_scheme_default cmsmasters_row_top_default cmsmasters_row_bot_default cmsmasters_row_boxed\">\n<div class=\"cmsmasters_row_outer_parent\">\n<div class=\"cmsmasters_row_outer\">\n<div class=\"cmsmasters_row_inner\">\n<div class=\"cmsmasters_row_margin\">\n<div class=\"cmsmasters_column one_first\">\n<div class=\"cmsmasters_embed_wrap\">\n<iframe loading=\"lazy\" title=\"Devenir professeur de danse th\u00e9rapie par Pascale Saly Giocanti\" width=\"500\" height=\"281\" src=\"https:\/\/www.youtube.com\/embed\/5ioK0-pj-bo?feature=oembed\" frameborder=\"0\" allow=\"accelerometer; autoplay; clipboard-write; encrypted-media; gyroscope; picture-in-picture; web-share\" referrerpolicy=\"strict-origin-when-cross-origin\" allowfullscreen><\/iframe><\/div>\n<\/div>\n<\/div>\n<\/div>\n<\/div>\n<\/div>\n<\/div>\n<div id=\"cmsmasters_row_69e215e29f7e43_15923760\" class=\"cmsmasters_row cmsmasters_color_scheme_default cmsmasters_row_top_default cmsmasters_row_bot_default cmsmasters_row_boxed\">\n<div class=\"cmsmasters_row_outer_parent\">\n<div class=\"cmsmasters_row_outer\">\n<div class=\"cmsmasters_row_inner\">\n<div class=\"cmsmasters_row_margin\">\n<div class=\"cmsmasters_column one_first\">\n<\/div>\n<\/div>\n<\/div>\n<\/div>\n<\/div>\n<\/div>","protected":false},"excerpt":{"rendered":"","protected":false},"author":1,"featured_media":15561,"parent":0,"menu_order":0,"comment_status":"closed","ping_status":"closed","template":"","meta":{"_EventAllDay":false,"_EventTimezone":"","_EventStartDate":"","_EventEndDate":"","_EventStartDateUTC":"","_EventEndDateUTC":"","_EventShowMap":false,"_EventShowMapLink":false,"_EventURL":"","_EventCost":"","_EventCostDescription":"","_EventCurrencySymbol":"","_EventCurrencyCode":"","_EventCurrencyPosition":"","_EventDateTimeSeparator":"","_EventTimeRangeSeparator":"","_EventOrganizerID":[],"_EventVenueID":[],"_OrganizerEmail":"","_OrganizerPhone":"","_OrganizerWebsite":"","_VenueAddress":"","_VenueCity":"","_VenueCountry":"","_VenueProvince":"","_VenueState":"","_VenueZip":"","_VenuePhone":"","_VenueURL":"","_VenueStateProvince":"","_VenueLat":"","_VenueLng":"","_VenueShowMap":false,"_VenueShowMapLink":false,"footnotes":""},"tags":[132,137,138,141,129,124,135,131,134,133,139,130,126,122,125,140,136,128,123,127],"class_list":["post-8714","page","type-page","status-publish","has-post-thumbnail","hentry","tag-carriere-en-danse-therapie","tag-certification-en-danse-therapie","tag-developpement-professionnel-en-danse-therapie","tag-devenir-danse-therapeute","tag-digital-dance-therapy-education","tag-distance-learning-program-in-dance-therapy","tag-education-en-danse-therapie","tag-educational-resources-for-online-dance-therapy","tag-etapes-pour-devenir-danse-therapeute","tag-exigences-de-formation-en-danse-therapie","tag-licence-en-danse-therapie","tag-online-access-to-dance-therapy","tag-online-certification-in-dance-therapy","tag-online-dance-therapy-training","tag-online-learning-for-dance-therapy","tag-parcours-du-praticien-en-danse-therapie","tag-qualifications-pour-la-danse-therapie","tag-remote-studies-in-dance-therapy","tag-virtual-dance-therapy-courses","tag-virtual-dance-therapy-training-modules"],"yoast_head":"<!-- This site is optimized with the Yoast SEO Premium plugin v23.8 (Yoast SEO v27.0) - https:\/\/yoast.com\/product\/yoast-seo-premium-wordpress\/ -->\n<title>Le m\u00e9tier danse th\u00e9rapeute - Per Se Nota | Danse th\u00e9rapie<\/title>\n<meta name=\"description\" content=\"Devenir danse th\u00e9rapeute, un projet de toute une vie en commen\u00e7ant par une formation pour apprendre les comp\u00e9tences de danse et psychologie\" \/>\n<meta name=\"robots\" content=\"index, follow, max-snippet:-1, max-image-preview:large, max-video-preview:-1\" \/>\n<link rel=\"canonical\" href=\"https:\/\/formationdansetherapie.com\/en\/le-metier-de-danse-therapeute\/\" \/>\n<meta property=\"og:locale\" content=\"en_US\" \/>\n<meta property=\"og:type\" content=\"article\" \/>\n<meta property=\"og:title\" content=\"Le m\u00e9tier danse th\u00e9rapeute\" \/>\n<meta property=\"og:description\" content=\"Devenir danse th\u00e9rapeute, un projet de toute une vie en commen\u00e7ant par une formation pour apprendre les comp\u00e9tences de danse et psychologie\" \/>\n<meta property=\"og:url\" content=\"https:\/\/formationdansetherapie.com\/en\/le-metier-de-danse-therapeute\/\" \/>\n<meta property=\"og:site_name\" content=\"Per Se Nota | Danse th\u00e9rapie\" \/>\n<meta property=\"article:modified_time\" content=\"2025-01-05T00:31:12+00:00\" \/>\n<meta property=\"og:image\" content=\"https:\/\/formationdansetherapie.com\/wp-content\/uploads\/2025\/01\/home-page-resized.png\" \/>\n\t<meta property=\"og:image:width\" content=\"1500\" \/>\n\t<meta property=\"og:image:height\" content=\"546\" \/>\n\t<meta property=\"og:image:type\" content=\"image\/png\" \/>\n<meta name=\"twitter:card\" content=\"summary_large_image\" \/>\n<meta name=\"twitter:label1\" content=\"Est. reading time\" \/>\n\t<meta name=\"twitter:data1\" content=\"2 minutes\" \/>\n<script type=\"application\/ld+json\" class=\"yoast-schema-graph\">{\"@context\":\"https:\/\/schema.org\",\"@graph\":[{\"@type\":\"WebPage\",\"@id\":\"https:\/\/formationdansetherapie.com\/le-metier-de-danse-therapeute\/\",\"url\":\"https:\/\/formationdansetherapie.com\/le-metier-de-danse-therapeute\/\",\"name\":\"Le m\u00e9tier danse th\u00e9rapeute - Per Se Nota | Danse th\u00e9rapie\",\"isPartOf\":{\"@id\":\"https:\/\/formationdansetherapie.com\/#website\"},\"primaryImageOfPage\":{\"@id\":\"https:\/\/formationdansetherapie.com\/le-metier-de-danse-therapeute\/#primaryimage\"},\"image\":{\"@id\":\"https:\/\/formationdansetherapie.com\/le-metier-de-danse-therapeute\/#primaryimage\"},\"thumbnailUrl\":\"https:\/\/formationdansetherapie.com\/wp-content\/uploads\/2025\/01\/home-page-resized.png\",\"datePublished\":\"2020-06-27T20:59:23+00:00\",\"dateModified\":\"2025-01-05T00:31:12+00:00\",\"description\":\"Devenir danse th\u00e9rapeute, un projet de toute une vie en commen\u00e7ant par une formation pour apprendre les comp\u00e9tences de danse et psychologie\",\"breadcrumb\":{\"@id\":\"https:\/\/formationdansetherapie.com\/le-metier-de-danse-therapeute\/#breadcrumb\"},\"inLanguage\":\"en-US\",\"potentialAction\":[{\"@type\":\"ReadAction\",\"target\":[\"https:\/\/formationdansetherapie.com\/le-metier-de-danse-therapeute\/\"]}]},{\"@type\":\"ImageObject\",\"inLanguage\":\"en-US\",\"@id\":\"https:\/\/formationdansetherapie.com\/le-metier-de-danse-therapeute\/#primaryimage\",\"url\":\"https:\/\/formationdansetherapie.com\/wp-content\/uploads\/2025\/01\/home-page-resized.png\",\"contentUrl\":\"https:\/\/formationdansetherapie.com\/wp-content\/uploads\/2025\/01\/home-page-resized.png\",\"width\":1500,\"height\":546,\"caption\":\"Le m\u00e9tier danse th\u00e9rapeute\"},{\"@type\":\"BreadcrumbList\",\"@id\":\"https:\/\/formationdansetherapie.com\/le-metier-de-danse-therapeute\/#breadcrumb\",\"itemListElement\":[{\"@type\":\"ListItem\",\"position\":1,\"name\":\"Home\",\"item\":\"https:\/\/formationdansetherapie.com\/\"},{\"@type\":\"ListItem\",\"position\":2,\"name\":\"Le m\u00e9tier danse th\u00e9rapeute\"}]},{\"@type\":\"WebSite\",\"@id\":\"https:\/\/formationdansetherapie.com\/#website\",\"url\":\"https:\/\/formationdansetherapie.com\/\",\"name\":\"Per Se Nota | Danse th\u00e9rapie\",\"description\":\"Formation professionnelle danse th\u00e9rapie - professeur de danse th\u00e9rapie et danse th\u00e9rapeute\",\"potentialAction\":[{\"@type\":\"SearchAction\",\"target\":{\"@type\":\"EntryPoint\",\"urlTemplate\":\"https:\/\/formationdansetherapie.com\/?s={search_term_string}\"},\"query-input\":{\"@type\":\"PropertyValueSpecification\",\"valueRequired\":true,\"valueName\":\"search_term_string\"}}],\"inLanguage\":\"en-US\"}]}<\/script>\n<!-- \/ Yoast SEO Premium plugin. -->","yoast_head_json":{"title":"Le m\u00e9tier danse th\u00e9rapeute - Per Se Nota | Danse th\u00e9rapie","description":"Devenir danse th\u00e9rapeute, un projet de toute une vie en commen\u00e7ant par une formation pour apprendre les comp\u00e9tences de danse et psychologie","robots":{"index":"index","follow":"follow","max-snippet":"max-snippet:-1","max-image-preview":"max-image-preview:large","max-video-preview":"max-video-preview:-1"},"canonical":"https:\/\/formationdansetherapie.com\/en\/le-metier-de-danse-therapeute\/","og_locale":"en_US","og_type":"article","og_title":"Le m\u00e9tier danse th\u00e9rapeute","og_description":"Devenir danse th\u00e9rapeute, un projet de toute une vie en commen\u00e7ant par une formation pour apprendre les comp\u00e9tences de danse et psychologie","og_url":"https:\/\/formationdansetherapie.com\/en\/le-metier-de-danse-therapeute\/","og_site_name":"Per Se Nota | Danse th\u00e9rapie","article_modified_time":"2025-01-05T00:31:12+00:00","og_image":[{"width":1500,"height":546,"url":"https:\/\/formationdansetherapie.com\/wp-content\/uploads\/2025\/01\/home-page-resized.png","type":"image\/png"}],"twitter_card":"summary_large_image","twitter_misc":{"Est. reading time":"2 minutes"},"schema":{"@context":"https:\/\/schema.org","@graph":[{"@type":"WebPage","@id":"https:\/\/formationdansetherapie.com\/le-metier-de-danse-therapeute\/","url":"https:\/\/formationdansetherapie.com\/le-metier-de-danse-therapeute\/","name":"Le m\u00e9tier danse th\u00e9rapeute - Per Se Nota | Danse th\u00e9rapie","isPartOf":{"@id":"https:\/\/formationdansetherapie.com\/#website"},"primaryImageOfPage":{"@id":"https:\/\/formationdansetherapie.com\/le-metier-de-danse-therapeute\/#primaryimage"},"image":{"@id":"https:\/\/formationdansetherapie.com\/le-metier-de-danse-therapeute\/#primaryimage"},"thumbnailUrl":"https:\/\/formationdansetherapie.com\/wp-content\/uploads\/2025\/01\/home-page-resized.png","datePublished":"2020-06-27T20:59:23+00:00","dateModified":"2025-01-05T00:31:12+00:00","description":"Devenir danse th\u00e9rapeute, un projet de toute une vie en commen\u00e7ant par une formation pour apprendre les comp\u00e9tences de danse et psychologie","breadcrumb":{"@id":"https:\/\/formationdansetherapie.com\/le-metier-de-danse-therapeute\/#breadcrumb"},"inLanguage":"en-US","potentialAction":[{"@type":"ReadAction","target":["https:\/\/formationdansetherapie.com\/le-metier-de-danse-therapeute\/"]}]},{"@type":"ImageObject","inLanguage":"en-US","@id":"https:\/\/formationdansetherapie.com\/le-metier-de-danse-therapeute\/#primaryimage","url":"https:\/\/formationdansetherapie.com\/wp-content\/uploads\/2025\/01\/home-page-resized.png","contentUrl":"https:\/\/formationdansetherapie.com\/wp-content\/uploads\/2025\/01\/home-page-resized.png","width":1500,"height":546,"caption":"Le m\u00e9tier danse th\u00e9rapeute"},{"@type":"BreadcrumbList","@id":"https:\/\/formationdansetherapie.com\/le-metier-de-danse-therapeute\/#breadcrumb","itemListElement":[{"@type":"ListItem","position":1,"name":"Home","item":"https:\/\/formationdansetherapie.com\/"},{"@type":"ListItem","position":2,"name":"Le m\u00e9tier danse th\u00e9rapeute"}]},{"@type":"WebSite","@id":"https:\/\/formationdansetherapie.com\/#website","url":"https:\/\/formationdansetherapie.com\/","name":"Per Se Nota | Dance therapy","description":"Formation professionnelle danse th\u00e9rapie - professeur de danse th\u00e9rapie et danse th\u00e9rapeute","potentialAction":[{"@type":"SearchAction","target":{"@type":"EntryPoint","urlTemplate":"https:\/\/formationdansetherapie.com\/?s={search_term_string}"},"query-input":{"@type":"PropertyValueSpecification","valueRequired":true,"valueName":"search_term_string"}}],"inLanguage":"en-US"}]}},"_links":{"self":[{"href":"https:\/\/formationdansetherapie.com\/en\/wp-json\/wp\/v2\/pages\/8714","targetHints":{"allow":["GET"]}}],"collection":[{"href":"https:\/\/formationdansetherapie.com\/en\/wp-json\/wp\/v2\/pages"}],"about":[{"href":"https:\/\/formationdansetherapie.com\/en\/wp-json\/wp\/v2\/types\/page"}],"author":[{"embeddable":true,"href":"https:\/\/formationdansetherapie.com\/en\/wp-json\/wp\/v2\/users\/1"}],"replies":[{"embeddable":true,"href":"https:\/\/formationdansetherapie.com\/en\/wp-json\/wp\/v2\/comments?post=8714"}],"version-history":[{"count":9,"href":"https:\/\/formationdansetherapie.com\/en\/wp-json\/wp\/v2\/pages\/8714\/revisions"}],"predecessor-version":[{"id":15566,"href":"https:\/\/formationdansetherapie.com\/en\/wp-json\/wp\/v2\/pages\/8714\/revisions\/15566"}],"wp:featuredmedia":[{"embeddable":true,"href":"https:\/\/formationdansetherapie.com\/en\/wp-json\/wp\/v2\/media\/15561"}],"wp:attachment":[{"href":"https:\/\/formationdansetherapie.com\/en\/wp-json\/wp\/v2\/media?parent=8714"}],"wp:term":[{"taxonomy":"post_tag","embeddable":true,"href":"https:\/\/formationdansetherapie.com\/en\/wp-json\/wp\/v2\/tags?post=8714"}],"curies":[{"name":"wp","href":"https:\/\/api.w.org\/{rel}","templated":true}]}}