{"id":4952,"date":"2015-07-28T14:09:17","date_gmt":"2015-07-28T14:09:17","guid":{"rendered":"http:\/\/yoga-fit.cmsmasters.net\/?page_id=4952"},"modified":"2024-12-18T19:33:22","modified_gmt":"2024-12-18T18:33:22","slug":"contact","status":"publish","type":"page","link":"https:\/\/formationdansetherapie.com\/en\/contact\/","title":{"rendered":"Contact"},"content":{"rendered":"<style type=\"text\/css\"> \n#cmsmasters_row_69e4a49d63e026_72265512 .cmsmasters_row_outer_parent { \n\tpadding-top: 40px; \n} \n\n#cmsmasters_row_69e4a49d63e026_72265512 .cmsmasters_row_outer_parent { \n\tpadding-bottom: 40px; \n} \n\n#cmsmasters_row_69e4a49d63e026_72265512 .cmsmasters_row_overlay { \n\tbackground-color:#622084;\n} \n\n \n#cmsmasters_heading_69e4a49d63f533_10356205 { \n\ttext-align:center; \n\tmargin-top:0px; \n\tmargin-bottom:20px; \n} \n\n#cmsmasters_heading_69e4a49d63f533_10356205 .cmsmasters_heading { \n\ttext-align:center; \n} \n\n#cmsmasters_heading_69e4a49d63f533_10356205 .cmsmasters_heading, #cmsmasters_heading_69e4a49d63f533_10356205 .cmsmasters_heading a { \n\tfont-size:100px; \n\tline-height:100px; \n\tfont-weight:bold; \n\tfont-style:normal; \n\tcolor:#ffffff;\n} \n\n#cmsmasters_heading_69e4a49d63f533_10356205 .cmsmasters_heading_divider { \n} \n\n \n#cmsmasters_heading_69e4a49d63fe17_77802655 { \n\ttext-align:center; \n\tmargin-top:0px; \n\tmargin-bottom:0px; \n} \n\n#cmsmasters_heading_69e4a49d63fe17_77802655 .cmsmasters_heading { \n\ttext-align:center; \n} \n\n#cmsmasters_heading_69e4a49d63fe17_77802655 .cmsmasters_heading, #cmsmasters_heading_69e4a49d63fe17_77802655 .cmsmasters_heading a { \n\tfont-size:48px; \n\tline-height:65px; \n\tfont-weight:300; \n\tfont-style:normal; \n\tcolor:#ffffff;\n} \n\n#cmsmasters_heading_69e4a49d63fe17_77802655 .cmsmasters_heading_divider { \n} \n\n \n#cmsmasters_heading_69e4a49d640583_96563068 { \n\ttext-align:center; \n\tmargin-top:0px; \n\tmargin-bottom:0px; \n} \n\n#cmsmasters_heading_69e4a49d640583_96563068 .cmsmasters_heading { \n\ttext-align:center; \n} \n\n#cmsmasters_heading_69e4a49d640583_96563068 .cmsmasters_heading, #cmsmasters_heading_69e4a49d640583_96563068 .cmsmasters_heading a { \n\tfont-family:'Lato'; \n\tfont-size:18px; \n\tline-height:24px; \n\tfont-weight:normal; \n\tfont-style:italic; \n\tcolor:#ea6045;\n} \n\n#cmsmasters_heading_69e4a49d640583_96563068 .cmsmasters_heading_divider { \n} \n\n \n#cmsmasters_row_69e4a49d6408a2_59178479 .cmsmasters_row_outer_parent { \n\tpadding-top: 0px; \n} \n\n#cmsmasters_row_69e4a49d6408a2_59178479 .cmsmasters_row_outer_parent { \n\tpadding-bottom: 0px; \n} \n\n \n#cmsmasters_heading_69e4a49d645336_08316249 { \n\ttext-align:left; \n\tmargin-top:30px; \n\tmargin-bottom:20px; \n} \n\n#cmsmasters_heading_69e4a49d645336_08316249 .cmsmasters_heading { \n\ttext-align:left; \n} \n\n#cmsmasters_heading_69e4a49d645336_08316249 .cmsmasters_heading, #cmsmasters_heading_69e4a49d645336_08316249 .cmsmasters_heading a { \n\tfont-size:24px; \n\tline-height:28px; \n\tfont-weight:300; \n\tfont-style:normal; \n} \n\n#cmsmasters_heading_69e4a49d645336_08316249 .cmsmasters_heading_divider { \n} \n\n \n#cmsmasters_heading_69e4a49d645b52_64494417 { \n\ttext-align:left; \n\tmargin-top:30px; \n\tmargin-bottom:20px; \n} \n\n#cmsmasters_heading_69e4a49d645b52_64494417 .cmsmasters_heading { \n\ttext-align:left; \n} \n\n#cmsmasters_heading_69e4a49d645b52_64494417 .cmsmasters_heading, #cmsmasters_heading_69e4a49d645b52_64494417 .cmsmasters_heading a { \n\tfont-size:24px; \n\tline-height:28px; \n\tfont-weight:300; \n\tfont-style:normal; \n} \n\n#cmsmasters_heading_69e4a49d645b52_64494417 .cmsmasters_heading_divider { \n} \n\n \n#cmsmasters_heading_69e4a49d646275_98014914 { \n\ttext-align:left; \n\tmargin-top:30px; \n\tmargin-bottom:20px; \n} \n\n#cmsmasters_heading_69e4a49d646275_98014914 .cmsmasters_heading { \n\ttext-align:left; \n} \n\n#cmsmasters_heading_69e4a49d646275_98014914 .cmsmasters_heading, #cmsmasters_heading_69e4a49d646275_98014914 .cmsmasters_heading a { \n\tfont-size:24px; \n\tline-height:28px; \n\tfont-weight:300; \n\tfont-style:normal; \n} \n\n#cmsmasters_heading_69e4a49d646275_98014914 .cmsmasters_heading_divider { \n} \n\n \n#cmsmasters_row_69e4a49d6464d9_21281264 .cmsmasters_row_outer_parent { \n\tpadding-top: 100px; \n} \n\n#cmsmasters_row_69e4a49d6464d9_21281264 .cmsmasters_row_outer_parent { \n\tpadding-bottom: 50px; \n} \n\n\n\t#mc_embed_signup{background:#fff; clear:left; font:14px Helvetica,Arial,sans-serif; }<br \/>\t\/* Add your own Mailchimp form style overrides in your site stylesheet or in this style block.<br \/>\t   We recommend moving this block and the preceding CSS link to the HEAD of your HTML file. *\/<br \/>\n\t\t\t\t#wpforms-13369 {\n\t\t\t\t\n\t\t\t}\n\t\t\t<\/style><div id=\"cmsmasters_row_69e4a49d63e026_72265512\" class=\"cmsmasters_row cmsmasters_color_scheme_default cmsmasters_row_top_right_diagonal cmsmasters_row_bot_default cmsmasters_row_boxed\">\n<div class=\"cmsmasters_row_outer_parent\">\n<div class=\"cmsmasters_row_overlay\"><\/div>\n<div class=\"cmsmasters_row_outer\">\n<div class=\"cmsmasters_row_inner\">\n<div class=\"cmsmasters_row_margin\">\n<div class=\"cmsmasters_column one_first\">\n\n<div id=\"cmsmasters_heading_69e4a49d63f533_10356205\" class=\"cmsmasters_heading_wrap cmsmasters_heading_align_center\">\n\t<h2 class=\"cmsmasters_heading\"><a href=\"\/contact\/\">CONTACT<\/a><\/h2>\n<\/div>\n<div id=\"cmsmasters_heading_69e4a49d63fe17_77802655\" class=\"cmsmasters_heading_wrap cmsmasters_heading_align_center\">\n\t<h1 class=\"cmsmasters_heading\">Per se Nota\u00a9<\/h1>\n<\/div>\n<div id=\"cmsmasters_heading_69e4a49d640583_96563068\" class=\"cmsmasters_heading_wrap cmsmasters_heading_align_center\">\n\t<h3 class=\"cmsmasters_heading\">Espace de bien-\u00eatre et de formations <\/h3>\n<\/div>\n<\/div>\n<\/div>\n<\/div>\n<\/div>\n<\/div>\n<\/div>\n<div id=\"cmsmasters_row_69e4a49d6408a2_59178479\" class=\"cmsmasters_row cmsmasters_color_scheme_default cmsmasters_row_top_default cmsmasters_row_bot_default cmsmasters_row_boxed\">\n<div class=\"cmsmasters_row_outer_parent\">\n<div class=\"cmsmasters_row_outer\">\n<div class=\"cmsmasters_row_inner\">\n<div class=\"cmsmasters_row_margin\">\n<div class=\"cmsmasters_column one_third\">\n<div class=\"aligncenter\">\n<div class=\"cmsmasters_img  cmsmasters_image_c\">\n<a href=\"http:\/\/formationdansetherapie.com\/wp-content\/uploads\/2020\/10\/module-9-les-fondamentaux-de-la-relaxation_1900px.jpg\"><img decoding=\"async\" src=\"https:\/\/formationdansetherapie.com\/wp-content\/uploads\/2020\/10\/module-9-les-fondamentaux-de-la-relaxation_1900px-300x200.jpg\" alt=\"La formation de danse th\u00e9rapie\" \/><\/a>\n<\/div>\n<\/div>\n<\/div>\n<div class=\"cmsmasters_column two_third Joignez-nous :\">\n\n<div id=\"cmsmasters_heading_69e4a49d645336_08316249\" class=\"cmsmasters_heading_wrap cmsmasters_heading_align_left\">\n\t<h2 class=\"cmsmasters_heading cmsmasters-icon-phone\">Par t\u00e9l\u00e9phone : 07 68 52 77 07<\/h2>\n<\/div>\n<div id=\"cmsmasters_heading_69e4a49d645b52_64494417\" class=\"cmsmasters_heading_wrap cmsmasters_heading_align_left\">\n\t<h2 class=\"cmsmasters_heading cmsmasters-icon-mail-1\">Par mail : paralasalsa@gmail.com<\/h2>\n<\/div>\n<div id=\"cmsmasters_heading_69e4a49d646275_98014914\" class=\"cmsmasters_heading_wrap cmsmasters_heading_align_left\">\n\t<h2 class=\"cmsmasters_heading cmsmasters-icon-home-2\">Par courrier : 8 rue de Bi\u00e8vre 75005 Paris<\/h2>\n<\/div>\n<\/div>\n<\/div>\n<\/div>\n<\/div>\n<\/div>\n<\/div>\n<div id=\"cmsmasters_row_69e4a49d6464d9_21281264\" class=\"cmsmasters_row cmsmasters_color_scheme_default cmsmasters_row_top_default cmsmasters_row_bot_default cmsmasters_row_boxed\">\n<div class=\"cmsmasters_row_outer_parent\">\n<div class=\"cmsmasters_row_outer\">\n<div class=\"cmsmasters_row_inner\">\n<div class=\"cmsmasters_row_margin\">\n<div class=\"cmsmasters_column one_first\">\n<div class=\"cmsmasters_text\">\n<p><\/p>\n<\/div>\n<\/div>\n<\/div>\n<\/div>\n<\/div>\n<\/div>\n<\/div>\n<div id=\"cmsmasters_row_69e4a49d646a68_91605410\" class=\"cmsmasters_row cmsmasters_color_scheme_default cmsmasters_row_top_default cmsmasters_row_bot_default cmsmasters_row_boxed\">\n<div class=\"cmsmasters_row_outer_parent\">\n<div class=\"cmsmasters_row_outer\">\n<div class=\"cmsmasters_row_inner\">\n<div class=\"cmsmasters_row_margin\">\n<div class=\"cmsmasters_column one_half\">\n<div class=\"cmsmasters_text\">\n<p><!-- Begin Mailchimp Signup Form --><\/p>\n\n<div id=\"mc_embed_signup\" style=\"text-align: center;\">\n<form id=\"mc-embedded-subscribe-form\" class=\"validate\" action=\"https:\/\/gmail.us7.list-manage.com\/subscribe\/post?u=55213a369dec559f612e6218e&amp;id=b1c36eb4be\" method=\"post\" name=\"mc-embedded-subscribe-form\" novalidate=\"\" target=\"_blank\">\n<div id=\"mc_embed_signup_scroll\">\n<h2>Souscrivez \u00e0 notre newsletter<\/h2>\n<p>pour \u00eatre inform\u00e9 des dates de portes ouvertes et des nouveaut\u00e9s de notre \u00e9cole<\/p>\n<div class=\"indicates-required\"><span class=\"asterisk\">*<\/span> indicates required<\/div>\n<div class=\"mc-field-group\"><label for=\"mce-EMAIL\">Email Address <span class=\"asterisk\">*<\/span><br \/>\n<\/label><br \/>\n<input id=\"mce-EMAIL\" class=\"required email\" name=\"EMAIL\" type=\"email\" value=\"\" \/><\/div>\n<div id=\"mce-responses\" class=\"clear\">\n<div id=\"mce-error-response\" class=\"response\" style=\"display: none;\"><\/div>\n<div id=\"mce-success-response\" class=\"response\" style=\"display: none;\"><\/div>\n<\/div>\n<p><!-- real people should not fill this in and expect good things - do not remove this or risk form bot signups--><\/p>\n<div style=\"position: absolute; left: -5000px;\" aria-hidden=\"true\"><input tabindex=\"-1\" name=\"b_55213a369dec559f612e6218e_b1c36eb4be\" type=\"text\" value=\"\" \/><\/div>\n<div class=\"clear\"><input id=\"mc-embedded-subscribe\" class=\"button\" name=\"subscribe\" type=\"submit\" value=\"Subscribe\" \/><\/div>\n<\/div>\n<\/form>\n<\/div>\n<p><script type=\"text\/javascript\" src=\"\/\/s3.amazonaws.com\/downloads.mailchimp.com\/js\/mc-validate.js\"><\/script><script type=\"text\/javascript\">(function($) {window.fnames = new Array(); window.ftypes = new Array();fnames[0]='EMAIL';ftypes[0]='email';fnames[1]='FNAME';ftypes[1]='text';fnames[2]='LNAME';ftypes[2]='text';fnames[3]='ADDRESS';ftypes[3]='address';fnames[4]='PHONE';ftypes[4]='phone';fnames[5]='BIRTHDAY';ftypes[5]='birthday';}(jQuery));var $mcj = jQuery.noConflict(true);<\/script><br \/>\n<!--End mc_embed_signup--><\/p>\n<div style=\"display: none;\">\n<p>&nbsp;<\/p>\n<p>&nbsp;<\/p>\n<p>&nbsp;<\/p>\n<p>avoir plus Contactez-nous \/ contact us pour avoir plus d&rsquo;information ou abonnez-vous \u00e0 notre news letter pour recevoir les informations de l&rsquo;\u00e9cole<\/p>\n<p>contact us pour avoir plus Contactez-nous \/\u00a0 d&rsquo;information ou abonnez-vous \u00e0 notre news letter pour recevoir les informations de l&rsquo;\u00e9cole<\/p>\n<p>Contactez-nous \/ contact us pour avoir plus d&rsquo;information ou abonnez-vous \u00e0 notre news letter pour recevoir les informations de l&rsquo;\u00e9cole<\/p>\n<p>plus d&rsquo;information Contactez-nous \/ contact us pour avoir plus d&rsquo;information ou abonnez-vous \u00e0 notre news letter pour recevoir les informations de l&rsquo;\u00e9cole<\/p>\n<p>Contactez-nous \/ contact us pour avoir plus d&rsquo;information ou abonnez-vous \u00e0 notre news letter pour recevoir les informations de l&rsquo;\u00e9cole<\/p>\n<p>avoir pl pour avoir plus d&rsquo;information ou abonnez-vous \u00e0 notre news letter pour recevoir les informations de l&rsquo;\u00e9cole<\/p>\n<p>contact us pour avoir pl \/ contact us pour avoir plus d&rsquo;information ou abonnez-vous \u00e0 notre news letter pour recevoir les informations de l&rsquo;\u00e9cole<\/p>\n<p>Contactez-nous \/ cus pour avoir plus d&rsquo;information ou abonnez-vous \u00e0 notre news letter pour recevoir les informations de l&rsquo;\u00e9cole<\/p>\n<p>contact us pour avoir pls d&rsquo;information ou abonnez-vous \u00e0 notre news letter pour recevoir les informations de l&rsquo;\u00e9cole<\/p>\n<p>vous \u00e0 notre news letter pour recevoir les informations de pour avoir plus d&rsquo;information ou abonnez-vous \u00e0 notrepour avoir plus<\/p>\n<p>d&rsquo;information ou abonnez-vous \u00e0 notrepour avoir plus d&rsquo;information ou abonnez-vous \u00e0 notrepour avoir plus<\/p>\n<p>d&rsquo;information ou abonnez-vous \u00e0 notre<\/p>\n<p>u abonnez-vous \u00e0 notrepour avoir plus d&rsquo;i<\/p>\n<p>u abonnez-vous \u00e0 notrepour avoir plus d&rsquo;iu abonnez-vous \u00e0 notrepour avoir plus d&rsquo;iu abonnez-vous \u00e0 notrepour avoir plus d&rsquo;i<\/p>\n<p>&nbsp;<\/p>\n<\/div>\n<\/div>\n<\/div>\n<div class=\"cmsmasters_column one_half\">\n<div class=\"cmsmasters_text\">\n<p><!-- Begin Mailchimp Signup Form --><\/p>\n<div id=\"mc_embed_signup\" style=\"text-align: center;\">\n<div id=\"mc_embed_signup_scroll\">\n<h2>Contact us \/ Contactez-nous pour toute question<\/h2>\n<div class=\"clear\"><div class=\"wpforms-container wpforms-container-full Contact-Form wpforms-render-modern\" id=\"wpforms-13369\"><form id=\"wpforms-form-13369\" class=\"wpforms-validate wpforms-form\" data-formid=\"13369\" method=\"post\" enctype=\"multipart\/form-data\" action=\"\/en\/wp-json\/wp\/v2\/pages\/4952\" data-token=\"537180e415d692eb5adff4bc4fe3a85d\" data-token-time=\"1776592029\"><noscript class=\"wpforms-error-noscript\">Please enable JavaScript in your browser to complete this form.<\/noscript><div id=\"wpforms-error-noscript\" style=\"display: none;\">Please enable JavaScript in your browser to complete this form.<\/div><div class=\"wpforms-field-container\"><div id=\"wpforms-13369-field_0-container\" class=\"wpforms-field wpforms-field-name\" data-field-id=\"0\"><label class=\"wpforms-field-label\" for=\"wpforms-13369-field_0\">Nom<\/label><input type=\"text\" id=\"wpforms-13369-field_0\" class=\"wpforms-field-medium\" name=\"wpforms[fields][0]\" aria-errormessage=\"wpforms-13369-field_0-error\" ><\/div><div id=\"wpforms-13369-field_1-container\" class=\"wpforms-field wpforms-field-email\" data-field-id=\"1\"><label class=\"wpforms-field-label\" for=\"wpforms-13369-field_1\">E-mail <span class=\"wpforms-required-label\" aria-hidden=\"true\">*<\/span><\/label><input type=\"email\" id=\"wpforms-13369-field_1\" class=\"wpforms-field-medium wpforms-field-required\" name=\"wpforms[fields][1]\" spellcheck=\"false\" aria-errormessage=\"wpforms-13369-field_1-error\" required><\/div><div id=\"wpforms-13369-field_2-container\" class=\"wpforms-field wpforms-field-textarea\" data-field-id=\"2\"><label class=\"wpforms-field-label\" for=\"wpforms-13369-field_2\">Message<\/label><textarea id=\"wpforms-13369-field_2\" class=\"wpforms-field-medium\" name=\"wpforms[fields][2]\" aria-errormessage=\"wpforms-13369-field_2-error\" ><\/textarea><\/div><\/div><!-- .wpforms-field-container --><div class=\"wpforms-recaptcha-container wpforms-is-recaptcha wpforms-is-recaptcha-type-v3\" ><input type=\"hidden\" name=\"wpforms[recaptcha]\" value=\"\"><\/div><div class=\"wpforms-submit-container\" ><input type=\"hidden\" name=\"wpforms[id]\" value=\"13369\"><input type=\"hidden\" name=\"page_title\" value=\"\"><input type=\"hidden\" name=\"page_url\" value=\"https:\/\/formationdansetherapie.com\/en\/wp-json\/wp\/v2\/pages\/4952\"><input type=\"hidden\" name=\"url_referer\" value=\"\"><button type=\"submit\" name=\"wpforms[submit]\" id=\"wpforms-submit-13369\" class=\"wpforms-submit\" data-alt-text=\"Sending...\" data-submit-text=\"Soumettre\" aria-live=\"assertive\" value=\"wpforms-submit\">Soumettre<\/button><\/div><\/form><\/div>  <!-- .wpforms-container --><\/div>\n<\/div>\n<\/div>\n<p><!--End mc_embed_signup--><\/p>\n<\/div>\n<\/div>\n<\/div>\n<\/div>\n<\/div>\n<\/div>\n<\/div>\n\n","protected":false},"excerpt":{"rendered":"","protected":false},"author":1,"featured_media":9353,"parent":0,"menu_order":0,"comment_status":"closed","ping_status":"open","template":"","meta":{"_EventAllDay":false,"_EventTimezone":"","_EventStartDate":"","_EventEndDate":"","_EventStartDateUTC":"","_EventEndDateUTC":"","_EventShowMap":false,"_EventShowMapLink":false,"_EventURL":"","_EventCost":"","_EventCostDescription":"","_EventCurrencySymbol":"","_EventCurrencyCode":"","_EventCurrencyPosition":"","_EventDateTimeSeparator":"","_EventTimeRangeSeparator":"","_EventOrganizerID":[],"_EventVenueID":[],"_OrganizerEmail":"","_OrganizerPhone":"","_OrganizerWebsite":"","_VenueAddress":"","_VenueCity":"","_VenueCountry":"","_VenueProvince":"","_VenueState":"","_VenueZip":"","_VenuePhone":"","_VenueURL":"","_VenueStateProvince":"","_VenueLat":"","_VenueLng":"","_VenueShowMap":false,"_VenueShowMapLink":false,"footnotes":""},"tags":[327],"class_list":["post-4952","page","type-page","status-publish","has-post-thumbnail","hentry","tag-contact"],"yoast_head":"<!-- This site is optimized with the Yoast SEO Premium plugin v23.8 (Yoast SEO v27.0) - https:\/\/yoast.com\/product\/yoast-seo-premium-wordpress\/ -->\n<title>Contact - Per Se Nota | Danse th\u00e9rapie<\/title>\n<meta name=\"description\" content=\"Contactez-nous \/ contact us pour avoir plus d&#039;information ou abonnez-vous \u00e0 notre news letter pour recevoir les informations de l&#039;\u00e9cole\" \/>\n<meta name=\"robots\" content=\"index, follow, max-snippet:-1, max-image-preview:large, max-video-preview:-1\" \/>\n<link rel=\"canonical\" href=\"https:\/\/formationdansetherapie.com\/en\/contact\/\" \/>\n<meta property=\"og:locale\" content=\"en_US\" \/>\n<meta property=\"og:type\" content=\"article\" \/>\n<meta property=\"og:title\" content=\"Contact\" \/>\n<meta property=\"og:description\" content=\"Contactez-nous \/ contact us pour avoir plus d&#039;information ou abonnez-vous \u00e0 notre news letter pour recevoir les informations de l&#039;\u00e9cole\" \/>\n<meta property=\"og:url\" content=\"https:\/\/formationdansetherapie.com\/en\/contact\/\" \/>\n<meta property=\"og:site_name\" content=\"Per Se Nota | Danse th\u00e9rapie\" \/>\n<meta property=\"article:modified_time\" content=\"2024-12-18T18:33:22+00:00\" \/>\n<meta property=\"og:image\" content=\"https:\/\/formationdansetherapie.com\/wp-content\/uploads\/2020\/10\/module-9-les-fondamentaux-de-la-relaxation_1900px.jpg\" \/>\n\t<meta property=\"og:image:width\" content=\"1900\" \/>\n\t<meta property=\"og:image:height\" content=\"1265\" \/>\n\t<meta property=\"og:image:type\" content=\"image\/jpeg\" \/>\n<meta name=\"twitter:card\" content=\"summary_large_image\" \/>\n<meta name=\"twitter:label1\" content=\"Est. reading time\" \/>\n\t<meta name=\"twitter:data1\" content=\"2 minutes\" \/>\n<script type=\"application\/ld+json\" class=\"yoast-schema-graph\">{\"@context\":\"https:\/\/schema.org\",\"@graph\":[{\"@type\":\"WebPage\",\"@id\":\"https:\/\/formationdansetherapie.com\/contact\/\",\"url\":\"https:\/\/formationdansetherapie.com\/contact\/\",\"name\":\"Contact - Per Se Nota | Danse th\u00e9rapie\",\"isPartOf\":{\"@id\":\"https:\/\/formationdansetherapie.com\/#website\"},\"primaryImageOfPage\":{\"@id\":\"https:\/\/formationdansetherapie.com\/contact\/#primaryimage\"},\"image\":{\"@id\":\"https:\/\/formationdansetherapie.com\/contact\/#primaryimage\"},\"thumbnailUrl\":\"https:\/\/formationdansetherapie.com\/wp-content\/uploads\/2020\/10\/module-9-les-fondamentaux-de-la-relaxation_1900px.jpg\",\"datePublished\":\"2015-07-28T14:09:17+00:00\",\"dateModified\":\"2024-12-18T18:33:22+00:00\",\"description\":\"Contactez-nous \/ contact us pour avoir plus d'information ou abonnez-vous \u00e0 notre news letter pour recevoir les informations de l'\u00e9cole\",\"breadcrumb\":{\"@id\":\"https:\/\/formationdansetherapie.com\/contact\/#breadcrumb\"},\"inLanguage\":\"en-US\",\"potentialAction\":[{\"@type\":\"ReadAction\",\"target\":[\"https:\/\/formationdansetherapie.com\/contact\/\"]}]},{\"@type\":\"ImageObject\",\"inLanguage\":\"en-US\",\"@id\":\"https:\/\/formationdansetherapie.com\/contact\/#primaryimage\",\"url\":\"https:\/\/formationdansetherapie.com\/wp-content\/uploads\/2020\/10\/module-9-les-fondamentaux-de-la-relaxation_1900px.jpg\",\"contentUrl\":\"https:\/\/formationdansetherapie.com\/wp-content\/uploads\/2020\/10\/module-9-les-fondamentaux-de-la-relaxation_1900px.jpg\",\"width\":1900,\"height\":1265,\"caption\":\"La formation de danse th\u00e9rapie\"},{\"@type\":\"BreadcrumbList\",\"@id\":\"https:\/\/formationdansetherapie.com\/contact\/#breadcrumb\",\"itemListElement\":[{\"@type\":\"ListItem\",\"position\":1,\"name\":\"Home\",\"item\":\"https:\/\/formationdansetherapie.com\/\"},{\"@type\":\"ListItem\",\"position\":2,\"name\":\"Contact\"}]},{\"@type\":\"WebSite\",\"@id\":\"https:\/\/formationdansetherapie.com\/#website\",\"url\":\"https:\/\/formationdansetherapie.com\/\",\"name\":\"Per Se Nota | Danse th\u00e9rapie\",\"description\":\"Formation professionnelle danse th\u00e9rapie - professeur de danse th\u00e9rapie et danse th\u00e9rapeute\",\"potentialAction\":[{\"@type\":\"SearchAction\",\"target\":{\"@type\":\"EntryPoint\",\"urlTemplate\":\"https:\/\/formationdansetherapie.com\/?s={search_term_string}\"},\"query-input\":{\"@type\":\"PropertyValueSpecification\",\"valueRequired\":true,\"valueName\":\"search_term_string\"}}],\"inLanguage\":\"en-US\"}]}<\/script>\n<!-- \/ Yoast SEO Premium plugin. -->","yoast_head_json":{"title":"Contact - Per Se Nota | Danse th\u00e9rapie","description":"Contactez-nous \/ contact us pour avoir plus d'information ou abonnez-vous \u00e0 notre news letter pour recevoir les informations de l'\u00e9cole","robots":{"index":"index","follow":"follow","max-snippet":"max-snippet:-1","max-image-preview":"max-image-preview:large","max-video-preview":"max-video-preview:-1"},"canonical":"https:\/\/formationdansetherapie.com\/en\/contact\/","og_locale":"en_US","og_type":"article","og_title":"Contact","og_description":"Contactez-nous \/ contact us pour avoir plus d'information ou abonnez-vous \u00e0 notre news letter pour recevoir les informations de l'\u00e9cole","og_url":"https:\/\/formationdansetherapie.com\/en\/contact\/","og_site_name":"Per Se Nota | Danse th\u00e9rapie","article_modified_time":"2024-12-18T18:33:22+00:00","og_image":[{"width":1900,"height":1265,"url":"https:\/\/formationdansetherapie.com\/wp-content\/uploads\/2020\/10\/module-9-les-fondamentaux-de-la-relaxation_1900px.jpg","type":"image\/jpeg"}],"twitter_card":"summary_large_image","twitter_misc":{"Est. reading time":"2 minutes"},"schema":{"@context":"https:\/\/schema.org","@graph":[{"@type":"WebPage","@id":"https:\/\/formationdansetherapie.com\/contact\/","url":"https:\/\/formationdansetherapie.com\/contact\/","name":"Contact - Per Se Nota | Danse th\u00e9rapie","isPartOf":{"@id":"https:\/\/formationdansetherapie.com\/#website"},"primaryImageOfPage":{"@id":"https:\/\/formationdansetherapie.com\/contact\/#primaryimage"},"image":{"@id":"https:\/\/formationdansetherapie.com\/contact\/#primaryimage"},"thumbnailUrl":"https:\/\/formationdansetherapie.com\/wp-content\/uploads\/2020\/10\/module-9-les-fondamentaux-de-la-relaxation_1900px.jpg","datePublished":"2015-07-28T14:09:17+00:00","dateModified":"2024-12-18T18:33:22+00:00","description":"Contactez-nous \/ contact us pour avoir plus d'information ou abonnez-vous \u00e0 notre news letter pour recevoir les informations de l'\u00e9cole","breadcrumb":{"@id":"https:\/\/formationdansetherapie.com\/contact\/#breadcrumb"},"inLanguage":"en-US","potentialAction":[{"@type":"ReadAction","target":["https:\/\/formationdansetherapie.com\/contact\/"]}]},{"@type":"ImageObject","inLanguage":"en-US","@id":"https:\/\/formationdansetherapie.com\/contact\/#primaryimage","url":"https:\/\/formationdansetherapie.com\/wp-content\/uploads\/2020\/10\/module-9-les-fondamentaux-de-la-relaxation_1900px.jpg","contentUrl":"https:\/\/formationdansetherapie.com\/wp-content\/uploads\/2020\/10\/module-9-les-fondamentaux-de-la-relaxation_1900px.jpg","width":1900,"height":1265,"caption":"La formation de danse th\u00e9rapie"},{"@type":"BreadcrumbList","@id":"https:\/\/formationdansetherapie.com\/contact\/#breadcrumb","itemListElement":[{"@type":"ListItem","position":1,"name":"Home","item":"https:\/\/formationdansetherapie.com\/"},{"@type":"ListItem","position":2,"name":"Contact"}]},{"@type":"WebSite","@id":"https:\/\/formationdansetherapie.com\/#website","url":"https:\/\/formationdansetherapie.com\/","name":"Per Se Nota | Dance therapy","description":"Formation professionnelle danse th\u00e9rapie - professeur de danse th\u00e9rapie et danse th\u00e9rapeute","potentialAction":[{"@type":"SearchAction","target":{"@type":"EntryPoint","urlTemplate":"https:\/\/formationdansetherapie.com\/?s={search_term_string}"},"query-input":{"@type":"PropertyValueSpecification","valueRequired":true,"valueName":"search_term_string"}}],"inLanguage":"en-US"}]}},"_links":{"self":[{"href":"https:\/\/formationdansetherapie.com\/en\/wp-json\/wp\/v2\/pages\/4952","targetHints":{"allow":["GET"]}}],"collection":[{"href":"https:\/\/formationdansetherapie.com\/en\/wp-json\/wp\/v2\/pages"}],"about":[{"href":"https:\/\/formationdansetherapie.com\/en\/wp-json\/wp\/v2\/types\/page"}],"author":[{"embeddable":true,"href":"https:\/\/formationdansetherapie.com\/en\/wp-json\/wp\/v2\/users\/1"}],"replies":[{"embeddable":true,"href":"https:\/\/formationdansetherapie.com\/en\/wp-json\/wp\/v2\/comments?post=4952"}],"version-history":[{"count":15,"href":"https:\/\/formationdansetherapie.com\/en\/wp-json\/wp\/v2\/pages\/4952\/revisions"}],"predecessor-version":[{"id":15343,"href":"https:\/\/formationdansetherapie.com\/en\/wp-json\/wp\/v2\/pages\/4952\/revisions\/15343"}],"wp:featuredmedia":[{"embeddable":true,"href":"https:\/\/formationdansetherapie.com\/en\/wp-json\/wp\/v2\/media\/9353"}],"wp:attachment":[{"href":"https:\/\/formationdansetherapie.com\/en\/wp-json\/wp\/v2\/media?parent=4952"}],"wp:term":[{"taxonomy":"post_tag","embeddable":true,"href":"https:\/\/formationdansetherapie.com\/en\/wp-json\/wp\/v2\/tags?post=4952"}],"curies":[{"name":"wp","href":"https:\/\/api.w.org\/{rel}","templated":true}]}}