{"id":18916,"date":"2025-09-29T14:11:28","date_gmt":"2025-09-29T12:11:28","guid":{"rendered":"https:\/\/formationdansetherapie.com\/?page_id=18916"},"modified":"2025-09-29T15:35:02","modified_gmt":"2025-09-29T13:35:02","slug":"public-entreprise","status":"publish","type":"page","link":"https:\/\/formationdansetherapie.com\/en\/public-entreprise\/","title":{"rendered":"Public entreprise"},"content":{"rendered":"<style type=\"text\/css\"> \n#cmsmasters_row_69e1b368010133_94024192 { \n\tbackground-color:#413072;\n\tbackground-image: url(https:\/\/formationdansetherapie.com\/wp-content\/uploads\/2024\/12\/home-page.png); \n\tbackground-position: center center; \n\tbackground-repeat: no-repeat; \n\tbackground-attachment: scroll; \n\tbackground-size: cover; \n} \n\n#cmsmasters_row_69e1b368010133_94024192 .cmsmasters_row_outer_parent { \n\tpadding-top: 90px; \n} \n\n#cmsmasters_row_69e1b368010133_94024192 .cmsmasters_row_outer_parent { \n\tpadding-bottom: 300px; \n} \n\n \n#cmsmasters_row_69e1b368013ba8_48173823 { \n\tbackground-color:#ea6045;\n} \n\n#cmsmasters_row_69e1b368013ba8_48173823 .cmsmasters_row_outer_parent { \n\tpadding-top: 50px; \n} \n\n#cmsmasters_row_69e1b368013ba8_48173823 .cmsmasters_row_outer_parent { \n\tpadding-bottom: 20px; \n} \n\n \n#cmsmasters_row_69e1b368014090_27438030 { \n\tbackground-color:#ea6045;\n} \n\n#cmsmasters_row_69e1b368014090_27438030 .cmsmasters_row_outer_parent { \n\tpadding-top: 50px; \n} \n\n#cmsmasters_row_69e1b368014090_27438030 .cmsmasters_row_outer_parent { \n\tpadding-bottom: 20px; \n} \n\n \n#cmsmasters_row_69e1b368014571_64183445 .cmsmasters_row_outer_parent { \n\tpadding-top: 30px; \n} \n\n#cmsmasters_row_69e1b368014571_64183445 .cmsmasters_row_outer_parent { \n\tpadding-bottom: 30px; \n} \n\n \n#cmsmasters_row_69e1b368014ab3_00116400 .cmsmasters_row_outer_parent { \n\tpadding-top: 0px; \n} \n\n#cmsmasters_row_69e1b368014ab3_00116400 .cmsmasters_row_outer_parent { \n\tpadding-bottom: 50px; \n} \n\n \n#cmsmasters_row_69e1b368018604_82360866 .cmsmasters_row_outer_parent { \n\tpadding-top: 0px; \n} \n\n#cmsmasters_row_69e1b368018604_82360866 .cmsmasters_row_outer_parent { \n\tpadding-bottom: 50px; \n} \n\n \n#cmsmasters_row_69e1b36801c064_78521351 { \n\tbackground-color:#622084;\n\tbackground-image: url(https:\/\/formationdansetherapie.com\/wp-content\/uploads\/2024\/10\/Notre-approche-Per-se-Nota-1-1.png); \n\tbackground-position: top center; \n\tbackground-repeat: no-repeat; \n\tbackground-attachment: scroll; \n\tbackground-size: cover; \n} \n\n#cmsmasters_row_69e1b36801c064_78521351 .cmsmasters_row_outer_parent { \n\tpadding-top: 40px; \n} \n\n#cmsmasters_row_69e1b36801c064_78521351 .cmsmasters_row_outer_parent { \n\tpadding-bottom: 40px; \n} \n\n \n#cmsmasters_row_69e1b36801e881_34163343 .cmsmasters_row_outer_parent { \n\tpadding-top: 60px; \n} \n\n#cmsmasters_row_69e1b36801e881_34163343 .cmsmasters_row_outer_parent { \n\tpadding-bottom: 60px; \n} \n\n \n#cmsmasters_heading_69e1b3680204d7_96238779 { \n\ttext-align:center; \n\tmargin-top:0px; \n\tmargin-bottom:0px; \n} \n\n#cmsmasters_heading_69e1b3680204d7_96238779 .cmsmasters_heading { \n\ttext-align:center; \n} \n\n#cmsmasters_heading_69e1b3680204d7_96238779 .cmsmasters_heading, #cmsmasters_heading_69e1b3680204d7_96238779 .cmsmasters_heading a { \n\tfont-weight:bold; \n\tfont-style:normal; \n\tcolor:#622084;\n} \n\n#cmsmasters_heading_69e1b3680204d7_96238779 .cmsmasters_heading_divider { \n} \n\n \n#cmsmasters_row_69e1b368020833_72914721 .cmsmasters_row_outer_parent { \n\tpadding-top: 0px; \n} \n\n#cmsmasters_row_69e1b368020833_72914721 .cmsmasters_row_outer_parent { \n\tpadding-bottom: 10px; \n} \n\n#cmsmasters_row_69e1b368020833_72914721 .cmsmasters_row_inner.cmsmasters_row_fullwidth { \n\tpadding-left:20%; \n} \n#cmsmasters_row_69e1b368020833_72914721 .cmsmasters_row_inner.cmsmasters_row_fullwidth { \n\tpadding-right:20%; \n} \n \n#cmsmasters_row_69e1b3680216b3_01942527 .cmsmasters_row_outer_parent { \n\tpadding-top: 0px; \n} \n\n#cmsmasters_row_69e1b3680216b3_01942527 .cmsmasters_row_outer_parent { \n\tpadding-bottom: 10px; \n} \n\n#cmsmasters_row_69e1b3680216b3_01942527 .cmsmasters_row_inner.cmsmasters_row_fullwidth { \n\tpadding-left:20%; \n} \n#cmsmasters_row_69e1b3680216b3_01942527 .cmsmasters_row_inner.cmsmasters_row_fullwidth { \n\tpadding-right:20%; \n} \n<\/style><div id=\"cmsmasters_row_69e1b36800e7a2_43451066\" class=\"cmsmasters_row cmsmasters_color_scheme_default cmsmasters_row_top_default cmsmasters_row_bot_default cmsmasters_row_boxed\">\n<div class=\"cmsmasters_row_outer_parent\">\n<div class=\"cmsmasters_row_outer\">\n<div class=\"cmsmasters_row_inner\">\n<div class=\"cmsmasters_row_margin\">\n<div class=\"cmsmasters_column one_first\">\n<div class=\"cmsmasters_text\">\n<p>&nbsp;<\/p>\n<\/div>\n<div class=\"cmsmasters_text\">\n<h1 style=\"text-align: center;\">Public Entreprise<\/h1>\n<\/div>\n<\/div>\n<\/div>\n<\/div>\n<\/div>\n<\/div>\n<\/div>\n<div id=\"cmsmasters_row_69e1b368010133_94024192\" class=\"cmsmasters_row cmsmasters_color_scheme_default cmsmasters_row_top_default cmsmasters_row_bot_default cmsmasters_row_boxed\" data-stellar-background-ratio=\"0.5\">\n<div class=\"cmsmasters_row_outer_parent\">\n<div class=\"cmsmasters_row_outer\">\n<div class=\"cmsmasters_row_inner\">\n<div class=\"cmsmasters_row_margin\">\n<div class=\"cmsmasters_column one_first\" data-animation=\"fadeIn\" data-delay=\"2\">\n<div class=\"cmsmasters_text\">\n<p><\/p>\n<\/div>\n<\/div>\n<\/div>\n<\/div>\n<\/div>\n<\/div>\n<\/div>\n<div id=\"cmsmasters_row_69e1b368013766_48490714\" class=\"cmsmasters_row cmsmasters_color_scheme_default cmsmasters_row_top_default cmsmasters_row_bot_default cmsmasters_row_boxed\">\n<div class=\"cmsmasters_row_outer_parent\">\n<div class=\"cmsmasters_row_outer\">\n<div class=\"cmsmasters_row_inner\">\n<div class=\"cmsmasters_row_margin\">\n<div class=\"cmsmasters_column one_first\">\n<div class=\"cmsmasters_text\">\n<p><\/p>\n<\/div>\n<\/div>\n<\/div>\n<\/div>\n<\/div>\n<\/div>\n<\/div>\n<div id=\"cmsmasters_row_69e1b368013ba8_48173823\" class=\"cmsmasters_row cmsmasters_color_scheme_default cmsmasters_row_top_default cmsmasters_row_bot_default cmsmasters_row_boxed\">\n<div class=\"cmsmasters_row_outer_parent\">\n<div class=\"cmsmasters_row_outer\">\n<div class=\"cmsmasters_row_inner\">\n<div class=\"cmsmasters_row_margin\">\n<div class=\"cmsmasters_column one_first\">\n<\/div>\n<\/div>\n<\/div>\n<\/div>\n<\/div>\n<\/div>\n<div id=\"cmsmasters_row_69e1b368014090_27438030\" class=\"cmsmasters_row cmsmasters_color_scheme_default cmsmasters_row_top_default cmsmasters_row_bot_default cmsmasters_row_boxed\">\n<div class=\"cmsmasters_row_outer_parent\">\n<div class=\"cmsmasters_row_outer\">\n<div class=\"cmsmasters_row_inner\">\n<div class=\"cmsmasters_row_margin\">\n<div class=\"cmsmasters_column one_first\">\n<div class=\"cmsmasters_text\">\n<h2 style=\"text-align: center;\">Cours de danse et de bien-\u00eatre<\/h2>\n<\/div>\n<\/div>\n<\/div>\n<\/div>\n<\/div>\n<\/div>\n<\/div>\n<div id=\"cmsmasters_row_69e1b368014571_64183445\" class=\"cmsmasters_row cmsmasters_color_scheme_default cmsmasters_row_top_default cmsmasters_row_bot_default cmsmasters_row_boxed\">\n<div class=\"cmsmasters_row_outer_parent\">\n<div class=\"cmsmasters_row_outer\">\n<div class=\"cmsmasters_row_inner\">\n<div class=\"cmsmasters_row_margin\">\n<div class=\"cmsmasters_column one_first\">\n<div class=\"cmsmasters_text\">\n<p>Situ\u00e9e au c\u0153ur du quartier historique du 5 \u00e8me arrondissement de Paris, depuis plus de 20 ans, notre \u00e9cole de danse propose une large gamme de cours pour adultes, enfants et seniors. Ouvert du lundi au samedi, son cadre reposant et chaleureux est le lieu id\u00e9al pour vous ressourcer et faire le plein d\u2019\u00e9nergie.<\/p>\n<h2 style=\"text-align: center;\">Planning des cours 2025-2026<\/h2>\n<p>&nbsp;<\/p>\n<\/div>\n<\/div>\n<\/div>\n<\/div>\n<\/div>\n<\/div>\n<\/div>\n<div id=\"cmsmasters_row_69e1b368014ab3_00116400\" class=\"cmsmasters_row cmsmasters_color_scheme_default cmsmasters_row_top_default cmsmasters_row_bot_default cmsmasters_row_boxed\">\n<div class=\"cmsmasters_row_outer_parent\">\n<div class=\"cmsmasters_row_outer\">\n<div class=\"cmsmasters_row_inner\">\n<div class=\"cmsmasters_row_margin\">\n<div class=\"cmsmasters_column one_first\">\n<div class=\"aligncenter\">\n<div class=\"cmsmasters_img  cmsmasters_image_c\">\n<a href=\"https:\/\/formationdansetherapie.com\/wp-content\/uploads\/2025\/09\/Planning-Verso-impression-4.png\"><img decoding=\"async\" src=\"https:\/\/formationdansetherapie.com\/wp-content\/uploads\/2025\/09\/Planning-Verso-impression-4.png\" \/><\/a>\n<\/div>\n<\/div>\n<\/div>\n<\/div>\n<\/div>\n<\/div>\n<\/div>\n<\/div>\n<div id=\"cmsmasters_row_69e1b368018604_82360866\" class=\"cmsmasters_row cmsmasters_color_scheme_default cmsmasters_row_top_default cmsmasters_row_bot_default cmsmasters_row_boxed\">\n<div class=\"cmsmasters_row_outer_parent\">\n<div class=\"cmsmasters_row_outer\">\n<div class=\"cmsmasters_row_inner\">\n<div class=\"cmsmasters_row_margin\">\n<div class=\"cmsmasters_column one_first\">\n<div class=\"aligncenter\">\n<div class=\"cmsmasters_img  cmsmasters_image_c\">\n<a href=\"https:\/\/formationdansetherapie.com\/wp-content\/uploads\/2025\/09\/Site-tarifs-1.png\"><img decoding=\"async\" src=\"https:\/\/formationdansetherapie.com\/wp-content\/uploads\/2025\/09\/Site-tarifs-1.png\" \/><\/a>\n<\/div>\n<\/div>\n<\/div>\n<\/div>\n<\/div>\n<\/div>\n<\/div>\n<\/div>\n<div id=\"cmsmasters_row_69e1b36801c064_78521351\" class=\"cmsmasters_row cmsmasters_color_scheme_default cmsmasters_row_top_default cmsmasters_row_bot_default cmsmasters_row_boxed\">\n<div class=\"cmsmasters_row_outer_parent\">\n<div class=\"cmsmasters_row_outer\">\n<div class=\"cmsmasters_row_inner\">\n<div class=\"cmsmasters_row_margin\">\n<div class=\"cmsmasters_column one_first\">\n<\/div>\n<\/div>\n<\/div>\n<\/div>\n<\/div>\n<\/div>\n<div id=\"cmsmasters_row_69e1b36801e881_34163343\" class=\"cmsmasters_row cmsmasters_color_scheme_default cmsmasters_row_top_right_diagonal cmsmasters_row_bot_default cmsmasters_row_boxed\">\n<div class=\"cmsmasters_row_outer_parent\">\n<div class=\"cmsmasters_row_outer\">\n<div class=\"cmsmasters_row_inner\">\n<div class=\"cmsmasters_row_margin\">\n<div class=\"cmsmasters_column one_first\" data-animation=\"fadeIn\" data-delay=\"2\">\n\n<div id=\"cmsmasters_heading_69e1b3680204d7_96238779\" class=\"cmsmasters_heading_wrap cmsmasters_heading_align_center\" data-animation=\"bounceIn\" data-delay=\"0\">\n\t<h2 class=\"cmsmasters_heading\">Abonnez vous \u00e0 nos r\u00e9seaux sociaux !! <\/h2>\n<\/div>\n<\/div>\n<\/div>\n<\/div>\n<\/div>\n<\/div>\n<\/div>\n<div id=\"cmsmasters_row_69e1b368020833_72914721\" class=\"cmsmasters_row cmsmasters_color_scheme_second persenota-social-media cmsmasters_row_top_default cmsmasters_row_bot_default cmsmasters_row_fullwidth\">\n<div class=\"cmsmasters_row_outer_parent\">\n<div class=\"cmsmasters_row_outer\">\n<div class=\"cmsmasters_row_inner cmsmasters_row_fullwidth\">\n<div class=\"cmsmasters_row_margin\">\n<div class=\"cmsmasters_column one_first\">\n<div class=\"cmsmasters_text\">\n<p style=\"text-align: center;\"><span style=\"color: #622084;\"><a href=\"https:\/\/www.facebook.com\/persenota\" target=\"_blank\" rel=\"noopener\"><img loading=\"lazy\" decoding=\"async\" class=\"aligncenter wp-image-13582 size-full\" src=\"https:\/\/formationdansetherapie.com\/wp-content\/uploads\/2023\/12\/persenota_-_FB.png\" alt=\"Persenota\" width=\"109\" height=\"96\" \/><\/a><br \/>\n<\/span><\/p>\n<\/div>\n<div class=\"cmsmasters_text\">\n<p style=\"text-align: center;\"><span style=\"color: #622084;\"><a href=\"https:\/\/www.instagram.com\/per_se_nota\/?hl=fr\" target=\"_blank\" rel=\"noopener\"><img loading=\"lazy\" decoding=\"async\" class=\"aligncenter wp-image-13583 size-full\" src=\"https:\/\/formationdansetherapie.com\/wp-content\/uploads\/2023\/12\/persenota_Insta.png\" alt=\"Persenota\" width=\"128\" height=\"102\" \/><\/a><br \/>\n<\/span><\/p>\n<\/div>\n<div class=\"cmsmasters_text\">\n<p style=\"text-align: center;\"><span style=\"color: #622084;\"><a href=\"https:\/\/www.youtube.com\/persenota\" target=\"_blank\" rel=\"noopener\"><img loading=\"lazy\" decoding=\"async\" class=\"aligncenter wp-image-13586 size-full\" src=\"https:\/\/formationdansetherapie.com\/wp-content\/uploads\/2023\/12\/persenota_youtube.png\" alt=\"Persenota\" width=\"130\" height=\"95\" \/><\/a><br \/>\n<\/span><\/p>\n<\/div>\n<div class=\"cmsmasters_text\">\n<p style=\"text-align: center;\"><span style=\"color: #622084;\"><a href=\"https:\/\/www.facebook.com\/groups\/professeurdansetherapie\/?ref=share\" target=\"_blank\" rel=\"noopener\"><img loading=\"lazy\" decoding=\"async\" class=\"aligncenter wp-image-13650\" src=\"https:\/\/formationdansetherapie.com\/wp-content\/uploads\/2024\/01\/per_se_nota-nos-reseaux-e1704221858267.png\" alt=\"Persenota\" width=\"77\" height=\"62\" \/><\/a><br \/>\n<\/span><\/p>\n<\/div>\n<div class=\"cmsmasters_text\">\n<p style=\"text-align: center;\"><span style=\"color: #622084;\"><a href=\"https:\/\/www.facebook.com\/groups\/492666354547119\" target=\"_blank\" rel=\"noopener\"><img loading=\"lazy\" decoding=\"async\" class=\"aligncenter wp-image-13655\" src=\"https:\/\/formationdansetherapie.com\/wp-content\/uploads\/2024\/01\/per_se_nota-nos-reseaux-3.png\" alt=\"Persenota\" width=\"64\" height=\"64\" srcset=\"https:\/\/formationdansetherapie.com\/wp-content\/uploads\/2024\/01\/per_se_nota-nos-reseaux-3.png 300w, https:\/\/formationdansetherapie.com\/wp-content\/uploads\/2024\/01\/per_se_nota-nos-reseaux-3-50x50.png 50w\" sizes=\"auto, (max-width: 64px) 100vw, 64px\" \/><\/a><br \/>\n<\/span><\/p>\n<\/div>\n<\/div>\n<\/div>\n<\/div>\n<\/div>\n<\/div>\n<\/div>\n<div id=\"cmsmasters_row_69e1b3680216b3_01942527\" class=\"cmsmasters_row cmsmasters_color_scheme_second paralasalsa-social-media cmsmasters_row_top_default cmsmasters_row_bot_default cmsmasters_row_fullwidth\">\n<div class=\"cmsmasters_row_outer_parent\">\n<div class=\"cmsmasters_row_outer\">\n<div class=\"cmsmasters_row_inner cmsmasters_row_fullwidth\">\n<div class=\"cmsmasters_row_margin\">\n<div class=\"cmsmasters_column one_first\">\n<div class=\"cmsmasters_text\">\n<p style=\"text-align: center;\"><span style=\"color: #622084;\"><a href=\"https:\/\/www.facebook.com\/coursdedanse.paralasalsa\/\" target=\"_blank\" rel=\"noopener\"><img loading=\"lazy\" decoding=\"async\" class=\"aligncenter wp-image-13571 size-full\" src=\"https:\/\/formationdansetherapie.com\/wp-content\/uploads\/2023\/12\/paralasalsa_FB.png\" alt=\"Paralasalsa\" width=\"132\" height=\"95\" \/><\/a><br \/>\n<\/span><\/p>\n<\/div>\n<div class=\"cmsmasters_text\">\n<p style=\"text-align: center;\"><span style=\"color: #622084;\"><a href=\"https:\/\/www.instagram.com\/paralasalsa\/\" target=\"_blank\" rel=\"noopener\"><img loading=\"lazy\" decoding=\"async\" class=\"aligncenter wp-image-13573 size-full\" src=\"https:\/\/formationdansetherapie.com\/wp-content\/uploads\/2023\/12\/paralasalsa_Insta.png\" alt=\"Paralasalsa\" width=\"130\" height=\"89\" \/><\/a><br \/>\n<\/span><\/p>\n<\/div>\n<div class=\"cmsmasters_text\">\n<p style=\"text-align: center;\"><span style=\"color: #622084;\"><a href=\"https:\/\/www.youtube.com\/user\/paralasalsa\" target=\"_blank\" rel=\"noopener\"><img loading=\"lazy\" decoding=\"async\" class=\"aligncenter wp-image-13575 size-full\" src=\"https:\/\/formationdansetherapie.com\/wp-content\/uploads\/2023\/12\/paralasalsa_youtube.png\" alt=\"Paralasalsa\" width=\"145\" height=\"91\" \/><\/a><br \/>\n<\/span><\/p>\n<\/div>\n<div class=\"cmsmasters_text\">\n<p style=\"text-align: center;\"><span style=\"color: #622084;\"><a href=\"https:\/\/fr.linkedin.com\/in\/pascale-saly-1b131190\" target=\"_blank\" rel=\"noopener\"><img loading=\"lazy\" decoding=\"async\" class=\"aligncenter wp-image-13574 size-full\" src=\"https:\/\/formationdansetherapie.com\/wp-content\/uploads\/2023\/12\/paralasalsa_linkedin.png\" alt=\"Paralasalsa\" width=\"136\" height=\"95\" \/><\/a><br \/>\n<\/span><\/p>\n<\/div>\n<div class=\"cmsmasters_text\">\n<p style=\"text-align: center;\"><span style=\"color: #622084;\"><a href=\"#\"><img loading=\"lazy\" decoding=\"async\" class=\"aligncenter wp-image-13572 size-full\" src=\"https:\/\/formationdansetherapie.com\/wp-content\/uploads\/2023\/12\/paralasalsa_group.png\" alt=\"Paralasalsa\" width=\"110\" height=\"146\" \/><\/a><br \/>\n<\/span><\/p>\n<\/div>\n<\/div>\n<\/div>\n<\/div>\n<\/div>\n<\/div>\n<\/div>","protected":false},"excerpt":{"rendered":"","protected":false},"author":1,"featured_media":0,"parent":0,"menu_order":0,"comment_status":"closed","ping_status":"closed","template":"","meta":{"_EventAllDay":false,"_EventTimezone":"","_EventStartDate":"","_EventEndDate":"","_EventStartDateUTC":"","_EventEndDateUTC":"","_EventShowMap":false,"_EventShowMapLink":false,"_EventURL":"","_EventCost":"","_EventCostDescription":"","_EventCurrencySymbol":"","_EventCurrencyCode":"","_EventCurrencyPosition":"","_EventDateTimeSeparator":"","_EventTimeRangeSeparator":"","_EventOrganizerID":[],"_EventVenueID":[],"_OrganizerEmail":"","_OrganizerPhone":"","_OrganizerWebsite":"","_VenueAddress":"","_VenueCity":"","_VenueCountry":"","_VenueProvince":"","_VenueState":"","_VenueZip":"","_VenuePhone":"","_VenueURL":"","_VenueStateProvince":"","_VenueLat":"","_VenueLng":"","_VenueShowMap":false,"_VenueShowMapLink":false,"footnotes":""},"tags":[277,278,251,269,263,274],"class_list":["post-18916","page","type-page","status-publish","hentry","tag-adaptation-a-differents-publics-enfants","tag-adultes","tag-apprentissage-de-lenergie-personnelle-et-des-emotions","tag-approche-denseignement-modulaire","tag-autonomie","tag-choregraphie"],"yoast_head":"<!-- This site is optimized with the Yoast SEO Premium plugin v23.8 (Yoast SEO v27.0) - https:\/\/yoast.com\/product\/yoast-seo-premium-wordpress\/ -->\n<title>Public entreprise - Per Se Nota | Danse th\u00e9rapie<\/title>\n<meta name=\"description\" content=\"Devenir danse th\u00e9rapeute require trouve sa source dans une approche de soi psychologique et cr\u00e9ative qui vous emm\u00e8ne vers un \u00e9tat de bien-\u00eatre\" \/>\n<meta name=\"robots\" content=\"index, follow, max-snippet:-1, max-image-preview:large, max-video-preview:-1\" \/>\n<link rel=\"canonical\" href=\"https:\/\/formationdansetherapie.com\/en\/public-entreprise\/\" \/>\n<meta property=\"og:locale\" content=\"en_US\" \/>\n<meta property=\"og:type\" content=\"article\" \/>\n<meta property=\"og:title\" content=\"Public entreprise\" \/>\n<meta property=\"og:description\" content=\"Devenir danse th\u00e9rapeute require trouve sa source dans une approche de soi psychologique et cr\u00e9ative qui vous emm\u00e8ne vers un \u00e9tat de bien-\u00eatre\" \/>\n<meta property=\"og:url\" content=\"https:\/\/formationdansetherapie.com\/en\/public-entreprise\/\" \/>\n<meta property=\"og:site_name\" content=\"Per Se Nota | Danse th\u00e9rapie\" \/>\n<meta property=\"article:modified_time\" content=\"2025-09-29T13:35:02+00:00\" \/>\n<meta property=\"og:image\" content=\"https:\/\/formationdansetherapie.com\/wp-content\/uploads\/2023\/12\/persenota_-_FB.png\" \/>\n<meta name=\"twitter:card\" content=\"summary_large_image\" \/>\n<meta name=\"twitter:label1\" content=\"Est. reading time\" \/>\n\t<meta name=\"twitter:data1\" content=\"4 minutes\" \/>\n<script type=\"application\/ld+json\" class=\"yoast-schema-graph\">{\"@context\":\"https:\/\/schema.org\",\"@graph\":[{\"@type\":\"WebPage\",\"@id\":\"https:\/\/formationdansetherapie.com\/public-entreprise\/\",\"url\":\"https:\/\/formationdansetherapie.com\/public-entreprise\/\",\"name\":\"Public entreprise - Per Se Nota | Danse th\u00e9rapie\",\"isPartOf\":{\"@id\":\"https:\/\/formationdansetherapie.com\/#website\"},\"primaryImageOfPage\":{\"@id\":\"https:\/\/formationdansetherapie.com\/public-entreprise\/#primaryimage\"},\"image\":{\"@id\":\"https:\/\/formationdansetherapie.com\/public-entreprise\/#primaryimage\"},\"thumbnailUrl\":\"https:\/\/formationdansetherapie.com\/wp-content\/uploads\/2023\/12\/persenota_-_FB.png\",\"datePublished\":\"2025-09-29T12:11:28+00:00\",\"dateModified\":\"2025-09-29T13:35:02+00:00\",\"description\":\"Devenir danse th\u00e9rapeute require trouve sa source dans une approche de soi psychologique et cr\u00e9ative qui vous emm\u00e8ne vers un \u00e9tat de bien-\u00eatre\",\"breadcrumb\":{\"@id\":\"https:\/\/formationdansetherapie.com\/public-entreprise\/#breadcrumb\"},\"inLanguage\":\"en-US\",\"potentialAction\":[{\"@type\":\"ReadAction\",\"target\":[\"https:\/\/formationdansetherapie.com\/public-entreprise\/\"]}]},{\"@type\":\"ImageObject\",\"inLanguage\":\"en-US\",\"@id\":\"https:\/\/formationdansetherapie.com\/public-entreprise\/#primaryimage\",\"url\":\"https:\/\/formationdansetherapie.com\/wp-content\/uploads\/2023\/12\/persenota_-_FB.png\",\"contentUrl\":\"https:\/\/formationdansetherapie.com\/wp-content\/uploads\/2023\/12\/persenota_-_FB.png\"},{\"@type\":\"BreadcrumbList\",\"@id\":\"https:\/\/formationdansetherapie.com\/public-entreprise\/#breadcrumb\",\"itemListElement\":[{\"@type\":\"ListItem\",\"position\":1,\"name\":\"Home\",\"item\":\"https:\/\/formationdansetherapie.com\/\"},{\"@type\":\"ListItem\",\"position\":2,\"name\":\"Public entreprise\"}]},{\"@type\":\"WebSite\",\"@id\":\"https:\/\/formationdansetherapie.com\/#website\",\"url\":\"https:\/\/formationdansetherapie.com\/\",\"name\":\"Per Se Nota | Danse th\u00e9rapie\",\"description\":\"Formation professionnelle danse th\u00e9rapie - professeur de danse th\u00e9rapie et danse th\u00e9rapeute\",\"potentialAction\":[{\"@type\":\"SearchAction\",\"target\":{\"@type\":\"EntryPoint\",\"urlTemplate\":\"https:\/\/formationdansetherapie.com\/?s={search_term_string}\"},\"query-input\":{\"@type\":\"PropertyValueSpecification\",\"valueRequired\":true,\"valueName\":\"search_term_string\"}}],\"inLanguage\":\"en-US\"}]}<\/script>\n<!-- \/ Yoast SEO Premium plugin. -->","yoast_head_json":{"title":"Public entreprise - Per Se Nota | Danse th\u00e9rapie","description":"Devenir danse th\u00e9rapeute require trouve sa source dans une approche de soi psychologique et cr\u00e9ative qui vous emm\u00e8ne vers un \u00e9tat de bien-\u00eatre","robots":{"index":"index","follow":"follow","max-snippet":"max-snippet:-1","max-image-preview":"max-image-preview:large","max-video-preview":"max-video-preview:-1"},"canonical":"https:\/\/formationdansetherapie.com\/en\/public-entreprise\/","og_locale":"en_US","og_type":"article","og_title":"Public entreprise","og_description":"Devenir danse th\u00e9rapeute require trouve sa source dans une approche de soi psychologique et cr\u00e9ative qui vous emm\u00e8ne vers un \u00e9tat de bien-\u00eatre","og_url":"https:\/\/formationdansetherapie.com\/en\/public-entreprise\/","og_site_name":"Per Se Nota | Danse th\u00e9rapie","article_modified_time":"2025-09-29T13:35:02+00:00","og_image":[{"url":"https:\/\/formationdansetherapie.com\/wp-content\/uploads\/2023\/12\/persenota_-_FB.png","type":"","width":"","height":""}],"twitter_card":"summary_large_image","twitter_misc":{"Est. reading time":"4 minutes"},"schema":{"@context":"https:\/\/schema.org","@graph":[{"@type":"WebPage","@id":"https:\/\/formationdansetherapie.com\/public-entreprise\/","url":"https:\/\/formationdansetherapie.com\/public-entreprise\/","name":"Public entreprise - Per Se Nota | Danse th\u00e9rapie","isPartOf":{"@id":"https:\/\/formationdansetherapie.com\/#website"},"primaryImageOfPage":{"@id":"https:\/\/formationdansetherapie.com\/public-entreprise\/#primaryimage"},"image":{"@id":"https:\/\/formationdansetherapie.com\/public-entreprise\/#primaryimage"},"thumbnailUrl":"https:\/\/formationdansetherapie.com\/wp-content\/uploads\/2023\/12\/persenota_-_FB.png","datePublished":"2025-09-29T12:11:28+00:00","dateModified":"2025-09-29T13:35:02+00:00","description":"Devenir danse th\u00e9rapeute require trouve sa source dans une approche de soi psychologique et cr\u00e9ative qui vous emm\u00e8ne vers un \u00e9tat de bien-\u00eatre","breadcrumb":{"@id":"https:\/\/formationdansetherapie.com\/public-entreprise\/#breadcrumb"},"inLanguage":"en-US","potentialAction":[{"@type":"ReadAction","target":["https:\/\/formationdansetherapie.com\/public-entreprise\/"]}]},{"@type":"ImageObject","inLanguage":"en-US","@id":"https:\/\/formationdansetherapie.com\/public-entreprise\/#primaryimage","url":"https:\/\/formationdansetherapie.com\/wp-content\/uploads\/2023\/12\/persenota_-_FB.png","contentUrl":"https:\/\/formationdansetherapie.com\/wp-content\/uploads\/2023\/12\/persenota_-_FB.png"},{"@type":"BreadcrumbList","@id":"https:\/\/formationdansetherapie.com\/public-entreprise\/#breadcrumb","itemListElement":[{"@type":"ListItem","position":1,"name":"Home","item":"https:\/\/formationdansetherapie.com\/"},{"@type":"ListItem","position":2,"name":"Public entreprise"}]},{"@type":"WebSite","@id":"https:\/\/formationdansetherapie.com\/#website","url":"https:\/\/formationdansetherapie.com\/","name":"Per Se Nota | Dance therapy","description":"Formation professionnelle danse th\u00e9rapie - professeur de danse th\u00e9rapie et danse th\u00e9rapeute","potentialAction":[{"@type":"SearchAction","target":{"@type":"EntryPoint","urlTemplate":"https:\/\/formationdansetherapie.com\/?s={search_term_string}"},"query-input":{"@type":"PropertyValueSpecification","valueRequired":true,"valueName":"search_term_string"}}],"inLanguage":"en-US"}]}},"_links":{"self":[{"href":"https:\/\/formationdansetherapie.com\/en\/wp-json\/wp\/v2\/pages\/18916","targetHints":{"allow":["GET"]}}],"collection":[{"href":"https:\/\/formationdansetherapie.com\/en\/wp-json\/wp\/v2\/pages"}],"about":[{"href":"https:\/\/formationdansetherapie.com\/en\/wp-json\/wp\/v2\/types\/page"}],"author":[{"embeddable":true,"href":"https:\/\/formationdansetherapie.com\/en\/wp-json\/wp\/v2\/users\/1"}],"replies":[{"embeddable":true,"href":"https:\/\/formationdansetherapie.com\/en\/wp-json\/wp\/v2\/comments?post=18916"}],"version-history":[{"count":6,"href":"https:\/\/formationdansetherapie.com\/en\/wp-json\/wp\/v2\/pages\/18916\/revisions"}],"predecessor-version":[{"id":18918,"href":"https:\/\/formationdansetherapie.com\/en\/wp-json\/wp\/v2\/pages\/18916\/revisions\/18918"}],"wp:attachment":[{"href":"https:\/\/formationdansetherapie.com\/en\/wp-json\/wp\/v2\/media?parent=18916"}],"wp:term":[{"taxonomy":"post_tag","embeddable":true,"href":"https:\/\/formationdansetherapie.com\/en\/wp-json\/wp\/v2\/tags?post=18916"}],"curies":[{"name":"wp","href":"https:\/\/api.w.org\/{rel}","templated":true}]}}