{"id":15916,"date":"2025-02-14T01:51:44","date_gmt":"2025-02-14T00:51:44","guid":{"rendered":"https:\/\/formationdansetherapie.com\/?page_id=15916"},"modified":"2025-07-02T21:28:52","modified_gmt":"2025-07-02T19:28:52","slug":"cart","status":"publish","type":"page","link":"https:\/\/formationdansetherapie.com\/en\/cart\/","title":{"rendered":"Cart"},"content":{"rendered":"<style type=\"text\/css\"><\/style>\n<div data-block-name=\"woocommerce\/cart\" class=\"wp-block-woocommerce-cart alignwide is-loading\">\n<div data-block-name=\"woocommerce\/filled-cart-block\" class=\"wp-block-woocommerce-filled-cart-block\">\n<div data-block-name=\"woocommerce\/cart-items-block\" class=\"wp-block-woocommerce-cart-items-block\">\n<div data-block-name=\"woocommerce\/cart-line-items-block\" class=\"wp-block-woocommerce-cart-line-items-block\"><\/div>\n\n\n\n<div data-block-name=\"woocommerce\/cart-cross-sells-block\" class=\"wp-block-woocommerce-cart-cross-sells-block\">\n<h2 class=\"wp-block-heading has-large-font-size\">You may be interested in\u2026<\/h2>\n\n\n\n<div data-block-name=\"woocommerce\/cart-cross-sells-products-block\" class=\"wp-block-woocommerce-cart-cross-sells-products-block\"><\/div>\n<\/div>\n<\/div>\n\n\n\n<div data-block-name=\"woocommerce\/cart-totals-block\" class=\"wp-block-woocommerce-cart-totals-block\">\n<div data-block-name=\"woocommerce\/cart-order-summary-block\" class=\"wp-block-woocommerce-cart-order-summary-block\">\n<div data-block-name=\"woocommerce\/cart-order-summary-heading-block\" class=\"wp-block-woocommerce-cart-order-summary-heading-block\"><\/div>\n\n\n\n<div data-block-name=\"woocommerce\/cart-order-summary-coupon-form-block\" class=\"wp-block-woocommerce-cart-order-summary-coupon-form-block\"><\/div>\n\n\n\n<div data-block-name=\"woocommerce\/cart-order-summary-totals-block\" class=\"wp-block-woocommerce-cart-order-summary-totals-block\">\n<div data-block-name=\"woocommerce\/cart-order-summary-subtotal-block\" class=\"wp-block-woocommerce-cart-order-summary-subtotal-block\"><\/div>\n\n\n\n<div data-block-name=\"woocommerce\/cart-order-summary-fee-block\" class=\"wp-block-woocommerce-cart-order-summary-fee-block\"><\/div>\n\n\n\n<div data-block-name=\"woocommerce\/cart-order-summary-discount-block\" class=\"wp-block-woocommerce-cart-order-summary-discount-block\"><\/div>\n\n\n\n<div data-block-name=\"woocommerce\/cart-order-summary-shipping-block\" class=\"wp-block-woocommerce-cart-order-summary-shipping-block\"><\/div>\n\n\n\n<div data-block-name=\"woocommerce\/cart-order-summary-taxes-block\" class=\"wp-block-woocommerce-cart-order-summary-taxes-block\"><\/div>\n<\/div>\n<\/div>\n\n\n\n<div data-block-name=\"woocommerce\/cart-express-payment-block\" class=\"wp-block-woocommerce-cart-express-payment-block\"><\/div>\n\n\n\n<div data-block-name=\"woocommerce\/proceed-to-checkout-block\" class=\"wp-block-woocommerce-proceed-to-checkout-block\"><\/div>\n\n\n\n<div data-block-name=\"woocommerce\/cart-accepted-payment-methods-block\" class=\"wp-block-woocommerce-cart-accepted-payment-methods-block\"><\/div>\n<\/div>\n<\/div>\n\n\n\n<div data-block-name=\"woocommerce\/empty-cart-block\" class=\"wp-block-woocommerce-empty-cart-block\">\n<h2 class=\"wp-block-heading has-text-align-center with-empty-cart-icon wc-block-cart__empty-cart__title\" id=\"h-your-cart-is-currently-empty\">Your cart is currently empty!<\/h2>\n\n\n\n<p class=\"has-text-align-center\"><a href=\"https:\/\/formationdansetherapie.com\/en\/shop\/\">Browse store<\/a><\/p>\n\n\n\n<hr class=\"wp-block-separator has-alpha-channel-opacity is-style-dots\"\/>\n\n\n\n<h2 class=\"wp-block-heading has-text-align-center\" id=\"h-new-in-store\">New in store<\/h2>\n\n\n<div data-block-name=\"woocommerce\/product-new\" data-columns=\"4\" data-rows=\"1\" class=\"wc-block-grid wp-block-product-new wp-block-woocommerce-product-new wc-block-product-new has-4-columns\"><ul class=\"wc-block-grid__products\"><li class=\"wc-block-grid__product\">\n\t\t\t\t<a href=\"https:\/\/formationdansetherapie.com\/en\/product\/atelier-le-collectif-et-la-danse-therapie\/\" class=\"wc-block-grid__product-link\">\n\t\t\t\t\t\n\t\t\t\t\t<div class=\"wc-block-grid__product-image\"><img loading=\"lazy\" decoding=\"async\" width=\"540\" height=\"540\" src=\"https:\/\/formationdansetherapie.com\/wp-content\/uploads\/woocommerce-placeholder.png\" class=\"woocommerce-placeholder wp-post-image\" alt=\"\" srcset=\"https:\/\/formationdansetherapie.com\/wp-content\/uploads\/woocommerce-placeholder.png 1200w, https:\/\/formationdansetherapie.com\/wp-content\/uploads\/woocommerce-placeholder-300x300.png 300w, https:\/\/formationdansetherapie.com\/wp-content\/uploads\/woocommerce-placeholder-1024x1024.png 1024w, https:\/\/formationdansetherapie.com\/wp-content\/uploads\/woocommerce-placeholder-768x768.png 768w, https:\/\/formationdansetherapie.com\/wp-content\/uploads\/woocommerce-placeholder-50x50.png 50w, https:\/\/formationdansetherapie.com\/wp-content\/uploads\/woocommerce-placeholder-400x400.png 400w, https:\/\/formationdansetherapie.com\/wp-content\/uploads\/woocommerce-placeholder-580x580.png 580w, https:\/\/formationdansetherapie.com\/wp-content\/uploads\/woocommerce-placeholder-860x860.png 860w, https:\/\/formationdansetherapie.com\/wp-content\/uploads\/woocommerce-placeholder-1160x1160.png 1160w\" sizes=\"auto, (max-width: 540px) 100vw, 540px\" \/><\/div>\n\t\t\t\t\t<div class=\"wc-block-grid__product-title\">Atelier Le collectif et la danse th\u00e9rapie<\/div>\n\t\t\t\t<\/a>\n\t\t\t\t<div class=\"wc-block-grid__product-price price\"><\/div>\n\t\t\t\t\n\t\t\t\t<div class=\"wp-block-button wc-block-grid__product-add-to-cart\"><a href=\"https:\/\/formationdansetherapie.com\/en\/product\/atelier-le-collectif-et-la-danse-therapie\/\" aria-label=\"Read more about \u201cAtelier Le collectif et la danse th\u00e9rapie\u201d\" data-quantity=\"1\" data-product_id=\"18362\" data-product_sku=\"\" data-price=\"0\" rel=\"nofollow\" class=\"wp-block-button__link  add_to_cart_button\" data-no-translation=\"\" data-trp-gettext=\"\" data-no-translation-aria-label=\"\">Read more<\/a><\/div>\n\t\t\t<\/li><li class=\"wc-block-grid__product\">\n\t\t\t\t<a href=\"https:\/\/formationdansetherapie.com\/en\/product\/module-8-j1-developpement-personnel-danse\/\" class=\"wc-block-grid__product-link\">\n\t\t\t\t\t\n\t\t\t\t\t<div class=\"wc-block-grid__product-image\"><img loading=\"lazy\" decoding=\"async\" width=\"540\" height=\"540\" src=\"https:\/\/formationdansetherapie.com\/wp-content\/uploads\/2025\/05\/Module-8-J1-Developpement-personnel-danse-540x540.png\" class=\"attachment-woocommerce_thumbnail size-woocommerce_thumbnail\" alt=\"Module 8-J1 : D\u00e9veloppement personnel &amp; danse\" srcset=\"https:\/\/formationdansetherapie.com\/wp-content\/uploads\/2025\/05\/Module-8-J1-Developpement-personnel-danse-540x540.png 540w, https:\/\/formationdansetherapie.com\/wp-content\/uploads\/2025\/05\/Module-8-J1-Developpement-personnel-danse-50x50.png 50w, https:\/\/formationdansetherapie.com\/wp-content\/uploads\/2025\/05\/Module-8-J1-Developpement-personnel-danse-300x300.png 300w, https:\/\/formationdansetherapie.com\/wp-content\/uploads\/2025\/05\/Module-8-J1-Developpement-personnel-danse-400x400.png 400w, https:\/\/formationdansetherapie.com\/wp-content\/uploads\/2025\/05\/Module-8-J1-Developpement-personnel-danse-100x100.png 100w\" sizes=\"auto, (max-width: 540px) 100vw, 540px\" \/><\/div>\n\t\t\t\t\t<div class=\"wc-block-grid__product-title\">Module 8-J1 : D\u00e9veloppement personnel &amp; danse<\/div>\n\t\t\t\t<\/a>\n\t\t\t\t<div class=\"wc-block-grid__product-price price\"><span class=\"woocommerce-Price-amount amount\">200,00&nbsp;<span class=\"woocommerce-Price-currencySymbol\">&euro;<\/span><\/span><\/div>\n\t\t\t\t\n\t\t\t\t<div class=\"wp-block-button wc-block-grid__product-add-to-cart\"><a href=\"https:\/\/formationdansetherapie.com\/en\/product\/module-8-j1-developpement-personnel-danse\/\" aria-label=\"Select options for \u201cModule 8-J1 : D\u00e9veloppement personnel &amp; danse\u201d\" data-quantity=\"1\" data-product_id=\"18270\" data-product_sku=\"rec9Cfd9JmhpZyaRA\" data-price=\"200\" rel=\"nofollow\" class=\"wp-block-button__link  add_to_cart_button\" data-no-translation=\"\" data-trp-gettext=\"\" data-no-translation-aria-label=\"\">Select options<\/a><\/div>\n\t\t\t<\/li><li class=\"wc-block-grid__product\">\n\t\t\t\t<a href=\"https:\/\/formationdansetherapie.com\/en\/product\/atelier-de-danse-therapie-le-collectif-la-danse-therapie\/\" class=\"wc-block-grid__product-link\">\n\t\t\t\t\t\n\t\t\t\t\t<div class=\"wc-block-grid__product-image\"><img loading=\"lazy\" decoding=\"async\" width=\"540\" height=\"540\" src=\"https:\/\/formationdansetherapie.com\/wp-content\/uploads\/2025\/05\/CREATIVITE-Module-20-_-Le-collectif-la-danse-therapie-540x540.png\" class=\"attachment-woocommerce_thumbnail size-woocommerce_thumbnail\" alt=\"Module 20 : Le collectif &amp; la danse th\u00e9rapie\" srcset=\"https:\/\/formationdansetherapie.com\/wp-content\/uploads\/2025\/05\/CREATIVITE-Module-20-_-Le-collectif-la-danse-therapie-540x540.png 540w, https:\/\/formationdansetherapie.com\/wp-content\/uploads\/2025\/05\/CREATIVITE-Module-20-_-Le-collectif-la-danse-therapie-50x50.png 50w, https:\/\/formationdansetherapie.com\/wp-content\/uploads\/2025\/05\/CREATIVITE-Module-20-_-Le-collectif-la-danse-therapie-300x300.png 300w, https:\/\/formationdansetherapie.com\/wp-content\/uploads\/2025\/05\/CREATIVITE-Module-20-_-Le-collectif-la-danse-therapie-400x400.png 400w, https:\/\/formationdansetherapie.com\/wp-content\/uploads\/2025\/05\/CREATIVITE-Module-20-_-Le-collectif-la-danse-therapie-100x100.png 100w\" sizes=\"auto, (max-width: 540px) 100vw, 540px\" \/><\/div>\n\t\t\t\t\t<div class=\"wc-block-grid__product-title\">Module 20 : Le collectif &amp; la danse th\u00e9rapie<\/div>\n\t\t\t\t<\/a>\n\t\t\t\t<div class=\"wc-block-grid__product-price price\"><span class=\"woocommerce-Price-amount amount\">200,00&nbsp;<span class=\"woocommerce-Price-currencySymbol\">&euro;<\/span><\/span><\/div>\n\t\t\t\t\n\t\t\t\t<div class=\"wp-block-button wc-block-grid__product-add-to-cart\"><a href=\"https:\/\/formationdansetherapie.com\/en\/product\/atelier-de-danse-therapie-le-collectif-la-danse-therapie\/\" aria-label=\"Select options for \u201cModule 20 : Le collectif &amp; la danse th\u00e9rapie\u201d\" data-quantity=\"1\" data-product_id=\"18216\" data-product_sku=\"recIxLLV4kE8c4anj\" data-price=\"200\" rel=\"nofollow\" class=\"wp-block-button__link  add_to_cart_button\" data-no-translation=\"\" data-trp-gettext=\"\" data-no-translation-aria-label=\"\">Select options<\/a><\/div>\n\t\t\t<\/li><li class=\"wc-block-grid__product\">\n\t\t\t\t<a href=\"https:\/\/formationdansetherapie.com\/en\/product\/module-3-j1-emotions-je-maime-je-respire-je-maime-je-danse\/\" class=\"wc-block-grid__product-link\">\n\t\t\t\t\t\n\t\t\t\t\t<div class=\"wc-block-grid__product-image\"><img loading=\"lazy\" decoding=\"async\" width=\"540\" height=\"540\" src=\"https:\/\/formationdansetherapie.com\/wp-content\/uploads\/2025\/05\/Module-3-J1-Emotions-Je-m-aime-je-respire.-je-m-aime-je-danse-540x540.png\" class=\"attachment-woocommerce_thumbnail size-woocommerce_thumbnail\" alt=\"Module 3 J1: \u00c9motions &quot;Je m&#039;aime je respire... je m&#039;aime je danse...&quot;\" srcset=\"https:\/\/formationdansetherapie.com\/wp-content\/uploads\/2025\/05\/Module-3-J1-Emotions-Je-m-aime-je-respire.-je-m-aime-je-danse-540x540.png 540w, https:\/\/formationdansetherapie.com\/wp-content\/uploads\/2025\/05\/Module-3-J1-Emotions-Je-m-aime-je-respire.-je-m-aime-je-danse-50x50.png 50w, https:\/\/formationdansetherapie.com\/wp-content\/uploads\/2025\/05\/Module-3-J1-Emotions-Je-m-aime-je-respire.-je-m-aime-je-danse-300x300.png 300w, https:\/\/formationdansetherapie.com\/wp-content\/uploads\/2025\/05\/Module-3-J1-Emotions-Je-m-aime-je-respire.-je-m-aime-je-danse-400x400.png 400w, https:\/\/formationdansetherapie.com\/wp-content\/uploads\/2025\/05\/Module-3-J1-Emotions-Je-m-aime-je-respire.-je-m-aime-je-danse-100x100.png 100w\" sizes=\"auto, (max-width: 540px) 100vw, 540px\" \/><\/div>\n\t\t\t\t\t<div class=\"wc-block-grid__product-title\">Module 3 J1: \u00c9motions \u00ab\u00a0Je m&rsquo;aime je respire&#8230; je m&rsquo;aime je danse&#8230;\u00a0\u00bb<\/div>\n\t\t\t\t<\/a>\n\t\t\t\t<div class=\"wc-block-grid__product-price price\"><span class=\"woocommerce-Price-amount amount\">200,00&nbsp;<span class=\"woocommerce-Price-currencySymbol\">&euro;<\/span><\/span><\/div>\n\t\t\t\t\n\t\t\t\t<div class=\"wp-block-button wc-block-grid__product-add-to-cart\"><a href=\"https:\/\/formationdansetherapie.com\/en\/product\/module-3-j1-emotions-je-maime-je-respire-je-maime-je-danse\/\" aria-label=\"Select options for \u201cModule 3 J1: \u00c9motions &quot;Je m&#039;aime je respire... je m&#039;aime je danse...&quot;\u201d\" data-quantity=\"1\" data-product_id=\"18214\" data-product_sku=\"rec75vqm1XZJozVT9\" data-price=\"200\" rel=\"nofollow\" class=\"wp-block-button__link  add_to_cart_button\" data-no-translation=\"\" data-trp-gettext=\"\" data-no-translation-aria-label=\"\">Select options<\/a><\/div>\n\t\t\t<\/li><\/ul><\/div><\/div>\n<\/div>","protected":false},"excerpt":{"rendered":"","protected":false},"author":1,"featured_media":0,"parent":0,"menu_order":0,"comment_status":"closed","ping_status":"closed","template":"","meta":{"_EventAllDay":false,"_EventTimezone":"","_EventStartDate":"","_EventEndDate":"","_EventStartDateUTC":"","_EventEndDateUTC":"","_EventShowMap":false,"_EventShowMapLink":false,"_EventURL":"","_EventCost":"","_EventCostDescription":"","_EventCurrencySymbol":"","_EventCurrencyCode":"","_EventCurrencyPosition":"","_EventDateTimeSeparator":"","_EventTimeRangeSeparator":"","_EventOrganizerID":[],"_EventVenueID":[],"_OrganizerEmail":"","_OrganizerPhone":"","_OrganizerWebsite":"","_VenueAddress":"","_VenueCity":"","_VenueCountry":"","_VenueProvince":"","_VenueState":"","_VenueZip":"","_VenuePhone":"","_VenueURL":"","_VenueStateProvince":"","_VenueLat":"","_VenueLng":"","_VenueShowMap":false,"_VenueShowMapLink":false,"footnotes":""},"tags":[],"class_list":["post-15916","page","type-page","status-publish","hentry"],"yoast_head":"<!-- This site is optimized with the Yoast SEO Premium plugin v23.8 (Yoast SEO v27.0) - https:\/\/yoast.com\/product\/yoast-seo-premium-wordpress\/ -->\n<title>Cart - Per Se Nota | Danse th\u00e9rapie<\/title>\n<meta name=\"robots\" content=\"index, follow, max-snippet:-1, max-image-preview:large, max-video-preview:-1\" \/>\n<link rel=\"canonical\" href=\"https:\/\/formationdansetherapie.com\/en\/cart\/\" \/>\n<meta property=\"og:locale\" content=\"en_US\" \/>\n<meta property=\"og:type\" content=\"article\" \/>\n<meta property=\"og:title\" content=\"Cart\" \/>\n<meta property=\"og:url\" content=\"https:\/\/formationdansetherapie.com\/en\/cart\/\" \/>\n<meta property=\"og:site_name\" content=\"Per Se Nota | Danse th\u00e9rapie\" \/>\n<meta property=\"article:modified_time\" content=\"2025-07-02T19:28:52+00:00\" \/>\n<meta name=\"twitter:card\" content=\"summary_large_image\" \/>\n<meta name=\"twitter:label1\" content=\"Est. reading time\" \/>\n\t<meta name=\"twitter:data1\" content=\"1 minute\" \/>\n<script type=\"application\/ld+json\" class=\"yoast-schema-graph\">{\"@context\":\"https:\/\/schema.org\",\"@graph\":[{\"@type\":\"WebPage\",\"@id\":\"https:\/\/formationdansetherapie.com\/cart\/\",\"url\":\"https:\/\/formationdansetherapie.com\/cart\/\",\"name\":\"Cart - Per Se Nota | Danse th\u00e9rapie\",\"isPartOf\":{\"@id\":\"https:\/\/formationdansetherapie.com\/#website\"},\"datePublished\":\"2025-02-14T00:51:44+00:00\",\"dateModified\":\"2025-07-02T19:28:52+00:00\",\"breadcrumb\":{\"@id\":\"https:\/\/formationdansetherapie.com\/cart\/#breadcrumb\"},\"inLanguage\":\"en-US\",\"potentialAction\":[{\"@type\":\"ReadAction\",\"target\":[\"https:\/\/formationdansetherapie.com\/cart\/\"]}]},{\"@type\":\"BreadcrumbList\",\"@id\":\"https:\/\/formationdansetherapie.com\/cart\/#breadcrumb\",\"itemListElement\":[{\"@type\":\"ListItem\",\"position\":1,\"name\":\"Home\",\"item\":\"https:\/\/formationdansetherapie.com\/\"},{\"@type\":\"ListItem\",\"position\":2,\"name\":\"Cart\"}]},{\"@type\":\"WebSite\",\"@id\":\"https:\/\/formationdansetherapie.com\/#website\",\"url\":\"https:\/\/formationdansetherapie.com\/\",\"name\":\"Per Se Nota | Danse th\u00e9rapie\",\"description\":\"Formation professionnelle danse th\u00e9rapie - professeur de danse th\u00e9rapie et danse th\u00e9rapeute\",\"potentialAction\":[{\"@type\":\"SearchAction\",\"target\":{\"@type\":\"EntryPoint\",\"urlTemplate\":\"https:\/\/formationdansetherapie.com\/?s={search_term_string}\"},\"query-input\":{\"@type\":\"PropertyValueSpecification\",\"valueRequired\":true,\"valueName\":\"search_term_string\"}}],\"inLanguage\":\"en-US\"}]}<\/script>\n<!-- \/ Yoast SEO Premium plugin. -->","yoast_head_json":{"title":"Cart - Per Se Nota | Danse th\u00e9rapie","robots":{"index":"index","follow":"follow","max-snippet":"max-snippet:-1","max-image-preview":"max-image-preview:large","max-video-preview":"max-video-preview:-1"},"canonical":"https:\/\/formationdansetherapie.com\/en\/cart\/","og_locale":"en_US","og_type":"article","og_title":"Cart","og_url":"https:\/\/formationdansetherapie.com\/en\/cart\/","og_site_name":"Per Se Nota | Danse th\u00e9rapie","article_modified_time":"2025-07-02T19:28:52+00:00","twitter_card":"summary_large_image","twitter_misc":{"Est. reading time":"1 minute"},"schema":{"@context":"https:\/\/schema.org","@graph":[{"@type":"WebPage","@id":"https:\/\/formationdansetherapie.com\/cart\/","url":"https:\/\/formationdansetherapie.com\/cart\/","name":"Cart - Per Se Nota | Danse th\u00e9rapie","isPartOf":{"@id":"https:\/\/formationdansetherapie.com\/#website"},"datePublished":"2025-02-14T00:51:44+00:00","dateModified":"2025-07-02T19:28:52+00:00","breadcrumb":{"@id":"https:\/\/formationdansetherapie.com\/cart\/#breadcrumb"},"inLanguage":"en-US","potentialAction":[{"@type":"ReadAction","target":["https:\/\/formationdansetherapie.com\/cart\/"]}]},{"@type":"BreadcrumbList","@id":"https:\/\/formationdansetherapie.com\/cart\/#breadcrumb","itemListElement":[{"@type":"ListItem","position":1,"name":"Home","item":"https:\/\/formationdansetherapie.com\/"},{"@type":"ListItem","position":2,"name":"Cart"}]},{"@type":"WebSite","@id":"https:\/\/formationdansetherapie.com\/#website","url":"https:\/\/formationdansetherapie.com\/","name":"Per Se Nota | Dance therapy","description":"Formation professionnelle danse th\u00e9rapie - professeur de danse th\u00e9rapie et danse th\u00e9rapeute","potentialAction":[{"@type":"SearchAction","target":{"@type":"EntryPoint","urlTemplate":"https:\/\/formationdansetherapie.com\/?s={search_term_string}"},"query-input":{"@type":"PropertyValueSpecification","valueRequired":true,"valueName":"search_term_string"}}],"inLanguage":"en-US"}]}},"_links":{"self":[{"href":"https:\/\/formationdansetherapie.com\/en\/wp-json\/wp\/v2\/pages\/15916","targetHints":{"allow":["GET"]}}],"collection":[{"href":"https:\/\/formationdansetherapie.com\/en\/wp-json\/wp\/v2\/pages"}],"about":[{"href":"https:\/\/formationdansetherapie.com\/en\/wp-json\/wp\/v2\/types\/page"}],"author":[{"embeddable":true,"href":"https:\/\/formationdansetherapie.com\/en\/wp-json\/wp\/v2\/users\/1"}],"replies":[{"embeddable":true,"href":"https:\/\/formationdansetherapie.com\/en\/wp-json\/wp\/v2\/comments?post=15916"}],"version-history":[{"count":2,"href":"https:\/\/formationdansetherapie.com\/en\/wp-json\/wp\/v2\/pages\/15916\/revisions"}],"predecessor-version":[{"id":16014,"href":"https:\/\/formationdansetherapie.com\/en\/wp-json\/wp\/v2\/pages\/15916\/revisions\/16014"}],"wp:attachment":[{"href":"https:\/\/formationdansetherapie.com\/en\/wp-json\/wp\/v2\/media?parent=15916"}],"wp:term":[{"taxonomy":"post_tag","embeddable":true,"href":"https:\/\/formationdansetherapie.com\/en\/wp-json\/wp\/v2\/tags?post=15916"}],"curies":[{"name":"wp","href":"https:\/\/api.w.org\/{rel}","templated":true}]}}