{"id":15112,"date":"2024-11-26T13:08:56","date_gmt":"2024-11-26T12:08:56","guid":{"rendered":"https:\/\/formationdansetherapie.com\/?page_id=15112"},"modified":"2025-06-09T12:17:23","modified_gmt":"2025-06-09T10:17:23","slug":"formation-de-danse-therapie-per-se-nota","status":"publish","type":"page","link":"https:\/\/formationdansetherapie.com\/en\/formation-de-danse-therapie-per-se-nota\/","title":{"rendered":"Formation de danse th\u00e9rapie compl\u00e8te"},"content":{"rendered":"<style type=\"text\/css\"> \n#cmsmasters_row_69e1f94c583728_51057355 { \n\tbackground-image: url(https:\/\/formationdansetherapie.com\/wp-content\/uploads\/2024\/12\/Danse-therapie.png); \n\tbackground-position: top center; \n\tbackground-repeat: no-repeat; \n\tbackground-attachment: scroll; \n\tbackground-size: cover; \n} \n\n#cmsmasters_row_69e1f94c583728_51057355 .cmsmasters_row_outer_parent { \n\tpadding-top: 90px; \n} \n\n#cmsmasters_row_69e1f94c583728_51057355 .cmsmasters_row_outer_parent { \n\tpadding-bottom: 200px; \n} \n\n \n#cmsmasters_row_69e1f94c586ce5_07732821 { \n\tbackground-color:#622084;\n} \n\n#cmsmasters_row_69e1f94c586ce5_07732821 .cmsmasters_row_outer_parent { \n\tpadding-top: 20px; \n} \n\n#cmsmasters_row_69e1f94c586ce5_07732821 .cmsmasters_row_outer_parent { \n\tpadding-bottom: 20px; \n} \n\n \n#cmsmasters_row_69e1f94c587503_68259347 .cmsmasters_row_outer_parent { \n\tpadding-top: 0px; \n} \n\n#cmsmasters_row_69e1f94c587503_68259347 .cmsmasters_row_outer_parent { \n\tpadding-bottom: 50px; \n} \n\n<\/style><div id=\"cmsmasters_row_69e1f94c583728_51057355\" class=\"cmsmasters_row cmsmasters_color_scheme_default cmsmasters_row_top_default cmsmasters_row_bot_default cmsmasters_row_boxed\">\n<div class=\"cmsmasters_row_outer_parent\">\n<div class=\"cmsmasters_row_outer\">\n<div class=\"cmsmasters_row_inner\">\n<div class=\"cmsmasters_row_margin\">\n<div class=\"cmsmasters_column one_first\">\n<\/div>\n<\/div>\n<\/div>\n<\/div>\n<\/div>\n<\/div>\n<div id=\"cmsmasters_row_69e1f94c586ce5_07732821\" class=\"cmsmasters_row cmsmasters_color_scheme_default cmsmasters_row_top_default cmsmasters_row_bot_default cmsmasters_row_boxed\">\n<div class=\"cmsmasters_row_outer_parent\">\n<div class=\"cmsmasters_row_outer\">\n<div class=\"cmsmasters_row_inner\">\n<div class=\"cmsmasters_row_margin\">\n<div class=\"cmsmasters_column one_first\">\n<div class=\"cmsmasters_text\">\n<h2>Formation D\u00e9couverte<\/h2>\n<p style=\"color: #ffffff; display: none;\"><a href=\"\/en\/formation-danse-therapie-decouverte\/\">discovery<\/a><\/p>\n<h3 style=\"display: none;\">formation d\u00e9couverte de danse th\u00e9rapie<\/h3>\n<\/div>\n<\/div>\n<\/div>\n<\/div>\n<\/div>\n<\/div>\n<\/div>\n<div id=\"cmsmasters_row_69e1f94c587503_68259347\" class=\"cmsmasters_row cmsmasters_color_scheme_default cmsmasters_row_top_default cmsmasters_row_bot_default cmsmasters_row_boxed\">\n<div class=\"cmsmasters_row_outer_parent\">\n<div class=\"cmsmasters_row_outer\">\n<div class=\"cmsmasters_row_inner\">\n<div class=\"cmsmasters_row_margin\">\n<div class=\"cmsmasters_column one_first\">\n<div class=\"cmsmasters_text\">\n<h1>Formation en danse th\u00e9rapie Per se Nota\u00a9 : une approche transformative<\/h1>\n<p>The <strong>formation en danse th\u00e9rapie<\/strong> Per se Nota\u00a9 propose un accompagnement unique m\u00ealant expression corporelle, conscience \u00e9motionnelle et pratiques th\u00e9rapeutiques. Elle s\u2019adresse \u00e0 toute personne souhaitant explorer le lien entre <strong>sant\u00e9 mentale<\/strong>, mouvement et d\u00e9veloppement personnel. Gr\u00e2ce \u00e0 une m\u00e9thode int\u00e9grative, cette formation s\u2019inscrit dans une d\u00e9marche de bien-\u00eatre global.<\/p>\n<p><strong>D\u00e9veloppement des comp\u00e9tences d\u2019accompagnement :<\/strong><br \/>\nLes participants acqui\u00e8rent les outils pour guider des s\u00e9ances de <strong>dance therapy<\/strong> adapt\u00e9es \u00e0 diff\u00e9rents profils. L\u2019\u00e9coute active, la cr\u00e9ativit\u00e9 et la reformulation deviennent des leviers cl\u00e9s pour accompagner l\u2019autre en profondeur.<\/p>\n<p><strong>Danse et sant\u00e9 mentale : une synergie b\u00e9n\u00e9fique<\/strong><br \/>\nLa danse offre un espace d\u2019expression non verbal, essentiel pour les personnes en souffrance psychique. Des recherches (cf. <a href=\"https:\/\/www.frontiersin.org\/articles\/10.3389\/fpsyg.2019.01805\/full\" target=\"_blank\" rel=\"noopener\">Frontiers in Psychology<\/a>) montrent que la <em>Dance Movement Therapy<\/em> r\u00e9duit significativement la d\u00e9pression et l\u2019anxi\u00e9t\u00e9. Par cons\u00e9quent, int\u00e9grer la danse dans une d\u00e9marche th\u00e9rapeutique favorise la r\u00e9silience \u00e9motionnelle.<\/p>\n<p><strong>Techniques de conscience modifi\u00e9e :<\/strong><br \/>\nEn combinant mouvement libre et pleine conscience, les stagiaires apprennent \u00e0 induire des \u00e9tats de relaxation propices \u00e0 la transformation int\u00e9rieure. Ces outils renforcent la connexion corps-esprit dans l\u2019accompagnement th\u00e9rapeutique.<\/p>\n<p><strong>Une p\u00e9dagogie incarn\u00e9e gr\u00e2ce \u00e0 la m\u00e9thode Per se Nota\u00a9<\/strong><br \/>\nLa m\u00e9thode repose sur l\u2019adaptation, l\u2019\u00e9coute du groupe et l\u2019instant pr\u00e9sent. Elle offre une structure souple, loin des protocoles rigides, permettant \u00e0 chaque formateur de r\u00e9pondre aux besoins sp\u00e9cifiques de son groupe.<\/p>\n<p><strong>Pour aller plus loin :<\/strong><br \/>\n&#8211; <a href=\"https:\/\/formationdansetherapie.com\/en\/formation-per-se-nota-danse-therapie-complete\/\" target=\"_blank\" rel=\"noopener\">Formation certifiante compl\u00e8te<\/a><br \/>\n&#8211; <a href=\"https:\/\/formationdansetherapie.com\/en\/formation-danse-therapie-decouverte\/\" target=\"_blank\" rel=\"noopener\">Session d\u00e9couverte en pr\u00e9sentiel<\/a><br \/>\n&#8211; <a href=\"https:\/\/formationdansetherapie.com\/en\/formation-en-ligne-de-danse-therapie-per-se-nota\/\" target=\"_blank\" rel=\"noopener\">Formation en ligne th\u00e9matique<\/a><\/p>\n<h3>Pourquoi choisir la formation en danse th\u00e9rapie Per se Nota\u00a9 ?<\/h3>\n<p>Cette formation est autant un cheminement personnel qu\u2019un apprentissage professionnel. Elle invite \u00e0 ralentir, \u00e0 ressentir et \u00e0 rencontrer l\u2019autre \u00e0 travers le mouvement. En somme, c\u2019est une porte vers un m\u00e9tier profond\u00e9ment humain et align\u00e9 avec les enjeux actuels de sant\u00e9 mentale.<\/p>\n<\/div>\n<\/div>\n<\/div>\n<\/div>\n<\/div>\n<\/div>\n<\/div>","protected":false},"excerpt":{"rendered":"","protected":false},"author":1,"featured_media":8642,"parent":0,"menu_order":0,"comment_status":"closed","ping_status":"closed","template":"","meta":{"_EventAllDay":false,"_EventTimezone":"","_EventStartDate":"","_EventEndDate":"","_EventStartDateUTC":"","_EventEndDateUTC":"","_EventShowMap":false,"_EventShowMapLink":false,"_EventURL":"","_EventCost":"","_EventCostDescription":"","_EventCurrencySymbol":"","_EventCurrencyCode":"","_EventCurrencyPosition":"","_EventDateTimeSeparator":"","_EventTimeRangeSeparator":"","_EventOrganizerID":[],"_EventVenueID":[],"_OrganizerEmail":"","_OrganizerPhone":"","_OrganizerWebsite":"","_VenueAddress":"","_VenueCity":"","_VenueCountry":"","_VenueProvince":"","_VenueState":"","_VenueZip":"","_VenuePhone":"","_VenueURL":"","_VenueStateProvince":"","_VenueLat":"","_VenueLng":"","_VenueShowMap":false,"_VenueShowMapLink":false,"footnotes":""},"tags":[],"class_list":["post-15112","page","type-page","status-publish","has-post-thumbnail","hentry"],"yoast_head":"<!-- This site is optimized with the Yoast SEO Premium plugin v23.8 (Yoast SEO v27.0) - https:\/\/yoast.com\/product\/yoast-seo-premium-wordpress\/ -->\n<title>Formation de danse th\u00e9rapie compl\u00e8te - Per Se Nota | Danse th\u00e9rapie<\/title>\n<meta name=\"description\" content=\"D\u00e9couvrez nos formation de danse th\u00e9rapie compl\u00e8te pour devenir professeur de danse th\u00e9rapie aupr\u00e8s des enfants, adulte et seniors.\" \/>\n<meta name=\"robots\" content=\"index, follow, max-snippet:-1, max-image-preview:large, max-video-preview:-1\" \/>\n<link rel=\"canonical\" href=\"https:\/\/formationdansetherapie.com\/en\/formation-de-danse-therapie-per-se-nota\/\" \/>\n<meta property=\"og:locale\" content=\"en_US\" \/>\n<meta property=\"og:type\" content=\"article\" \/>\n<meta property=\"og:title\" content=\"Formation de danse th\u00e9rapie compl\u00e8te\" \/>\n<meta property=\"og:description\" content=\"D\u00e9couvrez nos formation de danse th\u00e9rapie compl\u00e8te pour devenir professeur de danse th\u00e9rapie aupr\u00e8s des enfants, adulte et seniors.\" \/>\n<meta property=\"og:url\" content=\"https:\/\/formationdansetherapie.com\/en\/formation-de-danse-therapie-per-se-nota\/\" \/>\n<meta property=\"og:site_name\" content=\"Per Se Nota | Danse th\u00e9rapie\" \/>\n<meta property=\"article:modified_time\" content=\"2025-06-09T10:17:23+00:00\" \/>\n<meta property=\"og:image\" content=\"https:\/\/formationdansetherapie.com\/wp-content\/uploads\/2020\/06\/PER-SE-NOTA-Logo-Couleurs.png\" \/>\n\t<meta property=\"og:image:width\" content=\"3090\" \/>\n\t<meta property=\"og:image:height\" content=\"2530\" \/>\n\t<meta property=\"og:image:type\" content=\"image\/png\" \/>\n<meta name=\"twitter:card\" content=\"summary_large_image\" \/>\n<meta name=\"twitter:label1\" content=\"Est. reading time\" \/>\n\t<meta name=\"twitter:data1\" content=\"2 minutes\" \/>\n<script type=\"application\/ld+json\" class=\"yoast-schema-graph\">{\"@context\":\"https:\/\/schema.org\",\"@graph\":[{\"@type\":\"WebPage\",\"@id\":\"https:\/\/formationdansetherapie.com\/formation-de-danse-therapie-per-se-nota\/\",\"url\":\"https:\/\/formationdansetherapie.com\/formation-de-danse-therapie-per-se-nota\/\",\"name\":\"Formation de danse th\u00e9rapie compl\u00e8te - Per Se Nota | Danse th\u00e9rapie\",\"isPartOf\":{\"@id\":\"https:\/\/formationdansetherapie.com\/#website\"},\"primaryImageOfPage\":{\"@id\":\"https:\/\/formationdansetherapie.com\/formation-de-danse-therapie-per-se-nota\/#primaryimage\"},\"image\":{\"@id\":\"https:\/\/formationdansetherapie.com\/formation-de-danse-therapie-per-se-nota\/#primaryimage\"},\"thumbnailUrl\":\"https:\/\/formationdansetherapie.com\/wp-content\/uploads\/2020\/06\/PER-SE-NOTA-Logo-Couleurs.png\",\"datePublished\":\"2024-11-26T12:08:56+00:00\",\"dateModified\":\"2025-06-09T10:17:23+00:00\",\"description\":\"D\u00e9couvrez nos formation de danse th\u00e9rapie compl\u00e8te pour devenir professeur de danse th\u00e9rapie aupr\u00e8s des enfants, adulte et seniors.\",\"breadcrumb\":{\"@id\":\"https:\/\/formationdansetherapie.com\/formation-de-danse-therapie-per-se-nota\/#breadcrumb\"},\"inLanguage\":\"en-US\",\"potentialAction\":[{\"@type\":\"ReadAction\",\"target\":[\"https:\/\/formationdansetherapie.com\/formation-de-danse-therapie-per-se-nota\/\"]}]},{\"@type\":\"ImageObject\",\"inLanguage\":\"en-US\",\"@id\":\"https:\/\/formationdansetherapie.com\/formation-de-danse-therapie-per-se-nota\/#primaryimage\",\"url\":\"https:\/\/formationdansetherapie.com\/wp-content\/uploads\/2020\/06\/PER-SE-NOTA-Logo-Couleurs.png\",\"contentUrl\":\"https:\/\/formationdansetherapie.com\/wp-content\/uploads\/2020\/06\/PER-SE-NOTA-Logo-Couleurs.png\",\"width\":3090,\"height\":2530,\"caption\":\"Formation de danse th\u00e9rapie compl\u00e8te\"},{\"@type\":\"BreadcrumbList\",\"@id\":\"https:\/\/formationdansetherapie.com\/formation-de-danse-therapie-per-se-nota\/#breadcrumb\",\"itemListElement\":[{\"@type\":\"ListItem\",\"position\":1,\"name\":\"Home\",\"item\":\"https:\/\/formationdansetherapie.com\/\"},{\"@type\":\"ListItem\",\"position\":2,\"name\":\"Formation de danse th\u00e9rapie compl\u00e8te\"}]},{\"@type\":\"WebSite\",\"@id\":\"https:\/\/formationdansetherapie.com\/#website\",\"url\":\"https:\/\/formationdansetherapie.com\/\",\"name\":\"Per Se Nota | Danse th\u00e9rapie\",\"description\":\"Formation professionnelle danse th\u00e9rapie - professeur de danse th\u00e9rapie et danse th\u00e9rapeute\",\"potentialAction\":[{\"@type\":\"SearchAction\",\"target\":{\"@type\":\"EntryPoint\",\"urlTemplate\":\"https:\/\/formationdansetherapie.com\/?s={search_term_string}\"},\"query-input\":{\"@type\":\"PropertyValueSpecification\",\"valueRequired\":true,\"valueName\":\"search_term_string\"}}],\"inLanguage\":\"en-US\"}]}<\/script>\n<!-- \/ Yoast SEO Premium plugin. -->","yoast_head_json":{"title":"Formation de danse th\u00e9rapie compl\u00e8te - Per Se Nota | Danse th\u00e9rapie","description":"D\u00e9couvrez nos formation de danse th\u00e9rapie compl\u00e8te pour devenir professeur de danse th\u00e9rapie aupr\u00e8s des enfants, adulte et seniors.","robots":{"index":"index","follow":"follow","max-snippet":"max-snippet:-1","max-image-preview":"max-image-preview:large","max-video-preview":"max-video-preview:-1"},"canonical":"https:\/\/formationdansetherapie.com\/en\/formation-de-danse-therapie-per-se-nota\/","og_locale":"en_US","og_type":"article","og_title":"Formation de danse th\u00e9rapie compl\u00e8te","og_description":"D\u00e9couvrez nos formation de danse th\u00e9rapie compl\u00e8te pour devenir professeur de danse th\u00e9rapie aupr\u00e8s des enfants, adulte et seniors.","og_url":"https:\/\/formationdansetherapie.com\/en\/formation-de-danse-therapie-per-se-nota\/","og_site_name":"Per Se Nota | Danse th\u00e9rapie","article_modified_time":"2025-06-09T10:17:23+00:00","og_image":[{"width":3090,"height":2530,"url":"https:\/\/formationdansetherapie.com\/wp-content\/uploads\/2020\/06\/PER-SE-NOTA-Logo-Couleurs.png","type":"image\/png"}],"twitter_card":"summary_large_image","twitter_misc":{"Est. reading time":"2 minutes"},"schema":{"@context":"https:\/\/schema.org","@graph":[{"@type":"WebPage","@id":"https:\/\/formationdansetherapie.com\/formation-de-danse-therapie-per-se-nota\/","url":"https:\/\/formationdansetherapie.com\/formation-de-danse-therapie-per-se-nota\/","name":"Formation de danse th\u00e9rapie compl\u00e8te - Per Se Nota | Danse th\u00e9rapie","isPartOf":{"@id":"https:\/\/formationdansetherapie.com\/#website"},"primaryImageOfPage":{"@id":"https:\/\/formationdansetherapie.com\/formation-de-danse-therapie-per-se-nota\/#primaryimage"},"image":{"@id":"https:\/\/formationdansetherapie.com\/formation-de-danse-therapie-per-se-nota\/#primaryimage"},"thumbnailUrl":"https:\/\/formationdansetherapie.com\/wp-content\/uploads\/2020\/06\/PER-SE-NOTA-Logo-Couleurs.png","datePublished":"2024-11-26T12:08:56+00:00","dateModified":"2025-06-09T10:17:23+00:00","description":"D\u00e9couvrez nos formation de danse th\u00e9rapie compl\u00e8te pour devenir professeur de danse th\u00e9rapie aupr\u00e8s des enfants, adulte et seniors.","breadcrumb":{"@id":"https:\/\/formationdansetherapie.com\/formation-de-danse-therapie-per-se-nota\/#breadcrumb"},"inLanguage":"en-US","potentialAction":[{"@type":"ReadAction","target":["https:\/\/formationdansetherapie.com\/formation-de-danse-therapie-per-se-nota\/"]}]},{"@type":"ImageObject","inLanguage":"en-US","@id":"https:\/\/formationdansetherapie.com\/formation-de-danse-therapie-per-se-nota\/#primaryimage","url":"https:\/\/formationdansetherapie.com\/wp-content\/uploads\/2020\/06\/PER-SE-NOTA-Logo-Couleurs.png","contentUrl":"https:\/\/formationdansetherapie.com\/wp-content\/uploads\/2020\/06\/PER-SE-NOTA-Logo-Couleurs.png","width":3090,"height":2530,"caption":"Formation de danse th\u00e9rapie compl\u00e8te"},{"@type":"BreadcrumbList","@id":"https:\/\/formationdansetherapie.com\/formation-de-danse-therapie-per-se-nota\/#breadcrumb","itemListElement":[{"@type":"ListItem","position":1,"name":"Home","item":"https:\/\/formationdansetherapie.com\/"},{"@type":"ListItem","position":2,"name":"Formation de danse th\u00e9rapie compl\u00e8te"}]},{"@type":"WebSite","@id":"https:\/\/formationdansetherapie.com\/#website","url":"https:\/\/formationdansetherapie.com\/","name":"Per Se Nota | Dance therapy","description":"Formation professionnelle danse th\u00e9rapie - professeur de danse th\u00e9rapie et danse th\u00e9rapeute","potentialAction":[{"@type":"SearchAction","target":{"@type":"EntryPoint","urlTemplate":"https:\/\/formationdansetherapie.com\/?s={search_term_string}"},"query-input":{"@type":"PropertyValueSpecification","valueRequired":true,"valueName":"search_term_string"}}],"inLanguage":"en-US"}]}},"_links":{"self":[{"href":"https:\/\/formationdansetherapie.com\/en\/wp-json\/wp\/v2\/pages\/15112","targetHints":{"allow":["GET"]}}],"collection":[{"href":"https:\/\/formationdansetherapie.com\/en\/wp-json\/wp\/v2\/pages"}],"about":[{"href":"https:\/\/formationdansetherapie.com\/en\/wp-json\/wp\/v2\/types\/page"}],"author":[{"embeddable":true,"href":"https:\/\/formationdansetherapie.com\/en\/wp-json\/wp\/v2\/users\/1"}],"replies":[{"embeddable":true,"href":"https:\/\/formationdansetherapie.com\/en\/wp-json\/wp\/v2\/comments?post=15112"}],"version-history":[{"count":19,"href":"https:\/\/formationdansetherapie.com\/en\/wp-json\/wp\/v2\/pages\/15112\/revisions"}],"predecessor-version":[{"id":17233,"href":"https:\/\/formationdansetherapie.com\/en\/wp-json\/wp\/v2\/pages\/15112\/revisions\/17233"}],"wp:featuredmedia":[{"embeddable":true,"href":"https:\/\/formationdansetherapie.com\/en\/wp-json\/wp\/v2\/media\/8642"}],"wp:attachment":[{"href":"https:\/\/formationdansetherapie.com\/en\/wp-json\/wp\/v2\/media?parent=15112"}],"wp:term":[{"taxonomy":"post_tag","embeddable":true,"href":"https:\/\/formationdansetherapie.com\/en\/wp-json\/wp\/v2\/tags?post=15112"}],"curies":[{"name":"wp","href":"https:\/\/api.w.org\/{rel}","templated":true}]}}