{"id":14992,"date":"2024-11-04T17:20:34","date_gmt":"2024-11-04T16:20:34","guid":{"rendered":"https:\/\/formationdansetherapie.com\/?page_id=14992"},"modified":"2026-01-06T16:45:47","modified_gmt":"2026-01-06T15:45:47","slug":"inscription-tarifs-formation-danse-therapie-per-se-nota","status":"publish","type":"page","link":"https:\/\/formationdansetherapie.com\/en\/inscription-tarifs-formation-danse-therapie-per-se-nota\/","title":{"rendered":"Inscription et Tarifs"},"content":{"rendered":"<style type=\"text\/css\"> \n#cmsmasters_row_69e229c404e7c9_25349493 .cmsmasters_row_outer_parent { \n\tpadding-top: 0px; \n} \n\n#cmsmasters_row_69e229c404e7c9_25349493 .cmsmasters_row_outer_parent { \n\tpadding-bottom: 50px; \n} \n\n \n#cmsmasters_heading_69e229c4051655_36293772 { \n\ttext-align:center; \n\tmargin-top:0px; \n\tmargin-bottom:20px; \n} \n\n#cmsmasters_heading_69e229c4051655_36293772 .cmsmasters_heading { \n\ttext-align:center; \n} \n\n#cmsmasters_heading_69e229c4051655_36293772 .cmsmasters_heading, #cmsmasters_heading_69e229c4051655_36293772 .cmsmasters_heading a { \n\tfont-family:'Comfortaa'; \n\tfont-weight:normal; \n\tfont-style:normal; \n} \n\n#cmsmasters_heading_69e229c4051655_36293772 .cmsmasters_heading_divider { \n} \n\n \n#cmsmasters_row_69e229c4052719_78398937 .cmsmasters_row_outer_parent { \n\tpadding-top: 0px; \n} \n\n#cmsmasters_row_69e229c4052719_78398937 .cmsmasters_row_outer_parent { \n\tpadding-bottom: 50px; \n} \n\n \n#cmsmasters_row_69e229c4053566_71040791 .cmsmasters_row_outer_parent { \n\tpadding-top: 0px; \n} \n\n#cmsmasters_row_69e229c4053566_71040791 .cmsmasters_row_outer_parent { \n\tpadding-bottom: 50px; \n} \n\n \n#cmsmasters_heading_69e229c4054648_80915300 { \n\ttext-align:center; \n\tmargin-top:0px; \n\tmargin-bottom:20px; \n} \n\n#cmsmasters_heading_69e229c4054648_80915300 .cmsmasters_heading { \n\ttext-align:center; \n} \n\n#cmsmasters_heading_69e229c4054648_80915300 .cmsmasters_heading, #cmsmasters_heading_69e229c4054648_80915300 .cmsmasters_heading a { \n\tfont-weight:normal; \n\tfont-style:normal; \n\tcolor:#ed6247;\n} \n\n#cmsmasters_heading_69e229c4054648_80915300 .cmsmasters_heading_divider { \n} \n\n\n#cmsmasters_pricing_item_69e229c4056de1_96683586 .cmsmasters_pricing_item_inner { \n\tbackground-color:#ed6247;\n} \n#cmsmasters_pricing_item_69e229c4056de1_96683586 .cmsmasters_pricing_item_inner { \n\tborder-color:#ed6247;\n} \n\n#cmsmasters_pricing_item_69e229c4056de1_96683586 .cmsmasters_button:before { \n\tmargin-right:.5em; \n\tmargin-left:0; \n\tvertical-align:baseline; \n} \n\n#cmsmasters_pricing_item_69e229c4056de1_96683586 .cmsmasters_button { \n\tfont-weight:normal; \n\tfont-style:normal; \n\tborder-style:solid; \n} \n#cmsmasters_pricing_item_69e229c4056de1_96683586 .cmsmasters_button:hover { \n} \n \n#cmsmasters_row_69e229c40583b3_56140291 { \n\tbackground-color:#ed66247;\n} \n\n#cmsmasters_row_69e229c40583b3_56140291 .cmsmasters_row_outer_parent { \n\tpadding-top: 0px; \n} \n\n#cmsmasters_row_69e229c40583b3_56140291 .cmsmasters_row_outer_parent { \n\tpadding-bottom: 50px; \n} \n\n \n#cmsmasters_heading_69e229c4058fa8_69590633 { \n\ttext-align:center; \n\tmargin-top:0px; \n\tmargin-bottom:20px; \n} \n\n#cmsmasters_heading_69e229c4058fa8_69590633 .cmsmasters_heading { \n\ttext-align:center; \n} \n\n#cmsmasters_heading_69e229c4058fa8_69590633 .cmsmasters_heading, #cmsmasters_heading_69e229c4058fa8_69590633 .cmsmasters_heading a { \n\tfont-weight:normal; \n\tfont-style:normal; \n\tcolor:#ed6247;\n} \n\n#cmsmasters_heading_69e229c4058fa8_69590633 .cmsmasters_heading_divider { \n} \n\n\n#cmsmasters_pricing_item_69e229c4059fa9_96757210 .cmsmasters_pricing_item_inner { \n\tbackground-color:#ed6247;\n} \n#cmsmasters_pricing_item_69e229c4059fa9_96757210 .cmsmasters_pricing_item_inner { \n\tborder-color:#ed6247;\n} \n\n#cmsmasters_pricing_item_69e229c4059fa9_96757210 .cmsmasters_button:before { \n\tmargin-right:.5em; \n\tmargin-left:0; \n\tvertical-align:baseline; \n} \n\n#cmsmasters_pricing_item_69e229c4059fa9_96757210 .cmsmasters_button { \n\tline-height:40px; \n\tfont-weight:normal; \n\tfont-style:normal; \n\tborder-style:solid; \n} \n#cmsmasters_pricing_item_69e229c4059fa9_96757210 .cmsmasters_button:hover { \n} \n#cmsmasters_pricing_item_69e229c405ad72_81930393 .cmsmasters_button:before { \n\tmargin-right:.5em; \n\tmargin-left:0; \n\tvertical-align:baseline; \n} \n\n#cmsmasters_pricing_item_69e229c405ad72_81930393 .cmsmasters_button { \n\tline-height:40px; \n\tfont-weight:normal; \n\tfont-style:normal; \n\tborder-style:solid; \n} \n#cmsmasters_pricing_item_69e229c405ad72_81930393 .cmsmasters_button:hover { \n} \n#cmsmasters_pricing_item_69e229c405ba37_65143178 .cmsmasters_pricing_item_inner { \n\tbackground-color:#ed6247;\n} \n#cmsmasters_pricing_item_69e229c405ba37_65143178 .cmsmasters_pricing_item_inner { \n\tborder-color:#ed6247;\n} \n\n \n#cmsmasters_row_69e229c405be84_26644671 .cmsmasters_row_outer_parent { \n\tpadding-top: 0px; \n} \n\n#cmsmasters_row_69e229c405be84_26644671 .cmsmasters_row_outer_parent { \n\tpadding-bottom: 50px; \n} \n\n \n#cmsmasters_heading_69e229c405c918_89128629 { \n\ttext-align:center; \n\tmargin-top:0px; \n\tmargin-bottom:20px; \n} \n\n#cmsmasters_heading_69e229c405c918_89128629 .cmsmasters_heading { \n\ttext-align:center; \n} \n\n#cmsmasters_heading_69e229c405c918_89128629 .cmsmasters_heading, #cmsmasters_heading_69e229c405c918_89128629 .cmsmasters_heading a { \n\tfont-weight:normal; \n\tfont-style:normal; \n\tcolor:#ed6247;\n} \n\n#cmsmasters_heading_69e229c405c918_89128629 .cmsmasters_heading_divider { \n} \n\n\n#cmsmasters_pricing_item_69e229c405e505_92148721 .cmsmasters_pricing_item_inner { \n\tbackground-color:#ed6247;\n} \n#cmsmasters_pricing_item_69e229c405e505_92148721 .cmsmasters_pricing_item_inner { \n\tborder-color:#ed6247;\n} \n\n \n#cmsmasters_row_69e229c405e827_88898727 .cmsmasters_row_outer_parent { \n\tpadding-top: 0px; \n} \n\n#cmsmasters_row_69e229c405e827_88898727 .cmsmasters_row_outer_parent { \n\tpadding-bottom: 50px; \n} \n\n<\/style><div id=\"cmsmasters_row_69e229c404e7c9_25349493\" class=\"cmsmasters_row cmsmasters_color_scheme_default cmsmasters_row_top_default cmsmasters_row_bot_default cmsmasters_row_boxed\">\n<div class=\"cmsmasters_row_outer_parent\">\n<div class=\"cmsmasters_row_outer\">\n<div class=\"cmsmasters_row_inner\">\n<div class=\"cmsmasters_row_margin\">\n<div class=\"cmsmasters_column one_first\">\n\n<div id=\"cmsmasters_heading_69e229c4051655_36293772\" class=\"cmsmasters_heading_wrap cmsmasters_heading_align_center\">\n\t<h1 class=\"cmsmasters_heading cmsmasters-icon-custom-bag\">Inscription et tarifs<\/h1>\n<\/div>\n<\/div>\n<\/div>\n<\/div>\n<\/div>\n<\/div>\n<\/div>\n<div id=\"cmsmasters_row_69e229c4052719_78398937\" class=\"cmsmasters_row cmsmasters_color_scheme_default cmsmasters_row_top_default cmsmasters_row_bot_default cmsmasters_row_boxed\">\n<div class=\"cmsmasters_row_outer_parent\">\n<div class=\"cmsmasters_row_outer\">\n<div class=\"cmsmasters_row_inner\">\n<div class=\"cmsmasters_row_margin\">\n<div class=\"cmsmasters_column one_first\">\n<div class=\"cmsmasters_text\">\n<h4 style=\"text-align: center;\">Profitez de nos offres promotionnelles sur la <span style=\"color: #ff6600;\"><strong>Formation en ligne<\/strong><span style=\"color: #000000;\">, <\/span><\/span>la<span style=\"color: #ff6600;\"> <strong><span style=\"color: #000000;\"><span style=\"color: #ff6600;\">Formation d\u00e9couverte <\/span><\/span><\/strong><\/span>et les <span style=\"color: #ff6600;\"><strong><span style=\"color: #000000;\"><span style=\"color: #ff6600;\">ateliers<\/span><\/span><\/strong><\/span> <strong>jusqu&rsquo;au 31\/03\/2026<\/strong>.<\/h4>\n<h4 style=\"text-align: center;\"><strong>Et toute l&rsquo;ann\u00e9e, une remise de 10%<\/strong> est accord\u00e9e aux \u00e9tudiants, demandeurs d&#8217;emploi et b\u00e9n\u00e9ficiaires du RSA sur le tarif normal de nos formations (justificatif \u00e0 fournir).<\/h4>\n<h3><\/h3>\n<\/div>\n<\/div>\n<\/div>\n<\/div>\n<\/div>\n<\/div>\n<\/div>\n<div id=\"cmsmasters_row_69e229c4053566_71040791\" class=\"cmsmasters_row cmsmasters_color_scheme_default cmsmasters_row_top_default cmsmasters_row_bot_default cmsmasters_row_boxed\">\n<div class=\"cmsmasters_row_outer_parent\">\n<div class=\"cmsmasters_row_outer\">\n<div class=\"cmsmasters_row_inner\">\n<div class=\"cmsmasters_row_margin\">\n<div class=\"cmsmasters_column one_first\">\n\n<div id=\"cmsmasters_heading_69e229c4054648_80915300\" class=\"cmsmasters_heading_wrap cmsmasters_heading_align_center\">\n\t<h1 class=\"cmsmasters_heading\">ateliers de danse th\u00e9rapie et formation d\u00e9couverte<\/h1>\n<\/div> \n<div class=\"cmsmasters_pricing_table pricing_two\">\n<div id=\"cmsmasters_pricing_item_69e229c4056de1_96683586\" class=\"cmsmasters_pricing_item pricing_best\">\n<div class=\"cmsmasters_pricing_item_inner\">\n<h3 class=\"pricing_title\">Atelier 1 jour en pr\u00e9sentiel<\/h3>\n<div class=\"cmsmasters_price_wrap\">\n<span class=\"cmsmasters_currency\">\u20ac<\/span>\n<span class=\"cmsmasters_price\">180<\/span>\n<br \/><span class=\"cmsmasters_period\">jusqu\u2032au 31\/03\/2026<\/span>\n<\/div>\n<ul class=\"feature_list\">\n<li>+ adh\u00e9sion de 30\u20ac<\/li>\n<\/ul>\n<a href=\"https:\/\/rb.gy\/gim6en\" class=\"cmsmasters_button\" target=\"_blank\"><span>Pr\u00e9-inscription<\/span><\/a>\n<\/div>\n<\/div>\n<div id=\"cmsmasters_pricing_item_69e229c4057f57_70629177\" class=\"cmsmasters_pricing_item pricing_best\">\n<div class=\"cmsmasters_pricing_item_inner\">\n<h3 class=\"pricing_title\">Formation d\u00e9couverte en pr\u00e9sentiel <\/h3>\n<div class=\"cmsmasters_price_wrap\">\n<span class=\"cmsmasters_currency\">\u20ac<\/span>\n<span class=\"cmsmasters_price\">850<\/span>\n<br \/><span class=\"cmsmasters_period\">Jusqu\u2032au 31\/03\/2026<\/span>\n<\/div>\n<ul class=\"feature_list\">\n<li>+ adh\u00e9sion de 30\u20ac<\/li>\n<li>Paiement en plusieurs fois sans frais<\/li>\n<\/ul>\n<\/div>\n<\/div>\n<\/div>\n<\/div>\n<div class=\"cmsmasters_column one_first\">\n<\/div>\n<\/div>\n<\/div>\n<\/div>\n<\/div>\n<\/div>\n<div id=\"cmsmasters_row_69e229c40583b3_56140291\" class=\"cmsmasters_row cmsmasters_color_scheme_default cmsmasters_row_top_default cmsmasters_row_bot_default cmsmasters_row_boxed\">\n<div class=\"cmsmasters_row_outer_parent\">\n<div class=\"cmsmasters_row_outer\">\n<div class=\"cmsmasters_row_inner\">\n<div class=\"cmsmasters_row_margin\">\n<div class=\"cmsmasters_column one_first\">\n\n<div id=\"cmsmasters_heading_69e229c4058fa8_69590633\" class=\"cmsmasters_heading_wrap cmsmasters_heading_align_center\">\n\t<h1 class=\"cmsmasters_heading\">Formations compl\u00e8tes de danse th\u00e9rapie <\/h1>\n<\/div> \n<div class=\"cmsmasters_pricing_table pricing_three\">\n<div id=\"cmsmasters_pricing_item_69e229c4059fa9_96757210\" class=\"cmsmasters_pricing_item pricing_best\">\n<div class=\"cmsmasters_pricing_item_inner\">\n<h3 class=\"pricing_title\">Formation compl\u00e8te et discontinue en pr\u00e9sentiel Niveau 1<\/h3>\n<div class=\"cmsmasters_price_wrap\">\n<span class=\"cmsmasters_currency\">\u20ac<\/span>\n<span class=\"cmsmasters_price\">6 400<\/span>\n<\/div>\n<ul class=\"feature_list\">\n<li>+ adh\u00e9sion de 30\u20ac<\/li>\n<li>Paiement en 1 ou 2 fois ou 10 fois sans frais<\/li>\n<\/ul>\n<a href=\"https:\/\/formationdansetherapie.com\/en\/formulaire-inscription-formation-discontinue-per-se-nota\/\" class=\"cmsmasters_button\" target=\"_blank\"><span>Se pr\u00e9-inscrire<\/span><\/a>\n<\/div>\n<\/div>\n<div id=\"cmsmasters_pricing_item_69e229c405ad72_81930393\" class=\"cmsmasters_pricing_item pricing_best\">\n<div class=\"cmsmasters_pricing_item_inner\">\n<h3 class=\"pricing_title\">Formation compl\u00e8te et continue en pr\u00e9sentiel Niveau 1<\/h3>\n<div class=\"cmsmasters_price_wrap\">\n<span class=\"cmsmasters_currency\">\u20ac<\/span>\n<span class=\"cmsmasters_price\">6 000<\/span>\n<\/div>\n<ul class=\"feature_list\">\n<li>+ adh\u00e9sion de 30\u20ac<\/li>\n<li>Paiement en 1 ou 2 fois ou 10 fois sans frais<\/li>\n<\/ul>\n<a href=\"https:\/\/formationdansetherapie.com\/en\/formulaire-inscirption-formation-danse-therapie-per-se-nota-complete-continue\/\" class=\"cmsmasters_button\" target=\"_blank\"><span>Se pr\u00e9-inscrire<\/span><\/a>\n<\/div>\n<\/div>\n<div id=\"cmsmasters_pricing_item_69e229c405ba37_65143178\" class=\"cmsmasters_pricing_item pricing_best\">\n<div class=\"cmsmasters_pricing_item_inner\">\n<h3 class=\"pricing_title\">Formation compl\u00e8te en pr\u00e9sentiel Niveau 2 <\/h3>\n<div class=\"cmsmasters_price_wrap\">\n<span class=\"cmsmasters_currency\">\u20ac<\/span>\n<span class=\"cmsmasters_price\">3 000<\/span>\n<\/div>\n<ul class=\"feature_list\">\n<li>+ adh\u00e9sion de 30\u20ac<\/li>\n<li>Paiement en 1 ou 2 fois ou 10 fois sans frais<\/li>\n<\/ul>\n<\/div>\n<\/div>\n<\/div>\n<\/div>\n<div class=\"cmsmasters_column one_first\">\n<\/div>\n<\/div>\n<\/div>\n<\/div>\n<\/div>\n<\/div>\n<div id=\"cmsmasters_row_69e229c405be84_26644671\" class=\"cmsmasters_row cmsmasters_color_scheme_default cmsmasters_row_top_default cmsmasters_row_bot_default cmsmasters_row_boxed\">\n<div class=\"cmsmasters_row_outer_parent\">\n<div class=\"cmsmasters_row_outer\">\n<div class=\"cmsmasters_row_inner\">\n<div class=\"cmsmasters_row_margin\">\n<div class=\"cmsmasters_column one_first\">\n\n<div id=\"cmsmasters_heading_69e229c405c918_89128629\" class=\"cmsmasters_heading_wrap cmsmasters_heading_align_center\">\n\t<h1 class=\"cmsmasters_heading\">Formation en ligne<\/h1>\n<\/div> \n<div class=\"cmsmasters_pricing_table pricing_two\">\n<div id=\"cmsmasters_pricing_item_69e229c405d814_95855646\" class=\"cmsmasters_pricing_item pricing_best\">\n<div class=\"cmsmasters_pricing_item_inner\">\n<h3 class=\"pricing_title\">Formation en ligne compl\u00e8te<\/h3>\n<div class=\"cmsmasters_price_wrap\">\n<span class=\"cmsmasters_currency\">\u20ac<\/span>\n<span class=\"cmsmasters_price\">950<\/span>\n<br \/><span class=\"cmsmasters_period\">jusqu\u2032au 31\/03\/2026<\/span>\n<\/div>\n<ul class=\"feature_list\">\n<li>pas de frais d\u2032adh\u00e9sion<\/li>\n<li>Paiement jusqu\u2032\u00e0 7 fois sans frais<\/li>\n<\/ul>\n<\/div>\n<\/div>\n<div id=\"cmsmasters_pricing_item_69e229c405e505_92148721\" class=\"cmsmasters_pricing_item pricing_best\">\n<div class=\"cmsmasters_pricing_item_inner\">\n<h3 class=\"pricing_title\">Formation en ligne &#8211; 1 th\u00e8me <\/h3>\n<div class=\"cmsmasters_price_wrap\">\n<span class=\"cmsmasters_currency\">\u20ac<\/span>\n<span class=\"cmsmasters_price\">200<\/span>\n<br \/><span class=\"cmsmasters_period\">Jusqu\u2032au 31\/03\/2026<\/span>\n<\/div>\n<ul class=\"feature_list\">\n<li>Pas de frais d\u2032adh\u00e9sion<\/li>\n<li><\/li>\n<\/ul>\n<\/div>\n<\/div>\n<\/div>\n<\/div>\n<\/div>\n<\/div>\n<\/div>\n<\/div>\n<\/div>\n<div id=\"cmsmasters_row_69e229c405e827_88898727\" class=\"cmsmasters_row cmsmasters_color_scheme_default cmsmasters_row_top_default cmsmasters_row_bot_default cmsmasters_row_boxed\">\n<div class=\"cmsmasters_row_outer_parent\">\n<div class=\"cmsmasters_row_outer\">\n<div class=\"cmsmasters_row_inner\">\n<div class=\"cmsmasters_row_margin\">\n<div class=\"cmsmasters_column one_first\">\n<\/div>\n<\/div>\n<\/div>\n<\/div>\n<\/div>\n<\/div>","protected":false},"excerpt":{"rendered":"","protected":false},"author":1,"featured_media":0,"parent":0,"menu_order":0,"comment_status":"closed","ping_status":"closed","template":"","meta":{"_EventAllDay":false,"_EventTimezone":"","_EventStartDate":"","_EventEndDate":"","_EventStartDateUTC":"","_EventEndDateUTC":"","_EventShowMap":false,"_EventShowMapLink":false,"_EventURL":"","_EventCost":"","_EventCostDescription":"","_EventCurrencySymbol":"","_EventCurrencyCode":"","_EventCurrencyPosition":"","_EventDateTimeSeparator":"","_EventTimeRangeSeparator":"","_EventOrganizerID":[],"_EventVenueID":[],"_OrganizerEmail":"","_OrganizerPhone":"","_OrganizerWebsite":"","_VenueAddress":"","_VenueCity":"","_VenueCountry":"","_VenueProvince":"","_VenueState":"","_VenueZip":"","_VenuePhone":"","_VenueURL":"","_VenueStateProvince":"","_VenueLat":"","_VenueLng":"","_VenueShowMap":false,"_VenueShowMapLink":false,"footnotes":""},"tags":[],"class_list":["post-14992","page","type-page","status-publish","hentry"],"yoast_head":"<!-- This site is optimized with the Yoast SEO Premium plugin v23.8 (Yoast SEO v27.0) - https:\/\/yoast.com\/product\/yoast-seo-premium-wordpress\/ -->\n<title>Inscription et Tarifs - Per Se Nota | Danse th\u00e9rapie<\/title>\n<meta name=\"description\" content=\"D\u00e9couvrez notre gamme de produits et choisissez ce qui vous correspond le mieux. Nous sommes l\u00e0 pour vous accompagner\" \/>\n<meta name=\"robots\" content=\"index, follow, max-snippet:-1, max-image-preview:large, max-video-preview:-1\" \/>\n<link rel=\"canonical\" href=\"https:\/\/formationdansetherapie.com\/en\/inscription-tarifs-formation-danse-therapie-per-se-nota\/\" \/>\n<meta property=\"og:locale\" content=\"en_US\" \/>\n<meta property=\"og:type\" content=\"article\" \/>\n<meta property=\"og:title\" content=\"Inscription et Tarifs\" \/>\n<meta property=\"og:description\" content=\"D\u00e9couvrez notre gamme de produits et choisissez ce qui vous correspond le mieux. Nous sommes l\u00e0 pour vous accompagner\" \/>\n<meta property=\"og:url\" content=\"https:\/\/formationdansetherapie.com\/en\/inscription-tarifs-formation-danse-therapie-per-se-nota\/\" \/>\n<meta property=\"og:site_name\" content=\"Per Se Nota | Danse th\u00e9rapie\" \/>\n<meta property=\"article:modified_time\" content=\"2026-01-06T15:45:47+00:00\" \/>\n<meta name=\"twitter:card\" content=\"summary_large_image\" \/>\n<meta name=\"twitter:label1\" content=\"Est. reading time\" \/>\n\t<meta name=\"twitter:data1\" content=\"2 minutes\" \/>\n<script type=\"application\/ld+json\" class=\"yoast-schema-graph\">{\"@context\":\"https:\/\/schema.org\",\"@graph\":[{\"@type\":\"WebPage\",\"@id\":\"https:\/\/formationdansetherapie.com\/inscription-tarifs-formation-danse-therapie-per-se-nota\/\",\"url\":\"https:\/\/formationdansetherapie.com\/inscription-tarifs-formation-danse-therapie-per-se-nota\/\",\"name\":\"Inscription et Tarifs - Per Se Nota | Danse th\u00e9rapie\",\"isPartOf\":{\"@id\":\"https:\/\/formationdansetherapie.com\/#website\"},\"datePublished\":\"2024-11-04T16:20:34+00:00\",\"dateModified\":\"2026-01-06T15:45:47+00:00\",\"description\":\"D\u00e9couvrez notre gamme de produits et choisissez ce qui vous correspond le mieux. Nous sommes l\u00e0 pour vous accompagner\",\"breadcrumb\":{\"@id\":\"https:\/\/formationdansetherapie.com\/inscription-tarifs-formation-danse-therapie-per-se-nota\/#breadcrumb\"},\"inLanguage\":\"en-US\",\"potentialAction\":[{\"@type\":\"ReadAction\",\"target\":[\"https:\/\/formationdansetherapie.com\/inscription-tarifs-formation-danse-therapie-per-se-nota\/\"]}]},{\"@type\":\"BreadcrumbList\",\"@id\":\"https:\/\/formationdansetherapie.com\/inscription-tarifs-formation-danse-therapie-per-se-nota\/#breadcrumb\",\"itemListElement\":[{\"@type\":\"ListItem\",\"position\":1,\"name\":\"Home\",\"item\":\"https:\/\/formationdansetherapie.com\/\"},{\"@type\":\"ListItem\",\"position\":2,\"name\":\"Inscription et Tarifs\"}]},{\"@type\":\"WebSite\",\"@id\":\"https:\/\/formationdansetherapie.com\/#website\",\"url\":\"https:\/\/formationdansetherapie.com\/\",\"name\":\"Per Se Nota | Danse th\u00e9rapie\",\"description\":\"Formation professionnelle danse th\u00e9rapie - professeur de danse th\u00e9rapie et danse th\u00e9rapeute\",\"potentialAction\":[{\"@type\":\"SearchAction\",\"target\":{\"@type\":\"EntryPoint\",\"urlTemplate\":\"https:\/\/formationdansetherapie.com\/?s={search_term_string}\"},\"query-input\":{\"@type\":\"PropertyValueSpecification\",\"valueRequired\":true,\"valueName\":\"search_term_string\"}}],\"inLanguage\":\"en-US\"}]}<\/script>\n<!-- \/ Yoast SEO Premium plugin. -->","yoast_head_json":{"title":"Inscription et Tarifs - Per Se Nota | Danse th\u00e9rapie","description":"D\u00e9couvrez notre gamme de produits et choisissez ce qui vous correspond le mieux. Nous sommes l\u00e0 pour vous accompagner","robots":{"index":"index","follow":"follow","max-snippet":"max-snippet:-1","max-image-preview":"max-image-preview:large","max-video-preview":"max-video-preview:-1"},"canonical":"https:\/\/formationdansetherapie.com\/en\/inscription-tarifs-formation-danse-therapie-per-se-nota\/","og_locale":"en_US","og_type":"article","og_title":"Inscription et Tarifs","og_description":"D\u00e9couvrez notre gamme de produits et choisissez ce qui vous correspond le mieux. Nous sommes l\u00e0 pour vous accompagner","og_url":"https:\/\/formationdansetherapie.com\/en\/inscription-tarifs-formation-danse-therapie-per-se-nota\/","og_site_name":"Per Se Nota | Danse th\u00e9rapie","article_modified_time":"2026-01-06T15:45:47+00:00","twitter_card":"summary_large_image","twitter_misc":{"Est. reading time":"2 minutes"},"schema":{"@context":"https:\/\/schema.org","@graph":[{"@type":"WebPage","@id":"https:\/\/formationdansetherapie.com\/inscription-tarifs-formation-danse-therapie-per-se-nota\/","url":"https:\/\/formationdansetherapie.com\/inscription-tarifs-formation-danse-therapie-per-se-nota\/","name":"Inscription et Tarifs - Per Se Nota | Danse th\u00e9rapie","isPartOf":{"@id":"https:\/\/formationdansetherapie.com\/#website"},"datePublished":"2024-11-04T16:20:34+00:00","dateModified":"2026-01-06T15:45:47+00:00","description":"D\u00e9couvrez notre gamme de produits et choisissez ce qui vous correspond le mieux. Nous sommes l\u00e0 pour vous accompagner","breadcrumb":{"@id":"https:\/\/formationdansetherapie.com\/inscription-tarifs-formation-danse-therapie-per-se-nota\/#breadcrumb"},"inLanguage":"en-US","potentialAction":[{"@type":"ReadAction","target":["https:\/\/formationdansetherapie.com\/inscription-tarifs-formation-danse-therapie-per-se-nota\/"]}]},{"@type":"BreadcrumbList","@id":"https:\/\/formationdansetherapie.com\/inscription-tarifs-formation-danse-therapie-per-se-nota\/#breadcrumb","itemListElement":[{"@type":"ListItem","position":1,"name":"Home","item":"https:\/\/formationdansetherapie.com\/"},{"@type":"ListItem","position":2,"name":"Inscription et Tarifs"}]},{"@type":"WebSite","@id":"https:\/\/formationdansetherapie.com\/#website","url":"https:\/\/formationdansetherapie.com\/","name":"Per Se Nota | Dance therapy","description":"Formation professionnelle danse th\u00e9rapie - professeur de danse th\u00e9rapie et danse th\u00e9rapeute","potentialAction":[{"@type":"SearchAction","target":{"@type":"EntryPoint","urlTemplate":"https:\/\/formationdansetherapie.com\/?s={search_term_string}"},"query-input":{"@type":"PropertyValueSpecification","valueRequired":true,"valueName":"search_term_string"}}],"inLanguage":"en-US"}]}},"_links":{"self":[{"href":"https:\/\/formationdansetherapie.com\/en\/wp-json\/wp\/v2\/pages\/14992","targetHints":{"allow":["GET"]}}],"collection":[{"href":"https:\/\/formationdansetherapie.com\/en\/wp-json\/wp\/v2\/pages"}],"about":[{"href":"https:\/\/formationdansetherapie.com\/en\/wp-json\/wp\/v2\/types\/page"}],"author":[{"embeddable":true,"href":"https:\/\/formationdansetherapie.com\/en\/wp-json\/wp\/v2\/users\/1"}],"replies":[{"embeddable":true,"href":"https:\/\/formationdansetherapie.com\/en\/wp-json\/wp\/v2\/comments?post=14992"}],"version-history":[{"count":48,"href":"https:\/\/formationdansetherapie.com\/en\/wp-json\/wp\/v2\/pages\/14992\/revisions"}],"predecessor-version":[{"id":19785,"href":"https:\/\/formationdansetherapie.com\/en\/wp-json\/wp\/v2\/pages\/14992\/revisions\/19785"}],"wp:attachment":[{"href":"https:\/\/formationdansetherapie.com\/en\/wp-json\/wp\/v2\/media?parent=14992"}],"wp:term":[{"taxonomy":"post_tag","embeddable":true,"href":"https:\/\/formationdansetherapie.com\/en\/wp-json\/wp\/v2\/tags?post=14992"}],"curies":[{"name":"wp","href":"https:\/\/api.w.org\/{rel}","templated":true}]}}