{"id":14898,"date":"2024-10-08T19:06:57","date_gmt":"2024-10-08T17:06:57","guid":{"rendered":"https:\/\/formationdansetherapie.com\/?page_id=14898"},"modified":"2024-12-30T19:04:37","modified_gmt":"2024-12-30T18:04:37","slug":"formation-de-danse-therapie-niveau-2","status":"publish","type":"page","link":"https:\/\/formationdansetherapie.com\/en\/formation-de-danse-therapie-niveau-2\/","title":{"rendered":"Formation Niveau 2"},"content":{"rendered":"<style type=\"text\/css\"> \n#cmsmasters_row_69e1fd465e2153_77422828 { \n\tbackground-color:#413072;\n\tbackground-image: url(https:\/\/formationdansetherapie.com\/wp-content\/uploads\/2024\/10\/Notre-approche-Per-se-Nota-1-1.png); \n\tbackground-position: top left; \n\tbackground-repeat: no-repeat; \n\tbackground-attachment: scroll; \n\tbackground-size: cover; \n} \n\n#cmsmasters_row_69e1fd465e2153_77422828 .cmsmasters_row_outer_parent { \n\tpadding-top: 90px; \n} \n\n#cmsmasters_row_69e1fd465e2153_77422828 .cmsmasters_row_outer_parent { \n\tpadding-bottom: 200px; \n} \n\n \n#cmsmasters_heading_69e1fd465e7d66_16642032 { \n\ttext-align:center; \n\tmargin-top:0px; \n\tmargin-bottom:20px; \n} \n\n#cmsmasters_heading_69e1fd465e7d66_16642032 .cmsmasters_heading { \n\ttext-align:center; \n} \n\n#cmsmasters_heading_69e1fd465e7d66_16642032 .cmsmasters_heading, #cmsmasters_heading_69e1fd465e7d66_16642032 .cmsmasters_heading a { \n\tfont-size:100px; \n\tline-height:100px; \n\tfont-weight:bold; \n\tfont-style:normal; \n\tcolor:#9b56ef;\n} \n\n#cmsmasters_heading_69e1fd465e7d66_16642032 .cmsmasters_heading_divider { \n} \n\n \n#cmsmasters_row_69e1fd465e8cb9_76480434 { \n\tbackground-color:#622084;\n} \n\n#cmsmasters_row_69e1fd465e8cb9_76480434 .cmsmasters_row_outer_parent { \n\tpadding-top: 20px; \n} \n\n#cmsmasters_row_69e1fd465e8cb9_76480434 .cmsmasters_row_outer_parent { \n\tpadding-bottom: 20px; \n} \n\n \n#cmsmasters_heading_69e1fd465e99c3_15133686 { \n\ttext-align:left; \n\tmargin-top:0px; \n\tmargin-bottom:20px; \n} \n\n#cmsmasters_heading_69e1fd465e99c3_15133686 .cmsmasters_heading { \n\ttext-align:left; \n} \n\n#cmsmasters_heading_69e1fd465e99c3_15133686 .cmsmasters_heading, #cmsmasters_heading_69e1fd465e99c3_15133686 .cmsmasters_heading a { \n\tfont-weight:normal; \n\tfont-style:normal; \n\tcolor:#ffffff;\n} \n\n#cmsmasters_heading_69e1fd465e99c3_15133686 .cmsmasters_heading_divider { \n} \n\n \n#cmsmasters_row_69e1fd465e9ca9_27367518 .cmsmasters_row_outer_parent { \n\tpadding-top: 0px; \n} \n\n#cmsmasters_row_69e1fd465e9ca9_27367518 .cmsmasters_row_outer_parent { \n\tpadding-bottom: 50px; \n} \n\n<\/style><div id=\"cmsmasters_row_69e1fd465e2153_77422828\" class=\"cmsmasters_row cmsmasters_color_scheme_default cmsmasters_row_top_default cmsmasters_row_bot_default cmsmasters_row_boxed\" data-stellar-background-ratio=\"0.5\">\n<div class=\"cmsmasters_row_outer_parent\">\n<div class=\"cmsmasters_row_outer\">\n<div class=\"cmsmasters_row_inner\">\n<div class=\"cmsmasters_row_margin\">\n<div class=\"cmsmasters_column one_first\" data-animation=\"fadeIn\" data-delay=\"2\">\n\n<div id=\"cmsmasters_heading_69e1fd465e7d66_16642032\" class=\"cmsmasters_heading_wrap cmsmasters_heading_align_center\">\n\t<h2 class=\"cmsmasters_heading\"><\/h2>\n<\/div>\n<\/div>\n<\/div>\n<\/div>\n<\/div>\n<\/div>\n<\/div>\n<div id=\"cmsmasters_row_69e1fd465e8cb9_76480434\" class=\"cmsmasters_row cmsmasters_color_scheme_default cmsmasters_row_top_default cmsmasters_row_bot_default cmsmasters_row_boxed\">\n<div class=\"cmsmasters_row_outer_parent\">\n<div class=\"cmsmasters_row_outer\">\n<div class=\"cmsmasters_row_inner\">\n<div class=\"cmsmasters_row_margin\">\n<div class=\"cmsmasters_column one_first\">\n\n<div id=\"cmsmasters_heading_69e1fd465e99c3_15133686\" class=\"cmsmasters_heading_wrap cmsmasters_heading_align_left\">\n\t<h1 class=\"cmsmasters_heading\">Formation Niveau 2<\/h1>\n<\/div>\n<\/div>\n<\/div>\n<\/div>\n<\/div>\n<\/div>\n<\/div>\n<div id=\"cmsmasters_row_69e1fd465e9ca9_27367518\" class=\"cmsmasters_row cmsmasters_color_scheme_default cmsmasters_row_top_default cmsmasters_row_bot_default cmsmasters_row_boxed\">\n<div class=\"cmsmasters_row_outer_parent\">\n<div class=\"cmsmasters_row_outer\">\n<div class=\"cmsmasters_row_inner\">\n<div class=\"cmsmasters_row_margin\">\n<div class=\"cmsmasters_column one_first\">\n<div class=\"cmsmasters_text\">\n<h2><\/h2>\n<h2><b>D\u00e9couvrir notre<a href=\"\/en\/formation-de-danse-therapie-niveau-2\/\"> Formation de danse th\u00e9rapie niveau 2<\/a><\/b><\/h2>\n<p>Cette formation niveau est accessible apr\u00e8s la certification de niveau 1, pour ceux qui souhaitent aller plus loin dans la danse th\u00e9rapie.<\/p>\n<p><span style=\"font-weight: 400;\">La formation niveau 2 consiste en une observation active, comprenant un travail d&rsquo;analyse des apprenants et de l&rsquo;enseignant, sur 20 journ\u00e9es de la formation niveau 1 de votre choix. Cette posture d&rsquo;observateur permet de se distancier de ses propres \u00e9motions afin d&rsquo;acqu\u00e9rir la posture du th\u00e9rapeute.<\/span><\/p>\n<p>Cette formation dure un an en moyenne, et permet de devenir danse th\u00e9rapeute.<\/p>\n<p><span style=\"font-weight: 400;\">L\u2019objectif de cette formation est de monter en comp\u00e9tences et de renforcer de la confiance pour pouvoir accompagner vos \u00e9l\u00e8ves dans l&rsquo;exploration de plus en plus profonde de leur int\u00e9riorit\u00e9 et vuln\u00e9rabilit\u00e9 en toute s\u00e9curit\u00e9.<\/span><\/p>\n<p>&nbsp;<\/p>\n<h3><b>Comp\u00e9tences professionnelles vis\u00e9es de la formation compl\u00e8te de danse th\u00e9rapie niveau 1 :<\/b><\/h3>\n<ul>\n<li><span style=\"font-weight: 400;\">\u00a0<\/span>Dispenser des s\u00e9ances individuelles et collectives de danse th\u00e9rapie<\/li>\n<li style=\"font-weight: 400;\" aria-level=\"1\"><span style=\"font-weight: 400;\">Int\u00e9grer diff\u00e9rentes techniques de th\u00e9rapie en lien avec des courants tels que la ma\u00efeust\u00e9sie, la gestalt et l&rsquo;approche psychanalytique<\/span><\/li>\n<li style=\"font-weight: 400;\" aria-level=\"1\"><span style=\"font-weight: 400;\">Se perfectionner dans l&rsquo;acquisition d&rsquo;outils cl\u00e9s de th\u00e9rapie comme la reformulation verbalis\u00e9e, la communication assertive et la reformulation dans\u00e9e<\/span><\/li>\n<li style=\"font-weight: 400;\" aria-level=\"1\"><span style=\"font-weight: 400;\">Approfondir ses comp\u00e9tences de th\u00e9rapeute<\/span><\/li>\n<\/ul>\n<p>&nbsp;<\/p>\n<h3><b>Pre-requisite :<\/b><\/h3>\n<ul>\n<li style=\"font-weight: 400;\" aria-level=\"1\"><span style=\"font-weight: 400;\">Avoir suivi et valid\u00e9 la formation compl\u00e8te niveau 1<\/span><\/li>\n<li style=\"font-weight: 400;\" aria-level=\"1\"><span style=\"font-weight: 400;\">un entretien avec l&rsquo;\u00e9quipe p\u00e9dagogique<\/span><\/li>\n<\/ul>\n<p>&nbsp;<\/p>\n<h3><b>Volume de la formation :<\/b><\/h3>\n<ul>\n<li><span style=\"font-weight: 400;\">20 journ\u00e9es de modules p\u00e9dagogiques au choix, selon le souhait et le projet de l&rsquo;apprenant<\/span><\/li>\n<li>Soit 140 heures environ d&rsquo;immersion en module<\/li>\n<\/ul>\n<div style=\"display: none;\">au 1 de votre choix. Cette posture d&rsquo;observateur permet de se distancier de ses propres \u00e9motions afin d&rsquo;acqu\u00e9rir la posture du th\u00e9rapeute. munication assertive et la reformulation dans\u00e9e. f\u00e9rentes techniques de th\u00e9rapie en lien avec des courants tels que la ma\u00efeust\u00e9sie, la gestalt et l&rsquo;approche psychanalytique. vec des courants tels que la ma\u00efeust\u00e9sie, la gestalt et l&rsquo;approche psychanalytique. diff\u00e9rentes techniques de th\u00e9rapie en lien avec des courants tels que. notre Formation de danse th\u00e9rapie niveau 2<\/div>\n<\/div>\n<\/div>\n<\/div>\n<\/div>\n<\/div>\n<\/div>\n<\/div>","protected":false},"excerpt":{"rendered":"","protected":false},"author":1,"featured_media":14604,"parent":0,"menu_order":0,"comment_status":"closed","ping_status":"closed","template":"","meta":{"_EventAllDay":false,"_EventTimezone":"","_EventStartDate":"","_EventEndDate":"","_EventStartDateUTC":"","_EventEndDateUTC":"","_EventShowMap":false,"_EventShowMapLink":false,"_EventURL":"","_EventCost":"","_EventCostDescription":"","_EventCurrencySymbol":"","_EventCurrencyCode":"","_EventCurrencyPosition":"","_EventDateTimeSeparator":"","_EventTimeRangeSeparator":"","_EventOrganizerID":[],"_EventVenueID":[],"_OrganizerEmail":"","_OrganizerPhone":"","_OrganizerWebsite":"","_VenueAddress":"","_VenueCity":"","_VenueCountry":"","_VenueProvince":"","_VenueState":"","_VenueZip":"","_VenuePhone":"","_VenueURL":"","_VenueStateProvince":"","_VenueLat":"","_VenueLng":"","_VenueShowMap":false,"_VenueShowMapLink":false,"footnotes":""},"tags":[],"class_list":["post-14898","page","type-page","status-publish","has-post-thumbnail","hentry"],"yoast_head":"<!-- This site is optimized with the Yoast SEO Premium plugin v23.8 (Yoast SEO v27.0) - https:\/\/yoast.com\/product\/yoast-seo-premium-wordpress\/ -->\n<title>Formation Niveau 2 - Per Se Nota | Danse th\u00e9rapie<\/title>\n<meta name=\"description\" content=\"D\u00e9couvrez nos formation danse th\u00e9rapie complete pour devenir professeur de danse th\u00e9rapie aupr\u00e8s des enfants, adulte et seniors\" \/>\n<meta name=\"robots\" content=\"index, follow, max-snippet:-1, max-image-preview:large, max-video-preview:-1\" \/>\n<link rel=\"canonical\" href=\"https:\/\/formationdansetherapie.com\/en\/formation-de-danse-therapie-niveau-2\/\" \/>\n<meta property=\"og:locale\" content=\"en_US\" \/>\n<meta property=\"og:type\" content=\"article\" \/>\n<meta property=\"og:title\" content=\"Formation Niveau 2\" \/>\n<meta property=\"og:description\" content=\"D\u00e9couvrez nos formation danse th\u00e9rapie complete pour devenir professeur de danse th\u00e9rapie aupr\u00e8s des enfants, adulte et seniors\" \/>\n<meta property=\"og:url\" content=\"https:\/\/formationdansetherapie.com\/en\/formation-de-danse-therapie-niveau-2\/\" \/>\n<meta property=\"og:site_name\" content=\"Per Se Nota | Danse th\u00e9rapie\" \/>\n<meta property=\"article:modified_time\" content=\"2024-12-30T18:04:37+00:00\" \/>\n<meta property=\"og:image\" content=\"https:\/\/formationdansetherapie.com\/wp-content\/uploads\/2024\/10\/Notre-approche-Per-se-Nota-1-1.png\" \/>\n\t<meta property=\"og:image:width\" content=\"1920\" \/>\n\t<meta property=\"og:image:height\" content=\"700\" \/>\n\t<meta property=\"og:image:type\" content=\"image\/png\" \/>\n<meta name=\"twitter:card\" content=\"summary_large_image\" \/>\n<meta name=\"twitter:label1\" content=\"Est. reading time\" \/>\n\t<meta name=\"twitter:data1\" content=\"2 minutes\" \/>\n<script type=\"application\/ld+json\" class=\"yoast-schema-graph\">{\"@context\":\"https:\/\/schema.org\",\"@graph\":[{\"@type\":\"WebPage\",\"@id\":\"https:\/\/formationdansetherapie.com\/formation-de-danse-therapie-niveau-2\/\",\"url\":\"https:\/\/formationdansetherapie.com\/formation-de-danse-therapie-niveau-2\/\",\"name\":\"Formation Niveau 2 - Per Se Nota | Danse th\u00e9rapie\",\"isPartOf\":{\"@id\":\"https:\/\/formationdansetherapie.com\/#website\"},\"primaryImageOfPage\":{\"@id\":\"https:\/\/formationdansetherapie.com\/formation-de-danse-therapie-niveau-2\/#primaryimage\"},\"image\":{\"@id\":\"https:\/\/formationdansetherapie.com\/formation-de-danse-therapie-niveau-2\/#primaryimage\"},\"thumbnailUrl\":\"https:\/\/formationdansetherapie.com\/wp-content\/uploads\/2024\/10\/Notre-approche-Per-se-Nota-1-1.png\",\"datePublished\":\"2024-10-08T17:06:57+00:00\",\"dateModified\":\"2024-12-30T18:04:37+00:00\",\"description\":\"D\u00e9couvrez nos formation danse th\u00e9rapie complete pour devenir professeur de danse th\u00e9rapie aupr\u00e8s des enfants, adulte et seniors\",\"breadcrumb\":{\"@id\":\"https:\/\/formationdansetherapie.com\/formation-de-danse-therapie-niveau-2\/#breadcrumb\"},\"inLanguage\":\"en-US\",\"potentialAction\":[{\"@type\":\"ReadAction\",\"target\":[\"https:\/\/formationdansetherapie.com\/formation-de-danse-therapie-niveau-2\/\"]}]},{\"@type\":\"ImageObject\",\"inLanguage\":\"en-US\",\"@id\":\"https:\/\/formationdansetherapie.com\/formation-de-danse-therapie-niveau-2\/#primaryimage\",\"url\":\"https:\/\/formationdansetherapie.com\/wp-content\/uploads\/2024\/10\/Notre-approche-Per-se-Nota-1-1.png\",\"contentUrl\":\"https:\/\/formationdansetherapie.com\/wp-content\/uploads\/2024\/10\/Notre-approche-Per-se-Nota-1-1.png\",\"width\":1920,\"height\":700,\"caption\":\"Approche Per Se Nota\u00a9\"},{\"@type\":\"BreadcrumbList\",\"@id\":\"https:\/\/formationdansetherapie.com\/formation-de-danse-therapie-niveau-2\/#breadcrumb\",\"itemListElement\":[{\"@type\":\"ListItem\",\"position\":1,\"name\":\"Home\",\"item\":\"https:\/\/formationdansetherapie.com\/\"},{\"@type\":\"ListItem\",\"position\":2,\"name\":\"Formation Niveau 2\"}]},{\"@type\":\"WebSite\",\"@id\":\"https:\/\/formationdansetherapie.com\/#website\",\"url\":\"https:\/\/formationdansetherapie.com\/\",\"name\":\"Per Se Nota | Danse th\u00e9rapie\",\"description\":\"Formation professionnelle danse th\u00e9rapie - professeur de danse th\u00e9rapie et danse th\u00e9rapeute\",\"potentialAction\":[{\"@type\":\"SearchAction\",\"target\":{\"@type\":\"EntryPoint\",\"urlTemplate\":\"https:\/\/formationdansetherapie.com\/?s={search_term_string}\"},\"query-input\":{\"@type\":\"PropertyValueSpecification\",\"valueRequired\":true,\"valueName\":\"search_term_string\"}}],\"inLanguage\":\"en-US\"}]}<\/script>\n<!-- \/ Yoast SEO Premium plugin. -->","yoast_head_json":{"title":"Formation Niveau 2 - Per Se Nota | Danse th\u00e9rapie","description":"D\u00e9couvrez nos formation danse th\u00e9rapie complete pour devenir professeur de danse th\u00e9rapie aupr\u00e8s des enfants, adulte et seniors","robots":{"index":"index","follow":"follow","max-snippet":"max-snippet:-1","max-image-preview":"max-image-preview:large","max-video-preview":"max-video-preview:-1"},"canonical":"https:\/\/formationdansetherapie.com\/en\/formation-de-danse-therapie-niveau-2\/","og_locale":"en_US","og_type":"article","og_title":"Formation Niveau 2","og_description":"D\u00e9couvrez nos formation danse th\u00e9rapie complete pour devenir professeur de danse th\u00e9rapie aupr\u00e8s des enfants, adulte et seniors","og_url":"https:\/\/formationdansetherapie.com\/en\/formation-de-danse-therapie-niveau-2\/","og_site_name":"Per Se Nota | Danse th\u00e9rapie","article_modified_time":"2024-12-30T18:04:37+00:00","og_image":[{"width":1920,"height":700,"url":"https:\/\/formationdansetherapie.com\/wp-content\/uploads\/2024\/10\/Notre-approche-Per-se-Nota-1-1.png","type":"image\/png"}],"twitter_card":"summary_large_image","twitter_misc":{"Est. reading time":"2 minutes"},"schema":{"@context":"https:\/\/schema.org","@graph":[{"@type":"WebPage","@id":"https:\/\/formationdansetherapie.com\/formation-de-danse-therapie-niveau-2\/","url":"https:\/\/formationdansetherapie.com\/formation-de-danse-therapie-niveau-2\/","name":"Formation Niveau 2 - Per Se Nota | Danse th\u00e9rapie","isPartOf":{"@id":"https:\/\/formationdansetherapie.com\/#website"},"primaryImageOfPage":{"@id":"https:\/\/formationdansetherapie.com\/formation-de-danse-therapie-niveau-2\/#primaryimage"},"image":{"@id":"https:\/\/formationdansetherapie.com\/formation-de-danse-therapie-niveau-2\/#primaryimage"},"thumbnailUrl":"https:\/\/formationdansetherapie.com\/wp-content\/uploads\/2024\/10\/Notre-approche-Per-se-Nota-1-1.png","datePublished":"2024-10-08T17:06:57+00:00","dateModified":"2024-12-30T18:04:37+00:00","description":"D\u00e9couvrez nos formation danse th\u00e9rapie complete pour devenir professeur de danse th\u00e9rapie aupr\u00e8s des enfants, adulte et seniors","breadcrumb":{"@id":"https:\/\/formationdansetherapie.com\/formation-de-danse-therapie-niveau-2\/#breadcrumb"},"inLanguage":"en-US","potentialAction":[{"@type":"ReadAction","target":["https:\/\/formationdansetherapie.com\/formation-de-danse-therapie-niveau-2\/"]}]},{"@type":"ImageObject","inLanguage":"en-US","@id":"https:\/\/formationdansetherapie.com\/formation-de-danse-therapie-niveau-2\/#primaryimage","url":"https:\/\/formationdansetherapie.com\/wp-content\/uploads\/2024\/10\/Notre-approche-Per-se-Nota-1-1.png","contentUrl":"https:\/\/formationdansetherapie.com\/wp-content\/uploads\/2024\/10\/Notre-approche-Per-se-Nota-1-1.png","width":1920,"height":700,"caption":"Approche Per Se Nota\u00a9"},{"@type":"BreadcrumbList","@id":"https:\/\/formationdansetherapie.com\/formation-de-danse-therapie-niveau-2\/#breadcrumb","itemListElement":[{"@type":"ListItem","position":1,"name":"Home","item":"https:\/\/formationdansetherapie.com\/"},{"@type":"ListItem","position":2,"name":"Formation Niveau 2"}]},{"@type":"WebSite","@id":"https:\/\/formationdansetherapie.com\/#website","url":"https:\/\/formationdansetherapie.com\/","name":"Per Se Nota | Dance therapy","description":"Formation professionnelle danse th\u00e9rapie - professeur de danse th\u00e9rapie et danse th\u00e9rapeute","potentialAction":[{"@type":"SearchAction","target":{"@type":"EntryPoint","urlTemplate":"https:\/\/formationdansetherapie.com\/?s={search_term_string}"},"query-input":{"@type":"PropertyValueSpecification","valueRequired":true,"valueName":"search_term_string"}}],"inLanguage":"en-US"}]}},"_links":{"self":[{"href":"https:\/\/formationdansetherapie.com\/en\/wp-json\/wp\/v2\/pages\/14898","targetHints":{"allow":["GET"]}}],"collection":[{"href":"https:\/\/formationdansetherapie.com\/en\/wp-json\/wp\/v2\/pages"}],"about":[{"href":"https:\/\/formationdansetherapie.com\/en\/wp-json\/wp\/v2\/types\/page"}],"author":[{"embeddable":true,"href":"https:\/\/formationdansetherapie.com\/en\/wp-json\/wp\/v2\/users\/1"}],"replies":[{"embeddable":true,"href":"https:\/\/formationdansetherapie.com\/en\/wp-json\/wp\/v2\/comments?post=14898"}],"version-history":[{"count":3,"href":"https:\/\/formationdansetherapie.com\/en\/wp-json\/wp\/v2\/pages\/14898\/revisions"}],"predecessor-version":[{"id":15493,"href":"https:\/\/formationdansetherapie.com\/en\/wp-json\/wp\/v2\/pages\/14898\/revisions\/15493"}],"wp:featuredmedia":[{"embeddable":true,"href":"https:\/\/formationdansetherapie.com\/en\/wp-json\/wp\/v2\/media\/14604"}],"wp:attachment":[{"href":"https:\/\/formationdansetherapie.com\/en\/wp-json\/wp\/v2\/media?parent=14898"}],"wp:term":[{"taxonomy":"post_tag","embeddable":true,"href":"https:\/\/formationdansetherapie.com\/en\/wp-json\/wp\/v2\/tags?post=14898"}],"curies":[{"name":"wp","href":"https:\/\/api.w.org\/{rel}","templated":true}]}}