{"id":14884,"date":"2024-10-14T17:55:48","date_gmt":"2024-10-14T15:55:48","guid":{"rendered":"https:\/\/formationdansetherapie.com\/?page_id=14884"},"modified":"2025-05-09T17:58:42","modified_gmt":"2025-05-09T15:58:42","slug":"formation-en-ligne-de-danse-therapie-per-se-nota","status":"publish","type":"page","link":"https:\/\/formationdansetherapie.com\/en\/formation-en-ligne-de-danse-therapie-per-se-nota\/","title":{"rendered":"Formation en ligne de danse th\u00e9rapie Per se Nota\u00a9"},"content":{"rendered":"<style type=\"text\/css\"> \n#cmsmasters_row_69e00ecc579904_05419754 { \n\tbackground-image: url(https:\/\/formationdansetherapie.com\/wp-content\/uploads\/2024\/12\/Formation-en-ligne1.png); \n\tbackground-position: top left; \n\tbackground-repeat: no-repeat; \n\tbackground-attachment: scroll; \n\tbackground-size: cover; \n} \n\n#cmsmasters_row_69e00ecc579904_05419754 .cmsmasters_row_outer_parent { \n\tpadding-top: 90px; \n} \n\n#cmsmasters_row_69e00ecc579904_05419754 .cmsmasters_row_outer_parent { \n\tpadding-bottom: 200px; \n} \n\n \n#cmsmasters_row_69e00ecc57d574_18135095 { \n\tbackground-color:#622084;\n} \n\n#cmsmasters_row_69e00ecc57d574_18135095 .cmsmasters_row_outer_parent { \n\tpadding-top: 20px; \n} \n\n#cmsmasters_row_69e00ecc57d574_18135095 .cmsmasters_row_outer_parent { \n\tpadding-bottom: 20px; \n} \n\n \n#cmsmasters_heading_69e00ecc57fc85_63073102 { \n\ttext-align:left; \n\tmargin-top:0px; \n\tmargin-bottom:30px; \n} \n\n#cmsmasters_heading_69e00ecc57fc85_63073102 .cmsmasters_heading { \n\ttext-align:left; \n} \n\n#cmsmasters_heading_69e00ecc57fc85_63073102 .cmsmasters_heading, #cmsmasters_heading_69e00ecc57fc85_63073102 .cmsmasters_heading a { \n\tfont-family:'Comfortaa'; \n\tfont-weight:normal; \n\tfont-style:normal; \n\tcolor:#ffffff;\n} \n\n#cmsmasters_heading_69e00ecc57fc85_63073102 .cmsmasters_heading_divider { \n} \n\n \n#cmsmasters_row_69e00ecc580116_24229169 .cmsmasters_row_outer_parent { \n\tpadding-top: 0px; \n} \n\n#cmsmasters_row_69e00ecc580116_24229169 .cmsmasters_row_outer_parent { \n\tpadding-bottom: 50px; \n} \n\n \n#cmsmasters_row_69e00ecc5824b0_47311042 .cmsmasters_row_outer_parent { \n\tpadding-top: 0px; \n} \n\n#cmsmasters_row_69e00ecc5824b0_47311042 .cmsmasters_row_outer_parent { \n\tpadding-bottom: 50px; \n} \n\n<\/style><div id=\"cmsmasters_row_69e00ecc579904_05419754\" class=\"cmsmasters_row cmsmasters_color_scheme_default cmsmasters_row_top_default cmsmasters_row_bot_default cmsmasters_row_boxed\">\n<div class=\"cmsmasters_row_outer_parent\">\n<div class=\"cmsmasters_row_outer\">\n<div class=\"cmsmasters_row_inner\">\n<div class=\"cmsmasters_row_margin\">\n<div class=\"cmsmasters_column one_first\">\n<\/div>\n<\/div>\n<\/div>\n<\/div>\n<\/div>\n<\/div>\n<div id=\"cmsmasters_row_69e00ecc57d574_18135095\" class=\"cmsmasters_row cmsmasters_color_scheme_default cmsmasters_row_top_default cmsmasters_row_bot_default cmsmasters_row_boxed\">\n<div class=\"cmsmasters_row_outer_parent\">\n<div class=\"cmsmasters_row_outer\">\n<div class=\"cmsmasters_row_inner\">\n<div class=\"cmsmasters_row_margin\">\n<div class=\"cmsmasters_column one_first\">\n\n<div id=\"cmsmasters_heading_69e00ecc57fc85_63073102\" class=\"cmsmasters_heading_wrap cmsmasters_heading_align_left\">\n\t<h1 class=\"cmsmasters_heading cmsmasters-icon-custom-bag\">Formation en ligne de danse th\u00e9rapie Per se Nota\u00a9<\/h1>\n<\/div>\n<\/div>\n<\/div>\n<\/div>\n<\/div>\n<\/div>\n<\/div>\n<div id=\"cmsmasters_row_69e00ecc580116_24229169\" class=\"cmsmasters_row cmsmasters_color_scheme_default cmsmasters_row_top_default cmsmasters_row_bot_default cmsmasters_row_boxed\">\n<div class=\"cmsmasters_row_outer_parent\">\n<div class=\"cmsmasters_row_outer\">\n<div class=\"cmsmasters_row_inner\">\n<div class=\"cmsmasters_row_margin\">\n<div class=\"cmsmasters_column one_first\">\n<div class=\"cmsmasters_text\">\n<h2><\/h2>\n<p>&nbsp;<\/p>\n<h2><\/h2>\n<p>&nbsp;<\/p>\n<h2><span style=\"font-weight: 400;\">Formation En Ligne<\/span><\/h2>\n<p>Afin de rendre notre formation de danse th\u00e9rapie accessible au plus grand nombre, nous avons d\u00e9cid\u00e9 de cr\u00e9er une version 100% en ligne, r\u00e9alisable depuis chez vous.<\/p>\n<p>En optant pour la version en ligne, vous aurez acc\u00e8s \u00e0 tout le contenu p\u00e9dagogique de la formation ainsi qu&rsquo;\u00e0 des vid\u00e9os pr\u00e9-enregistr\u00e9es de pratiques sp\u00e9cifiques en lien avec le th\u00e8me.<\/p>\n<p>La formation totale est compos\u00e9e de 7 th\u00e8mes et permet d&rsquo;avoir une vision globale de l&rsquo;approche<\/p>\n<p>Per se Nota\u00ae de la danse th\u00e9rapie dont vous pouvez retrouver le descriptif en suivant <a href=\"https:\/\/formationdansetherapie.com\/en\/approche-per-se-nota\/\">ce lien.<\/a><\/p>\n<p>Chaque th\u00e8me est \u00e9galement disponible ind\u00e9pendamment, vous permettant de personnaliser votre parcours d&rsquo;apprentissage selon vos envies, besoins et int\u00e9r\u00eats.<\/p>\n<div style=\"display: none;\">\n<p><a href=\"\/en\/formation-en-ligne-de-danse-therapie-per-se-nota\/\">Per se Nota<\/a><\/p>\n<h3>Formation en ligne de danse th\u00e9rapie<\/h3>\n<h2>dance therapy<\/h2>\n<\/div>\n<\/div>\n<div class=\"cmsmasters_text\">\n<p>&nbsp;<\/p>\n<h2><span style=\"font-weight: 400;\">Contenu<\/span><\/h2>\n<h4><span style=\"font-weight: 400;\">Pour chaque th\u00e8me, vous trouverez :<\/span><\/h4>\n<ul>\n<li><span style=\"font-weight: 400; color: #993366;\">Une vid\u00e9o pr\u00e9-enregistr\u00e9e d&rsquo;un Cours Pratique de Danse Th\u00e9rapie de 1h30<\/span><\/li>\n<\/ul>\n<p><span style=\"font-weight: 400;\">Plongez dans une session de danse th\u00e9rapie en lien direct avec le th\u00e8me afin de l&rsquo;explorer par le corps et en mouvement. <\/span><\/p>\n<p><span style=\"font-weight: 400;\">Ces vid\u00e9os, r\u00e9alis\u00e9es par Pascale Saly-Giocanti, sont con\u00e7ues pour vous aider \u00e0 entrer \u00e0 l&rsquo;int\u00e9rieur de votre \u00eatre et exprimer ensuite \u00e0 travers la danse les \u00e9motions qui \u00e9mergent. <\/span><\/p>\n<p><span style=\"font-weight: 400;\">Ces cours sont accessibles \u00e0 tous, quel que soit votre niveau. Vous pouvez les pratiquer autant de fois que vous le souhaitez,<\/span><\/p>\n<p><span style=\"font-weight: 400;\">et plus tard les observer dans une posture de p\u00e9dagogue et th\u00e9rapeute.<\/span><\/p>\n<ul>\n<li><span style=\"font-weight: 400; color: #993366;\">Une ou plusieurs s\u00e9ances de M\u00e9diation guid\u00e9e<\/span><\/li>\n<\/ul>\n<p>La m\u00e9ditation est un outil formidable pour favoriser une qualit\u00e9 de pr\u00e9sence \u00e0 l&rsquo;ici et maintenant, \u00e0 soi et aux autres.<\/p>\n<p>R\u00e9alis\u00e9es en d\u00e9but ou en fin de s\u00e9ance, avant de dormir ou au r\u00e9veil, ces s\u00e9ances permettent de se recentrer et de mettre en lien son corps et son esprit.<\/p>\n<p>Chaque th\u00e8me en contient au moins une, en lien avec ce dernier et guid\u00e9e par la sensibilit\u00e9 et la cr\u00e9ativit\u00e9 de Pascale <span style=\"font-weight: 400;\">Saly-Giocanti. <\/span><\/p>\n<p><span style=\"font-weight: 400;\">L<\/span>e th\u00e8me RELAXATION en contient de nombreuses et permet d&rsquo;apprendre des techniques pour en guider vous-m\u00eame.<\/p>\n<ul>\n<li><span style=\"font-weight: 400; color: #993366;\">Supports PDF et Outils<\/span><\/li>\n<\/ul>\n<p><span style=\"font-weight: 400;\">Chaque th\u00e8me est accompagn\u00e9 de supports PDF d\u00e9taill\u00e9s correspondants aux modules du th\u00e8me, ainsi que d&rsquo;outils pratiques pour vous aider \u00e0 acqu\u00e9rir des comp\u00e9tences essentielles et \u00e0 approfondir votre compr\u00e9hension de la danse th\u00e9rapie.\u00a0<\/span><\/p>\n<ul>\n<li>\n<h4><span style=\"font-weight: 400; color: #993366;\">Ressources Compl\u00e9mentaires : <\/span><\/h4>\n<\/li>\n<\/ul>\n<p><span style=\"font-weight: 400;\">Retrouvez des supports suppl\u00e9mentaires contenant des liens vers des podcasts inspirants ou des vid\u00e9os \u00e9clairantes sur un sujet pr\u00e9cis, ainsi qu&rsquo;une bibliographie riche pour approfondir vos connaissances et enrichir votre exp\u00e9rience.<\/span><\/p>\n<ul>\n<li><span style=\"font-weight: 400; color: #993366;\">Questionnaires d&rsquo;\u00c9valuation et de R\u00e9flexion<\/span><\/li>\n<\/ul>\n<p><span style=\"font-weight: 400;\">Des questionnaires d&rsquo;\u00e9valuations vous permettent de tester vos connaissances sur les supports PDF ou les ressources compl\u00e9mentaires partag\u00e9es, <\/span><\/p>\n<p><span style=\"font-weight: 400;\">dans le but de renforcer votre apprentissage et de mesurer votre \u00e9volution.<\/span><\/p>\n<p><span style=\"font-weight: 400;\">Des questionnaires de r\u00e9flexion, faits de questions ouvertes, vous invitent \u00e0 vous questionner afin de faire \u00e9voluer votre r\u00e9flexion interne et affiner vos perceptions et ressentis. <\/span><\/p>\n<p><span style=\"font-weight: 400;\">Ces questionnaires sont tr\u00e8s importants car ils permettent d&rsquo;int\u00e9grer des notions et de cheminer vers la posture du danse th\u00e9rapeute.<\/span><\/p>\n<ul>\n<li><span style=\"font-weight: 400; color: #993366;\">Questionnaires Informatifs<\/span><\/li>\n<\/ul>\n<p><span style=\"font-weight: 400;\">Ces questionnaires d&rsquo;\u00e9valuation de la formation nous permettent de <\/span><span style=\"font-weight: 400;\">mieux comprendre vos besoins,<\/span><\/p>\n<p><span style=\"font-weight: 400;\"> et vos attentes et vos manques, afin de pouvoir continuer \u00e0 \u00e9voluer et optimiser votre exp\u00e9rience de formation en ligne. <\/span><\/p>\n<p><span style=\"font-weight: 400;\">Votre participation est donc tr\u00e8s importante et vos retours tr\u00e8s pr\u00e9cieux.\u00a0<\/span><\/p>\n<\/div>\n<div class=\"cmsmasters_text\">\n<p>&nbsp;<\/p>\n<h2>Formats<\/h2>\n<p><span style=\"font-weight: 400;\">Vous avez la libert\u00e9 de s\u00e9lectionner et d&rsquo;acheter le ou les th\u00e8mes qui vous int\u00e9ressent le plus. <\/span><\/p>\n<p><span style=\"font-weight: 400;\">Que vous souhaitiez explorer un seul aspect de la danse th\u00e9rapie ou suivre l&rsquo;ensemble de la formation, <\/span><\/p>\n<p><span style=\"font-weight: 400;\">chaque th\u00e8me est con\u00e7u pour \u00eatre autonome, vous offrant la flexibilit\u00e9 d&rsquo;avancer \u00e0 votre rythme.<\/span><\/p>\n<h4><span style=\"font-weight: 400;\"><span style=\"background-color: #ffffff; color: #ff6600;\">Offre Sp\u00e9ciale <\/span>: <\/span><\/h4>\n<p><span style=\"font-weight: 400;\">L&rsquo;achat de la formation compl\u00e8te inclut les 7 th\u00e8mes au prix de 5 th\u00e8mes, vous offrant ainsi une valeur exceptionnelle et la possibilit\u00e9 d&rsquo;explorer l&rsquo;int\u00e9gralit\u00e9 de la danse th\u00e9rapie \u00e0 un tarif avantageux.\u00a0<\/span><\/p>\n<p><span style=\"font-weight: 400;\">Rejoignez-nous dans cette aventure de d\u00e9couverte et de transformation personnelle gr\u00e2ce \u00e0 la danse th\u00e9rapie. <\/span><\/p>\n<p><span style=\"font-weight: 400;\">Inscrivez-vous d\u00e8s aujourd&rsquo;hui et commencez votre voyage vers le bien-\u00eatre !<\/span><\/p>\n<\/div>\n<div class=\"cmsmasters_text\">\n<p>&nbsp;<\/p>\n<h2>Aper\u00e7u<\/h2>\n<p><span style=\"font-weight: 400;\">Vous souhaitez avoir un petit aper\u00e7u avec une vid\u00e9o informative? Il vous suffit de nous envoyer un mail \u00e0\u00a0<a href=\"\/en\/paralasalsa@gmail.com\/\" target=\"_blank\" rel=\"noopener\">paralasalsa@gmail.com<\/a><\/span><\/p>\n<div style=\"display: none;\">Ateliers danse th\u00e9rapie Per se Nota\u00a9<\/div>\n<\/div>\n<\/div>\n<\/div>\n<\/div>\n<\/div>\n<\/div>\n<\/div>\n<div id=\"cmsmasters_row_69e00ecc5824b0_47311042\" class=\"cmsmasters_row cmsmasters_color_scheme_default cmsmasters_row_top_default cmsmasters_row_bot_default cmsmasters_row_boxed\">\n<div class=\"cmsmasters_row_outer_parent\">\n<div class=\"cmsmasters_row_outer\">\n<div class=\"cmsmasters_row_inner\">\n<div class=\"cmsmasters_row_margin\">\n<div class=\"cmsmasters_column one_first\">\n<\/div>\n<\/div>\n<\/div>\n<\/div>\n<\/div>\n<\/div>","protected":false},"excerpt":{"rendered":"","protected":false},"author":1,"featured_media":15212,"parent":0,"menu_order":0,"comment_status":"closed","ping_status":"closed","template":"","meta":{"_EventAllDay":false,"_EventTimezone":"","_EventStartDate":"","_EventEndDate":"","_EventStartDateUTC":"","_EventEndDateUTC":"","_EventShowMap":false,"_EventShowMapLink":false,"_EventURL":"","_EventCost":"","_EventCostDescription":"","_EventCurrencySymbol":"","_EventCurrencyCode":"","_EventCurrencyPosition":"","_EventDateTimeSeparator":"","_EventTimeRangeSeparator":"","_EventOrganizerID":[],"_EventVenueID":[],"_OrganizerEmail":"","_OrganizerPhone":"","_OrganizerWebsite":"","_VenueAddress":"","_VenueCity":"","_VenueCountry":"","_VenueProvince":"","_VenueState":"","_VenueZip":"","_VenuePhone":"","_VenueURL":"","_VenueStateProvince":"","_VenueLat":"","_VenueLng":"","_VenueShowMap":false,"_VenueShowMapLink":false,"footnotes":""},"tags":[],"class_list":["post-14884","page","type-page","status-publish","has-post-thumbnail","hentry"],"yoast_head":"<!-- This site is optimized with the Yoast SEO Premium plugin v23.8 (Yoast SEO v27.0) - https:\/\/yoast.com\/product\/yoast-seo-premium-wordpress\/ -->\n<title>Formation en ligne de danse th\u00e9rapie Per se Nota\u00a9 - Per Se Nota | Danse th\u00e9rapie<\/title>\n<meta name=\"description\" content=\"D\u00e9couvrez nos formations compl\u00e8te de danse th\u00e9rapie pour devenir professeur de danse th\u00e9rapie aupr\u00e8s des enfants, adulte et seniors\" \/>\n<meta name=\"robots\" content=\"index, follow, max-snippet:-1, max-image-preview:large, max-video-preview:-1\" \/>\n<link rel=\"canonical\" href=\"https:\/\/formationdansetherapie.com\/en\/formation-en-ligne-de-danse-therapie-per-se-nota\/\" \/>\n<meta property=\"og:locale\" content=\"en_US\" \/>\n<meta property=\"og:type\" content=\"article\" \/>\n<meta property=\"og:title\" content=\"Formation en ligne de danse th\u00e9rapie Per se Nota\u00a9\" \/>\n<meta property=\"og:description\" content=\"D\u00e9couvrez nos formations compl\u00e8te de danse th\u00e9rapie pour devenir professeur de danse th\u00e9rapie aupr\u00e8s des enfants, adulte et seniors\" \/>\n<meta property=\"og:url\" content=\"https:\/\/formationdansetherapie.com\/en\/formation-en-ligne-de-danse-therapie-per-se-nota\/\" \/>\n<meta property=\"og:site_name\" content=\"Per Se Nota | Danse th\u00e9rapie\" \/>\n<meta property=\"article:modified_time\" content=\"2025-05-09T15:58:42+00:00\" \/>\n<meta property=\"og:image\" content=\"https:\/\/formationdansetherapie.com\/wp-content\/uploads\/2024\/12\/Formation-en-ligne1-1024x373.png\" \/>\n\t<meta property=\"og:image:width\" content=\"1024\" \/>\n\t<meta property=\"og:image:height\" content=\"373\" \/>\n\t<meta property=\"og:image:type\" content=\"image\/png\" \/>\n<meta name=\"twitter:card\" content=\"summary_large_image\" \/>\n<meta name=\"twitter:label1\" content=\"Est. reading time\" \/>\n\t<meta name=\"twitter:data1\" content=\"4 minutes\" \/>\n<script type=\"application\/ld+json\" class=\"yoast-schema-graph\">{\"@context\":\"https:\/\/schema.org\",\"@graph\":[{\"@type\":\"WebPage\",\"@id\":\"https:\/\/formationdansetherapie.com\/formation-en-ligne-de-danse-therapie-per-se-nota\/\",\"url\":\"https:\/\/formationdansetherapie.com\/formation-en-ligne-de-danse-therapie-per-se-nota\/\",\"name\":\"Formation en ligne de danse th\u00e9rapie Per se Nota\u00a9 - Per Se Nota | Danse th\u00e9rapie\",\"isPartOf\":{\"@id\":\"https:\/\/formationdansetherapie.com\/#website\"},\"primaryImageOfPage\":{\"@id\":\"https:\/\/formationdansetherapie.com\/formation-en-ligne-de-danse-therapie-per-se-nota\/#primaryimage\"},\"image\":{\"@id\":\"https:\/\/formationdansetherapie.com\/formation-en-ligne-de-danse-therapie-per-se-nota\/#primaryimage\"},\"thumbnailUrl\":\"https:\/\/formationdansetherapie.com\/wp-content\/uploads\/2024\/12\/Formation-en-ligne1.png\",\"datePublished\":\"2024-10-14T15:55:48+00:00\",\"dateModified\":\"2025-05-09T15:58:42+00:00\",\"description\":\"D\u00e9couvrez nos formations compl\u00e8te de danse th\u00e9rapie pour devenir professeur de danse th\u00e9rapie aupr\u00e8s des enfants, adulte et seniors\",\"breadcrumb\":{\"@id\":\"https:\/\/formationdansetherapie.com\/formation-en-ligne-de-danse-therapie-per-se-nota\/#breadcrumb\"},\"inLanguage\":\"en-US\",\"potentialAction\":[{\"@type\":\"ReadAction\",\"target\":[\"https:\/\/formationdansetherapie.com\/formation-en-ligne-de-danse-therapie-per-se-nota\/\"]}]},{\"@type\":\"ImageObject\",\"inLanguage\":\"en-US\",\"@id\":\"https:\/\/formationdansetherapie.com\/formation-en-ligne-de-danse-therapie-per-se-nota\/#primaryimage\",\"url\":\"https:\/\/formationdansetherapie.com\/wp-content\/uploads\/2024\/12\/Formation-en-ligne1.png\",\"contentUrl\":\"https:\/\/formationdansetherapie.com\/wp-content\/uploads\/2024\/12\/Formation-en-ligne1.png\",\"width\":1920,\"height\":700,\"caption\":\"Ateliers danse th\u00e9rapie Per se Nota\u00a9\"},{\"@type\":\"BreadcrumbList\",\"@id\":\"https:\/\/formationdansetherapie.com\/formation-en-ligne-de-danse-therapie-per-se-nota\/#breadcrumb\",\"itemListElement\":[{\"@type\":\"ListItem\",\"position\":1,\"name\":\"Home\",\"item\":\"https:\/\/formationdansetherapie.com\/\"},{\"@type\":\"ListItem\",\"position\":2,\"name\":\"Formation en ligne de danse th\u00e9rapie Per se Nota\u00a9\"}]},{\"@type\":\"WebSite\",\"@id\":\"https:\/\/formationdansetherapie.com\/#website\",\"url\":\"https:\/\/formationdansetherapie.com\/\",\"name\":\"Per Se Nota | Danse th\u00e9rapie\",\"description\":\"Formation professionnelle danse th\u00e9rapie - professeur de danse th\u00e9rapie et danse th\u00e9rapeute\",\"potentialAction\":[{\"@type\":\"SearchAction\",\"target\":{\"@type\":\"EntryPoint\",\"urlTemplate\":\"https:\/\/formationdansetherapie.com\/?s={search_term_string}\"},\"query-input\":{\"@type\":\"PropertyValueSpecification\",\"valueRequired\":true,\"valueName\":\"search_term_string\"}}],\"inLanguage\":\"en-US\"}]}<\/script>\n<!-- \/ Yoast SEO Premium plugin. -->","yoast_head_json":{"title":"Formation en ligne de danse th\u00e9rapie Per se Nota\u00a9 - Per Se Nota | Danse th\u00e9rapie","description":"D\u00e9couvrez nos formations compl\u00e8te de danse th\u00e9rapie pour devenir professeur de danse th\u00e9rapie aupr\u00e8s des enfants, adulte et seniors","robots":{"index":"index","follow":"follow","max-snippet":"max-snippet:-1","max-image-preview":"max-image-preview:large","max-video-preview":"max-video-preview:-1"},"canonical":"https:\/\/formationdansetherapie.com\/en\/formation-en-ligne-de-danse-therapie-per-se-nota\/","og_locale":"en_US","og_type":"article","og_title":"Formation en ligne de danse th\u00e9rapie Per se Nota\u00a9","og_description":"D\u00e9couvrez nos formations compl\u00e8te de danse th\u00e9rapie pour devenir professeur de danse th\u00e9rapie aupr\u00e8s des enfants, adulte et seniors","og_url":"https:\/\/formationdansetherapie.com\/en\/formation-en-ligne-de-danse-therapie-per-se-nota\/","og_site_name":"Per Se Nota | Danse th\u00e9rapie","article_modified_time":"2025-05-09T15:58:42+00:00","og_image":[{"width":1024,"height":373,"url":"https:\/\/formationdansetherapie.com\/wp-content\/uploads\/2024\/12\/Formation-en-ligne1-1024x373.png","type":"image\/png"}],"twitter_card":"summary_large_image","twitter_misc":{"Est. reading time":"4 minutes"},"schema":{"@context":"https:\/\/schema.org","@graph":[{"@type":"WebPage","@id":"https:\/\/formationdansetherapie.com\/formation-en-ligne-de-danse-therapie-per-se-nota\/","url":"https:\/\/formationdansetherapie.com\/formation-en-ligne-de-danse-therapie-per-se-nota\/","name":"Formation en ligne de danse th\u00e9rapie Per se Nota\u00a9 - Per Se Nota | Danse th\u00e9rapie","isPartOf":{"@id":"https:\/\/formationdansetherapie.com\/#website"},"primaryImageOfPage":{"@id":"https:\/\/formationdansetherapie.com\/formation-en-ligne-de-danse-therapie-per-se-nota\/#primaryimage"},"image":{"@id":"https:\/\/formationdansetherapie.com\/formation-en-ligne-de-danse-therapie-per-se-nota\/#primaryimage"},"thumbnailUrl":"https:\/\/formationdansetherapie.com\/wp-content\/uploads\/2024\/12\/Formation-en-ligne1.png","datePublished":"2024-10-14T15:55:48+00:00","dateModified":"2025-05-09T15:58:42+00:00","description":"D\u00e9couvrez nos formations compl\u00e8te de danse th\u00e9rapie pour devenir professeur de danse th\u00e9rapie aupr\u00e8s des enfants, adulte et seniors","breadcrumb":{"@id":"https:\/\/formationdansetherapie.com\/formation-en-ligne-de-danse-therapie-per-se-nota\/#breadcrumb"},"inLanguage":"en-US","potentialAction":[{"@type":"ReadAction","target":["https:\/\/formationdansetherapie.com\/formation-en-ligne-de-danse-therapie-per-se-nota\/"]}]},{"@type":"ImageObject","inLanguage":"en-US","@id":"https:\/\/formationdansetherapie.com\/formation-en-ligne-de-danse-therapie-per-se-nota\/#primaryimage","url":"https:\/\/formationdansetherapie.com\/wp-content\/uploads\/2024\/12\/Formation-en-ligne1.png","contentUrl":"https:\/\/formationdansetherapie.com\/wp-content\/uploads\/2024\/12\/Formation-en-ligne1.png","width":1920,"height":700,"caption":"Ateliers danse th\u00e9rapie Per se Nota\u00a9"},{"@type":"BreadcrumbList","@id":"https:\/\/formationdansetherapie.com\/formation-en-ligne-de-danse-therapie-per-se-nota\/#breadcrumb","itemListElement":[{"@type":"ListItem","position":1,"name":"Home","item":"https:\/\/formationdansetherapie.com\/"},{"@type":"ListItem","position":2,"name":"Formation en ligne de danse th\u00e9rapie Per se Nota\u00a9"}]},{"@type":"WebSite","@id":"https:\/\/formationdansetherapie.com\/#website","url":"https:\/\/formationdansetherapie.com\/","name":"Per Se Nota | Dance therapy","description":"Formation professionnelle danse th\u00e9rapie - professeur de danse th\u00e9rapie et danse th\u00e9rapeute","potentialAction":[{"@type":"SearchAction","target":{"@type":"EntryPoint","urlTemplate":"https:\/\/formationdansetherapie.com\/?s={search_term_string}"},"query-input":{"@type":"PropertyValueSpecification","valueRequired":true,"valueName":"search_term_string"}}],"inLanguage":"en-US"}]}},"_links":{"self":[{"href":"https:\/\/formationdansetherapie.com\/en\/wp-json\/wp\/v2\/pages\/14884","targetHints":{"allow":["GET"]}}],"collection":[{"href":"https:\/\/formationdansetherapie.com\/en\/wp-json\/wp\/v2\/pages"}],"about":[{"href":"https:\/\/formationdansetherapie.com\/en\/wp-json\/wp\/v2\/types\/page"}],"author":[{"embeddable":true,"href":"https:\/\/formationdansetherapie.com\/en\/wp-json\/wp\/v2\/users\/1"}],"replies":[{"embeddable":true,"href":"https:\/\/formationdansetherapie.com\/en\/wp-json\/wp\/v2\/comments?post=14884"}],"version-history":[{"count":18,"href":"https:\/\/formationdansetherapie.com\/en\/wp-json\/wp\/v2\/pages\/14884\/revisions"}],"predecessor-version":[{"id":16562,"href":"https:\/\/formationdansetherapie.com\/en\/wp-json\/wp\/v2\/pages\/14884\/revisions\/16562"}],"wp:featuredmedia":[{"embeddable":true,"href":"https:\/\/formationdansetherapie.com\/en\/wp-json\/wp\/v2\/media\/15212"}],"wp:attachment":[{"href":"https:\/\/formationdansetherapie.com\/en\/wp-json\/wp\/v2\/media?parent=14884"}],"wp:term":[{"taxonomy":"post_tag","embeddable":true,"href":"https:\/\/formationdansetherapie.com\/en\/wp-json\/wp\/v2\/tags?post=14884"}],"curies":[{"name":"wp","href":"https:\/\/api.w.org\/{rel}","templated":true}]}}