{"id":14864,"date":"2024-10-07T17:48:39","date_gmt":"2024-10-07T15:48:39","guid":{"rendered":"https:\/\/formationdansetherapie.com\/?page_id=14864"},"modified":"2025-01-07T02:17:08","modified_gmt":"2025-01-07T01:17:08","slug":"localisation","status":"publish","type":"page","link":"https:\/\/formationdansetherapie.com\/en\/localisation\/","title":{"rendered":"Localisation acc\u00e8s salle"},"content":{"rendered":"<style type=\"text\/css\"> \n#cmsmasters_row_69df603f7e2c38_66287366 { \n\tbackground-color:#622084;\n} \n\n#cmsmasters_row_69df603f7e2c38_66287366 .cmsmasters_row_outer_parent { \n\tpadding-top: 40px; \n} \n\n#cmsmasters_row_69df603f7e2c38_66287366 .cmsmasters_row_outer_parent { \n\tpadding-bottom: 50px; \n} \n\n \n#cmsmasters_heading_69df603f7e5152_00452843 { \n\ttext-align:center; \n\tmargin-top:20px; \n\tmargin-bottom:20px; \n} \n\n#cmsmasters_heading_69df603f7e5152_00452843 .cmsmasters_heading { \n\ttext-align:center; \n} \n\n#cmsmasters_heading_69df603f7e5152_00452843 .cmsmasters_heading, #cmsmasters_heading_69df603f7e5152_00452843 .cmsmasters_heading a { \n\tfont-size:42px; \n\tline-height:48px; \n\tfont-weight:300; \n\tfont-style:normal; \n\tcolor:#ffffff;\n} \n\n#cmsmasters_heading_69df603f7e5152_00452843 .cmsmasters_heading_divider { \n} \n\n \n#cmsmasters_row_69df603f7e6068_94341936 .cmsmasters_row_outer_parent { \n\tpadding-top: 40px; \n} \n\n#cmsmasters_row_69df603f7e6068_94341936 .cmsmasters_row_outer_parent { \n\tpadding-bottom: 50px; \n} \n\n \n#cmsmasters_row_69df603f7e7747_14286314 .cmsmasters_row_outer_parent { \n\tpadding-top: 0px; \n} \n\n#cmsmasters_row_69df603f7e7747_14286314 .cmsmasters_row_outer_parent { \n\tpadding-bottom: 50px; \n} \n\n \n#cmsmasters_row_69df603f7e7f82_14271321 .cmsmasters_row_outer_parent { \n\tpadding-top: 0px; \n} \n\n#cmsmasters_row_69df603f7e7f82_14271321 .cmsmasters_row_outer_parent { \n\tpadding-bottom: 50px; \n} \n\n<\/style><div id=\"cmsmasters_row_69df603f7e2c38_66287366\" class=\"cmsmasters_row cmsmasters_color_scheme_default cmsmasters_row_top_right_diagonal cmsmasters_row_bot_default cmsmasters_row_boxed\">\n<div class=\"cmsmasters_row_outer_parent\">\n<div class=\"cmsmasters_row_outer\">\n<div class=\"cmsmasters_row_inner\">\n<div class=\"cmsmasters_row_margin\">\n<div class=\"cmsmasters_column one_first\">\n\n<div id=\"cmsmasters_heading_69df603f7e5152_00452843\" class=\"cmsmasters_heading_wrap cmsmasters_heading_align_center\">\n\t<h1 class=\"cmsmasters_heading\">Acc\u00e8s \u00e0 notre salle<\/h1>\n<\/div>\n<\/div>\n<\/div>\n<\/div>\n<\/div>\n<\/div>\n<\/div>\n<div id=\"cmsmasters_row_69df603f7e6068_94341936\" class=\"cmsmasters_row cmsmasters_color_scheme_default cmsmasters_row_top_default cmsmasters_row_bot_default cmsmasters_row_boxed\">\n<div class=\"cmsmasters_row_outer_parent\">\n<div class=\"cmsmasters_row_outer\">\n<div class=\"cmsmasters_row_inner\">\n<div class=\"cmsmasters_row_margin\">\n<div class=\"cmsmasters_column one_half\">\n<div class=\"cmsmasters_text\">\n<h3>La formation se d\u00e9roule dans notre salle de Bi\u00e8vre \u00e0 l&rsquo;adresse suivante :<\/h3>\n<ul>\n<li><a href=\"https:\/\/maps.app.goo.gl\/W34xw1EZfecjdqd38\">8 rue de Bi\u00e8vre, Paris 75005<\/a><\/li>\n<\/ul>\n<p>&nbsp;<\/p>\n<h3>Accessible en transports en commun :<\/h3>\n<ul>\n<li><span style=\"font-weight: 400;\">m\u00e9tro station Maubert &#8211; Mutualit\u00e9 &#8211; ligne 10<\/span><\/li>\n<li><span style=\"font-weight: 400;\">RER B et C station St Michel &#8211; Notre Dame<\/span><\/li>\n<\/ul>\n<div style=\"display: none;\">\n<p><a href=\"https:\/\/formationdansetherapie.com\/en\/localisation\/\">localisation<\/a><\/p>\n<h3>Localisation acc\u00e8s salle<\/h3>\n<p>RER B et C station St Michel &#8211; Notre Dame. formation se d\u00e9roule dans notre salle de Bi\u00e8vre \u00e0 l&rsquo;adresse suivante<\/p>\n<p>ouvrez le lieu de formation au 8 rue de Bi\u00e8vre, Paris 5. salle de Bi\u00e8vre \u00e0 l&rsquo;adresse suivan. rue de Bi\u00e8vre, Paris 75005. RER B et C station St Michel &#8211; Notre Damoule dans notre salle de Bi\u00e8vre \u00e0 l&rsquo;adresse sui. Dame. formation se d\u00e9roule dans notre salle de Bi\u00e8vre \u00e0 l&rsquo;adresse. Paris 5. salle de<\/p>\n<h3>Bi\u00e8vre \u00e0 l&rsquo;adresse<\/h3>\n<p>suivan. rmation au 8 rue de Bi\u00e8vre, Parissalle de Bi\u00e8vre \u00e0 l&rsquo;adresse sui.mation se d\u00e9roule dans notre salle de Bi\u00e8vre \u00e0 l&rsquo;adresse suivant<\/p>\n<h3>Localisation acc\u00e8s salle<\/h3>\n<p>me. formation se d\u00e9roule dans notre salle de Bi\u00e8vre \u00e0 l&rsquo;adresse suivante. Bi\u00e8vre, Paris 5. salle de Bi\u00e8vre \u00e0 l&rsquo;adresse suivan. rue de Bi\u00e8vre, Paris 75005. RER B et C station St Michel &#8211; Notre Damoule dans notre salle de Bi\u00e8vre \u00e0 l&rsquo;adresse su. tion se d\u00e9roule dans notre salle de Bi\u00e8vre \u00e0 l&rsquo;adresse suiv<\/p>\n<p>salle de Bi\u00e8vre \u00e0 l&rsquo;adresse suivan. rue de Bi\u00e8vre,suivan. rmation au 8 rue de Bi\u00e8vre, Parissalle de Bi\u00e8vre \u00e0 l&rsquo;adresse sui.mation se d\u00e9roule dans notre salle de Bi\u00e8vre \u00e0 l&rsquo;adresse suivan Paris<\/p>\n<\/div>\n<\/div>\n<\/div>\n<div class=\"cmsmasters_column one_half\">\n<div class=\"custom_html\">\n<iframe src=\"https:\/\/www.google.com\/maps\/embed?pb=!1m18!1m12!1m3!1d5250.764603490584!2d2.3478230767556636!3d48.85091990123183!2m3!1f0!2f0!3f0!3m2!1i1024!2i768!4f13.1!3m3!1m2!1s0x47e671e408881b41%3A0xf7022d53bc7d21e2!2s8%20Rue%20de%20Bi%C3%A8vre%2C%2075005%20Paris!5e0!3m2!1sfr!2sfr!4v1728391126137!5m2!1sfr!2sfr\" width=\"600\" height=\"450\" style=\"border:0;\" allowfullscreen=\"\" loading=\"lazy\" referrerpolicy=\"no-referrer-when-downgrade\"><\/iframe>\n<\/div>\n<\/div>\n<\/div>\n<\/div>\n<\/div>\n<\/div>\n<\/div>\n<div id=\"cmsmasters_row_69df603f7e7747_14286314\" class=\"cmsmasters_row cmsmasters_color_scheme_default cmsmasters_row_top_default cmsmasters_row_bot_default cmsmasters_row_boxed\">\n<div class=\"cmsmasters_row_outer_parent\">\n<div class=\"cmsmasters_row_outer\">\n<div class=\"cmsmasters_row_inner\">\n<div class=\"cmsmasters_row_margin\">\n<div class=\"cmsmasters_column one_first\">\n<div class=\"cmsmasters_text\">\n<p style=\"text-align: center;\">Check out the training location 8 rue de Bi\u00e8vre, Paris 5<\/p>\n<\/div>\n<div class=\"custom_html\">\n<iframe loading=\"lazy\" src=\"https:\/\/www.google.com\/maps\/embed?pb=!4v1634301774201!6m8!1m7!1sCAoSLEFGMVFpcE5tTEVUbkNyaTBVMVIwNkRNSkFvUDdfZElpX0pJZjRGb05oX0xR!2m2!1d48.850975977048!2d2.3505056843988!3f319.45465184359455!4f0.18332039360899444!5f0.7820865974627469\" width=\"100%\" height=\"450\" frameborder=\"0\" style=\"border:0\" allowfullscreen><\/iframe>\n<\/div>\n<\/div>\n<\/div>\n<\/div>\n<\/div>\n<\/div>\n<\/div>\n<div id=\"cmsmasters_row_69df603f7e7f82_14271321\" class=\"cmsmasters_row cmsmasters_color_scheme_default cmsmasters_row_top_default cmsmasters_row_bot_default cmsmasters_row_boxed\">\n<div class=\"cmsmasters_row_outer_parent\">\n<div class=\"cmsmasters_row_outer\">\n<div class=\"cmsmasters_row_inner\">\n<div class=\"cmsmasters_row_margin\">\n<div class=\"cmsmasters_column one_first\">\n<\/div>\n<\/div>\n<\/div>\n<\/div>\n<\/div>\n<\/div>","protected":false},"excerpt":{"rendered":"","protected":false},"author":1,"featured_media":8642,"parent":0,"menu_order":0,"comment_status":"closed","ping_status":"closed","template":"","meta":{"_EventAllDay":false,"_EventTimezone":"","_EventStartDate":"","_EventEndDate":"","_EventStartDateUTC":"","_EventEndDateUTC":"","_EventShowMap":false,"_EventShowMapLink":false,"_EventURL":"","_EventCost":"","_EventCostDescription":"","_EventCurrencySymbol":"","_EventCurrencyCode":"","_EventCurrencyPosition":"","_EventDateTimeSeparator":"","_EventTimeRangeSeparator":"","_EventOrganizerID":[],"_EventVenueID":[],"_OrganizerEmail":"","_OrganizerPhone":"","_OrganizerWebsite":"","_VenueAddress":"","_VenueCity":"","_VenueCountry":"","_VenueProvince":"","_VenueState":"","_VenueZip":"","_VenuePhone":"","_VenueURL":"","_VenueStateProvince":"","_VenueLat":"","_VenueLng":"","_VenueShowMap":false,"_VenueShowMapLink":false,"footnotes":""},"tags":[],"class_list":["post-14864","page","type-page","status-publish","has-post-thumbnail","hentry"],"yoast_head":"<!-- This site is optimized with the Yoast SEO Premium plugin v23.8 (Yoast SEO v27.0) - https:\/\/yoast.com\/product\/yoast-seo-premium-wordpress\/ -->\n<title>Localisation acc\u00e8s salle - Per Se Nota | Danse th\u00e9rapie<\/title>\n<meta name=\"description\" content=\"localisation et acc\u00e8s \u00e0 la salle de formation\" \/>\n<meta name=\"robots\" content=\"index, follow, max-snippet:-1, max-image-preview:large, max-video-preview:-1\" \/>\n<link rel=\"canonical\" href=\"https:\/\/formationdansetherapie.com\/en\/localisation\/\" \/>\n<meta property=\"og:locale\" content=\"en_US\" \/>\n<meta property=\"og:type\" content=\"article\" \/>\n<meta property=\"og:title\" content=\"Localisation acc\u00e8s salle\" \/>\n<meta property=\"og:description\" content=\"localisation et acc\u00e8s \u00e0 la salle de formation\" \/>\n<meta property=\"og:url\" content=\"https:\/\/formationdansetherapie.com\/en\/localisation\/\" \/>\n<meta property=\"og:site_name\" content=\"Per Se Nota | Danse th\u00e9rapie\" \/>\n<meta property=\"article:modified_time\" content=\"2025-01-07T01:17:08+00:00\" \/>\n<meta property=\"og:image\" content=\"https:\/\/formationdansetherapie.com\/wp-content\/uploads\/2020\/06\/PER-SE-NOTA-Logo-Couleurs.png\" \/>\n\t<meta property=\"og:image:width\" content=\"3090\" \/>\n\t<meta property=\"og:image:height\" content=\"2530\" \/>\n\t<meta property=\"og:image:type\" content=\"image\/png\" \/>\n<meta name=\"twitter:card\" content=\"summary_large_image\" \/>\n<meta name=\"twitter:label1\" content=\"Est. reading time\" \/>\n\t<meta name=\"twitter:data1\" content=\"2 minutes\" \/>\n<script type=\"application\/ld+json\" class=\"yoast-schema-graph\">{\"@context\":\"https:\/\/schema.org\",\"@graph\":[{\"@type\":\"WebPage\",\"@id\":\"https:\/\/formationdansetherapie.com\/localisation\/\",\"url\":\"https:\/\/formationdansetherapie.com\/localisation\/\",\"name\":\"Localisation acc\u00e8s salle - Per Se Nota | Danse th\u00e9rapie\",\"isPartOf\":{\"@id\":\"https:\/\/formationdansetherapie.com\/#website\"},\"primaryImageOfPage\":{\"@id\":\"https:\/\/formationdansetherapie.com\/localisation\/#primaryimage\"},\"image\":{\"@id\":\"https:\/\/formationdansetherapie.com\/localisation\/#primaryimage\"},\"thumbnailUrl\":\"https:\/\/formationdansetherapie.com\/wp-content\/uploads\/2020\/06\/PER-SE-NOTA-Logo-Couleurs.png\",\"datePublished\":\"2024-10-07T15:48:39+00:00\",\"dateModified\":\"2025-01-07T01:17:08+00:00\",\"description\":\"localisation et acc\u00e8s \u00e0 la salle de formation\",\"breadcrumb\":{\"@id\":\"https:\/\/formationdansetherapie.com\/localisation\/#breadcrumb\"},\"inLanguage\":\"en-US\",\"potentialAction\":[{\"@type\":\"ReadAction\",\"target\":[\"https:\/\/formationdansetherapie.com\/localisation\/\"]}]},{\"@type\":\"ImageObject\",\"inLanguage\":\"en-US\",\"@id\":\"https:\/\/formationdansetherapie.com\/localisation\/#primaryimage\",\"url\":\"https:\/\/formationdansetherapie.com\/wp-content\/uploads\/2020\/06\/PER-SE-NOTA-Logo-Couleurs.png\",\"contentUrl\":\"https:\/\/formationdansetherapie.com\/wp-content\/uploads\/2020\/06\/PER-SE-NOTA-Logo-Couleurs.png\",\"width\":3090,\"height\":2530,\"caption\":\"Formation de danse th\u00e9rapie compl\u00e8te\"},{\"@type\":\"BreadcrumbList\",\"@id\":\"https:\/\/formationdansetherapie.com\/localisation\/#breadcrumb\",\"itemListElement\":[{\"@type\":\"ListItem\",\"position\":1,\"name\":\"Home\",\"item\":\"https:\/\/formationdansetherapie.com\/\"},{\"@type\":\"ListItem\",\"position\":2,\"name\":\"Localisation acc\u00e8s salle\"}]},{\"@type\":\"WebSite\",\"@id\":\"https:\/\/formationdansetherapie.com\/#website\",\"url\":\"https:\/\/formationdansetherapie.com\/\",\"name\":\"Per Se Nota | Danse th\u00e9rapie\",\"description\":\"Formation professionnelle danse th\u00e9rapie - professeur de danse th\u00e9rapie et danse th\u00e9rapeute\",\"potentialAction\":[{\"@type\":\"SearchAction\",\"target\":{\"@type\":\"EntryPoint\",\"urlTemplate\":\"https:\/\/formationdansetherapie.com\/?s={search_term_string}\"},\"query-input\":{\"@type\":\"PropertyValueSpecification\",\"valueRequired\":true,\"valueName\":\"search_term_string\"}}],\"inLanguage\":\"en-US\"}]}<\/script>\n<!-- \/ Yoast SEO Premium plugin. -->","yoast_head_json":{"title":"Localisation acc\u00e8s salle - Per Se Nota | Danse th\u00e9rapie","description":"localisation et acc\u00e8s \u00e0 la salle de formation","robots":{"index":"index","follow":"follow","max-snippet":"max-snippet:-1","max-image-preview":"max-image-preview:large","max-video-preview":"max-video-preview:-1"},"canonical":"https:\/\/formationdansetherapie.com\/en\/localisation\/","og_locale":"en_US","og_type":"article","og_title":"Localisation acc\u00e8s salle","og_description":"localisation et acc\u00e8s \u00e0 la salle de formation","og_url":"https:\/\/formationdansetherapie.com\/en\/localisation\/","og_site_name":"Per Se Nota | Danse th\u00e9rapie","article_modified_time":"2025-01-07T01:17:08+00:00","og_image":[{"width":3090,"height":2530,"url":"https:\/\/formationdansetherapie.com\/wp-content\/uploads\/2020\/06\/PER-SE-NOTA-Logo-Couleurs.png","type":"image\/png"}],"twitter_card":"summary_large_image","twitter_misc":{"Est. reading time":"2 minutes"},"schema":{"@context":"https:\/\/schema.org","@graph":[{"@type":"WebPage","@id":"https:\/\/formationdansetherapie.com\/localisation\/","url":"https:\/\/formationdansetherapie.com\/localisation\/","name":"Localisation acc\u00e8s salle - Per Se Nota | Danse th\u00e9rapie","isPartOf":{"@id":"https:\/\/formationdansetherapie.com\/#website"},"primaryImageOfPage":{"@id":"https:\/\/formationdansetherapie.com\/localisation\/#primaryimage"},"image":{"@id":"https:\/\/formationdansetherapie.com\/localisation\/#primaryimage"},"thumbnailUrl":"https:\/\/formationdansetherapie.com\/wp-content\/uploads\/2020\/06\/PER-SE-NOTA-Logo-Couleurs.png","datePublished":"2024-10-07T15:48:39+00:00","dateModified":"2025-01-07T01:17:08+00:00","description":"localisation et acc\u00e8s \u00e0 la salle de formation","breadcrumb":{"@id":"https:\/\/formationdansetherapie.com\/localisation\/#breadcrumb"},"inLanguage":"en-US","potentialAction":[{"@type":"ReadAction","target":["https:\/\/formationdansetherapie.com\/localisation\/"]}]},{"@type":"ImageObject","inLanguage":"en-US","@id":"https:\/\/formationdansetherapie.com\/localisation\/#primaryimage","url":"https:\/\/formationdansetherapie.com\/wp-content\/uploads\/2020\/06\/PER-SE-NOTA-Logo-Couleurs.png","contentUrl":"https:\/\/formationdansetherapie.com\/wp-content\/uploads\/2020\/06\/PER-SE-NOTA-Logo-Couleurs.png","width":3090,"height":2530,"caption":"Formation de danse th\u00e9rapie compl\u00e8te"},{"@type":"BreadcrumbList","@id":"https:\/\/formationdansetherapie.com\/localisation\/#breadcrumb","itemListElement":[{"@type":"ListItem","position":1,"name":"Home","item":"https:\/\/formationdansetherapie.com\/"},{"@type":"ListItem","position":2,"name":"Localisation acc\u00e8s salle"}]},{"@type":"WebSite","@id":"https:\/\/formationdansetherapie.com\/#website","url":"https:\/\/formationdansetherapie.com\/","name":"Per Se Nota | Dance therapy","description":"Formation professionnelle danse th\u00e9rapie - professeur de danse th\u00e9rapie et danse th\u00e9rapeute","potentialAction":[{"@type":"SearchAction","target":{"@type":"EntryPoint","urlTemplate":"https:\/\/formationdansetherapie.com\/?s={search_term_string}"},"query-input":{"@type":"PropertyValueSpecification","valueRequired":true,"valueName":"search_term_string"}}],"inLanguage":"en-US"}]}},"_links":{"self":[{"href":"https:\/\/formationdansetherapie.com\/en\/wp-json\/wp\/v2\/pages\/14864","targetHints":{"allow":["GET"]}}],"collection":[{"href":"https:\/\/formationdansetherapie.com\/en\/wp-json\/wp\/v2\/pages"}],"about":[{"href":"https:\/\/formationdansetherapie.com\/en\/wp-json\/wp\/v2\/types\/page"}],"author":[{"embeddable":true,"href":"https:\/\/formationdansetherapie.com\/en\/wp-json\/wp\/v2\/users\/1"}],"replies":[{"embeddable":true,"href":"https:\/\/formationdansetherapie.com\/en\/wp-json\/wp\/v2\/comments?post=14864"}],"version-history":[{"count":9,"href":"https:\/\/formationdansetherapie.com\/en\/wp-json\/wp\/v2\/pages\/14864\/revisions"}],"predecessor-version":[{"id":15592,"href":"https:\/\/formationdansetherapie.com\/en\/wp-json\/wp\/v2\/pages\/14864\/revisions\/15592"}],"wp:featuredmedia":[{"embeddable":true,"href":"https:\/\/formationdansetherapie.com\/en\/wp-json\/wp\/v2\/media\/8642"}],"wp:attachment":[{"href":"https:\/\/formationdansetherapie.com\/en\/wp-json\/wp\/v2\/media?parent=14864"}],"wp:term":[{"taxonomy":"post_tag","embeddable":true,"href":"https:\/\/formationdansetherapie.com\/en\/wp-json\/wp\/v2\/tags?post=14864"}],"curies":[{"name":"wp","href":"https:\/\/api.w.org\/{rel}","templated":true}]}}