{"id":14843,"date":"2024-10-07T17:11:35","date_gmt":"2024-10-07T15:11:35","guid":{"rendered":"https:\/\/formationdansetherapie.com\/?page_id=14843"},"modified":"2025-01-02T19:09:48","modified_gmt":"2025-01-02T18:09:48","slug":"journee-type-formation-ou-ateliers","status":"publish","type":"page","link":"https:\/\/formationdansetherapie.com\/en\/journee-type-formation-ou-ateliers\/","title":{"rendered":"Journ\u00e9e type de formation ou atelier"},"content":{"rendered":"<style type=\"text\/css\"> \n#cmsmasters_row_69e27a7eb178c6_01144343 { \n\tbackground-image: url(https:\/\/formationdansetherapie.com\/wp-content\/uploads\/2024\/10\/Deroule-de-la-journee.png); \n\tbackground-position: center left; \n\tbackground-repeat: no-repeat; \n\tbackground-attachment: scroll; \n\tbackground-size: cover; \n} \n\n#cmsmasters_row_69e27a7eb178c6_01144343 .cmsmasters_row_outer_parent { \n\tpadding-top: 90px; \n} \n\n#cmsmasters_row_69e27a7eb178c6_01144343 .cmsmasters_row_outer_parent { \n\tpadding-bottom: 200px; \n} \n\n \n#cmsmasters_row_69e27a7eb1c8b1_16888447 .cmsmasters_row_outer_parent { \n\tpadding-top: 20px; \n} \n\n#cmsmasters_row_69e27a7eb1c8b1_16888447 .cmsmasters_row_outer_parent { \n\tpadding-bottom: 20px; \n} \n\n \n#cmsmasters_heading_69e27a7eb1e173_68868450 { \n\ttext-align:center; \n\tmargin-top:20px; \n\tmargin-bottom:20px; \n} \n\n#cmsmasters_heading_69e27a7eb1e173_68868450 .cmsmasters_heading { \n\ttext-align:center; \n} \n\n#cmsmasters_heading_69e27a7eb1e173_68868450 .cmsmasters_heading, #cmsmasters_heading_69e27a7eb1e173_68868450 .cmsmasters_heading a { \n\tfont-family:'Comfortaa'; \n\tfont-weight:normal; \n\tfont-style:normal; \n} \n\n#cmsmasters_heading_69e27a7eb1e173_68868450 .cmsmasters_heading_divider { \n} \n\n \n#cmsmasters_row_69e27a7eb1e5d3_26347200 .cmsmasters_row_outer_parent { \n\tpadding-top: 0px; \n} \n\n#cmsmasters_row_69e27a7eb1e5d3_26347200 .cmsmasters_row_outer_parent { \n\tpadding-bottom: 50px; \n} \n\n<\/style><div id=\"cmsmasters_row_69e27a7eb178c6_01144343\" class=\"cmsmasters_row cmsmasters_color_scheme_default cmsmasters_row_top_default cmsmasters_row_bot_default cmsmasters_row_boxed\">\n<div class=\"cmsmasters_row_outer_parent\">\n<div class=\"cmsmasters_row_outer\">\n<div class=\"cmsmasters_row_inner\">\n<div class=\"cmsmasters_row_margin\">\n<div class=\"cmsmasters_column one_first\">\n<\/div>\n<\/div>\n<\/div>\n<\/div>\n<\/div>\n<\/div>\n<div id=\"cmsmasters_row_69e27a7eb1c8b1_16888447\" class=\"cmsmasters_row cmsmasters_color_scheme_default cmsmasters_row_top_default cmsmasters_row_bot_default cmsmasters_row_boxed\">\n<div class=\"cmsmasters_row_outer_parent\">\n<div class=\"cmsmasters_row_outer\">\n<div class=\"cmsmasters_row_inner\">\n<div class=\"cmsmasters_row_margin\">\n<div class=\"cmsmasters_column one_first\">\n\n<div id=\"cmsmasters_heading_69e27a7eb1e173_68868450\" class=\"cmsmasters_heading_wrap cmsmasters_heading_align_center\">\n\t<h1 class=\"cmsmasters_heading\">Journ\u00e9e type de formation ou d&rsquo;atelier<\/h1>\n<\/div>\n<\/div>\n<\/div>\n<\/div>\n<\/div>\n<\/div>\n<\/div>\n<div id=\"cmsmasters_row_69e27a7eb1e5d3_26347200\" class=\"cmsmasters_row cmsmasters_color_scheme_default cmsmasters_row_top_default cmsmasters_row_bot_default cmsmasters_row_boxed\">\n<div class=\"cmsmasters_row_outer_parent\">\n<div class=\"cmsmasters_row_outer\">\n<div class=\"cmsmasters_row_inner\">\n<div class=\"cmsmasters_row_margin\">\n<div class=\"cmsmasters_column one_half\">\n<div class=\"cmsmasters_text\">\n<h2><span style=\"font-weight: 400;\">MATIN<\/span><\/h2>\n<p><b>9h15-9h30<\/b><span style=\"font-weight: 400;\"> &#8211; <\/span><b>Accueil des \u00e9l\u00e8ves<\/b><\/p>\n<p><span style=\"font-weight: 400;\">Ouverture de la salle 15 minutes avant l&rsquo;heure de d\u00e9but de la journ\u00e9e afin que chacun puisse se changer et s\u2019installer dans l\u2019espace.<\/span><\/p>\n<p><b>9h30-9h45 &#8211; Cercle de Parole<\/b><\/p>\n<p><span style=\"font-weight: 400;\">M\u00e9t\u00e9o personnelle et parole libre pour d\u00e9poser ce qui est pr\u00e9sent.<\/span><\/p>\n<p><span style=\"font-weight: 400;\">Possible de rajouter une question en lien avec le module.<\/span><\/p>\n<p><b>9h45-10h &#8211; Introduction et d\u00e9roul\u00e9\u00a0<\/b><\/p>\n<p><span style=\"font-weight: 400;\">Introduire le th\u00e8me du module, sous forme d\u2019\u00e9change ou non.<\/span><\/p>\n<p><span style=\"font-weight: 400;\">Expos\u00e9 du d\u00e9roul\u00e9 de la journ\u00e9e et de l&rsquo;heure de la pause.<\/span><\/p>\n<p><b>10h-10h30 &#8211; Relaxation \/ M\u00e9ditation<\/b><\/p>\n<p><span style=\"font-weight: 400;\">M\u00e9ditation en lien avec le th\u00e8me de la journ\u00e9e.<\/span><\/p>\n<p><span style=\"font-weight: 400;\">Chacun est libre de sa position (assis, allong\u00e9&#8230;)<\/span><\/p>\n<p><b>10h30-12h30 &#8211; Pratique corporelle<\/b><\/p>\n<p><span style=\"font-weight: 400;\">S\u00e9ance de danse th\u00e9rapie en lien avec le module du jour.<\/span><\/p>\n<p><span style=\"font-weight: 400;\">Permet d\u2019introduire le vocabulaire, et de porter l\u2019attention\/focus sur notre sujet.<\/span><\/p>\n<p><span style=\"font-weight: 400;\">1- Pr\u00e9-\u00e9chauffement<\/span><\/p>\n<p><span style=\"font-weight: 400;\">2- \u00c9chauffement en lien avec l\u2019exploration<\/span><\/p>\n<p><span style=\"font-weight: 400;\">3- Exploration<\/span><\/p>\n<p><span style=\"font-weight: 400;\">4- Ressources<\/span><\/p>\n<p><b>12h30-13h &#8211; Restitution<\/b><\/p>\n<p><span style=\"font-weight: 400;\">Cercle de parole pour d\u00e9poser les ressentis de chacun : <\/span><\/p>\n<p><span style=\"font-weight: 400;\">comment ai-je v\u00e9cu cette s\u00e9ance ? Que s\u2019est-il pass\u00e9 pour moi ?\u00a0<\/span><\/p>\n<p><span style=\"font-weight: 400;\">\u00c9ventuellement temps d\u2019\u00e9criture libre ou de dessin<\/span><\/p>\n<p><b>13h-14h15\u00a0 PAUSE D\u00c9JEUNER<\/b><\/p>\n<div style=\"display: none;\">\n<h3>Anne Raquin<\/h3>\n<p><a href=\"\/en\/journee-type-formation-ou-ateliers\/\">\/journee-type-formation-ou-ateliers\/<\/a><\/p>\n<\/div>\n<\/div>\n<\/div>\n<div class=\"cmsmasters_column one_half\">\n<div class=\"aligncenter\">\n<div class=\"cmsmasters_img  cmsmasters_image_c\">\n<a href=\"https:\/\/formationdansetherapie.com\/wp-content\/uploads\/2024\/10\/journee-type-formation-danse-therapie-site.png\"><img decoding=\"async\" src=\"https:\/\/formationdansetherapie.com\/wp-content\/uploads\/2024\/10\/journee-type-formation-danse-therapie-site.png\" \/><\/a>\n<\/div>\n<\/div>\n<div class=\"cmsmasters_text\">\n<h2><span style=\"font-weight: 400;\">APR\u00c8S-MIDI<\/span><\/h2>\n<p><b>14h15-15h &#8211; Retour sur la pratique<\/b><\/p>\n<p><span style=\"font-weight: 400;\">En groupe, retour sur les pratiques du matin : chemin du p\u00e9dagogue et du th\u00e9rapeute. Ce sont les \u00e9l\u00e8ves qui retrouvent les exercices et les objectifs.<\/span><\/p>\n<p><span style=\"font-weight: 400;\">P\u00e9dagogie appropriative &#8211; passer par le corps pour ensuite chercher avec le mental<\/span><\/p>\n<p><b>15h-16h15 &#8211; Th\u00e9orie \/ Explication<\/b><\/p>\n<p><span style=\"font-weight: 400;\">Th\u00e9orie sur le module du jour.\u00a0<\/span><\/p>\n<p><span style=\"font-weight: 400;\">Les \u00e9l\u00e8ves participent autant que possible dans ce processus.<\/span><\/p>\n<p><b>16h15-17h15 &#8211; Ateliers pratiques<\/b><\/p>\n<p><span style=\"font-weight: 400;\">Au tour des \u00e9l\u00e8ves de pr\u00e9parer un extrait d\u2019exercice en lien avec le module : une relaxation, un pr\u00e9-\u00e9chauffement, une exploration de DT\u2026<\/span><\/p>\n<p><span style=\"font-weight: 400;\">Pr\u00e9paration en solo ou \u00e0 plusieurs, restitution en petit groupe ou avec tout le monde.<\/span><\/p>\n<p><span style=\"font-weight: 400;\">L&rsquo;objectif est d&rsquo;habituer les \u00e9l\u00e8ves \u00e0 \u00eatre dans la posture de l\u2019enseignant.<\/span><\/p>\n<p><b>17h15-17h30 &#8211; Cercle de parole final<\/b><\/p>\n<p><span style=\"font-weight: 400;\">Permet de mettre des mots sur ce qui a \u00e9t\u00e9 travers\u00e9 durant la journ\u00e9e (\u00e9motions, question, r\u00e9flexion\u2026).<\/span><\/p>\n<h1><\/h1>\n<div style=\"display: none;\">\n<h3>Anne Raquin<\/h3>\n<p><a href=\"\/en\/journee-type-formation-ou-ateliers\/\">\/journee<\/a><\/p>\n<\/div>\n<\/div>\n<\/div>\n<\/div>\n<\/div>\n<\/div>\n<\/div>\n<\/div>","protected":false},"excerpt":{"rendered":"","protected":false},"author":1,"featured_media":14844,"parent":0,"menu_order":0,"comment_status":"closed","ping_status":"closed","template":"","meta":{"_EventAllDay":false,"_EventTimezone":"","_EventStartDate":"","_EventEndDate":"","_EventStartDateUTC":"","_EventEndDateUTC":"","_EventShowMap":false,"_EventShowMapLink":false,"_EventURL":"","_EventCost":"","_EventCostDescription":"","_EventCurrencySymbol":"","_EventCurrencyCode":"","_EventCurrencyPosition":"","_EventDateTimeSeparator":"","_EventTimeRangeSeparator":"","_EventOrganizerID":[],"_EventVenueID":[],"_OrganizerEmail":"","_OrganizerPhone":"","_OrganizerWebsite":"","_VenueAddress":"","_VenueCity":"","_VenueCountry":"","_VenueProvince":"","_VenueState":"","_VenueZip":"","_VenuePhone":"","_VenueURL":"","_VenueStateProvince":"","_VenueLat":"","_VenueLng":"","_VenueShowMap":false,"_VenueShowMapLink":false,"footnotes":""},"tags":[],"class_list":["post-14843","page","type-page","status-publish","has-post-thumbnail","hentry"],"yoast_head":"<!-- This site is optimized with the Yoast SEO Premium plugin v23.8 (Yoast SEO v27.0) - https:\/\/yoast.com\/product\/yoast-seo-premium-wordpress\/ -->\n<title>Anne Raquin - Per Se Nota | Danse th\u00e9rapie<\/title>\n<meta name=\"description\" content=\"D\u00e9couvrez notre \u00e9quipe de la formation en danse th\u00e9rapie Per se nota disponible et comp\u00e9tente et n&#039;h\u00e9sitez pas \u00e0 les contacter!! - Anne Raquin\" \/>\n<meta name=\"robots\" content=\"index, follow, max-snippet:-1, max-image-preview:large, max-video-preview:-1\" \/>\n<link rel=\"canonical\" href=\"https:\/\/formationdansetherapie.com\/en\/journee-type-formation-ou-ateliers\/\" \/>\n<meta property=\"og:locale\" content=\"en_US\" \/>\n<meta property=\"og:type\" content=\"article\" \/>\n<meta property=\"og:title\" content=\"Journ\u00e9e type de formation ou atelier\" \/>\n<meta property=\"og:description\" content=\"D\u00e9couvrez notre \u00e9quipe de la formation en danse th\u00e9rapie Per se nota disponible et comp\u00e9tente et n&#039;h\u00e9sitez pas \u00e0 les contacter!! - Anne Raquin\" \/>\n<meta property=\"og:url\" content=\"https:\/\/formationdansetherapie.com\/en\/journee-type-formation-ou-ateliers\/\" \/>\n<meta property=\"og:site_name\" content=\"Per Se Nota | Danse th\u00e9rapie\" \/>\n<meta property=\"article:modified_time\" content=\"2025-01-02T18:09:48+00:00\" \/>\n<meta property=\"og:image\" content=\"https:\/\/formationdansetherapie.com\/wp-content\/uploads\/2024\/10\/journee-type-formation-danse-therapie-site.png\" \/>\n\t<meta property=\"og:image:width\" content=\"1240\" \/>\n\t<meta property=\"og:image:height\" content=\"1748\" \/>\n\t<meta property=\"og:image:type\" content=\"image\/png\" \/>\n<meta name=\"twitter:card\" content=\"summary_large_image\" \/>\n<meta name=\"twitter:label1\" content=\"Est. reading time\" \/>\n\t<meta name=\"twitter:data1\" content=\"2 minutes\" \/>\n<script type=\"application\/ld+json\" class=\"yoast-schema-graph\">{\"@context\":\"https:\/\/schema.org\",\"@graph\":[{\"@type\":\"WebPage\",\"@id\":\"https:\/\/formationdansetherapie.com\/journee-type-formation-ou-ateliers\/\",\"url\":\"https:\/\/formationdansetherapie.com\/journee-type-formation-ou-ateliers\/\",\"name\":\"Anne Raquin - Per Se Nota | Danse th\u00e9rapie\",\"isPartOf\":{\"@id\":\"https:\/\/formationdansetherapie.com\/#website\"},\"primaryImageOfPage\":{\"@id\":\"https:\/\/formationdansetherapie.com\/journee-type-formation-ou-ateliers\/#primaryimage\"},\"image\":{\"@id\":\"https:\/\/formationdansetherapie.com\/journee-type-formation-ou-ateliers\/#primaryimage\"},\"thumbnailUrl\":\"https:\/\/formationdansetherapie.com\/wp-content\/uploads\/2024\/10\/journee-type-formation-danse-therapie-site.png\",\"datePublished\":\"2024-10-07T15:11:35+00:00\",\"dateModified\":\"2025-01-02T18:09:48+00:00\",\"description\":\"D\u00e9couvrez notre \u00e9quipe de la formation en danse th\u00e9rapie Per se nota disponible et comp\u00e9tente et n'h\u00e9sitez pas \u00e0 les contacter!! - Anne Raquin\",\"breadcrumb\":{\"@id\":\"https:\/\/formationdansetherapie.com\/journee-type-formation-ou-ateliers\/#breadcrumb\"},\"inLanguage\":\"en-US\",\"potentialAction\":[{\"@type\":\"ReadAction\",\"target\":[\"https:\/\/formationdansetherapie.com\/journee-type-formation-ou-ateliers\/\"]}]},{\"@type\":\"ImageObject\",\"inLanguage\":\"en-US\",\"@id\":\"https:\/\/formationdansetherapie.com\/journee-type-formation-ou-ateliers\/#primaryimage\",\"url\":\"https:\/\/formationdansetherapie.com\/wp-content\/uploads\/2024\/10\/journee-type-formation-danse-therapie-site.png\",\"contentUrl\":\"https:\/\/formationdansetherapie.com\/wp-content\/uploads\/2024\/10\/journee-type-formation-danse-therapie-site.png\",\"width\":1240,\"height\":1748},{\"@type\":\"BreadcrumbList\",\"@id\":\"https:\/\/formationdansetherapie.com\/journee-type-formation-ou-ateliers\/#breadcrumb\",\"itemListElement\":[{\"@type\":\"ListItem\",\"position\":1,\"name\":\"Home\",\"item\":\"https:\/\/formationdansetherapie.com\/\"},{\"@type\":\"ListItem\",\"position\":2,\"name\":\"Journ\u00e9e type de formation ou atelier\"}]},{\"@type\":\"WebSite\",\"@id\":\"https:\/\/formationdansetherapie.com\/#website\",\"url\":\"https:\/\/formationdansetherapie.com\/\",\"name\":\"Per Se Nota | Danse th\u00e9rapie\",\"description\":\"Formation professionnelle danse th\u00e9rapie - professeur de danse th\u00e9rapie et danse th\u00e9rapeute\",\"potentialAction\":[{\"@type\":\"SearchAction\",\"target\":{\"@type\":\"EntryPoint\",\"urlTemplate\":\"https:\/\/formationdansetherapie.com\/?s={search_term_string}\"},\"query-input\":{\"@type\":\"PropertyValueSpecification\",\"valueRequired\":true,\"valueName\":\"search_term_string\"}}],\"inLanguage\":\"en-US\"}]}<\/script>\n<!-- \/ Yoast SEO Premium plugin. -->","yoast_head_json":{"title":"Anne Raquin - Per Se Nota | Danse th\u00e9rapie","description":"D\u00e9couvrez notre \u00e9quipe de la formation en danse th\u00e9rapie Per se nota disponible et comp\u00e9tente et n'h\u00e9sitez pas \u00e0 les contacter!! - Anne Raquin","robots":{"index":"index","follow":"follow","max-snippet":"max-snippet:-1","max-image-preview":"max-image-preview:large","max-video-preview":"max-video-preview:-1"},"canonical":"https:\/\/formationdansetherapie.com\/en\/journee-type-formation-ou-ateliers\/","og_locale":"en_US","og_type":"article","og_title":"Journ\u00e9e type de formation ou atelier","og_description":"D\u00e9couvrez notre \u00e9quipe de la formation en danse th\u00e9rapie Per se nota disponible et comp\u00e9tente et n'h\u00e9sitez pas \u00e0 les contacter!! - Anne Raquin","og_url":"https:\/\/formationdansetherapie.com\/en\/journee-type-formation-ou-ateliers\/","og_site_name":"Per Se Nota | Danse th\u00e9rapie","article_modified_time":"2025-01-02T18:09:48+00:00","og_image":[{"width":1240,"height":1748,"url":"https:\/\/formationdansetherapie.com\/wp-content\/uploads\/2024\/10\/journee-type-formation-danse-therapie-site.png","type":"image\/png"}],"twitter_card":"summary_large_image","twitter_misc":{"Est. reading time":"2 minutes"},"schema":{"@context":"https:\/\/schema.org","@graph":[{"@type":"WebPage","@id":"https:\/\/formationdansetherapie.com\/journee-type-formation-ou-ateliers\/","url":"https:\/\/formationdansetherapie.com\/journee-type-formation-ou-ateliers\/","name":"Anne Raquin - Per Se Nota | Danse th\u00e9rapie","isPartOf":{"@id":"https:\/\/formationdansetherapie.com\/#website"},"primaryImageOfPage":{"@id":"https:\/\/formationdansetherapie.com\/journee-type-formation-ou-ateliers\/#primaryimage"},"image":{"@id":"https:\/\/formationdansetherapie.com\/journee-type-formation-ou-ateliers\/#primaryimage"},"thumbnailUrl":"https:\/\/formationdansetherapie.com\/wp-content\/uploads\/2024\/10\/journee-type-formation-danse-therapie-site.png","datePublished":"2024-10-07T15:11:35+00:00","dateModified":"2025-01-02T18:09:48+00:00","description":"D\u00e9couvrez notre \u00e9quipe de la formation en danse th\u00e9rapie Per se nota disponible et comp\u00e9tente et n'h\u00e9sitez pas \u00e0 les contacter!! - Anne Raquin","breadcrumb":{"@id":"https:\/\/formationdansetherapie.com\/journee-type-formation-ou-ateliers\/#breadcrumb"},"inLanguage":"en-US","potentialAction":[{"@type":"ReadAction","target":["https:\/\/formationdansetherapie.com\/journee-type-formation-ou-ateliers\/"]}]},{"@type":"ImageObject","inLanguage":"en-US","@id":"https:\/\/formationdansetherapie.com\/journee-type-formation-ou-ateliers\/#primaryimage","url":"https:\/\/formationdansetherapie.com\/wp-content\/uploads\/2024\/10\/journee-type-formation-danse-therapie-site.png","contentUrl":"https:\/\/formationdansetherapie.com\/wp-content\/uploads\/2024\/10\/journee-type-formation-danse-therapie-site.png","width":1240,"height":1748},{"@type":"BreadcrumbList","@id":"https:\/\/formationdansetherapie.com\/journee-type-formation-ou-ateliers\/#breadcrumb","itemListElement":[{"@type":"ListItem","position":1,"name":"Home","item":"https:\/\/formationdansetherapie.com\/"},{"@type":"ListItem","position":2,"name":"Journ\u00e9e type de formation ou atelier"}]},{"@type":"WebSite","@id":"https:\/\/formationdansetherapie.com\/#website","url":"https:\/\/formationdansetherapie.com\/","name":"Per Se Nota | Dance therapy","description":"Formation professionnelle danse th\u00e9rapie - professeur de danse th\u00e9rapie et danse th\u00e9rapeute","potentialAction":[{"@type":"SearchAction","target":{"@type":"EntryPoint","urlTemplate":"https:\/\/formationdansetherapie.com\/?s={search_term_string}"},"query-input":{"@type":"PropertyValueSpecification","valueRequired":true,"valueName":"search_term_string"}}],"inLanguage":"en-US"}]}},"_links":{"self":[{"href":"https:\/\/formationdansetherapie.com\/en\/wp-json\/wp\/v2\/pages\/14843","targetHints":{"allow":["GET"]}}],"collection":[{"href":"https:\/\/formationdansetherapie.com\/en\/wp-json\/wp\/v2\/pages"}],"about":[{"href":"https:\/\/formationdansetherapie.com\/en\/wp-json\/wp\/v2\/types\/page"}],"author":[{"embeddable":true,"href":"https:\/\/formationdansetherapie.com\/en\/wp-json\/wp\/v2\/users\/1"}],"replies":[{"embeddable":true,"href":"https:\/\/formationdansetherapie.com\/en\/wp-json\/wp\/v2\/comments?post=14843"}],"version-history":[{"count":11,"href":"https:\/\/formationdansetherapie.com\/en\/wp-json\/wp\/v2\/pages\/14843\/revisions"}],"predecessor-version":[{"id":15555,"href":"https:\/\/formationdansetherapie.com\/en\/wp-json\/wp\/v2\/pages\/14843\/revisions\/15555"}],"wp:featuredmedia":[{"embeddable":true,"href":"https:\/\/formationdansetherapie.com\/en\/wp-json\/wp\/v2\/media\/14844"}],"wp:attachment":[{"href":"https:\/\/formationdansetherapie.com\/en\/wp-json\/wp\/v2\/media?parent=14843"}],"wp:term":[{"taxonomy":"post_tag","embeddable":true,"href":"https:\/\/formationdansetherapie.com\/en\/wp-json\/wp\/v2\/tags?post=14843"}],"curies":[{"name":"wp","href":"https:\/\/api.w.org\/{rel}","templated":true}]}}