{"id":14771,"date":"2024-10-05T07:13:32","date_gmt":"2024-10-05T05:13:32","guid":{"rendered":"https:\/\/formationdansetherapie.com\/?page_id=14771"},"modified":"2024-12-16T00:34:09","modified_gmt":"2024-12-15T23:34:09","slug":"anne-raquin","status":"publish","type":"page","link":"https:\/\/formationdansetherapie.com\/en\/anne-raquin\/","title":{"rendered":"Anne Raquin"},"content":{"rendered":"<style type=\"text\/css\"> \n#cmsmasters_row_69e1629d4a2907_41187409 { \n\tbackground-image: url(https:\/\/formationdansetherapie.com\/wp-content\/uploads\/2024\/10\/Bandeau-formation-equipe.png); \n\tbackground-position: center left; \n\tbackground-repeat: no-repeat; \n\tbackground-attachment: scroll; \n\tbackground-size: cover; \n} \n\n#cmsmasters_row_69e1629d4a2907_41187409 .cmsmasters_row_outer_parent { \n\tpadding-top: 90px; \n} \n\n#cmsmasters_row_69e1629d4a2907_41187409 .cmsmasters_row_outer_parent { \n\tpadding-bottom: 200px; \n} \n\n \n#cmsmasters_row_69e1629d4a6f10_24455441 .cmsmasters_row_outer_parent { \n\tpadding-top: 20px; \n} \n\n#cmsmasters_row_69e1629d4a6f10_24455441 .cmsmasters_row_outer_parent { \n\tpadding-bottom: 20px; \n} \n\n \n#cmsmasters_heading_69e1629d4a82e3_93144608 { \n\ttext-align:center; \n\tmargin-top:20px; \n\tmargin-bottom:20px; \n} \n\n#cmsmasters_heading_69e1629d4a82e3_93144608 .cmsmasters_heading { \n\ttext-align:center; \n} \n\n#cmsmasters_heading_69e1629d4a82e3_93144608 .cmsmasters_heading, #cmsmasters_heading_69e1629d4a82e3_93144608 .cmsmasters_heading a { \n\tfont-weight:normal; \n\tfont-style:normal; \n} \n\n#cmsmasters_heading_69e1629d4a82e3_93144608 .cmsmasters_heading_divider { \n} \n\n \n#cmsmasters_row_69e1629d4a8641_74261642 .cmsmasters_row_outer_parent { \n\tpadding-top: 0px; \n} \n\n#cmsmasters_row_69e1629d4a8641_74261642 .cmsmasters_row_outer_parent { \n\tpadding-bottom: 50px; \n} \n\n<\/style><div id=\"cmsmasters_row_69e1629d4a2907_41187409\" class=\"cmsmasters_row cmsmasters_color_scheme_default cmsmasters_row_top_default cmsmasters_row_bot_default cmsmasters_row_boxed\">\n<div class=\"cmsmasters_row_outer_parent\">\n<div class=\"cmsmasters_row_outer\">\n<div class=\"cmsmasters_row_inner\">\n<div class=\"cmsmasters_row_margin\">\n<div class=\"cmsmasters_column one_first\">\n<\/div>\n<\/div>\n<\/div>\n<\/div>\n<\/div>\n<\/div>\n<div id=\"cmsmasters_row_69e1629d4a6f10_24455441\" class=\"cmsmasters_row cmsmasters_color_scheme_default cmsmasters_row_top_default cmsmasters_row_bot_default cmsmasters_row_boxed\">\n<div class=\"cmsmasters_row_outer_parent\">\n<div class=\"cmsmasters_row_outer\">\n<div class=\"cmsmasters_row_inner\">\n<div class=\"cmsmasters_row_margin\">\n<div class=\"cmsmasters_column one_first\">\n\n<div id=\"cmsmasters_heading_69e1629d4a82e3_93144608\" class=\"cmsmasters_heading_wrap cmsmasters_heading_align_center\">\n\t<h1 class=\"cmsmasters_heading\">Psychologue formation Per se Nota\u00a9<\/h1>\n<\/div>\n<\/div>\n<\/div>\n<\/div>\n<\/div>\n<\/div>\n<\/div>\n<div id=\"cmsmasters_row_69e1629d4a8641_74261642\" class=\"cmsmasters_row cmsmasters_color_scheme_default cmsmasters_row_top_default cmsmasters_row_bot_default cmsmasters_row_boxed\">\n<div class=\"cmsmasters_row_outer_parent\">\n<div class=\"cmsmasters_row_outer\">\n<div class=\"cmsmasters_row_inner\">\n<div class=\"cmsmasters_row_margin\">\n<div class=\"cmsmasters_column one_half\">\n<div class=\"cmsmasters_text\">\n<h1>Une approche adapt\u00e9e \u00e0 la danse th\u00e9rapie<\/h1>\n<p><a href=\"https:\/\/formationdansetherapie.com\/en\/anne-raquin\/\"><strong>Anne Raquin<\/strong><\/a> pratique la <strong>psychanalyse int\u00e9grative<\/strong>. En effet, elle s&rsquo;appuie d&rsquo;abord sur une partie des bases th\u00e9oriques de la psychanalyse traditionnelle, puis elle int\u00e8gre aussi de <strong>nombreuses approches plus modernes<\/strong> (Th\u00e9rapie existentielle d&rsquo;Irvin Yalom, approches corporelles et \u00e9motionnelles de la th\u00e9rapie des Sch\u00e9mas et de la Gestalt Therapy). Cel\u00e0 lui permet ainsi de s&rsquo;adapter davantage \u00e0 la demande et la souffrance du patient \u00e0 l&rsquo;instant pr\u00e9sent.<\/p>\n<p>&nbsp;<\/p>\n<p>Anne offre une <strong>psychanalyse active<\/strong>\u00a0qui vise \u00e0 :<\/p>\n<ul>\n<li>proposer un\u00a0<strong>\u00e9change actif avec le patient<\/strong> o\u00f9 th\u00e9rapeute et client sont tous les deux engag\u00e9s dans le travail th\u00e9rapeutique<\/li>\n<li>pr\u00e9coniser des outils facilitant l&rsquo;activation des processus inconscients du patient pendant les s\u00e9ances et entre les s\u00e9ances<\/li>\n<\/ul>\n<p>&nbsp;<\/p>\n<p>&nbsp;<\/p>\n<div style=\"display: none;\">\n<h1>Une approche adapt\u00e9e \u00e0 la danse th\u00e9rapie<\/h1>\n<p><a href=\"https:\/\/formationdansetherapie.com\/en\/anne-raquin\/\"><strong>Anne Raquin<\/strong><\/a> pratique la <strong>psychanalyse int\u00e9grative<\/strong>. En effet, elle s&rsquo;appuie d&rsquo;abord sur une partie des bases th\u00e9oriques de la psychanalyse traditionnelle, puis elle int\u00e8gre aussi de <strong>nombreuses approches plus modernes<\/strong> (Th\u00e9rapie existentielle d&rsquo;Irvin Yalom, approches corporelles et \u00e9motionnelles de la th\u00e9rapie des Sch\u00e9mas et de la Gestalt Therapy). Cel\u00e0 lui permet ainsi de s&rsquo;adapter davantage \u00e0 la demande et la souffrance du patient \u00e0 l&rsquo;instant pr\u00e9sent.<\/p>\n<p>&nbsp;<\/p>\n<p>Anne offre une <strong>psychanalyse active<\/strong>\u00a0qui vise \u00e0 :<\/p>\n<ul>\n<li>proposer un\u00a0<strong>\u00e9change actif avec le patient<\/strong> o\u00f9 th\u00e9rapeute et client sont tous les deux engag\u00e9s dans le travail th\u00e9rapeutique<\/li>\n<li>pr\u00e9coniser des outils facilitant l&rsquo;activation des processus inconscients du patient pendant les s\u00e9ances et entre les s\u00e9ances<\/li>\n<\/ul>\n<\/div>\n<\/div>\n<\/div>\n<div class=\"cmsmasters_column one_half\">\n<div class=\"aligncenter\">\n<div class=\"cmsmasters_img  cmsmasters_image_c\">\n<a href=\"https:\/\/formationdansetherapie.com\/wp-content\/uploads\/2024\/10\/Anne-Raquin-Formation-Danse-therapie-Per-se-nota-1.png\"><img decoding=\"async\" src=\"https:\/\/formationdansetherapie.com\/wp-content\/uploads\/2024\/10\/Anne-Raquin-Formation-Danse-therapie-Per-se-nota-1.png\" alt=\"Anne Raquin\" \/><\/a>\n<\/div>\n<\/div>\n<\/div>\n<\/div>\n<\/div>\n<\/div>\n<\/div>\n<\/div>","protected":false},"excerpt":{"rendered":"","protected":false},"author":1,"featured_media":14736,"parent":0,"menu_order":0,"comment_status":"closed","ping_status":"closed","template":"","meta":{"_EventAllDay":false,"_EventTimezone":"","_EventStartDate":"","_EventEndDate":"","_EventStartDateUTC":"","_EventEndDateUTC":"","_EventShowMap":false,"_EventShowMapLink":false,"_EventURL":"","_EventCost":"","_EventCostDescription":"","_EventCurrencySymbol":"","_EventCurrencyCode":"","_EventCurrencyPosition":"","_EventDateTimeSeparator":"","_EventTimeRangeSeparator":"","_EventOrganizerID":[],"_EventVenueID":[],"_OrganizerEmail":"","_OrganizerPhone":"","_OrganizerWebsite":"","_VenueAddress":"","_VenueCity":"","_VenueCountry":"","_VenueProvince":"","_VenueState":"","_VenueZip":"","_VenuePhone":"","_VenueURL":"","_VenueStateProvince":"","_VenueLat":"","_VenueLng":"","_VenueShowMap":false,"_VenueShowMapLink":false,"footnotes":""},"tags":[],"class_list":["post-14771","page","type-page","status-publish","has-post-thumbnail","hentry"],"yoast_head":"<!-- This site is optimized with the Yoast SEO Premium plugin v23.8 (Yoast SEO v27.0) - https:\/\/yoast.com\/product\/yoast-seo-premium-wordpress\/ -->\n<title>Anne Raquin - Per Se Nota | Danse th\u00e9rapie<\/title>\n<meta name=\"description\" content=\"Anne Raquin est membre de l&#039;\u00e9quipe de formation en danse-th\u00e9rapie de Per se nota. Disponible et comp\u00e9tente, n&#039;h\u00e9sitez pas \u00e0 vous connecter !!\" \/>\n<meta name=\"robots\" content=\"index, follow, max-snippet:-1, max-image-preview:large, max-video-preview:-1\" \/>\n<link rel=\"canonical\" href=\"https:\/\/formationdansetherapie.com\/en\/anne-raquin\/\" \/>\n<meta property=\"og:locale\" content=\"en_US\" \/>\n<meta property=\"og:type\" content=\"article\" \/>\n<meta property=\"og:title\" content=\"Anne Raquin\" \/>\n<meta property=\"og:description\" content=\"Anne Raquin est membre de l&#039;\u00e9quipe de formation en danse-th\u00e9rapie de Per se nota. Disponible et comp\u00e9tente, n&#039;h\u00e9sitez pas \u00e0 vous connecter !!\" \/>\n<meta property=\"og:url\" content=\"https:\/\/formationdansetherapie.com\/en\/anne-raquin\/\" \/>\n<meta property=\"og:site_name\" content=\"Per Se Nota | Danse th\u00e9rapie\" \/>\n<meta property=\"article:modified_time\" content=\"2024-12-15T23:34:09+00:00\" \/>\n<meta property=\"og:image\" content=\"https:\/\/formationdansetherapie.com\/wp-content\/uploads\/2024\/10\/Anne-Raquin-Formation-Danse-therapie-Per-se-nota-1-726x1024.png\" \/>\n\t<meta property=\"og:image:width\" content=\"726\" \/>\n\t<meta property=\"og:image:height\" content=\"1024\" \/>\n\t<meta property=\"og:image:type\" content=\"image\/png\" \/>\n<meta name=\"twitter:card\" content=\"summary_large_image\" \/>\n<meta name=\"twitter:label1\" content=\"Est. reading time\" \/>\n\t<meta name=\"twitter:data1\" content=\"2 minutes\" \/>\n<script type=\"application\/ld+json\" class=\"yoast-schema-graph\">{\"@context\":\"https:\/\/schema.org\",\"@graph\":[{\"@type\":\"WebPage\",\"@id\":\"https:\/\/formationdansetherapie.com\/anne-raquin\/\",\"url\":\"https:\/\/formationdansetherapie.com\/anne-raquin\/\",\"name\":\"Anne Raquin - Per Se Nota | Danse th\u00e9rapie\",\"isPartOf\":{\"@id\":\"https:\/\/formationdansetherapie.com\/#website\"},\"primaryImageOfPage\":{\"@id\":\"https:\/\/formationdansetherapie.com\/anne-raquin\/#primaryimage\"},\"image\":{\"@id\":\"https:\/\/formationdansetherapie.com\/anne-raquin\/#primaryimage\"},\"thumbnailUrl\":\"https:\/\/formationdansetherapie.com\/wp-content\/uploads\/2024\/10\/Anne-Raquin-Formation-Danse-therapie-Per-se-nota-1.png\",\"datePublished\":\"2024-10-05T05:13:32+00:00\",\"dateModified\":\"2024-12-15T23:34:09+00:00\",\"description\":\"Anne Raquin est membre de l'\u00e9quipe de formation en danse-th\u00e9rapie de Per se nota. Disponible et comp\u00e9tente, n'h\u00e9sitez pas \u00e0 vous connecter !!\",\"breadcrumb\":{\"@id\":\"https:\/\/formationdansetherapie.com\/anne-raquin\/#breadcrumb\"},\"inLanguage\":\"en-US\",\"potentialAction\":[{\"@type\":\"ReadAction\",\"target\":[\"https:\/\/formationdansetherapie.com\/anne-raquin\/\"]}]},{\"@type\":\"ImageObject\",\"inLanguage\":\"en-US\",\"@id\":\"https:\/\/formationdansetherapie.com\/anne-raquin\/#primaryimage\",\"url\":\"https:\/\/formationdansetherapie.com\/wp-content\/uploads\/2024\/10\/Anne-Raquin-Formation-Danse-therapie-Per-se-nota-1.png\",\"contentUrl\":\"https:\/\/formationdansetherapie.com\/wp-content\/uploads\/2024\/10\/Anne-Raquin-Formation-Danse-therapie-Per-se-nota-1.png\",\"width\":1240,\"height\":1748,\"caption\":\"Anne Raquin\"},{\"@type\":\"BreadcrumbList\",\"@id\":\"https:\/\/formationdansetherapie.com\/anne-raquin\/#breadcrumb\",\"itemListElement\":[{\"@type\":\"ListItem\",\"position\":1,\"name\":\"Home\",\"item\":\"https:\/\/formationdansetherapie.com\/\"},{\"@type\":\"ListItem\",\"position\":2,\"name\":\"Anne Raquin\"}]},{\"@type\":\"WebSite\",\"@id\":\"https:\/\/formationdansetherapie.com\/#website\",\"url\":\"https:\/\/formationdansetherapie.com\/\",\"name\":\"Per Se Nota | Danse th\u00e9rapie\",\"description\":\"Formation professionnelle danse th\u00e9rapie - professeur de danse th\u00e9rapie et danse th\u00e9rapeute\",\"potentialAction\":[{\"@type\":\"SearchAction\",\"target\":{\"@type\":\"EntryPoint\",\"urlTemplate\":\"https:\/\/formationdansetherapie.com\/?s={search_term_string}\"},\"query-input\":{\"@type\":\"PropertyValueSpecification\",\"valueRequired\":true,\"valueName\":\"search_term_string\"}}],\"inLanguage\":\"en-US\"}]}<\/script>\n<!-- \/ Yoast SEO Premium plugin. -->","yoast_head_json":{"title":"Anne Raquin - Per Se Nota | Danse th\u00e9rapie","description":"Anne Raquin est membre de l'\u00e9quipe de formation en danse-th\u00e9rapie de Per se nota. Disponible et comp\u00e9tente, n'h\u00e9sitez pas \u00e0 vous connecter !!","robots":{"index":"index","follow":"follow","max-snippet":"max-snippet:-1","max-image-preview":"max-image-preview:large","max-video-preview":"max-video-preview:-1"},"canonical":"https:\/\/formationdansetherapie.com\/en\/anne-raquin\/","og_locale":"en_US","og_type":"article","og_title":"Anne Raquin","og_description":"Anne Raquin est membre de l'\u00e9quipe de formation en danse-th\u00e9rapie de Per se nota. Disponible et comp\u00e9tente, n'h\u00e9sitez pas \u00e0 vous connecter !!","og_url":"https:\/\/formationdansetherapie.com\/en\/anne-raquin\/","og_site_name":"Per Se Nota | Danse th\u00e9rapie","article_modified_time":"2024-12-15T23:34:09+00:00","og_image":[{"width":726,"height":1024,"url":"https:\/\/formationdansetherapie.com\/wp-content\/uploads\/2024\/10\/Anne-Raquin-Formation-Danse-therapie-Per-se-nota-1-726x1024.png","type":"image\/png"}],"twitter_card":"summary_large_image","twitter_misc":{"Est. reading time":"2 minutes"},"schema":{"@context":"https:\/\/schema.org","@graph":[{"@type":"WebPage","@id":"https:\/\/formationdansetherapie.com\/anne-raquin\/","url":"https:\/\/formationdansetherapie.com\/anne-raquin\/","name":"Anne Raquin - Per Se Nota | Danse th\u00e9rapie","isPartOf":{"@id":"https:\/\/formationdansetherapie.com\/#website"},"primaryImageOfPage":{"@id":"https:\/\/formationdansetherapie.com\/anne-raquin\/#primaryimage"},"image":{"@id":"https:\/\/formationdansetherapie.com\/anne-raquin\/#primaryimage"},"thumbnailUrl":"https:\/\/formationdansetherapie.com\/wp-content\/uploads\/2024\/10\/Anne-Raquin-Formation-Danse-therapie-Per-se-nota-1.png","datePublished":"2024-10-05T05:13:32+00:00","dateModified":"2024-12-15T23:34:09+00:00","description":"Anne Raquin est membre de l'\u00e9quipe de formation en danse-th\u00e9rapie de Per se nota. Disponible et comp\u00e9tente, n'h\u00e9sitez pas \u00e0 vous connecter !!","breadcrumb":{"@id":"https:\/\/formationdansetherapie.com\/anne-raquin\/#breadcrumb"},"inLanguage":"en-US","potentialAction":[{"@type":"ReadAction","target":["https:\/\/formationdansetherapie.com\/anne-raquin\/"]}]},{"@type":"ImageObject","inLanguage":"en-US","@id":"https:\/\/formationdansetherapie.com\/anne-raquin\/#primaryimage","url":"https:\/\/formationdansetherapie.com\/wp-content\/uploads\/2024\/10\/Anne-Raquin-Formation-Danse-therapie-Per-se-nota-1.png","contentUrl":"https:\/\/formationdansetherapie.com\/wp-content\/uploads\/2024\/10\/Anne-Raquin-Formation-Danse-therapie-Per-se-nota-1.png","width":1240,"height":1748,"caption":"Anne Raquin"},{"@type":"BreadcrumbList","@id":"https:\/\/formationdansetherapie.com\/anne-raquin\/#breadcrumb","itemListElement":[{"@type":"ListItem","position":1,"name":"Home","item":"https:\/\/formationdansetherapie.com\/"},{"@type":"ListItem","position":2,"name":"Anne Raquin"}]},{"@type":"WebSite","@id":"https:\/\/formationdansetherapie.com\/#website","url":"https:\/\/formationdansetherapie.com\/","name":"Per Se Nota | Dance therapy","description":"Formation professionnelle danse th\u00e9rapie - professeur de danse th\u00e9rapie et danse th\u00e9rapeute","potentialAction":[{"@type":"SearchAction","target":{"@type":"EntryPoint","urlTemplate":"https:\/\/formationdansetherapie.com\/?s={search_term_string}"},"query-input":{"@type":"PropertyValueSpecification","valueRequired":true,"valueName":"search_term_string"}}],"inLanguage":"en-US"}]}},"_links":{"self":[{"href":"https:\/\/formationdansetherapie.com\/en\/wp-json\/wp\/v2\/pages\/14771","targetHints":{"allow":["GET"]}}],"collection":[{"href":"https:\/\/formationdansetherapie.com\/en\/wp-json\/wp\/v2\/pages"}],"about":[{"href":"https:\/\/formationdansetherapie.com\/en\/wp-json\/wp\/v2\/types\/page"}],"author":[{"embeddable":true,"href":"https:\/\/formationdansetherapie.com\/en\/wp-json\/wp\/v2\/users\/1"}],"replies":[{"embeddable":true,"href":"https:\/\/formationdansetherapie.com\/en\/wp-json\/wp\/v2\/comments?post=14771"}],"version-history":[{"count":25,"href":"https:\/\/formationdansetherapie.com\/en\/wp-json\/wp\/v2\/pages\/14771\/revisions"}],"predecessor-version":[{"id":15270,"href":"https:\/\/formationdansetherapie.com\/en\/wp-json\/wp\/v2\/pages\/14771\/revisions\/15270"}],"wp:featuredmedia":[{"embeddable":true,"href":"https:\/\/formationdansetherapie.com\/en\/wp-json\/wp\/v2\/media\/14736"}],"wp:attachment":[{"href":"https:\/\/formationdansetherapie.com\/en\/wp-json\/wp\/v2\/media?parent=14771"}],"wp:term":[{"taxonomy":"post_tag","embeddable":true,"href":"https:\/\/formationdansetherapie.com\/en\/wp-json\/wp\/v2\/tags?post=14771"}],"curies":[{"name":"wp","href":"https:\/\/api.w.org\/{rel}","templated":true}]}}