{"id":14765,"date":"2024-10-05T07:00:07","date_gmt":"2024-10-05T05:00:07","guid":{"rendered":"https:\/\/formationdansetherapie.com\/?page_id=14765"},"modified":"2025-04-16T15:01:52","modified_gmt":"2025-04-16T13:01:52","slug":"joelle-hottlet","status":"publish","type":"page","link":"https:\/\/formationdansetherapie.com\/en\/joelle-hottlet\/","title":{"rendered":"Joelle Hottlet"},"content":{"rendered":"<style type=\"text\/css\"> \n#cmsmasters_row_69e16272266372_98090092 { \n\tbackground-image: url(https:\/\/formationdansetherapie.com\/wp-content\/uploads\/2024\/10\/Bandeau-formation-equipe.png); \n\tbackground-position: center left; \n\tbackground-repeat: no-repeat; \n\tbackground-attachment: scroll; \n\tbackground-size: cover; \n} \n\n#cmsmasters_row_69e16272266372_98090092 .cmsmasters_row_outer_parent { \n\tpadding-top: 90px; \n} \n\n#cmsmasters_row_69e16272266372_98090092 .cmsmasters_row_outer_parent { \n\tpadding-bottom: 200px; \n} \n\n \n#cmsmasters_row_69e1627226bb55_35400909 .cmsmasters_row_outer_parent { \n\tpadding-top: 20px; \n} \n\n#cmsmasters_row_69e1627226bb55_35400909 .cmsmasters_row_outer_parent { \n\tpadding-bottom: 20px; \n} \n\n \n#cmsmasters_heading_69e1627226ea40_32210589 { \n\ttext-align:center; \n\tmargin-top:20px; \n\tmargin-bottom:20px; \n} \n\n#cmsmasters_heading_69e1627226ea40_32210589 .cmsmasters_heading { \n\ttext-align:center; \n} \n\n#cmsmasters_heading_69e1627226ea40_32210589 .cmsmasters_heading, #cmsmasters_heading_69e1627226ea40_32210589 .cmsmasters_heading a { \n\tfont-weight:normal; \n\tfont-style:normal; \n} \n\n#cmsmasters_heading_69e1627226ea40_32210589 .cmsmasters_heading_divider { \n} \n\n \n#cmsmasters_row_69e1627226f019_80351379 .cmsmasters_row_outer_parent { \n\tpadding-top: 0px; \n} \n\n#cmsmasters_row_69e1627226f019_80351379 .cmsmasters_row_outer_parent { \n\tpadding-bottom: 50px; \n} \n\n<\/style><div id=\"cmsmasters_row_69e16272266372_98090092\" class=\"cmsmasters_row cmsmasters_color_scheme_default cmsmasters_row_top_default cmsmasters_row_bot_default cmsmasters_row_boxed\">\n<div class=\"cmsmasters_row_outer_parent\">\n<div class=\"cmsmasters_row_outer\">\n<div class=\"cmsmasters_row_inner\">\n<div class=\"cmsmasters_row_margin\">\n<div class=\"cmsmasters_column one_first\">\n<\/div>\n<\/div>\n<\/div>\n<\/div>\n<\/div>\n<\/div>\n<div id=\"cmsmasters_row_69e1627226bb55_35400909\" class=\"cmsmasters_row cmsmasters_color_scheme_default cmsmasters_row_top_default cmsmasters_row_bot_default cmsmasters_row_boxed\">\n<div class=\"cmsmasters_row_outer_parent\">\n<div class=\"cmsmasters_row_outer\">\n<div class=\"cmsmasters_row_inner\">\n<div class=\"cmsmasters_row_margin\">\n<div class=\"cmsmasters_column one_first\">\n\n<div id=\"cmsmasters_heading_69e1627226ea40_32210589\" class=\"cmsmasters_heading_wrap cmsmasters_heading_align_center\">\n\t<h2 class=\"cmsmasters_heading\">Formatrice et directrice financi\u00e8re <\/h2>\n<\/div>\n<\/div>\n<\/div>\n<\/div>\n<\/div>\n<\/div>\n<\/div>\n<div id=\"cmsmasters_row_69e1627226f019_80351379\" class=\"cmsmasters_row cmsmasters_color_scheme_default cmsmasters_row_top_default cmsmasters_row_bot_default cmsmasters_row_boxed\">\n<div class=\"cmsmasters_row_outer_parent\">\n<div class=\"cmsmasters_row_outer\">\n<div class=\"cmsmasters_row_inner\">\n<div class=\"cmsmasters_row_margin\">\n<div class=\"cmsmasters_column one_half\">\n<div class=\"cmsmasters_text\">\n<h2>Pharmacienne<\/h2>\n<p><a href=\"https:\/\/formationdansetherapie.com\/en\/joelle-hottlet\/\">Jo\u00eblle Hottlet<\/a> est une femme passionn\u00e9e le mouvement, la sant\u00e9 et le bien-\u00eatre. Son parcours atypique l&rsquo;a conduite \u00e0 explorer diff\u00e9rentes facettes de ses passions. Longtemps pharmacienne, elle a choisi de se r\u00e9orienter et de se former en yoga et en danse th\u00e9rapie. Parall\u00e8lement, elle a cofond\u00e9 une \u00e9cole alternative.<\/p>\n<p><span style=\"font-weight: 400;\">N\u00e9e au Canada, Jo\u00eblle a pass\u00e9 son adolescence aux \u00c9tats-Unis avant de revenir faire ses \u00e9tudes de pharmacie \u00e0 Paris. Travailler en officine a longtemps \u00e9t\u00e9 pour elle source de plaisir et d&rsquo;\u00e9panouissement, apportant conseils et soutien \u00e0 sa communaut\u00e9.\u00a0<\/span><\/p>\n<\/div>\n<div class=\"cmsmasters_text\">\n<h2>Reconversion professionnelle<\/h2>\n<p><span style=\"font-weight: 400;\">Cependant, Jo\u00eblle a fini par ressentir un sentiment d&rsquo;inaccomplissement coupl\u00e9 \u00e0 une douloureuse perte de sens dans son m\u00e9tier. La d\u00e9couverte du yoga et la pratique intensive qui a suivi lui ont permis de faire le pas de la r\u00e9orientation professionnelle. Se former dans cette discipline et la partager aux autres pour am\u00e9liorer la sant\u00e9, aussi bien physique que psychologique, ont \u00e9t\u00e9 un v\u00e9ritable soutien dans ce parcours pas toujours facile.\u00a0<\/span><\/p>\n<p><span style=\"font-weight: 400;\">L&rsquo;autre moteur a \u00e9t\u00e9 la rencontre avec des femmes qui, comme elle, \u00e9tait en qu\u00eate d&rsquo;\u00e9cole alternative pour leurs enfants. Ensemble, elles ont d\u00e9cid\u00e9 de cr\u00e9er une \u00e9cole o\u00f9 l&rsquo;enfant serait au centre de ses apprentissages, avec la libert\u00e9 d&rsquo;explorer et de d\u00e9velopper ses talents naturels. Cette incroyable exp\u00e9rience a nourri un besoin de partage, d&rsquo;apprendre, de donner et de recevoir au centuple dans de nombreux domaines, de l&rsquo;intelligence collective \u00e0 la gouvernance partag\u00e9e, de l&rsquo;enseignement des maths aux ateliers sur les \u00e9motions, en passant par la formation en communication non violente et au suivi des finances de l&rsquo;association.<\/span><\/p>\n<\/div>\n<\/div>\n<div class=\"cmsmasters_column one_half\">\n<div class=\"aligncenter\">\n<div class=\"cmsmasters_img  cmsmasters_image_c\">\n<a href=\"https:\/\/formationdansetherapie.com\/wp-content\/uploads\/2024\/10\/Joelle-Hottlet-Formation-Danse-therapie-Per-se-nota.png\"><img decoding=\"async\" src=\"https:\/\/formationdansetherapie.com\/wp-content\/uploads\/2024\/10\/Joelle-Hottlet-Formation-Danse-therapie-Per-se-nota.png\" alt=\"Pascale Saly Giocanti\" \/><\/a>\n<\/div>\n<\/div>\n<div class=\"cmsmasters_text\">\n<h1><\/h1>\n<h2>Danse th\u00e9rapeute et formatrice \u00e0 Per se Nota\u00a9<\/h2>\n<p>La rencontre de la danse th\u00e9rapie a \u00e9t\u00e9 une v\u00e9ritable r\u00e9v\u00e9lation dans son parcours. L&rsquo;alliance entre le mouvement et la sant\u00e9, l&rsquo;expression par la danse de tout ce que le corps souhaite exprimer, parfois depuis tr\u00e8s longtemps, la respiration, l&rsquo;\u00e9coute de soi et le partage avec des mots.\u00a0Jo\u00eblle a suivi la formation Per se Nota\u00a9 en 2019, et \u0153uvre depuis 2022 aux c\u00f4t\u00e9s de Pascale Saly-Giocanti et l&rsquo;association Para la Salsa pour promouvoir son d\u00e9veloppement.<\/p>\n<p><span style=\"font-weight: 400;\">Aujourd&rsquo;hui, Jo\u00eblle dispense des s\u00e9ances r\u00e9guli\u00e8res de danse th\u00e9rapie au sein l\u2019\u00e9cole de danse et anime certains modules de la formation, seule ou avec Pascale. Elle est<\/span><span style=\"font-weight: 400;\"> \u00e9galement collaboratrice au sein de l&rsquo;association, financi\u00e8re et administrative. Elle est convaincue que la p\u00e9dagogie, la danse et la connaissance du corps sont des cl\u00e9s essentielles pour permettre \u00e0 chacun de s&rsquo;\u00e9panouir et de d\u00e9velopper son plein potentiel. Sa passion et son d\u00e9vouement sont une source d&rsquo;inspiration pour tous ceux qui croisent son chemin, et son influence dans le domaine de l&rsquo;\u00e9ducation alternative ne cesse de cro\u00eetre.<\/span><\/p>\n<div style=\"display: none;\">\n<h2>joelle hottlet<\/h2>\n<\/div>\n<\/div>\n<\/div>\n<\/div>\n<\/div>\n<\/div>\n<\/div>\n<\/div>","protected":false},"excerpt":{"rendered":"","protected":false},"author":1,"featured_media":14738,"parent":0,"menu_order":0,"comment_status":"closed","ping_status":"closed","template":"","meta":{"_EventAllDay":false,"_EventTimezone":"","_EventStartDate":"","_EventEndDate":"","_EventStartDateUTC":"","_EventEndDateUTC":"","_EventShowMap":false,"_EventShowMapLink":false,"_EventURL":"","_EventCost":"","_EventCostDescription":"","_EventCurrencySymbol":"","_EventCurrencyCode":"","_EventCurrencyPosition":"","_EventDateTimeSeparator":"","_EventTimeRangeSeparator":"","_EventOrganizerID":[],"_EventVenueID":[],"_OrganizerEmail":"","_OrganizerPhone":"","_OrganizerWebsite":"","_VenueAddress":"","_VenueCity":"","_VenueCountry":"","_VenueProvince":"","_VenueState":"","_VenueZip":"","_VenuePhone":"","_VenueURL":"","_VenueStateProvince":"","_VenueLat":"","_VenueLng":"","_VenueShowMap":false,"_VenueShowMapLink":false,"footnotes":""},"tags":[],"class_list":["post-14765","page","type-page","status-publish","has-post-thumbnail","hentry"],"yoast_head":"<!-- This site is optimized with the Yoast SEO Premium plugin v23.8 (Yoast SEO v27.0) - https:\/\/yoast.com\/product\/yoast-seo-premium-wordpress\/ -->\n<title>Joelle Hottlet - Per Se Nota | Danse th\u00e9rapie<\/title>\n<meta name=\"description\" content=\"D\u00e9couvrez notre \u00e9quipe de la formation en danse th\u00e9rapie Per se nota disponible et comp\u00e9tente et n&#039;h\u00e9sitez pas \u00e0 les contacter! Joelle Hottlet\" \/>\n<meta name=\"robots\" content=\"index, follow, max-snippet:-1, max-image-preview:large, max-video-preview:-1\" \/>\n<link rel=\"canonical\" href=\"https:\/\/formationdansetherapie.com\/en\/joelle-hottlet\/\" \/>\n<meta property=\"og:locale\" content=\"en_US\" \/>\n<meta property=\"og:type\" content=\"article\" \/>\n<meta property=\"og:title\" content=\"Joelle Hottlet\" \/>\n<meta property=\"og:description\" content=\"D\u00e9couvrez notre \u00e9quipe de la formation en danse th\u00e9rapie Per se nota disponible et comp\u00e9tente et n&#039;h\u00e9sitez pas \u00e0 les contacter! Joelle Hottlet\" \/>\n<meta property=\"og:url\" content=\"https:\/\/formationdansetherapie.com\/en\/joelle-hottlet\/\" \/>\n<meta property=\"og:site_name\" content=\"Per Se Nota | Danse th\u00e9rapie\" \/>\n<meta property=\"article:modified_time\" content=\"2025-04-16T13:01:52+00:00\" \/>\n<meta property=\"og:image\" content=\"https:\/\/formationdansetherapie.com\/wp-content\/uploads\/2024\/10\/Joelle-Hottlet-Formation-Danse-therapie-Per-se-nota-726x1024.png\" \/>\n\t<meta property=\"og:image:width\" content=\"726\" \/>\n\t<meta property=\"og:image:height\" content=\"1024\" \/>\n\t<meta property=\"og:image:type\" content=\"image\/png\" \/>\n<meta name=\"twitter:card\" content=\"summary_large_image\" \/>\n<meta name=\"twitter:label1\" content=\"Est. reading time\" \/>\n\t<meta name=\"twitter:data1\" content=\"2 minutes\" \/>\n<script type=\"application\/ld+json\" class=\"yoast-schema-graph\">{\"@context\":\"https:\/\/schema.org\",\"@graph\":[{\"@type\":\"WebPage\",\"@id\":\"https:\/\/formationdansetherapie.com\/joelle-hottlet\/\",\"url\":\"https:\/\/formationdansetherapie.com\/joelle-hottlet\/\",\"name\":\"Joelle Hottlet - Per Se Nota | Danse th\u00e9rapie\",\"isPartOf\":{\"@id\":\"https:\/\/formationdansetherapie.com\/#website\"},\"primaryImageOfPage\":{\"@id\":\"https:\/\/formationdansetherapie.com\/joelle-hottlet\/#primaryimage\"},\"image\":{\"@id\":\"https:\/\/formationdansetherapie.com\/joelle-hottlet\/#primaryimage\"},\"thumbnailUrl\":\"https:\/\/formationdansetherapie.com\/wp-content\/uploads\/2024\/10\/Joelle-Hottlet-Formation-Danse-therapie-Per-se-nota.png\",\"datePublished\":\"2024-10-05T05:00:07+00:00\",\"dateModified\":\"2025-04-16T13:01:52+00:00\",\"description\":\"D\u00e9couvrez notre \u00e9quipe de la formation en danse th\u00e9rapie Per se nota disponible et comp\u00e9tente et n'h\u00e9sitez pas \u00e0 les contacter! Joelle Hottlet\",\"breadcrumb\":{\"@id\":\"https:\/\/formationdansetherapie.com\/joelle-hottlet\/#breadcrumb\"},\"inLanguage\":\"en-US\",\"potentialAction\":[{\"@type\":\"ReadAction\",\"target\":[\"https:\/\/formationdansetherapie.com\/joelle-hottlet\/\"]}]},{\"@type\":\"ImageObject\",\"inLanguage\":\"en-US\",\"@id\":\"https:\/\/formationdansetherapie.com\/joelle-hottlet\/#primaryimage\",\"url\":\"https:\/\/formationdansetherapie.com\/wp-content\/uploads\/2024\/10\/Joelle-Hottlet-Formation-Danse-therapie-Per-se-nota.png\",\"contentUrl\":\"https:\/\/formationdansetherapie.com\/wp-content\/uploads\/2024\/10\/Joelle-Hottlet-Formation-Danse-therapie-Per-se-nota.png\",\"width\":1240,\"height\":1748,\"caption\":\"Pascale Saly Giocanti\"},{\"@type\":\"BreadcrumbList\",\"@id\":\"https:\/\/formationdansetherapie.com\/joelle-hottlet\/#breadcrumb\",\"itemListElement\":[{\"@type\":\"ListItem\",\"position\":1,\"name\":\"Home\",\"item\":\"https:\/\/formationdansetherapie.com\/\"},{\"@type\":\"ListItem\",\"position\":2,\"name\":\"Joelle Hottlet\"}]},{\"@type\":\"WebSite\",\"@id\":\"https:\/\/formationdansetherapie.com\/#website\",\"url\":\"https:\/\/formationdansetherapie.com\/\",\"name\":\"Per Se Nota | Danse th\u00e9rapie\",\"description\":\"Formation professionnelle danse th\u00e9rapie - professeur de danse th\u00e9rapie et danse th\u00e9rapeute\",\"potentialAction\":[{\"@type\":\"SearchAction\",\"target\":{\"@type\":\"EntryPoint\",\"urlTemplate\":\"https:\/\/formationdansetherapie.com\/?s={search_term_string}\"},\"query-input\":{\"@type\":\"PropertyValueSpecification\",\"valueRequired\":true,\"valueName\":\"search_term_string\"}}],\"inLanguage\":\"en-US\"}]}<\/script>\n<!-- \/ Yoast SEO Premium plugin. -->","yoast_head_json":{"title":"Joelle Hottlet - Per Se Nota | Danse th\u00e9rapie","description":"D\u00e9couvrez notre \u00e9quipe de la formation en danse th\u00e9rapie Per se nota disponible et comp\u00e9tente et n'h\u00e9sitez pas \u00e0 les contacter! Joelle Hottlet","robots":{"index":"index","follow":"follow","max-snippet":"max-snippet:-1","max-image-preview":"max-image-preview:large","max-video-preview":"max-video-preview:-1"},"canonical":"https:\/\/formationdansetherapie.com\/en\/joelle-hottlet\/","og_locale":"en_US","og_type":"article","og_title":"Joelle Hottlet","og_description":"D\u00e9couvrez notre \u00e9quipe de la formation en danse th\u00e9rapie Per se nota disponible et comp\u00e9tente et n'h\u00e9sitez pas \u00e0 les contacter! Joelle Hottlet","og_url":"https:\/\/formationdansetherapie.com\/en\/joelle-hottlet\/","og_site_name":"Per Se Nota | Danse th\u00e9rapie","article_modified_time":"2025-04-16T13:01:52+00:00","og_image":[{"width":726,"height":1024,"url":"https:\/\/formationdansetherapie.com\/wp-content\/uploads\/2024\/10\/Joelle-Hottlet-Formation-Danse-therapie-Per-se-nota-726x1024.png","type":"image\/png"}],"twitter_card":"summary_large_image","twitter_misc":{"Est. reading time":"2 minutes"},"schema":{"@context":"https:\/\/schema.org","@graph":[{"@type":"WebPage","@id":"https:\/\/formationdansetherapie.com\/joelle-hottlet\/","url":"https:\/\/formationdansetherapie.com\/joelle-hottlet\/","name":"Joelle Hottlet - Per Se Nota | Danse th\u00e9rapie","isPartOf":{"@id":"https:\/\/formationdansetherapie.com\/#website"},"primaryImageOfPage":{"@id":"https:\/\/formationdansetherapie.com\/joelle-hottlet\/#primaryimage"},"image":{"@id":"https:\/\/formationdansetherapie.com\/joelle-hottlet\/#primaryimage"},"thumbnailUrl":"https:\/\/formationdansetherapie.com\/wp-content\/uploads\/2024\/10\/Joelle-Hottlet-Formation-Danse-therapie-Per-se-nota.png","datePublished":"2024-10-05T05:00:07+00:00","dateModified":"2025-04-16T13:01:52+00:00","description":"D\u00e9couvrez notre \u00e9quipe de la formation en danse th\u00e9rapie Per se nota disponible et comp\u00e9tente et n'h\u00e9sitez pas \u00e0 les contacter! Joelle Hottlet","breadcrumb":{"@id":"https:\/\/formationdansetherapie.com\/joelle-hottlet\/#breadcrumb"},"inLanguage":"en-US","potentialAction":[{"@type":"ReadAction","target":["https:\/\/formationdansetherapie.com\/joelle-hottlet\/"]}]},{"@type":"ImageObject","inLanguage":"en-US","@id":"https:\/\/formationdansetherapie.com\/joelle-hottlet\/#primaryimage","url":"https:\/\/formationdansetherapie.com\/wp-content\/uploads\/2024\/10\/Joelle-Hottlet-Formation-Danse-therapie-Per-se-nota.png","contentUrl":"https:\/\/formationdansetherapie.com\/wp-content\/uploads\/2024\/10\/Joelle-Hottlet-Formation-Danse-therapie-Per-se-nota.png","width":1240,"height":1748,"caption":"Pascale Saly Giocanti"},{"@type":"BreadcrumbList","@id":"https:\/\/formationdansetherapie.com\/joelle-hottlet\/#breadcrumb","itemListElement":[{"@type":"ListItem","position":1,"name":"Home","item":"https:\/\/formationdansetherapie.com\/"},{"@type":"ListItem","position":2,"name":"Joelle Hottlet"}]},{"@type":"WebSite","@id":"https:\/\/formationdansetherapie.com\/#website","url":"https:\/\/formationdansetherapie.com\/","name":"Per Se Nota | Dance therapy","description":"Formation professionnelle danse th\u00e9rapie - professeur de danse th\u00e9rapie et danse th\u00e9rapeute","potentialAction":[{"@type":"SearchAction","target":{"@type":"EntryPoint","urlTemplate":"https:\/\/formationdansetherapie.com\/?s={search_term_string}"},"query-input":{"@type":"PropertyValueSpecification","valueRequired":true,"valueName":"search_term_string"}}],"inLanguage":"en-US"}]}},"_links":{"self":[{"href":"https:\/\/formationdansetherapie.com\/en\/wp-json\/wp\/v2\/pages\/14765","targetHints":{"allow":["GET"]}}],"collection":[{"href":"https:\/\/formationdansetherapie.com\/en\/wp-json\/wp\/v2\/pages"}],"about":[{"href":"https:\/\/formationdansetherapie.com\/en\/wp-json\/wp\/v2\/types\/page"}],"author":[{"embeddable":true,"href":"https:\/\/formationdansetherapie.com\/en\/wp-json\/wp\/v2\/users\/1"}],"replies":[{"embeddable":true,"href":"https:\/\/formationdansetherapie.com\/en\/wp-json\/wp\/v2\/comments?post=14765"}],"version-history":[{"count":11,"href":"https:\/\/formationdansetherapie.com\/en\/wp-json\/wp\/v2\/pages\/14765\/revisions"}],"predecessor-version":[{"id":16236,"href":"https:\/\/formationdansetherapie.com\/en\/wp-json\/wp\/v2\/pages\/14765\/revisions\/16236"}],"wp:featuredmedia":[{"embeddable":true,"href":"https:\/\/formationdansetherapie.com\/en\/wp-json\/wp\/v2\/media\/14738"}],"wp:attachment":[{"href":"https:\/\/formationdansetherapie.com\/en\/wp-json\/wp\/v2\/media?parent=14765"}],"wp:term":[{"taxonomy":"post_tag","embeddable":true,"href":"https:\/\/formationdansetherapie.com\/en\/wp-json\/wp\/v2\/tags?post=14765"}],"curies":[{"name":"wp","href":"https:\/\/api.w.org\/{rel}","templated":true}]}}