{"id":14727,"date":"2024-10-04T19:03:11","date_gmt":"2024-10-04T17:03:11","guid":{"rendered":"https:\/\/formationdansetherapie.com\/?page_id=14727"},"modified":"2025-01-11T13:24:49","modified_gmt":"2025-01-11T12:24:49","slug":"per-se-nota-saly-giocanti-pascale","status":"publish","type":"page","link":"https:\/\/formationdansetherapie.com\/en\/per-se-nota-saly-giocanti-pascale\/","title":{"rendered":"Pascale Saly Giocanti"},"content":{"rendered":"<style type=\"text\/css\"> \n#cmsmasters_row_69e161e7494027_03084911 { \n\tbackground-image: url(https:\/\/formationdansetherapie.com\/wp-content\/uploads\/2024\/10\/Bandeau-formation-equipe.png); \n\tbackground-position: center left; \n\tbackground-repeat: no-repeat; \n\tbackground-attachment: scroll; \n\tbackground-size: cover; \n} \n\n#cmsmasters_row_69e161e7494027_03084911 .cmsmasters_row_outer_parent { \n\tpadding-top: 90px; \n} \n\n#cmsmasters_row_69e161e7494027_03084911 .cmsmasters_row_outer_parent { \n\tpadding-bottom: 200px; \n} \n\n \n#cmsmasters_row_69e161e7496ee2_58476086 .cmsmasters_row_outer_parent { \n\tpadding-top: 20px; \n} \n\n#cmsmasters_row_69e161e7496ee2_58476086 .cmsmasters_row_outer_parent { \n\tpadding-bottom: 20px; \n} \n\n \n#cmsmasters_heading_69e161e7498557_55201410 { \n\ttext-align:center; \n\tmargin-top:20px; \n\tmargin-bottom:20px; \n} \n\n#cmsmasters_heading_69e161e7498557_55201410 .cmsmasters_heading { \n\ttext-align:center; \n} \n\n#cmsmasters_heading_69e161e7498557_55201410 .cmsmasters_heading, #cmsmasters_heading_69e161e7498557_55201410 .cmsmasters_heading a { \n\tfont-weight:normal; \n\tfont-style:normal; \n} \n\n#cmsmasters_heading_69e161e7498557_55201410 .cmsmasters_heading_divider { \n} \n\n \n#cmsmasters_row_69e161e74988e9_49913243 .cmsmasters_row_outer_parent { \n\tpadding-top: 0px; \n} \n\n#cmsmasters_row_69e161e74988e9_49913243 .cmsmasters_row_outer_parent { \n\tpadding-bottom: 50px; \n} \n\n<\/style><div id=\"cmsmasters_row_69e161e7494027_03084911\" class=\"cmsmasters_row cmsmasters_color_scheme_default cmsmasters_row_top_default cmsmasters_row_bot_default cmsmasters_row_boxed\">\n<div class=\"cmsmasters_row_outer_parent\">\n<div class=\"cmsmasters_row_outer\">\n<div class=\"cmsmasters_row_inner\">\n<div class=\"cmsmasters_row_margin\">\n<div class=\"cmsmasters_column one_first\">\n<\/div>\n<\/div>\n<\/div>\n<\/div>\n<\/div>\n<\/div>\n<div id=\"cmsmasters_row_69e161e7496ee2_58476086\" class=\"cmsmasters_row cmsmasters_color_scheme_default cmsmasters_row_top_default cmsmasters_row_bot_default cmsmasters_row_boxed\">\n<div class=\"cmsmasters_row_outer_parent\">\n<div class=\"cmsmasters_row_outer\">\n<div class=\"cmsmasters_row_inner\">\n<div class=\"cmsmasters_row_margin\">\n<div class=\"cmsmasters_column one_first\">\n\n<div id=\"cmsmasters_heading_69e161e7498557_55201410\" class=\"cmsmasters_heading_wrap cmsmasters_heading_align_center\">\n\t<h1 class=\"cmsmasters_heading\">Fondatrice et formatrice principale<\/h1>\n<\/div>\n<\/div>\n<\/div>\n<\/div>\n<\/div>\n<\/div>\n<\/div>\n<div id=\"cmsmasters_row_69e161e74988e9_49913243\" class=\"cmsmasters_row cmsmasters_color_scheme_default cmsmasters_row_top_default cmsmasters_row_bot_default cmsmasters_row_boxed\">\n<div class=\"cmsmasters_row_outer_parent\">\n<div class=\"cmsmasters_row_outer\">\n<div class=\"cmsmasters_row_inner\">\n<div class=\"cmsmasters_row_margin\">\n<div class=\"cmsmasters_column one_half\">\n<div class=\"cmsmasters_text\">\n<p>Pascale est n\u00e9e \u00e0 Paris, issue d&rsquo;une m\u00e8re fran\u00e7aise d&rsquo;origine espagnole, n\u00e9e en Oran et d&rsquo;un p\u00e8re Corse.<\/p>\n<p>Elle porte en elle plusieurs m\u00e9langes culturels, religieux.<\/p>\n<p>Elle va consacrer une partie de sa vie \u00e0 tisser des liens entre des domaines, des espaces distincts.<\/p>\n<p>M\u00e9tis&rsquo;danse\u00a9 est le fruit concret des liens qu&rsquo;elle a tiss\u00e9s lors de ses dix ann\u00e9es pass\u00e9es \u00e0 l&rsquo;\u00e9tranger.<\/p>\n<p>Il int\u00e8gre des valeurs essentielles de partage, de vivre ensemble et de faire avec l&rsquo;autre ou les autres.<\/p>\n<p>Petit \u00e0 petit, le m\u00e9tis&rsquo;danse\u00a9 va devenir \u00e9galement un espace de danse th\u00e9rapie o\u00f9 l&rsquo;on voyage en soi<\/p>\n<\/div>\n<div class=\"cmsmasters_text\">\n<p><\/p>\n<\/div>\n<div class=\"cmsmasters_text\">\n<h3>Pascale Saly-Giocanti, une histoire riche et danse<\/h3>\n<p><span style=\"font-weight: 400;\">En premier lieu, Pascale Saly-Giocanti est une danseuse et chor\u00e9graphe reconnue, ayant travaill\u00e9 dans de nombreux pays \u00e0 travers le monde, <\/span><\/p>\n<p><span style=\"font-weight: 400;\">tels que l&rsquo;Espagne, le Maroc, la C\u00f4te d&rsquo;Ivoire, Cuba et les \u00c9tats-Unis. <\/span><\/p>\n<p><span style=\"font-weight: 400;\">Elle est \u00e9galement dipl\u00f4m\u00e9e d&rsquo;\u00c9tat en danse jazz.<\/span><\/p>\n<p><span style=\"font-weight: 400;\">Apr\u00e8s avoir acquis une solide exp\u00e9rience en tant que danseuse professionnelle, <\/span><\/p>\n<p><span style=\"font-weight: 400;\">Pascale d\u00e9cide, en second lieu, de se former \u00e0 diff\u00e9rentes approches de d\u00e9veloppement personnel. <\/span><\/p>\n<p><span style=\"font-weight: 400;\">Elle souhaite ainsi approfondir sa compr\u00e9hension du corps et de l&rsquo;esprit, afin de les int\u00e9grer dans sa pratique artistique.<\/span><\/p>\n<p><span style=\"font-weight: 400;\">C&rsquo;est ainsi qu&rsquo;elle devient coach psycho corporel. <\/span><\/p>\n<p><span style=\"font-weight: 400;\">Elle met \u00e0 profit ses connaissances en danse et son expertise en d\u00e9veloppement personnel pour accompagner les individus dans leur \u00e9panouissement personnel. <\/span><\/p>\n<p><span style=\"font-weight: 400;\">Elle utilise notamment la danse comme outil th\u00e9rapeutique, afin d&rsquo;aider les personnes \u00e0 se reconnecter \u00e0 leur corps et \u00e0 leurs \u00e9motions.<\/span><\/p>\n<\/div>\n<div class=\"cmsmasters_text\">\n<h3>Fondatrice de Para la Salsa<\/h3>\n<p><span style=\"font-weight: 400;\">En 2001, Pascale fonde l&rsquo;\u00e9cole de danse \u00ab\u00a0Para la Salsa\u00a0\u00bb, qui conna\u00eet rapidement un grand succ\u00e8s. <\/span><\/p>\n<p><span style=\"font-weight: 400;\">Avec plus de deux cents adh\u00e9rents, dont de nombreux enfants, <\/span><\/p>\n<p><span style=\"font-weight: 400;\">l&rsquo;\u00e9cole devient un v\u00e9ritable lieu de rencontre et de partage autour de la danse.<\/span><\/p>\n<p><span style=\"font-weight: 400;\">Parall\u00e8lement \u00e0 son travail avec \u00ab\u00a0<\/span><a href=\"https:\/\/paralasalsa.com\"><span style=\"font-weight: 400;\">Para la Salsa<\/span><\/a><span style=\"font-weight: 400;\">\u00ab\u00a0, Pascale dispense \u00e9galement des s\u00e9ances de m\u00e9ditation guid\u00e9e. <\/span><\/p>\n<p><span style=\"font-weight: 400;\">Elle intervient notamment aupr\u00e8s des m\u00e9decins et personnel soignant\u00a0 de l&rsquo;institut Curie, ainsi que des seniors de Casip Cojasor. <\/span><\/p>\n<p><span style=\"font-weight: 400;\">Gr\u00e2ce \u00e0 ces s\u00e9ances, elle aide les participants \u00e0 apaiser leur esprit et \u00e0 trouver un \u00e9quilibre int\u00e9rieur.<\/span><\/p>\n<p><span style=\"font-weight: 400;\">En plus de la m\u00e9ditation, Pascale propose des s\u00e9ances de danse th\u00e9rapie aux patients de l&rsquo;institut Curie. <\/span><\/p>\n<p><span style=\"font-weight: 400;\">Elle utilise la danse comme un moyen d&rsquo;expression et de lib\u00e9ration \u00e9motionnelle, <\/span><\/p>\n<p><span style=\"font-weight: 400;\">permettant aux patients de traverser leur exp\u00e9rience de la maladie de mani\u00e8re plus positive.<\/span><\/p>\n<\/div>\n<\/div>\n<div class=\"cmsmasters_column one_half\">\n<div class=\"aligncenter\">\n<div class=\"cmsmasters_img  cmsmasters_image_c\">\n<a href=\"https:\/\/formationdansetherapie.com\/wp-content\/uploads\/2024\/10\/Pascale-Saly-Giocanti-Formation-Danse-therapie-Per-se-nota.png\"><img decoding=\"async\" src=\"https:\/\/formationdansetherapie.com\/wp-content\/uploads\/2024\/10\/Pascale-Saly-Giocanti-Formation-Danse-therapie-Per-se-nota.png\" alt=\"Pascale Saly Giocanti\" \/><\/a>\n<\/div>\n<\/div>\n<div class=\"cmsmasters_text\">\n<p>&nbsp;<\/p>\n<h3>Fondatrice de Per se Nota<\/h3>\n<p><span style=\"font-weight: 400;\">En 2016, elle cr\u00e9e la formation niveau 1 de danse th\u00e9rapie<\/span><a href=\"https:\/\/formationdansetherapie.com\/en\/methode-per-se-nota\/\"><span style=\"font-weight: 400;\"> Per Se Nota<\/span><\/a><span style=\"font-weight: 400;\"> o\u00f9 elle combine \u00e0 travers une vingtaine de modules ses vingt ans d\u2019exp\u00e9rience avec la danse, <\/span><\/p>\n<p><span style=\"font-weight: 400;\">la p\u00e9dagogie, le d\u00e9veloppement personnel et la psychologie. <\/span><\/p>\n<p><span style=\"font-weight: 400;\">Suite \u00e0 sa formation en psychologie de <\/span><a href=\"https:\/\/www.maieusthesie.com\/\"><span style=\"font-weight: 400;\">Maeustesie <\/span><\/a><span style=\"font-weight: 400;\">avec Thierry Tounebise, elle met en place un niveau 2 pour que ses apprenants affinent leurs comp\u00e9tences en psychologie.\u00a0\u00a0<\/span><\/p>\n<p><span style=\"font-weight: 400;\">Pascale Saly-Giocanti est une artiste engag\u00e9e, qui utilise la danse comme un v\u00e9ritable outil de transformation et d&rsquo;\u00e9panouissement personnel. <\/span><\/p>\n<p><span style=\"font-weight: 400;\">Son approche unique, m\u00ealant danse, d\u00e9veloppement personnel et th\u00e9rapie, <\/span><\/p>\n<p><span style=\"font-weight: 400;\">lui permet d&rsquo;accompagner les individus sur leur chemin de gu\u00e9rison et de bien-\u00eatre. <\/span><\/p>\n<p><span style=\"font-weight: 400;\">Gr\u00e2ce \u00e0 son travail, elle contribue \u00e0 changer la perception de la danse, <\/span><\/p>\n<p><span style=\"font-weight: 400;\">en la pla\u00e7ant au c\u0153ur d&rsquo;une d\u00e9marche th\u00e9rapeutique et de d\u00e9veloppement personnel.<\/span><\/p>\n<\/div>\n<\/div>\n<\/div>\n<\/div>\n<\/div>\n<\/div>\n<\/div>","protected":false},"excerpt":{"rendered":"","protected":false},"author":1,"featured_media":14739,"parent":0,"menu_order":0,"comment_status":"closed","ping_status":"closed","template":"","meta":{"_EventAllDay":false,"_EventTimezone":"","_EventStartDate":"","_EventEndDate":"","_EventStartDateUTC":"","_EventEndDateUTC":"","_EventShowMap":false,"_EventShowMapLink":false,"_EventURL":"","_EventCost":"","_EventCostDescription":"","_EventCurrencySymbol":"","_EventCurrencyCode":"","_EventCurrencyPosition":"","_EventDateTimeSeparator":"","_EventTimeRangeSeparator":"","_EventOrganizerID":[],"_EventVenueID":[],"_OrganizerEmail":"","_OrganizerPhone":"","_OrganizerWebsite":"","_VenueAddress":"","_VenueCity":"","_VenueCountry":"","_VenueProvince":"","_VenueState":"","_VenueZip":"","_VenuePhone":"","_VenueURL":"","_VenueStateProvince":"","_VenueLat":"","_VenueLng":"","_VenueShowMap":false,"_VenueShowMapLink":false,"footnotes":""},"tags":[],"class_list":["post-14727","page","type-page","status-publish","has-post-thumbnail","hentry"],"yoast_head":"<!-- This site is optimized with the Yoast SEO Premium plugin v23.8 (Yoast SEO v27.0) - https:\/\/yoast.com\/product\/yoast-seo-premium-wordpress\/ -->\n<title>Pascale Saly Giocanti - Per Se Nota | Danse th\u00e9rapie<\/title>\n<meta name=\"description\" content=\"D\u00e9couvrez notre \u00e9quipe de la formation en danse th\u00e9rapie Per se nota disponible et comp\u00e9tente et n&#039;h\u00e9sitez pas \u00e0 les contacter!! - Pascale Saly Giocanti\" \/>\n<meta name=\"robots\" content=\"index, follow, max-snippet:-1, max-image-preview:large, max-video-preview:-1\" \/>\n<link rel=\"canonical\" href=\"https:\/\/formationdansetherapie.com\/en\/per-se-nota-saly-giocanti-pascale\/\" \/>\n<meta property=\"og:locale\" content=\"en_US\" \/>\n<meta property=\"og:type\" content=\"article\" \/>\n<meta property=\"og:title\" content=\"Pascale Saly Giocanti\" \/>\n<meta property=\"og:description\" content=\"D\u00e9couvrez notre \u00e9quipe de la formation en danse th\u00e9rapie Per se nota disponible et comp\u00e9tente et n&#039;h\u00e9sitez pas \u00e0 les contacter!! - Pascale Saly Giocanti\" \/>\n<meta property=\"og:url\" content=\"https:\/\/formationdansetherapie.com\/en\/per-se-nota-saly-giocanti-pascale\/\" \/>\n<meta property=\"og:site_name\" content=\"Per Se Nota | Danse th\u00e9rapie\" \/>\n<meta property=\"article:modified_time\" content=\"2025-01-11T12:24:49+00:00\" \/>\n<meta property=\"og:image\" content=\"https:\/\/formationdansetherapie.com\/wp-content\/uploads\/2024\/10\/Pascale-Saly-Giocanti-Formation-Danse-therapie-Per-se-nota-726x1024.png\" \/>\n\t<meta property=\"og:image:width\" content=\"726\" \/>\n\t<meta property=\"og:image:height\" content=\"1024\" \/>\n\t<meta property=\"og:image:type\" content=\"image\/png\" \/>\n<meta name=\"twitter:card\" content=\"summary_large_image\" \/>\n<meta name=\"twitter:label1\" content=\"Est. reading time\" \/>\n\t<meta name=\"twitter:data1\" content=\"3 minutes\" \/>\n<script type=\"application\/ld+json\" class=\"yoast-schema-graph\">{\"@context\":\"https:\/\/schema.org\",\"@graph\":[{\"@type\":\"WebPage\",\"@id\":\"https:\/\/formationdansetherapie.com\/per-se-nota-saly-giocanti-pascale\/\",\"url\":\"https:\/\/formationdansetherapie.com\/per-se-nota-saly-giocanti-pascale\/\",\"name\":\"Pascale Saly Giocanti - Per Se Nota | Danse th\u00e9rapie\",\"isPartOf\":{\"@id\":\"https:\/\/formationdansetherapie.com\/#website\"},\"primaryImageOfPage\":{\"@id\":\"https:\/\/formationdansetherapie.com\/per-se-nota-saly-giocanti-pascale\/#primaryimage\"},\"image\":{\"@id\":\"https:\/\/formationdansetherapie.com\/per-se-nota-saly-giocanti-pascale\/#primaryimage\"},\"thumbnailUrl\":\"https:\/\/formationdansetherapie.com\/wp-content\/uploads\/2024\/10\/Pascale-Saly-Giocanti-Formation-Danse-therapie-Per-se-nota.png\",\"datePublished\":\"2024-10-04T17:03:11+00:00\",\"dateModified\":\"2025-01-11T12:24:49+00:00\",\"description\":\"D\u00e9couvrez notre \u00e9quipe de la formation en danse th\u00e9rapie Per se nota disponible et comp\u00e9tente et n'h\u00e9sitez pas \u00e0 les contacter!! - Pascale Saly Giocanti\",\"breadcrumb\":{\"@id\":\"https:\/\/formationdansetherapie.com\/per-se-nota-saly-giocanti-pascale\/#breadcrumb\"},\"inLanguage\":\"en-US\",\"potentialAction\":[{\"@type\":\"ReadAction\",\"target\":[\"https:\/\/formationdansetherapie.com\/per-se-nota-saly-giocanti-pascale\/\"]}]},{\"@type\":\"ImageObject\",\"inLanguage\":\"en-US\",\"@id\":\"https:\/\/formationdansetherapie.com\/per-se-nota-saly-giocanti-pascale\/#primaryimage\",\"url\":\"https:\/\/formationdansetherapie.com\/wp-content\/uploads\/2024\/10\/Pascale-Saly-Giocanti-Formation-Danse-therapie-Per-se-nota.png\",\"contentUrl\":\"https:\/\/formationdansetherapie.com\/wp-content\/uploads\/2024\/10\/Pascale-Saly-Giocanti-Formation-Danse-therapie-Per-se-nota.png\",\"width\":1240,\"height\":1748,\"caption\":\"Pascale Saly Giocanti\"},{\"@type\":\"BreadcrumbList\",\"@id\":\"https:\/\/formationdansetherapie.com\/per-se-nota-saly-giocanti-pascale\/#breadcrumb\",\"itemListElement\":[{\"@type\":\"ListItem\",\"position\":1,\"name\":\"Home\",\"item\":\"https:\/\/formationdansetherapie.com\/\"},{\"@type\":\"ListItem\",\"position\":2,\"name\":\"Pascale Saly Giocanti\"}]},{\"@type\":\"WebSite\",\"@id\":\"https:\/\/formationdansetherapie.com\/#website\",\"url\":\"https:\/\/formationdansetherapie.com\/\",\"name\":\"Per Se Nota | Danse th\u00e9rapie\",\"description\":\"Formation professionnelle danse th\u00e9rapie - professeur de danse th\u00e9rapie et danse th\u00e9rapeute\",\"potentialAction\":[{\"@type\":\"SearchAction\",\"target\":{\"@type\":\"EntryPoint\",\"urlTemplate\":\"https:\/\/formationdansetherapie.com\/?s={search_term_string}\"},\"query-input\":{\"@type\":\"PropertyValueSpecification\",\"valueRequired\":true,\"valueName\":\"search_term_string\"}}],\"inLanguage\":\"en-US\"}]}<\/script>\n<!-- \/ Yoast SEO Premium plugin. -->","yoast_head_json":{"title":"Pascale Saly Giocanti - Per Se Nota | Danse th\u00e9rapie","description":"D\u00e9couvrez notre \u00e9quipe de la formation en danse th\u00e9rapie Per se nota disponible et comp\u00e9tente et n'h\u00e9sitez pas \u00e0 les contacter!! - Pascale Saly Giocanti","robots":{"index":"index","follow":"follow","max-snippet":"max-snippet:-1","max-image-preview":"max-image-preview:large","max-video-preview":"max-video-preview:-1"},"canonical":"https:\/\/formationdansetherapie.com\/en\/per-se-nota-saly-giocanti-pascale\/","og_locale":"en_US","og_type":"article","og_title":"Pascale Saly Giocanti","og_description":"D\u00e9couvrez notre \u00e9quipe de la formation en danse th\u00e9rapie Per se nota disponible et comp\u00e9tente et n'h\u00e9sitez pas \u00e0 les contacter!! - Pascale Saly Giocanti","og_url":"https:\/\/formationdansetherapie.com\/en\/per-se-nota-saly-giocanti-pascale\/","og_site_name":"Per Se Nota | Danse th\u00e9rapie","article_modified_time":"2025-01-11T12:24:49+00:00","og_image":[{"width":726,"height":1024,"url":"https:\/\/formationdansetherapie.com\/wp-content\/uploads\/2024\/10\/Pascale-Saly-Giocanti-Formation-Danse-therapie-Per-se-nota-726x1024.png","type":"image\/png"}],"twitter_card":"summary_large_image","twitter_misc":{"Est. reading time":"3 minutes"},"schema":{"@context":"https:\/\/schema.org","@graph":[{"@type":"WebPage","@id":"https:\/\/formationdansetherapie.com\/per-se-nota-saly-giocanti-pascale\/","url":"https:\/\/formationdansetherapie.com\/per-se-nota-saly-giocanti-pascale\/","name":"Pascale Saly Giocanti - Per Se Nota | Danse th\u00e9rapie","isPartOf":{"@id":"https:\/\/formationdansetherapie.com\/#website"},"primaryImageOfPage":{"@id":"https:\/\/formationdansetherapie.com\/per-se-nota-saly-giocanti-pascale\/#primaryimage"},"image":{"@id":"https:\/\/formationdansetherapie.com\/per-se-nota-saly-giocanti-pascale\/#primaryimage"},"thumbnailUrl":"https:\/\/formationdansetherapie.com\/wp-content\/uploads\/2024\/10\/Pascale-Saly-Giocanti-Formation-Danse-therapie-Per-se-nota.png","datePublished":"2024-10-04T17:03:11+00:00","dateModified":"2025-01-11T12:24:49+00:00","description":"D\u00e9couvrez notre \u00e9quipe de la formation en danse th\u00e9rapie Per se nota disponible et comp\u00e9tente et n'h\u00e9sitez pas \u00e0 les contacter!! - Pascale Saly Giocanti","breadcrumb":{"@id":"https:\/\/formationdansetherapie.com\/per-se-nota-saly-giocanti-pascale\/#breadcrumb"},"inLanguage":"en-US","potentialAction":[{"@type":"ReadAction","target":["https:\/\/formationdansetherapie.com\/per-se-nota-saly-giocanti-pascale\/"]}]},{"@type":"ImageObject","inLanguage":"en-US","@id":"https:\/\/formationdansetherapie.com\/per-se-nota-saly-giocanti-pascale\/#primaryimage","url":"https:\/\/formationdansetherapie.com\/wp-content\/uploads\/2024\/10\/Pascale-Saly-Giocanti-Formation-Danse-therapie-Per-se-nota.png","contentUrl":"https:\/\/formationdansetherapie.com\/wp-content\/uploads\/2024\/10\/Pascale-Saly-Giocanti-Formation-Danse-therapie-Per-se-nota.png","width":1240,"height":1748,"caption":"Pascale Saly Giocanti"},{"@type":"BreadcrumbList","@id":"https:\/\/formationdansetherapie.com\/per-se-nota-saly-giocanti-pascale\/#breadcrumb","itemListElement":[{"@type":"ListItem","position":1,"name":"Home","item":"https:\/\/formationdansetherapie.com\/"},{"@type":"ListItem","position":2,"name":"Pascale Saly Giocanti"}]},{"@type":"WebSite","@id":"https:\/\/formationdansetherapie.com\/#website","url":"https:\/\/formationdansetherapie.com\/","name":"Per Se Nota | Dance therapy","description":"Formation professionnelle danse th\u00e9rapie - professeur de danse th\u00e9rapie et danse th\u00e9rapeute","potentialAction":[{"@type":"SearchAction","target":{"@type":"EntryPoint","urlTemplate":"https:\/\/formationdansetherapie.com\/?s={search_term_string}"},"query-input":{"@type":"PropertyValueSpecification","valueRequired":true,"valueName":"search_term_string"}}],"inLanguage":"en-US"}]}},"_links":{"self":[{"href":"https:\/\/formationdansetherapie.com\/en\/wp-json\/wp\/v2\/pages\/14727","targetHints":{"allow":["GET"]}}],"collection":[{"href":"https:\/\/formationdansetherapie.com\/en\/wp-json\/wp\/v2\/pages"}],"about":[{"href":"https:\/\/formationdansetherapie.com\/en\/wp-json\/wp\/v2\/types\/page"}],"author":[{"embeddable":true,"href":"https:\/\/formationdansetherapie.com\/en\/wp-json\/wp\/v2\/users\/1"}],"replies":[{"embeddable":true,"href":"https:\/\/formationdansetherapie.com\/en\/wp-json\/wp\/v2\/comments?post=14727"}],"version-history":[{"count":27,"href":"https:\/\/formationdansetherapie.com\/en\/wp-json\/wp\/v2\/pages\/14727\/revisions"}],"predecessor-version":[{"id":15712,"href":"https:\/\/formationdansetherapie.com\/en\/wp-json\/wp\/v2\/pages\/14727\/revisions\/15712"}],"wp:featuredmedia":[{"embeddable":true,"href":"https:\/\/formationdansetherapie.com\/en\/wp-json\/wp\/v2\/media\/14739"}],"wp:attachment":[{"href":"https:\/\/formationdansetherapie.com\/en\/wp-json\/wp\/v2\/media?parent=14727"}],"wp:term":[{"taxonomy":"post_tag","embeddable":true,"href":"https:\/\/formationdansetherapie.com\/en\/wp-json\/wp\/v2\/tags?post=14727"}],"curies":[{"name":"wp","href":"https:\/\/api.w.org\/{rel}","templated":true}]}}