{"id":14664,"date":"2024-10-04T14:00:14","date_gmt":"2024-10-04T12:00:14","guid":{"rendered":"https:\/\/formationdansetherapie.com\/?page_id=14664"},"modified":"2024-12-30T06:35:51","modified_gmt":"2024-12-30T05:35:51","slug":"formation-per-se-nota-danse-therapie-continue","status":"publish","type":"page","link":"https:\/\/formationdansetherapie.com\/en\/formation-per-se-nota-danse-therapie-continue\/","title":{"rendered":"Formation de danse th\u00e9rapie continue"},"content":{"rendered":"<style type=\"text\/css\"> \n#cmsmasters_row_69e2160fb67378_05642015 { \n\tbackground-image: url(https:\/\/formationdansetherapie.com\/wp-content\/uploads\/2024\/10\/Notre-approche-Per-se-Nota-1-1.png); \n\tbackground-position: top center; \n\tbackground-repeat: no-repeat; \n\tbackground-attachment: scroll; \n\tbackground-size: cover; \n} \n\n#cmsmasters_row_69e2160fb67378_05642015 .cmsmasters_row_outer_parent { \n\tpadding-top: 90px; \n} \n\n#cmsmasters_row_69e2160fb67378_05642015 .cmsmasters_row_outer_parent { \n\tpadding-bottom: 200px; \n} \n\n \n#cmsmasters_row_69e2160fb6bd96_36794366 { \n\tbackground-color:#622084;\n} \n\n#cmsmasters_row_69e2160fb6bd96_36794366 .cmsmasters_row_outer_parent { \n\tpadding-top: 30px; \n} \n\n#cmsmasters_row_69e2160fb6bd96_36794366 .cmsmasters_row_outer_parent { \n\tpadding-bottom: 20px; \n} \n\n \n#cmsmasters_row_69e2160fb6c576_58257931 .cmsmasters_row_outer_parent { \n\tpadding-top: 30px; \n} \n\n#cmsmasters_row_69e2160fb6c576_58257931 .cmsmasters_row_outer_parent { \n\tpadding-bottom: 50px; \n} \n\n<\/style><div id=\"cmsmasters_row_69e2160fb67378_05642015\" class=\"cmsmasters_row cmsmasters_color_scheme_default cmsmasters_row_top_default cmsmasters_row_bot_default cmsmasters_row_boxed\">\n<div class=\"cmsmasters_row_outer_parent\">\n<div class=\"cmsmasters_row_outer\">\n<div class=\"cmsmasters_row_inner\">\n<div class=\"cmsmasters_row_margin\">\n<div class=\"cmsmasters_column one_first\">\n<\/div>\n<\/div>\n<\/div>\n<\/div>\n<\/div>\n<\/div>\n<div id=\"cmsmasters_row_69e2160fb6bd96_36794366\" class=\"cmsmasters_row cmsmasters_color_scheme_default cmsmasters_row_top_default cmsmasters_row_bot_default cmsmasters_row_boxed\">\n<div class=\"cmsmasters_row_outer_parent\">\n<div class=\"cmsmasters_row_outer\">\n<div class=\"cmsmasters_row_inner\">\n<div class=\"cmsmasters_row_margin\">\n<div class=\"cmsmasters_column one_first\">\n<div class=\"cmsmasters_text\">\n<h1 style=\"text-align: center;\">Formation de danse th\u00e9rapie continue<\/h1>\n<div style=\"display: none;\"><a href=\"\/en\/formation-per-se-nota-danse-therapie-continue\/\">ABC<\/a><\/div>\n<\/div>\n<\/div>\n<\/div>\n<\/div>\n<\/div>\n<\/div>\n<\/div>\n<div id=\"cmsmasters_row_69e2160fb6c576_58257931\" class=\"cmsmasters_row cmsmasters_color_scheme_default cmsmasters_row_top_default cmsmasters_row_bot_default cmsmasters_row_boxed\">\n<div class=\"cmsmasters_row_outer_parent\">\n<div class=\"cmsmasters_row_outer\">\n<div class=\"cmsmasters_row_inner\">\n<div class=\"cmsmasters_row_margin\">\n<div class=\"cmsmasters_column one_first\">\n<div class=\"cmsmasters_text\">\n<h2><b>D\u00e9couvrir nos Formations continue de danse th\u00e9rapie niveau 1<\/b><\/h2>\n<p><span style=\"font-weight: 400;\">La formation compl\u00e8te signifie une formation de 238 heures de modules p\u00e9dagogiques en pr\u00e9sentiel accompagn\u00e9e de 80 heures de travail personnel sur les plateformes en ligne et de 80 heures de mise en pratique.\u00a0 Les 238 heures en pr\u00e9sentiel se d\u00e9clinent en 7 th\u00e8mes compos\u00e9s chacun de 5 journ\u00e9es de formation.<\/span><\/p>\n<p><span style=\"color: #993366;\"><span style=\"font-weight: 400;\">Si vous choisissez de faire les sept th\u00e8mes \u00e0 la suite, selon le planning, vous optez pour la<\/span> <b>FORMATION COMPL\u00c8TE CONTINUE, vous ferez les 238 heures sur une ann\u00e9e.<\/b><\/span><\/p>\n<p><span style=\"font-weight: 400;\">L\u2019objectif de la formation compl\u00e8te de danse th\u00e9rapie est d\u2019accompagner des \u00e9l\u00e8ves dans diff\u00e9rents types de cours de danse tel que <\/span><b>la danse th\u00e9rapie, la danse intuitive, la danse bien-\u00eatre, la danse des \u00e9motions, la danse libre<\/b><span style=\"font-weight: 400;\">. En effet, dans des s\u00e9ances de danse non ax\u00e9es sur la performance, les \u00e9l\u00e8ves se centrent sur leur int\u00e9riorit\u00e9. M\u00eame si vous ne cherchez pas \u00e0 les amener dans les limbes de leur profondeur, ils peuvent d\u2019eux-m\u00eames aller visiter des traumas. D\u2019o\u00f9 l\u2019importance de se former avec un minimum de 400h pour accompagner en toute confiance vos \u00e9l\u00e8ves.\u00a0 Vous aurez \u00e9galement la possibilit\u00e9 de vous former en m\u00e9tis\u2019danse pour accompagner vos \u00e9l\u00e8ves. Il vous suffira ensuite d\u2019acheter la licence pour dispenser des s\u00e9ances de<\/span><a href=\"https:\/\/paralasalsa.com\/cours-danse-adultes-paris-5\/cours-metis-danse-paris-5\"><span style=\"font-weight: 400;\"> m\u00e9tis\u2019danse\u00a9<\/span><\/a><span style=\"font-weight: 400;\"> ax\u00e9es danses et\/ ou des s\u00e9ances de m\u00e9tis\u2019danse\u00a9 ax\u00e9es th\u00e9rapie.<\/span><\/p>\n<p><span style=\"color: #993366;\">Pour vous pr\u00e9senter \u00e0 la certification au bout d&rsquo;une ann\u00e9e<b>, (en juin ou en janvier), vous devez avoir r\u00e9alis\u00e9 les 400 heures.<\/b><\/span><\/p>\n<h3><b>Comp\u00e9tences professionnelles vis\u00e9es de la formation continue de danse th\u00e9rapie niveau 1 :<\/b><\/h3>\n<ul>\n<li style=\"font-weight: 400;\" aria-level=\"1\"><span style=\"font-weight: 400;\">Ma\u00eetriser des connaissances techniques de la danse et de la relaxation<\/span><\/li>\n<li style=\"font-weight: 400;\" aria-level=\"1\"><span style=\"font-weight: 400;\">Acquire tools, art therapy, and in particular in dance therapy.<\/span><\/li>\n<li style=\"font-weight: 400;\" aria-level=\"1\"><span style=\"font-weight: 400;\">To adopt the posture of the teacher<\/span><\/li>\n<li style=\"font-weight: 400;\" aria-level=\"1\"><span style=\"font-weight: 400;\">D\u00e9velopper sa cr\u00e9ativit\u00e9 dans sa p\u00e9dagogie et son accompagnement<\/span><\/li>\n<li style=\"font-weight: 400;\" aria-level=\"1\"><span style=\"font-weight: 400;\">Adapting his teaching to different audiences such as children, adults and seniors.<\/span><\/li>\n<li style=\"font-weight: 400;\" aria-level=\"1\"><span style=\"font-weight: 400;\">Conduct group and individual meetings in relaxation.<\/span><\/li>\n<li style=\"font-weight: 400;\" aria-level=\"1\"><span style=\"font-weight: 400;\">Learn about the posture of the therapist (level 1)<\/span><\/li>\n<li style=\"font-weight: 400;\" aria-level=\"1\"><span style=\"font-weight: 400;\">Master the teaching skills to deliver a session<\/span><\/li>\n<\/ul>\n<h3><b>Target audience :<\/b><\/h3>\n<ul>\n<li style=\"font-weight: 400;\" aria-level=\"1\"><span style=\"font-weight: 400;\">Any person wishing to become a dance teacher and relaxation with different audiences (children, adults, seniors).<\/span><\/li>\n<li style=\"font-weight: 400;\" aria-level=\"1\"><span style=\"font-weight: 400;\">Any professional who wishes to incorporate into their professional practice tools, dance &amp; relaxation.<\/span><\/li>\n<li style=\"font-weight: 400;\" aria-level=\"1\"><span style=\"font-weight: 400;\">Any person wishing to intervene with the dance and relaxation with different audiences.<\/span><\/li>\n<li style=\"font-weight: 400;\" aria-level=\"1\"><span style=\"font-weight: 400;\">Any professional dance which aspires to move to the trades of well-being and care<\/span><\/li>\n<\/ul>\n<h3><b>Pre-requisite :<\/b><\/h3>\n<ul>\n<li style=\"font-weight: 400;\" aria-level=\"1\"><span style=\"font-weight: 400;\">a questionnaire pre-training<\/span><\/li>\n<li style=\"font-weight: 400;\" aria-level=\"1\"><span style=\"font-weight: 400;\">an interview with a professor from the centre<\/span><\/li>\n<li style=\"font-weight: 400;\" aria-level=\"1\"><span style=\"font-weight: 400;\">a session of dance therapy face-to-face or online<\/span><\/li>\n<li style=\"font-weight: 400;\" aria-level=\"1\"><span style=\"font-weight: 400;\">a medical certificate of no contraindication to the practice of sporting activities<\/span><\/li>\n<\/ul>\n<h3><b>Volume de la formation :<\/b><\/h3>\n<p><span style=\"font-weight: 400;\">Training complete 400 hours, of which :<\/span><\/p>\n<p><span style=\"font-weight: 400;\">\u21d2 238 heures de modules p\u00e9dagogiques en 7 th\u00e8mes, en pr\u00e9sentiel<\/span><\/p>\n<p><span style=\"font-weight: 400;\">\u21d2 80 heures de mise en pratique en ligne et\/ou pr\u00e9sentiel dans <\/span><a href=\"https:\/\/paralasalsa.com\/\"><span style=\"font-weight: 400;\">our dance school<\/span><\/a><\/p>\n<p><span style=\"font-weight: 400;\">(take, observe and give courses)<\/span><\/p>\n<p><span style=\"font-weight: 400;\">\u21d2 80 hours of working online<\/span><\/p>\n<p><span style=\"font-weight: 400;\">(lecture, \u00e9criture, quizz, vid\u00e9os, podcasts\u2026)<\/span><\/p>\n<p><span style=\"font-weight: 400;\">\u21d2 2 hours of follow-up and evaluation<\/span><\/p>\n<\/div>\n<\/div>\n<\/div>\n<\/div>\n<\/div>\n<\/div>\n<\/div>","protected":false},"excerpt":{"rendered":"","protected":false},"author":1,"featured_media":8642,"parent":0,"menu_order":0,"comment_status":"closed","ping_status":"closed","template":"","meta":{"_EventAllDay":false,"_EventTimezone":"","_EventStartDate":"","_EventEndDate":"","_EventStartDateUTC":"","_EventEndDateUTC":"","_EventShowMap":false,"_EventShowMapLink":false,"_EventURL":"","_EventCost":"","_EventCostDescription":"","_EventCurrencySymbol":"","_EventCurrencyCode":"","_EventCurrencyPosition":"","_EventDateTimeSeparator":"","_EventTimeRangeSeparator":"","_EventOrganizerID":[],"_EventVenueID":[],"_OrganizerEmail":"","_OrganizerPhone":"","_OrganizerWebsite":"","_VenueAddress":"","_VenueCity":"","_VenueCountry":"","_VenueProvince":"","_VenueState":"","_VenueZip":"","_VenuePhone":"","_VenueURL":"","_VenueStateProvince":"","_VenueLat":"","_VenueLng":"","_VenueShowMap":false,"_VenueShowMapLink":false,"footnotes":""},"tags":[],"class_list":["post-14664","page","type-page","status-publish","has-post-thumbnail","hentry"],"yoast_head":"<!-- This site is optimized with the Yoast SEO Premium plugin v23.8 (Yoast SEO v27.0) - https:\/\/yoast.com\/product\/yoast-seo-premium-wordpress\/ -->\n<title>Formation de danse th\u00e9rapie continue - Per Se Nota | Danse th\u00e9rapie<\/title>\n<meta name=\"description\" content=\"Vous d\u00e9sirez faire la formation de danse th\u00e9rapie Per se Nota en une ann\u00e9e? C&#039;est cette formule qui vous convient\" \/>\n<meta name=\"robots\" content=\"index, follow, max-snippet:-1, max-image-preview:large, max-video-preview:-1\" \/>\n<link rel=\"canonical\" href=\"https:\/\/formationdansetherapie.com\/en\/formation-per-se-nota-danse-therapie-continue\/\" \/>\n<meta property=\"og:locale\" content=\"en_US\" \/>\n<meta property=\"og:type\" content=\"article\" \/>\n<meta property=\"og:title\" content=\"Formation de danse th\u00e9rapie continue\" \/>\n<meta property=\"og:description\" content=\"Vous d\u00e9sirez faire la formation de danse th\u00e9rapie Per se Nota en une ann\u00e9e? C&#039;est cette formule qui vous convient\" \/>\n<meta property=\"og:url\" content=\"https:\/\/formationdansetherapie.com\/en\/formation-per-se-nota-danse-therapie-continue\/\" \/>\n<meta property=\"og:site_name\" content=\"Per Se Nota | Danse th\u00e9rapie\" \/>\n<meta property=\"article:modified_time\" content=\"2024-12-30T05:35:51+00:00\" \/>\n<meta property=\"og:image\" content=\"https:\/\/formationdansetherapie.com\/wp-content\/uploads\/2020\/06\/PER-SE-NOTA-Logo-Couleurs.png\" \/>\n\t<meta property=\"og:image:width\" content=\"3090\" \/>\n\t<meta property=\"og:image:height\" content=\"2530\" \/>\n\t<meta property=\"og:image:type\" content=\"image\/png\" \/>\n<meta name=\"twitter:card\" content=\"summary_large_image\" \/>\n<meta name=\"twitter:label1\" content=\"Est. reading time\" \/>\n\t<meta name=\"twitter:data1\" content=\"3 minutes\" \/>\n<script type=\"application\/ld+json\" class=\"yoast-schema-graph\">{\"@context\":\"https:\/\/schema.org\",\"@graph\":[{\"@type\":\"WebPage\",\"@id\":\"https:\/\/formationdansetherapie.com\/formation-per-se-nota-danse-therapie-continue\/\",\"url\":\"https:\/\/formationdansetherapie.com\/formation-per-se-nota-danse-therapie-continue\/\",\"name\":\"Formation de danse th\u00e9rapie continue - Per Se Nota | Danse th\u00e9rapie\",\"isPartOf\":{\"@id\":\"https:\/\/formationdansetherapie.com\/#website\"},\"primaryImageOfPage\":{\"@id\":\"https:\/\/formationdansetherapie.com\/formation-per-se-nota-danse-therapie-continue\/#primaryimage\"},\"image\":{\"@id\":\"https:\/\/formationdansetherapie.com\/formation-per-se-nota-danse-therapie-continue\/#primaryimage\"},\"thumbnailUrl\":\"https:\/\/formationdansetherapie.com\/wp-content\/uploads\/2020\/06\/PER-SE-NOTA-Logo-Couleurs.png\",\"datePublished\":\"2024-10-04T12:00:14+00:00\",\"dateModified\":\"2024-12-30T05:35:51+00:00\",\"description\":\"Vous d\u00e9sirez faire la formation de danse th\u00e9rapie Per se Nota en une ann\u00e9e? C'est cette formule qui vous convient\",\"breadcrumb\":{\"@id\":\"https:\/\/formationdansetherapie.com\/formation-per-se-nota-danse-therapie-continue\/#breadcrumb\"},\"inLanguage\":\"en-US\",\"potentialAction\":[{\"@type\":\"ReadAction\",\"target\":[\"https:\/\/formationdansetherapie.com\/formation-per-se-nota-danse-therapie-continue\/\"]}]},{\"@type\":\"ImageObject\",\"inLanguage\":\"en-US\",\"@id\":\"https:\/\/formationdansetherapie.com\/formation-per-se-nota-danse-therapie-continue\/#primaryimage\",\"url\":\"https:\/\/formationdansetherapie.com\/wp-content\/uploads\/2020\/06\/PER-SE-NOTA-Logo-Couleurs.png\",\"contentUrl\":\"https:\/\/formationdansetherapie.com\/wp-content\/uploads\/2020\/06\/PER-SE-NOTA-Logo-Couleurs.png\",\"width\":3090,\"height\":2530,\"caption\":\"Formation de danse th\u00e9rapie compl\u00e8te\"},{\"@type\":\"BreadcrumbList\",\"@id\":\"https:\/\/formationdansetherapie.com\/formation-per-se-nota-danse-therapie-continue\/#breadcrumb\",\"itemListElement\":[{\"@type\":\"ListItem\",\"position\":1,\"name\":\"Home\",\"item\":\"https:\/\/formationdansetherapie.com\/\"},{\"@type\":\"ListItem\",\"position\":2,\"name\":\"Formation de danse th\u00e9rapie continue\"}]},{\"@type\":\"WebSite\",\"@id\":\"https:\/\/formationdansetherapie.com\/#website\",\"url\":\"https:\/\/formationdansetherapie.com\/\",\"name\":\"Per Se Nota | Danse th\u00e9rapie\",\"description\":\"Formation professionnelle danse th\u00e9rapie - professeur de danse th\u00e9rapie et danse th\u00e9rapeute\",\"potentialAction\":[{\"@type\":\"SearchAction\",\"target\":{\"@type\":\"EntryPoint\",\"urlTemplate\":\"https:\/\/formationdansetherapie.com\/?s={search_term_string}\"},\"query-input\":{\"@type\":\"PropertyValueSpecification\",\"valueRequired\":true,\"valueName\":\"search_term_string\"}}],\"inLanguage\":\"en-US\"}]}<\/script>\n<!-- \/ Yoast SEO Premium plugin. -->","yoast_head_json":{"title":"Formation de danse th\u00e9rapie continue - Per Se Nota | Danse th\u00e9rapie","description":"Vous d\u00e9sirez faire la formation de danse th\u00e9rapie Per se Nota en une ann\u00e9e? C'est cette formule qui vous convient","robots":{"index":"index","follow":"follow","max-snippet":"max-snippet:-1","max-image-preview":"max-image-preview:large","max-video-preview":"max-video-preview:-1"},"canonical":"https:\/\/formationdansetherapie.com\/en\/formation-per-se-nota-danse-therapie-continue\/","og_locale":"en_US","og_type":"article","og_title":"Formation de danse th\u00e9rapie continue","og_description":"Vous d\u00e9sirez faire la formation de danse th\u00e9rapie Per se Nota en une ann\u00e9e? C'est cette formule qui vous convient","og_url":"https:\/\/formationdansetherapie.com\/en\/formation-per-se-nota-danse-therapie-continue\/","og_site_name":"Per Se Nota | Danse th\u00e9rapie","article_modified_time":"2024-12-30T05:35:51+00:00","og_image":[{"width":3090,"height":2530,"url":"https:\/\/formationdansetherapie.com\/wp-content\/uploads\/2020\/06\/PER-SE-NOTA-Logo-Couleurs.png","type":"image\/png"}],"twitter_card":"summary_large_image","twitter_misc":{"Est. reading time":"3 minutes"},"schema":{"@context":"https:\/\/schema.org","@graph":[{"@type":"WebPage","@id":"https:\/\/formationdansetherapie.com\/formation-per-se-nota-danse-therapie-continue\/","url":"https:\/\/formationdansetherapie.com\/formation-per-se-nota-danse-therapie-continue\/","name":"Formation de danse th\u00e9rapie continue - Per Se Nota | Danse th\u00e9rapie","isPartOf":{"@id":"https:\/\/formationdansetherapie.com\/#website"},"primaryImageOfPage":{"@id":"https:\/\/formationdansetherapie.com\/formation-per-se-nota-danse-therapie-continue\/#primaryimage"},"image":{"@id":"https:\/\/formationdansetherapie.com\/formation-per-se-nota-danse-therapie-continue\/#primaryimage"},"thumbnailUrl":"https:\/\/formationdansetherapie.com\/wp-content\/uploads\/2020\/06\/PER-SE-NOTA-Logo-Couleurs.png","datePublished":"2024-10-04T12:00:14+00:00","dateModified":"2024-12-30T05:35:51+00:00","description":"Vous d\u00e9sirez faire la formation de danse th\u00e9rapie Per se Nota en une ann\u00e9e? C'est cette formule qui vous convient","breadcrumb":{"@id":"https:\/\/formationdansetherapie.com\/formation-per-se-nota-danse-therapie-continue\/#breadcrumb"},"inLanguage":"en-US","potentialAction":[{"@type":"ReadAction","target":["https:\/\/formationdansetherapie.com\/formation-per-se-nota-danse-therapie-continue\/"]}]},{"@type":"ImageObject","inLanguage":"en-US","@id":"https:\/\/formationdansetherapie.com\/formation-per-se-nota-danse-therapie-continue\/#primaryimage","url":"https:\/\/formationdansetherapie.com\/wp-content\/uploads\/2020\/06\/PER-SE-NOTA-Logo-Couleurs.png","contentUrl":"https:\/\/formationdansetherapie.com\/wp-content\/uploads\/2020\/06\/PER-SE-NOTA-Logo-Couleurs.png","width":3090,"height":2530,"caption":"Formation de danse th\u00e9rapie compl\u00e8te"},{"@type":"BreadcrumbList","@id":"https:\/\/formationdansetherapie.com\/formation-per-se-nota-danse-therapie-continue\/#breadcrumb","itemListElement":[{"@type":"ListItem","position":1,"name":"Home","item":"https:\/\/formationdansetherapie.com\/"},{"@type":"ListItem","position":2,"name":"Formation de danse th\u00e9rapie continue"}]},{"@type":"WebSite","@id":"https:\/\/formationdansetherapie.com\/#website","url":"https:\/\/formationdansetherapie.com\/","name":"Per Se Nota | Dance therapy","description":"Formation professionnelle danse th\u00e9rapie - professeur de danse th\u00e9rapie et danse th\u00e9rapeute","potentialAction":[{"@type":"SearchAction","target":{"@type":"EntryPoint","urlTemplate":"https:\/\/formationdansetherapie.com\/?s={search_term_string}"},"query-input":{"@type":"PropertyValueSpecification","valueRequired":true,"valueName":"search_term_string"}}],"inLanguage":"en-US"}]}},"_links":{"self":[{"href":"https:\/\/formationdansetherapie.com\/en\/wp-json\/wp\/v2\/pages\/14664","targetHints":{"allow":["GET"]}}],"collection":[{"href":"https:\/\/formationdansetherapie.com\/en\/wp-json\/wp\/v2\/pages"}],"about":[{"href":"https:\/\/formationdansetherapie.com\/en\/wp-json\/wp\/v2\/types\/page"}],"author":[{"embeddable":true,"href":"https:\/\/formationdansetherapie.com\/en\/wp-json\/wp\/v2\/users\/1"}],"replies":[{"embeddable":true,"href":"https:\/\/formationdansetherapie.com\/en\/wp-json\/wp\/v2\/comments?post=14664"}],"version-history":[{"count":18,"href":"https:\/\/formationdansetherapie.com\/en\/wp-json\/wp\/v2\/pages\/14664\/revisions"}],"predecessor-version":[{"id":15472,"href":"https:\/\/formationdansetherapie.com\/en\/wp-json\/wp\/v2\/pages\/14664\/revisions\/15472"}],"wp:featuredmedia":[{"embeddable":true,"href":"https:\/\/formationdansetherapie.com\/en\/wp-json\/wp\/v2\/media\/8642"}],"wp:attachment":[{"href":"https:\/\/formationdansetherapie.com\/en\/wp-json\/wp\/v2\/media?parent=14664"}],"wp:term":[{"taxonomy":"post_tag","embeddable":true,"href":"https:\/\/formationdansetherapie.com\/en\/wp-json\/wp\/v2\/tags?post=14664"}],"curies":[{"name":"wp","href":"https:\/\/api.w.org\/{rel}","templated":true}]}}