{"id":14481,"date":"2024-10-02T18:15:18","date_gmt":"2024-10-02T16:15:18","guid":{"rendered":"https:\/\/formationdansetherapie.com\/?page_id=14481"},"modified":"2025-01-11T14:01:56","modified_gmt":"2025-01-11T13:01:56","slug":"qu-est-ce-que-la-danse-therapie","status":"publish","type":"page","link":"https:\/\/formationdansetherapie.com\/en\/qu-est-ce-que-la-danse-therapie\/","title":{"rendered":"Qu&rsquo;est ce que la danse th\u00e9rapie?"},"content":{"rendered":"<style type=\"text\/css\"> \n#cmsmasters_row_69e1fd464eca16_78124032 .cmsmasters_row_outer_parent { \n\tpadding-top: 0px; \n} \n\n#cmsmasters_row_69e1fd464eca16_78124032 .cmsmasters_row_outer_parent { \n\tpadding-bottom: 50px; \n} \n\n \n#cmsmasters_heading_69e1fd464edbb7_34478419 { \n\ttext-align:left; \n\tmargin-top:0px; \n\tmargin-bottom:20px; \n} \n\n#cmsmasters_heading_69e1fd464edbb7_34478419 .cmsmasters_heading { \n\ttext-align:left; \n} \n\n#cmsmasters_heading_69e1fd464edbb7_34478419 .cmsmasters_heading, #cmsmasters_heading_69e1fd464edbb7_34478419 .cmsmasters_heading a { \n\tfont-family:'Comfortaa'; \n\tfont-weight:normal; \n\tfont-style:normal; \n} \n\n#cmsmasters_heading_69e1fd464edbb7_34478419 .cmsmasters_heading_divider { \n} \n\n \n#cmsmasters_row_69e1fd464edfe2_99252067 .cmsmasters_row_outer_parent { \n\tpadding-top: 0px; \n} \n\n#cmsmasters_row_69e1fd464edfe2_99252067 .cmsmasters_row_outer_parent { \n\tpadding-bottom: 50px; \n} \n\n \n#cmsmasters_row_69e1fd464f3026_15070308 .cmsmasters_row_outer_parent { \n\tpadding-top: 0px; \n} \n\n#cmsmasters_row_69e1fd464f3026_15070308 .cmsmasters_row_outer_parent { \n\tpadding-bottom: 50px; \n} \n\n \n#cmsmasters_heading_69e1fd464f3f24_40018300 { \n\ttext-align:left; \n\tmargin-top:0px; \n\tmargin-bottom:20px; \n} \n\n#cmsmasters_heading_69e1fd464f3f24_40018300 .cmsmasters_heading { \n\ttext-align:left; \n} \n\n#cmsmasters_heading_69e1fd464f3f24_40018300 .cmsmasters_heading, #cmsmasters_heading_69e1fd464f3f24_40018300 .cmsmasters_heading a { \n\tfont-family:'Comfortaa'; \n\tfont-weight:normal; \n\tfont-style:normal; \n} \n\n#cmsmasters_heading_69e1fd464f3f24_40018300 .cmsmasters_heading_divider { \n} \n\n \n#cmsmasters_row_69e1fd464f4206_63005114 .cmsmasters_row_outer_parent { \n\tpadding-top: 0px; \n} \n\n#cmsmasters_row_69e1fd464f4206_63005114 .cmsmasters_row_outer_parent { \n\tpadding-bottom: 50px; \n} \n\n \n#cmsmasters_row_69e1fd464f7df9_99495572 .cmsmasters_row_outer_parent { \n\tpadding-top: 0px; \n} \n\n#cmsmasters_row_69e1fd464f7df9_99495572 .cmsmasters_row_outer_parent { \n\tpadding-bottom: 50px; \n} \n\n \n#cmsmasters_heading_69e1fd464f8ba2_74244098 { \n\ttext-align:left; \n\tmargin-top:0px; \n\tmargin-bottom:20px; \n} \n\n#cmsmasters_heading_69e1fd464f8ba2_74244098 .cmsmasters_heading { \n\ttext-align:left; \n} \n\n#cmsmasters_heading_69e1fd464f8ba2_74244098 .cmsmasters_heading, #cmsmasters_heading_69e1fd464f8ba2_74244098 .cmsmasters_heading a { \n\tfont-family:'Comfortaa'; \n\tfont-weight:normal; \n\tfont-style:normal; \n} \n\n#cmsmasters_heading_69e1fd464f8ba2_74244098 .cmsmasters_heading_divider { \n} \n\n \n#cmsmasters_row_69e1fd464f8e80_17368583 .cmsmasters_row_outer_parent { \n\tpadding-top: 0px; \n} \n\n#cmsmasters_row_69e1fd464f8e80_17368583 .cmsmasters_row_outer_parent { \n\tpadding-bottom: 50px; \n} \n\n<\/style><div id=\"cmsmasters_row_69e1fd464eca16_78124032\" class=\"cmsmasters_row cmsmasters_color_scheme_default cmsmasters_row_top_default cmsmasters_row_bot_default cmsmasters_row_boxed\">\n<div class=\"cmsmasters_row_outer_parent\">\n<div class=\"cmsmasters_row_outer\">\n<div class=\"cmsmasters_row_inner\">\n<div class=\"cmsmasters_row_margin\">\n<div class=\"cmsmasters_column one_first\">\n\n<div id=\"cmsmasters_heading_69e1fd464edbb7_34478419\" class=\"cmsmasters_heading_wrap cmsmasters_heading_align_left\">\n\t<h1 class=\"cmsmasters_heading\">La danse th\u00e9rapie, qu&rsquo;est ce que c&rsquo;est?<\/h1>\n<\/div>\n<\/div>\n<\/div>\n<\/div>\n<\/div>\n<\/div>\n<\/div>\n<div id=\"cmsmasters_row_69e1fd464edfe2_99252067\" class=\"cmsmasters_row cmsmasters_color_scheme_default cmsmasters_row_top_default cmsmasters_row_bot_default cmsmasters_row_boxed\">\n<div class=\"cmsmasters_row_outer_parent\">\n<div class=\"cmsmasters_row_outer\">\n<div class=\"cmsmasters_row_inner\">\n<div class=\"cmsmasters_row_margin\">\n<div class=\"cmsmasters_column one_half\">\n<div class=\"cmsmasters_text\">\n<p class=\"cvGsUA direction-ltr align-justify para-style-body\"><span class=\"OYPEnA font-feature-liga-off font-feature-clig-off font-feature-calt-off text-decoration-none text-strikethrough-none\">La danse th\u00e9rapie vous emm\u00e8ne dans un voyage \u00e0 travers la danse libre.<\/span><\/p>\n<p class=\"cvGsUA direction-ltr align-justify para-style-body\"><span class=\"OYPEnA font-feature-liga-off font-feature-clig-off font-feature-calt-off text-decoration-none text-strikethrough-none\">Elle invite \u00e0 tisser des liens entre les diff\u00e9rentes parties de son corps et les diff\u00e9rents endroits de son histoire. Elle nous am\u00e8ne dans une forme d\u2019unit\u00e9 en soi dans son corps et sa pens\u00e9e. <\/span><\/p>\n<p class=\"cvGsUA direction-ltr align-justify para-style-body\"><span class=\"OYPEnA font-feature-liga-off font-feature-clig-off font-feature-calt-off text-decoration-none text-strikethrough-none\" style=\"color: #800080;\"><em>C\u2019est l\u2019\u00e9mergence de l\u2019inconscient \u00e0 travers le mouvement libre et \u00e9ph\u00e9m\u00e8re<\/em>.<\/span><\/p>\n<h4><strong>Pascale<\/strong><\/h4>\n<p class=\"cvGsUA direction-ltr align-justify para-style-body\"><span class=\"OYPEnA font-feature-liga-off font-feature-clig-off font-feature-calt-off text-decoration-none text-strikethrough-none\"> Ce geste dans\u00e9 est non chor\u00e9graphi\u00e9. Le mouvement, ici, appara\u00eet parfois comme une voie de conscience pour mieux se comprendre et se faire comprendre.<\/span><\/p>\n<p>Notre principe th\u00e9rapeutique, c&rsquo;est de mettre l&rsquo;accent sur l&rsquo;utilisation de la ma\u00efeutique comme outil. Il s&rsquo;agit d&rsquo;accoucher d&rsquo;une partie de soi, de faire \u00e9merger un aspect oubli\u00e9 ou perdu de notre identit\u00e9.<\/p>\n<p>Nous int\u00e9grons aussi la notion reformulation th\u00e9rapeutique sous forme de danse libre. Ce qui permet de regarder une partie de moi, en toute bienveillance, \u00e0 travers la danse de l&rsquo;autre.<\/p>\n<p><a style=\"display: none;\" href=\"https:\/\/formationdansetherapie.com\/en\/qu-est-ce-que-la-danse-therapie\/\">dance<\/a><\/p>\n<\/div>\n<\/div>\n<div class=\"cmsmasters_column one_half\">\n<div class=\"aligncenter\">\n<div class=\"cmsmasters_img  cmsmasters_image_c\">\n<a href=\"https:\/\/formationdansetherapie.com\/wp-content\/uploads\/2024\/09\/Danse-therapie-Paris-Pascale-Saly.jpg\"><img decoding=\"async\" src=\"https:\/\/formationdansetherapie.com\/wp-content\/uploads\/2024\/09\/Danse-therapie-Paris-Pascale-Saly-1024x1024.jpg\" \/><\/a>\n<\/div>\n<\/div>\n<\/div>\n<\/div>\n<\/div>\n<\/div>\n<\/div>\n<\/div>\n<div id=\"cmsmasters_row_69e1fd464f3026_15070308\" class=\"cmsmasters_row cmsmasters_color_scheme_default cmsmasters_row_top_default cmsmasters_row_bot_default cmsmasters_row_boxed\">\n<div class=\"cmsmasters_row_outer_parent\">\n<div class=\"cmsmasters_row_outer\">\n<div class=\"cmsmasters_row_inner\">\n<div class=\"cmsmasters_row_margin\">\n<div class=\"cmsmasters_column one_first\">\n\n<div id=\"cmsmasters_heading_69e1fd464f3f24_40018300\" class=\"cmsmasters_heading_wrap cmsmasters_heading_align_left\">\n\t<h1 class=\"cmsmasters_heading\">D\u00e9roulement d&rsquo;une s\u00e9ance de danse th\u00e9rapie<\/h1>\n<\/div>\n<\/div>\n<\/div>\n<\/div>\n<\/div>\n<\/div>\n<\/div>\n<div id=\"cmsmasters_row_69e1fd464f4206_63005114\" class=\"cmsmasters_row cmsmasters_color_scheme_default cmsmasters_row_top_default cmsmasters_row_bot_default cmsmasters_row_boxed\">\n<div class=\"cmsmasters_row_outer_parent\">\n<div class=\"cmsmasters_row_outer\">\n<div class=\"cmsmasters_row_inner\">\n<div class=\"cmsmasters_row_margin\">\n<div class=\"cmsmasters_column one_half\">\n<div class=\"aligncenter\">\n<div class=\"cmsmasters_img  cmsmasters_image_c\">\n<a href=\"https:\/\/formationdansetherapie.com\/wp-content\/uploads\/2024\/10\/Danse-therapie-cercle-de-parole-scaled.jpg\"><img decoding=\"async\" src=\"https:\/\/formationdansetherapie.com\/wp-content\/uploads\/2024\/10\/Danse-therapie-cercle-de-parole-1024x683.jpg\" \/><\/a>\n<\/div>\n<\/div>\n<\/div>\n<div class=\"cmsmasters_column one_half\">\n<div class=\"cmsmasters_text\">\n<p class=\"cvGsUA direction-ltr align-justify para-style-body\"><span class=\"OYPEnA font-feature-liga-off font-feature-clig-off font-feature-calt-off text-decoration-none text-strikethrough-none\">Une s\u00e9ance de danse th\u00e9rapie s\u2019articule autour de trois points forts :<\/span><\/p>\n<p class=\"cvGsUA direction-ltr align-start para-style-body\"><span class=\"OYPEnA font-feature-liga-off font-feature-clig-off font-feature-calt-off text-decoration-none text-strikethrough-none\">&#8211; la verbalisation (cercle de paroles) avec un temps de pr\u00e9sentation<\/span><\/p>\n<p class=\"cvGsUA direction-ltr align-start para-style-body\"><span class=\"OYPEnA font-feature-liga-off font-feature-clig-off font-feature-calt-off text-decoration-none text-strikethrough-none\">&#8211; l\u2019\u00e9chauffement du corps physique et du corps inconscient, (en bin\u00f4me et en groupe) guid\u00e9 par le professeur<\/span><\/p>\n<p class=\"cvGsUA direction-ltr align-start para-style-body\"><span class=\"OYPEnA font-feature-liga-off font-feature-clig-off font-feature-calt-off text-decoration-none text-strikethrough-none\">&#8211; l\u2019exploration (danse libre) avec des temps de reformulation verbalis\u00e9e ou dans\u00e9e<\/span><\/p>\n<p class=\"cvGsUA direction-ltr align-justify para-style-body\"><span class=\"OYPEnA font-feature-liga-off font-feature-clig-off font-feature-calt-off text-decoration-none text-strikethrough-none\">Les s\u00e9ances incluent g\u00e9n\u00e9ralement un cercle de parole, un \u00e9chauffement corporel et un temps d\u2019exploration en lien avec la th\u00e9matique, et un temps de restitution \u00e0 la fin.<\/span><\/p>\n<\/div>\n<\/div>\n<\/div>\n<\/div>\n<\/div>\n<\/div>\n<\/div>\n<div id=\"cmsmasters_row_69e1fd464f7df9_99495572\" class=\"cmsmasters_row cmsmasters_color_scheme_default cmsmasters_row_top_default cmsmasters_row_bot_default cmsmasters_row_boxed\">\n<div class=\"cmsmasters_row_outer_parent\">\n<div class=\"cmsmasters_row_outer\">\n<div class=\"cmsmasters_row_inner\">\n<div class=\"cmsmasters_row_margin\">\n<div class=\"cmsmasters_column one_first\">\n\n<div id=\"cmsmasters_heading_69e1fd464f8ba2_74244098\" class=\"cmsmasters_heading_wrap cmsmasters_heading_align_left\">\n\t<h1 class=\"cmsmasters_heading\">Les bienfaits<\/h1>\n<\/div>\n<\/div>\n<\/div>\n<\/div>\n<\/div>\n<\/div>\n<\/div>\n<div id=\"cmsmasters_row_69e1fd464f8e80_17368583\" class=\"cmsmasters_row cmsmasters_color_scheme_default cmsmasters_row_top_default cmsmasters_row_bot_default cmsmasters_row_boxed\">\n<div class=\"cmsmasters_row_outer_parent\">\n<div class=\"cmsmasters_row_outer\">\n<div class=\"cmsmasters_row_inner\">\n<div class=\"cmsmasters_row_margin\">\n<div class=\"cmsmasters_column one_first\">\n<div class=\"cmsmasters_text\">\n<p class=\"cvGsUA direction-ltr align-justify para-style-body\"><span class=\"OYPEnA font-feature-liga-off font-feature-clig-off font-feature-calt-off text-decoration-none text-strikethrough-none\">La danse th\u00e9rapie permet d\u2019am\u00e9liorer l&rsquo;int\u00e9gration \u00e9motionnelle, cognitive, physique et sociale des individus. Bas\u00e9e sur la connexion corps-esprit, elle permet d&rsquo;exprimer des \u00e9motions non verbalis\u00e9es et vise \u00e0 une approche holistique du bien-\u00eatre.<\/span><\/p>\n<p class=\"cvGsUA direction-ltr align-justify para-style-body\"><span class=\"OYPEnA font-feature-liga-off font-feature-clig-off font-feature-calt-off text-decoration-none text-strikethrough-none\">Les danse th\u00e9rapeutes sont des professionnels form\u00e9s en danse, en p\u00e9dagogie et en psychologie. Ils aident les individus \u00e0 utiliser le mouvement pour exprimer et transformer leurs \u00e9motions, renfor\u00e7ant ainsi leur bien-\u00eatre global. La danse th\u00e9rapie peut aider \u00e0 tout \u00e2ge, enfants, adultes et seniors. Elle s&rsquo;inscrit comme une aide pr\u00e9cieuse dans le cadre de structures tel que des h\u00f4pitaux, \u00e9coles&#8230;<\/span><\/p>\n<\/div>\n<\/div>\n<\/div>\n<\/div>\n<\/div>\n<\/div>\n<\/div>","protected":false},"excerpt":{"rendered":"","protected":false},"author":1,"featured_media":13999,"parent":0,"menu_order":0,"comment_status":"closed","ping_status":"closed","template":"","meta":{"_EventAllDay":false,"_EventTimezone":"","_EventStartDate":"","_EventEndDate":"","_EventStartDateUTC":"","_EventEndDateUTC":"","_EventShowMap":false,"_EventShowMapLink":false,"_EventURL":"","_EventCost":"","_EventCostDescription":"","_EventCurrencySymbol":"","_EventCurrencyCode":"","_EventCurrencyPosition":"","_EventDateTimeSeparator":"","_EventTimeRangeSeparator":"","_EventOrganizerID":[],"_EventVenueID":[],"_OrganizerEmail":"","_OrganizerPhone":"","_OrganizerWebsite":"","_VenueAddress":"","_VenueCity":"","_VenueCountry":"","_VenueProvince":"","_VenueState":"","_VenueZip":"","_VenuePhone":"","_VenueURL":"","_VenueStateProvince":"","_VenueLat":"","_VenueLng":"","_VenueShowMap":false,"_VenueShowMapLink":false,"footnotes":""},"tags":[],"class_list":["post-14481","page","type-page","status-publish","has-post-thumbnail","hentry"],"yoast_head":"<!-- This site is optimized with the Yoast SEO Premium plugin v23.8 (Yoast SEO v27.0) - https:\/\/yoast.com\/product\/yoast-seo-premium-wordpress\/ -->\n<title>Qu&#039;est ce que la danse th\u00e9rapie? - Per Se Nota | Danse th\u00e9rapie<\/title>\n<meta name=\"description\" content=\"Qu&#039;est-ce que la danse th\u00e9rapie? D\u00e9couvrez l&#039;approche Per se nota\u00a9 et les bienfaits de la danse th\u00e9rapie pour tous les publics\" \/>\n<meta name=\"robots\" content=\"index, follow, max-snippet:-1, max-image-preview:large, max-video-preview:-1\" \/>\n<link rel=\"canonical\" href=\"https:\/\/formationdansetherapie.com\/en\/qu-est-ce-que-la-danse-therapie\/\" \/>\n<meta property=\"og:locale\" content=\"en_US\" \/>\n<meta property=\"og:type\" content=\"article\" \/>\n<meta property=\"og:title\" content=\"Qu&#039;est ce que la danse th\u00e9rapie?\" \/>\n<meta property=\"og:description\" content=\"Qu&#039;est-ce que la danse th\u00e9rapie? D\u00e9couvrez l&#039;approche Per se nota\u00a9 et les bienfaits de la danse th\u00e9rapie pour tous les publics\" \/>\n<meta property=\"og:url\" content=\"https:\/\/formationdansetherapie.com\/en\/qu-est-ce-que-la-danse-therapie\/\" \/>\n<meta property=\"og:site_name\" content=\"Per Se Nota | Danse th\u00e9rapie\" \/>\n<meta property=\"article:modified_time\" content=\"2025-01-11T13:01:56+00:00\" \/>\n<meta property=\"og:image\" content=\"https:\/\/formationdansetherapie.com\/wp-content\/uploads\/2024\/09\/Danse-therapie-Paris-Pascale-Saly.jpg\" \/>\n\t<meta property=\"og:image:width\" content=\"1080\" \/>\n\t<meta property=\"og:image:height\" content=\"1080\" \/>\n\t<meta property=\"og:image:type\" content=\"image\/jpeg\" \/>\n<meta name=\"twitter:card\" content=\"summary_large_image\" \/>\n<meta name=\"twitter:label1\" content=\"Est. reading time\" \/>\n\t<meta name=\"twitter:data1\" content=\"3 minutes\" \/>\n<script type=\"application\/ld+json\" class=\"yoast-schema-graph\">{\"@context\":\"https:\/\/schema.org\",\"@graph\":[{\"@type\":\"WebPage\",\"@id\":\"https:\/\/formationdansetherapie.com\/qu-est-ce-que-la-danse-therapie\/\",\"url\":\"https:\/\/formationdansetherapie.com\/qu-est-ce-que-la-danse-therapie\/\",\"name\":\"Qu'est ce que la danse th\u00e9rapie? - Per Se Nota | Danse th\u00e9rapie\",\"isPartOf\":{\"@id\":\"https:\/\/formationdansetherapie.com\/#website\"},\"primaryImageOfPage\":{\"@id\":\"https:\/\/formationdansetherapie.com\/qu-est-ce-que-la-danse-therapie\/#primaryimage\"},\"image\":{\"@id\":\"https:\/\/formationdansetherapie.com\/qu-est-ce-que-la-danse-therapie\/#primaryimage\"},\"thumbnailUrl\":\"https:\/\/formationdansetherapie.com\/wp-content\/uploads\/2024\/09\/Danse-therapie-Paris-Pascale-Saly.jpg\",\"datePublished\":\"2024-10-02T16:15:18+00:00\",\"dateModified\":\"2025-01-11T13:01:56+00:00\",\"description\":\"Qu'est-ce que la danse th\u00e9rapie? D\u00e9couvrez l'approche Per se nota\u00a9 et les bienfaits de la danse th\u00e9rapie pour tous les publics\",\"breadcrumb\":{\"@id\":\"https:\/\/formationdansetherapie.com\/qu-est-ce-que-la-danse-therapie\/#breadcrumb\"},\"inLanguage\":\"en-US\",\"potentialAction\":[{\"@type\":\"ReadAction\",\"target\":[\"https:\/\/formationdansetherapie.com\/qu-est-ce-que-la-danse-therapie\/\"]}]},{\"@type\":\"ImageObject\",\"inLanguage\":\"en-US\",\"@id\":\"https:\/\/formationdansetherapie.com\/qu-est-ce-que-la-danse-therapie\/#primaryimage\",\"url\":\"https:\/\/formationdansetherapie.com\/wp-content\/uploads\/2024\/09\/Danse-therapie-Paris-Pascale-Saly.jpg\",\"contentUrl\":\"https:\/\/formationdansetherapie.com\/wp-content\/uploads\/2024\/09\/Danse-therapie-Paris-Pascale-Saly.jpg\",\"width\":1080,\"height\":1080},{\"@type\":\"BreadcrumbList\",\"@id\":\"https:\/\/formationdansetherapie.com\/qu-est-ce-que-la-danse-therapie\/#breadcrumb\",\"itemListElement\":[{\"@type\":\"ListItem\",\"position\":1,\"name\":\"Home\",\"item\":\"https:\/\/formationdansetherapie.com\/\"},{\"@type\":\"ListItem\",\"position\":2,\"name\":\"Qu&#8217;est ce que la danse th\u00e9rapie?\"}]},{\"@type\":\"WebSite\",\"@id\":\"https:\/\/formationdansetherapie.com\/#website\",\"url\":\"https:\/\/formationdansetherapie.com\/\",\"name\":\"Per Se Nota | Danse th\u00e9rapie\",\"description\":\"Formation professionnelle danse th\u00e9rapie - professeur de danse th\u00e9rapie et danse th\u00e9rapeute\",\"potentialAction\":[{\"@type\":\"SearchAction\",\"target\":{\"@type\":\"EntryPoint\",\"urlTemplate\":\"https:\/\/formationdansetherapie.com\/?s={search_term_string}\"},\"query-input\":{\"@type\":\"PropertyValueSpecification\",\"valueRequired\":true,\"valueName\":\"search_term_string\"}}],\"inLanguage\":\"en-US\"}]}<\/script>\n<!-- \/ Yoast SEO Premium plugin. -->","yoast_head_json":{"title":"Qu'est ce que la danse th\u00e9rapie? - Per Se Nota | Danse th\u00e9rapie","description":"Qu'est-ce que la danse th\u00e9rapie? D\u00e9couvrez l'approche Per se nota\u00a9 et les bienfaits de la danse th\u00e9rapie pour tous les publics","robots":{"index":"index","follow":"follow","max-snippet":"max-snippet:-1","max-image-preview":"max-image-preview:large","max-video-preview":"max-video-preview:-1"},"canonical":"https:\/\/formationdansetherapie.com\/en\/qu-est-ce-que-la-danse-therapie\/","og_locale":"en_US","og_type":"article","og_title":"Qu'est ce que la danse th\u00e9rapie?","og_description":"Qu'est-ce que la danse th\u00e9rapie? D\u00e9couvrez l'approche Per se nota\u00a9 et les bienfaits de la danse th\u00e9rapie pour tous les publics","og_url":"https:\/\/formationdansetherapie.com\/en\/qu-est-ce-que-la-danse-therapie\/","og_site_name":"Per Se Nota | Danse th\u00e9rapie","article_modified_time":"2025-01-11T13:01:56+00:00","og_image":[{"width":1080,"height":1080,"url":"https:\/\/formationdansetherapie.com\/wp-content\/uploads\/2024\/09\/Danse-therapie-Paris-Pascale-Saly.jpg","type":"image\/jpeg"}],"twitter_card":"summary_large_image","twitter_misc":{"Est. reading time":"3 minutes"},"schema":{"@context":"https:\/\/schema.org","@graph":[{"@type":"WebPage","@id":"https:\/\/formationdansetherapie.com\/qu-est-ce-que-la-danse-therapie\/","url":"https:\/\/formationdansetherapie.com\/qu-est-ce-que-la-danse-therapie\/","name":"Qu'est ce que la danse th\u00e9rapie? - Per Se Nota | Danse th\u00e9rapie","isPartOf":{"@id":"https:\/\/formationdansetherapie.com\/#website"},"primaryImageOfPage":{"@id":"https:\/\/formationdansetherapie.com\/qu-est-ce-que-la-danse-therapie\/#primaryimage"},"image":{"@id":"https:\/\/formationdansetherapie.com\/qu-est-ce-que-la-danse-therapie\/#primaryimage"},"thumbnailUrl":"https:\/\/formationdansetherapie.com\/wp-content\/uploads\/2024\/09\/Danse-therapie-Paris-Pascale-Saly.jpg","datePublished":"2024-10-02T16:15:18+00:00","dateModified":"2025-01-11T13:01:56+00:00","description":"Qu'est-ce que la danse th\u00e9rapie? D\u00e9couvrez l'approche Per se nota\u00a9 et les bienfaits de la danse th\u00e9rapie pour tous les publics","breadcrumb":{"@id":"https:\/\/formationdansetherapie.com\/qu-est-ce-que-la-danse-therapie\/#breadcrumb"},"inLanguage":"en-US","potentialAction":[{"@type":"ReadAction","target":["https:\/\/formationdansetherapie.com\/qu-est-ce-que-la-danse-therapie\/"]}]},{"@type":"ImageObject","inLanguage":"en-US","@id":"https:\/\/formationdansetherapie.com\/qu-est-ce-que-la-danse-therapie\/#primaryimage","url":"https:\/\/formationdansetherapie.com\/wp-content\/uploads\/2024\/09\/Danse-therapie-Paris-Pascale-Saly.jpg","contentUrl":"https:\/\/formationdansetherapie.com\/wp-content\/uploads\/2024\/09\/Danse-therapie-Paris-Pascale-Saly.jpg","width":1080,"height":1080},{"@type":"BreadcrumbList","@id":"https:\/\/formationdansetherapie.com\/qu-est-ce-que-la-danse-therapie\/#breadcrumb","itemListElement":[{"@type":"ListItem","position":1,"name":"Home","item":"https:\/\/formationdansetherapie.com\/"},{"@type":"ListItem","position":2,"name":"Qu&#8217;est ce que la danse th\u00e9rapie?"}]},{"@type":"WebSite","@id":"https:\/\/formationdansetherapie.com\/#website","url":"https:\/\/formationdansetherapie.com\/","name":"Per Se Nota | Dance therapy","description":"Formation professionnelle danse th\u00e9rapie - professeur de danse th\u00e9rapie et danse th\u00e9rapeute","potentialAction":[{"@type":"SearchAction","target":{"@type":"EntryPoint","urlTemplate":"https:\/\/formationdansetherapie.com\/?s={search_term_string}"},"query-input":{"@type":"PropertyValueSpecification","valueRequired":true,"valueName":"search_term_string"}}],"inLanguage":"en-US"}]}},"_links":{"self":[{"href":"https:\/\/formationdansetherapie.com\/en\/wp-json\/wp\/v2\/pages\/14481","targetHints":{"allow":["GET"]}}],"collection":[{"href":"https:\/\/formationdansetherapie.com\/en\/wp-json\/wp\/v2\/pages"}],"about":[{"href":"https:\/\/formationdansetherapie.com\/en\/wp-json\/wp\/v2\/types\/page"}],"author":[{"embeddable":true,"href":"https:\/\/formationdansetherapie.com\/en\/wp-json\/wp\/v2\/users\/1"}],"replies":[{"embeddable":true,"href":"https:\/\/formationdansetherapie.com\/en\/wp-json\/wp\/v2\/comments?post=14481"}],"version-history":[{"count":9,"href":"https:\/\/formationdansetherapie.com\/en\/wp-json\/wp\/v2\/pages\/14481\/revisions"}],"predecessor-version":[{"id":15713,"href":"https:\/\/formationdansetherapie.com\/en\/wp-json\/wp\/v2\/pages\/14481\/revisions\/15713"}],"wp:featuredmedia":[{"embeddable":true,"href":"https:\/\/formationdansetherapie.com\/en\/wp-json\/wp\/v2\/media\/13999"}],"wp:attachment":[{"href":"https:\/\/formationdansetherapie.com\/en\/wp-json\/wp\/v2\/media?parent=14481"}],"wp:term":[{"taxonomy":"post_tag","embeddable":true,"href":"https:\/\/formationdansetherapie.com\/en\/wp-json\/wp\/v2\/tags?post=14481"}],"curies":[{"name":"wp","href":"https:\/\/api.w.org\/{rel}","templated":true}]}}