{"id":14436,"date":"2024-10-01T11:02:34","date_gmt":"2024-10-01T09:02:34","guid":{"rendered":"https:\/\/formationdansetherapie.com\/?page_id=14436"},"modified":"2025-04-04T15:15:48","modified_gmt":"2025-04-04T13:15:48","slug":"atelier-de-danse-therapie","status":"publish","type":"page","link":"https:\/\/formationdansetherapie.com\/en\/atelier-de-danse-therapie\/","title":{"rendered":"Atelier de danse th\u00e9rapie"},"content":{"rendered":"<style type=\"text\/css\"> \n#cmsmasters_row_69e1fd657759e1_66187577 { \n\tbackground-image: url(https:\/\/formationdansetherapie.com\/wp-content\/uploads\/2024\/12\/Danse-therapie.png); \n\tbackground-position: top center; \n\tbackground-repeat: no-repeat; \n\tbackground-attachment: scroll; \n\tbackground-size: cover; \n} \n\n#cmsmasters_row_69e1fd657759e1_66187577 .cmsmasters_row_outer_parent { \n\tpadding-top: 90px; \n} \n\n#cmsmasters_row_69e1fd657759e1_66187577 .cmsmasters_row_outer_parent { \n\tpadding-bottom: 200px; \n} \n\n \n#cmsmasters_row_69e1fd65778bc9_80694909 { \n\tbackground-color:#622084;\n} \n\n#cmsmasters_row_69e1fd65778bc9_80694909 .cmsmasters_row_outer_parent { \n\tpadding-top: 20px; \n} \n\n#cmsmasters_row_69e1fd65778bc9_80694909 .cmsmasters_row_outer_parent { \n\tpadding-bottom: 20px; \n} \n\n \n#cmsmasters_row_69e1fd657792b0_04624454 .cmsmasters_row_outer_parent { \n\tpadding-top: 0px; \n} \n\n#cmsmasters_row_69e1fd657792b0_04624454 .cmsmasters_row_outer_parent { \n\tpadding-bottom: 50px; \n} \n\n \n#cmsmasters_row_69e1fd65779db7_66195187 .cmsmasters_row_outer_parent { \n\tpadding-top: 0px; \n} \n\n#cmsmasters_row_69e1fd65779db7_66195187 .cmsmasters_row_outer_parent { \n\tpadding-bottom: 50px; \n} \n\n \n#cmsmasters_row_69e1fd6577a5c0_61828808 .cmsmasters_row_outer_parent { \n\tpadding-top: 0px; \n} \n\n#cmsmasters_row_69e1fd6577a5c0_61828808 .cmsmasters_row_outer_parent { \n\tpadding-bottom: 50px; \n} \n\n \n#cmsmasters_heading_69e1fd6577ba06_12097035 { \n\ttext-align:left; \n\tmargin-top:0px; \n\tmargin-bottom:20px; \n} \n\n#cmsmasters_heading_69e1fd6577ba06_12097035 .cmsmasters_heading { \n\ttext-align:left; \n} \n\n#cmsmasters_heading_69e1fd6577ba06_12097035 .cmsmasters_heading, #cmsmasters_heading_69e1fd6577ba06_12097035 .cmsmasters_heading a { \n\tfont-family:'Comfortaa'; \n\tfont-size:20px; \n\tfont-weight:normal; \n\tfont-style:normal; \n} \n\n#cmsmasters_heading_69e1fd6577ba06_12097035 .cmsmasters_heading_divider { \n} \n\n \n#cmsmasters_heading_69e1fd657817e5_27509535 { \n\ttext-align:left; \n\tmargin-top:0px; \n\tmargin-bottom:20px; \n} \n\n#cmsmasters_heading_69e1fd657817e5_27509535 .cmsmasters_heading { \n\ttext-align:left; \n} \n\n#cmsmasters_heading_69e1fd657817e5_27509535 .cmsmasters_heading, #cmsmasters_heading_69e1fd657817e5_27509535 .cmsmasters_heading a { \n\tfont-family:'Comfortaa'; \n\tfont-size:20px; \n\tfont-weight:normal; \n\tfont-style:normal; \n} \n\n#cmsmasters_heading_69e1fd657817e5_27509535 .cmsmasters_heading_divider { \n} \n\n \n#cmsmasters_row_69e1fd65783f76_32940637 .cmsmasters_row_outer_parent { \n\tpadding-top: 0px; \n} \n\n#cmsmasters_row_69e1fd65783f76_32940637 .cmsmasters_row_outer_parent { \n\tpadding-bottom: 50px; \n} \n\n<\/style><div id=\"cmsmasters_row_69e1fd657759e1_66187577\" class=\"cmsmasters_row cmsmasters_color_scheme_default cmsmasters_row_top_default cmsmasters_row_bot_default cmsmasters_row_boxed\">\n<div class=\"cmsmasters_row_outer_parent\">\n<div class=\"cmsmasters_row_outer\">\n<div class=\"cmsmasters_row_inner\">\n<div class=\"cmsmasters_row_margin\">\n<div class=\"cmsmasters_column one_first\">\n<\/div>\n<\/div>\n<\/div>\n<\/div>\n<\/div>\n<\/div>\n<div id=\"cmsmasters_row_69e1fd65778bc9_80694909\" class=\"cmsmasters_row cmsmasters_color_scheme_default cmsmasters_row_top_default cmsmasters_row_bot_default cmsmasters_row_boxed\">\n<div class=\"cmsmasters_row_outer_parent\">\n<div class=\"cmsmasters_row_outer\">\n<div class=\"cmsmasters_row_inner\">\n<div class=\"cmsmasters_row_margin\">\n<div class=\"cmsmasters_column one_first\">\n<div class=\"cmsmasters_text\">\n<h2><a href=\"\/en\/ateliers-danse-therapie\/\"><span style=\"color: #ccffff;\">Ateliers de danse th\u00e9rapie<\/span><\/a><\/h2>\n<\/div>\n<\/div>\n<\/div>\n<\/div>\n<\/div>\n<\/div>\n<\/div>\n<div id=\"cmsmasters_row_69e1fd657792b0_04624454\" class=\"cmsmasters_row cmsmasters_color_scheme_default cmsmasters_row_top_default cmsmasters_row_bot_default cmsmasters_row_boxed\">\n<div class=\"cmsmasters_row_outer_parent\">\n<div class=\"cmsmasters_row_outer\">\n<div class=\"cmsmasters_row_inner\">\n<div class=\"cmsmasters_row_margin\">\n<div class=\"cmsmasters_column one_first\">\n<div class=\"cmsmasters_text\">\n<h2><\/h2>\n<h2>D\u00e9couvrez notre formule Atelier<\/h2>\n<\/div>\n<div class=\"cmsmasters_text\">\n<p>Nous offrons la possibilit\u00e9 \u00e0 chacun de participer \u00e0 un ou plusieurs modules p\u00e9dagogiques de notre formation compl\u00e8te en toute libert\u00e9, sous forme d&rsquo;ateliers. Vous serez ainsi en immersion avec nos \u00e9l\u00e8ves en formation et aurez acc\u00e8s aux supports p\u00e9dagogiques des ateliers suivis.<\/p>\n<p>Cette formule permet de plonger dans la danse th\u00e9rapie, d&rsquo;explorer vos \u00e9motions et sentiments \u00e0 travers le mouvement libre et dans\u00e9, dans un espace propice et s\u00e9curis\u00e9. C&rsquo;est une exp\u00e9rience transformative et b\u00e9n\u00e9fique, ainsi qu&rsquo;une potentielle porte d&rsquo;entr\u00e9e pour la formation compl\u00e8te si vous le souhaitez.<\/p>\n<h4><\/h4>\n<p>&nbsp;<\/p>\n<div style=\"display: none;\">\n<h2>Atelier de danse th\u00e9rapie.<\/h2>\n<p>us serez ainsi en immersion avec nos \u00e9l\u00e8ves en formation et aurez acc\u00e8s aux supports p\u00e9dagogiques des ateliers\u00e9rapie, d&rsquo;explorer vos \u00e9motions et sentiments \u00e0 travers le mouvement libre et dans\u00e9, dans un espace propice et s\u00e9curis\u00e9. C&rsquo;est une exp\u00e9rience transformative et b\u00e9n\u00e9fique, ainsi qu&rsquo;une potentieplod&rsquo;ateliers d&rsquo;un ou de deux jours. Vous serez ainsi en immersion avec nos \u00e9l\u00e8ves en formationnger dans la danse th\u00e9rapie, d&rsquo;explorer vos \u00e9motions et sentiments \u00e0 travers le mouvement liC&rsquo;est une exp\u00e9rience transformative et b\u00e9n\u00e9fique, ainsi qu&rsquo;une potentielle porte d&rsquo;entr\u00e9e pour la formation compl\u00e8te si vous le souhaieplod&rsquo;ateliers d&rsquo;un ou de deux jours.\u00a0 travers le mouvement liC&rsquo;est une exp\u00e9rience transformative et b\u00e9n\u00e9fiqufique, ainsi qu&rsquo;une potentieplod&rsquo;ateliers d&rsquo;un ou de deux jours. Vous serez ainsi en immersion avec nos \u00e9l\u00e8ves en formationnger dans la danse th\u00e9rapie, d&rsquo;explorer vos \u00e9motions et sentiments \u00e0 travers le mouvement liC&rsquo;est une exp\u00e9rience transformative et b\u00e9n\u00e9fique, ainsi qu&rsquo;un<\/p>\n<h2>Ateliers danse th\u00e9rapie Per se Nota\u00a9<\/h2>\n<h3>Atelier de danse th\u00e9rapie<\/h3>\n<\/div>\n<\/div>\n<\/div>\n<\/div>\n<\/div>\n<\/div>\n<\/div>\n<\/div>\n<div id=\"cmsmasters_row_69e1fd65779db7_66195187\" class=\"cmsmasters_row cmsmasters_color_scheme_default cmsmasters_row_top_default cmsmasters_row_bot_default cmsmasters_row_boxed\">\n<div class=\"cmsmasters_row_outer_parent\">\n<div class=\"cmsmasters_row_outer\">\n<div class=\"cmsmasters_row_inner\">\n<div class=\"cmsmasters_row_margin\">\n<div class=\"cmsmasters_column one_first\">\n<div class=\"cmsmasters_text\">\n<h3>Audience<\/h3>\n<ul>\n<li>Toute personne curieuse de d\u00e9couvrir l&rsquo;univers de la danse th\u00e9rapie et d&rsquo;approfondir ses connaissances sur un sujet particulier \u00e0 travers la danse et la relaxation.<\/li>\n<\/ul>\n<h3>Pre-requisites<\/h3>\n<ul>\n<li>No<\/li>\n<\/ul>\n<h3>D\u00e9lai d&rsquo;accessibilit\u00e9<\/h3>\n<ul>\n<li>48h avant la date de l&rsquo;atelier choisi<\/li>\n<li>Dans la limite des places disponibles<\/li>\n<\/ul>\n<h3>D\u00e9roul\u00e9 et contenu<\/h3>\n<ul>\n<li>7h de module p\u00e9dagogique en pr\u00e9sentiel<\/li>\n<li>Support PDF de chaque module r\u00e9alis\u00e9<\/li>\n<\/ul>\n<\/div>\n<\/div>\n<\/div>\n<\/div>\n<\/div>\n<\/div>\n<\/div>\n<div id=\"cmsmasters_row_69e1fd6577a5c0_61828808\" class=\"cmsmasters_row cmsmasters_color_scheme_default cmsmasters_row_top_default cmsmasters_row_bot_default cmsmasters_row_boxed\">\n<div class=\"cmsmasters_row_outer_parent\">\n<div class=\"cmsmasters_row_outer\">\n<div class=\"cmsmasters_row_inner\">\n<div class=\"cmsmasters_row_margin\">\n<div class=\"cmsmasters_column one_third\">\n\n<div id=\"cmsmasters_heading_69e1fd6577ba06_12097035\" class=\"cmsmasters_heading_wrap cmsmasters_heading_align_left\">\n\t<h3 class=\"cmsmasters_heading cmsmasters-icon-down-circled\">Je m&rsquo;inscris ici <\/h3>\n<\/div><div class=\"aligncenter\">\n<div class=\"cmsmasters_img  cmsmasters_image_c\">\n<a href=\"https:\/\/airtable.com\/appPmTEUrmNPPsGOO\/pagQ3HN2ar2sjuCbA\/form\"><img decoding=\"async\" src=\"https:\/\/formationdansetherapie.com\/wp-content\/uploads\/2025\/04\/Danse-therapie-bouton-atelier-2.png\" \/><\/a>\n<\/div>\n<\/div>\n<\/div>\n<div class=\"cmsmasters_column one_third\">\n<div class=\"aligncenter\">\n<div class=\"cmsmasters_img  cmsmasters_image_c\">\n<a href=\"https:\/\/airtable.com\/appPmTEUrmNPPsGOO\/pagQ3HN2ar2sjuCbA\/form\"><img decoding=\"async\" src=\"https:\/\/formationdansetherapie.com\/wp-content\/uploads\/2025\/04\/lien-dinscription.png\" \/><\/a>\n<\/div>\n<\/div>\n<\/div>\n<div class=\"cmsmasters_column one_third\">\n\n<div id=\"cmsmasters_heading_69e1fd657817e5_27509535\" class=\"cmsmasters_heading_wrap cmsmasters_heading_align_left\">\n\t<h3 class=\"cmsmasters_heading cmsmasters-icon-down-circled\">Je t\u00e9l\u00e9charge la plaquette ici <\/h3>\n<\/div><div class=\"aligncenter\">\n<div class=\"cmsmasters_img  cmsmasters_image_c\">\n<a href=\"https:\/\/formationdansetherapie.com\/wp-content\/uploads\/2025\/04\/Plaquette-atelier-de-danse-therapie.pdf\" target=\"_blank\"><img decoding=\"async\" src=\"https:\/\/formationdansetherapie.com\/wp-content\/uploads\/2025\/04\/Telechargement-atelier-1.png\" \/><\/a>\n<\/div>\n<\/div>\n<\/div>\n<\/div>\n<\/div>\n<\/div>\n<\/div>\n<\/div>\n<div id=\"cmsmasters_row_69e1fd65783f76_32940637\" class=\"cmsmasters_row cmsmasters_color_scheme_default cmsmasters_row_top_default cmsmasters_row_bot_default cmsmasters_row_boxed\">\n<div class=\"cmsmasters_row_outer_parent\">\n<div class=\"cmsmasters_row_outer\">\n<div class=\"cmsmasters_row_inner\">\n<div class=\"cmsmasters_row_margin\">\n<div class=\"cmsmasters_column one_first\">\n<\/div>\n<\/div>\n<\/div>\n<\/div>\n<\/div>\n<\/div>","protected":false},"excerpt":{"rendered":"","protected":false},"author":1,"featured_media":15205,"parent":0,"menu_order":0,"comment_status":"closed","ping_status":"closed","template":"","meta":{"_EventAllDay":false,"_EventTimezone":"","_EventStartDate":"","_EventEndDate":"","_EventStartDateUTC":"","_EventEndDateUTC":"","_EventShowMap":false,"_EventShowMapLink":false,"_EventURL":"","_EventCost":"","_EventCostDescription":"","_EventCurrencySymbol":"","_EventCurrencyCode":"","_EventCurrencyPosition":"","_EventDateTimeSeparator":"","_EventTimeRangeSeparator":"","_EventOrganizerID":[],"_EventVenueID":[],"_OrganizerEmail":"","_OrganizerPhone":"","_OrganizerWebsite":"","_VenueAddress":"","_VenueCity":"","_VenueCountry":"","_VenueProvince":"","_VenueState":"","_VenueZip":"","_VenuePhone":"","_VenueURL":"","_VenueStateProvince":"","_VenueLat":"","_VenueLng":"","_VenueShowMap":false,"_VenueShowMapLink":false,"footnotes":""},"tags":[],"class_list":["post-14436","page","type-page","status-publish","has-post-thumbnail","hentry"],"yoast_head":"<!-- This site is optimized with the Yoast SEO Premium plugin v23.8 (Yoast SEO v27.0) - https:\/\/yoast.com\/product\/yoast-seo-premium-wordpress\/ -->\n<title>Atelier de danse th\u00e9rapie - Per Se Nota | Danse th\u00e9rapie<\/title>\n<meta name=\"description\" content=\"D\u00e9couvrez nos formations compl\u00e8te Atelier de danse th\u00e9rapie pour devenir professeur de danse th\u00e9rapie aupr\u00e8s des enfants, adulte et seniors.\" \/>\n<meta name=\"robots\" content=\"index, follow, max-snippet:-1, max-image-preview:large, max-video-preview:-1\" \/>\n<link rel=\"canonical\" href=\"https:\/\/formationdansetherapie.com\/en\/atelier-de-danse-therapie\/\" \/>\n<meta property=\"og:locale\" content=\"en_US\" \/>\n<meta property=\"og:type\" content=\"article\" \/>\n<meta property=\"og:title\" content=\"Atelier de danse th\u00e9rapie\" \/>\n<meta property=\"og:description\" content=\"D\u00e9couvrez nos formations compl\u00e8te Atelier de danse th\u00e9rapie pour devenir professeur de danse th\u00e9rapie aupr\u00e8s des enfants, adulte et seniors.\" \/>\n<meta property=\"og:url\" content=\"https:\/\/formationdansetherapie.com\/en\/atelier-de-danse-therapie\/\" \/>\n<meta property=\"og:site_name\" content=\"Per Se Nota | Danse th\u00e9rapie\" \/>\n<meta property=\"article:modified_time\" content=\"2025-04-04T13:15:48+00:00\" \/>\n<meta property=\"og:image\" content=\"https:\/\/formationdansetherapie.com\/wp-content\/uploads\/2024\/12\/Danse-therapie-1024x373.png\" \/>\n\t<meta property=\"og:image:width\" content=\"1024\" \/>\n\t<meta property=\"og:image:height\" content=\"373\" \/>\n\t<meta property=\"og:image:type\" content=\"image\/png\" \/>\n<meta name=\"twitter:card\" content=\"summary_large_image\" \/>\n<meta name=\"twitter:label1\" content=\"Est. reading time\" \/>\n\t<meta name=\"twitter:data1\" content=\"3 minutes\" \/>\n<script type=\"application\/ld+json\" class=\"yoast-schema-graph\">{\"@context\":\"https:\/\/schema.org\",\"@graph\":[{\"@type\":\"WebPage\",\"@id\":\"https:\/\/formationdansetherapie.com\/atelier-de-danse-therapie\/\",\"url\":\"https:\/\/formationdansetherapie.com\/atelier-de-danse-therapie\/\",\"name\":\"Atelier de danse th\u00e9rapie - Per Se Nota | Danse th\u00e9rapie\",\"isPartOf\":{\"@id\":\"https:\/\/formationdansetherapie.com\/#website\"},\"primaryImageOfPage\":{\"@id\":\"https:\/\/formationdansetherapie.com\/atelier-de-danse-therapie\/#primaryimage\"},\"image\":{\"@id\":\"https:\/\/formationdansetherapie.com\/atelier-de-danse-therapie\/#primaryimage\"},\"thumbnailUrl\":\"https:\/\/formationdansetherapie.com\/wp-content\/uploads\/2024\/12\/Danse-therapie.png\",\"datePublished\":\"2024-10-01T09:02:34+00:00\",\"dateModified\":\"2025-04-04T13:15:48+00:00\",\"description\":\"D\u00e9couvrez nos formations compl\u00e8te Atelier de danse th\u00e9rapie pour devenir professeur de danse th\u00e9rapie aupr\u00e8s des enfants, adulte et seniors.\",\"breadcrumb\":{\"@id\":\"https:\/\/formationdansetherapie.com\/atelier-de-danse-therapie\/#breadcrumb\"},\"inLanguage\":\"en-US\",\"potentialAction\":[{\"@type\":\"ReadAction\",\"target\":[\"https:\/\/formationdansetherapie.com\/atelier-de-danse-therapie\/\"]}]},{\"@type\":\"ImageObject\",\"inLanguage\":\"en-US\",\"@id\":\"https:\/\/formationdansetherapie.com\/atelier-de-danse-therapie\/#primaryimage\",\"url\":\"https:\/\/formationdansetherapie.com\/wp-content\/uploads\/2024\/12\/Danse-therapie.png\",\"contentUrl\":\"https:\/\/formationdansetherapie.com\/wp-content\/uploads\/2024\/12\/Danse-therapie.png\",\"width\":1920,\"height\":700,\"caption\":\"Atelier de danse th\u00e9rapie\"},{\"@type\":\"BreadcrumbList\",\"@id\":\"https:\/\/formationdansetherapie.com\/atelier-de-danse-therapie\/#breadcrumb\",\"itemListElement\":[{\"@type\":\"ListItem\",\"position\":1,\"name\":\"Home\",\"item\":\"https:\/\/formationdansetherapie.com\/\"},{\"@type\":\"ListItem\",\"position\":2,\"name\":\"Atelier de danse th\u00e9rapie\"}]},{\"@type\":\"WebSite\",\"@id\":\"https:\/\/formationdansetherapie.com\/#website\",\"url\":\"https:\/\/formationdansetherapie.com\/\",\"name\":\"Per Se Nota | Danse th\u00e9rapie\",\"description\":\"Formation professionnelle danse th\u00e9rapie - professeur de danse th\u00e9rapie et danse th\u00e9rapeute\",\"potentialAction\":[{\"@type\":\"SearchAction\",\"target\":{\"@type\":\"EntryPoint\",\"urlTemplate\":\"https:\/\/formationdansetherapie.com\/?s={search_term_string}\"},\"query-input\":{\"@type\":\"PropertyValueSpecification\",\"valueRequired\":true,\"valueName\":\"search_term_string\"}}],\"inLanguage\":\"en-US\"}]}<\/script>\n<!-- \/ Yoast SEO Premium plugin. -->","yoast_head_json":{"title":"Atelier de danse th\u00e9rapie - Per Se Nota | Danse th\u00e9rapie","description":"D\u00e9couvrez nos formations compl\u00e8te Atelier de danse th\u00e9rapie pour devenir professeur de danse th\u00e9rapie aupr\u00e8s des enfants, adulte et seniors.","robots":{"index":"index","follow":"follow","max-snippet":"max-snippet:-1","max-image-preview":"max-image-preview:large","max-video-preview":"max-video-preview:-1"},"canonical":"https:\/\/formationdansetherapie.com\/en\/atelier-de-danse-therapie\/","og_locale":"en_US","og_type":"article","og_title":"Atelier de danse th\u00e9rapie","og_description":"D\u00e9couvrez nos formations compl\u00e8te Atelier de danse th\u00e9rapie pour devenir professeur de danse th\u00e9rapie aupr\u00e8s des enfants, adulte et seniors.","og_url":"https:\/\/formationdansetherapie.com\/en\/atelier-de-danse-therapie\/","og_site_name":"Per Se Nota | Danse th\u00e9rapie","article_modified_time":"2025-04-04T13:15:48+00:00","og_image":[{"width":1024,"height":373,"url":"https:\/\/formationdansetherapie.com\/wp-content\/uploads\/2024\/12\/Danse-therapie-1024x373.png","type":"image\/png"}],"twitter_card":"summary_large_image","twitter_misc":{"Est. reading time":"3 minutes"},"schema":{"@context":"https:\/\/schema.org","@graph":[{"@type":"WebPage","@id":"https:\/\/formationdansetherapie.com\/atelier-de-danse-therapie\/","url":"https:\/\/formationdansetherapie.com\/atelier-de-danse-therapie\/","name":"Atelier de danse th\u00e9rapie - Per Se Nota | Danse th\u00e9rapie","isPartOf":{"@id":"https:\/\/formationdansetherapie.com\/#website"},"primaryImageOfPage":{"@id":"https:\/\/formationdansetherapie.com\/atelier-de-danse-therapie\/#primaryimage"},"image":{"@id":"https:\/\/formationdansetherapie.com\/atelier-de-danse-therapie\/#primaryimage"},"thumbnailUrl":"https:\/\/formationdansetherapie.com\/wp-content\/uploads\/2024\/12\/Danse-therapie.png","datePublished":"2024-10-01T09:02:34+00:00","dateModified":"2025-04-04T13:15:48+00:00","description":"D\u00e9couvrez nos formations compl\u00e8te Atelier de danse th\u00e9rapie pour devenir professeur de danse th\u00e9rapie aupr\u00e8s des enfants, adulte et seniors.","breadcrumb":{"@id":"https:\/\/formationdansetherapie.com\/atelier-de-danse-therapie\/#breadcrumb"},"inLanguage":"en-US","potentialAction":[{"@type":"ReadAction","target":["https:\/\/formationdansetherapie.com\/atelier-de-danse-therapie\/"]}]},{"@type":"ImageObject","inLanguage":"en-US","@id":"https:\/\/formationdansetherapie.com\/atelier-de-danse-therapie\/#primaryimage","url":"https:\/\/formationdansetherapie.com\/wp-content\/uploads\/2024\/12\/Danse-therapie.png","contentUrl":"https:\/\/formationdansetherapie.com\/wp-content\/uploads\/2024\/12\/Danse-therapie.png","width":1920,"height":700,"caption":"Atelier de danse th\u00e9rapie"},{"@type":"BreadcrumbList","@id":"https:\/\/formationdansetherapie.com\/atelier-de-danse-therapie\/#breadcrumb","itemListElement":[{"@type":"ListItem","position":1,"name":"Home","item":"https:\/\/formationdansetherapie.com\/"},{"@type":"ListItem","position":2,"name":"Atelier de danse th\u00e9rapie"}]},{"@type":"WebSite","@id":"https:\/\/formationdansetherapie.com\/#website","url":"https:\/\/formationdansetherapie.com\/","name":"Per Se Nota | Dance therapy","description":"Formation professionnelle danse th\u00e9rapie - professeur de danse th\u00e9rapie et danse th\u00e9rapeute","potentialAction":[{"@type":"SearchAction","target":{"@type":"EntryPoint","urlTemplate":"https:\/\/formationdansetherapie.com\/?s={search_term_string}"},"query-input":{"@type":"PropertyValueSpecification","valueRequired":true,"valueName":"search_term_string"}}],"inLanguage":"en-US"}]}},"_links":{"self":[{"href":"https:\/\/formationdansetherapie.com\/en\/wp-json\/wp\/v2\/pages\/14436","targetHints":{"allow":["GET"]}}],"collection":[{"href":"https:\/\/formationdansetherapie.com\/en\/wp-json\/wp\/v2\/pages"}],"about":[{"href":"https:\/\/formationdansetherapie.com\/en\/wp-json\/wp\/v2\/types\/page"}],"author":[{"embeddable":true,"href":"https:\/\/formationdansetherapie.com\/en\/wp-json\/wp\/v2\/users\/1"}],"replies":[{"embeddable":true,"href":"https:\/\/formationdansetherapie.com\/en\/wp-json\/wp\/v2\/comments?post=14436"}],"version-history":[{"count":55,"href":"https:\/\/formationdansetherapie.com\/en\/wp-json\/wp\/v2\/pages\/14436\/revisions"}],"predecessor-version":[{"id":16041,"href":"https:\/\/formationdansetherapie.com\/en\/wp-json\/wp\/v2\/pages\/14436\/revisions\/16041"}],"wp:featuredmedia":[{"embeddable":true,"href":"https:\/\/formationdansetherapie.com\/en\/wp-json\/wp\/v2\/media\/15205"}],"wp:attachment":[{"href":"https:\/\/formationdansetherapie.com\/en\/wp-json\/wp\/v2\/media?parent=14436"}],"wp:term":[{"taxonomy":"post_tag","embeddable":true,"href":"https:\/\/formationdansetherapie.com\/en\/wp-json\/wp\/v2\/tags?post=14436"}],"curies":[{"name":"wp","href":"https:\/\/api.w.org\/{rel}","templated":true}]}}