{"id":14426,"date":"2024-10-01T10:18:44","date_gmt":"2024-10-01T08:18:44","guid":{"rendered":"https:\/\/formationdansetherapie.com\/?page_id=14426"},"modified":"2025-06-09T12:12:51","modified_gmt":"2025-06-09T10:12:51","slug":"formation-danse-therapie-decouverte","status":"publish","type":"page","link":"https:\/\/formationdansetherapie.com\/en\/formation-danse-therapie-decouverte\/","title":{"rendered":"Formation d\u00e9couverte"},"content":{"rendered":"<style type=\"text\/css\"> \n#cmsmasters_row_69e24d7fd3c961_05368473 { \n\tbackground-image: url(https:\/\/formationdansetherapie.com\/wp-content\/uploads\/2024\/12\/Danse-therapie.png); \n\tbackground-position: top center; \n\tbackground-repeat: no-repeat; \n\tbackground-attachment: scroll; \n\tbackground-size: cover; \n} \n\n#cmsmasters_row_69e24d7fd3c961_05368473 .cmsmasters_row_outer_parent { \n\tpadding-top: 90px; \n} \n\n#cmsmasters_row_69e24d7fd3c961_05368473 .cmsmasters_row_outer_parent { \n\tpadding-bottom: 200px; \n} \n\n \n#cmsmasters_row_69e24d7fd419e6_37121914 { \n\tbackground-color:#622084;\n} \n\n#cmsmasters_row_69e24d7fd419e6_37121914 .cmsmasters_row_outer_parent { \n\tpadding-top: 20px; \n} \n\n#cmsmasters_row_69e24d7fd419e6_37121914 .cmsmasters_row_outer_parent { \n\tpadding-bottom: 20px; \n} \n\n \n#cmsmasters_row_69e24d7fd42da9_16935034 .cmsmasters_row_outer_parent { \n\tpadding-top: 0px; \n} \n\n#cmsmasters_row_69e24d7fd42da9_16935034 .cmsmasters_row_outer_parent { \n\tpadding-bottom: 50px; \n} \n\n \n#cmsmasters_row_69e24d7fd44c56_81559362 .cmsmasters_row_outer_parent { \n\tpadding-top: 0px; \n} \n\n#cmsmasters_row_69e24d7fd44c56_81559362 .cmsmasters_row_outer_parent { \n\tpadding-bottom: 50px; \n} \n\n\n#cmsmasters_button_69e24d7fd462e8_69738499 { \n\ttext-align:center; \n} \n\n#cmsmasters_button_69e24d7fd462e8_69738499 .cmsmasters_button:before { \n\tmargin-right:.5em; \n\tmargin-left:0; \n\tvertical-align:baseline; \n} \n\n#cmsmasters_button_69e24d7fd462e8_69738499 .cmsmasters_button { \n\tfont-weight:normal; \n\tfont-style:normal; \n\tborder-style:solid; \n} \n#cmsmasters_button_69e24d7fd462e8_69738499 .cmsmasters_button:hover { \n} \n\n#cmsmasters_button_69e24d7fd46a82_78874795 { \n\ttext-align:center; \n} \n\n#cmsmasters_button_69e24d7fd46a82_78874795 .cmsmasters_button:before { \n\tmargin-right:.5em; \n\tmargin-left:0; \n\tvertical-align:baseline; \n} \n\n#cmsmasters_button_69e24d7fd46a82_78874795 .cmsmasters_button { \n\tfont-weight:normal; \n\tfont-style:normal; \n\tborder-style:solid; \n} \n#cmsmasters_button_69e24d7fd46a82_78874795 .cmsmasters_button:hover { \n} \n\n#cmsmasters_button_69e24d7fd46ef2_32759011 { \n\ttext-align:center; \n} \n\n#cmsmasters_button_69e24d7fd46ef2_32759011 .cmsmasters_button:before { \n\tmargin-right:.5em; \n\tmargin-left:0; \n\tvertical-align:baseline; \n} \n\n#cmsmasters_button_69e24d7fd46ef2_32759011 .cmsmasters_button { \n\tfont-weight:normal; \n\tfont-style:normal; \n\tborder-style:solid; \n} \n#cmsmasters_button_69e24d7fd46ef2_32759011 .cmsmasters_button:hover { \n} \n\n#cmsmasters_button_69e24d7fd473d5_30591745 { \n\ttext-align:center; \n} \n\n#cmsmasters_button_69e24d7fd473d5_30591745 .cmsmasters_button:before { \n\tmargin-right:.5em; \n\tmargin-left:0; \n\tvertical-align:baseline; \n} \n\n#cmsmasters_button_69e24d7fd473d5_30591745 .cmsmasters_button { \n\tfont-weight:normal; \n\tfont-style:normal; \n\tborder-style:solid; \n} \n#cmsmasters_button_69e24d7fd473d5_30591745 .cmsmasters_button:hover { \n} \n \n#cmsmasters_row_69e24d7fd475d6_71529824 .cmsmasters_row_outer_parent { \n\tpadding-top: 0px; \n} \n\n#cmsmasters_row_69e24d7fd475d6_71529824 .cmsmasters_row_outer_parent { \n\tpadding-bottom: 50px; \n} \n\n\n#cmsmasters_button_69e24d7fd479d2_75762299 { \n\ttext-align:center; \n} \n\n#cmsmasters_button_69e24d7fd479d2_75762299 .cmsmasters_button:before { \n\tmargin-right:.5em; \n\tmargin-left:0; \n\tvertical-align:baseline; \n} \n\n#cmsmasters_button_69e24d7fd479d2_75762299 .cmsmasters_button { \n\tfont-weight:normal; \n\tfont-style:normal; \n\tborder-style:solid; \n} \n#cmsmasters_button_69e24d7fd479d2_75762299 .cmsmasters_button:hover { \n} \n\n#cmsmasters_button_69e24d7fd47ea4_96308433 { \n\ttext-align:center; \n} \n\n#cmsmasters_button_69e24d7fd47ea4_96308433 .cmsmasters_button:before { \n\tmargin-right:.5em; \n\tmargin-left:0; \n\tvertical-align:baseline; \n} \n\n#cmsmasters_button_69e24d7fd47ea4_96308433 .cmsmasters_button { \n\tfont-weight:normal; \n\tfont-style:normal; \n\tborder-style:solid; \n} \n#cmsmasters_button_69e24d7fd47ea4_96308433 .cmsmasters_button:hover { \n} \n\n#cmsmasters_button_69e24d7fd481a9_34865426 { \n\ttext-align:center; \n} \n\n#cmsmasters_button_69e24d7fd481a9_34865426 .cmsmasters_button:before { \n\tmargin-right:.5em; \n\tmargin-left:0; \n\tvertical-align:baseline; \n} \n\n#cmsmasters_button_69e24d7fd481a9_34865426 .cmsmasters_button { \n\tfont-weight:normal; \n\tfont-style:normal; \n\tborder-style:solid; \n} \n#cmsmasters_button_69e24d7fd481a9_34865426 .cmsmasters_button:hover { \n} \n<\/style><div id=\"cmsmasters_row_69e24d7fd3c961_05368473\" class=\"cmsmasters_row cmsmasters_color_scheme_default cmsmasters_row_top_default cmsmasters_row_bot_default cmsmasters_row_boxed\">\n<div class=\"cmsmasters_row_outer_parent\">\n<div class=\"cmsmasters_row_outer\">\n<div class=\"cmsmasters_row_inner\">\n<div class=\"cmsmasters_row_margin\">\n<div class=\"cmsmasters_column one_first\">\n<\/div>\n<\/div>\n<\/div>\n<\/div>\n<\/div>\n<\/div>\n<div id=\"cmsmasters_row_69e24d7fd419e6_37121914\" class=\"cmsmasters_row cmsmasters_color_scheme_default cmsmasters_row_top_default cmsmasters_row_bot_default cmsmasters_row_boxed\">\n<div class=\"cmsmasters_row_outer_parent\">\n<div class=\"cmsmasters_row_outer\">\n<div class=\"cmsmasters_row_inner\">\n<div class=\"cmsmasters_row_margin\">\n<div class=\"cmsmasters_column one_first\">\n<div class=\"cmsmasters_text\">\n<h2>Formation D\u00e9couverte<\/h2>\n<p>&nbsp;<\/p>\n<p style=\"color: #ffffff; display: none;\"><a href=\"\/en\/formation-danse-therapie-decouverte\/\">discovery<\/a><\/p>\n<h3 style=\"display: none;\">formation d\u00e9couverte de danse th\u00e9rapie<\/h3>\n<\/div>\n<\/div>\n<\/div>\n<\/div>\n<\/div>\n<\/div>\n<\/div>\n<div id=\"cmsmasters_row_69e24d7fd42da9_16935034\" class=\"cmsmasters_row cmsmasters_color_scheme_default cmsmasters_row_top_default cmsmasters_row_bot_default cmsmasters_row_boxed\">\n<div class=\"cmsmasters_row_outer_parent\">\n<div class=\"cmsmasters_row_outer\">\n<div class=\"cmsmasters_row_inner\">\n<div class=\"cmsmasters_row_margin\">\n<div class=\"cmsmasters_column one_first\">\n<div class=\"cmsmasters_text\">\n<h1><\/h1>\n<h2><b>Participez \u00e0 la Formation D\u00e9couverte de danse th\u00e9rapie<\/b><\/h2>\n<p><span style=\"font-weight: 400;\">Vous avez la possibilit\u00e9 de vous inscrire \u00e0 un ou plusieurs th\u00e8mes pour vous initier \u00e0 notre approche de la danse th\u00e9rapie et b\u00e9n\u00e9ficier de tous les bienfaits que cette discipline apporte. Ces th\u00e8mes peuvent vous apporter des comp\u00e9tences pour votre \u00e9volution personnelle ou professionnelle<\/span><\/p>\n<p><span style=\"font-weight: 400;\">Nous collaborons avec l\u2019\u00e9cole <\/span><a href=\"https:\/\/paralasalsa.com\/\"><span style=\"font-weight: 400;\">Para la Salsa<\/span><\/a><span style=\"font-weight: 400;\"> pour pouvoir assister ou observer des cours en pr\u00e9sentiel.<\/span><\/p>\n<h3><b>Occupational skills covered<\/b><\/h3>\n<p><span style=\"font-weight: 400;\">Voici une pr\u00e9sentation rapide des comp\u00e9tences vis\u00e9es pour ch\u00e8que th\u00e8me.<\/span><\/p>\n<ul>\n<li style=\"font-weight: 400;\" aria-level=\"1\"><b>Th\u00e8me cr\u00e9ativit\u00e9<\/b>\n<ul>\n<li style=\"font-weight: 400;\" aria-level=\"2\"><span style=\"font-weight: 400;\">acqu\u00e9rir de la disponibilit\u00e9 pour cr\u00e9er \u00e0 partir de l\u2019instant pr\u00e9sent<\/span><\/li>\n<\/ul>\n<\/li>\n<li style=\"font-weight: 400;\" aria-level=\"1\"><b>Th\u00e8me danse<\/b>\n<ul>\n<li style=\"font-weight: 400;\" aria-level=\"2\"><span style=\"font-weight: 400;\">d\u00e9velopper des comp\u00e9tences pour la pr\u00e9paration du corps \u00e0 la danse<\/span><\/li>\n<\/ul>\n<\/li>\n<li style=\"font-weight: 400;\" aria-level=\"1\"><b>Th\u00e8me th\u00e9rapie<\/b>\n<ul>\n<li style=\"font-weight: 400;\" aria-level=\"2\"><span style=\"font-weight: 400;\">aborder plusieurs approches th\u00e9rapeutiques pour les int\u00e9grer \u00e0 la danse<\/span><\/li>\n<\/ul>\n<\/li>\n<li style=\"font-weight: 400;\" aria-level=\"1\"><b>Th\u00e8me relaxation<\/b>\n<ul>\n<li style=\"font-weight: 400;\" aria-level=\"2\"><span style=\"font-weight: 400;\">s\u2019initier \u00e0 diff\u00e9rents \u00e9tats de conscience modifi\u00e9e<\/span><\/li>\n<\/ul>\n<\/li>\n<li style=\"font-weight: 400;\" aria-level=\"1\"><b>Th\u00e8me m\u00e9tis\u2019danse\u00a9<\/b>\n<ul>\n<li style=\"font-weight: 400;\" aria-level=\"2\"><span style=\"font-weight: 400;\">s\u2019initier \u00e0 diff\u00e9rentes cultures, se familiariser avec des styles musicaux et des approches gestuelles pour aborder la dimension th\u00e9rapeutique sous forme de voyage<\/span><\/li>\n<\/ul>\n<\/li>\n<li style=\"font-weight: 400;\" aria-level=\"1\"><b>Th\u00e8me sacr\u00e9<\/b>\n<ul>\n<li style=\"font-weight: 400;\" aria-level=\"2\"><span style=\"font-weight: 400;\">rencontrer d&rsquo;autres philosophies et approches pour se d\u00e9couvrir<\/span><\/li>\n<\/ul>\n<\/li>\n<li><strong>Th\u00e8me p\u00e9dagogie<\/strong>\n<ul>\n<li>Approfondir le r\u00f4le du p\u00e9dagogue et les sp\u00e9cificit\u00e9s des diff\u00e9rents publics<\/li>\n<\/ul>\n<\/li>\n<\/ul>\n<h3><b>Target audience :<\/b><\/h3>\n<ul>\n<li style=\"font-weight: 400;\" aria-level=\"1\"><span style=\"font-weight: 400;\">Toute personne curieuse de d\u00e9couvrir l\u2019univers de la danse th\u00e9rapie<\/span><\/li>\n<li style=\"font-weight: 400;\" aria-level=\"1\"><span style=\"font-weight: 400;\">Toute personne souhaitant approfondir ses connaissances dans un domaine particulier par la danse et la relaxation<\/span><\/li>\n<\/ul>\n<h3><b>Pre-requisite :<\/b><\/h3>\n<ul>\n<li style=\"font-weight: 400;\" aria-level=\"1\"><span style=\"font-weight: 400;\">An online questionnaire on digiforma<\/span><\/li>\n<\/ul>\n<h3><b>D\u00e9roul\u00e9 de la formation :<\/b><\/h3>\n<ul>\n<li style=\"font-weight: 400;\" aria-level=\"1\"><span style=\"font-weight: 400;\">34 h en 5 jours de modules p\u00e9dagogiques en pr\u00e9sentiel<\/span><\/li>\n<li aria-level=\"1\">15 h environ <span style=\"font-weight: 400;\">de travail personnel sur notre espace en ligne avec des supports, quiz, questionnaires, podcasts, vid\u00e9os\u2026<\/span><\/li>\n<li style=\"font-weight: 400;\" aria-level=\"1\"><span style=\"font-weight: 400;\">6 h de mise en pratique en ligne via notre m\u00e9diath\u00e8que de cours et\/ou en pr\u00e9sentiel dans les cours de l\u2019\u00e9cole Para la Salsa sur demande et inscription pr\u00e9alable, dans la limite des places disponibles.<\/span><\/li>\n<\/ul>\n<h3><b>Attestation de fin de formation :<\/b><\/h3>\n<p><span style=\"font-weight: 400;\">A l\u2019issue de chaque th\u00e8me de formation en danse th\u00e9rapie, une attestation vous sera remise.\u00a0 Pour avoir acc\u00e8s \u00e0 la certification, il vous faudra r\u00e9aliser les 238 heures de modules p\u00e9dagogiques ainsi que les 120 heures de formation en ligne et les 42 heures de pratique en ligne ou en pr\u00e9sentiel.<\/span><\/p>\n<p>&nbsp;<\/p>\n<\/div>\n<\/div>\n<\/div>\n<\/div>\n<\/div>\n<\/div>\n<\/div>\n<div id=\"cmsmasters_row_69e24d7fd44c56_81559362\" class=\"cmsmasters_row cmsmasters_color_scheme_default cmsmasters_row_top_default cmsmasters_row_bot_default cmsmasters_row_boxed\">\n<div class=\"cmsmasters_row_outer_parent\">\n<div class=\"cmsmasters_row_outer\">\n<div class=\"cmsmasters_row_inner\">\n<div class=\"cmsmasters_row_margin\">\n<div class=\"cmsmasters_column one_fourth\">\n\n<div id=\"cmsmasters_button_69e24d7fd462e8_69738499\" class=\"button_wrap\"><a href=\"#\" class=\"cmsmasters_button\"><span>Creativity<\/span><\/a><\/div>\n<\/div>\n<div class=\"cmsmasters_column one_fourth\">\n\n<div id=\"cmsmasters_button_69e24d7fd46a82_78874795\" class=\"button_wrap\"><a href=\"#\" class=\"cmsmasters_button\"><span>Dance<\/span><\/a><\/div>\n<\/div>\n<div class=\"cmsmasters_column one_fourth\">\n\n<div id=\"cmsmasters_button_69e24d7fd46ef2_32759011\" class=\"button_wrap\"><a href=\"#\" class=\"cmsmasters_button\"><span>Therapy<\/span><\/a><\/div>\n<\/div>\n<div class=\"cmsmasters_column one_fourth\">\n\n<div id=\"cmsmasters_button_69e24d7fd473d5_30591745\" class=\"button_wrap\"><a href=\"#\" class=\"cmsmasters_button\"><span>Relaxation<\/span><\/a><\/div>\n<\/div>\n<\/div>\n<\/div>\n<\/div>\n<\/div>\n<\/div>\n<div id=\"cmsmasters_row_69e24d7fd475d6_71529824\" class=\"cmsmasters_row cmsmasters_color_scheme_default cmsmasters_row_top_default cmsmasters_row_bot_default cmsmasters_row_boxed\">\n<div class=\"cmsmasters_row_outer_parent\">\n<div class=\"cmsmasters_row_outer\">\n<div class=\"cmsmasters_row_inner\">\n<div class=\"cmsmasters_row_margin\">\n<div class=\"cmsmasters_column one_third\">\n\n<div id=\"cmsmasters_button_69e24d7fd479d2_75762299\" class=\"button_wrap\"><a href=\"#\" class=\"cmsmasters_button\"><span>M\u00e9tis&#039;dance\u00a9<\/span><\/a><\/div>\n<\/div>\n<div class=\"cmsmasters_column one_third\">\n\n<div id=\"cmsmasters_button_69e24d7fd47ea4_96308433\" class=\"button_wrap\"><a href=\"#\" class=\"cmsmasters_button\"><span>Sacred<\/span><\/a><\/div>\n<\/div>\n<div class=\"cmsmasters_column one_third\">\n\n<div id=\"cmsmasters_button_69e24d7fd481a9_34865426\" class=\"button_wrap\"><a href=\"#\" class=\"cmsmasters_button\"><span>Pedagogy<\/span><\/a><\/div>\n<\/div>\n<\/div>\n<\/div>\n<\/div>\n<\/div>\n<\/div>","protected":false},"excerpt":{"rendered":"","protected":false},"author":1,"featured_media":15205,"parent":0,"menu_order":0,"comment_status":"closed","ping_status":"closed","template":"","meta":{"_EventAllDay":false,"_EventTimezone":"","_EventStartDate":"","_EventEndDate":"","_EventStartDateUTC":"","_EventEndDateUTC":"","_EventShowMap":false,"_EventShowMapLink":false,"_EventURL":"","_EventCost":"","_EventCostDescription":"","_EventCurrencySymbol":"","_EventCurrencyCode":"","_EventCurrencyPosition":"","_EventDateTimeSeparator":"","_EventTimeRangeSeparator":"","_EventOrganizerID":[],"_EventVenueID":[],"_OrganizerEmail":"","_OrganizerPhone":"","_OrganizerWebsite":"","_VenueAddress":"","_VenueCity":"","_VenueCountry":"","_VenueProvince":"","_VenueState":"","_VenueZip":"","_VenuePhone":"","_VenueURL":"","_VenueStateProvince":"","_VenueLat":"","_VenueLng":"","_VenueShowMap":false,"_VenueShowMapLink":false,"footnotes":""},"tags":[],"class_list":["post-14426","page","type-page","status-publish","has-post-thumbnail","hentry"],"yoast_head":"<!-- This site is optimized with the Yoast SEO Premium plugin v23.8 (Yoast SEO v27.0) - https:\/\/yoast.com\/product\/yoast-seo-premium-wordpress\/ -->\n<title>Formation d\u00e9couverte - Per Se Nota | Danse th\u00e9rapie<\/title>\n<meta name=\"description\" content=\"Envie d&#039;essayer avant de vous lancer dans une formation de danse th\u00e9rapie ou faire une formation pour vous? C&#039;est la formation d\u00e9couverte!\" \/>\n<meta name=\"robots\" content=\"index, follow, max-snippet:-1, max-image-preview:large, max-video-preview:-1\" \/>\n<link rel=\"canonical\" href=\"https:\/\/formationdansetherapie.com\/en\/formation-danse-therapie-decouverte\/\" \/>\n<meta property=\"og:locale\" content=\"en_US\" \/>\n<meta property=\"og:type\" content=\"article\" \/>\n<meta property=\"og:title\" content=\"Formation d\u00e9couverte\" \/>\n<meta property=\"og:description\" content=\"Envie d&#039;essayer avant de vous lancer dans une formation de danse th\u00e9rapie ou faire une formation pour vous? C&#039;est la formation d\u00e9couverte!\" \/>\n<meta property=\"og:url\" content=\"https:\/\/formationdansetherapie.com\/en\/formation-danse-therapie-decouverte\/\" \/>\n<meta property=\"og:site_name\" content=\"Per Se Nota | Danse th\u00e9rapie\" \/>\n<meta property=\"article:modified_time\" content=\"2025-06-09T10:12:51+00:00\" \/>\n<meta property=\"og:image\" content=\"https:\/\/formationdansetherapie.com\/wp-content\/uploads\/2024\/12\/Danse-therapie-1024x373.png\" \/>\n\t<meta property=\"og:image:width\" content=\"1024\" \/>\n\t<meta property=\"og:image:height\" content=\"373\" \/>\n\t<meta property=\"og:image:type\" content=\"image\/png\" \/>\n<meta name=\"twitter:card\" content=\"summary_large_image\" \/>\n<meta name=\"twitter:label1\" content=\"Est. reading time\" \/>\n\t<meta name=\"twitter:data1\" content=\"3 minutes\" \/>\n<script type=\"application\/ld+json\" class=\"yoast-schema-graph\">{\"@context\":\"https:\/\/schema.org\",\"@graph\":[{\"@type\":\"WebPage\",\"@id\":\"https:\/\/formationdansetherapie.com\/formation-danse-therapie-decouverte\/\",\"url\":\"https:\/\/formationdansetherapie.com\/formation-danse-therapie-decouverte\/\",\"name\":\"Formation d\u00e9couverte - Per Se Nota | Danse th\u00e9rapie\",\"isPartOf\":{\"@id\":\"https:\/\/formationdansetherapie.com\/#website\"},\"primaryImageOfPage\":{\"@id\":\"https:\/\/formationdansetherapie.com\/formation-danse-therapie-decouverte\/#primaryimage\"},\"image\":{\"@id\":\"https:\/\/formationdansetherapie.com\/formation-danse-therapie-decouverte\/#primaryimage\"},\"thumbnailUrl\":\"https:\/\/formationdansetherapie.com\/wp-content\/uploads\/2024\/12\/Danse-therapie.png\",\"datePublished\":\"2024-10-01T08:18:44+00:00\",\"dateModified\":\"2025-06-09T10:12:51+00:00\",\"description\":\"Envie d'essayer avant de vous lancer dans une formation de danse th\u00e9rapie ou faire une formation pour vous? C'est la formation d\u00e9couverte!\",\"breadcrumb\":{\"@id\":\"https:\/\/formationdansetherapie.com\/formation-danse-therapie-decouverte\/#breadcrumb\"},\"inLanguage\":\"en-US\",\"potentialAction\":[{\"@type\":\"ReadAction\",\"target\":[\"https:\/\/formationdansetherapie.com\/formation-danse-therapie-decouverte\/\"]}]},{\"@type\":\"ImageObject\",\"inLanguage\":\"en-US\",\"@id\":\"https:\/\/formationdansetherapie.com\/formation-danse-therapie-decouverte\/#primaryimage\",\"url\":\"https:\/\/formationdansetherapie.com\/wp-content\/uploads\/2024\/12\/Danse-therapie.png\",\"contentUrl\":\"https:\/\/formationdansetherapie.com\/wp-content\/uploads\/2024\/12\/Danse-therapie.png\",\"width\":1920,\"height\":700,\"caption\":\"Atelier de danse th\u00e9rapie\"},{\"@type\":\"BreadcrumbList\",\"@id\":\"https:\/\/formationdansetherapie.com\/formation-danse-therapie-decouverte\/#breadcrumb\",\"itemListElement\":[{\"@type\":\"ListItem\",\"position\":1,\"name\":\"Home\",\"item\":\"https:\/\/formationdansetherapie.com\/\"},{\"@type\":\"ListItem\",\"position\":2,\"name\":\"Formation d\u00e9couverte\"}]},{\"@type\":\"WebSite\",\"@id\":\"https:\/\/formationdansetherapie.com\/#website\",\"url\":\"https:\/\/formationdansetherapie.com\/\",\"name\":\"Per Se Nota | Danse th\u00e9rapie\",\"description\":\"Formation professionnelle danse th\u00e9rapie - professeur de danse th\u00e9rapie et danse th\u00e9rapeute\",\"potentialAction\":[{\"@type\":\"SearchAction\",\"target\":{\"@type\":\"EntryPoint\",\"urlTemplate\":\"https:\/\/formationdansetherapie.com\/?s={search_term_string}\"},\"query-input\":{\"@type\":\"PropertyValueSpecification\",\"valueRequired\":true,\"valueName\":\"search_term_string\"}}],\"inLanguage\":\"en-US\"}]}<\/script>\n<!-- \/ Yoast SEO Premium plugin. -->","yoast_head_json":{"title":"Formation d\u00e9couverte - Per Se Nota | Danse th\u00e9rapie","description":"Envie d'essayer avant de vous lancer dans une formation de danse th\u00e9rapie ou faire une formation pour vous? C'est la formation d\u00e9couverte!","robots":{"index":"index","follow":"follow","max-snippet":"max-snippet:-1","max-image-preview":"max-image-preview:large","max-video-preview":"max-video-preview:-1"},"canonical":"https:\/\/formationdansetherapie.com\/en\/formation-danse-therapie-decouverte\/","og_locale":"en_US","og_type":"article","og_title":"Formation d\u00e9couverte","og_description":"Envie d'essayer avant de vous lancer dans une formation de danse th\u00e9rapie ou faire une formation pour vous? C'est la formation d\u00e9couverte!","og_url":"https:\/\/formationdansetherapie.com\/en\/formation-danse-therapie-decouverte\/","og_site_name":"Per Se Nota | Danse th\u00e9rapie","article_modified_time":"2025-06-09T10:12:51+00:00","og_image":[{"width":1024,"height":373,"url":"https:\/\/formationdansetherapie.com\/wp-content\/uploads\/2024\/12\/Danse-therapie-1024x373.png","type":"image\/png"}],"twitter_card":"summary_large_image","twitter_misc":{"Est. reading time":"3 minutes"},"schema":{"@context":"https:\/\/schema.org","@graph":[{"@type":"WebPage","@id":"https:\/\/formationdansetherapie.com\/formation-danse-therapie-decouverte\/","url":"https:\/\/formationdansetherapie.com\/formation-danse-therapie-decouverte\/","name":"Formation d\u00e9couverte - Per Se Nota | Danse th\u00e9rapie","isPartOf":{"@id":"https:\/\/formationdansetherapie.com\/#website"},"primaryImageOfPage":{"@id":"https:\/\/formationdansetherapie.com\/formation-danse-therapie-decouverte\/#primaryimage"},"image":{"@id":"https:\/\/formationdansetherapie.com\/formation-danse-therapie-decouverte\/#primaryimage"},"thumbnailUrl":"https:\/\/formationdansetherapie.com\/wp-content\/uploads\/2024\/12\/Danse-therapie.png","datePublished":"2024-10-01T08:18:44+00:00","dateModified":"2025-06-09T10:12:51+00:00","description":"Envie d'essayer avant de vous lancer dans une formation de danse th\u00e9rapie ou faire une formation pour vous? C'est la formation d\u00e9couverte!","breadcrumb":{"@id":"https:\/\/formationdansetherapie.com\/formation-danse-therapie-decouverte\/#breadcrumb"},"inLanguage":"en-US","potentialAction":[{"@type":"ReadAction","target":["https:\/\/formationdansetherapie.com\/formation-danse-therapie-decouverte\/"]}]},{"@type":"ImageObject","inLanguage":"en-US","@id":"https:\/\/formationdansetherapie.com\/formation-danse-therapie-decouverte\/#primaryimage","url":"https:\/\/formationdansetherapie.com\/wp-content\/uploads\/2024\/12\/Danse-therapie.png","contentUrl":"https:\/\/formationdansetherapie.com\/wp-content\/uploads\/2024\/12\/Danse-therapie.png","width":1920,"height":700,"caption":"Atelier de danse th\u00e9rapie"},{"@type":"BreadcrumbList","@id":"https:\/\/formationdansetherapie.com\/formation-danse-therapie-decouverte\/#breadcrumb","itemListElement":[{"@type":"ListItem","position":1,"name":"Home","item":"https:\/\/formationdansetherapie.com\/"},{"@type":"ListItem","position":2,"name":"Formation d\u00e9couverte"}]},{"@type":"WebSite","@id":"https:\/\/formationdansetherapie.com\/#website","url":"https:\/\/formationdansetherapie.com\/","name":"Per Se Nota | Dance therapy","description":"Formation professionnelle danse th\u00e9rapie - professeur de danse th\u00e9rapie et danse th\u00e9rapeute","potentialAction":[{"@type":"SearchAction","target":{"@type":"EntryPoint","urlTemplate":"https:\/\/formationdansetherapie.com\/?s={search_term_string}"},"query-input":{"@type":"PropertyValueSpecification","valueRequired":true,"valueName":"search_term_string"}}],"inLanguage":"en-US"}]}},"_links":{"self":[{"href":"https:\/\/formationdansetherapie.com\/en\/wp-json\/wp\/v2\/pages\/14426","targetHints":{"allow":["GET"]}}],"collection":[{"href":"https:\/\/formationdansetherapie.com\/en\/wp-json\/wp\/v2\/pages"}],"about":[{"href":"https:\/\/formationdansetherapie.com\/en\/wp-json\/wp\/v2\/types\/page"}],"author":[{"embeddable":true,"href":"https:\/\/formationdansetherapie.com\/en\/wp-json\/wp\/v2\/users\/1"}],"replies":[{"embeddable":true,"href":"https:\/\/formationdansetherapie.com\/en\/wp-json\/wp\/v2\/comments?post=14426"}],"version-history":[{"count":27,"href":"https:\/\/formationdansetherapie.com\/en\/wp-json\/wp\/v2\/pages\/14426\/revisions"}],"predecessor-version":[{"id":17230,"href":"https:\/\/formationdansetherapie.com\/en\/wp-json\/wp\/v2\/pages\/14426\/revisions\/17230"}],"wp:featuredmedia":[{"embeddable":true,"href":"https:\/\/formationdansetherapie.com\/en\/wp-json\/wp\/v2\/media\/15205"}],"wp:attachment":[{"href":"https:\/\/formationdansetherapie.com\/en\/wp-json\/wp\/v2\/media?parent=14426"}],"wp:term":[{"taxonomy":"post_tag","embeddable":true,"href":"https:\/\/formationdansetherapie.com\/en\/wp-json\/wp\/v2\/tags?post=14426"}],"curies":[{"name":"wp","href":"https:\/\/api.w.org\/{rel}","templated":true}]}}