{"id":13953,"date":"2024-09-10T11:24:17","date_gmt":"2024-09-10T09:24:17","guid":{"rendered":"https:\/\/formationdansetherapie.com\/?page_id=13953"},"modified":"2026-02-25T18:51:29","modified_gmt":"2026-02-25T17:51:29","slug":"certification-qualiopi","status":"publish","type":"page","link":"https:\/\/formationdansetherapie.com\/en\/certification-qualiopi\/","title":{"rendered":"Certification Qualiopi"},"content":{"rendered":"<style type=\"text\/css\"> \n#cmsmasters_row_69e010a0220901_82840176 .cmsmasters_row_outer_parent { \n\tpadding-top: 0px; \n} \n\n#cmsmasters_row_69e010a0220901_82840176 .cmsmasters_row_outer_parent { \n\tpadding-bottom: 50px; \n} \n\n \n#cmsmasters_heading_69e010a0222bf9_18096679 { \n\ttext-align:center; \n\tmargin-top:0px; \n\tmargin-bottom:20px; \n} \n\n#cmsmasters_heading_69e010a0222bf9_18096679 .cmsmasters_heading { \n\ttext-align:center; \n} \n\n#cmsmasters_heading_69e010a0222bf9_18096679 .cmsmasters_heading, #cmsmasters_heading_69e010a0222bf9_18096679 .cmsmasters_heading a { \n\tfont-weight:normal; \n\tfont-style:normal; \n} \n\n#cmsmasters_heading_69e010a0222bf9_18096679 .cmsmasters_heading_divider { \n} \n\n \n#cmsmasters_row_69e010a0223095_58488327 .cmsmasters_row_outer_parent { \n\tpadding-top: 0px; \n} \n\n#cmsmasters_row_69e010a0223095_58488327 .cmsmasters_row_outer_parent { \n\tpadding-bottom: 50px; \n} \n\n \n#cmsmasters_row_69e010a0223c88_83319726 .cmsmasters_row_outer_parent { \n\tpadding-top: 0px; \n} \n\n#cmsmasters_row_69e010a0223c88_83319726 .cmsmasters_row_outer_parent { \n\tpadding-bottom: 50px; \n} \n\n \n#cmsmasters_row_69e010a02271e8_17175841 .cmsmasters_row_outer_parent { \n\tpadding-top: 0px; \n} \n\n#cmsmasters_row_69e010a02271e8_17175841 .cmsmasters_row_outer_parent { \n\tpadding-bottom: 50px; \n} \n\n<\/style><div id=\"cmsmasters_row_69e010a0220901_82840176\" class=\"cmsmasters_row cmsmasters_color_scheme_default cmsmasters_row_top_default cmsmasters_row_bot_default cmsmasters_row_boxed\">\n<div class=\"cmsmasters_row_outer_parent\">\n<div class=\"cmsmasters_row_outer\">\n<div class=\"cmsmasters_row_inner\">\n<div class=\"cmsmasters_row_margin\">\n<div class=\"cmsmasters_column one_first\">\n\n<div id=\"cmsmasters_heading_69e010a0222bf9_18096679\" class=\"cmsmasters_heading_wrap cmsmasters_heading_align_center\">\n\t<h1 class=\"cmsmasters_heading\">AIDES AU FINANCEMENT<\/h1>\n<\/div>\n<\/div>\n<\/div>\n<\/div>\n<\/div>\n<\/div>\n<\/div>\n<div id=\"cmsmasters_row_69e010a0223095_58488327\" class=\"cmsmasters_row cmsmasters_color_scheme_default cmsmasters_row_top_default cmsmasters_row_bot_default cmsmasters_row_boxed\">\n<div class=\"cmsmasters_row_outer_parent\">\n<div class=\"cmsmasters_row_outer\">\n<div class=\"cmsmasters_row_inner\">\n<div class=\"cmsmasters_row_margin\">\n<div class=\"cmsmasters_column one_first\">\n<div class=\"cmsmasters_text\">\n<p>Para la Salsa est un <a href=\"https:\/\/formationdansetherapie.com\/wp-content\/uploads\/2026\/02\/Certificat-Qualiopi-para-la-salsa-2024-2027.pdf\" target=\"_blank\" rel=\"noopener\"><strong>organisme de formation certifi\u00e9 Qualiopi<\/strong><\/a> pour les actions de formation. \u00c0 ce jour, nos formations ne sont pas \u00e9ligibles au financement via le CPF.<\/p>\n<p>Certain de nos apprenants ont pu b\u00e9n\u00e9ficier d&rsquo;une aide financi\u00e8re en fonction de leur profil :<\/p>\n<ul>\n<li>Pour les <strong><span style=\"color: #ff6600;\">danseurs ou intermittents du spectacle<\/span>,<\/strong> l&rsquo;AFDAS a d\u00e9j\u00e0 financ\u00e9 plusieurs formations au sein de notre \u00e9cole Nous sommes sur le catalogue.<\/li>\n<li>Pour les <span style=\"color: #ff6600;\"><strong>micro-entrepreneurs<\/strong><\/span>, vous avez droit \u00e0 un montant de formation en fonction de vos cotisations par le FIFPL.<\/li>\n<li>Pour les <span style=\"color: #ff6600;\"><strong>demandeurs d&#8217;emploi<\/strong><\/span>, nous sommes sur le catalogue des formations de FRANCE TRAVAIL et nous pouvons d\u00e9poser un devis AIF .<\/li>\n<li>Pour les <span style=\"color: #ff6600;\"><strong>salari\u00e9s d&rsquo;entreprise<\/strong><\/span>, renseignez-vous aupr\u00e8s de votre entreprise car vous cotisez aupr\u00e8s d&rsquo;un OPCO.<\/li>\n<\/ul>\n<p>N&rsquo;h\u00e9sitez pas \u00e0 nous contacter si vous avez des questions \u00e0 ce sujet.<\/p>\n<\/div>\n<\/div>\n<\/div>\n<\/div>\n<\/div>\n<\/div>\n<\/div>\n<div id=\"cmsmasters_row_69e010a0223c88_83319726\" class=\"cmsmasters_row cmsmasters_color_scheme_default cmsmasters_row_top_default cmsmasters_row_bot_default cmsmasters_row_boxed\">\n<div class=\"cmsmasters_row_outer_parent\">\n<div class=\"cmsmasters_row_outer\">\n<div class=\"cmsmasters_row_inner\">\n<div class=\"cmsmasters_row_margin\">\n<div class=\"cmsmasters_column one_first\">\n<div class=\"aligncenter\">\n<div class=\"cmsmasters_img  cmsmasters_image_c\">\n<a href=\"https:\/\/formationdansetherapie.com\/wp-content\/uploads\/2026\/02\/Capture-decran-2026-02-25-184134.png\"><img decoding=\"async\" src=\"https:\/\/formationdansetherapie.com\/wp-content\/uploads\/2026\/02\/Capture-decran-2026-02-25-184134.png\" \/><\/a>\n<\/div>\n<\/div>\n<\/div>\n<\/div>\n<\/div>\n<\/div>\n<\/div>\n<\/div>\n<div id=\"cmsmasters_row_69e010a02271e8_17175841\" class=\"cmsmasters_row cmsmasters_color_scheme_default cmsmasters_row_top_default cmsmasters_row_bot_default cmsmasters_row_boxed\">\n<div class=\"cmsmasters_row_outer_parent\">\n<div class=\"cmsmasters_row_outer\">\n<div class=\"cmsmasters_row_inner\">\n<div class=\"cmsmasters_row_margin\">\n<div class=\"cmsmasters_column one_first\">\n<div class=\"cmsmasters_text\">\n<p>Financement possible par les OPCO et France comp\u00e9tence, pour les demandeurs d&#8217;emploi et les auto entrepreneurs<\/p>\n<div style=\"display: none;\">\n<h2>Certification Qualiopi<\/h2>\n<p>, Certification possible par les OPCO et France comp\u00e9tence, pour les demandeurs d&#8217;emploi et les auto entrepreneurs<\/p>\n<p>Financement possible par les OPCO et France comp\u00e9tence, pour les demandeurs d&#8217;emploi et les<\/p>\n<p>auto entrepreneurs Financement possible par les OPCO et France comp\u00e9tence, pour les demandeurs d&#8217;emploi et les auto entrepreneurs<\/p>\n<p>par les OPCO et France comp\u00e9tence, pour les demandeurs d&#8217;emploi et les auto entrepreneurs Financement<\/p>\n<p>possible par les OPCO et France comp\u00e9tence, pour les demandeurs d&#8217;emploi et les auto entrepreneurs Financement<\/p>\n<p>pos OPCO et France comp\u00e9tence, pour les demandeurs d&#8217;emploi et les auto entrepreneurs Financement<\/p>\n<p>possible par les OPCO et France comp\u00e9tence, pour les demandeurs d&#8217;emploi et les auto entrepreneurs Financement possible par les OPCO et France comp\u00e9tence, pour les demandeurs d&#8217;emploi<\/p>\n<p>et les auto entrepreneurs Financement possible par les OPCO et France comp\u00e9tence, pour les demandeurs d&#8217;emploi et les auto entrepreneurs Financement possible par les OPCO et France comp\u00e9tence,<\/p>\n<p>pour les demandeurs d&#8217;emploi et les auto entrepreneurs Financement possible par les OPCO et France<\/p>\n<p>pour les demandeurs d&#8217;emploi et les auto entrepreneurs Financement possible par les OPCO et France<\/p>\n<p>comp\u00e9tence, pour les demandeurs d&#8217;emploi et les auto entrepreneurs Financement possible par les OPCO et France comp\u00e9tence, pour<\/p>\n<p>les demandeurs d&#8217;emploi Certification et les auto entrepreneurs Financement possible par les<\/p>\n<p>OPCO et France comp\u00e9tence, pour les demandeurs d&#8217;emploi et les auto entrepreneurs Financement possible par les OPCO<\/p>\n<p>et France comp\u00e9tence, pour les demandeurs d&#8217;emploi et les auto entrepreneurs Financement possible par<\/p>\n<p>Certification Qualiopi les OPCO et France comp\u00e9tence, pour les demandeurs d&#8217;emploi et les auto entrepreneurs<\/p>\n<p>demandeurs d&#8217;emploi et les auto entrepreneurs Financement possible par les OPCO et France comp\u00e9tence, pour les demandeurs d&#8217;emploi et les auto entrepreneurs<\/p>\n<\/div>\n<\/div>\n<\/div>\n<\/div>\n<\/div>\n<\/div>\n<\/div>\n<\/div>","protected":false},"excerpt":{"rendered":"","protected":false},"author":1,"featured_media":14035,"parent":0,"menu_order":0,"comment_status":"closed","ping_status":"closed","template":"","meta":{"_EventAllDay":false,"_EventTimezone":"","_EventStartDate":"","_EventEndDate":"","_EventStartDateUTC":"","_EventEndDateUTC":"","_EventShowMap":false,"_EventShowMapLink":false,"_EventURL":"","_EventCost":"","_EventCostDescription":"","_EventCurrencySymbol":"","_EventCurrencyCode":"","_EventCurrencyPosition":"","_EventDateTimeSeparator":"","_EventTimeRangeSeparator":"","_EventOrganizerID":[],"_EventVenueID":[],"_OrganizerEmail":"","_OrganizerPhone":"","_OrganizerWebsite":"","_VenueAddress":"","_VenueCity":"","_VenueCountry":"","_VenueProvince":"","_VenueState":"","_VenueZip":"","_VenuePhone":"","_VenueURL":"","_VenueStateProvince":"","_VenueLat":"","_VenueLng":"","_VenueShowMap":false,"_VenueShowMapLink":false,"footnotes":""},"tags":[],"class_list":["post-13953","page","type-page","status-publish","has-post-thumbnail","hentry"],"yoast_head":"<!-- This site is optimized with the Yoast SEO Premium plugin v23.8 (Yoast SEO v27.0) - https:\/\/yoast.com\/product\/yoast-seo-premium-wordpress\/ -->\n<title>Certification Qualiopi - Per Se Nota | Danse th\u00e9rapie<\/title>\n<meta name=\"description\" content=\"Financement possible par les OPCO et France comp\u00e9tence, pour les demandeurs d&#039;emploi et les auto entrepreneurs - Certification\" \/>\n<meta name=\"robots\" content=\"index, follow, max-snippet:-1, max-image-preview:large, max-video-preview:-1\" \/>\n<link rel=\"canonical\" href=\"https:\/\/formationdansetherapie.com\/en\/certification-qualiopi\/\" \/>\n<meta property=\"og:locale\" content=\"en_US\" \/>\n<meta property=\"og:type\" content=\"article\" \/>\n<meta property=\"og:title\" content=\"Certification Qualiopi\" \/>\n<meta property=\"og:description\" content=\"Financement possible par les OPCO et France comp\u00e9tence, pour les demandeurs d&#039;emploi et les auto entrepreneurs - Certification\" \/>\n<meta property=\"og:url\" content=\"https:\/\/formationdansetherapie.com\/en\/certification-qualiopi\/\" \/>\n<meta property=\"og:site_name\" content=\"Per Se Nota | Danse th\u00e9rapie\" \/>\n<meta property=\"article:modified_time\" content=\"2026-02-25T17:51:29+00:00\" \/>\n<meta property=\"og:image\" content=\"https:\/\/formationdansetherapie.com\/wp-content\/uploads\/2024\/09\/Capture-decran-2024-07-01-a-13.07.03.png.webp\" \/>\n\t<meta property=\"og:image:width\" content=\"586\" \/>\n\t<meta property=\"og:image:height\" content=\"282\" \/>\n\t<meta property=\"og:image:type\" content=\"image\/webp\" \/>\n<meta name=\"twitter:card\" content=\"summary_large_image\" \/>\n<meta name=\"twitter:label1\" content=\"Est. reading time\" \/>\n\t<meta name=\"twitter:data1\" content=\"3 minutes\" \/>\n<script type=\"application\/ld+json\" class=\"yoast-schema-graph\">{\"@context\":\"https:\/\/schema.org\",\"@graph\":[{\"@type\":\"WebPage\",\"@id\":\"https:\/\/formationdansetherapie.com\/certification-qualiopi\/\",\"url\":\"https:\/\/formationdansetherapie.com\/certification-qualiopi\/\",\"name\":\"Certification Qualiopi - Per Se Nota | Danse th\u00e9rapie\",\"isPartOf\":{\"@id\":\"https:\/\/formationdansetherapie.com\/#website\"},\"primaryImageOfPage\":{\"@id\":\"https:\/\/formationdansetherapie.com\/certification-qualiopi\/#primaryimage\"},\"image\":{\"@id\":\"https:\/\/formationdansetherapie.com\/certification-qualiopi\/#primaryimage\"},\"thumbnailUrl\":\"https:\/\/formationdansetherapie.com\/wp-content\/uploads\/2024\/09\/Capture-decran-2024-07-01-a-13.07.03.png.webp\",\"datePublished\":\"2024-09-10T09:24:17+00:00\",\"dateModified\":\"2026-02-25T17:51:29+00:00\",\"description\":\"Financement possible par les OPCO et France comp\u00e9tence, pour les demandeurs d'emploi et les auto entrepreneurs - Certification\",\"breadcrumb\":{\"@id\":\"https:\/\/formationdansetherapie.com\/certification-qualiopi\/#breadcrumb\"},\"inLanguage\":\"en-US\",\"potentialAction\":[{\"@type\":\"ReadAction\",\"target\":[\"https:\/\/formationdansetherapie.com\/certification-qualiopi\/\"]}]},{\"@type\":\"ImageObject\",\"inLanguage\":\"en-US\",\"@id\":\"https:\/\/formationdansetherapie.com\/certification-qualiopi\/#primaryimage\",\"url\":\"https:\/\/formationdansetherapie.com\/wp-content\/uploads\/2024\/09\/Capture-decran-2024-07-01-a-13.07.03.png.webp\",\"contentUrl\":\"https:\/\/formationdansetherapie.com\/wp-content\/uploads\/2024\/09\/Capture-decran-2024-07-01-a-13.07.03.png.webp\",\"width\":586,\"height\":282,\"caption\":\"Certification Qualiopi\"},{\"@type\":\"BreadcrumbList\",\"@id\":\"https:\/\/formationdansetherapie.com\/certification-qualiopi\/#breadcrumb\",\"itemListElement\":[{\"@type\":\"ListItem\",\"position\":1,\"name\":\"Home\",\"item\":\"https:\/\/formationdansetherapie.com\/\"},{\"@type\":\"ListItem\",\"position\":2,\"name\":\"Certification Qualiopi\"}]},{\"@type\":\"WebSite\",\"@id\":\"https:\/\/formationdansetherapie.com\/#website\",\"url\":\"https:\/\/formationdansetherapie.com\/\",\"name\":\"Per Se Nota | Danse th\u00e9rapie\",\"description\":\"Formation professionnelle danse th\u00e9rapie - professeur de danse th\u00e9rapie et danse th\u00e9rapeute\",\"potentialAction\":[{\"@type\":\"SearchAction\",\"target\":{\"@type\":\"EntryPoint\",\"urlTemplate\":\"https:\/\/formationdansetherapie.com\/?s={search_term_string}\"},\"query-input\":{\"@type\":\"PropertyValueSpecification\",\"valueRequired\":true,\"valueName\":\"search_term_string\"}}],\"inLanguage\":\"en-US\"}]}<\/script>\n<!-- \/ Yoast SEO Premium plugin. -->","yoast_head_json":{"title":"Certification Qualiopi - Per Se Nota | Danse th\u00e9rapie","description":"Financement possible par les OPCO et France comp\u00e9tence, pour les demandeurs d'emploi et les auto entrepreneurs - Certification","robots":{"index":"index","follow":"follow","max-snippet":"max-snippet:-1","max-image-preview":"max-image-preview:large","max-video-preview":"max-video-preview:-1"},"canonical":"https:\/\/formationdansetherapie.com\/en\/certification-qualiopi\/","og_locale":"en_US","og_type":"article","og_title":"Certification Qualiopi","og_description":"Financement possible par les OPCO et France comp\u00e9tence, pour les demandeurs d'emploi et les auto entrepreneurs - Certification","og_url":"https:\/\/formationdansetherapie.com\/en\/certification-qualiopi\/","og_site_name":"Per Se Nota | Danse th\u00e9rapie","article_modified_time":"2026-02-25T17:51:29+00:00","og_image":[{"width":586,"height":282,"url":"https:\/\/formationdansetherapie.com\/wp-content\/uploads\/2024\/09\/Capture-decran-2024-07-01-a-13.07.03.png.webp","type":"image\/webp"}],"twitter_card":"summary_large_image","twitter_misc":{"Est. reading time":"3 minutes"},"schema":{"@context":"https:\/\/schema.org","@graph":[{"@type":"WebPage","@id":"https:\/\/formationdansetherapie.com\/certification-qualiopi\/","url":"https:\/\/formationdansetherapie.com\/certification-qualiopi\/","name":"Certification Qualiopi - Per Se Nota | Danse th\u00e9rapie","isPartOf":{"@id":"https:\/\/formationdansetherapie.com\/#website"},"primaryImageOfPage":{"@id":"https:\/\/formationdansetherapie.com\/certification-qualiopi\/#primaryimage"},"image":{"@id":"https:\/\/formationdansetherapie.com\/certification-qualiopi\/#primaryimage"},"thumbnailUrl":"https:\/\/formationdansetherapie.com\/wp-content\/uploads\/2024\/09\/Capture-decran-2024-07-01-a-13.07.03.png.webp","datePublished":"2024-09-10T09:24:17+00:00","dateModified":"2026-02-25T17:51:29+00:00","description":"Financement possible par les OPCO et France comp\u00e9tence, pour les demandeurs d'emploi et les auto entrepreneurs - Certification","breadcrumb":{"@id":"https:\/\/formationdansetherapie.com\/certification-qualiopi\/#breadcrumb"},"inLanguage":"en-US","potentialAction":[{"@type":"ReadAction","target":["https:\/\/formationdansetherapie.com\/certification-qualiopi\/"]}]},{"@type":"ImageObject","inLanguage":"en-US","@id":"https:\/\/formationdansetherapie.com\/certification-qualiopi\/#primaryimage","url":"https:\/\/formationdansetherapie.com\/wp-content\/uploads\/2024\/09\/Capture-decran-2024-07-01-a-13.07.03.png.webp","contentUrl":"https:\/\/formationdansetherapie.com\/wp-content\/uploads\/2024\/09\/Capture-decran-2024-07-01-a-13.07.03.png.webp","width":586,"height":282,"caption":"Certification Qualiopi"},{"@type":"BreadcrumbList","@id":"https:\/\/formationdansetherapie.com\/certification-qualiopi\/#breadcrumb","itemListElement":[{"@type":"ListItem","position":1,"name":"Home","item":"https:\/\/formationdansetherapie.com\/"},{"@type":"ListItem","position":2,"name":"Certification Qualiopi"}]},{"@type":"WebSite","@id":"https:\/\/formationdansetherapie.com\/#website","url":"https:\/\/formationdansetherapie.com\/","name":"Per Se Nota | Dance therapy","description":"Formation professionnelle danse th\u00e9rapie - professeur de danse th\u00e9rapie et danse th\u00e9rapeute","potentialAction":[{"@type":"SearchAction","target":{"@type":"EntryPoint","urlTemplate":"https:\/\/formationdansetherapie.com\/?s={search_term_string}"},"query-input":{"@type":"PropertyValueSpecification","valueRequired":true,"valueName":"search_term_string"}}],"inLanguage":"en-US"}]}},"_links":{"self":[{"href":"https:\/\/formationdansetherapie.com\/en\/wp-json\/wp\/v2\/pages\/13953","targetHints":{"allow":["GET"]}}],"collection":[{"href":"https:\/\/formationdansetherapie.com\/en\/wp-json\/wp\/v2\/pages"}],"about":[{"href":"https:\/\/formationdansetherapie.com\/en\/wp-json\/wp\/v2\/types\/page"}],"author":[{"embeddable":true,"href":"https:\/\/formationdansetherapie.com\/en\/wp-json\/wp\/v2\/users\/1"}],"replies":[{"embeddable":true,"href":"https:\/\/formationdansetherapie.com\/en\/wp-json\/wp\/v2\/comments?post=13953"}],"version-history":[{"count":12,"href":"https:\/\/formationdansetherapie.com\/en\/wp-json\/wp\/v2\/pages\/13953\/revisions"}],"predecessor-version":[{"id":20193,"href":"https:\/\/formationdansetherapie.com\/en\/wp-json\/wp\/v2\/pages\/13953\/revisions\/20193"}],"wp:featuredmedia":[{"embeddable":true,"href":"https:\/\/formationdansetherapie.com\/en\/wp-json\/wp\/v2\/media\/14035"}],"wp:attachment":[{"href":"https:\/\/formationdansetherapie.com\/en\/wp-json\/wp\/v2\/media?parent=13953"}],"wp:term":[{"taxonomy":"post_tag","embeddable":true,"href":"https:\/\/formationdansetherapie.com\/en\/wp-json\/wp\/v2\/tags?post=13953"}],"curies":[{"name":"wp","href":"https:\/\/api.w.org\/{rel}","templated":true}]}}