{"id":12352,"date":"2022-08-24T17:37:27","date_gmt":"2022-08-24T15:37:27","guid":{"rendered":"https:\/\/formationdansetherapie.com\/?page_id=12352"},"modified":"2026-03-20T14:43:44","modified_gmt":"2026-03-20T13:43:44","slug":"portes-ouvertes","status":"publish","type":"page","link":"https:\/\/formationdansetherapie.com\/en\/portes-ouvertes\/","title":{"rendered":"Open doors"},"content":{"rendered":"<style type=\"text\/css\"> \n#cmsmasters_row_69e1fd13da5ae3_96087997 .cmsmasters_row_outer_parent { \n\tpadding-top: 0px; \n} \n\n#cmsmasters_row_69e1fd13da5ae3_96087997 .cmsmasters_row_outer_parent { \n\tpadding-bottom: 50px; \n} \n\n \n#cmsmasters_row_69e1fd13daaa60_73014284 .cmsmasters_row_outer_parent { \n\tpadding-top: 0px; \n} \n\n#cmsmasters_row_69e1fd13daaa60_73014284 .cmsmasters_row_outer_parent { \n\tpadding-bottom: 50px; \n} \n\n \n#cmsmasters_heading_69e1fd13dac8b3_50187128 { \n\ttext-align:center; \n\tmargin-top:0px; \n\tmargin-bottom:20px; \n} \n\n#cmsmasters_heading_69e1fd13dac8b3_50187128 .cmsmasters_heading { \n\ttext-align:center; \n\tbackground-color:#ea6045;\n\tpadding-left:1em; \n\tpadding-right:1em; \n} \n\n#cmsmasters_heading_69e1fd13dac8b3_50187128 .cmsmasters_heading, #cmsmasters_heading_69e1fd13dac8b3_50187128 .cmsmasters_heading a { \n\tfont-weight:normal; \n\tfont-style:normal; \n\tcolor:#ffffff;\n} \n\n#cmsmasters_heading_69e1fd13dac8b3_50187128 .cmsmasters_heading_divider { \n} \n\n \n#cmsmasters_heading_69e1fd13daf2f3_86865194 { \n\ttext-align:left; \n\tmargin-top:0px; \n\tmargin-bottom:20px; \n} \n\n#cmsmasters_heading_69e1fd13daf2f3_86865194 .cmsmasters_heading { \n\ttext-align:left; \n} \n\n#cmsmasters_heading_69e1fd13daf2f3_86865194 .cmsmasters_heading, #cmsmasters_heading_69e1fd13daf2f3_86865194 .cmsmasters_heading a { \n\tfont-family:'Comfortaa'; \n\tfont-weight:normal; \n\tfont-style:normal; \n\tcolor:#6a4ea0;\n} \n\n#cmsmasters_heading_69e1fd13daf2f3_86865194 .cmsmasters_heading_divider { \n} \n\n \n#cmsmasters_heading_69e1fd13dafe29_81161136 { \n\ttext-align:left; \n\tmargin-top:0px; \n\tmargin-bottom:20px; \n} \n\n#cmsmasters_heading_69e1fd13dafe29_81161136 .cmsmasters_heading { \n\ttext-align:left; \n} \n\n#cmsmasters_heading_69e1fd13dafe29_81161136 .cmsmasters_heading, #cmsmasters_heading_69e1fd13dafe29_81161136 .cmsmasters_heading a { \n\tfont-family:'Comfortaa'; \n\tfont-weight:normal; \n\tfont-style:normal; \n\tcolor:#6a4ea0;\n} \n\n#cmsmasters_heading_69e1fd13dafe29_81161136 .cmsmasters_heading_divider { \n} \n\n \n#cmsmasters_heading_69e1fd13db0a10_00987222 { \n\ttext-align:left; \n\tmargin-top:0px; \n\tmargin-bottom:20px; \n} \n\n#cmsmasters_heading_69e1fd13db0a10_00987222 .cmsmasters_heading { \n\ttext-align:left; \n} \n\n#cmsmasters_heading_69e1fd13db0a10_00987222 .cmsmasters_heading, #cmsmasters_heading_69e1fd13db0a10_00987222 .cmsmasters_heading a { \n\tfont-family:'Comfortaa'; \n\tfont-weight:normal; \n\tfont-style:normal; \n\tcolor:#6a4ea0;\n} \n\n#cmsmasters_heading_69e1fd13db0a10_00987222 .cmsmasters_heading_divider { \n} \n\n \n#cmsmasters_heading_69e1fd13db15d1_69917561 { \n\ttext-align:left; \n\tmargin-top:0px; \n\tmargin-bottom:20px; \n} \n\n#cmsmasters_heading_69e1fd13db15d1_69917561 .cmsmasters_heading { \n\ttext-align:left; \n} \n\n#cmsmasters_heading_69e1fd13db15d1_69917561 .cmsmasters_heading, #cmsmasters_heading_69e1fd13db15d1_69917561 .cmsmasters_heading a { \n\tfont-family:'Comfortaa'; \n\tfont-weight:normal; \n\tfont-style:normal; \n\tcolor:#6a4ea0;\n} \n\n#cmsmasters_heading_69e1fd13db15d1_69917561 .cmsmasters_heading_divider { \n} \n\n \n#cmsmasters_heading_69e1fd13db2320_02367231 { \n\ttext-align:left; \n\tmargin-top:0px; \n\tmargin-bottom:20px; \n} \n\n#cmsmasters_heading_69e1fd13db2320_02367231 .cmsmasters_heading { \n\ttext-align:left; \n} \n\n#cmsmasters_heading_69e1fd13db2320_02367231 .cmsmasters_heading, #cmsmasters_heading_69e1fd13db2320_02367231 .cmsmasters_heading a { \n\tfont-family:'Comfortaa'; \n\tfont-weight:normal; \n\tfont-style:normal; \n\tcolor:#6a4ea0;\n} \n\n#cmsmasters_heading_69e1fd13db2320_02367231 .cmsmasters_heading_divider { \n} \n\n<\/style><div id=\"cmsmasters_row_69e1fd13da5ae3_96087997\" class=\"cmsmasters_row cmsmasters_color_scheme_default cmsmasters_row_top_default cmsmasters_row_bot_default cmsmasters_row_boxed\">\n<div class=\"cmsmasters_row_outer_parent\">\n<div class=\"cmsmasters_row_outer\">\n<div class=\"cmsmasters_row_inner\">\n<div class=\"cmsmasters_row_margin\">\n<div class=\"cmsmasters_column one_first\">\n<div class=\"aligncenter\">\n<div class=\"cmsmasters_img  cmsmasters_image_c\">\n<a href=\"https:\/\/formationdansetherapie.com\/wp-content\/uploads\/2023\/07\/sites-PSN-portes-ouvertes-2.png\"><img decoding=\"async\" src=\"https:\/\/formationdansetherapie.com\/wp-content\/uploads\/2023\/07\/sites-PSN-portes-ouvertes-2.png\" \/><\/a>\n<\/div>\n<\/div>\n<\/div>\n<div class=\"cmsmasters_column one_first\">\n<\/div>\n<\/div>\n<\/div>\n<\/div>\n<\/div>\n<\/div>\n<div id=\"cmsmasters_row_69e1fd13daaa60_73014284\" class=\"cmsmasters_row cmsmasters_color_scheme_default cmsmasters_row_top_default cmsmasters_row_bot_default cmsmasters_row_boxed\">\n<div class=\"cmsmasters_row_outer_parent\">\n<div class=\"cmsmasters_row_outer\">\n<div class=\"cmsmasters_row_inner\">\n<div class=\"cmsmasters_row_margin\">\n<div class=\"cmsmasters_column one_first\">\n\n<div id=\"cmsmasters_heading_69e1fd13dac8b3_50187128\" class=\"cmsmasters_heading_wrap cmsmasters_heading_align_center\">\n\t<h1 class=\"cmsmasters_heading\">Prochaines dates <\/h1>\n<\/div><div class=\"cmsmasters_text\">\n<p style=\"text-align: center;\">Mardi 10 f\u00e9vrier 2026 de 14h30 \u00e0 16h30<\/p>\n<p style=\"text-align: center;\">Mardi 24 mars 2026 de 14h30 \u00e0 16h30<\/p>\n<p style=\"text-align: center;\">Mardi 12 mai 2026 de 14h30 \u00e0 16h30<\/p>\n<\/div>\n<\/div>\n<\/div>\n<\/div>\n<\/div>\n<\/div>\n<\/div>\n<div id=\"cmsmasters_row_69e1fd13daceb2_31755542\" class=\"cmsmasters_row cmsmasters_color_scheme_default cmsmasters_row_top_default cmsmasters_row_bot_default cmsmasters_row_boxed\">\n<div class=\"cmsmasters_row_outer_parent\">\n<div class=\"cmsmasters_row_outer\">\n<div class=\"cmsmasters_row_inner\">\n<div class=\"cmsmasters_row_margin\">\n<div class=\"cmsmasters_column one_half\">\n\n<div id=\"cmsmasters_heading_69e1fd13daf2f3_86865194\" class=\"cmsmasters_heading_wrap cmsmasters_heading_align_left\">\n\t<h2 class=\"cmsmasters_heading\">D\u00e9roul\u00e9 d&rsquo;une s\u00e9ance porte ouverte<\/h2>\n<\/div><div class=\"cmsmasters_text\">\n<p><a href=\"https:\/\/formationdansetherapie.com\/en\/profile\/pascale-saly\/\"><span style=\"font-weight: 400;\">Pascale Saly-Giocanti<\/span><\/a><span style=\"font-weight: 400;\"> et son \u00e9quipe seront l\u00e0 pour vous pr\u00e9senter la danse th\u00e9rapie.<\/span><\/p>\n<p><span style=\"font-weight: 400;\">How will this happen ?<\/span><\/p>\n<p><span style=\"font-weight: 400;\">D&rsquo;abord, nous organisons un \u00e9change en cercle de parole o\u00f9 chaque participant se pr\u00e9sente.\u00a0<\/span><\/p>\n<p><span style=\"font-weight: 400;\">Ensuite, une s\u00e9ance compl\u00e8te de danse th\u00e9rapie sera propos\u00e9e avec diff\u00e9rents outils (relaxation, m\u00e9tis&rsquo;danse\u00a9, yoga dans\u00e9&#8230;) selon l&rsquo;inspiration du moment.<\/span><\/p>\n<p><span style=\"font-weight: 400;\">Pour finir, nous vous expliquerons le concept de la formation en danse th\u00e9rapie selon l&rsquo;approche Per se Nota\u00a9 et nous r\u00e9pondrons \u00e0 toutes vos questions.<\/span><\/p>\n<\/div>\n\n<div id=\"cmsmasters_heading_69e1fd13dafe29_81161136\" class=\"cmsmasters_heading_wrap cmsmasters_heading_align_left\">\n\t<h2 class=\"cmsmasters_heading\">How to participate ?<\/h2>\n<\/div><div class=\"cmsmasters_text\">\n<p>Pour r\u00e9server votre place lors d&rsquo;une session de porte ouverte, merci d&rsquo;<strong>envoyer un mail \u00e0 paralasalsa@gmail.com<\/strong> avec votre nom, pr\u00e9nom,<\/p>\n<p>num\u00e9ro de t\u00e9l\u00e9phone et la date de la session choisie.<\/p>\n<p>Nous vous r\u00e9pondrons pour confirmer votre inscription.<\/p>\n<p><span style=\"font-weight: 400;\">Vous pouvez \u00e9galement demander \u00e0 tout moment, par mail, un entretien t\u00e9l\u00e9phonique afin d&rsquo;\u00e9changer sur vos projets et souhaits.<\/span><\/p>\n<p><span style=\"font-weight: 400;\">Si vous souhaitez vous inscrire \u00e0 la formation Per se Nota\u00a9, <\/span><span style=\"font-weight: 400;\">la participation \u00e0 une session de porte ouverte valide le pr\u00e9-requis \u00ab\u00a0participation \u00e0 un cours de danse th\u00e9rapie\u00a0\u00bb n\u00e9cessaire avant toute inscription \u00e0 la formation compl\u00e8te (continue ou discontinue).<\/span><\/p>\n<\/p>\n<div class=\"wp-block-columns\">\n<div class=\"wp-block-column\">\n<p><!-- \/wp:post-content --><\/p>\n<\/div>\n<p><!-- \/wp:column --><\/p>\n<p><!-- wp:column --><\/p>\n<div class=\"wp-block-column\">\n<p><!-- wp:image {\"id\":12373,\"sizeSlug\":\"large\"} --><\/p>\n<\/div>\n<\/div>\n<div class=\"wp-block-columns\">\n<div class=\"wp-block-column\">\n<figure class=\"wp-block-image size-large\"><\/figure>\n<p><!-- \/wp:image --><\/p>\n<\/div>\n<p><!-- \/wp:column --><\/p>\n<\/div>\n<p><!-- \/wp:columns --><\/p>\n<p><!-- wp:paragraph --><\/p>\n<p><!-- \/wp:paragraph --><\/p>\n<\/div>\n\n<div id=\"cmsmasters_heading_69e1fd13db0a10_00987222\" class=\"cmsmasters_heading_wrap cmsmasters_heading_align_left\">\n\t<h2 class=\"cmsmasters_heading\">Indications utiles<\/h2>\n<\/div><div class=\"cmsmasters_text\">\n<p><!-- wp:paragraph {\"fontSize\":\"large\"} --><\/p>\n<h4><span style=\"font-weight: 400;\">Les sessions de portes ouvertes ont lieu dans la salle de<\/span><a href=\"about:blank\"> <span style=\"font-weight: 400;\">our dance school<\/span><\/a> et de formation,<span style=\"font-weight: 400;\"> au <strong>8 rue de Bi\u00e8vre 75005 Paris,<\/strong> <\/span><\/h4>\n<h4><span style=\"font-weight: 400;\">m\u00e9tro \u00ab\u00a0Maubert-Mutualit\u00e9\u00a0\u00bb ligne 10 ou \u00ab\u00a0St-Michel Notre dame\u00a0\u00bb ligne 4 et RER B et C.<\/span><\/h4>\n<p>Vous pouvez arriver 10 minutes avant l&rsquo;heure, avec une tenue confortable pour la pratique de la danse.<\/p>\n<p>En cas d&#8217;emp\u00eachement de derni\u00e8re minute, merci de nous pr\u00e9venir par mail \u00e0 l&rsquo;adresse paralasalsa@gmail.com.<\/p>\n<p><!-- \/wp:paragraph --><\/p>\n<div class=\"wp-block-columns\">\n<div class=\"wp-block-column\">\n<p><!-- \/wp:image --><\/p>\n<\/div>\n<p><!-- \/wp:column --><\/p>\n<p><!-- wp:column --><\/p>\n<div class=\"wp-block-column\">\n<p><!-- wp:image {\"id\":12373,\"sizeSlug\":\"large\"} --><\/p>\n<\/div>\n<\/div>\n<div class=\"wp-block-columns\">\n<div class=\"wp-block-column\">\n<figure class=\"wp-block-image size-large\"><\/figure>\n<p><!-- \/wp:image --><\/p>\n<\/div>\n<p><!-- \/wp:column --><\/p>\n<\/div>\n<p><!-- \/wp:columns --><\/p>\n<p><!-- wp:paragraph --><\/p>\n<p><!-- \/wp:paragraph --><\/p>\n<\/div>\n\n<div id=\"cmsmasters_heading_69e1fd13db15d1_69917561\" class=\"cmsmasters_heading_wrap cmsmasters_heading_align_left\">\n\t<h2 class=\"cmsmasters_heading\">Pourquoi des portes ouvertes ?<\/h2>\n<\/div><div class=\"cmsmasters_text\">\n<p><!-- wp:paragraph {\"fontSize\":\"large\"} --><\/p>\n<h4><span style=\"font-weight: 400;\"><strong>Sensibilisation:<\/strong> <\/span><\/h4>\n<p><span style=\"font-weight: 400;\">En premier lieu, ces s\u00e9ances permettent de faire conna\u00eetre notre pratique de la danse th\u00e9rapie aux personnes d\u00e9sireuses d&rsquo;en savoir plus, <\/span><\/p>\n<p><span style=\"font-weight: 400;\">personnellement ou professionnellement. <\/span><\/p>\n<p><span style=\"font-weight: 400;\">Nous offrons ainsi une occasion de d\u00e9couvrir notre approche, nos m\u00e9thodes et nos valeurs.<\/span><\/p>\n<h4><span style=\"font-weight: 400;\"><strong>Exploration:<\/strong> <\/span><\/h4>\n<p><span style=\"font-weight: 400;\">En second lieu, vous vivez une exp\u00e9rience immersive dans le monde de la danse th\u00e9rapie en explorant diff\u00e9rents exercices, <\/span><\/p>\n<p><span style=\"font-weight: 400;\">mouvements et techniques utilis\u00e9s dans nos s\u00e9ances de th\u00e9rapie. <\/span><\/p>\n<p><span style=\"font-weight: 400;\">Ainsi, les participants comprennent comment la danse peut \u00eatre utilis\u00e9e comme un outil th\u00e9rapeutique puissant.<\/span><\/p>\n<h4><span style=\"font-weight: 400;\"><strong>D\u00e9monstration:<\/strong> <\/span><\/h4>\n<p><span style=\"font-weight: 400;\">Enfin, cela vous permet de vivre en vous, de comprendre par le corps comment la danse peut \u00eatre utilis\u00e9e comme un outil th\u00e9rapeutique puissant.<\/span><\/p>\n<p><span style=\"font-weight: 400;\">L<\/span><span style=\"font-weight: 400;\">&lsquo;expression \u00e9motionnelle, la connexion avec soi-m\u00eame et avec les autres, sont des processus concrets de gu\u00e9rison.\u00a0<\/span><\/p>\n<p><!-- \/wp:paragraph --><\/p>\n<div class=\"wp-block-columns\">\n<div class=\"wp-block-column\">\n<p><!-- \/wp:image --><\/p>\n<\/div>\n<p><!-- \/wp:column --><\/p>\n<p><!-- wp:column --><\/p>\n<div class=\"wp-block-column\">\n<p><!-- wp:image {\"id\":12373,\"sizeSlug\":\"large\"} --><\/p>\n<\/div>\n<\/div>\n<div class=\"wp-block-columns\">\n<div class=\"wp-block-column\">\n<figure class=\"wp-block-image size-large\"><\/figure>\n<p><!-- \/wp:image --><\/p>\n<\/div>\n<p><!-- \/wp:column --><\/p>\n<\/div>\n<p><!-- \/wp:columns --><\/p>\n<p><!-- wp:paragraph --><\/p>\n<p><!-- \/wp:paragraph --><\/p>\n<\/div>\n\n<div id=\"cmsmasters_heading_69e1fd13db2320_02367231\" class=\"cmsmasters_heading_wrap cmsmasters_heading_align_left\">\n\t<h2 class=\"cmsmasters_heading\">The art of sharing<\/h2>\n<\/div><div class=\"cmsmasters_text\">\n<p><!-- wp:paragraph {\"fontSize\":\"large\"} --><\/p>\n<h4><span style=\"font-weight: 400;\"><strong>Entre les participants: <\/strong><\/span><\/h4>\n<p><span style=\"font-weight: 400;\">Les s\u00e9ances de portes ouvertes sont une occasion unique de pouvoir \u00e9changer et partager votre propre exp\u00e9rience et r\u00e9flexions sur la danse th\u00e9rapie. <\/span><\/p>\n<p><span style=\"font-weight: 400;\">Cela favorise l&rsquo;apprentissage mutuel et l&rsquo;inspiration de chacun.<\/span><\/p>\n<h4><span style=\"font-weight: 400;\"><strong>Avec l&rsquo;\u00e9quipe et les \u00e9l\u00e8ves en formation:<\/strong> <\/span><\/h4>\n<p><span style=\"font-weight: 400;\">Vous pourrez rencontrer notre \u00e9quipe de danse th\u00e9rapeutes, les formatrices ainsi que des \u00e9l\u00e8ves en cours de formation, <\/span><\/p>\n<p><span style=\"font-weight: 400;\">et ainsi pouvoir poser toutes vos questions sur notre approche, nos formations, nos services, etc.<\/span><\/p>\n<p><span style=\"font-weight: 400;\">Pour conclure, nos portes ouvertes en danse th\u00e9rapie servent \u00e0 sensibiliser, explorer, d\u00e9montrer, \u00e9changer et rencontrer nos professionnels. <\/span><\/p>\n<p><span style=\"font-weight: 400;\">Elles visent \u00e0 offrir une exp\u00e9rience immersive et informative sur la danse th\u00e9rapie, tout en cr\u00e9ant une communaut\u00e9 d&rsquo;int\u00e9r\u00eat et un espace de partage.<\/span><\/p>\n<p><span style=\"font-weight: 400;\">Envie de d\u00e9couvrir notre formation en danse th\u00e9rapie ? De vous reconvertir et d&rsquo;accompagner les \u00e9l\u00e8ves gr\u00e2ce \u00e0 la danse ? <\/span><\/p>\n<p><span style=\"font-weight: 400;\">Venez nous rencontrer \u00e0 l&rsquo;occasion d&rsquo;une de nos sessions de portes ouvertes !<\/span><\/p>\n<p><!-- \/wp:paragraph --><\/p>\n<div class=\"wp-block-columns\">\n<div class=\"wp-block-column\">\n<p><!-- \/wp:image --><\/p>\n<\/div>\n<p><!-- \/wp:column --><\/p>\n<p><!-- wp:column --><\/p>\n<div class=\"wp-block-column\">\n<p><!-- wp:image {\"id\":12373,\"sizeSlug\":\"large\"} --><\/p>\n<\/div>\n<\/div>\n<div class=\"wp-block-columns\">\n<div class=\"wp-block-column\">\n<figure class=\"wp-block-image size-large\"><\/figure>\n<p><!-- \/wp:image --><\/p>\n<\/div>\n<p><!-- \/wp:column --><\/p>\n<\/div>\n<p><!-- \/wp:columns --><\/p>\n<p><!-- wp:paragraph --><\/p>\n<p><!-- \/wp:paragraph --><\/p>\n<\/div>\n<\/div>\n<div class=\"cmsmasters_column one_half\">\n<div class=\"aligncenter\">\n<div class=\"cmsmasters_img  cmsmasters_image_c\">\n<a href=\"https:\/\/formationdansetherapie.com\/wp-content\/uploads\/2024\/09\/Portes-ouvertes-octobre-2024.png\"><img decoding=\"async\" src=\"\" \/><\/a>\n<\/div>\n<\/div>\n<div class=\"cmsmasters_text\">\n<p>&nbsp;<\/p>\n<p>&nbsp;<\/p>\n<p>&nbsp;<\/p>\n<\/div>\n<div class=\"aligncenter\">\n<div class=\"cmsmasters_img  cmsmasters_image_c\">\n<a href=\"https:\/\/formationdansetherapie.com\/wp-content\/uploads\/2024\/01\/Le-partage-en-danse-therapie.png\"><img decoding=\"async\" src=\"https:\/\/formationdansetherapie.com\/wp-content\/uploads\/2024\/01\/Le-partage-en-danse-therapie.png\" \/><\/a>\n<\/div>\n<\/div>\n<div class=\"aligncenter\">\n<div class=\"cmsmasters_img  cmsmasters_image_c\">\n<a href=\"https:\/\/formationdansetherapie.com\/wp-content\/uploads\/2024\/01\/portes-ouvertes-Formation-danse-therapie.png\"><img decoding=\"async\" src=\"https:\/\/formationdansetherapie.com\/wp-content\/uploads\/2024\/01\/portes-ouvertes-Formation-danse-therapie.png\" \/><\/a>\n<\/div>\n<\/div>\n<\/div>\n<\/div>\n<\/div>\n<\/div>\n<\/div>\n<\/div>","protected":false},"excerpt":{"rendered":"","protected":false},"author":1,"featured_media":12359,"parent":0,"menu_order":0,"comment_status":"closed","ping_status":"closed","template":"","meta":{"_EventAllDay":false,"_EventTimezone":"","_EventStartDate":"","_EventEndDate":"","_EventStartDateUTC":"","_EventEndDateUTC":"","_EventShowMap":false,"_EventShowMapLink":false,"_EventURL":"","_EventCost":"","_EventCostDescription":"","_EventCurrencySymbol":"","_EventCurrencyCode":"","_EventCurrencyPosition":"","_EventDateTimeSeparator":"","_EventTimeRangeSeparator":"","_EventOrganizerID":[],"_EventVenueID":[],"_OrganizerEmail":"","_OrganizerPhone":"","_OrganizerWebsite":"","_VenueAddress":"","_VenueCity":"","_VenueCountry":"","_VenueProvince":"","_VenueState":"","_VenueZip":"","_VenuePhone":"","_VenueURL":"","_VenueStateProvince":"","_VenueLat":"","_VenueLng":"","_VenueShowMap":false,"_VenueShowMapLink":false,"footnotes":""},"tags":[],"class_list":["post-12352","page","type-page","status-publish","has-post-thumbnail","hentry"],"yoast_head":"<!-- This site is optimized with the Yoast SEO Premium plugin v23.8 (Yoast SEO v27.0) - https:\/\/yoast.com\/product\/yoast-seo-premium-wordpress\/ -->\n<title>Portes ouvertes - Per Se Nota | Danse th\u00e9rapie<\/title>\n<meta name=\"description\" content=\"Envie de d\u00e9couvrir la danse th\u00e9rapie et le m\u00e9tier de danse th\u00e9rapeute? Vous \u00eates passionn\u00e9 de danse? Rendez vous \u00e0 nos portes ouvertes !!\" \/>\n<meta name=\"robots\" content=\"index, follow, max-snippet:-1, max-image-preview:large, max-video-preview:-1\" \/>\n<link rel=\"canonical\" href=\"https:\/\/formationdansetherapie.com\/en\/portes-ouvertes\/\" \/>\n<meta property=\"og:locale\" content=\"en_US\" \/>\n<meta property=\"og:type\" content=\"article\" \/>\n<meta property=\"og:title\" content=\"Portes ouvertes\" \/>\n<meta property=\"og:description\" content=\"Envie de d\u00e9couvrir la danse th\u00e9rapie et le m\u00e9tier de danse th\u00e9rapeute? Vous \u00eates passionn\u00e9 de danse? Rendez vous \u00e0 nos portes ouvertes !!\" \/>\n<meta property=\"og:url\" content=\"https:\/\/formationdansetherapie.com\/en\/portes-ouvertes\/\" \/>\n<meta property=\"og:site_name\" content=\"Per Se Nota | Danse th\u00e9rapie\" \/>\n<meta property=\"article:modified_time\" content=\"2026-03-20T13:43:44+00:00\" \/>\n<meta property=\"og:image\" content=\"https:\/\/formationdansetherapie.com\/wp-content\/uploads\/2022\/08\/sites-PSN-portes-ouvertes.jpg\" \/>\n\t<meta property=\"og:image:width\" content=\"1920\" \/>\n\t<meta property=\"og:image:height\" content=\"1080\" \/>\n\t<meta property=\"og:image:type\" content=\"image\/jpeg\" \/>\n<meta name=\"twitter:card\" content=\"summary_large_image\" \/>\n<meta name=\"twitter:label1\" content=\"Est. reading time\" \/>\n\t<meta name=\"twitter:data1\" content=\"4 minutes\" \/>\n<script type=\"application\/ld+json\" class=\"yoast-schema-graph\">{\"@context\":\"https:\/\/schema.org\",\"@graph\":[{\"@type\":\"WebPage\",\"@id\":\"https:\/\/formationdansetherapie.com\/portes-ouvertes\/\",\"url\":\"https:\/\/formationdansetherapie.com\/portes-ouvertes\/\",\"name\":\"Portes ouvertes - Per Se Nota | Danse th\u00e9rapie\",\"isPartOf\":{\"@id\":\"https:\/\/formationdansetherapie.com\/#website\"},\"primaryImageOfPage\":{\"@id\":\"https:\/\/formationdansetherapie.com\/portes-ouvertes\/#primaryimage\"},\"image\":{\"@id\":\"https:\/\/formationdansetherapie.com\/portes-ouvertes\/#primaryimage\"},\"thumbnailUrl\":\"https:\/\/formationdansetherapie.com\/wp-content\/uploads\/2022\/08\/sites-PSN-portes-ouvertes.jpg\",\"datePublished\":\"2022-08-24T15:37:27+00:00\",\"dateModified\":\"2026-03-20T13:43:44+00:00\",\"description\":\"Envie de d\u00e9couvrir la danse th\u00e9rapie et le m\u00e9tier de danse th\u00e9rapeute? Vous \u00eates passionn\u00e9 de danse? Rendez vous \u00e0 nos portes ouvertes !!\",\"breadcrumb\":{\"@id\":\"https:\/\/formationdansetherapie.com\/portes-ouvertes\/#breadcrumb\"},\"inLanguage\":\"en-US\",\"potentialAction\":[{\"@type\":\"ReadAction\",\"target\":[\"https:\/\/formationdansetherapie.com\/portes-ouvertes\/\"]}]},{\"@type\":\"ImageObject\",\"inLanguage\":\"en-US\",\"@id\":\"https:\/\/formationdansetherapie.com\/portes-ouvertes\/#primaryimage\",\"url\":\"https:\/\/formationdansetherapie.com\/wp-content\/uploads\/2022\/08\/sites-PSN-portes-ouvertes.jpg\",\"contentUrl\":\"https:\/\/formationdansetherapie.com\/wp-content\/uploads\/2022\/08\/sites-PSN-portes-ouvertes.jpg\",\"width\":1920,\"height\":1080},{\"@type\":\"BreadcrumbList\",\"@id\":\"https:\/\/formationdansetherapie.com\/portes-ouvertes\/#breadcrumb\",\"itemListElement\":[{\"@type\":\"ListItem\",\"position\":1,\"name\":\"Home\",\"item\":\"https:\/\/formationdansetherapie.com\/\"},{\"@type\":\"ListItem\",\"position\":2,\"name\":\"Portes ouvertes\"}]},{\"@type\":\"WebSite\",\"@id\":\"https:\/\/formationdansetherapie.com\/#website\",\"url\":\"https:\/\/formationdansetherapie.com\/\",\"name\":\"Per Se Nota | Danse th\u00e9rapie\",\"description\":\"Formation professionnelle danse th\u00e9rapie - professeur de danse th\u00e9rapie et danse th\u00e9rapeute\",\"potentialAction\":[{\"@type\":\"SearchAction\",\"target\":{\"@type\":\"EntryPoint\",\"urlTemplate\":\"https:\/\/formationdansetherapie.com\/?s={search_term_string}\"},\"query-input\":{\"@type\":\"PropertyValueSpecification\",\"valueRequired\":true,\"valueName\":\"search_term_string\"}}],\"inLanguage\":\"en-US\"}]}<\/script>\n<!-- \/ Yoast SEO Premium plugin. -->","yoast_head_json":{"title":"Portes ouvertes - Per Se Nota | Danse th\u00e9rapie","description":"Envie de d\u00e9couvrir la danse th\u00e9rapie et le m\u00e9tier de danse th\u00e9rapeute? Vous \u00eates passionn\u00e9 de danse? Rendez vous \u00e0 nos portes ouvertes !!","robots":{"index":"index","follow":"follow","max-snippet":"max-snippet:-1","max-image-preview":"max-image-preview:large","max-video-preview":"max-video-preview:-1"},"canonical":"https:\/\/formationdansetherapie.com\/en\/portes-ouvertes\/","og_locale":"en_US","og_type":"article","og_title":"Portes ouvertes","og_description":"Envie de d\u00e9couvrir la danse th\u00e9rapie et le m\u00e9tier de danse th\u00e9rapeute? Vous \u00eates passionn\u00e9 de danse? Rendez vous \u00e0 nos portes ouvertes !!","og_url":"https:\/\/formationdansetherapie.com\/en\/portes-ouvertes\/","og_site_name":"Per Se Nota | Danse th\u00e9rapie","article_modified_time":"2026-03-20T13:43:44+00:00","og_image":[{"width":1920,"height":1080,"url":"https:\/\/formationdansetherapie.com\/wp-content\/uploads\/2022\/08\/sites-PSN-portes-ouvertes.jpg","type":"image\/jpeg"}],"twitter_card":"summary_large_image","twitter_misc":{"Est. reading time":"4 minutes"},"schema":{"@context":"https:\/\/schema.org","@graph":[{"@type":"WebPage","@id":"https:\/\/formationdansetherapie.com\/portes-ouvertes\/","url":"https:\/\/formationdansetherapie.com\/portes-ouvertes\/","name":"Portes ouvertes - Per Se Nota | Danse th\u00e9rapie","isPartOf":{"@id":"https:\/\/formationdansetherapie.com\/#website"},"primaryImageOfPage":{"@id":"https:\/\/formationdansetherapie.com\/portes-ouvertes\/#primaryimage"},"image":{"@id":"https:\/\/formationdansetherapie.com\/portes-ouvertes\/#primaryimage"},"thumbnailUrl":"https:\/\/formationdansetherapie.com\/wp-content\/uploads\/2022\/08\/sites-PSN-portes-ouvertes.jpg","datePublished":"2022-08-24T15:37:27+00:00","dateModified":"2026-03-20T13:43:44+00:00","description":"Envie de d\u00e9couvrir la danse th\u00e9rapie et le m\u00e9tier de danse th\u00e9rapeute? Vous \u00eates passionn\u00e9 de danse? Rendez vous \u00e0 nos portes ouvertes !!","breadcrumb":{"@id":"https:\/\/formationdansetherapie.com\/portes-ouvertes\/#breadcrumb"},"inLanguage":"en-US","potentialAction":[{"@type":"ReadAction","target":["https:\/\/formationdansetherapie.com\/portes-ouvertes\/"]}]},{"@type":"ImageObject","inLanguage":"en-US","@id":"https:\/\/formationdansetherapie.com\/portes-ouvertes\/#primaryimage","url":"https:\/\/formationdansetherapie.com\/wp-content\/uploads\/2022\/08\/sites-PSN-portes-ouvertes.jpg","contentUrl":"https:\/\/formationdansetherapie.com\/wp-content\/uploads\/2022\/08\/sites-PSN-portes-ouvertes.jpg","width":1920,"height":1080},{"@type":"BreadcrumbList","@id":"https:\/\/formationdansetherapie.com\/portes-ouvertes\/#breadcrumb","itemListElement":[{"@type":"ListItem","position":1,"name":"Home","item":"https:\/\/formationdansetherapie.com\/"},{"@type":"ListItem","position":2,"name":"Portes ouvertes"}]},{"@type":"WebSite","@id":"https:\/\/formationdansetherapie.com\/#website","url":"https:\/\/formationdansetherapie.com\/","name":"Per Se Nota | Dance therapy","description":"Formation professionnelle danse th\u00e9rapie - professeur de danse th\u00e9rapie et danse th\u00e9rapeute","potentialAction":[{"@type":"SearchAction","target":{"@type":"EntryPoint","urlTemplate":"https:\/\/formationdansetherapie.com\/?s={search_term_string}"},"query-input":{"@type":"PropertyValueSpecification","valueRequired":true,"valueName":"search_term_string"}}],"inLanguage":"en-US"}]}},"_links":{"self":[{"href":"https:\/\/formationdansetherapie.com\/en\/wp-json\/wp\/v2\/pages\/12352","targetHints":{"allow":["GET"]}}],"collection":[{"href":"https:\/\/formationdansetherapie.com\/en\/wp-json\/wp\/v2\/pages"}],"about":[{"href":"https:\/\/formationdansetherapie.com\/en\/wp-json\/wp\/v2\/types\/page"}],"author":[{"embeddable":true,"href":"https:\/\/formationdansetherapie.com\/en\/wp-json\/wp\/v2\/users\/1"}],"replies":[{"embeddable":true,"href":"https:\/\/formationdansetherapie.com\/en\/wp-json\/wp\/v2\/comments?post=12352"}],"version-history":[{"count":18,"href":"https:\/\/formationdansetherapie.com\/en\/wp-json\/wp\/v2\/pages\/12352\/revisions"}],"predecessor-version":[{"id":20410,"href":"https:\/\/formationdansetherapie.com\/en\/wp-json\/wp\/v2\/pages\/12352\/revisions\/20410"}],"wp:featuredmedia":[{"embeddable":true,"href":"https:\/\/formationdansetherapie.com\/en\/wp-json\/wp\/v2\/media\/12359"}],"wp:attachment":[{"href":"https:\/\/formationdansetherapie.com\/en\/wp-json\/wp\/v2\/media?parent=12352"}],"wp:term":[{"taxonomy":"post_tag","embeddable":true,"href":"https:\/\/formationdansetherapie.com\/en\/wp-json\/wp\/v2\/tags?post=12352"}],"curies":[{"name":"wp","href":"https:\/\/api.w.org\/{rel}","templated":true}]}}